{"id":10346,"date":"2024-12-31T11:53:00","date_gmt":"2024-12-31T10:53:00","guid":{"rendered":"https:\/\/berliner-dampfer.de\/?page_id=10346"},"modified":"2025-08-06T22:24:49","modified_gmt":"2025-08-06T20:24:49","slug":"havelblick","status":"publish","type":"page","link":"https:\/\/berliner-dampfer.de\/?page_id=10346","title":{"rendered":"Havelblick"},"content":{"rendered":"<table style=\"border-collapse: collapse; width: 100%;\">\n<tbody>\n<tr>\n<td style=\"width: 100%; background-color: #ffff00;\"><span style=\"font-family: arial, helvetica, sans-serif;\"><span style=\"font-size: 12pt;\"><span style=\"font-size: 10pt;\">1914<\/span> <span style=\"font-family: arial, helvetica, sans-serif;\"><b>Werner<\/b><\/span> } <span style=\"font-size: 10pt;\">1918<\/span> <b>Tirpitz<\/b><\/span> } <span style=\"font-size: 10pt;\">1946<\/span> <span style=\"font-size: 12pt;\"><b>Rheingold<\/b><\/span> } <span style=\"font-size: 10pt;\">1959 <span style=\"font-size: 12pt;\"><b>See-Haupt<\/b><\/span><\/span> } <span style=\"font-size: 10pt;\">1976 <span style=\"font-size: 12pt;\"><b>Reinickendorf<\/b><\/span><\/span> } <span style=\"font-size: 10pt;\">2024 <span style=\"font-size: 12pt;\"><strong>Havelblick&nbsp;<\/strong><\/span><\/span><\/span><\/p>\n<p><span style=\"font-family: arial, helvetica, sans-serif; font-size: 12pt;\">Reederei L\u00fcdicke: <a href=\"https:\/\/reederei-luedicke.de\/havelblick.htm\" target=\"_blank\" rel=\"noopener\">MS Havelblick<\/a><\/span><\/p>\n<p><span style=\"font-family: arial, helvetica, sans-serif; font-size: 12pt;\">Binnenschifferforum: <a href=\"https:\/\/www.binnenschifferforum.de\/showthread.php?34316-Reinickendorf-FGS-05600770\" target=\"_blank\" rel=\"noopener\">Reinickendorf<\/a><br \/>\nBinnenschifferforum: <a href=\"https:\/\/www.binnenschifferforum.de\/showthread.php?118884-Havelblick-FGS-05600770&amp;p=475483#post475483\" target=\"_blank\" rel=\"noopener\">Havelblick<\/a><\/span><\/p>\n<p><span style=\"font-family: arial, helvetica, sans-serif; font-size: 12pt;\">Geschichtsforum Tegel: <a href=\"https:\/\/geschichtsforum-tegel.berlin\/ms-reinickendorf\/\" target=\"_blank\" rel=\"noopener\">MS Reinickendorf<\/a><\/span><\/p>\n<p><span style=\"font-family: arial, helvetica, sans-serif; font-size: 12pt;\">Wikipedia: <a href=\"https:\/\/de.wikipedia.org\/wiki\/Havelblick\" target=\"_blank\" rel=\"noopener\">Havelblick<\/a><\/span><\/p>\n<p><span style=\"font-family: arial, helvetica, sans-serif; font-size: 12pt;\"><a href=\"https:\/\/www.ddr-binnenschifffahrt.de\/db_verlauf.php?schiffId=4003104\" target=\"_blank\" rel=\"noopener\">Schiffshistorie<\/a> in der Datenbank von Uwe Giesler \/ www.ddr-binnenschifffahrt.de.<\/span><\/td>\n<\/tr>\n<\/tbody>\n<\/table>\n<p>&nbsp;<\/p>\n<table style=\"border-collapse: collapse; width: 100%;\">\n<tbody>\n<tr>\n<td style=\"width: 100%; background-color: #ffd700;\">\n<p style=\"text-align: justify;\"><span style=\"font-family: arial, helvetica, sans-serif; font-size: 12pt;\"><a href=\"https:\/\/berliner-dampfer.de\/?page_id=194\" target=\"_blank\" rel=\"noopener\">Groggert 1988<\/a>, Seite 258<\/span><br \/>\n<span style=\"font-family: arial, helvetica, sans-serif; font-size: 12pt;\">&#8230;Die Schiffsfolge verdichtete sich, als die Generaldirektion Binnenschiffahrt der BVG am 15. Juni 1947 den Dampfer <strong>\u201cRheingold\u201d<\/strong> (ex <strong>\u201cTirpitz\u201d<\/strong>, heute Motorschiff <strong>\u201cReinickendorf\u201d<\/strong>) zuordnete. Im Okober fielen jedoch zwei Dampfer wegen dringend notwendiger Reparaturen aus, und die <strong>\u201cRheingold\u201d<\/strong> wurde im November 1947 wieder abgezogen.<\/span><\/p>\n<p style=\"text-align: justify;\"><span style=\"font-family: arial, helvetica, sans-serif; font-size: 12pt;\">Groggert 1988, Seite 271\/272:<\/span><br \/>\n<span style=\"font-family: arial, helvetica, sans-serif; font-size: 12pt;\">1953 hatte der \u201cReederverband der Westberliner Personenschiffahrt e. V.\u201d, der sich inzwischen konstituiert hatte, 30 Mitgliedsbetriebe mit etwa 60 Schiffen und einem Angebot von insgesamt rund 10.000 Pl\u00e4tzen:<\/span><br \/>\n<span style=\"font-family: arial, helvetica, sans-serif; font-size: 12pt;\">&#8230; Betzin, Franz \/ Berlin-Charlottenburg, Tegeler Weg 23 &#8211; Dampfer <strong>\u201cRheingold\u201d<\/strong> &#8211; 300 Personen<\/span><\/p>\n<p style=\"text-align: justify;\"><span style=\"font-family: arial, helvetica, sans-serif; font-size: 12pt;\">Groggert 1988, Seite 292:<\/span><br \/>\n<span style=\"font-family: arial, helvetica, sans-serif; font-size: 12pt;\">Am 10. Mai 1959 stellte die Reederei Walter Haupt das Motorschiff <strong>\u201cSeehaupt\u201d<\/strong> in Dienst, das durch Umbau aus dem Dampfer <strong>\u201cRheingold\u201d<\/strong> der Reederei Franz Betzin hergestellt worden war. Dieses Schiff hatte die Werft <a href=\"https:\/\/de.wikipedia.org\/wiki\/Gebr._Wiemann\" target=\"_blank\" rel=\"noopener\">Gebr. Wiemann<\/a> in Brandenburg 1914 als Schleppdampfer <strong>\u201cWerner\u201d<\/strong> f\u00fcr den Schiffseigner Heinrich Kauter in Alt-Drewitz erbaut. Die Magdeburger Firma Julius Kr\u00fcmling, die den Schlepper seit 1915 besa\u00df, \u00e4nderte den Namen im April 1918 in <strong>\u201cTirpitz\u201d<\/strong>. F\u00fcr kurze Zeit fuhr die \u201cTirpitz\u201d unter der Flagge der NNVE (Neue Norddeutsche und Vereinigte Elbschiffahrt A.G., Hamburg), die den 31,5 m langen, 5,45 m breiten Schlepper im Februar 1931 an Franz Betzin, Zerpenschleuse, verkaufte. <strong>\u201cTirpitz\u201d<\/strong> erhielt nach Kriegsende den Namen <strong>\u201cRheingold\u201d<\/strong> und fuhr als Personendampfer zeitweilig f\u00fcr die BVG. 1957 erwarb Walter Haupt das Schiff und machte daraus das Motorschiff <strong>\u201cSeehaupt\u201d<\/strong>. Bei der Wahl des Namens spielte auch der Umstand eine Rolle, da\u00df seit 1955 auf dem Starnberger See ein gro\u00dfes, modernes Motorschiff \u201cSeeshaupt\u201d im Betrieb war. 1976 ist die <strong>\u201cSeehaupt\u201d<\/strong> von der Reederei Bethke nach einem Umbau in <strong>\u201cReinickendorf\u201d<\/strong> umgetauft worden. Diesen Namen behielt das Schiff auch nach seiner \u00dcbernahme durch die Reederei Alfred Turczer 1979. Der neue Eigent\u00fcmer lie\u00df die <strong>\u201cReinickendorf\u201d<\/strong> nochmals umbauen. Der f\u00fcr die Schiffswerft Gebr. Wiemann typische gerade Dampfersteven verschwand erst im Winter 1985\/86.<\/span><\/p>\n<p style=\"text-align: justify;\"><span style=\"font-family: arial, helvetica, sans-serif; font-size: 12pt;\">Groggert, Seite 310:<\/span><br \/>\n<span style=\"font-family: arial, helvetica, sans-serif; font-size: 12pt;\">Die Reederei \u201cTurczer\u201d nahm den Betrieb 1988 nicht mehr auf. Die <strong>\u201cReinickendorf\u201d<\/strong> ging an die Reederei M. Bethke&#8230;<\/span><\/p>\n<\/td>\n<\/tr>\n<\/tbody>\n<\/table>\n<p>&nbsp;<\/p>\n<p>&nbsp;<\/p>\n<table style=\"border-collapse: collapse; width: 100%;\">\n<tbody>\n<tr>\n<td style=\"width: 100%; background-color: #ffff00;\"><span style=\"font-family: arial, helvetica, sans-serif; font-size: 12pt;\"><strong>&#8222;Rheingold&#8220;<\/strong> bei einem Betriebsausflug:<\/span><\/p>\n<p><span style=\"font-family: arial, helvetica, sans-serif; font-size: 12pt;\">&#8222;Die Frauen DER <a href=\"https:\/\/de.wikipedia.org\/wiki\/Konsumgenossenschaft_Berlin\" target=\"_blank\" rel=\"noopener\">KONSUM-GENOSSCHENSCHAFT<\/a>&#8230;.&#8220;<\/span><\/p>\n<p><img loading=\"lazy\" decoding=\"async\" class=\"alignnone size-full wp-image-10369\" src=\"https:\/\/berliner-dampfer.de\/wp-content\/uploads\/2025\/01\/1952-ca-Rheingold-Die-Frauen-der-KONSUM-Genossenschaft-klein.jpg\" alt=\"\" width=\"1200\" height=\"788\" srcset=\"https:\/\/berliner-dampfer.de\/wp-content\/uploads\/2025\/01\/1952-ca-Rheingold-Die-Frauen-der-KONSUM-Genossenschaft-klein.jpg 1200w, https:\/\/berliner-dampfer.de\/wp-content\/uploads\/2025\/01\/1952-ca-Rheingold-Die-Frauen-der-KONSUM-Genossenschaft-klein-300x197.jpg 300w, https:\/\/berliner-dampfer.de\/wp-content\/uploads\/2025\/01\/1952-ca-Rheingold-Die-Frauen-der-KONSUM-Genossenschaft-klein-1024x672.jpg 1024w, https:\/\/berliner-dampfer.de\/wp-content\/uploads\/2025\/01\/1952-ca-Rheingold-Die-Frauen-der-KONSUM-Genossenschaft-klein-768x504.jpg 768w\" sizes=\"auto, (max-width: 1200px) 100vw, 1200px\" \/><\/td>\n<\/tr>\n<\/tbody>\n<\/table>\n<p>&nbsp;<\/p>\n<p>&nbsp;<\/p>\n<table style=\"border-collapse: collapse; width: 100%;\">\n<tbody>\n<tr>\n<td style=\"width: 100%; background-color: #ffff00;\"><span style=\"font-family: arial, helvetica, sans-serif; font-size: 12pt;\">Dampfer &#8222;Rheingold&#8220; &#8211; REEDEREI FRANZ BETZIN:<\/span><\/p>\n<p><img loading=\"lazy\" decoding=\"async\" class=\"alignnone size-full wp-image-10371\" src=\"https:\/\/berliner-dampfer.de\/wp-content\/uploads\/2025\/01\/1952-ca-Rheingold-klein.jpg\" alt=\"\" width=\"1200\" height=\"800\" srcset=\"https:\/\/berliner-dampfer.de\/wp-content\/uploads\/2025\/01\/1952-ca-Rheingold-klein.jpg 1200w, https:\/\/berliner-dampfer.de\/wp-content\/uploads\/2025\/01\/1952-ca-Rheingold-klein-300x200.jpg 300w, https:\/\/berliner-dampfer.de\/wp-content\/uploads\/2025\/01\/1952-ca-Rheingold-klein-1024x683.jpg 1024w, https:\/\/berliner-dampfer.de\/wp-content\/uploads\/2025\/01\/1952-ca-Rheingold-klein-768x512.jpg 768w\" sizes=\"auto, (max-width: 1200px) 100vw, 1200px\" \/><\/p>\n<p><span style=\"font-family: arial, helvetica, sans-serif; font-size: 12pt;\">Vergr\u00f6\u00dfert:<\/span><\/p>\n<p><img loading=\"lazy\" decoding=\"async\" class=\"alignnone size-full wp-image-10370\" src=\"https:\/\/berliner-dampfer.de\/wp-content\/uploads\/2025\/01\/1952-ca-Rheingold-REEDEREI-FRANZ-BETZIN-klein-a-1200.jpg\" alt=\"\" width=\"1200\" height=\"365\" srcset=\"https:\/\/berliner-dampfer.de\/wp-content\/uploads\/2025\/01\/1952-ca-Rheingold-REEDEREI-FRANZ-BETZIN-klein-a-1200.jpg 1200w, https:\/\/berliner-dampfer.de\/wp-content\/uploads\/2025\/01\/1952-ca-Rheingold-REEDEREI-FRANZ-BETZIN-klein-a-1200-300x91.jpg 300w, https:\/\/berliner-dampfer.de\/wp-content\/uploads\/2025\/01\/1952-ca-Rheingold-REEDEREI-FRANZ-BETZIN-klein-a-1200-1024x311.jpg 1024w, https:\/\/berliner-dampfer.de\/wp-content\/uploads\/2025\/01\/1952-ca-Rheingold-REEDEREI-FRANZ-BETZIN-klein-a-1200-768x234.jpg 768w\" sizes=\"auto, (max-width: 1200px) 100vw, 1200px\" \/><\/td>\n<\/tr>\n<\/tbody>\n<\/table>\n<p>&nbsp;<\/p>\n<p>&nbsp;<\/p>\n<table style=\"border-collapse: collapse; width: 100%;\">\n<tbody>\n<tr>\n<td style=\"width: 100%; background-color: #ffff00;\"><span style=\"font-family: arial, helvetica, sans-serif; font-size: 12pt;\">&#8222;Rheingold&#8220; an der <a href=\"https:\/\/de.wikipedia.org\/wiki\/Schlo\u00dfbr\u00fccke_(Berlin-Charlottenburg)\">Charlottenburger Schlo\u00dfbr\u00fccke<\/a>.<\/span><\/p>\n<p><img loading=\"lazy\" decoding=\"async\" class=\"alignnone size-full wp-image-10372\" src=\"https:\/\/berliner-dampfer.de\/wp-content\/uploads\/2025\/01\/1953-ca-Rheingold-Schlossbruecke-Charlottenburg-klein.jpg\" alt=\"\" width=\"900\" height=\"1032\" srcset=\"https:\/\/berliner-dampfer.de\/wp-content\/uploads\/2025\/01\/1953-ca-Rheingold-Schlossbruecke-Charlottenburg-klein.jpg 900w, https:\/\/berliner-dampfer.de\/wp-content\/uploads\/2025\/01\/1953-ca-Rheingold-Schlossbruecke-Charlottenburg-klein-262x300.jpg 262w, https:\/\/berliner-dampfer.de\/wp-content\/uploads\/2025\/01\/1953-ca-Rheingold-Schlossbruecke-Charlottenburg-klein-893x1024.jpg 893w, https:\/\/berliner-dampfer.de\/wp-content\/uploads\/2025\/01\/1953-ca-Rheingold-Schlossbruecke-Charlottenburg-klein-768x881.jpg 768w\" sizes=\"auto, (max-width: 900px) 100vw, 900px\" \/><\/td>\n<\/tr>\n<\/tbody>\n<\/table>\n<p>&nbsp;<\/p>\n<p>&nbsp;<\/p>\n<p>&nbsp;<\/p>\n<table style=\"border-collapse: collapse; width: 100%;\">\n<tbody>\n<tr>\n<td style=\"width: 100%; background-color: #ffff00;\"><span style=\"font-family: arial, helvetica, sans-serif; font-size: 12pt;\">&#8222;Rheingold&#8220; auf der Berliner Unterhavel:<\/span><\/p>\n<p><img loading=\"lazy\" decoding=\"async\" class=\"alignnone size-full wp-image-10373\" src=\"https:\/\/berliner-dampfer.de\/wp-content\/uploads\/2025\/01\/1955-10-19-RHEINGOLD-Berlin-Unterhavel-klein.jpg\" alt=\"\" width=\"1200\" height=\"1049\" srcset=\"https:\/\/berliner-dampfer.de\/wp-content\/uploads\/2025\/01\/1955-10-19-RHEINGOLD-Berlin-Unterhavel-klein.jpg 1200w, https:\/\/berliner-dampfer.de\/wp-content\/uploads\/2025\/01\/1955-10-19-RHEINGOLD-Berlin-Unterhavel-klein-300x262.jpg 300w, https:\/\/berliner-dampfer.de\/wp-content\/uploads\/2025\/01\/1955-10-19-RHEINGOLD-Berlin-Unterhavel-klein-1024x895.jpg 1024w, https:\/\/berliner-dampfer.de\/wp-content\/uploads\/2025\/01\/1955-10-19-RHEINGOLD-Berlin-Unterhavel-klein-768x671.jpg 768w\" sizes=\"auto, (max-width: 1200px) 100vw, 1200px\" \/><\/td>\n<\/tr>\n<\/tbody>\n<\/table>\n<p>&nbsp;&nbsp;<\/p>\n<p>&nbsp;<\/p>\n<p>&nbsp;<\/p>\n<p><img loading=\"lazy\" decoding=\"async\" class=\"alignnone size-full wp-image-17386\" src=\"https:\/\/berliner-dampfer.de\/wp-content\/uploads\/2025\/08\/1958-ca-RHEINGOLD-klein.jpg\" alt=\"\" width=\"1200\" height=\"748\" srcset=\"https:\/\/berliner-dampfer.de\/wp-content\/uploads\/2025\/08\/1958-ca-RHEINGOLD-klein.jpg 1200w, https:\/\/berliner-dampfer.de\/wp-content\/uploads\/2025\/08\/1958-ca-RHEINGOLD-klein-300x187.jpg 300w, https:\/\/berliner-dampfer.de\/wp-content\/uploads\/2025\/08\/1958-ca-RHEINGOLD-klein-1024x638.jpg 1024w, https:\/\/berliner-dampfer.de\/wp-content\/uploads\/2025\/08\/1958-ca-RHEINGOLD-klein-768x479.jpg 768w\" sizes=\"auto, (max-width: 1200px) 100vw, 1200px\" \/><\/p>\n<p>&nbsp;<\/p>\n<p>&nbsp;<\/p>\n<p>&nbsp;<\/p>\n<table style=\"border-collapse: collapse; width: 100%;\">\n<tbody>\n<tr>\n<td style=\"width: 100%; background-color: #ffff00;\"><strong><span style=\"font-family: arial, helvetica, sans-serif; font-size: 12pt;\">1961 MS SEE-HAUPT.<\/span><\/strong><\/p>\n<p><img loading=\"lazy\" decoding=\"async\" class=\"alignnone size-full wp-image-10377\" src=\"https:\/\/berliner-dampfer.de\/wp-content\/uploads\/2025\/01\/1961-02-22-See-Haupt-Besatzung-klein.jpg\" alt=\"\" width=\"800\" height=\"897\" srcset=\"https:\/\/berliner-dampfer.de\/wp-content\/uploads\/2025\/01\/1961-02-22-See-Haupt-Besatzung-klein.jpg 800w, https:\/\/berliner-dampfer.de\/wp-content\/uploads\/2025\/01\/1961-02-22-See-Haupt-Besatzung-klein-268x300.jpg 268w, https:\/\/berliner-dampfer.de\/wp-content\/uploads\/2025\/01\/1961-02-22-See-Haupt-Besatzung-klein-768x861.jpg 768w\" sizes=\"auto, (max-width: 800px) 100vw, 800px\" \/><\/p>\n<p><img loading=\"lazy\" decoding=\"async\" class=\"alignnone size-full wp-image-10376\" src=\"https:\/\/berliner-dampfer.de\/wp-content\/uploads\/2025\/01\/1961-ca-See-Haupt-Lesende-Frau-RSoA-klein.jpg\" alt=\"\" width=\"1200\" height=\"771\" srcset=\"https:\/\/berliner-dampfer.de\/wp-content\/uploads\/2025\/01\/1961-ca-See-Haupt-Lesende-Frau-RSoA-klein.jpg 1200w, https:\/\/berliner-dampfer.de\/wp-content\/uploads\/2025\/01\/1961-ca-See-Haupt-Lesende-Frau-RSoA-klein-300x193.jpg 300w, https:\/\/berliner-dampfer.de\/wp-content\/uploads\/2025\/01\/1961-ca-See-Haupt-Lesende-Frau-RSoA-klein-1024x658.jpg 1024w, https:\/\/berliner-dampfer.de\/wp-content\/uploads\/2025\/01\/1961-ca-See-Haupt-Lesende-Frau-RSoA-klein-768x493.jpg 768w\" sizes=\"auto, (max-width: 1200px) 100vw, 1200px\" \/><\/p>\n<p><img loading=\"lazy\" decoding=\"async\" class=\"alignnone size-full wp-image-10374\" src=\"https:\/\/berliner-dampfer.de\/wp-content\/uploads\/2025\/01\/1961-ca-Kapitaen-Horst-Hein-Spandau-klein.jpg\" alt=\"\" width=\"1200\" height=\"813\" srcset=\"https:\/\/berliner-dampfer.de\/wp-content\/uploads\/2025\/01\/1961-ca-Kapitaen-Horst-Hein-Spandau-klein.jpg 1200w, https:\/\/berliner-dampfer.de\/wp-content\/uploads\/2025\/01\/1961-ca-Kapitaen-Horst-Hein-Spandau-klein-300x203.jpg 300w, https:\/\/berliner-dampfer.de\/wp-content\/uploads\/2025\/01\/1961-ca-Kapitaen-Horst-Hein-Spandau-klein-1024x694.jpg 1024w, https:\/\/berliner-dampfer.de\/wp-content\/uploads\/2025\/01\/1961-ca-Kapitaen-Horst-Hein-Spandau-klein-768x520.jpg 768w\" sizes=\"auto, (max-width: 1200px) 100vw, 1200px\" \/><\/p>\n<p><img loading=\"lazy\" decoding=\"async\" class=\"alignnone size-full wp-image-10375\" src=\"https:\/\/berliner-dampfer.de\/wp-content\/uploads\/2025\/01\/1961-ca-Schiff-Fuehrerstand-mit-Mann-Horst-Hein-Berlin-Spandau-klein.jpg\" alt=\"\" width=\"1200\" height=\"812\" srcset=\"https:\/\/berliner-dampfer.de\/wp-content\/uploads\/2025\/01\/1961-ca-Schiff-Fuehrerstand-mit-Mann-Horst-Hein-Berlin-Spandau-klein.jpg 1200w, https:\/\/berliner-dampfer.de\/wp-content\/uploads\/2025\/01\/1961-ca-Schiff-Fuehrerstand-mit-Mann-Horst-Hein-Berlin-Spandau-klein-300x203.jpg 300w, https:\/\/berliner-dampfer.de\/wp-content\/uploads\/2025\/01\/1961-ca-Schiff-Fuehrerstand-mit-Mann-Horst-Hein-Berlin-Spandau-klein-1024x693.jpg 1024w, https:\/\/berliner-dampfer.de\/wp-content\/uploads\/2025\/01\/1961-ca-Schiff-Fuehrerstand-mit-Mann-Horst-Hein-Berlin-Spandau-klein-768x520.jpg 768w\" sizes=\"auto, (max-width: 1200px) 100vw, 1200px\" \/><\/td>\n<\/tr>\n<\/tbody>\n<\/table>\n<p>&nbsp;<\/p>\n<p>&nbsp;<br \/>\n&nbsp;&nbsp;<\/p>\n<p><img loading=\"lazy\" decoding=\"async\" class=\"alignnone size-full wp-image-10378\" src=\"https:\/\/berliner-dampfer.de\/wp-content\/uploads\/2025\/01\/1975-ca-Seehaupt-klein.jpg\" alt=\"\" width=\"1200\" height=\"841\" srcset=\"https:\/\/berliner-dampfer.de\/wp-content\/uploads\/2025\/01\/1975-ca-Seehaupt-klein.jpg 1200w, https:\/\/berliner-dampfer.de\/wp-content\/uploads\/2025\/01\/1975-ca-Seehaupt-klein-300x210.jpg 300w, https:\/\/berliner-dampfer.de\/wp-content\/uploads\/2025\/01\/1975-ca-Seehaupt-klein-1024x718.jpg 1024w, https:\/\/berliner-dampfer.de\/wp-content\/uploads\/2025\/01\/1975-ca-Seehaupt-klein-768x538.jpg 768w\" sizes=\"auto, (max-width: 1200px) 100vw, 1200px\" \/><\/p>\n<p>&nbsp;<\/p>\n<p>&nbsp;<\/p>\n<p>&nbsp;<\/p>\n<p><img loading=\"lazy\" decoding=\"async\" class=\"alignnone size-full wp-image-10379\" src=\"https:\/\/berliner-dampfer.de\/wp-content\/uploads\/2025\/01\/1986-ca-RHEINICKENDORF-Groggert-1988-Seite-291-1200.jpg\" alt=\"\" width=\"1200\" height=\"731\" srcset=\"https:\/\/berliner-dampfer.de\/wp-content\/uploads\/2025\/01\/1986-ca-RHEINICKENDORF-Groggert-1988-Seite-291-1200.jpg 1200w, https:\/\/berliner-dampfer.de\/wp-content\/uploads\/2025\/01\/1986-ca-RHEINICKENDORF-Groggert-1988-Seite-291-1200-300x183.jpg 300w, https:\/\/berliner-dampfer.de\/wp-content\/uploads\/2025\/01\/1986-ca-RHEINICKENDORF-Groggert-1988-Seite-291-1200-1024x624.jpg 1024w, https:\/\/berliner-dampfer.de\/wp-content\/uploads\/2025\/01\/1986-ca-RHEINICKENDORF-Groggert-1988-Seite-291-1200-768x468.jpg 768w\" sizes=\"auto, (max-width: 1200px) 100vw, 1200px\" \/><\/p>\n<p>&nbsp;<\/p>\n<p>&nbsp;<\/p>\n<table style=\"border-collapse: collapse; width: 100%;\">\n<tbody>\n<tr>\n<td style=\"width: 50%; background-color: #ffff00; text-align: left; vertical-align: top;\">\n<p style=\"text-align: justify;\"><span style=\"font-family: arial, helvetica, sans-serif; font-size: 12pt;\"><a href=\"https:\/\/www.orniberlin.de\/\" target=\"_blank\" rel=\"noopener\">Berliner Ornithologische Arbeitsgemeinschaft<\/a> (BOA)<\/span><\/p>\n<p style=\"text-align: justify;\"><strong><span style=\"font-family: arial, helvetica, sans-serif; font-size: 12pt;\">Einige bermerkenswerte Brutpl\u00e4tze der <a href=\"https:\/\/de.wikipedia.org\/wiki\/Rauchschwalbe\" target=\"_blank\" rel=\"noopener\">Rauchschwalbe<\/a> in Berlin:<\/span><\/strong><\/p>\n<p style=\"text-align: justify;\"><span style=\"font-family: arial, helvetica, sans-serif; font-size: 12pt;\"><strong>1994<\/strong>: 2 Nester auf dem Motorschiff <strong>&#8222;Reinickendorf&#8220;<\/strong> mit Standort <a href=\"https:\/\/de.wikipedia.org\/wiki\/Tegeler_See\" target=\"_blank\" rel=\"noopener\">Tegeler See<\/a>, diese wurden auch bei Ausflugsfahrten zur Oberhavel weiterhin angeflogen.<\/span><\/p>\n<p><span style=\"font-family: arial, helvetica, sans-serif; font-size: 12pt;\"><strong>1995<\/strong>: Nest mit 4 Jungv\u00f6gel im F\u00e4hrschiff <strong>&#8222;Louise&#8220;<\/strong> der Pfaueninsel<\/span><\/td>\n<td style=\"width: 50%; background-color: #ffff00; text-align: left; vertical-align: top;\"><img loading=\"lazy\" decoding=\"async\" class=\"alignnone size-full wp-image-10391\" src=\"https:\/\/berliner-dampfer.de\/wp-content\/uploads\/2025\/01\/1994-und-1995-BOA-Rauchschwalbe-FGS-Reinickendorf-und-Faehre-LOUISE-alt.jpg\" alt=\"\" width=\"504\" height=\"140\" srcset=\"https:\/\/berliner-dampfer.de\/wp-content\/uploads\/2025\/01\/1994-und-1995-BOA-Rauchschwalbe-FGS-Reinickendorf-und-Faehre-LOUISE-alt.jpg 504w, https:\/\/berliner-dampfer.de\/wp-content\/uploads\/2025\/01\/1994-und-1995-BOA-Rauchschwalbe-FGS-Reinickendorf-und-Faehre-LOUISE-alt-300x83.jpg 300w\" sizes=\"auto, (max-width: 504px) 100vw, 504px\" \/><\/td>\n<\/tr>\n<\/tbody>\n<\/table>\n<p>&nbsp;<\/p>\n<p>&nbsp;<\/p>\n<p><img loading=\"lazy\" decoding=\"async\" class=\"alignnone size-full wp-image-10381\" src=\"https:\/\/berliner-dampfer.de\/wp-content\/uploads\/2025\/01\/2005-04-05-Reinickendorf-Roskowetz-klein.jpg\" alt=\"\" width=\"1200\" height=\"675\" srcset=\"https:\/\/berliner-dampfer.de\/wp-content\/uploads\/2025\/01\/2005-04-05-Reinickendorf-Roskowetz-klein.jpg 1200w, https:\/\/berliner-dampfer.de\/wp-content\/uploads\/2025\/01\/2005-04-05-Reinickendorf-Roskowetz-klein-300x169.jpg 300w, https:\/\/berliner-dampfer.de\/wp-content\/uploads\/2025\/01\/2005-04-05-Reinickendorf-Roskowetz-klein-1024x576.jpg 1024w, https:\/\/berliner-dampfer.de\/wp-content\/uploads\/2025\/01\/2005-04-05-Reinickendorf-Roskowetz-klein-768x432.jpg 768w\" sizes=\"auto, (max-width: 1200px) 100vw, 1200px\" \/><\/p>\n<p>&nbsp;<\/p>\n<p>&nbsp;<\/p>\n<p><img loading=\"lazy\" decoding=\"async\" class=\"alignnone size-full wp-image-10382\" src=\"https:\/\/berliner-dampfer.de\/wp-content\/uploads\/2025\/01\/2005-04-30-Reinickendorf-1-Roskowetz-klein.jpg\" alt=\"\" width=\"1200\" height=\"675\" srcset=\"https:\/\/berliner-dampfer.de\/wp-content\/uploads\/2025\/01\/2005-04-30-Reinickendorf-1-Roskowetz-klein.jpg 1200w, https:\/\/berliner-dampfer.de\/wp-content\/uploads\/2025\/01\/2005-04-30-Reinickendorf-1-Roskowetz-klein-300x169.jpg 300w, https:\/\/berliner-dampfer.de\/wp-content\/uploads\/2025\/01\/2005-04-30-Reinickendorf-1-Roskowetz-klein-1024x576.jpg 1024w, https:\/\/berliner-dampfer.de\/wp-content\/uploads\/2025\/01\/2005-04-30-Reinickendorf-1-Roskowetz-klein-768x432.jpg 768w\" sizes=\"auto, (max-width: 1200px) 100vw, 1200px\" \/><\/p>\n<p>&nbsp;<\/p>\n<p>&nbsp;<\/p>\n<p><img loading=\"lazy\" decoding=\"async\" class=\"alignnone size-full wp-image-10383\" src=\"https:\/\/berliner-dampfer.de\/wp-content\/uploads\/2025\/01\/2006-06-11-Reinickendorf1-Roskowetz-klein.jpg\" alt=\"\" width=\"1200\" height=\"675\" srcset=\"https:\/\/berliner-dampfer.de\/wp-content\/uploads\/2025\/01\/2006-06-11-Reinickendorf1-Roskowetz-klein.jpg 1200w, https:\/\/berliner-dampfer.de\/wp-content\/uploads\/2025\/01\/2006-06-11-Reinickendorf1-Roskowetz-klein-300x169.jpg 300w, https:\/\/berliner-dampfer.de\/wp-content\/uploads\/2025\/01\/2006-06-11-Reinickendorf1-Roskowetz-klein-1024x576.jpg 1024w, https:\/\/berliner-dampfer.de\/wp-content\/uploads\/2025\/01\/2006-06-11-Reinickendorf1-Roskowetz-klein-768x432.jpg 768w\" sizes=\"auto, (max-width: 1200px) 100vw, 1200px\" \/><\/p>\n<p>&nbsp;<\/p>\n<p>&nbsp;<\/p>\n<table style=\"border-collapse: collapse; width: 100%;\">\n<tbody>\n<tr>\n<td style=\"width: 100%; background-color: #ffff00;\"><span style=\"font-family: arial, helvetica, sans-serif; font-size: 12pt;\">03.06.2012 <\/span><span style=\"font-family: arial, helvetica, sans-serif; font-size: 12pt;\">Polizeich Berlin: <strong>Massenschl\u00e4gerei auf dem Fahrgastschiff Reinickendorf<\/strong><\/span><\/p>\n<p><img loading=\"lazy\" decoding=\"async\" class=\"alignnone size-full wp-image-10384\" src=\"https:\/\/berliner-dampfer.de\/wp-content\/uploads\/2025\/01\/2012-06-03-Polizei-Berlin-Masenschlaegerei.jpg\" alt=\"\" width=\"649\" height=\"442\" srcset=\"https:\/\/berliner-dampfer.de\/wp-content\/uploads\/2025\/01\/2012-06-03-Polizei-Berlin-Masenschlaegerei.jpg 649w, https:\/\/berliner-dampfer.de\/wp-content\/uploads\/2025\/01\/2012-06-03-Polizei-Berlin-Masenschlaegerei-300x204.jpg 300w\" sizes=\"auto, (max-width: 649px) 100vw, 649px\" \/><\/td>\n<\/tr>\n<\/tbody>\n<\/table>\n<p>&nbsp;<\/p>\n<p>&nbsp;<\/p>\n<p>&nbsp;<\/p>\n<p>&nbsp;<\/p>\n<p>&nbsp;<\/p>\n<p>&nbsp;<\/p>\n<p>&nbsp;<\/p>\n<p><span style=\"text-decoration: underline;\"><span style=\"font-family: arial, helvetica, sans-serif; font-size: 12pt;\">Zuletzt bearbeitet 06.08.2025<br \/>\n<\/span><\/span><\/p>\n","protected":false},"excerpt":{"rendered":"<p>1914 Werner } 1918 Tirpitz } 1946 Rheingold } 1959 See-Haupt } 1976 Reinickendorf } 2024 Havelblick&nbsp; Reederei L\u00fcdicke: MS Havelblick Binnenschifferforum: Reinickendorf Binnenschifferforum: Havelblick&hellip;<\/p>\n","protected":false},"author":1,"featured_media":0,"parent":0,"menu_order":0,"comment_status":"closed","ping_status":"closed","template":"","meta":{"ngg_post_thumbnail":0,"iawp_total_views":28,"footnotes":""},"class_list":["post-10346","page","type-page","status-publish","hentry"],"_links":{"self":[{"href":"https:\/\/berliner-dampfer.de\/index.php?rest_route=\/wp\/v2\/pages\/10346","targetHints":{"allow":["GET"]}}],"collection":[{"href":"https:\/\/berliner-dampfer.de\/index.php?rest_route=\/wp\/v2\/pages"}],"about":[{"href":"https:\/\/berliner-dampfer.de\/index.php?rest_route=\/wp\/v2\/types\/page"}],"author":[{"embeddable":true,"href":"https:\/\/berliner-dampfer.de\/index.php?rest_route=\/wp\/v2\/users\/1"}],"replies":[{"embeddable":true,"href":"https:\/\/berliner-dampfer.de\/index.php?rest_route=%2Fwp%2Fv2%2Fcomments&post=10346"}],"version-history":[{"count":23,"href":"https:\/\/berliner-dampfer.de\/index.php?rest_route=\/wp\/v2\/pages\/10346\/revisions"}],"predecessor-version":[{"id":17399,"href":"https:\/\/berliner-dampfer.de\/index.php?rest_route=\/wp\/v2\/pages\/10346\/revisions\/17399"}],"wp:attachment":[{"href":"https:\/\/berliner-dampfer.de\/index.php?rest_route=%2Fwp%2Fv2%2Fmedia&parent=10346"}],"curies":[{"name":"wp","href":"https:\/\/api.w.org\/{rel}","templated":true}]}}