{"id":10595,"date":"2025-01-09T17:02:26","date_gmt":"2025-01-09T16:02:26","guid":{"rendered":"https:\/\/berliner-dampfer.de\/?page_id=10595"},"modified":"2025-09-08T07:38:54","modified_gmt":"2025-09-08T05:38:54","slug":"rheinland","status":"publish","type":"page","link":"https:\/\/berliner-dampfer.de\/?page_id=10595","title":{"rendered":"Rheinland (1937)"},"content":{"rendered":"<table style=\"border-collapse: collapse; width: 100%; height: 24px;\">\n<tbody>\n<tr style=\"height: 24px;\">\n<td style=\"width: 100%; background-color: #ffff00; height: 24px;\"><span style=\"font-family: arial, helvetica, sans-serif; font-size: 12pt;\"><span style=\"font-size: 10pt;\">1937<\/span> <strong>Rheinland<\/strong><\/span><\/p>\n<p><span style=\"font-family: arial, helvetica, sans-serif; font-size: 12pt;\">Schiffsservice Berlin Ingo Gersbeck: <a href=\"https:\/\/schiffsservice.de\/ms_rheinland\/\" target=\"_blank\" rel=\"noopener\">MS Rheinland<\/a> und <a href=\"https:\/\/msrheinland.wordpress.com\/\" target=\"_blank\" rel=\"noopener\">MS Rheinland (WordPress)<\/a><\/span><\/p>\n<p><span style=\"font-family: arial, helvetica, sans-serif; font-size: 12pt;\">Binnenschifferforum: <a href=\"https:\/\/www.binnenschifferforum.de\/showthread.php?74494-Rheinland-FGS-Baujahr-1936\" target=\"_blank\" rel=\"noopener\">Rheinland<\/a><\/span><\/p>\n<p><span style=\"font-family: arial, helvetica, sans-serif; font-size: 12pt;\">Wikipedia: <a href=\"https:\/\/de.wikipedia.org\/wiki\/Rheinland_(Schiff,_1936)\" target=\"_blank\" rel=\"noopener\">Rheinland (Schiff, 1936)<\/a><\/span><\/p>\n<p><span style=\"font-family: arial, helvetica, sans-serif; font-size: 12pt;\"><a href=\"https:\/\/www.ddr-binnenschifffahrt.de\/db_verlauf.php?schiffId=4003055\" target=\"_blank\" rel=\"noopener\">Schiffshistorie<\/a> in der Datenbank von Uwe Giesler \/ www.ddr-binnenschifffahrt.de.<\/span><\/td>\n<\/tr>\n<\/tbody>\n<\/table>\n<p>&nbsp;<\/p>\n<table style=\"border-collapse: collapse; width: 100%;\">\n<tbody>\n<tr>\n<td style=\"width: 100%; background-color: #ffd700;\">\n<p style=\"text-align: justify;\"><span style=\"font-family: arial, helvetica, sans-serif; font-size: 12pt;\"><a href=\"https:\/\/berliner-dampfer.de\/?page_id=194\" target=\"_blank\" rel=\"noopener\">Groggert 1988<\/a>, Seite 230:<\/span><br \/>\n<span style=\"font-family: arial, helvetica, sans-serif; font-size: 12pt;\">F\u00fcr die Reederei David baute die Werft Gebr. Winkler, &#8230; , 1937 das Motorschiff <strong>\u201cRheinland&#8220;<\/strong>. &#8230;<\/span><\/p>\n<p style=\"text-align: justify;\"><span style=\"font-family: arial, helvetica, sans-serif; font-size: 12pt;\">Groggert 1988, Seite 306:<\/span><br \/>\n<span style=\"font-family: arial, helvetica, sans-serif; font-size: 12pt;\">In den fr\u00fchen Morgenstunden des 31. Dezember 1977 zerst\u00f6rte ein Gro\u00dffeuer sechs der an der Eiswerderbr\u00fccke in Spandau \u00fcberwinternden Fahrgastschiffe verschiedener Reedereien. Das Feuer war gegen 4 Uhr entdeckt worden. Die Feuerwehr setzte neben zwei L\u00f6schz\u00fcgen auch ein L\u00f6schboot ein. Trotz st\u00fcrmischen Wetters konnte ein \u00dcbergreifen des Brandes auf weitere Schiffe verhindert werden. Das gro\u00dfe Motorschiff \u201c<a href=\"https:\/\/berliner-dampfer.de\/?page_id=1587\" target=\"_blank\" rel=\"noopener\">Brandenburger Tor<\/a>\u201d der Reederei Triebler brannte vollst\u00e4ndig aus, so da\u00df die Platten zwischen dem Hauptdeck und dem unteren Deck sich durchbogen. Stark besch\u00e4digt wurde das Motorschiff \u201c<b>Rheinland<\/b>\u201d der Reederei Kr\u00fcger (fr\u00fcher David). Weiterhin entstanden Brandsch\u00e4den an den Motorschiffen <a href=\"https:\/\/berliner-dampfer.de\/?page_id=3557\" target=\"_blank\" rel=\"noopener\">\u201cGisela\u201d<\/a> (Reederei Foge), \u201cSpree-Athen\u201d (Reederei Kr\u00fcger, ex \u201cDockenhuden\u201d) und \u201c<a href=\"https:\/\/berliner-dampfer.de\/?page_id=4365\" target=\"_blank\" rel=\"noopener\">Heiterkeit<\/a>\u201d (Reederei Schmidt, ex \u201cKarl-Wilhelm\u201d).<\/span><br \/>\n<span style=\"font-family: arial, helvetica, sans-serif; font-size: 12pt;\">Bis auf das Motorschiff <a href=\"https:\/\/berliner-dampfer.de\/?page_id=4900\" target=\"_blank\" rel=\"noopener\">\u201cInsulaner\u201d<\/a>, dessen Wrack an einen Liegeplatz vor der Schleuse Pl\u00f6tzensee geschleppt wurde, <b>konnten alle Schiffe im Laufe der Zeit wieder instandgesetzt oder neu aufgebaut werden<\/b>. Zuletzt kam das fr\u00fchere Motorschiff \u201cBrandenburger Tor\u201d im Fr\u00fchjahr 1979 wieder in Fahrt. Am 01. April 1969 hatte die Stern und Kreisschiffahrt das Motorschiff <a href=\"https:\/\/berliner-dampfer.de\/?page_id=6827\" target=\"_blank\" rel=\"noopener\">\u201cBerolina\u201d<\/a> (fr\u00fcher Reederei Frost) in <a href=\"https:\/\/berliner-dampfer.de\/?page_id=6827\" target=\"_blank\" rel=\"noopener\">\u201cNeptun\u201d<\/a> umgetauft, so da\u00df die Reederei Triebler ihr wieder fahrbereites, neu eingerichtetes Motorschiff nun \u201cBerolina\u201d taufen konnte.<\/span><\/p>\n<\/td>\n<\/tr>\n<\/tbody>\n<\/table>\n<p>&nbsp;<\/p>\n<p>&nbsp;<\/p>\n<p>&nbsp;<\/p>\n<p>&nbsp;<\/p>\n<p><img loading=\"lazy\" decoding=\"async\" class=\"alignnone size-full wp-image-10605\" src=\"https:\/\/berliner-dampfer.de\/wp-content\/uploads\/2025\/01\/1943-ca-Rheinland-klein.jpg\" alt=\"\" width=\"1200\" height=\"876\" srcset=\"https:\/\/berliner-dampfer.de\/wp-content\/uploads\/2025\/01\/1943-ca-Rheinland-klein.jpg 1200w, https:\/\/berliner-dampfer.de\/wp-content\/uploads\/2025\/01\/1943-ca-Rheinland-klein-300x219.jpg 300w, https:\/\/berliner-dampfer.de\/wp-content\/uploads\/2025\/01\/1943-ca-Rheinland-klein-1024x748.jpg 1024w, https:\/\/berliner-dampfer.de\/wp-content\/uploads\/2025\/01\/1943-ca-Rheinland-klein-768x561.jpg 768w\" sizes=\"auto, (max-width: 1200px) 100vw, 1200px\" \/><\/p>\n<p>&nbsp;<\/p>\n<p>&nbsp;<\/p>\n<p>&nbsp;<\/p>\n<p><a href=\"https:\/\/berliner-dampfer.de\/wp-content\/uploads\/2025\/09\/1954-08-06-RHEINLAND-klein.jpg\"><img loading=\"lazy\" decoding=\"async\" class=\"alignnone size-full wp-image-17469\" src=\"https:\/\/berliner-dampfer.de\/wp-content\/uploads\/2025\/09\/1954-08-06-RHEINLAND-klein.jpg\" alt=\"\" width=\"1200\" height=\"834\" srcset=\"https:\/\/berliner-dampfer.de\/wp-content\/uploads\/2025\/09\/1954-08-06-RHEINLAND-klein.jpg 1200w, https:\/\/berliner-dampfer.de\/wp-content\/uploads\/2025\/09\/1954-08-06-RHEINLAND-klein-300x209.jpg 300w, https:\/\/berliner-dampfer.de\/wp-content\/uploads\/2025\/09\/1954-08-06-RHEINLAND-klein-1024x712.jpg 1024w, https:\/\/berliner-dampfer.de\/wp-content\/uploads\/2025\/09\/1954-08-06-RHEINLAND-klein-768x534.jpg 768w\" sizes=\"auto, (max-width: 1200px) 100vw, 1200px\" \/><\/a><\/p>\n<p>&nbsp;<\/p>\n<p>&nbsp;<\/p>\n<p>&nbsp;<\/p>\n<table style=\"border-collapse: collapse; width: 100%;\">\n<tbody>\n<tr>\n<td style=\"width: 100%; background-color: #ffff00;\"><span style=\"font-family: arial, helvetica, sans-serif; font-size: 12pt;\">Aufnahmejahr unbekannt, ich sch\u00e4tze um 1968:<\/span><\/p>\n<p><img loading=\"lazy\" decoding=\"async\" class=\"alignnone size-full wp-image-13314\" src=\"https:\/\/berliner-dampfer.de\/wp-content\/uploads\/2025\/02\/1965-ca-RHEINLAND-01-klein.jpg\" alt=\"\" width=\"1200\" height=\"757\" srcset=\"https:\/\/berliner-dampfer.de\/wp-content\/uploads\/2025\/02\/1965-ca-RHEINLAND-01-klein.jpg 1200w, https:\/\/berliner-dampfer.de\/wp-content\/uploads\/2025\/02\/1965-ca-RHEINLAND-01-klein-300x189.jpg 300w, https:\/\/berliner-dampfer.de\/wp-content\/uploads\/2025\/02\/1965-ca-RHEINLAND-01-klein-1024x646.jpg 1024w, https:\/\/berliner-dampfer.de\/wp-content\/uploads\/2025\/02\/1965-ca-RHEINLAND-01-klein-768x484.jpg 768w\" sizes=\"auto, (max-width: 1200px) 100vw, 1200px\" \/><\/p>\n<p><img loading=\"lazy\" decoding=\"async\" class=\"alignnone size-full wp-image-13316\" src=\"https:\/\/berliner-dampfer.de\/wp-content\/uploads\/2025\/02\/1965-ca-RHEINLAND-03-klein.jpg\" alt=\"\" width=\"1200\" height=\"802\" srcset=\"https:\/\/berliner-dampfer.de\/wp-content\/uploads\/2025\/02\/1965-ca-RHEINLAND-03-klein.jpg 1200w, https:\/\/berliner-dampfer.de\/wp-content\/uploads\/2025\/02\/1965-ca-RHEINLAND-03-klein-300x201.jpg 300w, https:\/\/berliner-dampfer.de\/wp-content\/uploads\/2025\/02\/1965-ca-RHEINLAND-03-klein-1024x684.jpg 1024w, https:\/\/berliner-dampfer.de\/wp-content\/uploads\/2025\/02\/1965-ca-RHEINLAND-03-klein-768x513.jpg 768w\" sizes=\"auto, (max-width: 1200px) 100vw, 1200px\" \/><\/p>\n<p><img loading=\"lazy\" decoding=\"async\" class=\"alignnone size-full wp-image-13317\" src=\"https:\/\/berliner-dampfer.de\/wp-content\/uploads\/2025\/02\/1965-ca-RHEINLAND-04-klein.jpg\" alt=\"\" width=\"1200\" height=\"804\" srcset=\"https:\/\/berliner-dampfer.de\/wp-content\/uploads\/2025\/02\/1965-ca-RHEINLAND-04-klein.jpg 1200w, https:\/\/berliner-dampfer.de\/wp-content\/uploads\/2025\/02\/1965-ca-RHEINLAND-04-klein-300x201.jpg 300w, https:\/\/berliner-dampfer.de\/wp-content\/uploads\/2025\/02\/1965-ca-RHEINLAND-04-klein-1024x686.jpg 1024w, https:\/\/berliner-dampfer.de\/wp-content\/uploads\/2025\/02\/1965-ca-RHEINLAND-04-klein-768x515.jpg 768w\" sizes=\"auto, (max-width: 1200px) 100vw, 1200px\" \/><\/p>\n<p><img loading=\"lazy\" decoding=\"async\" class=\"alignnone size-full wp-image-13318\" src=\"https:\/\/berliner-dampfer.de\/wp-content\/uploads\/2025\/02\/1965-ca-RHEINLAND-05-klein.jpg\" alt=\"\" width=\"1200\" height=\"805\" srcset=\"https:\/\/berliner-dampfer.de\/wp-content\/uploads\/2025\/02\/1965-ca-RHEINLAND-05-klein.jpg 1200w, https:\/\/berliner-dampfer.de\/wp-content\/uploads\/2025\/02\/1965-ca-RHEINLAND-05-klein-300x201.jpg 300w, https:\/\/berliner-dampfer.de\/wp-content\/uploads\/2025\/02\/1965-ca-RHEINLAND-05-klein-1024x687.jpg 1024w, https:\/\/berliner-dampfer.de\/wp-content\/uploads\/2025\/02\/1965-ca-RHEINLAND-05-klein-768x515.jpg 768w\" sizes=\"auto, (max-width: 1200px) 100vw, 1200px\" \/><\/p>\n<p><img loading=\"lazy\" decoding=\"async\" class=\"alignnone size-full wp-image-13319\" src=\"https:\/\/berliner-dampfer.de\/wp-content\/uploads\/2025\/02\/1965-ca-RHEINLAND-06-klein.jpg\" alt=\"\" width=\"1200\" height=\"745\" srcset=\"https:\/\/berliner-dampfer.de\/wp-content\/uploads\/2025\/02\/1965-ca-RHEINLAND-06-klein.jpg 1200w, https:\/\/berliner-dampfer.de\/wp-content\/uploads\/2025\/02\/1965-ca-RHEINLAND-06-klein-300x186.jpg 300w, https:\/\/berliner-dampfer.de\/wp-content\/uploads\/2025\/02\/1965-ca-RHEINLAND-06-klein-1024x636.jpg 1024w, https:\/\/berliner-dampfer.de\/wp-content\/uploads\/2025\/02\/1965-ca-RHEINLAND-06-klein-768x477.jpg 768w\" sizes=\"auto, (max-width: 1200px) 100vw, 1200px\" \/><\/td>\n<\/tr>\n<\/tbody>\n<\/table>\n<p>&nbsp;<\/p>\n<p>&nbsp;<\/p>\n<p>&nbsp;<\/p>\n<p><img loading=\"lazy\" decoding=\"async\" class=\"alignnone size-full wp-image-10606\" src=\"https:\/\/berliner-dampfer.de\/wp-content\/uploads\/2025\/01\/1978-06-13-MS-Rheinland-klein.jpg\" alt=\"\" width=\"1200\" height=\"780\" srcset=\"https:\/\/berliner-dampfer.de\/wp-content\/uploads\/2025\/01\/1978-06-13-MS-Rheinland-klein.jpg 1200w, https:\/\/berliner-dampfer.de\/wp-content\/uploads\/2025\/01\/1978-06-13-MS-Rheinland-klein-300x195.jpg 300w, https:\/\/berliner-dampfer.de\/wp-content\/uploads\/2025\/01\/1978-06-13-MS-Rheinland-klein-1024x666.jpg 1024w, https:\/\/berliner-dampfer.de\/wp-content\/uploads\/2025\/01\/1978-06-13-MS-Rheinland-klein-768x499.jpg 768w\" sizes=\"auto, (max-width: 1200px) 100vw, 1200px\" \/><\/p>\n<p>&nbsp;<\/p>\n<p>&nbsp;<\/p>\n<p>&nbsp;<\/p>\n<p><img loading=\"lazy\" decoding=\"async\" class=\"size-full wp-image-10607\" src=\"https:\/\/berliner-dampfer.de\/wp-content\/uploads\/2025\/01\/2004-04-24-Rheinland-Roskowetz-klein.jpg\" alt=\"\" width=\"1200\" height=\"675\" srcset=\"https:\/\/berliner-dampfer.de\/wp-content\/uploads\/2025\/01\/2004-04-24-Rheinland-Roskowetz-klein.jpg 1200w, https:\/\/berliner-dampfer.de\/wp-content\/uploads\/2025\/01\/2004-04-24-Rheinland-Roskowetz-klein-300x169.jpg 300w, https:\/\/berliner-dampfer.de\/wp-content\/uploads\/2025\/01\/2004-04-24-Rheinland-Roskowetz-klein-1024x576.jpg 1024w, https:\/\/berliner-dampfer.de\/wp-content\/uploads\/2025\/01\/2004-04-24-Rheinland-Roskowetz-klein-768x432.jpg 768w\" sizes=\"auto, (max-width: 1200px) 100vw, 1200px\" \/><\/p>\n<p>&nbsp;<\/p>\n<p>&nbsp;<\/p>\n<p><img loading=\"lazy\" decoding=\"async\" class=\"alignnone size-full wp-image-10608\" src=\"https:\/\/berliner-dampfer.de\/wp-content\/uploads\/2025\/01\/2005-04-03-Anleger-Wannsee-Roskowetz-klein.jpg\" alt=\"\" width=\"1200\" height=\"675\" srcset=\"https:\/\/berliner-dampfer.de\/wp-content\/uploads\/2025\/01\/2005-04-03-Anleger-Wannsee-Roskowetz-klein.jpg 1200w, https:\/\/berliner-dampfer.de\/wp-content\/uploads\/2025\/01\/2005-04-03-Anleger-Wannsee-Roskowetz-klein-300x169.jpg 300w, https:\/\/berliner-dampfer.de\/wp-content\/uploads\/2025\/01\/2005-04-03-Anleger-Wannsee-Roskowetz-klein-1024x576.jpg 1024w, https:\/\/berliner-dampfer.de\/wp-content\/uploads\/2025\/01\/2005-04-03-Anleger-Wannsee-Roskowetz-klein-768x432.jpg 768w\" sizes=\"auto, (max-width: 1200px) 100vw, 1200px\" \/><\/p>\n<p>&nbsp;<\/p>\n<p>&nbsp;<\/p>\n<p><img loading=\"lazy\" decoding=\"async\" class=\"alignnone size-full wp-image-10609\" src=\"https:\/\/berliner-dampfer.de\/wp-content\/uploads\/2025\/01\/2006-09-10-CIMG0779-Rheinland-klein.jpg\" alt=\"\" width=\"1200\" height=\"675\" srcset=\"https:\/\/berliner-dampfer.de\/wp-content\/uploads\/2025\/01\/2006-09-10-CIMG0779-Rheinland-klein.jpg 1200w, https:\/\/berliner-dampfer.de\/wp-content\/uploads\/2025\/01\/2006-09-10-CIMG0779-Rheinland-klein-300x169.jpg 300w, https:\/\/berliner-dampfer.de\/wp-content\/uploads\/2025\/01\/2006-09-10-CIMG0779-Rheinland-klein-1024x576.jpg 1024w, https:\/\/berliner-dampfer.de\/wp-content\/uploads\/2025\/01\/2006-09-10-CIMG0779-Rheinland-klein-768x432.jpg 768w\" sizes=\"auto, (max-width: 1200px) 100vw, 1200px\" \/><\/p>\n<p>&nbsp;<\/p>\n<p>&nbsp;<\/p>\n<p><img loading=\"lazy\" decoding=\"async\" class=\"alignnone size-full wp-image-10610\" src=\"https:\/\/berliner-dampfer.de\/wp-content\/uploads\/2025\/01\/2007-08-19-CIMG0039-Rheinland-klein.jpg\" alt=\"\" width=\"1200\" height=\"900\" srcset=\"https:\/\/berliner-dampfer.de\/wp-content\/uploads\/2025\/01\/2007-08-19-CIMG0039-Rheinland-klein.jpg 1200w, https:\/\/berliner-dampfer.de\/wp-content\/uploads\/2025\/01\/2007-08-19-CIMG0039-Rheinland-klein-300x225.jpg 300w, https:\/\/berliner-dampfer.de\/wp-content\/uploads\/2025\/01\/2007-08-19-CIMG0039-Rheinland-klein-1024x768.jpg 1024w, https:\/\/berliner-dampfer.de\/wp-content\/uploads\/2025\/01\/2007-08-19-CIMG0039-Rheinland-klein-768x576.jpg 768w\" sizes=\"auto, (max-width: 1200px) 100vw, 1200px\" \/><\/p>\n<p>&nbsp;<\/p>\n<p>&nbsp;<\/p>\n<p><img loading=\"lazy\" decoding=\"async\" class=\"alignnone size-full wp-image-10611\" src=\"https:\/\/berliner-dampfer.de\/wp-content\/uploads\/2025\/01\/2013-04-20-Rheinland-3-Roskowetz-klein.jpg\" alt=\"\" width=\"1200\" height=\"675\" srcset=\"https:\/\/berliner-dampfer.de\/wp-content\/uploads\/2025\/01\/2013-04-20-Rheinland-3-Roskowetz-klein.jpg 1200w, https:\/\/berliner-dampfer.de\/wp-content\/uploads\/2025\/01\/2013-04-20-Rheinland-3-Roskowetz-klein-300x169.jpg 300w, https:\/\/berliner-dampfer.de\/wp-content\/uploads\/2025\/01\/2013-04-20-Rheinland-3-Roskowetz-klein-1024x576.jpg 1024w, https:\/\/berliner-dampfer.de\/wp-content\/uploads\/2025\/01\/2013-04-20-Rheinland-3-Roskowetz-klein-768x432.jpg 768w\" sizes=\"auto, (max-width: 1200px) 100vw, 1200px\" \/><\/p>\n<p>&nbsp;<\/p>\n<p>&nbsp;<\/p>\n<p><img loading=\"lazy\" decoding=\"async\" class=\"alignnone size-full wp-image-10612\" src=\"https:\/\/berliner-dampfer.de\/wp-content\/uploads\/2025\/01\/2013-08-05-DSC07823-Rheinland-klein.jpg\" alt=\"\" width=\"1200\" height=\"675\" srcset=\"https:\/\/berliner-dampfer.de\/wp-content\/uploads\/2025\/01\/2013-08-05-DSC07823-Rheinland-klein.jpg 1200w, https:\/\/berliner-dampfer.de\/wp-content\/uploads\/2025\/01\/2013-08-05-DSC07823-Rheinland-klein-300x169.jpg 300w, https:\/\/berliner-dampfer.de\/wp-content\/uploads\/2025\/01\/2013-08-05-DSC07823-Rheinland-klein-1024x576.jpg 1024w, https:\/\/berliner-dampfer.de\/wp-content\/uploads\/2025\/01\/2013-08-05-DSC07823-Rheinland-klein-768x432.jpg 768w\" sizes=\"auto, (max-width: 1200px) 100vw, 1200px\" \/><\/p>\n<p>&nbsp;<\/p>\n<p>&nbsp;<\/p>\n<p><img loading=\"lazy\" decoding=\"async\" class=\"alignnone size-full wp-image-10613\" src=\"https:\/\/berliner-dampfer.de\/wp-content\/uploads\/2025\/01\/2013-08-05-DSC07826-Rheinland-klein.jpg\" alt=\"\" width=\"1200\" height=\"675\" srcset=\"https:\/\/berliner-dampfer.de\/wp-content\/uploads\/2025\/01\/2013-08-05-DSC07826-Rheinland-klein.jpg 1200w, https:\/\/berliner-dampfer.de\/wp-content\/uploads\/2025\/01\/2013-08-05-DSC07826-Rheinland-klein-300x169.jpg 300w, https:\/\/berliner-dampfer.de\/wp-content\/uploads\/2025\/01\/2013-08-05-DSC07826-Rheinland-klein-1024x576.jpg 1024w, https:\/\/berliner-dampfer.de\/wp-content\/uploads\/2025\/01\/2013-08-05-DSC07826-Rheinland-klein-768x432.jpg 768w\" sizes=\"auto, (max-width: 1200px) 100vw, 1200px\" \/><\/p>\n<p>&nbsp;<\/p>\n<p>&nbsp;<\/p>\n<p><img loading=\"lazy\" decoding=\"async\" class=\"alignnone size-full wp-image-10614\" src=\"https:\/\/berliner-dampfer.de\/wp-content\/uploads\/2025\/01\/2013-08-06-DSC07954-Rheinland-klein-a.jpg\" alt=\"\" width=\"1200\" height=\"675\" srcset=\"https:\/\/berliner-dampfer.de\/wp-content\/uploads\/2025\/01\/2013-08-06-DSC07954-Rheinland-klein-a.jpg 1200w, https:\/\/berliner-dampfer.de\/wp-content\/uploads\/2025\/01\/2013-08-06-DSC07954-Rheinland-klein-a-300x169.jpg 300w, https:\/\/berliner-dampfer.de\/wp-content\/uploads\/2025\/01\/2013-08-06-DSC07954-Rheinland-klein-a-1024x576.jpg 1024w, https:\/\/berliner-dampfer.de\/wp-content\/uploads\/2025\/01\/2013-08-06-DSC07954-Rheinland-klein-a-768x432.jpg 768w\" sizes=\"auto, (max-width: 1200px) 100vw, 1200px\" \/><\/p>\n<p>&nbsp;<\/p>\n<p>&nbsp;<\/p>\n<p><img loading=\"lazy\" decoding=\"async\" class=\"alignnone size-full wp-image-10615\" src=\"https:\/\/berliner-dampfer.de\/wp-content\/uploads\/2025\/01\/2013-08-06-DSC07955-Rheinland-klein-a.jpg\" alt=\"\" width=\"1200\" height=\"675\" srcset=\"https:\/\/berliner-dampfer.de\/wp-content\/uploads\/2025\/01\/2013-08-06-DSC07955-Rheinland-klein-a.jpg 1200w, https:\/\/berliner-dampfer.de\/wp-content\/uploads\/2025\/01\/2013-08-06-DSC07955-Rheinland-klein-a-300x169.jpg 300w, https:\/\/berliner-dampfer.de\/wp-content\/uploads\/2025\/01\/2013-08-06-DSC07955-Rheinland-klein-a-1024x576.jpg 1024w, https:\/\/berliner-dampfer.de\/wp-content\/uploads\/2025\/01\/2013-08-06-DSC07955-Rheinland-klein-a-768x432.jpg 768w\" sizes=\"auto, (max-width: 1200px) 100vw, 1200px\" \/><\/p>\n<p>&nbsp;<\/p>\n<p>&nbsp;<\/p>\n<p><img loading=\"lazy\" decoding=\"async\" class=\"alignnone size-full wp-image-10616\" src=\"https:\/\/berliner-dampfer.de\/wp-content\/uploads\/2025\/01\/2013-08-17-DSC08285-Rheinland-klein-a-f47920531.jpg\" alt=\"\" width=\"1200\" height=\"675\" srcset=\"https:\/\/berliner-dampfer.de\/wp-content\/uploads\/2025\/01\/2013-08-17-DSC08285-Rheinland-klein-a-f47920531.jpg 1200w, https:\/\/berliner-dampfer.de\/wp-content\/uploads\/2025\/01\/2013-08-17-DSC08285-Rheinland-klein-a-f47920531-300x169.jpg 300w, https:\/\/berliner-dampfer.de\/wp-content\/uploads\/2025\/01\/2013-08-17-DSC08285-Rheinland-klein-a-f47920531-1024x576.jpg 1024w, https:\/\/berliner-dampfer.de\/wp-content\/uploads\/2025\/01\/2013-08-17-DSC08285-Rheinland-klein-a-f47920531-768x432.jpg 768w\" sizes=\"auto, (max-width: 1200px) 100vw, 1200px\" \/><\/p>\n<p>&nbsp;<\/p>\n<p>&nbsp;<\/p>\n<p><img loading=\"lazy\" decoding=\"async\" class=\"alignnone size-full wp-image-10617\" src=\"https:\/\/berliner-dampfer.de\/wp-content\/uploads\/2025\/01\/2014-11-08-Wannsee-Hafen-011-Rheinland-klein-a.jpg\" alt=\"\" width=\"1200\" height=\"675\" srcset=\"https:\/\/berliner-dampfer.de\/wp-content\/uploads\/2025\/01\/2014-11-08-Wannsee-Hafen-011-Rheinland-klein-a.jpg 1200w, https:\/\/berliner-dampfer.de\/wp-content\/uploads\/2025\/01\/2014-11-08-Wannsee-Hafen-011-Rheinland-klein-a-300x169.jpg 300w, https:\/\/berliner-dampfer.de\/wp-content\/uploads\/2025\/01\/2014-11-08-Wannsee-Hafen-011-Rheinland-klein-a-1024x576.jpg 1024w, https:\/\/berliner-dampfer.de\/wp-content\/uploads\/2025\/01\/2014-11-08-Wannsee-Hafen-011-Rheinland-klein-a-768x432.jpg 768w\" sizes=\"auto, (max-width: 1200px) 100vw, 1200px\" \/><\/p>\n<p>&nbsp;<\/p>\n<table style=\"border-collapse: collapse; width: 100%;\">\n<tbody>\n<tr>\n<td style=\"width: 19.5953%; text-align: left; vertical-align: top;\"><span style=\"font-family: arial, helvetica, sans-serif; font-size: 12pt;\">17.09.2020 <\/span><br \/>\n<span style=\"font-family: arial, helvetica, sans-serif; font-size: 12pt;\">und <\/span><br \/>\n<a href=\"https:\/\/schiffsservice.de\/ms_rheinland\/\" target=\"_blank\" rel=\"noopener\"><span style=\"font-family: arial, helvetica, sans-serif; font-size: 12pt;\">09.01.2025<\/span><\/a><\/td>\n<td style=\"width: 80.4047%; background-color: #c0c0ff;\">\n<p style=\"text-align: justify;\"><span style=\"font-family: arial, helvetica, sans-serif; font-size: 12pt;\">Die MS Rheinland wurde <strong>1937<\/strong> gebaut und <strong>2016<\/strong> von Ingo Gersbeck \u00fcbernommen, der sich mit seinem Team zum Ziel gesetzt hat, dieses stolze, historische Schiff so detailgetreu wie m\u00f6glich zu erhalten. Die Rheinland hat 100 Innen- und 150 Au\u00dfenpl\u00e4tze.<\/span><\/p>\n<p style=\"text-align: justify;\"><span style=\"font-family: arial, helvetica, sans-serif; font-size: 12pt;\">Idyllische Landschaften, wundersch\u00f6ne Schl\u00f6sser und Einblicke in die Geschichte bietet die vom Wannsee aus startende 7-Seen-Rundfahrt. Glienicker Lake, Griebnitzsee, St\u00f6lpchensee, Pohlesee, Kleiner Wannsee, Gro\u00dfer Wannsee und Jungfernsee werden gekreuzt.<\/span><\/p>\n<p style=\"text-align: justify;\"><span style=\"font-family: arial, helvetica, sans-serif; font-size: 12pt;\">Die MS \u201eRheinland\u201c befindet sich derzeit nicht in Fahrt. Kaufinteressenten k\u00f6nnen gerne per E-Mail Kontakt mit uns aufnehmen.<\/span><\/p>\n<\/td>\n<\/tr>\n<\/tbody>\n<\/table>\n<p>&nbsp;<\/p>\n<p>&nbsp;<\/p>\n<p>&nbsp;<\/p>\n<p>&nbsp;<\/p>\n<p><span style=\"text-decoration: underline;\"><span style=\"font-family: arial, helvetica, sans-serif; font-size: 12pt;\">Zuletzt bearbeitet 28.02.2025<\/span><\/span><\/p>\n","protected":false},"excerpt":{"rendered":"<p>1937 Rheinland Schiffsservice Berlin Ingo Gersbeck: MS Rheinland und MS Rheinland (WordPress) Binnenschifferforum: Rheinland Wikipedia: Rheinland (Schiff, 1936) Schiffshistorie in der Datenbank von Uwe Giesler&hellip;<\/p>\n","protected":false},"author":1,"featured_media":0,"parent":0,"menu_order":0,"comment_status":"closed","ping_status":"closed","template":"","meta":{"ngg_post_thumbnail":0,"iawp_total_views":51,"footnotes":""},"class_list":["post-10595","page","type-page","status-publish","hentry"],"_links":{"self":[{"href":"https:\/\/berliner-dampfer.de\/index.php?rest_route=\/wp\/v2\/pages\/10595","targetHints":{"allow":["GET"]}}],"collection":[{"href":"https:\/\/berliner-dampfer.de\/index.php?rest_route=\/wp\/v2\/pages"}],"about":[{"href":"https:\/\/berliner-dampfer.de\/index.php?rest_route=\/wp\/v2\/types\/page"}],"author":[{"embeddable":true,"href":"https:\/\/berliner-dampfer.de\/index.php?rest_route=\/wp\/v2\/users\/1"}],"replies":[{"embeddable":true,"href":"https:\/\/berliner-dampfer.de\/index.php?rest_route=%2Fwp%2Fv2%2Fcomments&post=10595"}],"version-history":[{"count":19,"href":"https:\/\/berliner-dampfer.de\/index.php?rest_route=\/wp\/v2\/pages\/10595\/revisions"}],"predecessor-version":[{"id":17470,"href":"https:\/\/berliner-dampfer.de\/index.php?rest_route=\/wp\/v2\/pages\/10595\/revisions\/17470"}],"wp:attachment":[{"href":"https:\/\/berliner-dampfer.de\/index.php?rest_route=%2Fwp%2Fv2%2Fmedia&parent=10595"}],"curies":[{"name":"wp","href":"https:\/\/api.w.org\/{rel}","templated":true}]}}