{"id":11252,"date":"2025-01-17T07:37:38","date_gmt":"2025-01-17T06:37:38","guid":{"rendered":"https:\/\/berliner-dampfer.de\/?page_id=11252"},"modified":"2025-03-20T11:05:35","modified_gmt":"2025-03-20T10:05:35","slug":"1987-berolina-bifa-typ-iii","status":"publish","type":"page","link":"https:\/\/berliner-dampfer.de\/?page_id=11252","title":{"rendered":"St. Georg (1876)"},"content":{"rendered":"<table style=\"border-collapse: collapse; width: 100%;\">\n<tbody>\n<tr>\n<td style=\"width: 100%; background-color: #ffff00;\"><span style=\"font-family: arial, helvetica, sans-serif; font-size: 12pt;\"><span style=\"font-size: 10pt;\">1876<\/span> <strong>Falke<\/strong> } <span style=\"font-size: 10pt;\">1911<\/span> <strong>Galatea<\/strong> } <span style=\"font-size: 10pt;\">1936<\/span> <strong>St. Georg<\/strong> } <span style=\"font-size: 10pt;\">1950<\/span> <strong>Deutschland<\/strong> } <span style=\"font-size: 10pt;\">1969<\/span> <strong>Planet } <\/strong><span style=\"font-size: 10pt;\">1994<\/span><strong> St. Georg <\/strong><\/span><\/p>\n<p><span style=\"font-family: arial, helvetica, sans-serif; font-size: 12pt;\">Verein Alsterdampfschiffahrt e.V.: <a href=\"https:\/\/www.alsterdampfer.de\/st-georg\" target=\"_blank\" rel=\"noopener\">Alsterdampfer \u201eSt. Georg\u201c<\/a><\/span><\/p>\n<p><span style=\"font-family: arial, helvetica, sans-serif; font-size: 12pt;\">Binnenschifferforum: <a href=\"https:\/\/www.binnenschifferforum.de\/showthread.php?61111-St-Georg-FGS-05600390\" target=\"_blank\" rel=\"noopener\">St. Georg<\/a><\/span><\/p>\n<p><span style=\"font-family: arial, helvetica, sans-serif; font-size: 12pt;\">Wikipedia: <a href=\"https:\/\/de.wikipedia.org\/wiki\/St._Georg_(Schiff,_1876)\" target=\"_blank\" rel=\"noopener\">St. Georg (Schiff, 1876)<\/a><\/span><\/td>\n<\/tr>\n<\/tbody>\n<\/table>\n<p>&nbsp;<\/p>\n<table style=\"border-collapse: collapse; width: 100%;\">\n<tbody>\n<tr>\n<td style=\"width: 100%; background-color: #ffd700;\"><span style=\"font-family: arial, helvetica, sans-serif; font-size: 12pt;\"><a href=\"https:\/\/berliner-dampfer.de\/?page_id=194\" target=\"_blank\" rel=\"noopener\">Groggert 1988<\/a>, Seite 270:<\/span><\/p>\n<p style=\"text-align: justify;\"><span style=\"font-family: arial, helvetica, sans-serif; font-size: 12pt;\">Die Reederei Frost, die mit dem Dampfer &#8222;Rudolf&#8220; (ex &#8222;Deutschland&#8220;, erbaut 1897) und dem Motorschiff <a href=\"https:\/\/berliner-dampfer.de\/?page_id=6827\" target=\"_blank\" rel=\"noopener\">&#8222;Tourist&#8220;<\/a> (ex &#8222;Saatwinkel&#8220;) an der BVG-Personenschiffahrt beteiligt war, erweiterte ihren Schiffspark im Winter 1950\/51 um einen fr\u00fcheren Alsterdampfer, der nach einem gro\u00dfen Umbau in Spandau den Namen <strong>&#8222;Deutschland&#8220;<\/strong> erhielt.<\/span><\/p>\n<p style=\"text-align: justify;\"><span style=\"font-family: arial, helvetica, sans-serif; font-size: 12pt;\">Das Schiff war 1876 in Hamburg-Steinwerder auf der sp\u00e4teren <a href=\"https:\/\/de.wikipedia.org\/wiki\/Reiherstiegwerft\" target=\"_blank\" rel=\"noopener\">Reiherstiegwerft<\/a> f\u00fcr die Alsterschiffahrt gebaut worden und hie\u00df urspr\u00fcnglich <strong>&#8222;Falke&#8220;<\/strong>. Nach dem ersten Umbau 1910\/11 wurde der Name in <strong>&#8222;Galatea&#8220;<\/strong> ge\u00e4ndert, 1936 wurde daraus <strong>&#8222;St. Georg&#8220;<\/strong>. 1948 verkaufte die <a href=\"https:\/\/de.wikipedia.org\/wiki\/Hamburger_Hochbahn\" target=\"_blank\" rel=\"noopener\">Hamburger Hochbahn Aktiengesellschaft<\/a>, die Reederei der Alsterschiffahrt, den Dampfer an Robert Karl Krenz, einen nahen Verwandten des Berliner Schiffseigners Albert Krenz, der ihn jedoch nicht wie beabsichtigt zwischen Hamburg und L\u00fcneburg einsetzen konnte, sondern ihn zwei Jahre sp\u00e4ter an Berthold Frost abgab.<\/span><\/p>\n<p style=\"text-align: justify;\"><span style=\"font-family: arial, helvetica, sans-serif; font-size: 12pt;\">Jahrelang fuhr die <strong>&#8222;Deutschland&#8220;<\/strong> der niemand den fr\u00fcheren Alsterdampfer ansehen konnte, f\u00fcr die BVG von Wannsee nach Kladow. Sie hatte eine zweizylindrige Auspuffmaschine mit Klugscher Umsteuerung, die pro Stunde 75 kg Kohle ben\u00f6tigte, um den erforderlichen Dampf in dem Siederohr-Kessel von 16 qm Heizfl\u00e4che zu erzeugen.<\/span><\/p>\n<p style=\"text-align: justify;\"><span style=\"font-family: arial, helvetica, sans-serif; font-size: 12pt;\">Schon nach kurzer Dienstzeit in Berlin, im Winter 1952\/53, trat ein Dieselmotor an die Stelle der Dampfmachine und des Kessels, Acht Jahre sp\u00e4ter wurde die &#8222;Deutschland&#8220; um 4 Meter auf&nbsp; 24,12 m verl\u00e4ngert bei einer Breite von 4,20 m. 1964 mietete die Stern und Kreisschiffahrt das Motorschiff und erwarb es 1968 durch Kauf. 1969 taufte der neue Eigent\u00fcmer die <strong>&#8222;Deutschland&#8220;<\/strong> in <strong>&#8222;Planet&#8220;<\/strong> um. Von 1978 bis zur Inbetriebnahme neuer Geb\u00e4ude im Bereich der Anlegestelle am Gro\u00dfen Wannsee diente das Schiff als Versorger der gro\u00dfen Restaurationsschiffe der Stern und Kreisschiffahrt. Dazu wurde das Deckshaus zu einem K\u00fchlraum umgestaltet. Die kastenf\u00f6rmigen, fensterlosen Aufbauten erinnerten an die Form der Fahrzeuge eines Geldtransport-Unternehmens. Deswegen erhielt der <strong>&#8222;Planet&#8220;<\/strong> den Spitznamen <em><strong>&#8222;Purolator&#8220;<\/strong><\/em>. 1985 kam das Schiff, das nun besch\u00e4ftigungslos geworden war, auf die Werft nach Zehlendorf.<\/span><\/p>\n<\/td>\n<\/tr>\n<\/tbody>\n<\/table>\n<p>&nbsp;<\/p>\n<table style=\"border-collapse: collapse; width: 100%;\">\n<tbody>\n<tr>\n<td style=\"width: 100%; background-color: #cdcd00;\">\n<p style=\"text-align: justify;\"><span style=\"font-family: arial, helvetica, sans-serif; font-size: 12pt;\"><a href=\"https:\/\/berliner-dampfer.de\/?page_id=194\" target=\"_blank\" rel=\"noopener\">Trost 1979<\/a>, Seiten 105\/106: <\/span><br \/>\n<span style=\"font-family: arial, helvetica, sans-serif; font-size: 12pt;\">In ihrer Form sch\u00f6ne Schiffe sind <strong>&#8222;Planet&#8220;<\/strong> und &#8222;Scharnhorst&#8220;. MS. <strong>&#8222;Planet&#8220;<\/strong> ex <strong>&#8222;Deutschland&#8220;<\/strong>, die f\u00fcr lediglich 143 Personen zugelassen war, nahm man 1977 aus der Fahrt. Das Boot befindet sich jedoch nach wie vor im Einsatz &#8211; als Materialzulieferungsschiff und schwimmende Speisekammer. Unl\u00e4ngst erwarb die &#8222;Stern- und Kreisschiffahrt&#8220; am Pohlsee ein gr\u00f6\u00dferes Wassergrundst\u00fcck mit Villa. Dort bereitet man jetzt fast s\u00e4mtliche an Bord ben\u00f6tigten Speisen und kalte Buffets zu, die MS <strong>&#8222;Planet&#8220;<\/strong> dann zu den einzelnen Schiffen bef\u00f6rdert. Da man die Fenster ihres Salons mit Blechplatten zugeschwei\u00dft hat, nennen sie die Berliner nach der Geldtransportfirma <strong>&#8222;Purolator&#8220;<\/strong>.<\/span><\/p>\n<p style=\"text-align: justify;\"><span style=\"font-family: arial, helvetica, sans-serif; font-size: 12pt;\"><a href=\"https:\/\/berliner-dampfer.de\/?page_id=194\" target=\"_blank\" rel=\"noopener\">Trost 1988<\/a>, Seite 47:<\/span><br \/>\n<span style=\"font-family: arial, helvetica, sans-serif; font-size: 12pt;\">Neben diesem j\u00fcngstem Neubau \u00fcbernahm die Reederei zugleich ihr heute \u00e4ltestes Schiff. Berthold Frost aus Tegel hatte 1950 aus Hamburg einen ehemaligen Alsterdampfer gekauft und ihn auf der Wiese-Werft in Spandau bis 1952 gr\u00fcndlich umbauen, motorisieren und um 4 m verl\u00e4ngern lassen. Es war die 1875 auf der Reiherstiegwerft in Hamburg unter Bau-Nr. 294 f\u00fcr die Alster erbaute <strong>FALKE<\/strong>, die sp\u00e4ter <strong>GALATEA<\/strong>, ab 1936 <strong>ST. GEORG<\/strong> hie\u00df. Nach dem Umbau war das Schiff 24,12 m lang, 4,56 m breit und wurde durch einen 150 PSe leistenden Modag-Dieselmotor angetrieben; es fa\u00dfte jetzt 165 Personen und kam als <strong>DEUTSCHLAND<\/strong> in Fahrt. 1961 mu\u00dfte der Motor nochmals gegen einen 112 PSe-Deutz-Diesel ausgewechselt werden. Die Stern und Kreisschiffahrt nahm 1964 die <strong>DEUTSCHLAND<\/strong> in Charter und erwarb sie 1968 durch Kauf; vier Jahre sp\u00e4ter wurde ein 116 PSe leistender Deutz-Diesel eingebaut. 1976 zog man die <strong>DEUTSCHLAND<\/strong> aus der Fahrt, hatte jedoch weiterhin Verwendung f\u00fcr sie, ein K\u00fchlaggregat wurde eingebaut, als <strong>PLANET<\/strong> diente das Schiff nun als Zubringer f\u00fcr Speisen und Getr\u00e4nke vom neu erworbenen Grundst\u00fcck am Pohlesee an die einzelnen Fahrzeuge der Flotte. \u00c4u\u00dferlich sieht man der <strong>PLANET<\/strong> ihr Alter keinesfalls an; sie wird jetzt 113 Jahre alt. \u00dcbrigens existiert ein Schwesterschiff in seiner Urform noch heute, allerdings liegt es als Gastst\u00e4tte hoch und trocken auf Land; es ist die 1875 auf gleicher Werft erbaute BIENE, heute DORA, in Premnitz zwischen Brandenburg und Rathenow an der Havel.<\/span><\/p>\n<\/td>\n<\/tr>\n<\/tbody>\n<\/table>\n<p>&nbsp;<\/p>\n<p>&nbsp;<\/p>\n<p>&nbsp;<\/p>\n<p>&nbsp;<\/p>\n<p><img loading=\"lazy\" decoding=\"async\" class=\"alignnone size-full wp-image-14041\" src=\"https:\/\/berliner-dampfer.de\/wp-content\/uploads\/2025\/03\/1910-ca-FALKE-Groggert-1988-Seite-271-1200.jpg\" alt=\"\" width=\"1200\" height=\"1545\" srcset=\"https:\/\/berliner-dampfer.de\/wp-content\/uploads\/2025\/03\/1910-ca-FALKE-Groggert-1988-Seite-271-1200.jpg 1200w, https:\/\/berliner-dampfer.de\/wp-content\/uploads\/2025\/03\/1910-ca-FALKE-Groggert-1988-Seite-271-1200-233x300.jpg 233w, https:\/\/berliner-dampfer.de\/wp-content\/uploads\/2025\/03\/1910-ca-FALKE-Groggert-1988-Seite-271-1200-795x1024.jpg 795w, https:\/\/berliner-dampfer.de\/wp-content\/uploads\/2025\/03\/1910-ca-FALKE-Groggert-1988-Seite-271-1200-768x989.jpg 768w, https:\/\/berliner-dampfer.de\/wp-content\/uploads\/2025\/03\/1910-ca-FALKE-Groggert-1988-Seite-271-1200-1193x1536.jpg 1193w\" sizes=\"auto, (max-width: 1200px) 100vw, 1200px\" \/><\/p>\n<p>&nbsp;<\/p>\n<p>&nbsp;<\/p>\n<p>&nbsp;<\/p>\n<p><img loading=\"lazy\" decoding=\"async\" class=\"alignnone size-full wp-image-14042\" src=\"https:\/\/berliner-dampfer.de\/wp-content\/uploads\/2025\/03\/1950-ca-DEUTSCHLAND-Groggert1988-Seite-271-1200.jpg\" alt=\"\" width=\"1200\" height=\"733\" srcset=\"https:\/\/berliner-dampfer.de\/wp-content\/uploads\/2025\/03\/1950-ca-DEUTSCHLAND-Groggert1988-Seite-271-1200.jpg 1200w, https:\/\/berliner-dampfer.de\/wp-content\/uploads\/2025\/03\/1950-ca-DEUTSCHLAND-Groggert1988-Seite-271-1200-300x183.jpg 300w, https:\/\/berliner-dampfer.de\/wp-content\/uploads\/2025\/03\/1950-ca-DEUTSCHLAND-Groggert1988-Seite-271-1200-1024x625.jpg 1024w, https:\/\/berliner-dampfer.de\/wp-content\/uploads\/2025\/03\/1950-ca-DEUTSCHLAND-Groggert1988-Seite-271-1200-768x469.jpg 768w\" sizes=\"auto, (max-width: 1200px) 100vw, 1200px\" \/><\/p>\n<p>&nbsp;<\/p>\n<p>&nbsp;<\/p>\n<p>&nbsp;<\/p>\n<p><img loading=\"lazy\" decoding=\"async\" class=\"alignnone size-full wp-image-14043\" src=\"https:\/\/berliner-dampfer.de\/wp-content\/uploads\/2025\/03\/1978-PLANET-Versorger-Groggert-1988-Seite-271-1200.jpg\" alt=\"\" width=\"1200\" height=\"639\" srcset=\"https:\/\/berliner-dampfer.de\/wp-content\/uploads\/2025\/03\/1978-PLANET-Versorger-Groggert-1988-Seite-271-1200.jpg 1200w, https:\/\/berliner-dampfer.de\/wp-content\/uploads\/2025\/03\/1978-PLANET-Versorger-Groggert-1988-Seite-271-1200-300x160.jpg 300w, https:\/\/berliner-dampfer.de\/wp-content\/uploads\/2025\/03\/1978-PLANET-Versorger-Groggert-1988-Seite-271-1200-1024x545.jpg 1024w, https:\/\/berliner-dampfer.de\/wp-content\/uploads\/2025\/03\/1978-PLANET-Versorger-Groggert-1988-Seite-271-1200-768x409.jpg 768w\" sizes=\"auto, (max-width: 1200px) 100vw, 1200px\" \/><\/p>\n<p>&nbsp;<\/p>\n<p>&nbsp;<\/p>\n<p>&nbsp;<\/p>\n<p><img loading=\"lazy\" decoding=\"async\" class=\"alignnone size-full wp-image-14044\" src=\"https:\/\/berliner-dampfer.de\/wp-content\/uploads\/2025\/03\/1979-ca-PLANET-Trost-1988-Seite-31-1200.jpg\" alt=\"\" width=\"1200\" height=\"908\" srcset=\"https:\/\/berliner-dampfer.de\/wp-content\/uploads\/2025\/03\/1979-ca-PLANET-Trost-1988-Seite-31-1200.jpg 1200w, https:\/\/berliner-dampfer.de\/wp-content\/uploads\/2025\/03\/1979-ca-PLANET-Trost-1988-Seite-31-1200-300x227.jpg 300w, https:\/\/berliner-dampfer.de\/wp-content\/uploads\/2025\/03\/1979-ca-PLANET-Trost-1988-Seite-31-1200-1024x775.jpg 1024w, https:\/\/berliner-dampfer.de\/wp-content\/uploads\/2025\/03\/1979-ca-PLANET-Trost-1988-Seite-31-1200-768x581.jpg 768w\" sizes=\"auto, (max-width: 1200px) 100vw, 1200px\" \/><\/p>\n<p>&nbsp;<\/p>\n<p>&nbsp;<\/p>\n<p>&nbsp;<\/p>\n<p><img loading=\"lazy\" decoding=\"async\" class=\"alignnone size-full wp-image-14045\" src=\"https:\/\/berliner-dampfer.de\/wp-content\/uploads\/2025\/03\/2013-10-20-St.-Georg-2-Roskowetz-klein.jpg\" alt=\"\" width=\"1200\" height=\"675\" srcset=\"https:\/\/berliner-dampfer.de\/wp-content\/uploads\/2025\/03\/2013-10-20-St.-Georg-2-Roskowetz-klein.jpg 1200w, https:\/\/berliner-dampfer.de\/wp-content\/uploads\/2025\/03\/2013-10-20-St.-Georg-2-Roskowetz-klein-300x169.jpg 300w, https:\/\/berliner-dampfer.de\/wp-content\/uploads\/2025\/03\/2013-10-20-St.-Georg-2-Roskowetz-klein-1024x576.jpg 1024w, https:\/\/berliner-dampfer.de\/wp-content\/uploads\/2025\/03\/2013-10-20-St.-Georg-2-Roskowetz-klein-768x432.jpg 768w\" sizes=\"auto, (max-width: 1200px) 100vw, 1200px\" \/><\/p>\n<p>&nbsp;<\/p>\n<p>&nbsp;<\/p>\n<p>&nbsp;<\/p>\n<p><img loading=\"lazy\" decoding=\"async\" class=\"alignnone size-full wp-image-14046\" src=\"https:\/\/berliner-dampfer.de\/wp-content\/uploads\/2025\/03\/2013-10-20-St.Georg-ex-Planet-ex-Deutschland-Roskowetz-klein.jpg\" alt=\"\" width=\"1200\" height=\"675\" srcset=\"https:\/\/berliner-dampfer.de\/wp-content\/uploads\/2025\/03\/2013-10-20-St.Georg-ex-Planet-ex-Deutschland-Roskowetz-klein.jpg 1200w, https:\/\/berliner-dampfer.de\/wp-content\/uploads\/2025\/03\/2013-10-20-St.Georg-ex-Planet-ex-Deutschland-Roskowetz-klein-300x169.jpg 300w, https:\/\/berliner-dampfer.de\/wp-content\/uploads\/2025\/03\/2013-10-20-St.Georg-ex-Planet-ex-Deutschland-Roskowetz-klein-1024x576.jpg 1024w, https:\/\/berliner-dampfer.de\/wp-content\/uploads\/2025\/03\/2013-10-20-St.Georg-ex-Planet-ex-Deutschland-Roskowetz-klein-768x432.jpg 768w\" sizes=\"auto, (max-width: 1200px) 100vw, 1200px\" \/><\/p>\n<p>&nbsp;<\/p>\n<p>&nbsp;<\/p>\n<p>&nbsp;<\/p>\n<p><span style=\"text-decoration: underline;\"><span style=\"font-family: arial, helvetica, sans-serif; font-size: 12pt;\">Zuletzt bearbeitet 20.03.2025<\/span><\/span><\/p>\n","protected":false},"excerpt":{"rendered":"<p>1876 Falke } 1911 Galatea } 1936 St. Georg } 1950 Deutschland } 1969 Planet } 1994 St. Georg Verein Alsterdampfschiffahrt e.V.: Alsterdampfer \u201eSt. Georg\u201c&hellip;<\/p>\n","protected":false},"author":1,"featured_media":0,"parent":0,"menu_order":0,"comment_status":"closed","ping_status":"closed","template":"","meta":{"ngg_post_thumbnail":0,"iawp_total_views":29,"footnotes":""},"class_list":["post-11252","page","type-page","status-publish","hentry"],"_links":{"self":[{"href":"https:\/\/berliner-dampfer.de\/index.php?rest_route=\/wp\/v2\/pages\/11252","targetHints":{"allow":["GET"]}}],"collection":[{"href":"https:\/\/berliner-dampfer.de\/index.php?rest_route=\/wp\/v2\/pages"}],"about":[{"href":"https:\/\/berliner-dampfer.de\/index.php?rest_route=\/wp\/v2\/types\/page"}],"author":[{"embeddable":true,"href":"https:\/\/berliner-dampfer.de\/index.php?rest_route=\/wp\/v2\/users\/1"}],"replies":[{"embeddable":true,"href":"https:\/\/berliner-dampfer.de\/index.php?rest_route=%2Fwp%2Fv2%2Fcomments&post=11252"}],"version-history":[{"count":33,"href":"https:\/\/berliner-dampfer.de\/index.php?rest_route=\/wp\/v2\/pages\/11252\/revisions"}],"predecessor-version":[{"id":14047,"href":"https:\/\/berliner-dampfer.de\/index.php?rest_route=\/wp\/v2\/pages\/11252\/revisions\/14047"}],"wp:attachment":[{"href":"https:\/\/berliner-dampfer.de\/index.php?rest_route=%2Fwp%2Fv2%2Fmedia&parent=11252"}],"curies":[{"name":"wp","href":"https:\/\/api.w.org\/{rel}","templated":true}]}}