{"id":11699,"date":"2025-01-26T21:12:32","date_gmt":"2025-01-26T20:12:32","guid":{"rendered":"https:\/\/berliner-dampfer.de\/?page_id=11699"},"modified":"2025-01-26T21:30:27","modified_gmt":"2025-01-26T20:30:27","slug":"seeloewe-schlepper","status":"publish","type":"page","link":"https:\/\/berliner-dampfer.de\/?page_id=11699","title":{"rendered":"Seel\u00f6we (Eisbrecher)"},"content":{"rendered":"<table style=\"border-collapse: collapse; width: 100%;\">\n<tbody>\n<tr>\n<td style=\"width: 100%; background-color: #ffff00;\"><span style=\"font-family: arial, helvetica, sans-serif; font-size: 10pt;\">1973 <\/span><strong><span style=\"font-family: arial, helvetica, sans-serif; font-size: 12pt;\">Seel\u00f6we<\/span><\/strong><\/p>\n<p><span style=\"font-family: arial, helvetica, sans-serif; font-size: 12pt;\">Wasserstra\u00dfen- und Schifffahrtsamt (WSA) Spree-Havel: <a href=\"https:\/\/www.wsa-spree-havel.wsv.de\/Webs\/WSA\/Spree-Havel\/DE\/04_Service\/07_Eisaufbruch\/03_eisbrecher_seeloewe\/seeloewe_node.html\" target=\"_blank\" rel=\"noopener\">Eisbrecher &#8222;Seel\u00f6we&#8220;<\/a><br \/>\n<\/span><\/p>\n<p><span style=\"font-family: arial, helvetica, sans-serif; font-size: 12pt;\">Binnenschifferforum: <a href=\"https:\/\/www.binnenschifferforum.de\/showthread.php?80237-Seel\u00f6we-EB-05028840\" target=\"_blank\" rel=\"noopener\">Seel\u00f6we<\/a><\/span><\/p>\n<p><span style=\"font-family: arial, helvetica, sans-serif; font-size: 12pt;\"><a href=\"https:\/\/www.ddr-binnenschifffahrt.de\/db_verlauf.php?schiffId=3030732\" target=\"_blank\" rel=\"noopener\">Schiffshistorie<\/a> in der Datenbank von Uwe Giesler \/ www.ddr-binnenschifffahrt.de.<\/span><\/p>\n<p><span style=\"font-family: arial, helvetica, sans-serif; font-size: 12pt;\">Wikipedia: <a href=\"https:\/\/de.wikipedia.org\/wiki\/Havel-Klasse\" target=\"_blank\" rel=\"noopener\">Havel Klasse<\/a><\/span><\/td>\n<\/tr>\n<\/tbody>\n<\/table>\n<p>&nbsp;<\/p>\n<p>&nbsp;<\/p>\n<table style=\"border-collapse: collapse; width: 100%;\">\n<tbody>\n<tr>\n<td style=\"width: 100%; background-color: #ffff00;\"><strong><span style=\"font-family: arial, helvetica, sans-serif; font-size: 12pt;\">&#8222;Seel\u00f6we&#8220;<\/span><\/strong><\/p>\n<blockquote><p><span style=\"font-family: arial, helvetica, sans-serif; font-size: 12pt;\">&#8222;1986 Vor <a href=\"https:\/\/de.wikipedia.org\/wiki\/Schleuse_Spandau\" target=\"_blank\" rel=\"noopener\">Schleuse Spandau<\/a> \/ Kapt\u00e4n Horst Hein&#8220;<\/span><\/p><\/blockquote>\n<p><img loading=\"lazy\" decoding=\"async\" class=\"alignnone wp-image-11702 size-full\" src=\"https:\/\/berliner-dampfer.de\/wp-content\/uploads\/2025\/01\/1986-Seeloewe-mit-Kpt.Horst-Hein-an-der-Spandauer-Schleuse-klein.jpg\" alt=\"\" width=\"1200\" height=\"677\" srcset=\"https:\/\/berliner-dampfer.de\/wp-content\/uploads\/2025\/01\/1986-Seeloewe-mit-Kpt.Horst-Hein-an-der-Spandauer-Schleuse-klein.jpg 1200w, https:\/\/berliner-dampfer.de\/wp-content\/uploads\/2025\/01\/1986-Seeloewe-mit-Kpt.Horst-Hein-an-der-Spandauer-Schleuse-klein-300x169.jpg 300w, https:\/\/berliner-dampfer.de\/wp-content\/uploads\/2025\/01\/1986-Seeloewe-mit-Kpt.Horst-Hein-an-der-Spandauer-Schleuse-klein-1024x578.jpg 1024w, https:\/\/berliner-dampfer.de\/wp-content\/uploads\/2025\/01\/1986-Seeloewe-mit-Kpt.Horst-Hein-an-der-Spandauer-Schleuse-klein-768x433.jpg 768w\" sizes=\"auto, (max-width: 1200px) 100vw, 1200px\" \/><\/td>\n<\/tr>\n<\/tbody>\n<\/table>\n<p>&nbsp;<\/p>\n<p>&nbsp;<\/p>\n<p><span style=\"text-decoration: underline;\"><span style=\"font-family: arial, helvetica, sans-serif; font-size: 12pt;\">Zuletzt bearbeitet 26.01.2025<\/span><\/span><\/p>\n","protected":false},"excerpt":{"rendered":"<p>1973 Seel\u00f6we Wasserstra\u00dfen- und Schifffahrtsamt (WSA) Spree-Havel: Eisbrecher &#8222;Seel\u00f6we&#8220; Binnenschifferforum: Seel\u00f6we Schiffshistorie in der Datenbank von Uwe Giesler \/ www.ddr-binnenschifffahrt.de. Wikipedia: Havel Klasse &nbsp; &nbsp;&hellip;<\/p>\n","protected":false},"author":1,"featured_media":0,"parent":0,"menu_order":0,"comment_status":"closed","ping_status":"closed","template":"","meta":{"ngg_post_thumbnail":0,"iawp_total_views":13,"footnotes":""},"class_list":["post-11699","page","type-page","status-publish","hentry"],"_links":{"self":[{"href":"https:\/\/berliner-dampfer.de\/index.php?rest_route=\/wp\/v2\/pages\/11699","targetHints":{"allow":["GET"]}}],"collection":[{"href":"https:\/\/berliner-dampfer.de\/index.php?rest_route=\/wp\/v2\/pages"}],"about":[{"href":"https:\/\/berliner-dampfer.de\/index.php?rest_route=\/wp\/v2\/types\/page"}],"author":[{"embeddable":true,"href":"https:\/\/berliner-dampfer.de\/index.php?rest_route=\/wp\/v2\/users\/1"}],"replies":[{"embeddable":true,"href":"https:\/\/berliner-dampfer.de\/index.php?rest_route=%2Fwp%2Fv2%2Fcomments&post=11699"}],"version-history":[{"count":10,"href":"https:\/\/berliner-dampfer.de\/index.php?rest_route=\/wp\/v2\/pages\/11699\/revisions"}],"predecessor-version":[{"id":11710,"href":"https:\/\/berliner-dampfer.de\/index.php?rest_route=\/wp\/v2\/pages\/11699\/revisions\/11710"}],"wp:attachment":[{"href":"https:\/\/berliner-dampfer.de\/index.php?rest_route=%2Fwp%2Fv2%2Fmedia&parent=11699"}],"curies":[{"name":"wp","href":"https:\/\/api.w.org\/{rel}","templated":true}]}}