{"id":11711,"date":"2025-01-26T21:49:12","date_gmt":"2025-01-26T20:49:12","guid":{"rendered":"https:\/\/berliner-dampfer.de\/?page_id=11711"},"modified":"2025-01-31T20:44:21","modified_gmt":"2025-01-31T19:44:21","slug":"loreley-2","status":"publish","type":"page","link":"https:\/\/berliner-dampfer.de\/?page_id=11711","title":{"rendered":"Loreley (1912)"},"content":{"rendered":"<table style=\"border-collapse: collapse; width: 100%; height: 24px;\">\n<tbody>\n<tr style=\"height: 24px;\">\n<td style=\"width: 100%; background-color: #ffff00; height: 24px;\"><span style=\"font-family: arial, helvetica, sans-serif; font-size: 12pt;\"><span style=\"font-size: 10pt;\">1912<\/span> <strong>Frida-Martha<\/strong> } Fortuna } <strong>Loreley <\/strong>} <span style=\"font-size: 10pt;\">1947<\/span> <strong>Sewastopol <\/strong><\/span><\/p>\n<p><span style=\"font-family: arial, helvetica, sans-serif; font-size: 12pt;\">Binnenschifferforum: <a href=\"https:\/\/www.binnenschifferforum.de\/showthread.php?74843-Frida-Martha-FGS-Baujahr-1912\" target=\"_blank\" rel=\"noopener\">Frida-Martha<\/a><\/span><br \/>\n<span style=\"font-family: arial, helvetica, sans-serif; font-size: 12pt;\">Binnenschifferforum: <a href=\"https:\/\/www.binnenschifferforum.de\/showthread.php?74849-Loreley-FDS-Baujahr-1912\" target=\"_blank\" rel=\"noopener\">Loreley<\/a><\/span><\/p>\n<p><span style=\"font-family: arial, helvetica, sans-serif; font-size: 12pt;\">Wikipedia: <a href=\"https:\/\/de.wikipedia.org\/wiki\/Loreley_(Schiff,_1912)\" target=\"_blank\" rel=\"noopener\">Loreley (Schiff, 1912)<\/a><\/span><\/p>\n<p><span style=\"font-family: arial, helvetica, sans-serif; font-size: 12pt;\"><a href=\"https:\/\/www.ddr-binnenschifffahrt.de\/db_verlauf.php?schiffId=1600755\" target=\"_blank\" rel=\"noopener\">Schiffshistorie<\/a> in der Datenbank von Uwe Giesler \/ www.ddr-binnenschifffahrt.de.<\/span>&nbsp;<\/td>\n<\/tr>\n<\/tbody>\n<\/table>\n<p>&nbsp;<\/p>\n<table style=\"border-collapse: collapse; width: 100%;\">\n<tbody>\n<tr>\n<td style=\"width: 100%; background-color: #ffd700;\">\n<p style=\"text-align: justify;\"><span style=\"font-family: arial, helvetica, sans-serif; font-size: 12pt;\"><a href=\"https:\/\/www.ddr-binnenschifffahrt.de\/register-deckblatt.htm\" target=\"_blank\" rel=\"noopener\">Groggert 1988<\/a>, Seite 172:<\/span><\/p>\n<p style=\"text-align: justify;\"><span style=\"font-family: arial, helvetica, sans-serif; font-size: 12pt;\">An der Michaelbr\u00fccke nefand sich die Abfahrtsstelle der Reederei Klempin &amp; Seel. Unter ihrem Reedereizeichen, einer gr\u00fcnen Schornsteinmanschette mit goldenem Anker, fuhr zeitweilig der fr\u00fchere Alsterdampfer <a href=\"https:\/\/berliner-dampfer.de\/?page_id=3804\" target=\"_blank\" rel=\"noopener\">&#8222;Sirene&#8220;<\/a>, der ein wechselvolles Schicksal haben sollte. Nach Klempin &amp; Seel war das Schiff mit hellblauer Schornsteinbinde f\u00fcr Wilhelm Sprigade abwechselnd auf der Oberspree und auf der Unterhavel im Einsatz, bevor es Berlin verlie\u00df um erst nach dem Zweiten Weltkrieg wieder zur\u00fcckzukehren.<\/span><\/p>\n<p style=\"text-align: justify;\"><span style=\"font-family: arial, helvetica, sans-serif; font-size: 12pt;\">F\u00fcr die Reederei Klempin &amp; Seel fuhr statt der &#8222;Sirene&#8220; der gro\u00dfe Doppelschraubendampfer <strong>&#8222;Loreley&#8220;<\/strong>. Dieses 40 m lange, 6,5 m breite Schiff hatte die Schiffswerft <a href=\"https:\/\/de.wikipedia.org\/wiki\/Gebr._Wiemann\" target=\"_blank\" rel=\"noopener\">Gebr. Wiemann<\/a> 1912 f\u00fcr die Reederei Schr\u00f6der in Magdeburg gebaut, die ihm den Namen <strong>&#8222;Frida-Martha&#8220;<\/strong> gab. Die <strong>&#8222;Loreley&#8220;<\/strong> hatte die gleichen Abmessungen wie die <a href=\"https:\/\/berliner-dampfer.de\/?page_id=1277\" target=\"_blank\" rel=\"noopener\">&#8222;Berolina&#8220;<\/a> der Reederei Bauer, aber unter dem Hauptdeck die klassische Dreiteilung in Vorderkaj\u00fcte, Kessel- und Maschinenraum, Achterkaj\u00fcte.<\/span><\/p>\n<p style=\"text-align: justify;\"><span style=\"font-family: arial, helvetica, sans-serif; font-size: 12pt;\"><a href=\"file:\/\/\/C:\/Users\/Barbara\/Desktop\/Berliner%20Dampfer%20Webseite\/html\/links_-_literatur.html\" target=\"_blank\" rel=\"noopener\">Groggert 1972<\/a>, Seite 130:<\/span><br \/>\n<span style=\"font-family: arial, helvetica, sans-serif; font-size: 12pt;\">Die privaten Reeder blieben zun\u00e4chst bei dem norddeutschen Dampfertyp, der um 1925 nochmals verbessert wurde. Die drei gro\u00dfen Dampfer <a href=\"https:\/\/berliner-dampfer.de\/?page_id=9100\" target=\"_blank\" rel=\"noopener\">\u201cWinterm\u00e4rchen\u201d<\/a>, <a href=\"https:\/\/berliner-dampfer.de\/?page_id=2115\" target=\"_blank\" rel=\"noopener\">\u201cColumbus\u201d<\/a> und <a href=\"https:\/\/berliner-dampfer.de\/?page_id=1277\" target=\"_blank\" rel=\"noopener\">\u201cBerolina\u201d<\/a> waren so konstruiert, da\u00df Vorder- und Achterkaj\u00fcte durch seitlich neben dem Kessel- und Maschinenraum liegende G\u00e4nge verbunden waren. Damit entfiel die Dreiteilung unter Deck, und die Kaj\u00fctenr\u00e4ume konnten nun wesentlich rationeller genutzt werden.<\/span><\/p>\n<p style=\"text-align: justify;\"><span style=\"font-family: arial, helvetica, sans-serif; font-size: 12pt;\">Groggert 1988, Seiten 204\/211:<\/span><br \/>\n<span style=\"font-family: arial, helvetica, sans-serif; font-size: 12pt;\">1935 ge\u00f6rten dem &#8222;Reeder-Verband der Personenschiffahrt zwischen Elbe und Oder&#8220; folgende in Berlin und seiner Umgebung ans\u00e4ssige Betriebe und Schiffseigner an:<\/span><br \/>\n<span style=\"font-family: arial, helvetica, sans-serif; font-size: 12pt;\">Wilhelm Klempin, K\u00fcstrin, Warthespitze \/ Joseph Seel, Berlin C2, An der Fischerbr\u00fccke 16 (Gastwirtschaft)<\/span><\/p>\n<ul style=\"text-align: justify;\">\n<li><span style=\"font-family: arial, helvetica, sans-serif; font-size: 12pt;\">D <strong>Loreley<\/strong> (572 Personen)<\/span><\/li>\n<\/ul>\n<p style=\"text-align: justify;\"><span style=\"font-family: arial, helvetica, sans-serif; font-size: 12pt;\">Mit dem 40 m langen, 6,5 m breiten Doppelschraubendampfer <strong>&#8222;Loreley<\/strong>&#8220; (ex <strong>&#8222;Frida-Martha&#8220;<\/strong>) fuhr die Reederei Klempin &amp; Seel von der Michaelbr\u00fccke nach Zielen an der Oberspree. Die Schiffswerft Gebr. Wiemann in Brandenburg a.H. hatte den mit zwei <a href=\"https:\/\/de.wikipedia.org\/wiki\/Verbunddampfmaschine\" target=\"_blank\" rel=\"noopener\">Compoundmaschinen<\/a> zu je 130 PS ausger\u00fcsteten Schlepp- und Personendampfer 1912 f\u00fcr die Firma H. Schr\u00f6der in Magdeburg gebaut.<br \/>\n<\/span><\/p>\n<\/td>\n<\/tr>\n<\/tbody>\n<\/table>\n<p>&nbsp;<\/p>\n<p>&nbsp;<\/p>\n<table style=\"border-collapse: collapse; width: 100%;\">\n<tbody>\n<tr>\n<td style=\"width: 100%; background-color: #ffff00;\"><span style=\"font-family: arial, helvetica, sans-serif; font-size: 12pt;\"><strong>&#8222;Loreley&#8220;<\/strong>, ich sch\u00e4tze um <strong>1923<\/strong>.<\/span><\/p>\n<p><img loading=\"lazy\" decoding=\"async\" class=\"alignnone size-full wp-image-12119\" src=\"https:\/\/berliner-dampfer.de\/wp-content\/uploads\/2025\/01\/1923-ca-LORELEY-klein.jpg\" alt=\"\" width=\"1200\" height=\"760\" srcset=\"https:\/\/berliner-dampfer.de\/wp-content\/uploads\/2025\/01\/1923-ca-LORELEY-klein.jpg 1200w, https:\/\/berliner-dampfer.de\/wp-content\/uploads\/2025\/01\/1923-ca-LORELEY-klein-300x190.jpg 300w, https:\/\/berliner-dampfer.de\/wp-content\/uploads\/2025\/01\/1923-ca-LORELEY-klein-1024x649.jpg 1024w, https:\/\/berliner-dampfer.de\/wp-content\/uploads\/2025\/01\/1923-ca-LORELEY-klein-768x486.jpg 768w\" sizes=\"auto, (max-width: 1200px) 100vw, 1200px\" \/><\/td>\n<\/tr>\n<\/tbody>\n<\/table>\n<p><em><span style=\"font-family: arial, helvetica, sans-serif;\">&nbsp;<\/span><\/em><\/p>\n<p>&nbsp;<\/p>\n<p>&nbsp;<\/p>\n<table style=\"border-collapse: collapse; width: 100%;\">\n<tbody>\n<tr>\n<td style=\"width: 100%; background-color: #ffff00;\"><span style=\"font-family: arial, helvetica, sans-serif; font-size: 12pt;\"><strong>&#8222;Loreley&#8220;<\/strong>, ich sch\u00e4tze um <strong>1929<\/strong>. Vergleichsbild, dass es wohl die &#8222;Loreley&#8220; ist, bitte im <a href=\"https:\/\/www.binnenschifferforum.de\/showthread.php?74849-Loreley-FDS-Baujahr-1912\" target=\"_blank\" rel=\"noopener\">Binnenschifferforum<\/a>, <a href=\"https:\/\/www.binnenschifferforum.de\/attachment.php?attachmentid=584513&amp;d=1453470885\" target=\"_blank\" rel=\"noopener\">hier<\/a>. &#8211; Zum Vergleich die <a href=\"https:\/\/berliner-dampfer.de\/?page_id=1277\" target=\"_blank\" rel=\"noopener\">&#8222;Berolina&#8220;<\/a>, bei mir <a href=\"https:\/\/berliner-dampfer.de\/wp-content\/uploads\/2024\/02\/1936-ca-Berolina-RSoA-klein.jpg\" target=\"_blank\" rel=\"noopener\">hier<\/a>.<br \/>\n<\/span><\/p>\n<p><img loading=\"lazy\" decoding=\"async\" class=\"alignnone size-full wp-image-12120\" src=\"https:\/\/berliner-dampfer.de\/wp-content\/uploads\/2025\/01\/1929-ca-Loreley-klein.jpg\" alt=\"\" width=\"1200\" height=\"770\" srcset=\"https:\/\/berliner-dampfer.de\/wp-content\/uploads\/2025\/01\/1929-ca-Loreley-klein.jpg 1200w, https:\/\/berliner-dampfer.de\/wp-content\/uploads\/2025\/01\/1929-ca-Loreley-klein-300x193.jpg 300w, https:\/\/berliner-dampfer.de\/wp-content\/uploads\/2025\/01\/1929-ca-Loreley-klein-1024x657.jpg 1024w, https:\/\/berliner-dampfer.de\/wp-content\/uploads\/2025\/01\/1929-ca-Loreley-klein-768x493.jpg 768w\" sizes=\"auto, (max-width: 1200px) 100vw, 1200px\" \/><\/td>\n<\/tr>\n<\/tbody>\n<\/table>\n<p><span style=\"font-size: 12pt;\"><em><span style=\"font-family: arial, helvetica, sans-serif;\">&nbsp;<\/span><\/em><\/span><\/p>\n<p>&nbsp;<\/p>\n<p>&nbsp;<\/p>\n<p>&nbsp;<\/p>\n<p>&nbsp;<\/p>\n<p><span style=\"text-decoration: underline;\"><span style=\"font-family: arial, helvetica, sans-serif; font-size: 12pt;\">Zuletzt bearbeitet 26.01.2025<\/span><\/span><\/p>\n","protected":false},"excerpt":{"rendered":"<p>1912 Frida-Martha } Fortuna } Loreley } 1947 Sewastopol Binnenschifferforum: Frida-Martha Binnenschifferforum: Loreley Wikipedia: Loreley (Schiff, 1912) Schiffshistorie in der Datenbank von Uwe Giesler \/&hellip;<\/p>\n","protected":false},"author":1,"featured_media":0,"parent":0,"menu_order":0,"comment_status":"closed","ping_status":"closed","template":"","meta":{"ngg_post_thumbnail":0,"iawp_total_views":5,"footnotes":""},"class_list":["post-11711","page","type-page","status-publish","hentry"],"_links":{"self":[{"href":"https:\/\/berliner-dampfer.de\/index.php?rest_route=\/wp\/v2\/pages\/11711","targetHints":{"allow":["GET"]}}],"collection":[{"href":"https:\/\/berliner-dampfer.de\/index.php?rest_route=\/wp\/v2\/pages"}],"about":[{"href":"https:\/\/berliner-dampfer.de\/index.php?rest_route=\/wp\/v2\/types\/page"}],"author":[{"embeddable":true,"href":"https:\/\/berliner-dampfer.de\/index.php?rest_route=\/wp\/v2\/users\/1"}],"replies":[{"embeddable":true,"href":"https:\/\/berliner-dampfer.de\/index.php?rest_route=%2Fwp%2Fv2%2Fcomments&post=11711"}],"version-history":[{"count":28,"href":"https:\/\/berliner-dampfer.de\/index.php?rest_route=\/wp\/v2\/pages\/11711\/revisions"}],"predecessor-version":[{"id":12124,"href":"https:\/\/berliner-dampfer.de\/index.php?rest_route=\/wp\/v2\/pages\/11711\/revisions\/12124"}],"wp:attachment":[{"href":"https:\/\/berliner-dampfer.de\/index.php?rest_route=%2Fwp%2Fv2%2Fmedia&parent=11711"}],"curies":[{"name":"wp","href":"https:\/\/api.w.org\/{rel}","templated":true}]}}