{"id":12654,"date":"2025-02-14T13:52:15","date_gmt":"2025-02-14T12:52:15","guid":{"rendered":"https:\/\/berliner-dampfer.de\/?page_id=12654"},"modified":"2025-02-21T21:49:47","modified_gmt":"2025-02-21T20:49:47","slug":"baldur-1949","status":"publish","type":"page","link":"https:\/\/berliner-dampfer.de\/?page_id=12654","title":{"rendered":"Lexator"},"content":{"rendered":"<table style=\"border-collapse: collapse; width: 100%;\">\n<tbody>\n<tr>\n<td style=\"width: 100%; background-color: #ffff00;\"><span style=\"font-family: arial, helvetica, sans-serif; font-size: 12pt;\"><span style=\"font-size: 10pt;\">1928<\/span> <strong>Helgoland<\/strong> } <span style=\"font-size: 10pt;\">194x<\/span> <strong>Baldur<\/strong> } <span style=\"font-size: 10pt;\">1955<\/span> <strong>Santa Flora<\/strong> } <span style=\"font-size: 10pt;\">1966<\/span> <strong>Cookie<\/strong> } <span style=\"font-size: 10pt;\">1984<\/span> <strong>Kreuzberg<\/strong> } <span style=\"font-size: 10pt;\">1997<\/span> <strong>Stadt Halle<\/strong> } <span style=\"font-size: 10pt;\">2023<\/span> <strong>Lexator<\/strong><\/span><\/p>\n<p><span style=\"font-family: arial, helvetica, sans-serif; font-size: 12pt;\">Binnenschifferforum: <a href=\"https:\/\/www.binnenschifferforum.de\/showthread.php?100434-Kreuzberg-FGS\" target=\"_blank\" rel=\"noopener\">Kreuzberg<\/a><\/span><br \/>\n<span style=\"font-family: arial, helvetica, sans-serif; font-size: 12pt;\">Binnenschifferforum: <\/span><a href=\"https:\/\/www.binnenschifferforum.de\/showthread.php?53951-Stadt-Halle-FGS-05600520&amp;highlight=Stadt+Halle\" target=\"_blank\" rel=\"noopener\"><span style=\"font-family: arial, helvetica, sans-serif; font-size: 12pt;\">Stadt Halle<\/span><\/a><br \/>\n<span style=\"font-family: arial, helvetica, sans-serif; font-size: 12pt;\">Binnenschifferforum: <\/span><a href=\"https:\/\/www.binnenschifferforum.de\/showthread.php?118759-MS-Lexator-FGS-05600520\" target=\"_blank\" rel=\"noopener\"><span style=\"font-family: arial, helvetica, sans-serif; font-size: 12pt;\">Lexator<\/span><\/a><\/p>\n<p><span style=\"font-family: arial, helvetica, sans-serif; font-size: 12pt;\"><a href=\"https:\/\/www.ddr-binnenschifffahrt.de\/db_verlauf.php?schiffId=4003130\" target=\"_blank\" rel=\"noopener\">Schiffshistorie<\/a> in der Datenbank von Uwe Giesler \/ www.ddr-binnenschifffahrt.de.<\/span><\/td>\n<\/tr>\n<\/tbody>\n<\/table>\n<p>&nbsp;<\/p>\n<table style=\"border-collapse: collapse; width: 100%;\">\n<tbody>\n<tr>\n<td style=\"width: 100%; background-color: #ffd700;\"><span style=\"font-family: arial, helvetica, sans-serif; font-size: 12pt;\">Groggert 1988, Seite 182:<\/span><br \/>\n<span style=\"font-family: arial, helvetica, sans-serif; font-size: 12pt;\">Dem &#8222;Verein gewerblicher Motorbootsbesitzer Berlin und Umgebung&#8220; geh\u00f6rten 1931 folgende Betriebe an:<\/span><br \/>\n<span style=\"font-family: arial, helvetica, sans-serif; font-size: 12pt;\">13. Richard Hilliges, Berlin-Rahnsdorf, Stra\u00dfe 84<\/span><\/p>\n<ul>\n<li style=\"text-align: justify;\"><span style=\"font-family: arial, helvetica, sans-serif; font-size: 12pt;\"><strong>Helgoland<\/strong> &#8211; 127 Personen<\/span><\/li>\n<li style=\"text-align: justify;\"><span style=\"font-family: arial, helvetica, sans-serif; font-size: 12pt;\">M\u00fcggelhorst &#8211; 73 Personen<\/span><\/li>\n<\/ul>\n<p style=\"text-align: justify;\"><span style=\"font-family: arial, helvetica, sans-serif; font-size: 12pt;\">Groggert 1988, Seite 208:<\/span><br \/>\n<span style=\"font-family: arial, helvetica, sans-serif; font-size: 12pt;\">1935 geh\u00f6rten dem \u201eReeder-Verband der Personenschiffahrt zwischen Elbe und Oder\u201c folgende in Berlin und seiner Umgebung ans\u00e4ssige Betriebe und Schiffseigner an:<br \/>\nRichard Hilliges, Berlin-Rahnsdorf, an der Kirche<\/span><\/p>\n<ul style=\"text-align: justify;\">\n<li><span style=\"font-family: arial, helvetica, sans-serif; font-size: 12pt;\">M &#8211; <strong>Helgoland<\/strong> &#8211; 127 Personen<\/span><\/li>\n<li><span style=\"font-family: arial, helvetica, sans-serif; font-size: 12pt;\">M &#8211; M\u00fcggelhorst &#8211; 73 Personen<\/span><\/li>\n<\/ul>\n<p style=\"text-align: justify;\"><span style=\"font-family: arial, helvetica, sans-serif; font-size: 12pt;\">Tourenfahrten nach eigenem Fahrplan.<\/span><br \/>\n<span style=\"font-family: arial, helvetica, sans-serif; font-size: 12pt;\">F\u00e4hrbetrieb Rahnsdorf, An der Dorfkirche &#8211; Weg M\u00fcggelheim-M\u00fcggelberge.<\/span><\/p>\n<p><span style=\"font-family: arial, helvetica, sans-serif; font-size: 12pt;\">Groggert 1988, Seite 272:<\/span><br \/>\n<span style=\"font-family: arial, helvetica, sans-serif; font-size: 12pt;\">Albert Becker, Berlin-Pl\u00f6tzensee, Saatwinkler Damm<\/span><\/p>\n<ul>\n<li><span style=\"font-family: arial, helvetica, sans-serif; font-size: 12pt;\">MS &#8222;Edelwei\u00df&#8220; &#8211; 150 Personen<\/span><\/li>\n<li><span style=\"font-family: arial, helvetica, sans-serif; font-size: 12pt;\">MS <strong>&#8222;Helgoland&#8220;<\/strong> &#8211; 99 Personen<\/span><\/li>\n<\/ul>\n<p><span style=\"font-family: arial, helvetica, sans-serif; font-size: 12pt;\">Sonderfahrten: Hallesches Tor &#8211; Konradsh\u00f6he, Hallesches Tor &#8211; Pfaueninsel und Rundfahrten ab Tegelort (J\u00f6rsfelde) und Hallesches Tor.<\/span><\/p>\n<p style=\"text-align: justify;\"><span style=\"font-family: arial, helvetica, sans-serif; font-size: 12pt;\">Groggert 1988, Seite 286:<\/span><br \/>\n<span style=\"font-family: arial, helvetica, sans-serif; font-size: 12pt;\">Die <strong>&#8222;Helgoland&#8220;<\/strong> der Reederei A. Becker geh\u00f6rte vor dem Kriege der Reederei Richard Hilliges in Rahnsdorf. Das 1928 in Woltersdorf gebaute, 18 m lange, 3,22 m breite Motorboot wurde zun\u00e4chst in <strong>&#8222;Baldur&#8220;<\/strong>, danach in <strong>&#8222;Santa Flora&#8220;<\/strong> umgetauft.<\/span><br \/>\n<span style=\"font-family: arial, helvetica, sans-serif; font-size: 12pt;\">Die Spandauer Reederei V\u00f6lker, die das Schiff 1966 \u00fcbernahm, lie\u00df es auf 29,30 m verl\u00e4ngern und auf 5,20 m verbreitern. Es enthielt nun den Namen &#8222;Cookie&#8220; nach einem von dem Schauspieler <a href=\"https:\/\/de.wikipedia.org\/wiki\/Edd_Byrnes\" target=\"_blank\" rel=\"noopener\">Edward Byrnes<\/a> in der Fernseh-Krimi-Serie <a href=\"https:\/\/de.wikipedia.org\/wiki\/77_Sunset_Strip\" target=\"_blank\" rel=\"noopener\">&#8222;Sunset strip 77&#8220;<\/a> dargestellten Detektiv. Diesen Namen behielt es zun\u00e4chst auch bei der Reederei Heinz Riedel, unter deren Flagge es seit 1977 f\u00e4hrt, bis es nach einem weiteren Umbau 1984 in <strong>&#8222;Kreuzberg&#8220;<\/strong> umgetauft wurde. <strong>&#8222;Kreuzberg&#8220;<\/strong> (ex <strong>&#8222;Cookie&#8220;<\/strong>, ex <strong>&#8222;Santa Flora&#8220;<\/strong>, ex <strong>&#8222;Baldur&#8220;<\/strong>, ex <strong>&#8222;Helgoland&#8220;<\/strong>) ist jetzt 39,82 m lang und 5,21 m breit.<\/span><\/p>\n<\/td>\n<\/tr>\n<\/tbody>\n<\/table>\n<p>&nbsp;<\/p>\n<p>&nbsp;<\/p>\n<p>&nbsp;<\/p>\n<table style=\"border-collapse: collapse; width: 100%;\">\n<tbody>\n<tr>\n<td style=\"width: 100%; background-color: #ffff00;\"><span style=\"font-family: arial, helvetica, sans-serif; font-size: 12pt;\">&#8222;Baldur&#8220;<\/span><\/p>\n<p><img loading=\"lazy\" decoding=\"async\" class=\"alignnone size-full wp-image-12671\" src=\"https:\/\/berliner-dampfer.de\/wp-content\/uploads\/2025\/02\/1959-ca-Baldur-klein.jpg\" alt=\"\" width=\"1200\" height=\"716\" srcset=\"https:\/\/berliner-dampfer.de\/wp-content\/uploads\/2025\/02\/1959-ca-Baldur-klein.jpg 1200w, https:\/\/berliner-dampfer.de\/wp-content\/uploads\/2025\/02\/1959-ca-Baldur-klein-300x179.jpg 300w, https:\/\/berliner-dampfer.de\/wp-content\/uploads\/2025\/02\/1959-ca-Baldur-klein-1024x611.jpg 1024w, https:\/\/berliner-dampfer.de\/wp-content\/uploads\/2025\/02\/1959-ca-Baldur-klein-768x458.jpg 768w\" sizes=\"auto, (max-width: 1200px) 100vw, 1200px\" \/><\/td>\n<\/tr>\n<\/tbody>\n<\/table>\n<p>&nbsp;<\/p>\n<p>&nbsp;<\/p>\n<p>&nbsp;<\/p>\n<p>&nbsp;<\/p>\n<table style=\"border-collapse: collapse; width: 100%;\">\n<tbody>\n<tr>\n<td style=\"width: 100%; background-color: #ffff00;\">\n<p style=\"text-align: center;\"><strong><span style=\"font-family: arial, helvetica, sans-serif; font-size: 12pt;\">1968 <\/span><\/strong><span style=\"font-family: arial, helvetica, sans-serif; font-size: 12pt;\">ca.<\/span><strong><span style=\"font-family: arial, helvetica, sans-serif; font-size: 12pt;\">: Fahrplanheft <\/span><\/strong><span style=\"font-family: arial, helvetica, sans-serif; font-size: 12pt;\">Reederei V\u00f6lker f\u00fcr MS <a href=\"https:\/\/berliner-dampfer.de\/?page_id=12685\" target=\"_blank\" rel=\"noopener\">Tourist<\/a>, MS <strong>Cookie<\/strong> und MS <a href=\"https:\/\/berliner-dampfer.de\/?page_id=12680\" target=\"_blank\" rel=\"noopener\">Venus<\/a><\/span><\/p>\n<p><img loading=\"lazy\" decoding=\"async\" class=\"size-full wp-image-12714 aligncenter\" src=\"https:\/\/berliner-dampfer.de\/wp-content\/uploads\/2025\/02\/1968-ca-TOURIST-COOKIE-VENUS-Fahrplanheft-Reederei-Voelker-01-klein.jpg\" alt=\"\" width=\"980\" height=\"523\" srcset=\"https:\/\/berliner-dampfer.de\/wp-content\/uploads\/2025\/02\/1968-ca-TOURIST-COOKIE-VENUS-Fahrplanheft-Reederei-Voelker-01-klein.jpg 980w, https:\/\/berliner-dampfer.de\/wp-content\/uploads\/2025\/02\/1968-ca-TOURIST-COOKIE-VENUS-Fahrplanheft-Reederei-Voelker-01-klein-300x160.jpg 300w, https:\/\/berliner-dampfer.de\/wp-content\/uploads\/2025\/02\/1968-ca-TOURIST-COOKIE-VENUS-Fahrplanheft-Reederei-Voelker-01-klein-768x410.jpg 768w\" sizes=\"auto, (max-width: 980px) 100vw, 980px\" \/><\/p>\n<p><img loading=\"lazy\" decoding=\"async\" class=\"size-full wp-image-12715 aligncenter\" src=\"https:\/\/berliner-dampfer.de\/wp-content\/uploads\/2025\/02\/1968-ca-TOURIST-COOKIE-VENUS-Fahrplanheft-Reederei-Voelker-02-klein.jpg\" alt=\"\" width=\"980\" height=\"524\" srcset=\"https:\/\/berliner-dampfer.de\/wp-content\/uploads\/2025\/02\/1968-ca-TOURIST-COOKIE-VENUS-Fahrplanheft-Reederei-Voelker-02-klein.jpg 980w, https:\/\/berliner-dampfer.de\/wp-content\/uploads\/2025\/02\/1968-ca-TOURIST-COOKIE-VENUS-Fahrplanheft-Reederei-Voelker-02-klein-300x160.jpg 300w, https:\/\/berliner-dampfer.de\/wp-content\/uploads\/2025\/02\/1968-ca-TOURIST-COOKIE-VENUS-Fahrplanheft-Reederei-Voelker-02-klein-768x411.jpg 768w\" sizes=\"auto, (max-width: 980px) 100vw, 980px\" \/><\/td>\n<\/tr>\n<\/tbody>\n<\/table>\n<p>&nbsp;<\/p>\n<p>&nbsp;<\/p>\n<table style=\"border-collapse: collapse; width: 100%;\">\n<tbody>\n<tr>\n<td style=\"width: 100%; background-color: #ffff00;\"><span style=\"font-family: arial, helvetica, sans-serif; font-size: 12pt;\">Um 1980: Cookie an der Pfaueninsel<\/span><\/p>\n<p><img loading=\"lazy\" decoding=\"async\" class=\"alignnone size-full wp-image-12674\" src=\"https:\/\/berliner-dampfer.de\/wp-content\/uploads\/2025\/02\/1980-ca-Motorschiff-Cookie-01-Pfaueninsel-klein.jpg\" alt=\"\" width=\"1200\" height=\"772\" srcset=\"https:\/\/berliner-dampfer.de\/wp-content\/uploads\/2025\/02\/1980-ca-Motorschiff-Cookie-01-Pfaueninsel-klein.jpg 1200w, https:\/\/berliner-dampfer.de\/wp-content\/uploads\/2025\/02\/1980-ca-Motorschiff-Cookie-01-Pfaueninsel-klein-300x193.jpg 300w, https:\/\/berliner-dampfer.de\/wp-content\/uploads\/2025\/02\/1980-ca-Motorschiff-Cookie-01-Pfaueninsel-klein-1024x659.jpg 1024w, https:\/\/berliner-dampfer.de\/wp-content\/uploads\/2025\/02\/1980-ca-Motorschiff-Cookie-01-Pfaueninsel-klein-768x494.jpg 768w\" sizes=\"auto, (max-width: 1200px) 100vw, 1200px\" \/><\/p>\n<p><img loading=\"lazy\" decoding=\"async\" class=\" wp-image-12675 alignnone\" src=\"https:\/\/berliner-dampfer.de\/wp-content\/uploads\/2025\/02\/1980-ca-Motorschiff-Cookie-02-klein.jpg\" alt=\"\" width=\"559\" height=\"371\" srcset=\"https:\/\/berliner-dampfer.de\/wp-content\/uploads\/2025\/02\/1980-ca-Motorschiff-Cookie-02-klein.jpg 800w, https:\/\/berliner-dampfer.de\/wp-content\/uploads\/2025\/02\/1980-ca-Motorschiff-Cookie-02-klein-300x199.jpg 300w, https:\/\/berliner-dampfer.de\/wp-content\/uploads\/2025\/02\/1980-ca-Motorschiff-Cookie-02-klein-768x510.jpg 768w\" sizes=\"auto, (max-width: 559px) 100vw, 559px\" \/> <img loading=\"lazy\" decoding=\"async\" class=\" wp-image-12676 alignright\" src=\"https:\/\/berliner-dampfer.de\/wp-content\/uploads\/2025\/02\/1980-ca-Motorschiff-Cookie-03-klein.jpg\" alt=\"\" width=\"240\" height=\"361\" srcset=\"https:\/\/berliner-dampfer.de\/wp-content\/uploads\/2025\/02\/1980-ca-Motorschiff-Cookie-03-klein.jpg 400w, https:\/\/berliner-dampfer.de\/wp-content\/uploads\/2025\/02\/1980-ca-Motorschiff-Cookie-03-klein-200x300.jpg 200w\" sizes=\"auto, (max-width: 240px) 100vw, 240px\" \/><\/td>\n<\/tr>\n<\/tbody>\n<\/table>\n<p>&nbsp;<\/p>\n<p>&nbsp;<\/p>\n<table style=\"border-collapse: collapse; width: 100%;\">\n<tbody>\n<tr>\n<td style=\"width: 100%; background-color: #ffff00;\"><span style=\"font-family: arial, helvetica, sans-serif; font-size: 12pt;\">Juli <strong>1999<\/strong> <strong>&#8222;Stadt Halle&#8220;<\/strong>. Die Aufnahmen stammen aus der Sammlung von <a href=\"https:\/\/berliner-dampfer.de\/?page_id=194\" target=\"_blank\" rel=\"noopener\">Dieter Schubert<\/a> (1 Bild mit Vermerk: &#8222;Foto: Foerster&#8220;).<\/span><\/p>\n<p><img loading=\"lazy\" decoding=\"async\" class=\"alignnone size-full wp-image-12990\" src=\"https:\/\/berliner-dampfer.de\/wp-content\/uploads\/2025\/02\/1999-07-00-STADT-HALLE-01-klein.jpg\" alt=\"\" width=\"1200\" height=\"588\" srcset=\"https:\/\/berliner-dampfer.de\/wp-content\/uploads\/2025\/02\/1999-07-00-STADT-HALLE-01-klein.jpg 1200w, https:\/\/berliner-dampfer.de\/wp-content\/uploads\/2025\/02\/1999-07-00-STADT-HALLE-01-klein-300x147.jpg 300w, https:\/\/berliner-dampfer.de\/wp-content\/uploads\/2025\/02\/1999-07-00-STADT-HALLE-01-klein-1024x502.jpg 1024w, https:\/\/berliner-dampfer.de\/wp-content\/uploads\/2025\/02\/1999-07-00-STADT-HALLE-01-klein-768x376.jpg 768w\" sizes=\"auto, (max-width: 1200px) 100vw, 1200px\" \/><\/p>\n<p><img loading=\"lazy\" decoding=\"async\" class=\"alignnone size-full wp-image-12989\" src=\"https:\/\/berliner-dampfer.de\/wp-content\/uploads\/2025\/02\/1999-07-STADT-HALLE-02-klein.jpg\" alt=\"\" width=\"1200\" height=\"866\" srcset=\"https:\/\/berliner-dampfer.de\/wp-content\/uploads\/2025\/02\/1999-07-STADT-HALLE-02-klein.jpg 1200w, https:\/\/berliner-dampfer.de\/wp-content\/uploads\/2025\/02\/1999-07-STADT-HALLE-02-klein-300x217.jpg 300w, https:\/\/berliner-dampfer.de\/wp-content\/uploads\/2025\/02\/1999-07-STADT-HALLE-02-klein-1024x739.jpg 1024w, https:\/\/berliner-dampfer.de\/wp-content\/uploads\/2025\/02\/1999-07-STADT-HALLE-02-klein-768x554.jpg 768w\" sizes=\"auto, (max-width: 1200px) 100vw, 1200px\" \/><\/td>\n<\/tr>\n<\/tbody>\n<\/table>\n<p>&nbsp;<\/p>\n<p>&nbsp;<\/p>\n<p>&nbsp;<\/p>\n<table style=\"border-collapse: collapse; width: 100%;\">\n<tbody>\n<tr>\n<td style=\"width: 22.9516%; text-align: left; vertical-align: top;\"><a href=\"https:\/\/lex-event.berlin\/event-schiff\/ms-flotte\/\" target=\"_blank\" rel=\"noopener\"><span style=\"font-family: arial, helvetica, sans-serif; font-size: 12pt;\">14.02.2025<\/span><\/a><br \/>\n<span style=\"font-family: arial, helvetica, sans-serif; font-size: 12pt;\">(Funddatum)<\/span><span style=\"font-family: arial, helvetica, sans-serif; font-size: 12pt;\">LEX Event Berlin GmbH<\/span><\/td>\n<td style=\"width: 77.0484%; background-color: #c0c0ff; text-align: left; vertical-align: top;\"><strong><span style=\"font-family: arial, helvetica, sans-serif; font-size: 12pt;\">MS LEXATOR<\/span><\/strong><\/p>\n<p style=\"text-align: justify;\"><span style=\"font-family: arial, helvetica, sans-serif; font-size: 12pt;\">Die MS Lexator ist ein faszinierendes Schiff mit einer interessanten Geschichte. Es wurde urspr\u00fcnglich im Jahr 1965 in Dienst gestellt und hat im Laufe der Jahre verschiedene Ver\u00e4nderungen und Umbenennungen erfahren. Jetzt lassen Sie uns einen Blick auf die technischen Details dieses einzigartigen Schiffs werfen.<\/span><\/p>\n<ul>\n<li><span style=\"font-family: arial, helvetica, sans-serif; font-size: 12pt;\">Baujahr 1928, Umbau 1966\/1984<\/span><\/li>\n<li><span style=\"font-family: arial, helvetica, sans-serif; font-size: 12pt;\">Schiffseinheiten insgesamt, 80 inkl. Export<\/span><\/li>\n<li><span style=\"font-family: arial, helvetica, sans-serif; font-size: 12pt;\">L\u00e4nge \u00fcber alles: ca. 39,82 m<\/span><\/li>\n<li><span style=\"font-family: arial, helvetica, sans-serif; font-size: 12pt;\">Breite \u00fcber alles: ca. 5,78 m<\/span><\/li>\n<li><span style=\"font-family: arial, helvetica, sans-serif; font-size: 12pt;\">Hauptmaschine: 6-Zylinder Diesel<\/span><\/li>\n<li><span style=\"font-family: arial, helvetica, sans-serif; font-size: 12pt;\">H\u00f6chstgeschwindigkeit: ca. 25kmh<\/span><\/li>\n<\/ul>\n<\/td>\n<\/tr>\n<\/tbody>\n<\/table>\n<p>&nbsp;<\/p>\n<p>&nbsp;<\/p>\n<p>&nbsp;<\/p>\n<p><span style=\"text-decoration: underline;\"><span style=\"font-family: arial, helvetica, sans-serif; font-size: 12pt;\">Zuletzt bearbeitet 14.02.2025<\/span><\/span><\/p>\n","protected":false},"excerpt":{"rendered":"<p>1928 Helgoland } 194x Baldur } 1955 Santa Flora } 1966 Cookie } 1984 Kreuzberg } 1997 Stadt Halle } 2023 Lexator Binnenschifferforum: Kreuzberg Binnenschifferforum:&hellip;<\/p>\n","protected":false},"author":1,"featured_media":0,"parent":0,"menu_order":0,"comment_status":"closed","ping_status":"closed","template":"","meta":{"ngg_post_thumbnail":0,"iawp_total_views":14,"footnotes":""},"class_list":["post-12654","page","type-page","status-publish","hentry"],"_links":{"self":[{"href":"https:\/\/berliner-dampfer.de\/index.php?rest_route=\/wp\/v2\/pages\/12654","targetHints":{"allow":["GET"]}}],"collection":[{"href":"https:\/\/berliner-dampfer.de\/index.php?rest_route=\/wp\/v2\/pages"}],"about":[{"href":"https:\/\/berliner-dampfer.de\/index.php?rest_route=\/wp\/v2\/types\/page"}],"author":[{"embeddable":true,"href":"https:\/\/berliner-dampfer.de\/index.php?rest_route=\/wp\/v2\/users\/1"}],"replies":[{"embeddable":true,"href":"https:\/\/berliner-dampfer.de\/index.php?rest_route=%2Fwp%2Fv2%2Fcomments&post=12654"}],"version-history":[{"count":22,"href":"https:\/\/berliner-dampfer.de\/index.php?rest_route=\/wp\/v2\/pages\/12654\/revisions"}],"predecessor-version":[{"id":12991,"href":"https:\/\/berliner-dampfer.de\/index.php?rest_route=\/wp\/v2\/pages\/12654\/revisions\/12991"}],"wp:attachment":[{"href":"https:\/\/berliner-dampfer.de\/index.php?rest_route=%2Fwp%2Fv2%2Fmedia&parent=12654"}],"curies":[{"name":"wp","href":"https:\/\/api.w.org\/{rel}","templated":true}]}}