{"id":12928,"date":"2025-02-20T08:02:02","date_gmt":"2025-02-20T07:02:02","guid":{"rendered":"https:\/\/berliner-dampfer.de\/?page_id=12928"},"modified":"2026-04-08T16:59:28","modified_gmt":"2026-04-08T14:59:28","slug":"havelglueck-2","status":"publish","type":"page","link":"https:\/\/berliner-dampfer.de\/?page_id=12928","title":{"rendered":"Havelgl\u00fcck"},"content":{"rendered":"<table style=\"border-collapse: collapse; width: 100%; height: 24px;\">\n<tbody>\n<tr style=\"height: 24px;\">\n<td style=\"width: 100%; background-color: #ffff00; height: 24px;\"><span style=\"font-family: arial, helvetica, sans-serif; font-size: 12pt;\">1971 <strong>Berlin<\/strong> } 2006 <strong>Havelland<\/strong> } 2019 <strong>Havelgl\u00fcck<\/strong><\/span><\/p>\n<p><span style=\"font-family: arial, helvetica, sans-serif; font-size: 10pt;\"><strong>\u2190<\/strong> <a href=\"https:\/\/berliner-dampfer.de\/?page_id=5635\" target=\"_blank\" rel=\"noopener\"><span style=\"color: #ff0000;\">Entstanden aus<\/span><\/a>: 1895 <strong>Neptun<\/strong> } 1898 <strong>Berlin<\/strong><\/span><\/p>\n<p><span style=\"font-family: arial, helvetica, sans-serif; font-size: 12pt;\">Reederei L\u00fcdicke: <\/span><a href=\"https:\/\/www.reederei-luedicke.de\/havelglueck.htm\" target=\"_blank\" rel=\"noopener\"><span style=\"font-family: arial, helvetica, sans-serif; font-size: 12pt;\">MS Havelgl\u00fcck<\/span><\/a><span style=\"font-family: arial, helvetica, sans-serif; font-size: 12pt;\"> &#8211; <span style=\"color: #ff0000;\"><em>Mit Elektro-Antrieb<\/em><\/span><\/span><\/p>\n<p><span style=\"font-family: arial, helvetica, sans-serif; font-size: 12pt;\">Binnenschifferforum: <a href=\"https:\/\/www.binnenschifferforum.de\/showthread.php?50339-Berlin-FGS-5607600-Das-Schiff-kenne-Ich\" target=\"_blank\" rel=\"noopener\">Berlin<\/a><br \/>\nBinnenschifferforum: <a href=\"https:\/\/www.binnenschifferforum.de\/showthread.php?24539-Havelland-FGS-5607600\" target=\"_blank\" rel=\"noopener\">Havelland<\/a><br \/>\nBinnenschifferforum: <a href=\"https:\/\/www.binnenschifferforum.de\/showthread.php?96539-Havelgl\u00fcck-FGS-05607600\" target=\"_blank\" rel=\"noopener\">Havelgl\u00fcck<\/a><\/span><\/p>\n<p><span style=\"font-family: arial, helvetica, sans-serif; font-size: 12pt;\">Wikipedia: <\/span><a href=\"https:\/\/de.wikipedia.org\/wiki\/Havelgl\u00fcck\" target=\"_blank\" rel=\"noopener\"><span style=\"font-family: arial, helvetica, sans-serif; font-size: 12pt;\">Havelgl\u00fcck<\/span><\/a><\/p>\n<p><span style=\"font-family: arial, helvetica, sans-serif; font-size: 12pt;\"><a href=\"https:\/\/www.ddr-binnenschifffahrt.de\/db_verlauf.php?schiffId=4003016\" target=\"_blank\" rel=\"noopener\">Schiffshistorie<\/a> in der Datenbank von Uwe Giesler \/ www.ddr-binnenschifffahrt.de.<\/span><\/p>\n<p><span style=\"font-family: arial, helvetica, sans-serif; font-size: 12pt;\"><a href=\"https:\/\/www.ddr-binnenschifffahrt.de\/schiffstyp-pass-flaggschiff.htm\" target=\"_blank\" rel=\"noopener\">Passagierschiffe der Flaggschiffsklasse<\/a> von Uwe Giesler<\/span><\/td>\n<\/tr>\n<\/tbody>\n<\/table>\n<p>&nbsp;<\/p>\n<table style=\"border-collapse: collapse; width: 100%;\">\n<tbody>\n<tr>\n<td style=\"width: 100%; background-color: #ffd700;\"><span style=\"font-family: arial, helvetica, sans-serif; font-size: 12pt;\"><a href=\"https:\/\/berliner-dampfer.de\/?page_id=194\" target=\"_blank\" rel=\"noopener\">Groggert 1988<\/a>, Seite 328:<\/span><br \/>\n<span style=\"font-family: arial, helvetica, sans-serif; font-size: 12pt;\">Wei\u00dfe Flotte Potsdam\u2026<\/span><br \/>\n<span style=\"font-family: arial, helvetica, sans-serif; font-size: 12pt;\">Die 1971 in Dienst gestellte, 34 m lange, 6 m breite <strong>\u201cBerlin\u201d<\/strong> hat noch ein <a href=\"https:\/\/berliner-dampfer.de\/?page_id=2228\" target=\"_blank\" rel=\"noopener\">Schwesterschiff in Brandenburg<\/a><\/span><br \/>\n<span style=\"font-family: arial, helvetica, sans-serif; font-size: 12pt;\">MS <strong>\u201cBerlin\u201d<\/strong> \u2013 Tagungs- und Konferenzschiff<\/span><br \/>\n<span style=\"font-family: arial, helvetica, sans-serif; font-size: 12pt;\">Restaurant an Bord<\/span><br \/>\n<span style=\"font-family: arial, helvetica, sans-serif; font-size: 12pt;\">280 Pl\u00e4tze insgesamt<\/span><br \/>\n<span style=\"font-family: arial, helvetica, sans-serif; font-size: 12pt;\">230 Innenpl\u00e4tze<\/span><br \/>\n<span style=\"font-family: arial, helvetica, sans-serif; font-size: 12pt;\">Mietpreis Std. 180 M<\/span><\/td>\n<\/tr>\n<\/tbody>\n<\/table>\n<p>&nbsp;<\/p>\n<table style=\"border-collapse: collapse; width: 100%;\">\n<tbody>\n<tr>\n<td style=\"width: 100%; background-color: #c0c0ff;\">\n<p style=\"text-align: justify;\"><span style=\"font-family: arial, helvetica, sans-serif; font-size: 12pt;\"><a href=\"https:\/\/berliner-dampfer.de\/?page_id=194\" target=\"_blank\" rel=\"noopener\">Rook 1993<\/a>, aus Seiten 88\/89\/90:<\/span><\/p>\n<p style=\"text-align: justify;\"><span style=\"font-family: arial, helvetica, sans-serif; font-size: 12pt;\"><strong>Die Wei\u00dfe Flotte reagierte auf die neuen Anspr\u00fcche und Anforderungen, jedoch nicht mit Neubauten, da diese in der \u201csozialistischen Planwirtschaft\u201d nur nach langwierigen Verfahren genehmigt wurden, sondern mit der Modernisierung \u00fcber Rekonstruktion<\/strong>.<\/span><\/p>\n<p style=\"text-align: justify;\"><span style=\"font-family: arial, helvetica, sans-serif; font-size: 12pt;\">Das erste Schiff war die MS <a href=\"https:\/\/berliner-dampfer.de\/?page_id=5564\" target=\"_blank\" rel=\"noopener\">\u201cStrandbad Ferch\u201d<\/a>, das 1966 als Dampfer \u201cPotsdam\u201d stillgelegt worden war. Durch einen vollst\u00e4ndigen Neuaufbau \u2013 \u00fcbrig blieben von der \u201cPotsdam\u201d nur zwei alte Platten im Schiffsboden \u2013 hatte das 1969 wieder in Dienst gestellte Schiff ein v\u00f6llig anderes Aussehen erhalten.<\/span><\/p>\n<p style=\"text-align: justify;\"><span style=\"font-family: arial, helvetica, sans-serif; font-size: 12pt;\">Das technische Besondere daran war. da\u00df es sich um das erste Fahrgastschiff in der ehemaligen DDR handelte, das mit einem sogenannten <a href=\"https:\/\/de.wikipedia.org\/wiki\/Z-Antrieb\" target=\"_blank\" rel=\"noopener\">Z-Antrieb<\/a> ausgestattet war. Bei diesem Antrieb lagen Motor und Getriebe nicht mehr in der Mitte des Schiffsk\u00f6rpers, sondern waren im Heck untergebracht, und Ruderanlage sowie die Schiffspropeller bildeten eine Antriebseinheit. Mit dieser Anlage war das von der Schiffswerft Genthin unter der Mitwirkung von Potsdamer Experten projektierte Schiff Vorbild f\u00fcr mehrere nachfolgende Einheiten. Als weitere Neuerung wurde ein Ruderhaus aufgebaut, das sich per Knopfdruck pneumatisch senken lie\u00df, damit entfiel dessen st\u00e4ndiges Auf- und Abbauen bei Br\u00fcckendurchfahrten. Diese \u201eversenkbaren\u201c Ruderh\u00e4user erhielten bei sp\u00e4teren Rekonstruktionen auch die Schiffe \u201eSanssouci\u201c, \u201eCecilienhof\u201c und <strong>\u201eBerlin\u201c<\/strong>. \u2026<\/span><\/p>\n<p style=\"text-align: justify;\"><span style=\"font-family: arial, helvetica, sans-serif; font-size: 12pt;\">Der MS \u201eStrandbad Ferch\u201c folgte als weiterer Neubau 1971 die MS <strong>\u201eBerlin\u201c<\/strong>. Projektant und Bauherr war wieder die <a href=\"https:\/\/de.wikipedia.org\/wiki\/SET_Schiffbau-_u._Entwicklungsgesellschaft_Tangerm\u00fcnde\" target=\"_blank\" rel=\"noopener\">Genthiner Werft<\/a>. Bei diesem verbesserten Schiffstyp legte man besonderen Wert auf mehr Umweltvertr\u00e4glichkeit. Erstmals gelang es, den Ger\u00e4uschpegel im Fahrgastraum unter 45 Dezibel abzusenken. Damit war das energische Bem\u00fchen bei der Wei\u00dfen Flotte Potsdam erkennbar, eine Dampferfahrt noch angenehmer zu gestalten. M\u00f6glich wurde diese ger\u00e4usch\u00e4rmere Fahrt durch die elastische Aufh\u00e4ngung der gesamten Antriebssektion. Geringerer Ger\u00e4uschpegel und eine niveauvolle Gesamtgestaltung machten die MS <strong>\u201eBerlin\u201c<\/strong> zu einem universell einsetzbaren Fahrgastschiff.<\/span><br \/>\n<span style=\"font-family: arial, helvetica, sans-serif; font-size: 12pt;\">Bis in die Gegenwart wurden viele Konferenz-, Tagungs- und Gesellschaftsfahrten durchgef\u00fchrt. Insgesamt k\u00f6nnen 280 Passagiere an Bord genommen werden. F\u00fcr seine Eigner erwies sich die MS \u201e<strong>Berlin\u201c<\/strong> als ein \u00e4u\u00dferst rentables Schiff. Es sollte auf Jahre hinaus bestimmendes Vorbild im Fahrgastschiffbai in der ehemaligen DDR sein.<\/span><\/p>\n<\/td>\n<\/tr>\n<\/tbody>\n<\/table>\n<p>&nbsp;<\/p>\n<p>&nbsp;<\/p>\n<p>&nbsp;<\/p>\n<table style=\"border-collapse: collapse; width: 100%;\">\n<tbody>\n<tr>\n<td style=\"width: 100%; background-color: #ffff00; text-align: left; vertical-align: top;\">\n<p style=\"text-align: justify;\"><span style=\"font-family: arial, helvetica, sans-serif; font-size: 12pt;\">AK, Aufnahmejahr vermutlich <strong>1979<\/strong>, postalisch gelaufen 09.08.1980, frankiert mit <a href=\"https:\/\/de.wikipedia.org\/wiki\/Briefmarken-Jahrgang_1980_der_Deutschen_Post_der_DDR\" target=\"_blank\" rel=\"noopener\">DDR-Michelnummer 2523 aus 1980<\/a>, 10 Pfennig, \u201eVom Aussterben bedrohte Tiere, <a href=\"https:\/\/de.wikipedia.org\/wiki\/Tierpark_Berlin\" target=\"_blank\" rel=\"noopener\">Tierpark Berlin<\/a> \/&nbsp;<a href=\"https:\/\/de.wikipedia.org\/wiki\/Kleine_Pandas\" target=\"_blank\" rel=\"noopener\">Katzenb\u00e4ren<\/a>\u201e. Mit Bordstempel, interessanterweise jedoch nicht \u201eMS Berlin, sondern&nbsp; \u201eMS Sanssouci Wei\u00dfe Flotte Potsdam\u201c. Poststempel \u201eCottbus\u201c 11.08.1980, Textauszug:<\/span><\/p>\n<blockquote><p><span style=\"font-family: arial, helvetica, sans-serif; font-size: 12pt;\">Von unserer sch\u00f6nen <a href=\"https:\/\/de.wikipedia.org\/wiki\/Freier_Deutscher_Gewerkschaftsbund\" target=\"_blank\" rel=\"noopener\">FDGB<\/a>-Fahrt sende ich Dir herzliche Gr\u00fc\u00dfe. Es ist wundersch\u00f6n, \u00fcberall stand f\u00fcr uns alles bereit\u2026.<\/span><\/p><\/blockquote>\n<p style=\"text-align: justify;\"><span style=\"font-family: arial, helvetica, sans-serif; font-size: 12pt;\">Diese Karte ist also ein Schiffsbeleg:<\/span><\/p>\n<p><img loading=\"lazy\" decoding=\"async\" class=\"alignnone size-full wp-image-12953\" src=\"https:\/\/berliner-dampfer.de\/wp-content\/uploads\/2025\/02\/1979-ca-1980-08-09-MS-Berlin-klein-a.jpg\" alt=\"\" width=\"1200\" height=\"1038\" srcset=\"https:\/\/berliner-dampfer.de\/wp-content\/uploads\/2025\/02\/1979-ca-1980-08-09-MS-Berlin-klein-a.jpg 1200w, https:\/\/berliner-dampfer.de\/wp-content\/uploads\/2025\/02\/1979-ca-1980-08-09-MS-Berlin-klein-a-300x260.jpg 300w, https:\/\/berliner-dampfer.de\/wp-content\/uploads\/2025\/02\/1979-ca-1980-08-09-MS-Berlin-klein-a-1024x886.jpg 1024w, https:\/\/berliner-dampfer.de\/wp-content\/uploads\/2025\/02\/1979-ca-1980-08-09-MS-Berlin-klein-a-768x664.jpg 768w\" sizes=\"auto, (max-width: 1200px) 100vw, 1200px\" \/><\/td>\n<\/tr>\n<\/tbody>\n<\/table>\n<p>&nbsp;<\/p>\n<table style=\"border-collapse: collapse; width: 100%;\">\n<tbody>\n<tr>\n<td style=\"width: 100%; background-color: #ffff00;\">\n<p style=\"text-align: justify;\"><span style=\"font-family: arial, helvetica, sans-serif; font-size: 12pt;\">AK, Aufnahmejahr vermutlich <strong>1985<\/strong>, postalisch gelaufen 1986, frankiert mit <a href=\"https:\/\/de.wikipedia.org\/wiki\/Briefmarken-Jahrgang_1985_der_Deutschen_Post_der_DDR\" target=\"_blank\" rel=\"noopener\">DDR-Michelnummer 2976 aus 1985<\/a>, 10 Pfennig, <a href=\"https:\/\/de.wikipedia.org\/wiki\/Burg_Hohnstein_(S\u00e4chsische_Schweiz)\" target=\"_blank\" rel=\"noopener\">Burg Hohnstein (S\u00e4chsische Schweiz)<\/a>. Mit Bordstempel, interessanterweise jedoch nicht \u201eMS Berlin, sondern&nbsp; \u201eMS Sanssouci Wei\u00dfe Flotte Potsdam\u201c. Poststempel \u201e4600 Wittenberg Lutherstadt\u201c und Werbestempel \u201erationell zahlen \u2013 VERSICHERUNG \u2013 abbuchen lassen\u201c, Textauszug:<\/span><\/p>\n<blockquote><p><span style=\"font-family: arial, helvetica, sans-serif; font-size: 12pt;\">\u201eDie besten Gr\u00fc\u00dfe von einer Tagesfahrt nach Potsdam\u2026.\u201c<\/span><\/p><\/blockquote>\n<p style=\"text-align: justify;\"><span style=\"font-family: arial, helvetica, sans-serif; font-size: 12pt;\">Die Karte ist also ein Schiffsbeleg:<\/span><\/p>\n<p><img loading=\"lazy\" decoding=\"async\" class=\"alignnone size-full wp-image-12956\" src=\"https:\/\/berliner-dampfer.de\/wp-content\/uploads\/2025\/02\/1985-ca-gelaufen-1986-MS-Berlin-klein-a.jpg\" alt=\"\" width=\"1200\" height=\"1034\" srcset=\"https:\/\/berliner-dampfer.de\/wp-content\/uploads\/2025\/02\/1985-ca-gelaufen-1986-MS-Berlin-klein-a.jpg 1200w, https:\/\/berliner-dampfer.de\/wp-content\/uploads\/2025\/02\/1985-ca-gelaufen-1986-MS-Berlin-klein-a-300x259.jpg 300w, https:\/\/berliner-dampfer.de\/wp-content\/uploads\/2025\/02\/1985-ca-gelaufen-1986-MS-Berlin-klein-a-1024x882.jpg 1024w, https:\/\/berliner-dampfer.de\/wp-content\/uploads\/2025\/02\/1985-ca-gelaufen-1986-MS-Berlin-klein-a-768x662.jpg 768w\" sizes=\"auto, (max-width: 1200px) 100vw, 1200px\" \/><\/td>\n<\/tr>\n<\/tbody>\n<\/table>\n<p>&nbsp;<\/p>\n<p>&nbsp;<\/p>\n<table style=\"border-collapse: collapse; width: 100%;\">\n<tbody>\n<tr>\n<td style=\"width: 18.6081%; text-align: left; vertical-align: top;\"><span style=\"font-family: arial, helvetica, sans-serif; font-size: 12pt;\">Reederei Bolz, <\/span><br \/>\n<span style=\"font-family: arial, helvetica, sans-serif; font-size: 12pt;\">14715 Stechow:<\/span><\/td>\n<td style=\"width: 81.3919%; background-color: #c0c0ff; vertical-align: top; text-align: justify;\"><span style=\"font-family: arial, helvetica, sans-serif; font-size: 12pt;\">Das Fahrgastschiff FGS <strong>Havelland<\/strong> kam anl\u00e4sslich der Landesgartenschau im Jahre 2006 [<a href=\"https:\/\/de.wikipedia.org\/wiki\/Rathenow#Sehensw%C3%BCrdigkeiten_und_Kultur\" target=\"_blank\" rel=\"noopener\">in Rathenow<\/a>] in unseren Beisitz und wurde im Jahr 2006 zusammen mit der MS Sonnenschein f\u00fcr die LAGA 2006 eingesetzt. Seit 2007 fuhr das FGS <strong>Havelland<\/strong> im Havelberger Raum, auf Havel und Elbe. Im Jahr 2010 ist es f\u00fcr die Autostadt in Wolfsburg im Einsatz.<\/span><\/td>\n<\/tr>\n<\/tbody>\n<\/table>\n<p>&nbsp;<\/p>\n<table style=\"border-collapse: collapse; width: 100%;\">\n<tbody>\n<tr>\n<td style=\"width: 18.9043%; text-align: left; vertical-align: top;\"><span style=\"font-family: arial, helvetica, sans-serif; font-size: 12pt;\">2009 <\/span><\/p>\n<p><span style=\"font-family: arial, helvetica, sans-serif; font-size: 12pt;\"><a href=\"https:\/\/www.wolfsburg-citytour.de\/wolfsburg-tourist\/Archiv_Autostadt_ab_2009\/FGS_Havelland\/fgs_havelland.html\" target=\"_blank\" rel=\"noopener\">Archiv wolfsburg-citytour.de<\/a>:<\/span><\/td>\n<td style=\"width: 81.0958%; background-color: #c0c0ff; text-align: left; vertical-align: top;\"><span style=\"font-family: arial, helvetica, sans-serif; font-size: 12pt;\">Die FGS <strong>Havelland<\/strong> war das Ausflugsschiff der Autostadt f\u00fcr den Mittellandkanal. Der Nachfolger, die Hanseblick, wurde im April 2021 nach Portugal \u00fcberf\u00fchrt. Eine Neuaufnahme der Ausfl\u00fcge auf dem Mittellandkanal rechnet sich derzeit leider nicht mehr.<\/span><\/td>\n<\/tr>\n<\/tbody>\n<\/table>\n<p>&nbsp;<\/p>\n<table style=\"border-collapse: collapse; width: 100%;\">\n<tbody>\n<tr>\n<td style=\"width: 18.7068%; text-align: left; vertical-align: top;\"><span style=\"font-family: arial, helvetica, sans-serif; font-size: 12pt;\">2011<\/span><\/p>\n<p><span style=\"font-family: arial, helvetica, sans-serif; font-size: 12pt;\">Reederei Bolz<\/span><\/td>\n<td style=\"width: 81.2932%; background-color: #c0c0ff; text-align: left; vertical-align: top;\"><img loading=\"lazy\" decoding=\"async\" class=\"alignnone size-full wp-image-12960\" src=\"https:\/\/berliner-dampfer.de\/wp-content\/uploads\/2025\/02\/2011-ca-Reederei-Bolz-FGS-Havelland.jpg\" alt=\"\" width=\"770\" height=\"568\" srcset=\"https:\/\/berliner-dampfer.de\/wp-content\/uploads\/2025\/02\/2011-ca-Reederei-Bolz-FGS-Havelland.jpg 770w, https:\/\/berliner-dampfer.de\/wp-content\/uploads\/2025\/02\/2011-ca-Reederei-Bolz-FGS-Havelland-300x221.jpg 300w, https:\/\/berliner-dampfer.de\/wp-content\/uploads\/2025\/02\/2011-ca-Reederei-Bolz-FGS-Havelland-768x567.jpg 768w\" sizes=\"auto, (max-width: 770px) 100vw, 770px\" \/><\/td>\n<\/tr>\n<\/tbody>\n<\/table>\n<p>&nbsp;<\/p>\n<p>&nbsp;<\/p>\n<table style=\"border-collapse: collapse; width: 100%;\">\n<tbody>\n<tr>\n<td style=\"width: 18.5094%; text-align: left; vertical-align: top;\"><span style=\"font-family: arial, helvetica, sans-serif; font-size: 12pt;\">Bekanntmachung vom <a href=\"https:\/\/ms-heiterkeit.de\/ausschreibung.htm\" target=\"_blank\" rel=\"noopener\">05.10.2023<\/a><\/span><\/p>\n<p><span style=\"font-family: arial, helvetica, sans-serif; font-size: 12pt;\">Ausschreibung Umbau Fahrgastschiff<\/span><\/p>\n<p><span style=\"font-family: arial, helvetica, sans-serif; font-size: 12pt;\">Reederei L\u00fcdicke<\/span><\/td>\n<td style=\"width: 81.4906%; background-color: #c0c0ff; text-align: left; vertical-align: top;\">&nbsp;<\/p>\n<p><span style=\"font-family: arial, helvetica, sans-serif; font-size: 12pt;\"><span class=\"xr_tl Normal_Text xr_s47 xr_bold xr_italic\">Ausschreibungsgesuch:<\/span> <\/span><\/p>\n<p><strong><span style=\"font-family: arial, helvetica, sans-serif; font-size: 12pt;\"><span class=\"xr_tl Normal_Text xr_s47 xr_bold xr_italic\">\u201eUmbau des Fahrgastschiffs Havelgl\u00fcck zu einem Schiff mit elektrischem Hybridantrieb\u201c<\/span><\/span><\/strong><\/p>\n<p><a href=\"https:\/\/ms-heiterkeit.de\/index_htm_files\/Ausschreibung_05_10_2023.pdf\" target=\"_blank\" rel=\"noopener\"><span style=\"font-family: arial, helvetica, sans-serif; font-size: 12pt;\"><del>Zur Ausschreibung<\/del><\/span><\/a><\/td>\n<\/tr>\n<\/tbody>\n<\/table>\n<p>&nbsp;<\/p>\n<p>&nbsp;<\/p>\n<table style=\"border-collapse: collapse; width: 100%; height: 24px;\">\n<tbody>\n<tr style=\"height: 24px;\">\n<td style=\"width: 18.9042%; text-align: left; vertical-align: top; height: 24px;\"><span style=\"font-family: arial, helvetica, sans-serif; font-size: 12pt;\">08.02.2024<br \/>\n<span style=\"font-size: 10pt;\">(Funddatum)<\/span><\/span><span style=\"font-family: arial, helvetica, sans-serif; font-size: 12pt;\">Reederei L\u00fcdicke<\/span><\/td>\n<td style=\"width: 81.0958%; background-color: #c0c0ff; text-align: left; vertical-align: top; height: 24px;\"><img loading=\"lazy\" decoding=\"async\" class=\"alignnone size-full wp-image-12961\" src=\"https:\/\/berliner-dampfer.de\/wp-content\/uploads\/2025\/02\/2024-02-08-MS-Havelglueck-Reederei-Luedicke-Baujahr.jpg\" alt=\"\" width=\"879\" height=\"448\" srcset=\"https:\/\/berliner-dampfer.de\/wp-content\/uploads\/2025\/02\/2024-02-08-MS-Havelglueck-Reederei-Luedicke-Baujahr.jpg 879w, https:\/\/berliner-dampfer.de\/wp-content\/uploads\/2025\/02\/2024-02-08-MS-Havelglueck-Reederei-Luedicke-Baujahr-300x153.jpg 300w, https:\/\/berliner-dampfer.de\/wp-content\/uploads\/2025\/02\/2024-02-08-MS-Havelglueck-Reederei-Luedicke-Baujahr-768x391.jpg 768w\" sizes=\"auto, (max-width: 879px) 100vw, 879px\" \/><\/td>\n<\/tr>\n<\/tbody>\n<\/table>\n<p>&nbsp;<\/p>\n<p>&nbsp;<\/p>\n<table style=\"border-collapse: collapse; width: 100%;\">\n<tbody>\n<tr>\n<td style=\"width: 19.2991%; text-align: left; vertical-align: top;\"><span style=\"font-family: arial, helvetica, sans-serif; font-size: 12pt;\">20.02.2025<br \/>\n<span style=\"font-size: 10pt;\">(Funddatum)<\/span><\/span><span style=\"font-family: arial, helvetica, sans-serif; font-size: 12pt;\">Reederei L\u00fcdicke<\/span><\/td>\n<td style=\"width: 80.7009%; background-color: #c0c0ff; text-align: left; vertical-align: top;\"><span style=\"font-family: arial, helvetica, sans-serif; font-size: 12pt;\">Inzwischen mit Elektro-Antrieb: <\/span><\/p>\n<p><img loading=\"lazy\" decoding=\"async\" class=\"alignnone size-full wp-image-12964\" src=\"https:\/\/berliner-dampfer.de\/wp-content\/uploads\/2025\/02\/2025-02-20-MS-Havelglueck-Reederei-Luedicke-klein-a.jpg\" alt=\"\" width=\"1614\" height=\"515\" srcset=\"https:\/\/berliner-dampfer.de\/wp-content\/uploads\/2025\/02\/2025-02-20-MS-Havelglueck-Reederei-Luedicke-klein-a.jpg 1614w, https:\/\/berliner-dampfer.de\/wp-content\/uploads\/2025\/02\/2025-02-20-MS-Havelglueck-Reederei-Luedicke-klein-a-300x96.jpg 300w, https:\/\/berliner-dampfer.de\/wp-content\/uploads\/2025\/02\/2025-02-20-MS-Havelglueck-Reederei-Luedicke-klein-a-1024x327.jpg 1024w, https:\/\/berliner-dampfer.de\/wp-content\/uploads\/2025\/02\/2025-02-20-MS-Havelglueck-Reederei-Luedicke-klein-a-768x245.jpg 768w, https:\/\/berliner-dampfer.de\/wp-content\/uploads\/2025\/02\/2025-02-20-MS-Havelglueck-Reederei-Luedicke-klein-a-1536x490.jpg 1536w\" sizes=\"auto, (max-width: 1614px) 100vw, 1614px\" \/><\/td>\n<\/tr>\n<\/tbody>\n<\/table>\n<p>&nbsp;<\/p>\n<p>&nbsp;<\/p>\n<table style=\"border-collapse: collapse; width: 100%;\">\n<tbody>\n<tr>\n<td style=\"width: 100%; background-color: #ffff00;\"><span style=\"font-family: arial, helvetica, sans-serif; font-size: 12pt;\">&#8222;<strong>Havelgl\u00fcck<\/strong>&#8220; am <strong>27.04.2025<\/strong> in Spandau im S\u00fcdhafen:<\/span><\/p>\n<p><img loading=\"lazy\" decoding=\"async\" class=\"alignnone size-full wp-image-18399\" src=\"https:\/\/berliner-dampfer.de\/wp-content\/uploads\/2026\/04\/2025-04-27-IMG_5929-HAVELGLUeCK-Spandau-Suedhafen-klein-a.jpg\" alt=\"\" width=\"1200\" height=\"675\" srcset=\"https:\/\/berliner-dampfer.de\/wp-content\/uploads\/2026\/04\/2025-04-27-IMG_5929-HAVELGLUeCK-Spandau-Suedhafen-klein-a.jpg 1200w, https:\/\/berliner-dampfer.de\/wp-content\/uploads\/2026\/04\/2025-04-27-IMG_5929-HAVELGLUeCK-Spandau-Suedhafen-klein-a-300x169.jpg 300w, https:\/\/berliner-dampfer.de\/wp-content\/uploads\/2026\/04\/2025-04-27-IMG_5929-HAVELGLUeCK-Spandau-Suedhafen-klein-a-1024x576.jpg 1024w, https:\/\/berliner-dampfer.de\/wp-content\/uploads\/2026\/04\/2025-04-27-IMG_5929-HAVELGLUeCK-Spandau-Suedhafen-klein-a-768x432.jpg 768w\" sizes=\"auto, (max-width: 1200px) 100vw, 1200px\" \/><\/td>\n<\/tr>\n<\/tbody>\n<\/table>\n<p>&nbsp;<\/p>\n<p>&nbsp;<\/p>\n<p>&nbsp;<\/p>\n<p>&nbsp;<\/p>\n<p><span style=\"text-decoration: underline;\"><span style=\"font-family: arial, helvetica, sans-serif; font-size: 12pt;\">Zuletzt bearbeitet 08.04.2026<\/span><\/span><\/p>\n","protected":false},"excerpt":{"rendered":"<p>1971 Berlin } 2006 Havelland } 2019 Havelgl\u00fcck \u2190 Entstanden aus: 1895 Neptun } 1898 Berlin Reederei L\u00fcdicke: MS Havelgl\u00fcck &#8211; Mit Elektro-Antrieb Binnenschifferforum: Berlin&hellip;<\/p>\n","protected":false},"author":1,"featured_media":0,"parent":121,"menu_order":0,"comment_status":"closed","ping_status":"closed","template":"","meta":{"ngg_post_thumbnail":0,"iawp_total_views":63,"footnotes":""},"class_list":["post-12928","page","type-page","status-publish","hentry"],"_links":{"self":[{"href":"https:\/\/berliner-dampfer.de\/index.php?rest_route=\/wp\/v2\/pages\/12928","targetHints":{"allow":["GET"]}}],"collection":[{"href":"https:\/\/berliner-dampfer.de\/index.php?rest_route=\/wp\/v2\/pages"}],"about":[{"href":"https:\/\/berliner-dampfer.de\/index.php?rest_route=\/wp\/v2\/types\/page"}],"author":[{"embeddable":true,"href":"https:\/\/berliner-dampfer.de\/index.php?rest_route=\/wp\/v2\/users\/1"}],"replies":[{"embeddable":true,"href":"https:\/\/berliner-dampfer.de\/index.php?rest_route=%2Fwp%2Fv2%2Fcomments&post=12928"}],"version-history":[{"count":23,"href":"https:\/\/berliner-dampfer.de\/index.php?rest_route=\/wp\/v2\/pages\/12928\/revisions"}],"predecessor-version":[{"id":18402,"href":"https:\/\/berliner-dampfer.de\/index.php?rest_route=\/wp\/v2\/pages\/12928\/revisions\/18402"}],"up":[{"embeddable":true,"href":"https:\/\/berliner-dampfer.de\/index.php?rest_route=\/wp\/v2\/pages\/121"}],"wp:attachment":[{"href":"https:\/\/berliner-dampfer.de\/index.php?rest_route=%2Fwp%2Fv2%2Fmedia&parent=12928"}],"curies":[{"name":"wp","href":"https:\/\/api.w.org\/{rel}","templated":true}]}}