{"id":13237,"date":"2025-02-27T13:04:10","date_gmt":"2025-02-27T12:04:10","guid":{"rendered":"https:\/\/berliner-dampfer.de\/?page_id=13237"},"modified":"2025-03-17T05:41:28","modified_gmt":"2025-03-17T04:41:28","slug":"scharmuetzelsee","status":"publish","type":"page","link":"https:\/\/berliner-dampfer.de\/?page_id=13237","title":{"rendered":"Scharm\u00fctzelsee"},"content":{"rendered":"<table style=\"border-collapse: collapse; width: 100%;\">\n<tbody>\n<tr>\n<td style=\"width: 100%; background-color: #ffff00;\"><span style=\"font-family: arial, helvetica, sans-serif; font-size: 12pt;\"><strong>Freiheit<\/strong> } <span style=\"font-size: 10pt;\">1970<\/span> <strong>Scharm\u00fctzelsee<\/strong><\/span><\/p>\n<p><span style=\"font-family: arial, helvetica, sans-serif; font-size: 12pt;\">Wikipedia: <\/span><a href=\"https:\/\/de.wikipedia.org\/wiki\/Pik_As_(Schiff,_1924)\" target=\"_blank\" rel=\"noopener\"><span style=\"font-family: arial, helvetica, sans-serif; font-size: 12pt;\">Pik As (Schiff, 1924)<\/span><\/a><\/p>\n<p><span style=\"font-family: arial, helvetica, sans-serif; font-size: 12pt;\"><a href=\"https:\/\/www.ddr-binnenschifffahrt.de\/db_verlauf.php?schiffId=4003134\" target=\"_blank\" rel=\"noopener\">Schiffshistorie<\/a> in der Datenbank von Uwe Giesler \/ www.ddr-binnenschifffahrt.de (<a href=\"https:\/\/www.ddr-binnenschifffahrt.de\/fotogalerie-gross\/Passagier\/P-088-0101-scharmuetzelsee.JPG\" target=\"_blank\" rel=\"noopener\">Foto 1<\/a> und <a href=\"https:\/\/www.ddr-binnenschifffahrt.de\/fotogalerie-gross\/Passagier\/P-088-0001-freiheit-p587.jpg\" target=\"_blank\" rel=\"noopener\">Foto 2<\/a>) . <span style=\"font-size: 10pt;\">\u2190 Bei mir siehe bitte: <a href=\"https:\/\/berliner-dampfer.de\/?page_id=13141\" target=\"_blank\" rel=\"noopener\">1924 Pik-As<\/a><\/span><\/span><\/td>\n<\/tr>\n<\/tbody>\n<\/table>\n<p>&nbsp;<\/p>\n<table style=\"border-collapse: collapse; width: 100%;\">\n<tbody>\n<tr>\n<td style=\"width: 100%; background-color: #ffd700;\"><span style=\"font-family: arial, helvetica, sans-serif; font-size: 12pt;\"><a href=\"https:\/\/berliner-dampfer.de\/?page_id=194\" target=\"_blank\" rel=\"noopener\">Groggert 1988<\/a>, Seite 297:<\/span><\/p>\n<p style=\"text-align: justify;\"><span style=\"font-family: arial, helvetica, sans-serif; font-size: 12pt;\"><span style=\"font-family: arial black, sans-serif;\"><span style=\"font-family: arial, helvetica, sans-serif;\">Den Namen <a href=\"https:\/\/berliner-dampfer.de\/?page_id=4295\" target=\"_blank\" rel=\"noopener\">&#8222;Heinrich Zille&#8220;<\/a> f\u00fchrte seit 1958 in Ostberlin der zum Motorschiff umgebaute fr\u00fchere Dampfer &#8222;Baurat Hobrecht&#8220;, und auch ein Motorschiff <strong>&#8222;Freiheit&#8220;<\/strong> hat es bis 1971 auf der <a href=\"https:\/\/de.wikipedia.org\/wiki\/Oberspree\" target=\"_blank\" rel=\"noopener\">Oberspree<\/a> und <a href=\"https:\/\/de.wikipedia.org\/wiki\/Dahme_(Fluss)\" target=\"_blank\" rel=\"noopener\">Dahme<\/a> gegeben.<\/span> <\/span><br \/>\n<\/span><\/p>\n<p><span style=\"font-family: arial, helvetica, sans-serif; font-size: 12pt;\">Groggert 1988, Seite 319:<\/span><br \/>\n<span style=\"font-family: arial, helvetica, sans-serif; font-size: 12pt;\">Im Fr\u00fchjahr 1970 taufte die &#8222;Wei\u00dfe Flotte Berlin&#8220; viele der \u00e4lteren Motorschiffe um, n\u00e4mlich<\/span><br \/>\n<span style=\"font-family: arial, helvetica, sans-serif; font-size: 12pt;\">&#8230;.<\/span><br \/>\n<span style=\"font-family: arial, helvetica, sans-serif; font-size: 12pt;\"><strong>&#8222;Freiheit&#8220;<\/strong> in <strong>&#8222;Scharm\u00fctzelsee&#8220;<\/strong><\/span><br \/>\n<span style=\"font-family: arial, helvetica, sans-serif; font-size: 12pt;\">&#8230;.<\/span><\/td>\n<\/tr>\n<\/tbody>\n<\/table>\n<p>&nbsp;<\/p>\n<p>&nbsp;<\/p>\n<p>&nbsp;<\/p>\n<table style=\"border-collapse: collapse; width: 100%;\">\n<tbody>\n<tr>\n<td style=\"width: 100%; background-color: #ffff00;\"><span style=\"font-family: arial, helvetica, sans-serif; font-size: 12pt;\"><strong>&#8222;Freiheit&#8220;<\/strong>. AK Aufnahmejahr <strong>1959<\/strong> ca., postalisch gelaufen 15.07.1960.<\/span><\/p>\n<p><img loading=\"lazy\" decoding=\"async\" class=\"alignnone size-full wp-image-13250\" src=\"https:\/\/berliner-dampfer.de\/wp-content\/uploads\/2025\/02\/1959-ca-1960-07-15-FREIHEIT-klein.jpg\" alt=\"\" width=\"1200\" height=\"925\" srcset=\"https:\/\/berliner-dampfer.de\/wp-content\/uploads\/2025\/02\/1959-ca-1960-07-15-FREIHEIT-klein.jpg 1200w, https:\/\/berliner-dampfer.de\/wp-content\/uploads\/2025\/02\/1959-ca-1960-07-15-FREIHEIT-klein-300x231.jpg 300w, https:\/\/berliner-dampfer.de\/wp-content\/uploads\/2025\/02\/1959-ca-1960-07-15-FREIHEIT-klein-1024x789.jpg 1024w, https:\/\/berliner-dampfer.de\/wp-content\/uploads\/2025\/02\/1959-ca-1960-07-15-FREIHEIT-klein-768x592.jpg 768w\" sizes=\"auto, (max-width: 1200px) 100vw, 1200px\" \/><\/p>\n<p><span style=\"text-decoration: underline;\"><span style=\"font-family: arial, helvetica, sans-serif; font-size: 12pt;\">Vergr\u00f6\u00dfert:<\/span><\/span><\/p>\n<p><img loading=\"lazy\" decoding=\"async\" class=\"alignnone size-full wp-image-13251\" src=\"https:\/\/berliner-dampfer.de\/wp-content\/uploads\/2025\/02\/1959-ca-1960-07-15-FREIHEIT-klein-a.jpg\" alt=\"\" width=\"1200\" height=\"462\" srcset=\"https:\/\/berliner-dampfer.de\/wp-content\/uploads\/2025\/02\/1959-ca-1960-07-15-FREIHEIT-klein-a.jpg 1200w, https:\/\/berliner-dampfer.de\/wp-content\/uploads\/2025\/02\/1959-ca-1960-07-15-FREIHEIT-klein-a-300x116.jpg 300w, https:\/\/berliner-dampfer.de\/wp-content\/uploads\/2025\/02\/1959-ca-1960-07-15-FREIHEIT-klein-a-1024x394.jpg 1024w, https:\/\/berliner-dampfer.de\/wp-content\/uploads\/2025\/02\/1959-ca-1960-07-15-FREIHEIT-klein-a-768x296.jpg 768w\" sizes=\"auto, (max-width: 1200px) 100vw, 1200px\" \/><\/td>\n<\/tr>\n<\/tbody>\n<\/table>\n<p>&nbsp;<\/p>\n<p>&nbsp;<\/p>\n<table style=\"border-collapse: collapse; width: 100%;\">\n<tbody>\n<tr>\n<td style=\"width: 100%; background-color: #ff8c00;\"><span style=\"font-family: arial, helvetica, sans-serif; font-size: 12pt;\">Noch eine weitere &#8222;FREIHEIT&#8220;.<\/span><\/td>\n<\/tr>\n<tr>\n<td style=\"width: 100%; background-color: #ffff00;\"><span style=\"font-family: arial, helvetica, sans-serif; font-size: 12pt;\"><a href=\"https:\/\/berliner-dampfer.de\/wp-content\/uploads\/2025\/03\/1951-ca-FREIHEIT-gross-S.jpg\"><img loading=\"lazy\" decoding=\"async\" class=\"alignright wp-image-13898\" src=\"https:\/\/berliner-dampfer.de\/wp-content\/uploads\/2025\/03\/1951-ca-FREIHEIT-gross-S.jpg\" alt=\"\" width=\"150\" height=\"104\" srcset=\"https:\/\/berliner-dampfer.de\/wp-content\/uploads\/2025\/03\/1951-ca-FREIHEIT-gross-S.jpg 443w, https:\/\/berliner-dampfer.de\/wp-content\/uploads\/2025\/03\/1951-ca-FREIHEIT-gross-S-300x209.jpg 300w\" sizes=\"auto, (max-width: 150px) 100vw, 150px\" \/><\/a>&#8222;Freiheit&#8220;. Burgruine <a href=\"https:\/\/de.wikipedia.org\/wiki\/Burg_Sch\u00f6nburg_(Sch\u00f6nburg)\" target=\"_blank\" rel=\"noopener\">Sch\u00f6nburg<\/a> b. <a href=\"https:\/\/de.wikipedia.org\/wiki\/Naumburg_(Saale)\" target=\"_blank\" rel=\"noopener\">Naumburg \/Saale<\/a><\/span><\/p>\n<p><span style=\"font-family: arial, helvetica, sans-serif; font-size: 12pt;\">Heimathafen: &#8222;S&#8230;.&#8220; (? SENZIG ?). Dann k\u00f6nnte es das <a href=\"https:\/\/www.ddr-binnenschifffahrt.de\/db_verlauf.php?schiffId=4003134\" target=\"_blank\" rel=\"noopener\">Schiff der &#8222;Familie Wei\u00df&#8220;<\/a> sein?<\/span><\/p>\n<p><span style=\"font-family: arial, helvetica, sans-serif; font-size: 12pt;\">Abwarten und weitere Bilder sammeln. &nbsp;\ud83d\ude09&nbsp; <\/span><\/p>\n<p>&nbsp;<\/p>\n<p><img loading=\"lazy\" decoding=\"async\" class=\"alignnone size-full wp-image-13894\" src=\"https:\/\/berliner-dampfer.de\/wp-content\/uploads\/2025\/03\/1951-ca-FREIHEIT-klein.jpg\" alt=\"\" width=\"1200\" height=\"780\" srcset=\"https:\/\/berliner-dampfer.de\/wp-content\/uploads\/2025\/03\/1951-ca-FREIHEIT-klein.jpg 1200w, https:\/\/berliner-dampfer.de\/wp-content\/uploads\/2025\/03\/1951-ca-FREIHEIT-klein-300x195.jpg 300w, https:\/\/berliner-dampfer.de\/wp-content\/uploads\/2025\/03\/1951-ca-FREIHEIT-klein-1024x666.jpg 1024w, https:\/\/berliner-dampfer.de\/wp-content\/uploads\/2025\/03\/1951-ca-FREIHEIT-klein-768x499.jpg 768w\" sizes=\"auto, (max-width: 1200px) 100vw, 1200px\" \/><\/p>\n<p><span style=\"font-family: arial, helvetica, sans-serif; font-size: 12pt;\">Vergr\u00f6\u00dfert:<\/span><\/p>\n<p><img loading=\"lazy\" decoding=\"async\" class=\"alignnone size-full wp-image-13895\" src=\"https:\/\/berliner-dampfer.de\/wp-content\/uploads\/2025\/03\/1951-ca-FREIHEIT-klein-a.jpg\" alt=\"\" width=\"1200\" height=\"438\" srcset=\"https:\/\/berliner-dampfer.de\/wp-content\/uploads\/2025\/03\/1951-ca-FREIHEIT-klein-a.jpg 1200w, https:\/\/berliner-dampfer.de\/wp-content\/uploads\/2025\/03\/1951-ca-FREIHEIT-klein-a-300x110.jpg 300w, https:\/\/berliner-dampfer.de\/wp-content\/uploads\/2025\/03\/1951-ca-FREIHEIT-klein-a-1024x374.jpg 1024w, https:\/\/berliner-dampfer.de\/wp-content\/uploads\/2025\/03\/1951-ca-FREIHEIT-klein-a-768x280.jpg 768w\" sizes=\"auto, (max-width: 1200px) 100vw, 1200px\" \/><\/td>\n<\/tr>\n<\/tbody>\n<\/table>\n<p>&nbsp;<\/p>\n<p>&nbsp;<\/p>\n<p>&nbsp;<\/p>\n<p>&nbsp;<\/p>\n<p>&nbsp;<\/p>\n<p>&nbsp;<\/p>\n<p><span style=\"text-decoration: underline;\"><span style=\"font-family: arial, helvetica, sans-serif; font-size: 12pt;\">Zuletzt bearbeitet 17.03.2025<\/span><\/span><\/p>\n","protected":false},"excerpt":{"rendered":"<p>Freiheit } 1970 Scharm\u00fctzelsee Wikipedia: Pik As (Schiff, 1924) Schiffshistorie in der Datenbank von Uwe Giesler \/ www.ddr-binnenschifffahrt.de (Foto 1 und Foto 2) . \u2190&hellip;<\/p>\n","protected":false},"author":1,"featured_media":0,"parent":0,"menu_order":0,"comment_status":"closed","ping_status":"closed","template":"","meta":{"ngg_post_thumbnail":0,"iawp_total_views":13,"footnotes":""},"class_list":["post-13237","page","type-page","status-publish","hentry"],"_links":{"self":[{"href":"https:\/\/berliner-dampfer.de\/index.php?rest_route=\/wp\/v2\/pages\/13237","targetHints":{"allow":["GET"]}}],"collection":[{"href":"https:\/\/berliner-dampfer.de\/index.php?rest_route=\/wp\/v2\/pages"}],"about":[{"href":"https:\/\/berliner-dampfer.de\/index.php?rest_route=\/wp\/v2\/types\/page"}],"author":[{"embeddable":true,"href":"https:\/\/berliner-dampfer.de\/index.php?rest_route=\/wp\/v2\/users\/1"}],"replies":[{"embeddable":true,"href":"https:\/\/berliner-dampfer.de\/index.php?rest_route=%2Fwp%2Fv2%2Fcomments&post=13237"}],"version-history":[{"count":14,"href":"https:\/\/berliner-dampfer.de\/index.php?rest_route=\/wp\/v2\/pages\/13237\/revisions"}],"predecessor-version":[{"id":13900,"href":"https:\/\/berliner-dampfer.de\/index.php?rest_route=\/wp\/v2\/pages\/13237\/revisions\/13900"}],"wp:attachment":[{"href":"https:\/\/berliner-dampfer.de\/index.php?rest_route=%2Fwp%2Fv2%2Fmedia&parent=13237"}],"curies":[{"name":"wp","href":"https:\/\/api.w.org\/{rel}","templated":true}]}}