{"id":13716,"date":"2025-03-10T18:00:29","date_gmt":"2025-03-10T17:00:29","guid":{"rendered":"https:\/\/berliner-dampfer.de\/?page_id=13716"},"modified":"2025-03-10T18:09:17","modified_gmt":"2025-03-10T17:09:17","slug":"uwe-1931","status":"publish","type":"page","link":"https:\/\/berliner-dampfer.de\/?page_id=13716","title":{"rendered":"Uwe (1931)"},"content":{"rendered":"<table style=\"border-collapse: collapse; width: 100%;\">\n<tbody>\n<tr>\n<td style=\"width: 100%; background-color: #ffff00;\"><span style=\"font-family: arial, helvetica, sans-serif; font-size: 12pt;\"><span style=\"font-size: 10pt;\">1931<\/span> <strong>Uwe<\/strong><\/span><\/td>\n<\/tr>\n<\/tbody>\n<\/table>\n<p>&nbsp;<\/p>\n<table style=\"border-collapse: collapse; width: 100%;\">\n<tbody>\n<tr>\n<td style=\"width: 100%; background-color: #ffff00;\">\n<p style=\"text-align: justify;\"><span style=\"font-family: arial, helvetica, sans-serif; font-size: 12pt;\"><a href=\"https:\/\/berliner-dampfer.de\/?page_id=194\" target=\"_blank\" rel=\"noopener\">Groggert 1988<\/a>, Seite 271:<\/span><\/p>\n<p style=\"text-align: justify;\"><span style=\"font-family: arial, helvetica, sans-serif; font-size: 12pt;\">Bis 1951 war auf der Unterhavel und dem <a href=\"https:\/\/de.wikipedia.org\/wiki\/Griebnitzkanal\" target=\"_blank\" rel=\"noopener\">Prinz-Leopold-Kanal<\/a> noch das Motorschiff <strong>&#8222;Uwe&#8220;<\/strong> der Reederei Hamann zu sehen. Das 1931 in Nienburg gebaute, 23,12 m lange, 4,15 m breite Fahrzeug konnte 180 Personen fassen. Au\u00dfer diesem, in der Form und Anordnung der Fahrgastr\u00e4ume f\u00fcr Berlin ungew\u00f6hnlichen Schiff besa\u00df die Reederei Hamann noch das 1905 in Rummelsburg gebaute Motorboot &#8222;Ahoi&#8220;. Es war 14,4 m lang, 2,63 m breit und f\u00fcr 68 Personen vermessen.<\/span><\/p>\n<\/td>\n<\/tr>\n<\/tbody>\n<\/table>\n<p>&nbsp;<\/p>\n<p>&nbsp;<\/p>\n<p>&nbsp;<\/p>\n<p><img loading=\"lazy\" decoding=\"async\" class=\"alignnone size-full wp-image-13724\" src=\"https:\/\/berliner-dampfer.de\/wp-content\/uploads\/2025\/03\/1951-UWE-Groggert-1988-Seite-265-1200.jpg\" alt=\"\" width=\"1200\" height=\"795\" srcset=\"https:\/\/berliner-dampfer.de\/wp-content\/uploads\/2025\/03\/1951-UWE-Groggert-1988-Seite-265-1200.jpg 1200w, https:\/\/berliner-dampfer.de\/wp-content\/uploads\/2025\/03\/1951-UWE-Groggert-1988-Seite-265-1200-300x199.jpg 300w, https:\/\/berliner-dampfer.de\/wp-content\/uploads\/2025\/03\/1951-UWE-Groggert-1988-Seite-265-1200-1024x678.jpg 1024w, https:\/\/berliner-dampfer.de\/wp-content\/uploads\/2025\/03\/1951-UWE-Groggert-1988-Seite-265-1200-768x509.jpg 768w\" sizes=\"auto, (max-width: 1200px) 100vw, 1200px\" \/><\/p>\n<p>&nbsp;<\/p>\n<p>&nbsp;<\/p>\n<p>&nbsp;<\/p>\n<p>&nbsp;<\/p>\n<p><span style=\"text-decoration: underline;\"><span style=\"font-family: arial, helvetica, sans-serif; font-size: 12pt;\">Zuletzt bearbeitet 10.03.2025<\/span><\/span><\/p>\n","protected":false},"excerpt":{"rendered":"<p>1931 Uwe &nbsp; Groggert 1988, Seite 271: Bis 1951 war auf der Unterhavel und dem Prinz-Leopold-Kanal noch das Motorschiff &#8222;Uwe&#8220; der Reederei Hamann zu sehen.&hellip;<\/p>\n","protected":false},"author":1,"featured_media":0,"parent":0,"menu_order":0,"comment_status":"closed","ping_status":"closed","template":"","meta":{"ngg_post_thumbnail":0,"iawp_total_views":6,"footnotes":""},"class_list":["post-13716","page","type-page","status-publish","hentry"],"_links":{"self":[{"href":"https:\/\/berliner-dampfer.de\/index.php?rest_route=\/wp\/v2\/pages\/13716","targetHints":{"allow":["GET"]}}],"collection":[{"href":"https:\/\/berliner-dampfer.de\/index.php?rest_route=\/wp\/v2\/pages"}],"about":[{"href":"https:\/\/berliner-dampfer.de\/index.php?rest_route=\/wp\/v2\/types\/page"}],"author":[{"embeddable":true,"href":"https:\/\/berliner-dampfer.de\/index.php?rest_route=\/wp\/v2\/users\/1"}],"replies":[{"embeddable":true,"href":"https:\/\/berliner-dampfer.de\/index.php?rest_route=%2Fwp%2Fv2%2Fcomments&post=13716"}],"version-history":[{"count":5,"href":"https:\/\/berliner-dampfer.de\/index.php?rest_route=\/wp\/v2\/pages\/13716\/revisions"}],"predecessor-version":[{"id":13725,"href":"https:\/\/berliner-dampfer.de\/index.php?rest_route=\/wp\/v2\/pages\/13716\/revisions\/13725"}],"wp:attachment":[{"href":"https:\/\/berliner-dampfer.de\/index.php?rest_route=%2Fwp%2Fv2%2Fmedia&parent=13716"}],"curies":[{"name":"wp","href":"https:\/\/api.w.org\/{rel}","templated":true}]}}