{"id":1445,"date":"2024-02-15T08:58:28","date_gmt":"2024-02-15T07:58:28","guid":{"rendered":"https:\/\/berliner-dampfer.de\/?page_id=1445"},"modified":"2025-02-25T19:44:32","modified_gmt":"2025-02-25T18:44:32","slug":"1959-fahrgastschiff-rhein-kd","status":"publish","type":"page","link":"https:\/\/berliner-dampfer.de\/?page_id=1445","title":{"rendered":"1959 &#8211; Berlin (Fahrgastschiff &#8211; KD)"},"content":{"rendered":"<table style=\"border-collapse: collapse; width: 100%;\">\n<tbody>\n<tr>\n<td style=\"width: 100%; background-color: #ffff00; text-align: left; vertical-align: top;\"><span style=\"font-family: arial, helvetica, sans-serif; font-size: 12pt;\"><span style=\"font-size: 10pt;\">1959<\/span> <strong>Berlin<\/strong> } <span style=\"font-size: 10pt;\">2006<\/span> <strong>Tourmalijn<\/strong> } <span style=\"font-size: 10pt;\">2011<\/span> <strong>River ZZ<\/strong><\/span><\/p>\n<p><span style=\"font-family: arial, helvetica, sans-serif; font-size: 12pt;\">Binnenschifferforum: <a href=\"https:\/\/www.binnenschifferforum.de\/showthread.php?22061-Berlin-(KD)-FGS-04200260\" target=\"_blank\" rel=\"noopener\">Berlin<\/a><\/span><\/p>\n<p><span style=\"font-family: arial, helvetica, sans-serif; font-size: 12pt;\">Wikipedia: <\/span><a href=\"https:\/\/de.wikipedia.org\/wiki\/Berlin_(Schiff,_1959)\" target=\"_blank\" rel=\"noopener\"><span style=\"font-family: arial, helvetica, sans-serif; font-size: 12pt;\">Berlin (Schiff, 1959)<\/span><\/a><\/p>\n<blockquote><p><span style=\"font-family: arial, helvetica, sans-serif; font-size: 10pt;\">&#8222;Am 14. Mai [1959] taufte <a href=\"https:\/\/de.wikipedia.org\/wiki\/Rut_Brandt\" target=\"_blank\" rel=\"noopener\">Rut Brandt<\/a>, die Ehefrau des damals regierenden B\u00fcrgermeisters von Berlin <a href=\"https:\/\/de.wikipedia.org\/wiki\/Willy_Brandt\" target=\"_blank\" rel=\"noopener\">Willy Brandt<\/a>, das Schiff in Mainz auf den Namen Berlin.&#8220;<\/span><\/p>\n<p><span style=\"font-family: arial, helvetica, sans-serif; font-size: 10pt;\">&#8222;Die River ZZ wurde Anfang 2012 bei Nederland BV in \u2019s-Gravendeel verschrottet.&#8220;<\/span><\/p><\/blockquote>\n<\/td>\n<\/tr>\n<\/tbody>\n<\/table>\n<p>&nbsp;<\/p>\n<p>&nbsp;<\/p>\n<p>&nbsp;<\/p>\n<p><a href=\"https:\/\/berliner-dampfer.de\/wp-content\/uploads\/2024\/02\/1959-ca-Berlin-Luftbild-Rhein-klein.jpg\" target=\"_blank\" rel=\"noopener\"><img loading=\"lazy\" decoding=\"async\" class=\"alignnone wp-image-1451 size-full\" src=\"https:\/\/berliner-dampfer.de\/wp-content\/uploads\/2024\/02\/1959-ca-Berlin-Luftbild-Rhein-klein.jpg\" alt=\"\" width=\"1200\" height=\"608\" srcset=\"https:\/\/berliner-dampfer.de\/wp-content\/uploads\/2024\/02\/1959-ca-Berlin-Luftbild-Rhein-klein.jpg 1200w, https:\/\/berliner-dampfer.de\/wp-content\/uploads\/2024\/02\/1959-ca-Berlin-Luftbild-Rhein-klein-300x152.jpg 300w, https:\/\/berliner-dampfer.de\/wp-content\/uploads\/2024\/02\/1959-ca-Berlin-Luftbild-Rhein-klein-1024x519.jpg 1024w, https:\/\/berliner-dampfer.de\/wp-content\/uploads\/2024\/02\/1959-ca-Berlin-Luftbild-Rhein-klein-768x389.jpg 768w\" sizes=\"auto, (max-width: 1200px) 100vw, 1200px\" \/><\/a><\/p>\n<p>&nbsp;<\/p>\n<p>&nbsp;<\/p>\n<p><a href=\"https:\/\/berliner-dampfer.de\/wp-content\/uploads\/2024\/02\/1960-09-23-Berlin-KD-klein.jpg\" target=\"_blank\" rel=\"noopener\"><img loading=\"lazy\" decoding=\"async\" class=\"alignnone wp-image-1452 size-full\" src=\"https:\/\/berliner-dampfer.de\/wp-content\/uploads\/2024\/02\/1960-09-23-Berlin-KD-klein.jpg\" alt=\"\" width=\"1200\" height=\"1073\" srcset=\"https:\/\/berliner-dampfer.de\/wp-content\/uploads\/2024\/02\/1960-09-23-Berlin-KD-klein.jpg 1200w, https:\/\/berliner-dampfer.de\/wp-content\/uploads\/2024\/02\/1960-09-23-Berlin-KD-klein-300x268.jpg 300w, https:\/\/berliner-dampfer.de\/wp-content\/uploads\/2024\/02\/1960-09-23-Berlin-KD-klein-1024x916.jpg 1024w, https:\/\/berliner-dampfer.de\/wp-content\/uploads\/2024\/02\/1960-09-23-Berlin-KD-klein-768x687.jpg 768w\" sizes=\"auto, (max-width: 1200px) 100vw, 1200px\" \/><\/a><\/p>\n<p>&nbsp;<\/p>\n<p>&nbsp;<\/p>\n<p><a href=\"https:\/\/berliner-dampfer.de\/wp-content\/uploads\/2024\/02\/1978-09-13-MS-Berlin-vor-Maeuseturm-Ruine-Ehrenfels-klein.jpg\" target=\"_blank\" rel=\"noopener\"><img loading=\"lazy\" decoding=\"async\" class=\"alignnone wp-image-1453 size-full\" src=\"https:\/\/berliner-dampfer.de\/wp-content\/uploads\/2024\/02\/1978-09-13-MS-Berlin-vor-Maeuseturm-Ruine-Ehrenfels-klein.jpg\" alt=\"\" width=\"1200\" height=\"1076\" srcset=\"https:\/\/berliner-dampfer.de\/wp-content\/uploads\/2024\/02\/1978-09-13-MS-Berlin-vor-Maeuseturm-Ruine-Ehrenfels-klein.jpg 1200w, https:\/\/berliner-dampfer.de\/wp-content\/uploads\/2024\/02\/1978-09-13-MS-Berlin-vor-Maeuseturm-Ruine-Ehrenfels-klein-300x269.jpg 300w, https:\/\/berliner-dampfer.de\/wp-content\/uploads\/2024\/02\/1978-09-13-MS-Berlin-vor-Maeuseturm-Ruine-Ehrenfels-klein-1024x918.jpg 1024w, https:\/\/berliner-dampfer.de\/wp-content\/uploads\/2024\/02\/1978-09-13-MS-Berlin-vor-Maeuseturm-Ruine-Ehrenfels-klein-768x689.jpg 768w\" sizes=\"auto, (max-width: 1200px) 100vw, 1200px\" \/><\/a><\/p>\n<p>&nbsp;<\/p>\n<p>&nbsp;<\/p>\n<p>&nbsp;<\/p>\n<p>&nbsp;<\/p>\n<table style=\"border-collapse: collapse; width: 100%;\">\n<tbody>\n<tr>\n<td style=\"width: 100%; background-color: #d3d3d3; text-align: left; vertical-align: top;\">\n<p style=\"text-align: justify;\"><span style=\"font-family: arial, helvetica, sans-serif; font-size: 12pt;\">Aus den Gesch\u00e4ftsberichten der KD (damalige KD-eigene Webseitenver\u00f6ffentlichung):<\/span><\/p>\n<p style=\"text-align: justify;\"><span style=\"text-decoration: underline;\"><span style=\"font-family: arial, helvetica, sans-serif; font-size: 12pt;\">2003:<\/span><\/span> <span style=\"font-family: arial, helvetica, sans-serif; font-size: 12pt;\">Da grunds\u00e4tzlich jedes Schiff jede Strecke fahren kann, wird bei Entfall einer Strecke ein Schiff frei. Die Entscheidung, welches Schiff dann stillgelegt werden soll, f\u00e4llt nat\u00fcrlich auf das Schiff mit den h\u00f6chsten Kosten, in diesem Fall auf <strong>MS Berlin<\/strong>. Wir werden <strong>MS Berlin<\/strong> daher im Jahr 2004 nicht mehr einsetzen und senken dadurch sowohl fixe als auch variable Kosten, wobei allein die eingesparten Instandhaltungskosten ca. 200 T\u20ac betragen.<\/span><\/p>\n<p style=\"text-align: justify;\"><span style=\"text-decoration: underline;\"><span style=\"font-family: arial, helvetica, sans-serif; font-size: 12pt;\">2006:<\/span><\/span> <span style=\"font-family: arial, helvetica, sans-serif; font-size: 12pt;\">Aus wirtschaftlichen Gr\u00fcnden haben wir <strong>MS Berlin<\/strong> im Jahr 2004 nicht mehr eingesetzt. Diese Entscheidung war die Konsequenz aus der Analyse einer Streckenerfolgsrechnung. Die Strecke Bonn &#8211; Neuwied &#8211; Bonn kann mit den uns zur Verf\u00fcgung stehenden Schiffen nicht wirtschaftlich betrieben werden, weil sowohl die Fahrterl\u00f6se als auch die Umsatzerl\u00f6se im Bereich der Gastronomie auf dieser Strecke f\u00fcr die Gr\u00f6\u00dfe und damit die Kosten unserer Schiffe zu gering sind. Da grunds\u00e4tzlich jedes Schiff jede Strecke fahren kann, wird bei Wegfall einer Strecke ein Schiff frei. Die Entscheidung, welches Schiff stillgelegt werden soll, f\u00e4llt auf das Schiff mit den h\u00f6chsten Kosten, in diesem Fall <strong>MS Berlin<\/strong>. Wir haben die Strecke Bonn &#8211; Neuwied &#8211; Bonn aber nicht ganz aufgegeben, sondern lassen sie in der Hauptsaison von einer <\/span><span style=\"font-family: arial, helvetica, sans-serif; font-size: 12pt;\">Partner-Reederei bedienen.<\/span><\/p>\n<p style=\"text-align: justify;\"><span style=\"font-family: arial, helvetica, sans-serif; font-size: 12pt;\">Dieses bereits vor zwei Jahren au\u00dfer Dienst gestellte Fahrgastschiff wurde im Dezember 2006 verkauft. Daraus resultiert ein Ertrag in H\u00f6he von 190 T\u20ac. <\/span><\/p>\n<\/td>\n<\/tr>\n<\/tbody>\n<\/table>\n<p>&nbsp;<\/p>\n<p>&nbsp;<\/p>\n<table style=\"border-collapse: collapse; width: 100%;\">\n<tbody>\n<tr>\n<td style=\"width: 100%; background-color: #d3d3d3;\"><span style=\"font-family: arial, helvetica, sans-serif; font-size: 12pt;\"><span style=\"color: #ff0000;\">E<\/span>UROP\u00c4ISCHES SEGEL-INFORMATIONS<span style=\"color: #ff0000;\">SYS<\/span>TEM<\/span><br \/>\n<span style=\"font-family: arial, helvetica, sans-serif; font-size: 12pt;\">Seenotf\u00e4lle<\/span><br \/>\n<a href=\"https:\/\/www.esys.org\/news\/sos_1109.html\" target=\"_blank\" rel=\"noopener\"><span style=\"font-family: arial, helvetica, sans-serif; font-size: 12pt;\">Archiv September 2011<\/span><\/a><img loading=\"lazy\" decoding=\"async\" class=\"alignnone wp-image-1454 size-full\" src=\"https:\/\/berliner-dampfer.de\/wp-content\/uploads\/2024\/02\/2011-esys.org-Notfaelle-September-2011.jpg\" alt=\"\" width=\"1046\" height=\"201\" srcset=\"https:\/\/berliner-dampfer.de\/wp-content\/uploads\/2024\/02\/2011-esys.org-Notfaelle-September-2011.jpg 1046w, https:\/\/berliner-dampfer.de\/wp-content\/uploads\/2024\/02\/2011-esys.org-Notfaelle-September-2011-300x58.jpg 300w, https:\/\/berliner-dampfer.de\/wp-content\/uploads\/2024\/02\/2011-esys.org-Notfaelle-September-2011-1024x197.jpg 1024w, https:\/\/berliner-dampfer.de\/wp-content\/uploads\/2024\/02\/2011-esys.org-Notfaelle-September-2011-768x148.jpg 768w\" sizes=\"auto, (max-width: 1046px) 100vw, 1046px\" \/><\/td>\n<\/tr>\n<\/tbody>\n<\/table>\n<p>&nbsp;<\/p>\n<p>&nbsp;<\/p>\n<p>&nbsp;<\/p>\n<p>&nbsp;<\/p>\n<p><span style=\"font-family: arial, helvetica, sans-serif; font-size: 12pt;\">Zuletzt bearbeitet 10.02.2025<\/span><\/p>\n","protected":false},"excerpt":{"rendered":"<p>1959 Berlin } 2006 Tourmalijn } 2011 River ZZ Binnenschifferforum: Berlin Wikipedia: Berlin (Schiff, 1959) &#8222;Am 14. Mai [1959] taufte Rut Brandt, die Ehefrau des&hellip;<\/p>\n","protected":false},"author":1,"featured_media":0,"parent":121,"menu_order":0,"comment_status":"closed","ping_status":"closed","template":"","meta":{"ngg_post_thumbnail":0,"iawp_total_views":22,"footnotes":""},"class_list":["post-1445","page","type-page","status-publish","hentry"],"_links":{"self":[{"href":"https:\/\/berliner-dampfer.de\/index.php?rest_route=\/wp\/v2\/pages\/1445","targetHints":{"allow":["GET"]}}],"collection":[{"href":"https:\/\/berliner-dampfer.de\/index.php?rest_route=\/wp\/v2\/pages"}],"about":[{"href":"https:\/\/berliner-dampfer.de\/index.php?rest_route=\/wp\/v2\/types\/page"}],"author":[{"embeddable":true,"href":"https:\/\/berliner-dampfer.de\/index.php?rest_route=\/wp\/v2\/users\/1"}],"replies":[{"embeddable":true,"href":"https:\/\/berliner-dampfer.de\/index.php?rest_route=%2Fwp%2Fv2%2Fcomments&post=1445"}],"version-history":[{"count":27,"href":"https:\/\/berliner-dampfer.de\/index.php?rest_route=\/wp\/v2\/pages\/1445\/revisions"}],"predecessor-version":[{"id":13199,"href":"https:\/\/berliner-dampfer.de\/index.php?rest_route=\/wp\/v2\/pages\/1445\/revisions\/13199"}],"up":[{"embeddable":true,"href":"https:\/\/berliner-dampfer.de\/index.php?rest_route=\/wp\/v2\/pages\/121"}],"wp:attachment":[{"href":"https:\/\/berliner-dampfer.de\/index.php?rest_route=%2Fwp%2Fv2%2Fmedia&parent=1445"}],"curies":[{"name":"wp","href":"https:\/\/api.w.org\/{rel}","templated":true}]}}