{"id":15660,"date":"2025-05-14T23:21:27","date_gmt":"2025-05-14T21:21:27","guid":{"rendered":"https:\/\/berliner-dampfer.de\/?page_id=15660"},"modified":"2025-06-06T23:22:45","modified_gmt":"2025-06-06T21:22:45","slug":"royal-louise-1814-segelyacht","status":"publish","type":"page","link":"https:\/\/berliner-dampfer.de\/?page_id=15660","title":{"rendered":"Royal Louise (1814 &#8211; Fregatte)"},"content":{"rendered":"<table style=\"border-collapse: collapse; width: 100%;\">\n<tbody>\n<tr>\n<td style=\"width: 100%; background-color: #ffff00;\"><span style=\"font-family: arial, helvetica, sans-serif; font-size: 12pt;\"><span style=\"font-size: 10pt;\">1814<\/span> <strong>Royal Louise<\/strong> <span style=\"font-size: 10pt;\">(ab ca. 1830 nicht mehr nutzbar)<\/span><\/span><\/p>\n<p><span style=\"font-family: arial, helvetica, sans-serif; font-size: 12pt;\">Eine ehemalige Barkasse der <a href=\"https:\/\/en.wikipedia.org\/wiki\/HMS_Rodney_(1809)\" target=\"_blank\" rel=\"noopener\">HMS Rodney<\/a>.<\/span><\/p>\n<p><a href=\"https:\/\/berliner-dampfer.de\/?page_id=15326\" target=\"_blank\" rel=\"noopener\"><span style=\"font-family: arial, helvetica, sans-serif; font-size: 12pt;\">\u2192<\/span><\/a> <span style=\"font-family: arial, helvetica, sans-serif; font-size: 10pt;\">1832 ersetzt durch Royal Louise<\/span><\/td>\n<\/tr>\n<\/tbody>\n<\/table>\n<p>&nbsp;<\/p>\n<table style=\"border-collapse: collapse; width: 100%;\">\n<tbody>\n<tr>\n<td style=\"width: 100%; background-color: #ffff00; text-align: justify;\"><span style=\"font-family: arial, helvetica, sans-serif; font-size: 12pt;\"><strong>Ob das Schiff \u00fcberhaupt einen Namen hatte ist scheinbar unklar,<\/strong> siehe jeweils Quellen unten. <span style=\"font-size: 10pt;\">(Das erinnert mich an die <a href=\"https:\/\/berliner-dampfer.de\/?page_id=15224\" target=\"_blank\" rel=\"noopener\">Fridericus (1707)<\/a>, die &#8222;irgendwie&#8220; auch keinen richtigen Namen hatte und meistens einfach nur als &#8222;Lustschiff&#8220; bezeichnet wird.)<\/span><\/span><\/p>\n<p><span style=\"font-family: arial, helvetica, sans-serif; font-size: 12pt;\"> Der Verein f\u00fcr die Geschichte Berlins erw\u00e4hnte <a href=\"https:\/\/www.deutsche-digitale-bibliothek.de\/item\/NFVO6LGDDZ5RBDPBAR3JCBG7MG7KVR4L\" target=\"_blank\" rel=\"noopener\">1928<\/a> keinen Namen. Groggert 1988 gab in Bezug auf die sp\u00e4tere <a href=\"https:\/\/berliner-dampfer.de\/?page_id=15326\" target=\"_blank\" rel=\"noopener\">&#8222;Royal Louise (1831)&#8220;<\/a> an, dass es diesen Namen schon einmal gegeben hatte und meint vermutlich dieses Schiffchen hier. Stoffregen-B\u00fcller gab 2016 an, dass das Schiffchen m\u00f6glicherweise FRIEDRICH WILHELM getauft wurde.<\/span><\/p>\n<p><span style=\"font-family: arial, helvetica, sans-serif; font-size: 12pt;\">Ich habe mich entschieden, es <span style=\"text-decoration: underline;\">in der einfachen A-Z Verzeichniseinordnung meiner Webseite hier<\/span> es bis auf Weiteres zun\u00e4chst bei &#8222;Royal Louise (1814)&#8220; zu belassen.<\/span><\/td>\n<\/tr>\n<\/tbody>\n<\/table>\n<p>&nbsp;<\/p>\n<table style=\"border-collapse: collapse; width: 100%; height: 274px;\">\n<tbody>\n<tr style=\"height: 274px;\">\n<td style=\"width: 100%; background-color: #d3d3d3; height: 274px;\">\n<p style=\"text-align: justify;\"><span style=\"font-family: arial, helvetica, sans-serif; font-size: 12pt;\"><a href=\"https:\/\/de.wikipedia.org\/wiki\/Royal_Louise_(Schiff)\" target=\"_blank\" rel=\"noopener\">Wikipedia<\/a> (Auszug):<\/span><\/p>\n<p style=\"text-align: justify; padding-left: 40px;\"><em><span style=\"font-family: arial, helvetica, sans-serif; font-size: 12pt;\">Hintergrund waren die Feiern in London zum gemeinsame Sieg der Herrscher von Gro\u00dfbritannien, Preu\u00dfen, Russland und \u00d6sterreich \u00fcber <a title=\"Napoleon Bonaparte\" href=\"https:\/\/de.wikipedia.org\/wiki\/Napoleon_Bonaparte\" target=\"_blank\" rel=\"noopener\">Napoleon Bonaparte<\/a>, zu denen 1814 eine gro\u00dfe Flottenparade geh\u00f6rt hatte. Aus diesem Anlass machten sich die Herrscher gegenseitig gro\u00dfz\u00fcgige Geschenke, wobei der britische K\u00f6nig <a title=\"Georg III. (Vereinigtes K\u00f6nigreich)\" href=\"https:\/\/de.wikipedia.org\/wiki\/Georg_III._(Vereinigtes_K\u00f6nigreich)\" target=\"_blank\" rel=\"noopener\">Georg III.<\/a> dem preu\u00dfischen K\u00f6nig ein Segelboot von 10 Meter L\u00e4nge mit drei Masten f\u00fcr Fahrten auf den Havelseen schenkte.<sup id=\"cite_ref-1\" class=\"reference\"><\/sup><\/span><\/em><\/p>\n<p style=\"text-align: justify; padding-left: 40px;\"><span style=\"font-family: arial, helvetica, sans-serif; font-size: 12pt;\"><em>Als sich dieses Boot um 1830 in einem schlechten Zustand befand, erneuerte Georgs Sohn und Nachfolger <a title=\"Wilhelm IV. (Vereinigtes K\u00f6nigreich)\" href=\"https:\/\/de.wikipedia.org\/wiki\/Wilhelm_IV._(Vereinigtes_K\u00f6nigreich)\" target=\"_blank\" rel=\"noopener\">William IV.<\/a> 1832 das Geschenk durch ein repr\u00e4sentativeres Schiff.<\/em><br \/>\n<\/span><\/p>\n<p><span style=\"font-family: arial, helvetica, sans-serif; font-size: 12pt;\">Wikipedia.en: <a href=\"https:\/\/en.wikipedia.org\/wiki\/Allied_sovereigns%27_visit_to_England\" target=\"_blank\" rel=\"noopener\">Besuch alliierter Herrscher in England im Juni 1814<\/a><\/span><\/p>\n<p><figure style=\"width: 734px\" class=\"wp-caption aligncenter\"><a href=\"https:\/\/en.wikipedia.org\/wiki\/Allied_sovereigns%27_visit_to_England#\/media\/File:The_Grand_Naval_Review,_1814_RMG_PW4791.jpg\" target=\"_blank\" rel=\"noopener\"><img loading=\"lazy\" decoding=\"async\" class=\"\" src=\"https:\/\/upload.wikimedia.org\/wikipedia\/commons\/9\/9f\/The_Grand_Naval_Review%2C_1814_RMG_PW4791.jpg\" alt=\"\" width=\"734\" height=\"576\"><\/a><figcaption class=\"wp-caption-text\"><span style=\"font-family: arial, helvetica, sans-serif; font-size: 10pt;\"><a href=\"https:\/\/en.wikipedia.org\/wiki\/Allied_sovereigns%27_visit_to_England#\/media\/File:The_Grand_Naval_Review,_1814_RMG_PW4791.jpg\" target=\"_blank\" rel=\"noopener\">Wikipedia<\/a>: The Grand Naval Review, <a href=\"https:\/\/en.wikipedia.org\/wiki\/Spithead\" target=\"_blank\" rel=\"noopener\">Spithead<\/a>, 24-25 June 1814<\/span><\/figcaption><\/figure><\/td>\n<\/tr>\n<\/tbody>\n<\/table>\n<p>&nbsp;<\/p>\n<table style=\"border-collapse: collapse; width: 100%; height: 48px;\">\n<tbody>\n<tr style=\"height: 48px;\">\n<td style=\"width: 100%; height: 48px; background-color: #eee9e9;\">\n<p style=\"text-align: justify;\"><span style=\"font-family: arial, helvetica, sans-serif; font-size: 12pt;\">Mitteilungen des <a href=\"https:\/\/de.wikipedia.org\/wiki\/Verein_f%C3%BCr_die_Geschichte_Berlins\" target=\"_blank\" rel=\"noopener\">Vereins f\u00fcr die Geschichte Berlins<\/a><\/span><br \/>\n<span style=\"font-family: arial, helvetica, sans-serif; font-size: 12pt;\"><strong>1928<\/strong>, <a href=\"https:\/\/www.deutsche-digitale-bibliothek.de\/item\/NFVO6LGDDZ5RBDPBAR3JCBG7MG7KVR4L\" target=\"_blank\" rel=\"noopener\">45 Jahrgang<\/a>, Heft 3, <strong>Seite<\/strong>n <strong>123<\/strong> \u2013 126<br \/>\n&#8222;Die Fregatte Royal Louise &#8230;. &#8220; von Chr. Voigt<br \/>\n<span style=\"font-size: 10pt;\">[<a href=\"https:\/\/www.diegeschichteberlins.de\/verein\/geschichte\/663-ehrenmitglieder-des-vereins.html\" target=\"_blank\" rel=\"noopener\">Christoph Voigt<\/a> (1863 &#8211; 1946), Marine-Oberzahlmeister und Marine-Schriftsteller]<\/span><br \/>\n<\/span><\/p>\n<blockquote>\n<p style=\"text-align: justify;\"><span style=\"font-family: arial, helvetica, sans-serif; font-size: 12pt;\">Um das Andenken an ihre im Kampfe gegen Napoleon I bewiesene Waffenbr\u00fcderschaft zu ehren und zu wahren, stifteten die verb\u00fcndeten Monarchen einander Geschenke, die das gegenseitige Freundschaftsverh\u00e4ltnis besonders bekunden sollten. So machte K\u00f6nig Georg III. von England dem Preu\u00dfenk\u00f6nig Friedrich Wilhelm III. bei dessen Besuch in <a href=\"https:\/\/de.wikipedia.org\/wiki\/Portsmouth\" target=\"_blank\" rel=\"noopener\">Portsmouth<\/a> im Jahre 1814 eine kleine Fregatte, wahrscheinlich ein gr\u00f6\u00dferes offenes Boot mit Segeleinrichtung zum Geschenk. Es traf 1814 unter der F\u00fchrung des Leutnants z. S. Inglis [z.<em>ur<\/em> S.<em>ee<\/em>?] mit drei preu\u00dfischen und drei britischen Matrosen \u00fcber Hamburg auf der Havel ein.<\/span><\/p>\n<p style=\"text-align: justify;\"><span style=\"font-family: arial, helvetica, sans-serif; font-size: 12pt;\">In einem Brief des jungen Prinzen Wilhelm vom 30. Juni 1814 an seinen Bruder Carl, der ein gro\u00dfer Freund des Wassersports war, lesen wir von seiner Englandreise: <\/span><\/p>\n<p style=\"text-align: justify;\"><span style=\"font-family: arial, helvetica, sans-serif; font-size: 12pt;\">&#8222;Papa erhielt von einem Admiral ein kleines Boot geschenkt, welches wie eine Fregatte ausger\u00fcstet ist, ganz allerliebst, mit 3 Masten, Kanonen usw. Es kommt nach der Pfaueninsel <span style=\"font-size: 10pt;\">(<a href=\"https:\/\/de.wikipedia.org\/wiki\/Karl_Pagel_(Historiker)\" target=\"_blank\" rel=\"noopener\">Carl Pagel<\/a>, Der alte Kaiser, Leipzig 1925, Seite 46).&#8220;<\/span><\/span><\/p>\n<p style=\"text-align: justify;\"><span style=\"font-family: arial, helvetica, sans-serif; font-size: 12pt;\">Indes m\u00fcssen die Vorkehrungen zur Unterbringung und \u00dcberwinterung des Schiffchens wohl nicht ausreichend gewesen sein, denn bereits nach 14 Jahren war es dem Einflu\u00df von Wind und Wetter erlegen.<\/span><\/p>\n<\/blockquote>\n<\/td>\n<\/tr>\n<\/tbody>\n<\/table>\n<p>&nbsp;<\/p>\n<table style=\"border-collapse: collapse; width: 100%; height: 24px;\">\n<tbody>\n<tr style=\"height: 24px;\">\n<td style=\"width: 100%; background-color: #ffd700; height: 24px;\">\n<p style=\"text-align: justify;\"><span style=\"font-family: arial, helvetica, sans-serif; font-size: 12pt;\">Auch <a href=\"https:\/\/berliner-dampfer.de\/?page_id=194\" target=\"_blank\" rel=\"noopener\">Groggert 1988<\/a> erw\u00e4hnte in seinem Hauptwerk die Royal Louise (1831) und gab es, dass es bereits das zweite Schiff mit diesem Namen war, Seite 61:<\/span><\/p>\n<p style=\"text-align: justify; padding-left: 40px;\"><em><span style=\"font-family: arial, helvetica, sans-serif; font-size: 12pt;\">Am 28. M\u00e4rz 1832 teilte die Seehandlung der Zollbeh\u00f6rde in Wittenau mit, sie habe das Dampfschiff \u201eBerlin\u201c k\u00e4uflich \u00fcbernommen. Mit Benutzung des Dampfschiffs \u201eHenriette\u201c werde die Dampfschiffahrt zwischen Berlin und Hamburg fortgesetzt. Gleich im ersten Sommer des Betriebes durch die Seehandlung war die \u201eBerlin\u201c an einem ungew\u00f6hnlichen Spezialtransport beteiligt:<\/span><\/em><\/p>\n<p style=\"text-align: justify; padding-left: 40px;\"><em><span style=\"font-family: arial, helvetica, sans-serif; font-size: 12pt;\">Der englische Hof \u00fcbersandte eine 1831 von den <a href=\"https:\/\/en.wikipedia.org\/wiki\/Woolwich_Dockyard\" target=\"_blank\" rel=\"noopener\">Dockyards in Woolwich<\/a> erbaute 45 Fu\u00df lange, 12 Fu\u00df breite Segelyacht aus Mahagoni, die nach der \u00dcberf\u00fchrung mit einem englischen Dampfer am 1. Juni 1832 in Hamburg angekommen war. Begleitet wurde sie von <a href=\"https:\/\/de.wikipedia.org\/wiki\/Adolphus_FitzClarence\" target=\"_blank\" rel=\"noopener\">Lord Adolphus Fitzclarence<\/a>. Leider mu\u00dfte der Hamburger Agent der Seehandlung der Zentrale einige Tage sp\u00e4ter mitteilen, die f\u00fcr den K\u00f6nig bestimmte kleine Fregatte sei auf Ansuchen der sie begleitenden Herren des englischen Hofs durch das Dampfschiff \u201eBerlin\u201c ins Schlepptau genommen worden, der Wasserstand der Elbe sei aber so niedrig, da\u00df sie wahrscheinlich \u00fcber <a href=\"https:\/\/de.wikipedia.org\/wiki\/Bleckede\" target=\"_blank\" rel=\"noopener\">Bleckede<\/a> nicht hinauskommen werde. Schlie\u00dflich wurde eine Zille unter die Segelyacht gebracht, wieder abgedichtet unjd ausgepumpt. Sie trug dann die <a href=\"https:\/\/berliner-dampfer.de\/?page_id=15326\" target=\"_blank\" rel=\"noopener\">\u201eRoyal Louise\u201c<\/a> \u2013 <strong>\u00fcbrigens schon die zweite Yacht dieses Namens<\/strong> \u2013 bis zur Pfaueninsel. Erst nach Kriegsende 1945 ist der Mahagonirumpf in Kiel zerst\u00f6rt worden.<\/span><\/em><\/p>\n<\/td>\n<\/tr>\n<\/tbody>\n<\/table>\n<p>&nbsp;<\/p>\n<p>&#8220;<\/p>\n<table style=\"border-collapse: collapse; width: 100%;\">\n<tbody>\n<tr>\n<td style=\"width: 100%; background-color: #c0c0ff;\"><a href=\"https:\/\/berliner-dampfer.de\/wp-content\/uploads\/2025\/05\/2016-BUCH-Stoffregen-Nueller-Auf-blauen-Havelfluten-Royal-Louise-640.jpg\"><img loading=\"lazy\" decoding=\"async\" class=\"alignright wp-image-15923\" src=\"https:\/\/berliner-dampfer.de\/wp-content\/uploads\/2025\/05\/2016-BUCH-Stoffregen-Nueller-Auf-blauen-Havelfluten-Royal-Louise-640.jpg\" alt=\"\" width=\"225\" height=\"319\" srcset=\"https:\/\/berliner-dampfer.de\/wp-content\/uploads\/2025\/05\/2016-BUCH-Stoffregen-Nueller-Auf-blauen-Havelfluten-Royal-Louise-640.jpg 640w, https:\/\/berliner-dampfer.de\/wp-content\/uploads\/2025\/05\/2016-BUCH-Stoffregen-Nueller-Auf-blauen-Havelfluten-Royal-Louise-640-212x300.jpg 212w\" sizes=\"auto, (max-width: 225px) 100vw, 225px\" \/><\/a><span style=\"font-family: arial, helvetica, sans-serif; font-size: 12pt;\"><span style=\"color: #ff0000;\">Lesetipp<\/span>:<\/span><\/p>\n<p><strong><span style=\"font-family: arial, helvetica, sans-serif; font-size: 12pt;\">2016: &#8222;AUF BLAUEN HAVELFLUTEN&#8220;<\/span><\/strong><br \/>\n<span style=\"font-family: arial, helvetica, sans-serif; font-size: 12pt;\">von <a href=\"https:\/\/de.wikipedia.org\/wiki\/Michael_Stoffregen-B\u00fcller\" target=\"_blank\" rel=\"noopener\">Michael Stoffregen-B\u00fcller<\/a><\/span><br \/>\n<span style=\"font-family: arial, helvetica, sans-serif; font-size: 12pt;\">Royal Louise &#8211; die Fregatte der Preu\u00dfenk\u00f6nige <\/span><br \/>\n<span style=\"font-family: arial, helvetica, sans-serif; font-size: 12pt;\">und die Kaiserliche Matrosenstation zu Potsdam<br \/>\nISBN 978-3-945880-10-4<\/span><\/p>\n<p><strong><span style=\"font-family: arial, helvetica, sans-serif; font-size: 12pt;\">Herr Stoffregen-B\u00fcller vermochte auf den Seiten 16-22 zu vertiefen:<\/span><\/strong><span style=\"text-decoration: underline;\"><span style=\"font-family: arial, helvetica, sans-serif; font-size: 12pt;\"><br \/>\nFlottenparade am Donnerstag, den 23. Juni 1814:<\/span><\/span><\/p>\n<p style=\"text-align: justify;\"><em><span style=\"font-family: arial, helvetica, sans-serif; font-size: 12pt;\">An der Spitze der Parade l\u00e4uft die Barkasse der <a href=\"https:\/\/en.wikipedia.org\/wiki\/HMS_Rodney_(1809)\" target=\"_blank\" rel=\"noopener\">HMS RODNEY<\/a>, eines Linienschiffes 3. Klasse mit 74 Kanonen. Dieses kleine Boot ist aus Anlass der <a href=\"https:\/\/upload.wikimedia.org\/wikipedia\/commons\/9\/9f\/The_Grand_Naval_Review%2C_1814_RMG_PW4791.jpg\" target=\"_blank\" rel=\"noopener\">&#8222;Naval Review&#8220;<\/a> wie eine richtige Fregatte, als Vollschiff mit drei Masten getakelt und an den Bordw\u00e4nden mit St\u00fcckpforten und Kanonenrohren dekoriert worden &#8230;.<\/span><\/em><\/p>\n<p style=\"text-align: justify;\"><em><span style=\"font-family: arial, helvetica, sans-serif; font-size: 12pt;\">Vier Tage sp\u00e4ter schreibt &#8222;The Times&#8220; auf Seite 3 in einem Bericht \u00fcber das Gro\u00dfereignis:<\/span><\/em><\/p>\n<p style=\"text-align: justify; padding-left: 40px;\"><em><span style=\"font-family: arial, helvetica, sans-serif; font-size: 12pt;\">&#8222;W\u00e4hrend der Flottenparade von <a href=\"https:\/\/de.wikipedia.org\/wiki\/Spithead\" target=\"_blank\" rel=\"noopener\">Spithead<\/a> am Donnerstag war der K\u00f6nig von Preu\u00dfen so beeindruckt vom Erscheinen einer Barkasse der &#8222;Rodney&#8220;, die aufgetakelt vor der Flotte segelte, dass er sie vom Prinzregenten als Geschenk erbat. Seine Hoheit stimmte in der ihm eigenen gro\u00dfz\u00fcgigen Art sofort zu. Der K\u00f6nig drehte sich zum Regenten und Zaren um und bemerkte spa\u00dfhaft: &#8222;Ich hoffe, ihr beiden H\u00e4upter gro\u00dfer Seefahrt-Nationen werdet auf meine Marine nicht neidisch sein.&#8220;<\/span><\/em><\/p>\n<p style=\"text-align: justify;\"><span style=\"font-family: arial, helvetica, sans-serif; font-size: 12pt;\">Das \u00dcberf\u00fchrungs-Kommando hatte <em>&#8222;der aus einer schottischen Adelsfamilie stammende 19j\u00e4hrige Marineleutnant Charles Ingles.&#8220;<\/em><\/span><\/p>\n<p style=\"text-align: justify;\"><span style=\"font-family: arial, helvetica, sans-serif; font-size: 12pt;\">Er war <em>&#8222;<a href=\"https:\/\/en.wikipedia.org\/wiki\/Charles_Inglis_(Royal_Navy_officer,_died_1791)\" target=\"_blank\" rel=\"noopener\">Enkel eines Admirals<\/a> und <a href=\"https:\/\/en.wikipedia.org\/wiki\/Charles_Inglis_(Royal_Navy_officer,_died_1833)\" target=\"_blank\" rel=\"noopener\">Sohn des gleichnamigen Seeoffiziers<\/a> , der mit Nelson im Mittelmeer k\u00e4mpfte und w\u00e4hrend der Flottenschau das Kommando auf der <a href=\"https:\/\/en.wikipedia.org\/wiki\/HMS_Rodney_(1809)\" target=\"_blank\" rel=\"noopener\">RODNEY<\/a> f\u00fchrte.&#8220;<\/em>. <\/span><\/p>\n<p style=\"text-align: justify;\"><em><span style=\"font-family: arial, helvetica, sans-serif; font-size: 12pt;\">&#8222;Bei g\u00fcnstigem S\u00fcdwest setzte Charles Inglis Mitte August von <a href=\"https:\/\/de.wikipedia.org\/wiki\/Spithead\" target=\"_blank\" rel=\"noopener\">Spithead<\/a> aus Kurs auf die Stra\u00dfe von Dover ab, an Bord eine f\u00fcnfk\u00f6pfige britisch-deutsche Mannschaft, zwei Engl\u00e4nder und drei vor einem Jahrzent in London mit Gewalt zum Dienst in der Royal Navy gepresste preu\u00dfische Matrosen, die, froh \u00fcber die Chance, endlich wieder in die Heimat zur\u00fcckkehren zu d\u00fcrfen, ihren Pflichten willig nachkommen. Das offene, mit etwa zehn Metern L\u00e4nge nicht gerade gro\u00dfe Boot segelt vom Wetter beg\u00fcnstigt die westfriesische und deutsche Nordseek\u00fcste entlang, dann Elbe aufw\u00e4rts und erreicht ohne Zwischenf\u00e4lle die erst seit drei Monaten von der franz\u00f6sichen Besatzung befreite Hansestadt Hamburg. &#8230; &#8222;<\/span><\/em><\/p>\n<p style=\"text-align: justify;\"><span style=\"font-family: arial, helvetica, sans-serif; font-size: 12pt;\">Am 30. September 1814 kam das Schiff schlie\u00dflich an der Pfaueninsel an. Die f\u00fcnf Matrosen verblieben in Preu\u00dfen, nur der junge Offizier Charles Inglis fuhr &#8222;<em>mit der Extrapost nach Havelberg und von dort zu Wasser \u00fcber Hamburg nach London, wo er sich bei der Admiralit\u00e4t zur Fortsetzung der Marinekarriere meldet.&#8220;<\/em>&nbsp; Er erreichte schlie\u00dflich laut Wikipedia <a href=\"https:\/\/en.wikipedia.org\/wiki\/Charles_Inglis_(Royal_Navy_officer,_died_1833)\" target=\"_blank\" rel=\"noopener\"><em>&#8222;bis 1829 den Rang eines Postkapit\u00e4ns&#8220;<\/em><\/a>. &#8230;.<\/span><\/p>\n<p><span style=\"font-family: arial, helvetica, sans-serif; font-size: 12pt;\">Und weiter:<\/span><\/p>\n<p style=\"text-align: justify;\"><em><span style=\"font-family: arial, helvetica, sans-serif; font-size: 12pt;\">&#8222;\u00dcber Jahre wird die <strong>m\u00f6glicherweise FRIEDRICH WILHELM getaufte kleine Fregatte<\/strong> eifrig von der k\u00f6niglichen Familie zu Vergn\u00fcgungsfahrten genutzt und von Matrosen mit einigen abkommenadierten Gardepionieren in Stand gehalten. Doch das Schiffchen, ungesch\u00fctzt den harten brandenburgischen Wintern ausgesetzt, ist um 1830 so verrottet, da\u00df es zum Kummer des K\u00f6nigs aufgegeben werden muss.&#8220;<\/span><\/em><\/p>\n<p>&#8212;&#8212;&#8212;-<\/p>\n<p><span style=\"font-family: arial, helvetica, sans-serif; font-size: 12pt;\">Ihr Aussehen beschreibt er auf Seite 22 wie folgt:<\/span><\/p>\n<p style=\"text-align: justify; padding-left: 40px;\"><em><span style=\"font-family: arial, helvetica, sans-serif; font-size: 12pt;\">&#8222;Die einst an Deck der <a href=\"https:\/\/en.wikipedia.org\/wiki\/HMS_Rodney_(1809)\" target=\"_blank\" rel=\"noopener\">HMS RODNEY<\/a> stehende k\u00f6nigliche Segelbarkasse ist tats\u00e4chlich ein ber\u00fcckend sch\u00f6ner Anblick, wenn sie auf den Havelgew\u00e4ssern im Schmuck ihrer wei\u00dfen <strong>Rahsegel<\/strong> auftaucht und bei gutem Wind \u00fcberraschend schnell dahinschie\u00dft. Im Vergleich zu ihr wirken die vierzig Meter langen, mit Holz, Steinen oder Pferdemist beladenen <a href=\"https:\/\/de.wikipedia.org\/wiki\/Kaffenkahn\" target=\"_blank\" rel=\"noopener\">&#8222;Kaffenk\u00e4hne&#8220;<\/a> mit den auffalend hohen Masten und riesigen, trapetzf\u00f6rmigen Segeln noch unansehnlicher und schwerf\u00e4lliger.&#8220;<\/span><\/em><\/p>\n<\/td>\n<\/tr>\n<\/tbody>\n<\/table>\n<p>&nbsp;<\/p>\n<p>&nbsp;<\/p>\n<table style=\"border-collapse: collapse; width: 100%;\">\n<tbody>\n<tr>\n<td style=\"width: 100%; background-color: #ffff00;\">\n<p style=\"text-align: justify;\"><span style=\"font-family: arial, helvetica, sans-serif; font-size: 12pt;\">1836 ca., <a href=\"https:\/\/berliner-dampfer.de\/?page_id=15326\" target=\"_blank\" rel=\"noopener\">&#8222;Royal Louise (1831)&#8220;<\/a> an der Pfaueninsel (der <a href=\"https:\/\/de.wikipedia.org\/wiki\/Pfaueninsel\" target=\"_blank\" rel=\"noopener\">&#8222;Fregattenschuppen&#8220;<\/a> ist bereits errichtet), au\u00dferdem schwach zu erkennen hinter ihr ein weiteres Schiff mit drei nach hinten geneigten Masten, oder aber, wohl eher, mit drei Masten mit je einem <a href=\"https:\/\/de.wikipedia.org\/wiki\/Rahsegel\" target=\"_blank\" rel=\"noopener\">Rahsegel<\/a>? Vielleicht die (<a href=\"https:\/\/de.wikipedia.org\/wiki\/Hulk_(Schiffstyp)\" target=\"_blank\" rel=\"noopener\">Hulk<\/a>?) der &#8222;vorhergehende&#8220; &#8222;Royal Louise (1814)&#8220;? Vielleicht aber auch ein anderes Schiff wie etwa die <a href=\"https:\/\/berliner-dampfer.de\/?page_id=15337\" target=\"_blank\" rel=\"noopener\">&#8222;Navarin&#8220; oder &#8222;Stralsund&#8220;<\/a> (<a href=\"https:\/\/berliner-dampfer.de\/wp-content\/uploads\/2025\/05\/1830-Bleuler-Die-Masten-0102-1600.jpg\" target=\"_blank\" rel=\"noopener\">Bild + Text<\/a>) oder, oder, oder &#8230;&#8230; &nbsp;\ud83d\ude09&nbsp;<br \/>\n<\/span><\/p>\n<p><img loading=\"lazy\" decoding=\"async\" class=\"aligncenter size-full wp-image-16242\" src=\"https:\/\/berliner-dampfer.de\/wp-content\/uploads\/2025\/06\/1836-ca-Pfaueninsel-mit-Royal-Louise-von-Moellendorf-AUSZUG-zwei-Schiffe.jpg\" alt=\"\" width=\"866\" height=\"469\" srcset=\"https:\/\/berliner-dampfer.de\/wp-content\/uploads\/2025\/06\/1836-ca-Pfaueninsel-mit-Royal-Louise-von-Moellendorf-AUSZUG-zwei-Schiffe.jpg 866w, https:\/\/berliner-dampfer.de\/wp-content\/uploads\/2025\/06\/1836-ca-Pfaueninsel-mit-Royal-Louise-von-Moellendorf-AUSZUG-zwei-Schiffe-300x162.jpg 300w, https:\/\/berliner-dampfer.de\/wp-content\/uploads\/2025\/06\/1836-ca-Pfaueninsel-mit-Royal-Louise-von-Moellendorf-AUSZUG-zwei-Schiffe-768x416.jpg 768w\" sizes=\"auto, (max-width: 866px) 100vw, 866px\" \/><\/p>\n<p><a href=\"https:\/\/berliner-dampfer.de\/wp-content\/uploads\/2025\/05\/1836-ca-Pfaueninsel-mit-Royal-Louise-von-Moellendorf-AUSZUG-1-scaled.jpg\" target=\"_blank\" rel=\"noopener\"><img loading=\"lazy\" decoding=\"async\" class=\"alignnone wp-image-15828 size-full\" src=\"https:\/\/berliner-dampfer.de\/wp-content\/uploads\/2025\/05\/1836-ca-Pfaueninsel-mit-Royal-Louise-von-Moellendorf-AUSZUG-1-scaled.jpg\" alt=\"\" width=\"2560\" height=\"1585\" srcset=\"https:\/\/berliner-dampfer.de\/wp-content\/uploads\/2025\/05\/1836-ca-Pfaueninsel-mit-Royal-Louise-von-Moellendorf-AUSZUG-1-scaled.jpg 2560w, https:\/\/berliner-dampfer.de\/wp-content\/uploads\/2025\/05\/1836-ca-Pfaueninsel-mit-Royal-Louise-von-Moellendorf-AUSZUG-1-300x186.jpg 300w, https:\/\/berliner-dampfer.de\/wp-content\/uploads\/2025\/05\/1836-ca-Pfaueninsel-mit-Royal-Louise-von-Moellendorf-AUSZUG-1-1024x634.jpg 1024w, https:\/\/berliner-dampfer.de\/wp-content\/uploads\/2025\/05\/1836-ca-Pfaueninsel-mit-Royal-Louise-von-Moellendorf-AUSZUG-1-768x476.jpg 768w, https:\/\/berliner-dampfer.de\/wp-content\/uploads\/2025\/05\/1836-ca-Pfaueninsel-mit-Royal-Louise-von-Moellendorf-AUSZUG-1-1536x951.jpg 1536w, https:\/\/berliner-dampfer.de\/wp-content\/uploads\/2025\/05\/1836-ca-Pfaueninsel-mit-Royal-Louise-von-Moellendorf-AUSZUG-1-2048x1268.jpg 2048w\" sizes=\"auto, (max-width: 2560px) 100vw, 2560px\" \/><\/a><\/p>\n<p style=\"text-align: center;\"><span style=\"font-family: arial, helvetica, sans-serif; font-size: 10pt;\">&#8211; Bildnisauszug &#8211;<\/span><\/p>\n<\/td>\n<\/tr>\n<\/tbody>\n<\/table>\n<p>&nbsp;<\/p>\n<p>&nbsp;<\/p>\n<p>&nbsp;<\/p>\n<p><span style=\"text-decoration: underline;\"><span style=\"font-family: arial, helvetica, sans-serif; font-size: 12pt;\">Zuletzt bearbeitet 06.06.2025<\/span><\/span><\/p>\n","protected":false},"excerpt":{"rendered":"<p>1814 Royal Louise (ab ca. 1830 nicht mehr nutzbar) Eine ehemalige Barkasse der HMS Rodney. \u2192 1832 ersetzt durch Royal Louise &nbsp; Ob das Schiff&hellip;<\/p>\n","protected":false},"author":1,"featured_media":0,"parent":0,"menu_order":0,"comment_status":"closed","ping_status":"closed","template":"","meta":{"ngg_post_thumbnail":0,"iawp_total_views":13,"footnotes":""},"class_list":["post-15660","page","type-page","status-publish","hentry"],"_links":{"self":[{"href":"https:\/\/berliner-dampfer.de\/index.php?rest_route=\/wp\/v2\/pages\/15660","targetHints":{"allow":["GET"]}}],"collection":[{"href":"https:\/\/berliner-dampfer.de\/index.php?rest_route=\/wp\/v2\/pages"}],"about":[{"href":"https:\/\/berliner-dampfer.de\/index.php?rest_route=\/wp\/v2\/types\/page"}],"author":[{"embeddable":true,"href":"https:\/\/berliner-dampfer.de\/index.php?rest_route=\/wp\/v2\/users\/1"}],"replies":[{"embeddable":true,"href":"https:\/\/berliner-dampfer.de\/index.php?rest_route=%2Fwp%2Fv2%2Fcomments&post=15660"}],"version-history":[{"count":68,"href":"https:\/\/berliner-dampfer.de\/index.php?rest_route=\/wp\/v2\/pages\/15660\/revisions"}],"predecessor-version":[{"id":16263,"href":"https:\/\/berliner-dampfer.de\/index.php?rest_route=\/wp\/v2\/pages\/15660\/revisions\/16263"}],"wp:attachment":[{"href":"https:\/\/berliner-dampfer.de\/index.php?rest_route=%2Fwp%2Fv2%2Fmedia&parent=15660"}],"curies":[{"name":"wp","href":"https:\/\/api.w.org\/{rel}","templated":true}]}}