{"id":16490,"date":"2025-06-14T11:05:02","date_gmt":"2025-06-14T09:05:02","guid":{"rendered":"https:\/\/berliner-dampfer.de\/?page_id=16490"},"modified":"2025-06-14T12:05:08","modified_gmt":"2025-06-14T10:05:08","slug":"wera","status":"publish","type":"page","link":"https:\/\/berliner-dampfer.de\/?page_id=16490","title":{"rendered":"Wera"},"content":{"rendered":"<table style=\"border-collapse: collapse; width: 100%;\">\n<tbody>\n<tr>\n<td style=\"width: 100%; background-color: #ffff00;\"><span style=\"font-family: arial, helvetica, sans-serif; font-size: 12pt;\"><span style=\"font-size: 10pt;\">1907<\/span> <strong>Wera<\/strong><\/span><\/td>\n<\/tr>\n<\/tbody>\n<\/table>\n<p>&nbsp;<\/p>\n<table style=\"border-collapse: collapse; width: 100%;\">\n<tbody>\n<tr>\n<td style=\"width: 100%; background-color: #ffd700;\">\n<p style=\"text-align: justify;\"><span style=\"font-family: arial, helvetica, sans-serif; font-size: 12pt;\"><a href=\"https:\/\/berliner-dampfer.de\/?page_id=194\" target=\"_blank\" rel=\"noopener\">Groggert 1988<\/a>, Seite 134:<\/span><\/p>\n<p style=\"text-align: justify;\"><span style=\"font-family: arial, helvetica, sans-serif; font-size: 12pt;\">Die Werft <a href=\"https:\/\/de.wikipedia.org\/wiki\/Gebr._Wiemann\" target=\"_blank\" rel=\"noopener\">Gebr. Wiemann<\/a> in Brandenburg a.H. hat f\u00fcr die Reederei Wei\u00dfe &amp; Schmidt in Tiefwerder bei Spandau au\u00dfer dem bereits erw\u00e4hnten Dampfer \u201cKurt\u201d 1906 die 22,5 m lange, 4,4 m breite <a href=\"https:\/\/berliner-dampfer.de\/?page_id=530\" target=\"_blank\" rel=\"noopener\">\u201cAnne-Marie\u201d<\/a> und 1907 f\u00fcr Otto Busch in Spandau die <strong>\u201cWera\u201d<\/strong> (L\u00e4nge 25,5 m, Breite 4,7 m) gebaut.<\/span><\/p>\n<\/td>\n<\/tr>\n<\/tbody>\n<\/table>\n<p>&nbsp;<\/p>\n<p>&nbsp;<\/p>\n<p>&nbsp;<\/p>\n<table style=\"border-collapse: collapse; width: 100%;\">\n<tbody>\n<tr>\n<td style=\"width: 100%; background-color: #ffff00;\"><span style=\"font-family: arial, helvetica, sans-serif; font-size: 12pt;\">Dampfer <strong>&#8222;Wera&#8220;<\/strong> in Magdeburg, Abfahrt Strombr\u00fccke. Im Hintergrund der <a href=\"https:\/\/de.wikipedia.org\/wiki\/Magdeburger_Dom\" target=\"_blank\" rel=\"noopener\">Magdeburger Dom<\/a>.<\/span><\/p>\n<p><img loading=\"lazy\" decoding=\"async\" class=\"alignnone size-full wp-image-16495\" src=\"https:\/\/berliner-dampfer.de\/wp-content\/uploads\/2025\/06\/1907-WERA-Groggert-1988-Seite-137-1200.jpg\" alt=\"\" width=\"1200\" height=\"861\" srcset=\"https:\/\/berliner-dampfer.de\/wp-content\/uploads\/2025\/06\/1907-WERA-Groggert-1988-Seite-137-1200.jpg 1200w, https:\/\/berliner-dampfer.de\/wp-content\/uploads\/2025\/06\/1907-WERA-Groggert-1988-Seite-137-1200-300x215.jpg 300w, https:\/\/berliner-dampfer.de\/wp-content\/uploads\/2025\/06\/1907-WERA-Groggert-1988-Seite-137-1200-1024x735.jpg 1024w, https:\/\/berliner-dampfer.de\/wp-content\/uploads\/2025\/06\/1907-WERA-Groggert-1988-Seite-137-1200-768x551.jpg 768w\" sizes=\"auto, (max-width: 1200px) 100vw, 1200px\" \/><\/td>\n<\/tr>\n<\/tbody>\n<\/table>\n<p>&nbsp;<\/p>\n<p>&nbsp;<\/p>\n<p>&nbsp;<\/p>\n<p><span style=\"text-decoration: underline;\"><span style=\"font-family: arial, helvetica, sans-serif; font-size: 12pt;\">Zuletzt bearbeitet 14.06.2025<\/span><\/span><\/p>\n","protected":false},"excerpt":{"rendered":"<p>1907 Wera &nbsp; Groggert 1988, Seite 134: Die Werft Gebr. Wiemann in Brandenburg a.H. hat f\u00fcr die Reederei Wei\u00dfe &amp; Schmidt in Tiefwerder bei Spandau&hellip;<\/p>\n","protected":false},"author":1,"featured_media":0,"parent":0,"menu_order":0,"comment_status":"closed","ping_status":"closed","template":"","meta":{"ngg_post_thumbnail":0,"iawp_total_views":3,"footnotes":""},"class_list":["post-16490","page","type-page","status-publish","hentry"],"_links":{"self":[{"href":"https:\/\/berliner-dampfer.de\/index.php?rest_route=\/wp\/v2\/pages\/16490","targetHints":{"allow":["GET"]}}],"collection":[{"href":"https:\/\/berliner-dampfer.de\/index.php?rest_route=\/wp\/v2\/pages"}],"about":[{"href":"https:\/\/berliner-dampfer.de\/index.php?rest_route=\/wp\/v2\/types\/page"}],"author":[{"embeddable":true,"href":"https:\/\/berliner-dampfer.de\/index.php?rest_route=\/wp\/v2\/users\/1"}],"replies":[{"embeddable":true,"href":"https:\/\/berliner-dampfer.de\/index.php?rest_route=%2Fwp%2Fv2%2Fcomments&post=16490"}],"version-history":[{"count":6,"href":"https:\/\/berliner-dampfer.de\/index.php?rest_route=\/wp\/v2\/pages\/16490\/revisions"}],"predecessor-version":[{"id":16498,"href":"https:\/\/berliner-dampfer.de\/index.php?rest_route=\/wp\/v2\/pages\/16490\/revisions\/16498"}],"wp:attachment":[{"href":"https:\/\/berliner-dampfer.de\/index.php?rest_route=%2Fwp%2Fv2%2Fmedia&parent=16490"}],"curies":[{"name":"wp","href":"https:\/\/api.w.org\/{rel}","templated":true}]}}