{"id":16849,"date":"2025-07-01T07:44:16","date_gmt":"2025-07-01T05:44:16","guid":{"rendered":"https:\/\/berliner-dampfer.de\/?page_id=16849"},"modified":"2025-07-07T11:11:36","modified_gmt":"2025-07-07T09:11:36","slug":"kreis-2006","status":"publish","type":"page","link":"https:\/\/berliner-dampfer.de\/?page_id=16849","title":{"rendered":"Kreis (2006)"},"content":{"rendered":"<table style=\"border-collapse: collapse; width: 100%;\">\n<tbody>\n<tr>\n<td style=\"width: 100%; background-color: #ffff00;\"><span style=\"font-family: arial, helvetica, sans-serif; font-size: 12pt;\"><span style=\"font-size: 10pt;\">2006<\/span> <strong>Kreis<\/strong><\/span><\/p>\n<p><span style=\"font-family: arial, helvetica, sans-serif; font-size: 12pt;\">Stern + Kreis: <a href=\"https:\/\/www.sternundkreis.de\/ships\/ms-kreis\/\" target=\"_blank\" rel=\"noopener\">Kreis<\/a> \/ <a href=\"https:\/\/www.sternundkreis.de\/wp-content\/media\/2024\/05\/CABRIOSCHIFFE-2024.pdf\" target=\"_blank\" rel=\"noopener\">Sedcard<\/a><\/span><\/p>\n<p><span style=\"font-family: arial, helvetica, sans-serif; font-size: 12pt;\">Binnenschifferforum: <a href=\"https:\/\/www.binnenschifferforum.de\/showthread.php?30118-Kreis-FGS-04804990\" target=\"_blank\" rel=\"noopener\">Kreis<\/a><\/span><\/td>\n<\/tr>\n<\/tbody>\n<\/table>\n<p>&nbsp;<\/p>\n<table style=\"border-collapse: collapse; width: 100%;\">\n<tbody>\n<tr>\n<td style=\"width: 15.9427%; text-align: left; vertical-align: top;\"><span style=\"font-family: arial, helvetica, sans-serif; font-size: 12pt;\">2024 Stern + Kreis<br \/>\n<a href=\"https:\/\/www.sternundkreis.de\/wp-content\/media\/2024\/05\/CABRIOSCHIFFE-2024.pdf\" target=\"_blank\" rel=\"noopener\">Sedcard<\/a><\/span><\/td>\n<td style=\"width: 84.0573%; background-color: #c0c0ff; text-align: left; vertical-align: top;\">\n<p style=\"text-align: justify;\"><span style=\"font-family: arial, helvetica, sans-serif; font-size: 12pt;\"><strong>MS Kreis<\/strong>, MS Pergamon, MS Poseidon und <a href=\"https:\/\/berliner-dampfer.de\/?page_id=16973\" target=\"_blank\" rel=\"noopener\">MS Nofretete<\/a> sind die elektrisch betriebenen Stars unserer Flotte. Umweltfreundlich und ger\u00e4uscharm, mit gro\u00dfem aufziehbarem Glasdach eignen sie sich f\u00fcr Charterfahrten im Innenstadtbereich oder f\u00fcr Fahrten zum M\u00fcggelsee.<\/span><\/p>\n<p style=\"text-align: justify;\"><span style=\"font-family: arial, helvetica, sans-serif; font-size: 12pt;\">Bei sch\u00f6nem Wetter mit ge\u00f6ffnetem Dach oder auch bei schlechteren Wetterverh\u00e4ltnissen mit gro\u00dfen Fenstern ausgestattet ist eine Fahrt auf unseren Cabrioschiffen die perfekte umweltfreundliche Location f\u00fcr Familienfeiern oder kleinere Firmenfeste mit Buffet.<\/span><\/p>\n<\/td>\n<\/tr>\n<\/tbody>\n<\/table>\n<p>&nbsp;<\/p>\n<p>&nbsp;<\/p>\n<p>&nbsp;<\/p>\n<p><img loading=\"lazy\" decoding=\"async\" class=\"alignnone size-full wp-image-16855\" src=\"https:\/\/berliner-dampfer.de\/wp-content\/uploads\/2025\/07\/2009-09-19-CIMG4142-KREIS-klein.jpg\" alt=\"\" width=\"1200\" height=\"675\" srcset=\"https:\/\/berliner-dampfer.de\/wp-content\/uploads\/2025\/07\/2009-09-19-CIMG4142-KREIS-klein.jpg 1200w, https:\/\/berliner-dampfer.de\/wp-content\/uploads\/2025\/07\/2009-09-19-CIMG4142-KREIS-klein-300x169.jpg 300w, https:\/\/berliner-dampfer.de\/wp-content\/uploads\/2025\/07\/2009-09-19-CIMG4142-KREIS-klein-1024x576.jpg 1024w, https:\/\/berliner-dampfer.de\/wp-content\/uploads\/2025\/07\/2009-09-19-CIMG4142-KREIS-klein-768x432.jpg 768w\" sizes=\"auto, (max-width: 1200px) 100vw, 1200px\" \/><\/p>\n<p>&nbsp;<\/p>\n<p>&nbsp;<\/p>\n<p><img loading=\"lazy\" decoding=\"async\" class=\"alignnone size-full wp-image-16856\" src=\"https:\/\/berliner-dampfer.de\/wp-content\/uploads\/2025\/07\/2012-04-17-Kreis-01-f471914403-klein.jpg\" alt=\"\" width=\"1200\" height=\"675\" srcset=\"https:\/\/berliner-dampfer.de\/wp-content\/uploads\/2025\/07\/2012-04-17-Kreis-01-f471914403-klein.jpg 1200w, https:\/\/berliner-dampfer.de\/wp-content\/uploads\/2025\/07\/2012-04-17-Kreis-01-f471914403-klein-300x169.jpg 300w, https:\/\/berliner-dampfer.de\/wp-content\/uploads\/2025\/07\/2012-04-17-Kreis-01-f471914403-klein-1024x576.jpg 1024w, https:\/\/berliner-dampfer.de\/wp-content\/uploads\/2025\/07\/2012-04-17-Kreis-01-f471914403-klein-768x432.jpg 768w\" sizes=\"auto, (max-width: 1200px) 100vw, 1200px\" \/><\/p>\n<p>&nbsp;<\/p>\n<p>&nbsp;<\/p>\n<p><img loading=\"lazy\" decoding=\"async\" class=\"alignnone size-full wp-image-16857\" src=\"https:\/\/berliner-dampfer.de\/wp-content\/uploads\/2025\/07\/2012-04-17-Kreis-02-f471924911-klein.jpg\" alt=\"\" width=\"1200\" height=\"675\" srcset=\"https:\/\/berliner-dampfer.de\/wp-content\/uploads\/2025\/07\/2012-04-17-Kreis-02-f471924911-klein.jpg 1200w, https:\/\/berliner-dampfer.de\/wp-content\/uploads\/2025\/07\/2012-04-17-Kreis-02-f471924911-klein-300x169.jpg 300w, https:\/\/berliner-dampfer.de\/wp-content\/uploads\/2025\/07\/2012-04-17-Kreis-02-f471924911-klein-1024x576.jpg 1024w, https:\/\/berliner-dampfer.de\/wp-content\/uploads\/2025\/07\/2012-04-17-Kreis-02-f471924911-klein-768x432.jpg 768w\" sizes=\"auto, (max-width: 1200px) 100vw, 1200px\" \/><\/p>\n<p>&nbsp;<\/p>\n<p>&nbsp;<\/p>\n<p><span style=\"text-decoration: underline;\"><span style=\"font-family: arial, helvetica, sans-serif; font-size: 12pt;\">Zuletzt bearbeitet 01.07.2025<\/span><\/span><\/p>\n","protected":false},"excerpt":{"rendered":"<p>2006 Kreis Stern + Kreis: Kreis \/ Sedcard Binnenschifferforum: Kreis &nbsp; 2024 Stern + Kreis Sedcard MS Kreis, MS Pergamon, MS Poseidon und MS Nofretete&hellip;<\/p>\n","protected":false},"author":1,"featured_media":0,"parent":0,"menu_order":0,"comment_status":"closed","ping_status":"closed","template":"","meta":{"ngg_post_thumbnail":0,"iawp_total_views":2,"footnotes":""},"class_list":["post-16849","page","type-page","status-publish","hentry"],"_links":{"self":[{"href":"https:\/\/berliner-dampfer.de\/index.php?rest_route=\/wp\/v2\/pages\/16849","targetHints":{"allow":["GET"]}}],"collection":[{"href":"https:\/\/berliner-dampfer.de\/index.php?rest_route=\/wp\/v2\/pages"}],"about":[{"href":"https:\/\/berliner-dampfer.de\/index.php?rest_route=\/wp\/v2\/types\/page"}],"author":[{"embeddable":true,"href":"https:\/\/berliner-dampfer.de\/index.php?rest_route=\/wp\/v2\/users\/1"}],"replies":[{"embeddable":true,"href":"https:\/\/berliner-dampfer.de\/index.php?rest_route=%2Fwp%2Fv2%2Fcomments&post=16849"}],"version-history":[{"count":7,"href":"https:\/\/berliner-dampfer.de\/index.php?rest_route=\/wp\/v2\/pages\/16849\/revisions"}],"predecessor-version":[{"id":16981,"href":"https:\/\/berliner-dampfer.de\/index.php?rest_route=\/wp\/v2\/pages\/16849\/revisions\/16981"}],"wp:attachment":[{"href":"https:\/\/berliner-dampfer.de\/index.php?rest_route=%2Fwp%2Fv2%2Fmedia&parent=16849"}],"curies":[{"name":"wp","href":"https:\/\/api.w.org\/{rel}","templated":true}]}}