{"id":17036,"date":"2025-07-08T12:19:11","date_gmt":"2025-07-08T10:19:11","guid":{"rendered":"https:\/\/berliner-dampfer.de\/?page_id=17036"},"modified":"2025-11-21T10:27:02","modified_gmt":"2025-11-21T09:27:02","slug":"schoeneberg","status":"publish","type":"page","link":"https:\/\/berliner-dampfer.de\/?page_id=17036","title":{"rendered":"Sch\u00f6neberg"},"content":{"rendered":"<table style=\"border-collapse: collapse; width: 100%;\">\n<tbody>\n<tr>\n<td style=\"width: 100%; background-color: #ffff00;\"><span style=\"font-family: arial, helvetica, sans-serif; font-size: 12pt;\"><span style=\"font-size: 10pt;\">1963<\/span> <strong>Helena<\/strong> } <span style=\"font-size: 10pt;\">1987<\/span> <strong>Sch\u00f6neberg<\/strong><\/span><\/p>\n<p><span style=\"font-family: arial, helvetica, sans-serif; font-size: 12pt;\">Reederei Riedel: <a href=\"https:\/\/reederei-riedel.de\/flotte\/\" target=\"_blank\" rel=\"noopener\">Flotte mit FMS Sch\u00f6neberg<\/a><\/span><\/p>\n<p><span style=\"font-family: arial, helvetica, sans-serif; font-size: 12pt;\">Wikipedia: <a href=\"https:\/\/de.wikipedia.org\/wiki\/Sch\u00f6neberg_(Schiff)\" target=\"_blank\" rel=\"noopener\">Sch\u00f6neberg (Schiff)<\/a><\/span><\/td>\n<\/tr>\n<\/tbody>\n<\/table>\n<p>&nbsp;<\/p>\n<table style=\"border-collapse: collapse; width: 100%;\">\n<tbody>\n<tr>\n<td style=\"width: 20.6811%; text-align: left; vertical-align: top;\"><span style=\"font-family: arial, helvetica, sans-serif; font-size: 12pt;\">Juli 2025<\/span><\/p>\n<p><a href=\"https:\/\/reederei-riedel.de\/flotte\/\" target=\"_blank\" rel=\"noopener\"><span style=\"font-family: arial, helvetica, sans-serif; font-size: 12pt;\">Reederei Riedel<\/span><\/a><\/td>\n<td style=\"width: 79.3189%; background-color: #c0c0ff; text-align: left; vertical-align: top;\">\n<p style=\"text-align: justify;\"><strong><span style=\"font-family: arial, helvetica, sans-serif; font-size: 12pt;\">FMS Sch\u00f6neberg<\/span><\/strong><\/p>\n<p style=\"text-align: justify;\"><span style=\"font-family: arial, helvetica, sans-serif; font-size: 12pt;\">In den vergangenen Monaten haben wir unser Salon-Schiff umgebaut und ihm damit einen wundersch\u00f6nen, neuen Stil verliehen. Gem\u00fctlich auf der Couch oder entspannt im Sessel geht\u2019s mit der mobilen Lounge \u00fcber\u2019s Wasser. Ideal f\u00fcr jegliche Events mit bis zu 150 Pl\u00e4tzen.<\/span><\/p>\n<\/td>\n<\/tr>\n<\/tbody>\n<\/table>\n<p>&nbsp;<\/p>\n<p>&nbsp;<\/p>\n<p>&nbsp;<\/p>\n<p>&nbsp;<\/p>\n<table style=\"border-collapse: collapse; width: 100%; height: 24px;\">\n<tbody>\n<tr style=\"height: 24px;\">\n<td style=\"width: 100%; background-color: #ffff00; height: 24px;\"><span style=\"font-family: arial, helvetica, sans-serif; font-size: 12pt;\"><strong>&#8222;Sch\u00f6neberg&#8220;<\/strong> 1995 ca. an der <a href=\"https:\/\/de.wikipedia.org\/wiki\/Oberbaumbr\u00fccke\" target=\"_blank\" rel=\"noopener\">Oberbaumbr\u00fccke<\/a>. Werbekarte der Reederei Riedel, <a href=\"https:\/\/www.guenterschneider.de\/\" target=\"_blank\" rel=\"noopener\">Fotograf G\u00fcnter Schneider<\/a>. Ich bin mir nicht sicher, ob es sich um eine reale Aufnahme handelt, oder ob das Schiff in das Motiv eingef\u00fcgt wurde? Beachte hier noch die alten Fenster und den alten Namensschriftzug.<\/span><\/p>\n<p><img loading=\"lazy\" decoding=\"async\" class=\"alignnone size-full wp-image-17829\" src=\"https:\/\/berliner-dampfer.de\/wp-content\/uploads\/2025\/11\/1995-ca-SCHOeNEBERG-klein.jpg\" alt=\"\" width=\"1200\" height=\"984\" srcset=\"https:\/\/berliner-dampfer.de\/wp-content\/uploads\/2025\/11\/1995-ca-SCHOeNEBERG-klein.jpg 1200w, https:\/\/berliner-dampfer.de\/wp-content\/uploads\/2025\/11\/1995-ca-SCHOeNEBERG-klein-300x246.jpg 300w, https:\/\/berliner-dampfer.de\/wp-content\/uploads\/2025\/11\/1995-ca-SCHOeNEBERG-klein-1024x840.jpg 1024w, https:\/\/berliner-dampfer.de\/wp-content\/uploads\/2025\/11\/1995-ca-SCHOeNEBERG-klein-768x630.jpg 768w\" sizes=\"auto, (max-width: 1200px) 100vw, 1200px\" \/><\/td>\n<\/tr>\n<\/tbody>\n<\/table>\n<p>&nbsp;<\/p>\n<p>&nbsp;<\/p>\n<p>&nbsp;<\/p>\n<p><img loading=\"lazy\" decoding=\"async\" class=\"alignnone size-full wp-image-17042\" src=\"https:\/\/berliner-dampfer.de\/wp-content\/uploads\/2025\/07\/2005-06-03-Schoeneberg-1-klein.jpg\" alt=\"\" width=\"1200\" height=\"675\" srcset=\"https:\/\/berliner-dampfer.de\/wp-content\/uploads\/2025\/07\/2005-06-03-Schoeneberg-1-klein.jpg 1200w, https:\/\/berliner-dampfer.de\/wp-content\/uploads\/2025\/07\/2005-06-03-Schoeneberg-1-klein-300x169.jpg 300w, https:\/\/berliner-dampfer.de\/wp-content\/uploads\/2025\/07\/2005-06-03-Schoeneberg-1-klein-1024x576.jpg 1024w, https:\/\/berliner-dampfer.de\/wp-content\/uploads\/2025\/07\/2005-06-03-Schoeneberg-1-klein-768x432.jpg 768w\" sizes=\"auto, (max-width: 1200px) 100vw, 1200px\" \/><\/p>\n<p>&nbsp;<\/p>\n<p>&nbsp;<\/p>\n<p><span style=\"font-family: arial, helvetica, sans-serif; font-size: 12pt;\"><strong>&#8222;Sch\u00f6neberg&#8220;<\/strong> mit <a href=\"https:\/\/berliner-dampfer.de\/?page_id=6419\" target=\"_blank\" rel=\"noopener\">&#8222;La Belle&#8220;<\/a>:<\/span><\/p>\n<p><img loading=\"lazy\" decoding=\"async\" class=\"alignnone size-full wp-image-17043\" src=\"https:\/\/berliner-dampfer.de\/wp-content\/uploads\/2025\/07\/2010-07-04-CIMG1550-Schoeneberg-und-LaBelle-a-klein.jpg\" alt=\"\" width=\"1200\" height=\"675\" srcset=\"https:\/\/berliner-dampfer.de\/wp-content\/uploads\/2025\/07\/2010-07-04-CIMG1550-Schoeneberg-und-LaBelle-a-klein.jpg 1200w, https:\/\/berliner-dampfer.de\/wp-content\/uploads\/2025\/07\/2010-07-04-CIMG1550-Schoeneberg-und-LaBelle-a-klein-300x169.jpg 300w, https:\/\/berliner-dampfer.de\/wp-content\/uploads\/2025\/07\/2010-07-04-CIMG1550-Schoeneberg-und-LaBelle-a-klein-1024x576.jpg 1024w, https:\/\/berliner-dampfer.de\/wp-content\/uploads\/2025\/07\/2010-07-04-CIMG1550-Schoeneberg-und-LaBelle-a-klein-768x432.jpg 768w\" sizes=\"auto, (max-width: 1200px) 100vw, 1200px\" \/><\/p>\n<p>&nbsp;<\/p>\n<p>&nbsp;<\/p>\n<p>&nbsp;<\/p>\n<p><img loading=\"lazy\" decoding=\"async\" class=\"alignnone size-full wp-image-17044\" src=\"https:\/\/berliner-dampfer.de\/wp-content\/uploads\/2025\/07\/2013-08-13-DSC08090-a-klein.jpg\" alt=\"\" width=\"1200\" height=\"675\" srcset=\"https:\/\/berliner-dampfer.de\/wp-content\/uploads\/2025\/07\/2013-08-13-DSC08090-a-klein.jpg 1200w, https:\/\/berliner-dampfer.de\/wp-content\/uploads\/2025\/07\/2013-08-13-DSC08090-a-klein-300x169.jpg 300w, https:\/\/berliner-dampfer.de\/wp-content\/uploads\/2025\/07\/2013-08-13-DSC08090-a-klein-1024x576.jpg 1024w, https:\/\/berliner-dampfer.de\/wp-content\/uploads\/2025\/07\/2013-08-13-DSC08090-a-klein-768x432.jpg 768w\" sizes=\"auto, (max-width: 1200px) 100vw, 1200px\" \/><\/p>\n<p>&nbsp;<\/p>\n<p>&nbsp;<\/p>\n<p>&nbsp;<\/p>\n<p><img loading=\"lazy\" decoding=\"async\" class=\"alignnone size-full wp-image-17045\" src=\"https:\/\/berliner-dampfer.de\/wp-content\/uploads\/2025\/07\/2013-08-13-DSC08091-a-klein.jpg\" alt=\"\" width=\"1200\" height=\"675\" srcset=\"https:\/\/berliner-dampfer.de\/wp-content\/uploads\/2025\/07\/2013-08-13-DSC08091-a-klein.jpg 1200w, https:\/\/berliner-dampfer.de\/wp-content\/uploads\/2025\/07\/2013-08-13-DSC08091-a-klein-300x169.jpg 300w, https:\/\/berliner-dampfer.de\/wp-content\/uploads\/2025\/07\/2013-08-13-DSC08091-a-klein-1024x576.jpg 1024w, https:\/\/berliner-dampfer.de\/wp-content\/uploads\/2025\/07\/2013-08-13-DSC08091-a-klein-768x432.jpg 768w\" sizes=\"auto, (max-width: 1200px) 100vw, 1200px\" \/><\/p>\n<p>&nbsp;<\/p>\n<p>&nbsp;<\/p>\n<p>&nbsp;<\/p>\n<p><img loading=\"lazy\" decoding=\"async\" class=\"alignnone size-full wp-image-17046\" src=\"https:\/\/berliner-dampfer.de\/wp-content\/uploads\/2025\/07\/2013-08-13-DSC08192-Schoeneberg-klein-a.jpg\" alt=\"\" width=\"1200\" height=\"675\" srcset=\"https:\/\/berliner-dampfer.de\/wp-content\/uploads\/2025\/07\/2013-08-13-DSC08192-Schoeneberg-klein-a.jpg 1200w, https:\/\/berliner-dampfer.de\/wp-content\/uploads\/2025\/07\/2013-08-13-DSC08192-Schoeneberg-klein-a-300x169.jpg 300w, https:\/\/berliner-dampfer.de\/wp-content\/uploads\/2025\/07\/2013-08-13-DSC08192-Schoeneberg-klein-a-1024x576.jpg 1024w, https:\/\/berliner-dampfer.de\/wp-content\/uploads\/2025\/07\/2013-08-13-DSC08192-Schoeneberg-klein-a-768x432.jpg 768w\" sizes=\"auto, (max-width: 1200px) 100vw, 1200px\" \/><\/p>\n<p>&nbsp;<\/p>\n<p>&nbsp;<\/p>\n<p>&nbsp;<\/p>\n<p><span style=\"text-decoration: underline;\"><span style=\"font-family: arial, helvetica, sans-serif; font-size: 12pt;\">Zuletzt bearbeitet 21.11.2025<\/span><\/span><\/p>\n","protected":false},"excerpt":{"rendered":"<p>1963 Helena } 1987 Sch\u00f6neberg Reederei Riedel: Flotte mit FMS Sch\u00f6neberg Wikipedia: Sch\u00f6neberg (Schiff) &nbsp; Juli 2025 Reederei Riedel FMS Sch\u00f6neberg In den vergangenen Monaten&hellip;<\/p>\n","protected":false},"author":1,"featured_media":0,"parent":0,"menu_order":0,"comment_status":"closed","ping_status":"closed","template":"","meta":{"ngg_post_thumbnail":0,"iawp_total_views":12,"footnotes":""},"class_list":["post-17036","page","type-page","status-publish","hentry"],"_links":{"self":[{"href":"https:\/\/berliner-dampfer.de\/index.php?rest_route=\/wp\/v2\/pages\/17036","targetHints":{"allow":["GET"]}}],"collection":[{"href":"https:\/\/berliner-dampfer.de\/index.php?rest_route=\/wp\/v2\/pages"}],"about":[{"href":"https:\/\/berliner-dampfer.de\/index.php?rest_route=\/wp\/v2\/types\/page"}],"author":[{"embeddable":true,"href":"https:\/\/berliner-dampfer.de\/index.php?rest_route=\/wp\/v2\/users\/1"}],"replies":[{"embeddable":true,"href":"https:\/\/berliner-dampfer.de\/index.php?rest_route=%2Fwp%2Fv2%2Fcomments&post=17036"}],"version-history":[{"count":13,"href":"https:\/\/berliner-dampfer.de\/index.php?rest_route=\/wp\/v2\/pages\/17036\/revisions"}],"predecessor-version":[{"id":17835,"href":"https:\/\/berliner-dampfer.de\/index.php?rest_route=\/wp\/v2\/pages\/17036\/revisions\/17835"}],"wp:attachment":[{"href":"https:\/\/berliner-dampfer.de\/index.php?rest_route=%2Fwp%2Fv2%2Fmedia&parent=17036"}],"curies":[{"name":"wp","href":"https:\/\/api.w.org\/{rel}","templated":true}]}}