{"id":17174,"date":"2025-07-13T17:57:17","date_gmt":"2025-07-13T15:57:17","guid":{"rendered":"https:\/\/berliner-dampfer.de\/?page_id=17174"},"modified":"2025-07-13T20:55:28","modified_gmt":"2025-07-13T18:55:28","slug":"spree-comtess","status":"publish","type":"page","link":"https:\/\/berliner-dampfer.de\/?page_id=17174","title":{"rendered":"Spree-Comtess"},"content":{"rendered":"<table style=\"border-collapse: collapse; width: 100%;\">\n<tbody>\n<tr>\n<td style=\"width: 100%; background-color: #ffff00;\"><span style=\"font-family: arial, helvetica, sans-serif; font-size: 12pt;\"><span style=\"font-size: 10pt;\">2002<\/span> <strong>Spree-Comtess<\/strong><\/span><\/p>\n<p><span style=\"font-family: arial, helvetica, sans-serif; font-size: 12pt;\">Reederei Riedel, Flotte:&nbsp; <a href=\"https:\/\/reederei-riedel.de\/flotte\/\" target=\"_blank\" rel=\"noopener\">Spree-Comtess<\/a> \/ <a href=\"https:\/\/reederei-riedel.de\/wp-content\/uploads\/2018\/02\/FMS-COMTESS.pdf\" target=\"_blank\" rel=\"noopener\">Datenblatt<\/a><\/span><\/p>\n<p><span style=\"font-family: arial, helvetica, sans-serif; font-size: 12pt;\">Wikipedia: <a href=\"https:\/\/de.wikipedia.org\/wiki\/Spree-Comtess\" target=\"_blank\" rel=\"noopener\">Spree-Comtess<\/a><\/span><\/td>\n<\/tr>\n<\/tbody>\n<\/table>\n<p>&nbsp;<\/p>\n<table style=\"border-collapse: collapse; width: 100%;\">\n<tbody>\n<tr>\n<td style=\"width: 17.2261%; text-align: left; vertical-align: top;\"><span style=\"font-family: arial, helvetica, sans-serif; font-size: 12pt;\">Juli 2025<\/span><\/p>\n<p><span style=\"font-family: arial, helvetica, sans-serif; font-size: 12pt;\"><a href=\"https:\/\/reederei-riedel.de\/flotte\/\" target=\"_blank\" rel=\"noopener\">Reederei Riedel<\/a><\/span><\/td>\n<td style=\"width: 82.7739%; background-color: #c0c0ff; text-align: left; vertical-align: top;\">\n<p style=\"text-align: justify;\"><strong><span style=\"font-family: arial, helvetica, sans-serif; font-size: 12pt;\">Spree-Comtess<\/span><\/strong><\/p>\n<div class=\"p\">\n<p style=\"text-align: justify;\"><span style=\"font-family: arial, helvetica, sans-serif; font-size: 12pt;\">Ein modernes Salon-Schiff \u2013 ideal f\u00fcr Ihre Berlin Rundfahrt.<\/span><\/p>\n<p style=\"text-align: justify;\"><span style=\"font-family: arial, helvetica, sans-serif; font-size: 12pt;\">Das perfekte Schiff f\u00fcr jegliche Events mit bis zu 180 Innenpl\u00e4tzen ohne Buffet und ca. 140-160 Innenpl\u00e4tzen mit Buffet. Die Spree-Comtess ist mit einer Zulassung f\u00fcr insgesamt max. 330 Personen derzeit das gr\u00f6\u00dfte Fahrgastschiff, welches den Landwehrkanal durchqueren kann. Im Fahrgastsalon stehen insgesamt bis zu 40 Tische und 180 St\u00fchle f\u00fcr eine individuelle Raumgestaltung zur Verf\u00fcgung. Das Stellen einer Tafel oder einer Konferenzrunde f\u00fcr Sonderveranstaltungen an Bord sind m\u00f6glich.<\/span><\/p>\n<p>___________<\/p>\n<ul>\n<li><span style=\"font-family: arial, helvetica, sans-serif; font-size: 12pt;\">Gesamtpl\u00e4tze 330<\/span><\/li>\n<li><span style=\"font-family: arial, helvetica, sans-serif; font-size: 12pt;\">Innenpl\u00e4tze 180<\/span><\/li>\n<li><span style=\"font-family: arial, helvetica, sans-serif; font-size: 12pt;\">L\u00e4nge 43,10\u2009m<\/span><\/li>\n<li><span style=\"font-family: arial, helvetica, sans-serif; font-size: 12pt;\">Breite 7,00 m<\/span><\/li>\n<li><span style=\"font-family: arial, helvetica, sans-serif; font-size: 12pt;\">Tiefgang 1,29 m<\/span><\/li>\n<li><span style=\"font-family: arial, helvetica, sans-serif; font-size: 12pt;\">Baujahr 2002<\/span><\/li>\n<li><span style=\"font-family: arial, helvetica, sans-serif; font-size: 12pt;\">Bauwerft <a href=\"https:\/\/de.wikipedia.org\/wiki\/Schiffswerft_Hermann_Barthel\" target=\"_blank\" rel=\"noopener\">Schiffswerft Hermann Barthel GmbH Derben<\/a> \u2192 <a href=\"https:\/\/www.barthel-werft.de\/de\/sub\/neu\/fahrgastschiffe.html\" target=\"_blank\" rel=\"noopener\">Spree-Comtess<\/a><\/span><\/li>\n<\/ul>\n<\/div>\n<\/td>\n<\/tr>\n<\/tbody>\n<\/table>\n<p>&nbsp;<\/p>\n<table style=\"border-collapse: collapse; width: 100%;\">\n<tbody>\n<tr>\n<td style=\"width: 17.6209%; text-align: left; vertical-align: top;\"><span style=\"font-family: arial, helvetica, sans-serif; font-size: 12pt;\">2\/<strong>2003<\/strong><\/span><\/p>\n<p><span style=\"font-family: arial, helvetica, sans-serif; font-size: 12pt;\">BSBG<\/span><br \/>\n<span style=\"font-family: arial, helvetica, sans-serif; font-size: 12pt;\">Der Fahrensmann<\/span><\/td>\n<td style=\"width: 82.3791%; background-color: #c0c0ff; text-align: left; vertical-align: top;\"><strong><span style=\"font-family: arial, helvetica, sans-serif; font-size: 12pt;\"> \u201eSpree-Comtess\u201c in Berlin unterwegs<\/span><\/strong><br \/>\n<span style=\"font-family: arial, helvetica, sans-serif; font-size: 12pt;\">Neues Fahrgastschiff f\u00fcr 330 Fahrg\u00e4ste<\/span><\/p>\n<p style=\"text-align: justify;\"><span style=\"font-family: arial, helvetica, sans-serif; font-size: 12pt;\">P\u00fcnktlich zum Saisonstart 2003 ist in Berlin durch die Reederei Riedel ein neues Fahrgastschiff mit dem Namen \u201eSpree-Comtess\u201c in Dienst gestellt. Mit diesem Neubau konnten die Erfahrungen von mehr als 30 Jahren Fahrgastschifffahrt im vorwiegend innerst\u00e4dtischen Bereich der Reederei verwirklicht werden. Das Fahrgastschiff ist 43,0 m lang, 7,0 m breit und hat einen Tiefgang von maximal 1,10 m. Die Fixpunkth\u00f6he betr\u00e4gt 3,20 m. Dieses Ma\u00df ist entscheidend, denn es soll mit bis zu 330 Fahrg\u00e4sten auf dem Sonnendeck unter den Br\u00fccken von Berlin sicher durchfahren k\u00f6nnen. Das Kasko wurde von der Schiffswerft Hermann Barthel in Derben gebaut. Der gesamte Innenausbau einschlie\u00dflich der E-Technik und Motorisierung wurde in eigener Regie bis ins Detail geplant und in guter Qualit\u00e4t gefertigt. Im Salon wird mit einer aufw\u00e4ndigen Klima- und L\u00fcftungstechnik f\u00fcr eine temperierte und frische Raumluft gesorgt. Bis zu 180 Personen k\u00f6nnen unabh\u00e4ngig von Witterungseinfl\u00fcssen ganzj\u00e4hrig Schifffahrt live erleben. Das neunte und zugleich gr\u00f6\u00dfte Fahrgastschiff der Reederei ist seit April diesen Jahres auf dem Landwehrkanal im Einsatz.<\/span><\/p>\n<\/td>\n<\/tr>\n<\/tbody>\n<\/table>\n<p>&nbsp;<\/p>\n<p>&nbsp;<\/p>\n<p><img loading=\"lazy\" decoding=\"async\" class=\"alignnone size-full wp-image-17185\" src=\"https:\/\/berliner-dampfer.de\/wp-content\/uploads\/2025\/07\/2011-07-07-DSC01111-SPREE-COMTESS-klein.jpg\" alt=\"\" width=\"1200\" height=\"675\" srcset=\"https:\/\/berliner-dampfer.de\/wp-content\/uploads\/2025\/07\/2011-07-07-DSC01111-SPREE-COMTESS-klein.jpg 1200w, https:\/\/berliner-dampfer.de\/wp-content\/uploads\/2025\/07\/2011-07-07-DSC01111-SPREE-COMTESS-klein-300x169.jpg 300w, https:\/\/berliner-dampfer.de\/wp-content\/uploads\/2025\/07\/2011-07-07-DSC01111-SPREE-COMTESS-klein-1024x576.jpg 1024w, https:\/\/berliner-dampfer.de\/wp-content\/uploads\/2025\/07\/2011-07-07-DSC01111-SPREE-COMTESS-klein-768x432.jpg 768w\" sizes=\"auto, (max-width: 1200px) 100vw, 1200px\" \/><\/p>\n<p>&nbsp;<\/p>\n<p><img loading=\"lazy\" decoding=\"async\" class=\"alignnone size-full wp-image-17186\" src=\"https:\/\/berliner-dampfer.de\/wp-content\/uploads\/2025\/07\/2011-07-13-DSC01112-SPREE-COMTESS-klein.jpg\" alt=\"\" width=\"1200\" height=\"675\" srcset=\"https:\/\/berliner-dampfer.de\/wp-content\/uploads\/2025\/07\/2011-07-13-DSC01112-SPREE-COMTESS-klein.jpg 1200w, https:\/\/berliner-dampfer.de\/wp-content\/uploads\/2025\/07\/2011-07-13-DSC01112-SPREE-COMTESS-klein-300x169.jpg 300w, https:\/\/berliner-dampfer.de\/wp-content\/uploads\/2025\/07\/2011-07-13-DSC01112-SPREE-COMTESS-klein-1024x576.jpg 1024w, https:\/\/berliner-dampfer.de\/wp-content\/uploads\/2025\/07\/2011-07-13-DSC01112-SPREE-COMTESS-klein-768x432.jpg 768w\" sizes=\"auto, (max-width: 1200px) 100vw, 1200px\" \/><\/p>\n<p>&nbsp;<\/p>\n<p><img loading=\"lazy\" decoding=\"async\" class=\"alignnone size-full wp-image-17187\" src=\"https:\/\/berliner-dampfer.de\/wp-content\/uploads\/2025\/07\/2011-07-13-DSC01113-SPREE-COMTESS-klein.jpg\" alt=\"\" width=\"1200\" height=\"675\" srcset=\"https:\/\/berliner-dampfer.de\/wp-content\/uploads\/2025\/07\/2011-07-13-DSC01113-SPREE-COMTESS-klein.jpg 1200w, https:\/\/berliner-dampfer.de\/wp-content\/uploads\/2025\/07\/2011-07-13-DSC01113-SPREE-COMTESS-klein-300x169.jpg 300w, https:\/\/berliner-dampfer.de\/wp-content\/uploads\/2025\/07\/2011-07-13-DSC01113-SPREE-COMTESS-klein-1024x576.jpg 1024w, https:\/\/berliner-dampfer.de\/wp-content\/uploads\/2025\/07\/2011-07-13-DSC01113-SPREE-COMTESS-klein-768x432.jpg 768w\" sizes=\"auto, (max-width: 1200px) 100vw, 1200px\" \/><\/p>\n<p>&nbsp;<\/p>\n<p><img loading=\"lazy\" decoding=\"async\" class=\"alignnone size-full wp-image-17188\" src=\"https:\/\/berliner-dampfer.de\/wp-content\/uploads\/2025\/07\/2011-07-13-DSC01115-SPREE-COMTESS-klein.jpg\" alt=\"\" width=\"1200\" height=\"675\" srcset=\"https:\/\/berliner-dampfer.de\/wp-content\/uploads\/2025\/07\/2011-07-13-DSC01115-SPREE-COMTESS-klein.jpg 1200w, https:\/\/berliner-dampfer.de\/wp-content\/uploads\/2025\/07\/2011-07-13-DSC01115-SPREE-COMTESS-klein-300x169.jpg 300w, https:\/\/berliner-dampfer.de\/wp-content\/uploads\/2025\/07\/2011-07-13-DSC01115-SPREE-COMTESS-klein-1024x576.jpg 1024w, https:\/\/berliner-dampfer.de\/wp-content\/uploads\/2025\/07\/2011-07-13-DSC01115-SPREE-COMTESS-klein-768x432.jpg 768w\" sizes=\"auto, (max-width: 1200px) 100vw, 1200px\" \/><\/p>\n<p>&nbsp;<\/p>\n<p>&nbsp;<\/p>\n<p>&nbsp;<\/p>\n<p>&nbsp;<\/p>\n<p><img loading=\"lazy\" decoding=\"async\" class=\"alignnone size-full wp-image-17189\" src=\"https:\/\/berliner-dampfer.de\/wp-content\/uploads\/2025\/07\/2012-04-17-DSC09366-SPREE-COMTESS-klein.jpg\" alt=\"\" width=\"1200\" height=\"675\" srcset=\"https:\/\/berliner-dampfer.de\/wp-content\/uploads\/2025\/07\/2012-04-17-DSC09366-SPREE-COMTESS-klein.jpg 1200w, https:\/\/berliner-dampfer.de\/wp-content\/uploads\/2025\/07\/2012-04-17-DSC09366-SPREE-COMTESS-klein-300x169.jpg 300w, https:\/\/berliner-dampfer.de\/wp-content\/uploads\/2025\/07\/2012-04-17-DSC09366-SPREE-COMTESS-klein-1024x576.jpg 1024w, https:\/\/berliner-dampfer.de\/wp-content\/uploads\/2025\/07\/2012-04-17-DSC09366-SPREE-COMTESS-klein-768x432.jpg 768w\" sizes=\"auto, (max-width: 1200px) 100vw, 1200px\" \/><\/p>\n<p>&nbsp;<\/p>\n<p><img loading=\"lazy\" decoding=\"async\" class=\"alignnone size-full wp-image-17190\" src=\"https:\/\/berliner-dampfer.de\/wp-content\/uploads\/2025\/07\/2012-04-17-DSC09369-SPREE-COMTESS-klein.jpg\" alt=\"\" width=\"1200\" height=\"675\" srcset=\"https:\/\/berliner-dampfer.de\/wp-content\/uploads\/2025\/07\/2012-04-17-DSC09369-SPREE-COMTESS-klein.jpg 1200w, https:\/\/berliner-dampfer.de\/wp-content\/uploads\/2025\/07\/2012-04-17-DSC09369-SPREE-COMTESS-klein-300x169.jpg 300w, https:\/\/berliner-dampfer.de\/wp-content\/uploads\/2025\/07\/2012-04-17-DSC09369-SPREE-COMTESS-klein-1024x576.jpg 1024w, https:\/\/berliner-dampfer.de\/wp-content\/uploads\/2025\/07\/2012-04-17-DSC09369-SPREE-COMTESS-klein-768x432.jpg 768w\" sizes=\"auto, (max-width: 1200px) 100vw, 1200px\" \/><\/p>\n<p>&nbsp;<\/p>\n<p><img loading=\"lazy\" decoding=\"async\" class=\"alignnone size-full wp-image-17191\" src=\"https:\/\/berliner-dampfer.de\/wp-content\/uploads\/2025\/07\/2012-04-17-DSC09371-SPREE-COMTESS-klein.jpg\" alt=\"\" width=\"1200\" height=\"675\" srcset=\"https:\/\/berliner-dampfer.de\/wp-content\/uploads\/2025\/07\/2012-04-17-DSC09371-SPREE-COMTESS-klein.jpg 1200w, https:\/\/berliner-dampfer.de\/wp-content\/uploads\/2025\/07\/2012-04-17-DSC09371-SPREE-COMTESS-klein-300x169.jpg 300w, https:\/\/berliner-dampfer.de\/wp-content\/uploads\/2025\/07\/2012-04-17-DSC09371-SPREE-COMTESS-klein-1024x576.jpg 1024w, https:\/\/berliner-dampfer.de\/wp-content\/uploads\/2025\/07\/2012-04-17-DSC09371-SPREE-COMTESS-klein-768x432.jpg 768w\" sizes=\"auto, (max-width: 1200px) 100vw, 1200px\" \/><\/p>\n<p>&nbsp;<\/p>\n<p><img loading=\"lazy\" decoding=\"async\" class=\"alignnone size-full wp-image-17192\" src=\"https:\/\/berliner-dampfer.de\/wp-content\/uploads\/2025\/07\/2012-04-17-DSC09372-SPREE-COMTESS-f471902185-klein.jpg\" alt=\"\" width=\"1200\" height=\"675\" srcset=\"https:\/\/berliner-dampfer.de\/wp-content\/uploads\/2025\/07\/2012-04-17-DSC09372-SPREE-COMTESS-f471902185-klein.jpg 1200w, https:\/\/berliner-dampfer.de\/wp-content\/uploads\/2025\/07\/2012-04-17-DSC09372-SPREE-COMTESS-f471902185-klein-300x169.jpg 300w, https:\/\/berliner-dampfer.de\/wp-content\/uploads\/2025\/07\/2012-04-17-DSC09372-SPREE-COMTESS-f471902185-klein-1024x576.jpg 1024w, https:\/\/berliner-dampfer.de\/wp-content\/uploads\/2025\/07\/2012-04-17-DSC09372-SPREE-COMTESS-f471902185-klein-768x432.jpg 768w\" sizes=\"auto, (max-width: 1200px) 100vw, 1200px\" \/><\/p>\n<p>&nbsp;<\/p>\n<p><img loading=\"lazy\" decoding=\"async\" class=\"alignnone size-full wp-image-17193\" src=\"https:\/\/berliner-dampfer.de\/wp-content\/uploads\/2025\/07\/2012-04-17-DSC09387-SPREE-COMTESS-klein.jpg\" alt=\"\" width=\"1200\" height=\"675\" srcset=\"https:\/\/berliner-dampfer.de\/wp-content\/uploads\/2025\/07\/2012-04-17-DSC09387-SPREE-COMTESS-klein.jpg 1200w, https:\/\/berliner-dampfer.de\/wp-content\/uploads\/2025\/07\/2012-04-17-DSC09387-SPREE-COMTESS-klein-300x169.jpg 300w, https:\/\/berliner-dampfer.de\/wp-content\/uploads\/2025\/07\/2012-04-17-DSC09387-SPREE-COMTESS-klein-1024x576.jpg 1024w, https:\/\/berliner-dampfer.de\/wp-content\/uploads\/2025\/07\/2012-04-17-DSC09387-SPREE-COMTESS-klein-768x432.jpg 768w\" sizes=\"auto, (max-width: 1200px) 100vw, 1200px\" \/><\/p>\n<p>&nbsp;<\/p>\n<p>&nbsp;<\/p>\n<p>&nbsp;<\/p>\n<p><span style=\"font-family: arial, helvetica, sans-serif; font-size: 12pt;\">Zuletzt bearbeitet 13.07.2025<\/span><\/p>\n","protected":false},"excerpt":{"rendered":"<p>2002 Spree-Comtess Reederei Riedel, Flotte:&nbsp; Spree-Comtess \/ Datenblatt Wikipedia: Spree-Comtess &nbsp; Juli 2025 Reederei Riedel Spree-Comtess Ein modernes Salon-Schiff \u2013 ideal f\u00fcr Ihre Berlin Rundfahrt.&hellip;<\/p>\n","protected":false},"author":1,"featured_media":0,"parent":0,"menu_order":0,"comment_status":"closed","ping_status":"closed","template":"","meta":{"ngg_post_thumbnail":0,"iawp_total_views":22,"footnotes":""},"class_list":["post-17174","page","type-page","status-publish","hentry"],"_links":{"self":[{"href":"https:\/\/berliner-dampfer.de\/index.php?rest_route=\/wp\/v2\/pages\/17174","targetHints":{"allow":["GET"]}}],"collection":[{"href":"https:\/\/berliner-dampfer.de\/index.php?rest_route=\/wp\/v2\/pages"}],"about":[{"href":"https:\/\/berliner-dampfer.de\/index.php?rest_route=\/wp\/v2\/types\/page"}],"author":[{"embeddable":true,"href":"https:\/\/berliner-dampfer.de\/index.php?rest_route=\/wp\/v2\/users\/1"}],"replies":[{"embeddable":true,"href":"https:\/\/berliner-dampfer.de\/index.php?rest_route=%2Fwp%2Fv2%2Fcomments&post=17174"}],"version-history":[{"count":11,"href":"https:\/\/berliner-dampfer.de\/index.php?rest_route=\/wp\/v2\/pages\/17174\/revisions"}],"predecessor-version":[{"id":17194,"href":"https:\/\/berliner-dampfer.de\/index.php?rest_route=\/wp\/v2\/pages\/17174\/revisions\/17194"}],"wp:attachment":[{"href":"https:\/\/berliner-dampfer.de\/index.php?rest_route=%2Fwp%2Fv2%2Fmedia&parent=17174"}],"curies":[{"name":"wp","href":"https:\/\/api.w.org\/{rel}","templated":true}]}}