{"id":17689,"date":"2025-10-04T10:13:58","date_gmt":"2025-10-04T08:13:58","guid":{"rendered":"https:\/\/berliner-dampfer.de\/?page_id=17689"},"modified":"2025-10-04T10:50:33","modified_gmt":"2025-10-04T08:50:33","slug":"adlershof","status":"publish","type":"page","link":"https:\/\/berliner-dampfer.de\/?page_id=17689","title":{"rendered":"Adlershof"},"content":{"rendered":"<table style=\"border-collapse: collapse; width: 100%;\">\n<tbody>\n<tr>\n<td style=\"width: 100%; background-color: #ffff00;\"><span style=\"font-family: arial, helvetica, sans-serif; font-size: 12pt;\"><span style=\"font-size: 10pt;\">1907<\/span> <strong>Adlershof <\/strong><\/span><\/p>\n<p><span style=\"font-family: arial, helvetica, sans-serif; font-size: 10pt;\">Im September 1944 als Verkehrsboot zur <a href=\"https:\/\/de.wikipedia.org\/wiki\/4._U-Flottille\" target=\"_blank\" rel=\"noopener\">4. U-Flotte<\/a> nach Stettin<\/span><\/td>\n<\/tr>\n<\/tbody>\n<\/table>\n<p>&nbsp;<\/p>\n<table style=\"border-collapse: collapse; width: 100%;\">\n<tbody>\n<tr>\n<td style=\"width: 100%; background-color: #ffd700; text-align: justify;\">\n<p style=\"text-align: justify;\"><span style=\"font-family: arial, helvetica, sans-serif; font-size: 12pt;\"><a href=\"https:\/\/berliner-dampfer.de\/?page_id=194\" target=\"_blank\" rel=\"noopener\">Groggert 1988<\/a>, Seite 150\/151:<\/span><br \/>\n<span style=\"font-family: arial, helvetica, sans-serif; font-size: 12pt;\">Kreis Teltow: &#8230;<\/span><br \/>\n<span style=\"font-family: arial, helvetica, sans-serif; font-size: 12pt;\">Au\u00dfer den Dampfern <a href=\"https:\/\/berliner-dampfer.de\/?page_id=9533\" target=\"_blank\" rel=\"noopener\">&#8222;Lankwitz&#8220;<\/a> und <a href=\"https:\/\/berliner-dampfer.de\/?page_id=9401\" target=\"_blank\" rel=\"noopener\">&#8222;Mariendorf&#8220;<\/a> sind 1906 noch die neuen Motorboote &#8222;Britz&#8220;, &#8222;Treptow&#8220; und &#8222;Rudow&#8220; eingestellt worden.&nbsp; Die Benzinmotoren mit offenem Deck und kleiner Kaj\u00fcte \u00e4hnelten den Booten der SpHDG Stern auf der L\u00f6cknitz. Das Neubauprogramm fand einen vorl\u00e4ufigen Abschlu\u00df mit der R\u00fcckkehr zur zweilzylindrigen Verbundmaschine. Die 1907 wiederum in Dresden-Uebigau gebauten Dampfer <strong>&#8222;Adlershof&#8220;<\/strong> und &#8222;Alt-Gleinicke&#8220; enstprachen im Typ und in den Abmessungen den drei von der Terraingesellschaft Ende &amp; B\u00f6ckmann \u00fcbernommenen Dampfbooten. Der Kreis Teltow war zum zweitgr\u00f6\u00dften Personenschiffahrtsunternehmen im Berliner Raum geworden und besa\u00df 1907 folgende Schiffe:<br \/>\n&#8230;.<\/span><br \/>\n<span style=\"font-family: arial, helvetica, sans-serif; font-size: 12pt;\">D &#8211; <strong>Adlershof<\/strong> &#8211; Dresdner Maschinenfabrik &#8211; L\u00e4nge 20,0 m &#8211; Breite 4,00 m &#8211; PS 35 &#8211; Personen 120<\/span><br \/>\n<span style=\"font-family: arial, helvetica, sans-serif; font-size: 12pt;\">&#8230;&nbsp; <\/span><\/p>\n<p style=\"text-align: justify;\"><span style=\"font-size: 12pt; font-family: arial, helvetica, sans-serif;\">Groggert 1988, Seiten 204\/218:<\/span><br \/>\n<span style=\"font-family: arial, helvetica, sans-serif; font-size: 12pt;\">1935 geh\u00f6rten dem \u201eReeder-Verband der Personenschiffahrt zwischen Elbe und Oder\u201c folgende in Berlin und seiner Umgebung ans\u00e4ssige Betriebe und Schiffseigner an:<br \/>\n\u2026.<br \/>\nStern und Kreisschiffahrt der Teltowkanal-Aktiengesellschaft:<\/span><br \/>\n<span style=\"font-size: 12pt; font-family: arial, helvetica, sans-serif;\">&#8230;<\/span><br \/>\n<span style=\"font-size: 12pt; font-family: arial, helvetica, sans-serif;\">D <strong>Adlershof<\/strong> &#8211; 140 Personen<\/span><br \/>\n<span style=\"font-size: 12pt; font-family: arial, helvetica, sans-serif;\">&#8230;<\/span><\/p>\n<p style=\"text-align: justify;\"><span style=\"font-family: arial, helvetica, sans-serif; font-size: 12pt;\">Groggert 1988, Seite 248:<\/span><br \/>\n<span style=\"font-family: arial, helvetica, sans-serif; font-size: 12pt;\">Kriegsjahre: <\/span><span style=\"font-family: arial, helvetica, sans-serif; font-size: 12pt;\">Die kleinen Kreisdampfer <strong>&#8222;Adlershof&#8220;<\/strong> und &#8222;Alt-Glienicke&#8220; kamen noch im September 1944 als Verkehrsboote zur <a href=\"https:\/\/de.wikipedia.org\/wiki\/4._U-Flottille\" target=\"_blank\" rel=\"noopener\">4. U-Flotte<\/a> nach Stettin.<\/span><\/p>\n<\/td>\n<\/tr>\n<\/tbody>\n<\/table>\n<p>&nbsp;<\/p>\n<p>&nbsp;<\/p>\n<p>&nbsp;<\/p>\n<table style=\"border-collapse: collapse; width: 100%;\">\n<tbody>\n<tr>\n<td style=\"width: 100%; background-color: #ffff00;\"><span style=\"font-family: arial, helvetica, sans-serif; font-size: 12pt;\"><strong>&#8222;Adlershof&#8220;<\/strong>, AK gelaufen 12.08.1933:<\/span><\/p>\n<p><img loading=\"lazy\" decoding=\"async\" class=\"alignnone size-full wp-image-17709\" src=\"https:\/\/berliner-dampfer.de\/wp-content\/uploads\/2025\/10\/1933-08-12-ADLERSHOF-klein.jpg\" alt=\"\" width=\"1200\" height=\"1039\" srcset=\"https:\/\/berliner-dampfer.de\/wp-content\/uploads\/2025\/10\/1933-08-12-ADLERSHOF-klein.jpg 1200w, https:\/\/berliner-dampfer.de\/wp-content\/uploads\/2025\/10\/1933-08-12-ADLERSHOF-klein-300x260.jpg 300w, https:\/\/berliner-dampfer.de\/wp-content\/uploads\/2025\/10\/1933-08-12-ADLERSHOF-klein-1024x887.jpg 1024w, https:\/\/berliner-dampfer.de\/wp-content\/uploads\/2025\/10\/1933-08-12-ADLERSHOF-klein-768x665.jpg 768w\" sizes=\"auto, (max-width: 1200px) 100vw, 1200px\" \/><\/p>\n<p>&nbsp;<\/p>\n<p><span style=\"font-family: arial, helvetica, sans-serif; font-size: 12pt;\">Vergr\u00f6\u00dferung, das Schiff wurde hier anscheinend in das Motiv eingef\u00fcgt, aber: sein Schiffsname ist ausgwiesen:&nbsp;<\/span><br \/>\n<img loading=\"lazy\" decoding=\"async\" class=\"alignnone size-full wp-image-17710\" src=\"https:\/\/berliner-dampfer.de\/wp-content\/uploads\/2025\/10\/1933-08-12-ADLERSHOF-klein-a.jpg\" alt=\"\" width=\"1200\" height=\"507\" srcset=\"https:\/\/berliner-dampfer.de\/wp-content\/uploads\/2025\/10\/1933-08-12-ADLERSHOF-klein-a.jpg 1200w, https:\/\/berliner-dampfer.de\/wp-content\/uploads\/2025\/10\/1933-08-12-ADLERSHOF-klein-a-300x127.jpg 300w, https:\/\/berliner-dampfer.de\/wp-content\/uploads\/2025\/10\/1933-08-12-ADLERSHOF-klein-a-1024x433.jpg 1024w, https:\/\/berliner-dampfer.de\/wp-content\/uploads\/2025\/10\/1933-08-12-ADLERSHOF-klein-a-768x324.jpg 768w\" sizes=\"auto, (max-width: 1200px) 100vw, 1200px\" \/><\/td>\n<\/tr>\n<\/tbody>\n<\/table>\n<p>&nbsp;<\/p>\n<p>&nbsp;<\/p>\n<p>&nbsp;<\/p>\n<p><span style=\"text-decoration: underline;\"><span style=\"font-family: arial, helvetica, sans-serif; font-size: 12pt;\">Zuletzt bearbeitet 04.10.2025<\/span><\/span><\/p>\n","protected":false},"excerpt":{"rendered":"<p>1907 Adlershof Im September 1944 als Verkehrsboot zur 4. U-Flotte nach Stettin &nbsp; Groggert 1988, Seite 150\/151: Kreis Teltow: &#8230; Au\u00dfer den Dampfern &#8222;Lankwitz&#8220; und&hellip;<\/p>\n","protected":false},"author":1,"featured_media":0,"parent":0,"menu_order":0,"comment_status":"closed","ping_status":"closed","template":"","meta":{"ngg_post_thumbnail":0,"iawp_total_views":34,"footnotes":""},"class_list":["post-17689","page","type-page","status-publish","hentry"],"_links":{"self":[{"href":"https:\/\/berliner-dampfer.de\/index.php?rest_route=\/wp\/v2\/pages\/17689","targetHints":{"allow":["GET"]}}],"collection":[{"href":"https:\/\/berliner-dampfer.de\/index.php?rest_route=\/wp\/v2\/pages"}],"about":[{"href":"https:\/\/berliner-dampfer.de\/index.php?rest_route=\/wp\/v2\/types\/page"}],"author":[{"embeddable":true,"href":"https:\/\/berliner-dampfer.de\/index.php?rest_route=\/wp\/v2\/users\/1"}],"replies":[{"embeddable":true,"href":"https:\/\/berliner-dampfer.de\/index.php?rest_route=%2Fwp%2Fv2%2Fcomments&post=17689"}],"version-history":[{"count":18,"href":"https:\/\/berliner-dampfer.de\/index.php?rest_route=\/wp\/v2\/pages\/17689\/revisions"}],"predecessor-version":[{"id":17711,"href":"https:\/\/berliner-dampfer.de\/index.php?rest_route=\/wp\/v2\/pages\/17689\/revisions\/17711"}],"wp:attachment":[{"href":"https:\/\/berliner-dampfer.de\/index.php?rest_route=%2Fwp%2Fv2%2Fmedia&parent=17689"}],"curies":[{"name":"wp","href":"https:\/\/api.w.org\/{rel}","templated":true}]}}