{"id":1883,"date":"2024-04-25T08:20:06","date_gmt":"2024-04-25T06:20:06","guid":{"rendered":"https:\/\/berliner-dampfer.de\/?page_id=1883"},"modified":"2024-11-28T07:38:09","modified_gmt":"2024-11-28T06:38:09","slug":"brandenburg","status":"publish","type":"page","link":"https:\/\/berliner-dampfer.de\/?page_id=1883","title":{"rendered":"Brandenburg (Hochseedampfer)"},"content":{"rendered":"<table style=\"border-collapse: collapse; width: 100%;\">\n<tbody>\n<tr>\n<td style=\"width: 100%; background-color: #ffff00; text-align: left; vertical-align: top;\"><span style=\"font-family: arial, helvetica, sans-serif; font-size: 12pt;\">Dampfer <strong>Brandenburg<\/strong><\/span><\/p>\n<p><span style=\"font-family: arial, helvetica, sans-serif; font-size: 12pt;\">RCG &#8211; Reederei Rud. Christ. Gribel<\/span><\/p>\n<p style=\"text-align: justify;\"><a href=\"https:\/\/de.wikipedia.org\/wiki\/Reederei_Rud._Christ._Gribel\" target=\"_blank\" rel=\"noopener\"><span style=\"font-family: arial, helvetica, sans-serif; font-size: 12pt;\">Wikipedia<\/span><\/a><span style=\"font-family: arial, helvetica, sans-serif; font-size: 12pt;\">:<\/span><br \/>\n<span style=\"font-family: arial, helvetica, sans-serif; font-size: 12pt;\">Die Reederei Rud. Christ. Gribel wurde 1773 als Weinhandelshaus mit Segelschiffen in Stettin gegr\u00fcndet. Zum 150-j\u00e4hrigen Jubil\u00e4um im Jahr 1923 fuhren 23 Dampfer mit insgesamt 21.500 BRT f\u00fcr die Reederei. Die Flotte wuchs bis 1939 auf 35 Schiffe. Der Zweite Weltkrieg f\u00fchrte zum Verlust der meisten Schiffe. Die Reederei wurde nach L\u00fcbeck verlagert. Nach einem schweren Start mit alten kleinen Dampfschiffen in Westdeutschland wurde 1957 -sehr sp\u00e4t- mit der Polchow das erste Motorschiff \u00fcbernommen. Die alten Dampfschiffe wurden bis auf die Regina verschrottet, aber die Reederei war dem Konkurrenzkampf nicht gewachsen. Die letzten Schiffe wurden 1965 verkauft und die Gesellschaft wurde 1979 im Handelsregister gel\u00f6scht.<\/span><\/p>\n<p style=\"text-align: justify;\"><span style=\"font-family: arial, helvetica, sans-serif; font-size: 12pt;\"><a href=\"https:\/\/hansa-online.de\/2010\/06\/ausderseekiste\/72517\/reederei-rud-christ-gribel-stettin-luebeck-1773-1979\/\" target=\"_blank\" rel=\"noopener\">Hansa Schiffsverlag 2010<\/a>:<\/span><br \/>\n<span style=\"font-family: arial, helvetica, sans-serif; font-size: 12pt;\">Von den 35 Dampfern der Reedereigruppe zu Beginn des Krieges \u00fcberlebten 14 Schiffe den Zweiten Weltkrieg. Allerdings verlor die Reederei ihren Sitz und damit zugleich ihren Ausgangshafen ihrer s\u00e4mtlichen Linienaktivit\u00e4ten. Nach der \u00dcbersiedlung von Stettin nach L\u00fcbeck diente der 1.112 BRT gro\u00dfe <strong>Dampfer &#8222;Brandenburg&#8220;<\/strong> an dem neuen, stark zerst\u00f6rten Standort sowohl als Reedereib\u00fcro als auch als Wohnsitz.<\/span><\/p>\n<\/td>\n<\/tr>\n<\/tbody>\n<\/table>\n<p>&nbsp;<\/p>\n<p><img loading=\"lazy\" decoding=\"async\" class=\"alignnone wp-image-1886 size-full\" src=\"https:\/\/berliner-dampfer.de\/wp-content\/uploads\/2024\/04\/1934-ca-Dampfer-Brandenburg-RCG-Reederei-Rud.-Christ.-Gribel-klein.jpg\" alt=\"\" width=\"1200\" height=\"738\" srcset=\"https:\/\/berliner-dampfer.de\/wp-content\/uploads\/2024\/04\/1934-ca-Dampfer-Brandenburg-RCG-Reederei-Rud.-Christ.-Gribel-klein.jpg 1200w, https:\/\/berliner-dampfer.de\/wp-content\/uploads\/2024\/04\/1934-ca-Dampfer-Brandenburg-RCG-Reederei-Rud.-Christ.-Gribel-klein-300x185.jpg 300w, https:\/\/berliner-dampfer.de\/wp-content\/uploads\/2024\/04\/1934-ca-Dampfer-Brandenburg-RCG-Reederei-Rud.-Christ.-Gribel-klein-1024x630.jpg 1024w, https:\/\/berliner-dampfer.de\/wp-content\/uploads\/2024\/04\/1934-ca-Dampfer-Brandenburg-RCG-Reederei-Rud.-Christ.-Gribel-klein-768x472.jpg 768w\" sizes=\"auto, (max-width: 1200px) 100vw, 1200px\" \/><\/p>\n<p>&nbsp;<\/p>\n<p>&nbsp;<\/p>\n<p>&nbsp;<\/p>\n<p><span style=\"text-decoration: underline;\"><span style=\"font-family: arial, helvetica, sans-serif; font-size: 12pt;\">Zuletzt bearbeitet 25.04.2024<\/span><\/span><\/p>\n","protected":false},"excerpt":{"rendered":"<p>Dampfer Brandenburg RCG &#8211; Reederei Rud. Christ. Gribel Wikipedia: Die Reederei Rud. Christ. Gribel wurde 1773 als Weinhandelshaus mit Segelschiffen in Stettin gegr\u00fcndet. Zum 150-j\u00e4hrigen&hellip;<\/p>\n","protected":false},"author":1,"featured_media":0,"parent":0,"menu_order":0,"comment_status":"closed","ping_status":"closed","template":"","meta":{"ngg_post_thumbnail":0,"iawp_total_views":16,"footnotes":""},"class_list":["post-1883","page","type-page","status-publish","hentry"],"_links":{"self":[{"href":"https:\/\/berliner-dampfer.de\/index.php?rest_route=\/wp\/v2\/pages\/1883","targetHints":{"allow":["GET"]}}],"collection":[{"href":"https:\/\/berliner-dampfer.de\/index.php?rest_route=\/wp\/v2\/pages"}],"about":[{"href":"https:\/\/berliner-dampfer.de\/index.php?rest_route=\/wp\/v2\/types\/page"}],"author":[{"embeddable":true,"href":"https:\/\/berliner-dampfer.de\/index.php?rest_route=\/wp\/v2\/users\/1"}],"replies":[{"embeddable":true,"href":"https:\/\/berliner-dampfer.de\/index.php?rest_route=%2Fwp%2Fv2%2Fcomments&post=1883"}],"version-history":[{"count":16,"href":"https:\/\/berliner-dampfer.de\/index.php?rest_route=\/wp\/v2\/pages\/1883\/revisions"}],"predecessor-version":[{"id":8796,"href":"https:\/\/berliner-dampfer.de\/index.php?rest_route=\/wp\/v2\/pages\/1883\/revisions\/8796"}],"wp:attachment":[{"href":"https:\/\/berliner-dampfer.de\/index.php?rest_route=%2Fwp%2Fv2%2Fmedia&parent=1883"}],"curies":[{"name":"wp","href":"https:\/\/api.w.org\/{rel}","templated":true}]}}