{"id":1997,"date":"2024-04-27T15:04:51","date_gmt":"2024-04-27T13:04:51","guid":{"rendered":"https:\/\/berliner-dampfer.de\/?page_id=1997"},"modified":"2025-11-13T08:43:37","modified_gmt":"2025-11-13T07:43:37","slug":"caputh","status":"publish","type":"page","link":"https:\/\/berliner-dampfer.de\/?page_id=1997","title":{"rendered":"Caputh"},"content":{"rendered":"<table style=\"border-collapse: collapse; width: 100%;\">\n<tbody>\n<tr>\n<td style=\"width: 100%; background-color: #ffff00; text-align: left; vertical-align: top;\"><span style=\"font-family: arial, helvetica, sans-serif; font-size: 12pt;\"><span style=\"font-size: 10pt;\">1888<\/span> <strong>Biene XII<\/strong> } <span style=\"font-size: 10pt;\">1903<\/span> <strong>Borussia<\/strong> } <span style=\"font-size: 10pt;\">1929<\/span> <strong>Gerhard<\/strong> } <span style=\"font-size: 10pt;\">1930<\/span> <strong>Falke<\/strong> } <span style=\"font-size: 10pt;\">1941<\/span> <strong>Anna II<\/strong> } <span style=\"font-size: 10pt;\">1959<\/span> <strong>Caputh <\/strong>&#8211; <span style=\"font-size: 10pt;\">2008<\/span> gesunken in Senegal<\/span><\/p>\n<p><span style=\"font-family: arial, helvetica, sans-serif; font-size: 12pt;\"><a href=\"https:\/\/www.ddr-binnenschifffahrt.de\/db_verlauf.php?schiffId=4003004\" target=\"_blank\" rel=\"noopener\">Schiffshistorie<\/a> in der Datenbank von Uwe Giesler \/ www.ddr-binnenschifffahrt.de.<\/span><\/td>\n<\/tr>\n<\/tbody>\n<\/table>\n<p>&nbsp;<\/p>\n<table style=\"border-collapse: collapse; width: 100%;\">\n<tbody>\n<tr>\n<td style=\"width: 100%; text-align: justify; background-color: #ffd700;\"><span style=\"font-family: arial, helvetica, sans-serif; font-size: 12pt;\"><a href=\"https:\/\/berliner-dampfer.de\/?page_id=194\" target=\"_blank\" rel=\"noopener\">Groggert 1988<\/a>, Seite 140:<\/span><br \/>\n<span style=\"font-family: arial, helvetica, sans-serif; font-size: 12pt;\">Zu einem gr\u00f6\u00dferen Schlepp- und Personenschiffahrtsbetrieb schlossen sich um 1900 die Reedereien Louis Kahnt, Strahlau, mit den Dampfern <a href=\"https:\/\/berliner-dampfer.de\/?page_id=7923\" target=\"_blank\" rel=\"noopener\">\u201cLydia\u201d<\/a>, <a href=\"https:\/\/berliner-dampfer.de\/?page_id=3090\" target=\"_blank\" rel=\"noopener\">\u201cSaxonia\u201d<\/a>, <a href=\"https:\/\/berliner-dampfer.de\/?page_id=3532\" target=\"_blank\" rel=\"noopener\">\u201cGermania\u201d<\/a>, <strong>\u201cBorussia\u201d<\/strong> und Hermann Hertzer, Schlesische Stra\u00dfe 10, mit den Neustrelitzer Dampfern <a href=\"https:\/\/berliner-dampfer.de\/?page_id=4748\" target=\"_blank\" rel=\"noopener\">\u201cHoffnung\u201d<\/a> und \u201cEintracht\u201d zusammen. Die Hauptanlegestelle der Reederei Kahnt &amp; Hertzer lag wenige Meter unterhalb der Abfahrtstelle der Spree-Havel-Dampfschifffahrt-Gesellschaft Stern und der Badeanstalt an der Strahlauer Br\u00fccke Ecke Waisenbr\u00fccke. Kahnt &amp; Hertzer waren aber auch die ersten Unternehmer, die sogleich nach Er\u00f6ffnung des Neuk\u00f6llner Schiffahrtskanals von der Kaiser-Friedrich-Br\u00fccke und der Wildenbruchbr\u00fccke nach Zielen an der Oberspree und Dahme fuhren. Um 1907 setzte Louis Kahnt au\u00dfer den erw\u00e4hnten Schiffen noch die 1880 in Harburg erbaute <a href=\"https:\/\/berliner-dampfer.de\/?page_id=14806\" target=\"_blank\" rel=\"noopener\">\u201cVictoria Luise\u201d<\/a> (Ex \u201cLotte\u201d) ein.<\/span><\/td>\n<\/tr>\n<\/tbody>\n<\/table>\n<p><span style=\"font-family: arial, helvetica, sans-serif; font-size: 12pt;\">Hinweis: Groggert 1988 &#8222;verkn\u00fcpft&#8220; die &#8222;Borussia&#8220; in seinem Buch nicht mit &#8222;Falke&#8220;, &#8222;Anna II&#8220; und &#8222;Caputh&#8220;. Nicht im Text und auch nicht im Verzeichnis der Schiffsnamen.<br \/>\nDie Verkn\u00fcfung nehme ich hier anhand der <a href=\"https:\/\/www.ddr-binnenschifffahrt.de\/db_verlauf.php?schiffId=4003004\" target=\"_blank\" rel=\"noopener\">Schiffshistorie in der Datenbank von Uwe Giesler<\/a> vor und weil f\u00fcr mich ein Fotovergleich der &#8222;Borussia&#8220; und der &#8222;Anna II&#8220; ergeben hat, dass es sich anscheinend um das gleiche Schiff handelt.<\/span><\/p>\n<table style=\"border-collapse: collapse; width: 100%;\">\n<tbody>\n<tr>\n<td style=\"width: 100%; background-color: #ffd700; text-align: left; vertical-align: top;\">\n<p style=\"text-align: justify;\"><span style=\"font-family: arial, helvetica, sans-serif; font-size: 12pt;\"><a href=\"https:\/\/berliner-dampfer.de\/?page_id=194\" target=\"_blank\" rel=\"noopener\">Groggert 1988<\/a>, Seite 196:<\/span><br \/>\n<span style=\"font-family: arial, helvetica, sans-serif; font-size: 12pt;\">\u201cW\u00e4hrend des Sommers verst\u00e4rke die Stern und Kreisschiffahrt ihre Flotte durch weitere von privaten Schiffseignern gecharterten Schiffe. Dazu geh\u00f6rten &#8230; der Dampfer \u201c<strong>Falke<\/strong>\u201d, als ein weiterer Vertreter dieses in der Schiffahrt beliebten Namens, der nach dem Zweiten Weltkrieg \u201c<strong>Anna II<\/strong>\u201d hie\u00df und heute als Motorschiff \u201c<strong>Caputh<\/strong>\u201d bei der Wei\u00dfen Flotte Potsdam eingesetzt ist.\u201d<\/span><\/p>\n<p style=\"text-align: justify;\"><span style=\"font-family: arial, helvetica, sans-serif; font-size: 12pt;\">Groggert 1988, Seite 224:<\/span><br \/>\n<span style=\"font-family: arial, helvetica, sans-serif; font-size: 12pt;\">\u201cZu erw\u00e4hnen ist auch der 29,7 m lange, 5,80 m breite Dampfer <a href=\"https:\/\/berliner-dampfer.de\/?page_id=2959\" target=\"_blank\" rel=\"noopener\">\u201cFalke\u201d<\/a>, der ab 1927 dem Schiffseigner Wiehle in Rattwitz a. O. geh\u00f6rte und zu dieser Zeit vor\u00fcbergehend in Charter der Spree-Havel-Dampfschiffahrtsgesellschaft Stern fuhr. Dieses Schiff war 1910 bei der Firma Muckelberg in F\u00fcrstenwalde gebaut worden und hie\u00df bei dem fr\u00fcheren Besitzer Wielsch in Breslau <a href=\"https:\/\/berliner-dampfer.de\/?page_id=2959\" target=\"_blank\" rel=\"noopener\">\u201cKarl-Heinz<\/a>\u201d. Das Besondere an diesem Dampfer war seine dreizylindrige 280-PS-Maschine der Maschinenfabrik Gebr. Wiemann, die vor dem Einbau in Paris ausgestellt war.<\/span><\/p>\n<p style=\"text-align: justify;\"><span style=\"font-family: arial, helvetica, sans-serif; font-size: 12pt;\">Der Dampfer \u201cFalke\u201d aus Rattwitz a. O. ist nicht zu verwechseln mit dem 1907 von der Schiffswerft Klawitter f\u00fcr die Spandauer Dampfschiffahrtsgesellschaft Oberhavel und Tegeler See gebauten <a href=\"https:\/\/berliner-dampfer.de\/?page_id=2945\" target=\"_blank\" rel=\"noopener\">\u201cFalke\u201d<\/a>, der als Stern-Dampfer auf der Oberhavel eingesetzt war, und auch nicht mit dem gro\u00dfen 327 Personen fassenden Dampfer \u201c<strong>Falke<\/strong>\u201d, der 1931 in Charter der Stern und Kreisschiffahrt fuhr. Der zuletzt genannte Dampfer \u201c<strong>Falke<\/strong>\u201d, der im Stralauer Betrieb verwendet worden ist, hie\u00df bei Kriegsende \u201c<strong>Anna II<\/strong>\u201d und geh\u00f6rte Wilhelm Stolzenburg in Neu-Glietzen. Aus der <strong>1886<\/strong> in Stettin gebauten \u201c<strong>Anna II<\/strong>\u201d ist bei der \u201cWei\u00dfen Flotte Potsdam\u201d der Dampfer \u201c<strong>Caputh<\/strong>\u201d geworden, der 1966 als letzter Potsdamer Dampfer motorisiert worden ist.\u201d<\/span><\/p>\n<p style=\"text-align: justify;\"><span style=\"font-family: arial, helvetica, sans-serif; font-size: 12pt;\">Groggert 1988, Seite 327:<\/span><br \/>\n<span style=\"font-family: arial, helvetica, sans-serif; font-size: 12pt;\">\u201cDer Dampfer \u201c<strong>Caputh<\/strong>\u201d, den die Potsdamer Verkehrsbetriebe erworben hatten, war auch ein alter Bekannter. Das 1888 in Stettin erbaute Schiff war 1934 in Charter der Stern und Kreisschiffahrt im Betrieb Stralau als \u201c<strong>Falke<\/strong>\u201d eingesetzt. Zuletzt geh\u00f6rte es als \u201c<strong>Anna II<\/strong>\u201d dem Schiffseigner Wilhelm Stolzenburg aus Neu-Gliezen.\u201d<\/span><\/p>\n<\/td>\n<\/tr>\n<\/tbody>\n<\/table>\n<p>&nbsp;<\/p>\n<p>&nbsp;<\/p>\n<table style=\"border-collapse: collapse; width: 100%;\">\n<tbody>\n<tr>\n<td style=\"width: 100%; background-color: #ffff00;\"><img loading=\"lazy\" decoding=\"async\" class=\"alignnone size-full wp-image-6054\" src=\"https:\/\/berliner-dampfer.de\/wp-content\/uploads\/2024\/10\/1910-ca.-Hoffnung-Borussia-1888-Groggert-1988-Seite-107-1200.jpg\" alt=\"\" width=\"1200\" height=\"1163\" srcset=\"https:\/\/berliner-dampfer.de\/wp-content\/uploads\/2024\/10\/1910-ca.-Hoffnung-Borussia-1888-Groggert-1988-Seite-107-1200.jpg 1200w, https:\/\/berliner-dampfer.de\/wp-content\/uploads\/2024\/10\/1910-ca.-Hoffnung-Borussia-1888-Groggert-1988-Seite-107-1200-300x291.jpg 300w, https:\/\/berliner-dampfer.de\/wp-content\/uploads\/2024\/10\/1910-ca.-Hoffnung-Borussia-1888-Groggert-1988-Seite-107-1200-1024x992.jpg 1024w, https:\/\/berliner-dampfer.de\/wp-content\/uploads\/2024\/10\/1910-ca.-Hoffnung-Borussia-1888-Groggert-1988-Seite-107-1200-768x744.jpg 768w\" sizes=\"auto, (max-width: 1200px) 100vw, 1200px\" \/><\/td>\n<\/tr>\n<\/tbody>\n<\/table>\n<p>&nbsp;<\/p>\n<p>&nbsp;<\/p>\n<p>&nbsp;<\/p>\n<table style=\"border-collapse: collapse; width: 100%;\">\n<tbody>\n<tr>\n<td style=\"width: 100%; background-color: #ffff00;\">\n<p style=\"text-align: justify;\"><span style=\"font-family: arial, helvetica, sans-serif; font-size: 12pt;\">Ich habe in Kopie noch eine postalisch im Jahr <strong>1913<\/strong> gelaufene Ansichtskarte der &#8222;Borussia&#8220; mit dem Aufdruck &#8222;Kahnt &amp; Hartzer Dampfschiffsreederei, An der Stralauer Br\u00fccke 4,5&#8220;. Kann diese hier aber leider nicht abbilden.<\/span><\/p>\n<p style=\"text-align: justify;\"><span style=\"font-family: arial, helvetica, sans-serif; font-size: 12pt;\">Die<strong> &#8222;ANNA 2&#8220;<\/strong> unten erhielt dann ein Deckshaus, aber anhand der Bullaugen im Vorschiff ist erkennbar, dass es sich bei der <strong>&#8222;Anna II&#8220;<\/strong> wohl um die <strong>ex &#8222;Borussia&#8220;<\/strong> handelt:<\/span><\/p>\n<p><img loading=\"lazy\" decoding=\"async\" class=\"alignnone size-full wp-image-13844\" src=\"https:\/\/berliner-dampfer.de\/wp-content\/uploads\/2025\/03\/1950-ca-ANNA-II-Breuer-1985-Seite-45-1200.jpg\" alt=\"\" width=\"1200\" height=\"759\" srcset=\"https:\/\/berliner-dampfer.de\/wp-content\/uploads\/2025\/03\/1950-ca-ANNA-II-Breuer-1985-Seite-45-1200.jpg 1200w, https:\/\/berliner-dampfer.de\/wp-content\/uploads\/2025\/03\/1950-ca-ANNA-II-Breuer-1985-Seite-45-1200-300x190.jpg 300w, https:\/\/berliner-dampfer.de\/wp-content\/uploads\/2025\/03\/1950-ca-ANNA-II-Breuer-1985-Seite-45-1200-1024x648.jpg 1024w, https:\/\/berliner-dampfer.de\/wp-content\/uploads\/2025\/03\/1950-ca-ANNA-II-Breuer-1985-Seite-45-1200-768x486.jpg 768w\" sizes=\"auto, (max-width: 1200px) 100vw, 1200px\" \/><\/td>\n<\/tr>\n<\/tbody>\n<\/table>\n<p>&nbsp;<\/p>\n<p style=\"text-align: justify;\">&nbsp;<\/p>\n<p>&nbsp;<\/p>\n<table style=\"border-collapse: collapse; width: 100%;\">\n<tbody>\n<tr>\n<td style=\"width: 100%; background-color: #ffff00;\"><img loading=\"lazy\" decoding=\"async\" class=\"alignnone size-full wp-image-13845\" src=\"https:\/\/berliner-dampfer.de\/wp-content\/uploads\/2025\/03\/1960-ca.-CAPUTH-Breuer-1985-Seite-54-1200.jpg\" alt=\"\" width=\"1200\" height=\"681\" srcset=\"https:\/\/berliner-dampfer.de\/wp-content\/uploads\/2025\/03\/1960-ca.-CAPUTH-Breuer-1985-Seite-54-1200.jpg 1200w, https:\/\/berliner-dampfer.de\/wp-content\/uploads\/2025\/03\/1960-ca.-CAPUTH-Breuer-1985-Seite-54-1200-300x170.jpg 300w, https:\/\/berliner-dampfer.de\/wp-content\/uploads\/2025\/03\/1960-ca.-CAPUTH-Breuer-1985-Seite-54-1200-1024x581.jpg 1024w, https:\/\/berliner-dampfer.de\/wp-content\/uploads\/2025\/03\/1960-ca.-CAPUTH-Breuer-1985-Seite-54-1200-768x436.jpg 768w\" sizes=\"auto, (max-width: 1200px) 100vw, 1200px\" \/><\/td>\n<\/tr>\n<\/tbody>\n<\/table>\n<p>&nbsp;<\/p>\n<p>&nbsp;<\/p>\n<p>&nbsp;<\/p>\n<p><img loading=\"lazy\" decoding=\"async\" class=\"alignnone size-full wp-image-17807\" src=\"https:\/\/berliner-dampfer.de\/wp-content\/uploads\/2025\/11\/1978-ca-CAPUTH-P-147-klein.jpg\" alt=\"\" width=\"1200\" height=\"885\" srcset=\"https:\/\/berliner-dampfer.de\/wp-content\/uploads\/2025\/11\/1978-ca-CAPUTH-P-147-klein.jpg 1200w, https:\/\/berliner-dampfer.de\/wp-content\/uploads\/2025\/11\/1978-ca-CAPUTH-P-147-klein-300x221.jpg 300w, https:\/\/berliner-dampfer.de\/wp-content\/uploads\/2025\/11\/1978-ca-CAPUTH-P-147-klein-1024x755.jpg 1024w, https:\/\/berliner-dampfer.de\/wp-content\/uploads\/2025\/11\/1978-ca-CAPUTH-P-147-klein-768x566.jpg 768w\" sizes=\"auto, (max-width: 1200px) 100vw, 1200px\" \/><\/p>\n<p>&nbsp;<\/p>\n<p>&nbsp;<\/p>\n<p>&nbsp;<\/p>\n<p>&nbsp;<\/p>\n<p><img loading=\"lazy\" decoding=\"async\" class=\"alignnone size-full wp-image-13846\" src=\"https:\/\/berliner-dampfer.de\/wp-content\/uploads\/2025\/03\/1987-09-07-.-CAPUTH-klein.jpg\" alt=\"\" width=\"1200\" height=\"832\" srcset=\"https:\/\/berliner-dampfer.de\/wp-content\/uploads\/2025\/03\/1987-09-07-.-CAPUTH-klein.jpg 1200w, https:\/\/berliner-dampfer.de\/wp-content\/uploads\/2025\/03\/1987-09-07-.-CAPUTH-klein-300x208.jpg 300w, https:\/\/berliner-dampfer.de\/wp-content\/uploads\/2025\/03\/1987-09-07-.-CAPUTH-klein-1024x710.jpg 1024w, https:\/\/berliner-dampfer.de\/wp-content\/uploads\/2025\/03\/1987-09-07-.-CAPUTH-klein-768x532.jpg 768w\" sizes=\"auto, (max-width: 1200px) 100vw, 1200px\" \/><\/p>\n<p>&nbsp;<\/p>\n<p>&nbsp;<\/p>\n<p>&nbsp;<\/p>\n<p><span style=\"text-decoration: underline;\"><span style=\"font-family: arial, helvetica, sans-serif; font-size: 12pt;\">Zuletzt bearbeitet 13.11.2025<\/span><\/span><\/p>\n","protected":false},"excerpt":{"rendered":"<p>1888 Biene XII } 1903 Borussia } 1929 Gerhard } 1930 Falke } 1941 Anna II } 1959 Caputh &#8211; 2008 gesunken in Senegal Schiffshistorie&hellip;<\/p>\n","protected":false},"author":1,"featured_media":0,"parent":0,"menu_order":0,"comment_status":"closed","ping_status":"closed","template":"","meta":{"ngg_post_thumbnail":0,"iawp_total_views":38,"footnotes":""},"class_list":["post-1997","page","type-page","status-publish","hentry"],"_links":{"self":[{"href":"https:\/\/berliner-dampfer.de\/index.php?rest_route=\/wp\/v2\/pages\/1997","targetHints":{"allow":["GET"]}}],"collection":[{"href":"https:\/\/berliner-dampfer.de\/index.php?rest_route=\/wp\/v2\/pages"}],"about":[{"href":"https:\/\/berliner-dampfer.de\/index.php?rest_route=\/wp\/v2\/types\/page"}],"author":[{"embeddable":true,"href":"https:\/\/berliner-dampfer.de\/index.php?rest_route=\/wp\/v2\/users\/1"}],"replies":[{"embeddable":true,"href":"https:\/\/berliner-dampfer.de\/index.php?rest_route=%2Fwp%2Fv2%2Fcomments&post=1997"}],"version-history":[{"count":34,"href":"https:\/\/berliner-dampfer.de\/index.php?rest_route=\/wp\/v2\/pages\/1997\/revisions"}],"predecessor-version":[{"id":17808,"href":"https:\/\/berliner-dampfer.de\/index.php?rest_route=\/wp\/v2\/pages\/1997\/revisions\/17808"}],"wp:attachment":[{"href":"https:\/\/berliner-dampfer.de\/index.php?rest_route=%2Fwp%2Fv2%2Fmedia&parent=1997"}],"curies":[{"name":"wp","href":"https:\/\/api.w.org\/{rel}","templated":true}]}}