{"id":2221,"date":"2024-05-18T07:51:32","date_gmt":"2024-05-18T05:51:32","guid":{"rendered":"https:\/\/berliner-dampfer.de\/?page_id=2221"},"modified":"2025-06-13T19:34:37","modified_gmt":"2025-06-13T17:34:37","slug":"deutschland-1895","status":"publish","type":"page","link":"https:\/\/berliner-dampfer.de\/?page_id=2221","title":{"rendered":"Deutschland (1894)"},"content":{"rendered":"<table style=\"border-collapse: collapse; width: 100%;\">\n<tbody>\n<tr>\n<td style=\"width: 100%; background-color: #ffff00; text-align: left; vertical-align: top;\"><span style=\"font-family: arial, helvetica, sans-serif; font-size: 12pt;\"><span style=\"font-size: 10pt;\">1894<\/span> <strong>Volap\u00fck IV<\/strong> } <span style=\"font-size: 10pt;\">1896<\/span> <strong>Volap\u00fck 4<\/strong> } <span style=\"font-size: 10pt;\">1905<\/span> <strong>Geier<\/strong> } <span style=\"font-size: 10pt;\">1923<\/span> <strong>Walter<\/strong> } <span style=\"font-size: 10pt;\">1928<\/span> <strong>L\u00fcbzin<\/strong> } <span style=\"font-size: 10pt;\">1953<\/span> <strong>Deutschland<\/strong><\/span><\/p>\n<p><span style=\"font-family: arial, helvetica, sans-serif; font-size: 12pt;\"><a href=\"https:\/\/www.ddr-binnenschifffahrt.de\/db_verlauf.php?schiffId=4003256\" target=\"_blank\" rel=\"noopener\">Schiffshistorie<\/a> in der Datenbank von Uwe Giesler \/ www.ddr-binnenschifffahrt.de.<\/span><\/td>\n<\/tr>\n<\/tbody>\n<\/table>\n<p>&nbsp;<\/p>\n<table style=\"border-collapse: collapse; width: 100%;\">\n<tbody>\n<tr>\n<td style=\"width: 100%; background-color: #ffd700; text-align: justify;\"><span style=\"font-family: arial, helvetica, sans-serif; font-size: 12pt;\"><a href=\"https:\/\/berliner-dampfer.de\/?page_id=194\" target=\"_blank\" rel=\"noopener\">Groggert 1988<\/a>, Seite 126\/127:<\/span><br \/>\n<span style=\"font-family: arial, helvetica, sans-serif; font-size: 12pt;\">Auch um den Zugang zu den vor dem <a href=\"https:\/\/www.ardmediathek.de\/video\/rbb-retro-berliner-abendschau\/tegeler-ausflugslokale-sprengung-und-neubau\/rbb-fernsehen\/Y3JpZDovL3JiYi1vbmxpbmUuZGUvYmVybGluZXItYWJlbmRzY2hhdS8xOTY1LTAzLTAyVDE5OjMwOjAwXzFmMTNjZWE2LWRiNmItNDRjMS1hYjM1LWIzZjRlYTk5NjlhZC9yZXRyb18xOTY1MDMwMl9hdXNmbHVnc2xva2Fs\" target=\"_blank\" rel=\"noopener\">\u201eStrandschlo\u00df\u201c<\/a> von der Gemeinde Tegel errichteten Landungsbr\u00fccken gab es treit, so da\u00df Holtz schlie\u00dflich aufgab und seinen Betrieb 1907 an die Spandauer Dampfschiffahrts-Gesellschaft verkaufte. Deren Schiffspark bestand nach der Wertaufstellungnder Reederei Ende 1906 aus folgenden Schiffen:<\/span><br \/>\n<span style=\"font-family: arial, helvetica, sans-serif; font-size: 12pt;\">\u2026<\/span><br \/>\n<span style=\"font-family: arial, helvetica, sans-serif; font-size: 12pt;\"><strong>\u201eGeier\u201c<\/strong><\/span><br \/>\n<span style=\"font-family: arial, helvetica, sans-serif; font-size: 12pt;\">\u2026<\/span><br \/>\n<span style=\"font-family: arial, helvetica, sans-serif; font-size: 12pt;\"><strong>&#8222;Geier&#8220;<\/strong> war <strong>1894<\/strong> in Geestem\u00fcnde f\u00fcr die Reederei Fasbender &amp; M\u00fclleneisen in K\u00f6ln-Deutz als <strong>&#8222;Volap\u00fck IV&#8220;<\/strong> gebaut und geh\u00f6rte nacheinander dem K\u00f6lner Schl\u00e4chtermeister Gendebien (ab 1896) und der M\u00fclheimer Dampfschiffahrt A.G. (ab 1899). Diese Reederei verkaufte den Dampfer <strong>&#8222;Geier&#8220;<\/strong> und sein 1897 in Geestem\u00fcnde f\u00fcr den Schiffseigner Gendebien gebautes Schwesterschiff &#8222;Habicht&#8220; (ex &#8222;Volap\u00fck VI&#8220;) an die Spandauer Dampfschiffahrts-Gesellschaft Oberhavel und Tegeler See.<\/span><span style=\"font-family: arial, helvetica, sans-serif; font-size: 12pt;\">Groggert 1988, Seite 133: <\/span><br \/>\n<span style=\"font-family: arial, helvetica, sans-serif; font-size: 12pt;\">1914 umfasste der Schiffspark [der Spree-Havel Dampfschiffahtsgesellschaft &#8222;Stern&#8220; unter anderem]:<\/span><br \/>\n<span style=\"font-family: arial, helvetica, sans-serif; font-size: 12pt;\">22. D <strong>Geier<\/strong> (287 Personen)<\/span><span style=\"font-family: arial, helvetica, sans-serif; font-size: 12pt;\">Groggert 1988, Seite 164:<\/span><br \/>\n<span style=\"font-family: arial, helvetica, sans-serif; font-size: 12pt;\">&#8230; Spree-Havel-Dampfschiffahrtsgesellschaft Stern &#8230;. 1924 waren betriebsf\u00e4hig &#8230;. Einige Dampfer, die in dieser Liste nicht mehr aufgef\u00fchrt sind wurden abgewrackt. Die Dampfer <strong>&#8222;Geier&#8220;<\/strong>, &#8222;Habicht&#8220;, &#8222;Neptun&#8220; und <a href=\"https:\/\/berliner-dampfer.de\/?page_id=7185\" target=\"_blank\" rel=\"noopener\">&#8222;Prinz Eitel Friedrich&#8220;<\/a> (erb. 1889, Stettiner Oderwerke) gingen an einen Stettiner Unternehmer.<\/span><\/p>\n<p><span style=\"font-family: arial, helvetica, sans-serif; font-size: 12pt;\">Groggert 1988, Seite 311:<\/span><br \/>\n<span style=\"font-family: arial, helvetica, sans-serif; font-size: 12pt;\">Bei Kriegsende [1945] \u2026.<\/span><br \/>\n<span style=\"font-family: arial, helvetica, sans-serif; font-size: 12pt;\">Ein fremdes Reedereizeichen brachte die Rederei Schulze aus Stettin an die <a href=\"https:\/\/de.wikipedia.org\/wiki\/Jannowitzbr\u00fccke\" target=\"_blank\" rel=\"noopener\">Jannowitzbr\u00fccke<\/a>: Eine blau-wei\u00df-blaue Manschette mit einem schwarzen S zu beiden Seiten des Schornsteins. <\/span><\/p>\n<p style=\"text-align: justify;\"><span style=\"font-family: arial, helvetica, sans-serif; font-size: 12pt;\">Drei Personendampfer, die Schulz au\u00dfer dem Schleppdampfer \u201eStern\u201c auf der Oberspree einsetzte, waren fr\u00fchere Stern-Dampfer und vor 1907 Dampfer der Spandauer Dampfschiffahrts-Gesellschaft Oberhavel und Tegeler See, n\u00e4mlich <strong>\u201eL\u00fcbzin\u201c<\/strong>, \u201ePommern\u201c und <a href=\"https:\/\/berliner-dampfer.de\/?page_id=6678\" target=\"_blank\" rel=\"noopener\">\u201eMarianne\u201c<\/a>, die vor dem Ersten Weltkrieg auf dem Tegeler See als <strong>\u201eGeier\u201c<\/strong>, \u201eHabicht\u201c und \u201eNeptun\u201c Fahrg\u00e4ste aus Berlin bef\u00f6rdert hatten.<\/span><\/p>\n<\/td>\n<\/tr>\n<\/tbody>\n<\/table>\n<p>&nbsp;<\/p>\n<p>&nbsp;<\/p>\n<p><span style=\"font-family: arial, helvetica, sans-serif; font-size: 12pt;\">Unklar ob es dieses Schiff ist?<br \/>\nVielleicht im \u00dcbergang in Berlin kurz vor der Umbennennung von &#8222;L\u00fcbzin&#8220; in \u201cDeutschland\u201d?<\/span><br \/>\n<span style=\"font-family: arial, helvetica, sans-serif; font-size: 12pt;\">Die R\u00fcckseite enth\u00e4lt keine Angabe. Aber es sieht mir nach einem Foto von <a href=\"https:\/\/berliner-dampfer.de\/?page_id=194\" target=\"_blank\" rel=\"noopener\">Woike<\/a> in Berlin aus?<\/span><\/p>\n<p><img loading=\"lazy\" decoding=\"async\" class=\"alignnone size-full wp-image-2226\" src=\"https:\/\/berliner-dampfer.de\/wp-content\/uploads\/2024\/05\/19xx-ca-Luebzin-klein-RSAoA.jpg\" alt=\"\" width=\"1200\" height=\"742\" srcset=\"https:\/\/berliner-dampfer.de\/wp-content\/uploads\/2024\/05\/19xx-ca-Luebzin-klein-RSAoA.jpg 1200w, https:\/\/berliner-dampfer.de\/wp-content\/uploads\/2024\/05\/19xx-ca-Luebzin-klein-RSAoA-300x186.jpg 300w, https:\/\/berliner-dampfer.de\/wp-content\/uploads\/2024\/05\/19xx-ca-Luebzin-klein-RSAoA-1024x633.jpg 1024w, https:\/\/berliner-dampfer.de\/wp-content\/uploads\/2024\/05\/19xx-ca-Luebzin-klein-RSAoA-768x475.jpg 768w\" sizes=\"auto, (max-width: 1200px) 100vw, 1200px\" \/><\/p>\n<p>&nbsp;<\/p>\n<p>&nbsp;<\/p>\n<p>&nbsp;<\/p>\n<p><span style=\"text-decoration: underline;\"><span style=\"font-family: arial, helvetica, sans-serif; font-size: 12pt;\">Zuletzt bearbeitet 10.01.2025<\/span><\/span><\/p>\n","protected":false},"excerpt":{"rendered":"<p>1894 Volap\u00fck IV } 1896 Volap\u00fck 4 } 1905 Geier } 1923 Walter } 1928 L\u00fcbzin } 1953 Deutschland Schiffshistorie in der Datenbank von Uwe&hellip;<\/p>\n","protected":false},"author":1,"featured_media":0,"parent":0,"menu_order":0,"comment_status":"closed","ping_status":"closed","template":"","meta":{"ngg_post_thumbnail":0,"iawp_total_views":12,"footnotes":""},"class_list":["post-2221","page","type-page","status-publish","hentry"],"_links":{"self":[{"href":"https:\/\/berliner-dampfer.de\/index.php?rest_route=\/wp\/v2\/pages\/2221","targetHints":{"allow":["GET"]}}],"collection":[{"href":"https:\/\/berliner-dampfer.de\/index.php?rest_route=\/wp\/v2\/pages"}],"about":[{"href":"https:\/\/berliner-dampfer.de\/index.php?rest_route=\/wp\/v2\/types\/page"}],"author":[{"embeddable":true,"href":"https:\/\/berliner-dampfer.de\/index.php?rest_route=\/wp\/v2\/users\/1"}],"replies":[{"embeddable":true,"href":"https:\/\/berliner-dampfer.de\/index.php?rest_route=%2Fwp%2Fv2%2Fcomments&post=2221"}],"version-history":[{"count":14,"href":"https:\/\/berliner-dampfer.de\/index.php?rest_route=\/wp\/v2\/pages\/2221\/revisions"}],"predecessor-version":[{"id":16463,"href":"https:\/\/berliner-dampfer.de\/index.php?rest_route=\/wp\/v2\/pages\/2221\/revisions\/16463"}],"wp:attachment":[{"href":"https:\/\/berliner-dampfer.de\/index.php?rest_route=%2Fwp%2Fv2%2Fmedia&parent=2221"}],"curies":[{"name":"wp","href":"https:\/\/api.w.org\/{rel}","templated":true}]}}