{"id":2378,"date":"2024-06-11T07:51:14","date_gmt":"2024-06-11T05:51:14","guid":{"rendered":"https:\/\/berliner-dampfer.de\/?page_id=2378"},"modified":"2025-06-28T23:29:44","modified_gmt":"2025-06-28T21:29:44","slug":"dorothea","status":"publish","type":"page","link":"https:\/\/berliner-dampfer.de\/?page_id=2378","title":{"rendered":"Dorothea"},"content":{"rendered":"<table style=\"border-collapse: collapse; width: 100%;\">\n<tbody>\n<tr>\n<td style=\"width: 100%; background-color: #ffff00; text-align: left; vertical-align: top;\"><span style=\"font-family: arial, helvetica, sans-serif; font-size: 12pt;\"><span style=\"font-size: 10pt;\">1885<\/span> <strong>Dorothea<\/strong> } <span style=\"font-size: 10pt;\">1956<\/span> Mittelschiffverwendung f\u00fcr die <a href=\"https:\/\/berliner-dampfer.de\/?page_id=9006\" target=\"_blank\" rel=\"noopener\">Zehlendorf<\/a><\/span><\/td>\n<\/tr>\n<\/tbody>\n<\/table>\n<p>&nbsp;<\/p>\n<table style=\"border-collapse: collapse; width: 100%;\">\n<tbody>\n<tr>\n<td style=\"width: 100%; background-color: #ffd700; text-align: left; vertical-align: top;\">\n<p style=\"text-align: justify;\"><span style=\"font-family: arial, helvetica, sans-serif; font-size: 12pt;\"><a href=\"https:\/\/berliner-dampfer.de\/?page_id=194\" target=\"_blank\" rel=\"noopener\">Groggert 1988<\/a>, <\/span><span style=\"font-family: arial, helvetica, sans-serif; font-size: 12pt;\">Seite 104:<\/span><br \/>\n<span style=\"font-family: arial, helvetica, sans-serif; font-size: 12pt;\">In diesem Jahr (1885) lieferte die Stettiner Werft von Aron &amp; Gollnow &#8230; an die Stralauer Dampfschiffahrts-Gesellschaft Manthey, Wolff und Zwerner den ersten einer Serie von drei f\u00fcr damalige Verh\u00e4ltnisse modernen Doppelschrauben-Dampfern ab, die 21,95 m lange, 4,55 m breite <strong>\u201cDorothea\u201d<\/strong>. 1886 folgten ihre Schwesterschiffe <a href=\"https:\/\/berliner-dampfer.de\/?page_id=4415\" target=\"_blank\" rel=\"noopener\">\u201cHertha\u201d<\/a> und <a href=\"https:\/\/berliner-dampfer.de\/?page_id=2128\" target=\"_blank\" rel=\"noopener\">\u201cConcordia\u201d<\/a>, die eine etwas st\u00e4rkere Antriebsanlage erhielten. Bei der Probefahrt am 17. April 1886 entwickelten sie eine Geschwindigkeit von 9,75 sm\/h.<\/span><\/p>\n<p style=\"text-align: justify;\"><span style=\"font-family: arial, helvetica, sans-serif; font-size: 12pt;\">Seite 107:<\/span><br \/>\n<span style=\"font-family: arial, helvetica, sans-serif; font-size: 12pt;\">Die Spree-Havel-Dampfschifffahrt-Gesellschaft Stern &#8230; (erwarb) &#8230; 1889 die Stralauer Dampfschiffahrts-Gesellschaft Manthey, Wolff und Zwerner mit den 1885\/86 in Stettin gebauten Doppelschrauben-Personendampfern <strong>\u201cDorothea\u201d<\/strong>, \u201cHertha\u201d und \u201cConcordia\u201d sowie zwei kleineren Schleppern durch Kauf.<\/span><\/p>\n<p style=\"text-align: justify;\"><span style=\"font-family: arial, helvetica, sans-serif; font-size: 12pt;\">Seite 263:<\/span><br \/>\n<span style=\"font-family: arial, helvetica, sans-serif; font-size: 12pt;\">Nach dem zweiten Weltkrieg: \u201cnach der Spaltung der Stadt und nach Aufhebung der Blockade begann ein neuer Abschnitt der Persoenenschiffahrt auf Spree und Havel &#8230; Der Stern und Kreisschiffahrt war als einziges fahrbereites Schiff die <strong>\u201cDorothea\u201d<\/strong> verblieben. Mit diesem 1885 als Dampfer gebauten Motorschiff und bis zu drei gecharterten Schiffen nahm die Reederei den Betrieb auf der Rundstrecke Wannsee &#8211; Kladow &#8211; Pfaueninsel wieder auf.<\/span><\/p>\n<\/td>\n<\/tr>\n<\/tbody>\n<\/table>\n<p>&nbsp;<\/p>\n<table style=\"border-collapse: collapse; width: 100%;\">\n<tbody>\n<tr>\n<td style=\"width: 100%; background-color: #cdcd00; text-align: justify;\"><span style=\"font-family: arial, helvetica, sans-serif; font-size: 12pt;\"><a href=\"https:\/\/berliner-dampfer.de\/?page_id=194\" target=\"_blank\" rel=\"noopener\">Trost 1988<\/a>, Seite 45:<\/span><br \/>\n<span style=\"font-family: arial, helvetica, sans-serif; font-size: 12pt;\">Das Motorschiff <strong>DOROTHEA<\/strong>, Baujahr 1885, holte man noch einmal 1956 an die Teltow-Werft nach Zehlendorf. Das Mittelschiff mit der Motorenanlage verwendete man f\u00fcr den Neubau <a href=\"https:\/\/berliner-dampfer.de\/?page_id=9006\" target=\"_blank\" rel=\"noopener\">ZEHLENDORF<\/a>; es war 35,25 m lang, 5,03 m breit und wurde anfangs f\u00fcr 450 Personen vermessen, sp\u00e4ter f\u00fcr 300. Die ZEHLENDORF wurde 1971 au\u00dfer Dienst gestellt und im Teltowkanal aufgelegt.<\/span><\/td>\n<\/tr>\n<\/tbody>\n<\/table>\n<p>&nbsp;<\/p>\n<p>&nbsp;<\/p>\n<p>&nbsp;<\/p>\n<p>&nbsp;<\/p>\n<table style=\"border-collapse: collapse; width: 100%;\">\n<tbody>\n<tr>\n<td style=\"width: 100%; background-color: #ffff00;\"><span style=\"font-family: arial, helvetica, sans-serif; font-size: 12pt;\"><a href=\"https:\/\/berliner-dampfer.de\/?page_id=2378\" target=\"_blank\" rel=\"noopener\">\u201eDorothea\u201c<\/a> an der &#8222;Dampferstation <a href=\"https:\/\/de.wikipedia.org\/wiki\/Stern_und_Kreisschiffahrt\" target=\"_blank\" rel=\"noopener\">Gesellschaft Stern<\/a>&#8220; an der <a href=\"https:\/\/berliner-dampfer.de\/?p=1\" target=\"_blank\" rel=\"noopener\">Jannowitzbr\u00fccke.<\/a><\/span><br \/>\n<span style=\"font-family: arial, helvetica, sans-serif; font-size: 12pt;\">AK postalisch gelaufen 22.08.1898, fankiert mit <a href=\"https:\/\/de.wikipedia.org\/wiki\/Briefmarken-Jahrgang_1889_der_Deutschen_Reichspost\" target=\"_blank\" rel=\"noopener\">DR Michelnummer 46<\/a>.<\/span><img loading=\"lazy\" decoding=\"async\" class=\"alignnone size-full wp-image-16695\" src=\"https:\/\/berliner-dampfer.de\/wp-content\/uploads\/2025\/06\/1898-08-22-Belvedere-Jannowitzbruecke-DOROTHEA-klein-1.jpg\" alt=\"\" width=\"1200\" height=\"747\" srcset=\"https:\/\/berliner-dampfer.de\/wp-content\/uploads\/2025\/06\/1898-08-22-Belvedere-Jannowitzbruecke-DOROTHEA-klein-1.jpg 1200w, https:\/\/berliner-dampfer.de\/wp-content\/uploads\/2025\/06\/1898-08-22-Belvedere-Jannowitzbruecke-DOROTHEA-klein-1-300x187.jpg 300w, https:\/\/berliner-dampfer.de\/wp-content\/uploads\/2025\/06\/1898-08-22-Belvedere-Jannowitzbruecke-DOROTHEA-klein-1-1024x637.jpg 1024w, https:\/\/berliner-dampfer.de\/wp-content\/uploads\/2025\/06\/1898-08-22-Belvedere-Jannowitzbruecke-DOROTHEA-klein-1-768x478.jpg 768w\" sizes=\"auto, (max-width: 1200px) 100vw, 1200px\" \/><span style=\"font-family: arial, helvetica, sans-serif; font-size: 12pt;\">Vergr\u00f6\u00dferung:<\/span><img loading=\"lazy\" decoding=\"async\" class=\"alignnone size-full wp-image-16696\" src=\"https:\/\/berliner-dampfer.de\/wp-content\/uploads\/2025\/06\/1898-08-22-Belvedere-Jannowitzbruecke-DOROTHEA-klein-a-DOROTHEA.jpg\" alt=\"\" width=\"1200\" height=\"637\" srcset=\"https:\/\/berliner-dampfer.de\/wp-content\/uploads\/2025\/06\/1898-08-22-Belvedere-Jannowitzbruecke-DOROTHEA-klein-a-DOROTHEA.jpg 1200w, https:\/\/berliner-dampfer.de\/wp-content\/uploads\/2025\/06\/1898-08-22-Belvedere-Jannowitzbruecke-DOROTHEA-klein-a-DOROTHEA-300x159.jpg 300w, https:\/\/berliner-dampfer.de\/wp-content\/uploads\/2025\/06\/1898-08-22-Belvedere-Jannowitzbruecke-DOROTHEA-klein-a-DOROTHEA-1024x544.jpg 1024w, https:\/\/berliner-dampfer.de\/wp-content\/uploads\/2025\/06\/1898-08-22-Belvedere-Jannowitzbruecke-DOROTHEA-klein-a-DOROTHEA-768x408.jpg 768w\" sizes=\"auto, (max-width: 1200px) 100vw, 1200px\" \/><\/td>\n<\/tr>\n<\/tbody>\n<\/table>\n<p>&nbsp;<\/p>\n<p>&nbsp;<\/p>\n<table style=\"border-collapse: collapse; width: 100%;\">\n<tbody>\n<tr>\n<td style=\"width: 100%; background-color: #ffff00; text-align: justify;\"><span style=\"font-family: arial, helvetica, sans-serif; font-size: 12pt;\">Dampfer <strong>&#8222;Dorothea&#8220;<\/strong> als schm\u00fcckendes Beiwerk zum Panorama von <a href=\"https:\/\/de.wikipedia.org\/wiki\/Berlin-Stralau\" target=\"_blank\" rel=\"noopener\">Stralau<\/a> mit Spreelauf und zum <a href=\"https:\/\/de.wikipedia.org\/wiki\/Spreetunnel_Stralau-Treptow\" target=\"_blank\" rel=\"noopener\">Spreetunnel Stralau\u2013Treptow.<\/a> Der Tunnel galt damals als Attraktion. Am 18. Dezember 1899 nahmen die <a href=\"https:\/\/de.wikipedia.org\/wiki\/Berliner_Ostbahnen\" target=\"_blank\" rel=\"noopener\">Berliner Ostbahnen<\/a> den Liniendienst durch den Tunnel als erste \u00f6ffentliche Untergrundbahn Deutschlands zwischen dem Schlesischen Bahnhof (heute: <a href=\"https:\/\/de.wikipedia.org\/wiki\/Berlin_Ostbahnhof\" target=\"_blank\" rel=\"noopener\">Ostbahnhof<\/a>) und Treptow auf. <\/span><\/p>\n<p><span style=\"font-family: arial, helvetica, sans-serif; font-size: 12pt;\">Die AK ist am <strong>06. August 1900<\/strong> postalisch gelaufen, mit Adresse und mit Ankunftsstempel in Neubrandenburg am 07.08.1900. Es handelt sich bei der Karte wohl um den Originaldruck, den sp\u00e4tere Auflagen enthalten links nicht den Verlagsnamen (&#8222;Verlag von Robert Markowitz, Berlin N.O.18.&#8220;). Aber die Karte hat noch eine andere Besonderheit: Scheinbar wurde die am <strong>06.08.1900 abgestempelt<\/strong>e Originalbriefmarke entfernt, denn die hier aufgeklebte Marke wurde erst sp\u00e4ter aufgebracht und am <strong>22.05.1909 nachgestempelt<\/strong>&nbsp; und zwar unter Versuch den alten noch vorhandenen Reststempel m\u00f6glichst genau zu \u00fcberstempeln, zu erkennen an die leicht versetzten W\u00f6rter &#8222;bei Berlin&#8220;. Denn die Marke, eine Germania mit Angabe &#8222;Deutsches Reich&#8220; gab es erst ab dem 01.04.1902, seit M\u00e4rz 1900 trugen die <a href=\"https:\/\/de.wikipedia.org\/wiki\/Germania_(Briefmarke)#Inschrift:_Deutsches_Reich\" target=\"_blank\" rel=\"noopener\">Germania-Briefmarken<\/a> noch die Angabe &#8222;Reichspost&#8220;. Von daher ist die Karte in gewisser Hinsicht also eine <a href=\"https:\/\/de.wikipedia.org\/wiki\/Briefmarkenf\u00e4lschung\" target=\"_blank\" rel=\"noopener\">&#8222;Sammler-F\u00e4lschung&#8220;<\/a>, jedenfalls ein <strong>Unikum<\/strong>, denn das vermutlich wohl am Postschalter ein vorhandener Reststempel aus Gef\u00e4lligkeit sp\u00e4ter nochmal versucht wurde exakt nachzustempeln, habe ich auch noch nicht erlebt.<\/span><\/p>\n<p><img loading=\"lazy\" decoding=\"async\" class=\"alignnone \" src=\"https:\/\/upload.wikimedia.org\/wikipedia\/commons\/9\/9c\/DR_1900_55_Germania_Reichspost.jpg\" width=\"72\" height=\"85\"> <img loading=\"lazy\" decoding=\"async\" class=\"alignnone \" src=\"https:\/\/upload.wikimedia.org\/wikipedia\/commons\/b\/ba\/DR_1915_85_II_Germania.jpg\" width=\"72\" height=\"85\"><\/p>\n<p style=\"text-align: left;\"><img loading=\"lazy\" decoding=\"async\" class=\"alignnone size-full wp-image-9298\" src=\"https:\/\/berliner-dampfer.de\/wp-content\/uploads\/2024\/12\/1900-08-06-Dampfer-Dorothea-Stralau-Tunnel-Bahn-klein.jpg\" alt=\"\" width=\"1200\" height=\"783\" srcset=\"https:\/\/berliner-dampfer.de\/wp-content\/uploads\/2024\/12\/1900-08-06-Dampfer-Dorothea-Stralau-Tunnel-Bahn-klein.jpg 1200w, https:\/\/berliner-dampfer.de\/wp-content\/uploads\/2024\/12\/1900-08-06-Dampfer-Dorothea-Stralau-Tunnel-Bahn-klein-300x196.jpg 300w, https:\/\/berliner-dampfer.de\/wp-content\/uploads\/2024\/12\/1900-08-06-Dampfer-Dorothea-Stralau-Tunnel-Bahn-klein-1024x668.jpg 1024w, https:\/\/berliner-dampfer.de\/wp-content\/uploads\/2024\/12\/1900-08-06-Dampfer-Dorothea-Stralau-Tunnel-Bahn-klein-768x501.jpg 768w\" sizes=\"auto, (max-width: 1200px) 100vw, 1200px\" \/><span style=\"font-family: arial, helvetica, sans-serif; font-size: 12pt;\">Hier die Dorothea vergr\u00f6\u00dfert:<\/span><img loading=\"lazy\" decoding=\"async\" class=\"alignnone size-full wp-image-9299\" src=\"https:\/\/berliner-dampfer.de\/wp-content\/uploads\/2024\/12\/1900-08-06-Dampfer-Dorothea-Stralau-Tunnel-Bahn-klein-a.jpg\" alt=\"\" width=\"1200\" height=\"508\" srcset=\"https:\/\/berliner-dampfer.de\/wp-content\/uploads\/2024\/12\/1900-08-06-Dampfer-Dorothea-Stralau-Tunnel-Bahn-klein-a.jpg 1200w, https:\/\/berliner-dampfer.de\/wp-content\/uploads\/2024\/12\/1900-08-06-Dampfer-Dorothea-Stralau-Tunnel-Bahn-klein-a-300x127.jpg 300w, https:\/\/berliner-dampfer.de\/wp-content\/uploads\/2024\/12\/1900-08-06-Dampfer-Dorothea-Stralau-Tunnel-Bahn-klein-a-1024x433.jpg 1024w, https:\/\/berliner-dampfer.de\/wp-content\/uploads\/2024\/12\/1900-08-06-Dampfer-Dorothea-Stralau-Tunnel-Bahn-klein-a-768x325.jpg 768w\" sizes=\"auto, (max-width: 1200px) 100vw, 1200px\" \/><\/p>\n<\/td>\n<\/tr>\n<\/tbody>\n<\/table>\n<p>&nbsp;<\/p>\n<p>&nbsp;<\/p>\n<p>&nbsp;<\/p>\n<table style=\"border-collapse: collapse; width: 100%;\">\n<tbody>\n<tr>\n<td style=\"width: 100%; background-color: #ffff00;\"><span style=\"font-family: arial, helvetica, sans-serif; font-size: 12pt;\"><strong>&#8222;Dorothea&#8220;<\/strong> an der <a href=\"https:\/\/de.wikipedia.org\/wiki\/Insel_der_Jugend\" target=\"_blank\" rel=\"noopener\">Abteiinsel<\/a>, welche zu dieser Zeit nur \u00fcber eine F\u00e4hre zu erreichen war. Die <a href=\"https:\/\/de.wikipedia.org\/wiki\/Abteibr%C3%BCcke\" target=\"_blank\" rel=\"noopener\">Abteibr\u00fccke<\/a> wurde erst 1916 fertiggestellt.&nbsp;<\/span><br \/>\n<span style=\"font-family: arial, helvetica, sans-serif; font-size: 12pt;\">AK postalisch gelaufen 02.01.<strong>1902<\/strong>, frankiert mit <a href=\"https:\/\/de.wikipedia.org\/wiki\/Briefmarken-Jahrgang_1900_der_Deutschen_Reichspost\" target=\"_blank\" rel=\"noopener\">DR Michelnummer 53 (Germania \/ &#8222;Reichspost&#8220;)<\/a><\/span><a href=\"https:\/\/berliner-dampfer.de\/wp-content\/uploads\/2024\/06\/1902-Salon-Doppelschrauben-Dampfer-Dorothea-klein-a.jpg\"><img loading=\"lazy\" decoding=\"async\" class=\"alignnone size-full wp-image-2384\" src=\"https:\/\/berliner-dampfer.de\/wp-content\/uploads\/2024\/06\/1902-Salon-Doppelschrauben-Dampfer-Dorothea-klein-a.jpg\" alt=\"\" width=\"1200\" height=\"994\" srcset=\"https:\/\/berliner-dampfer.de\/wp-content\/uploads\/2024\/06\/1902-Salon-Doppelschrauben-Dampfer-Dorothea-klein-a.jpg 1200w, https:\/\/berliner-dampfer.de\/wp-content\/uploads\/2024\/06\/1902-Salon-Doppelschrauben-Dampfer-Dorothea-klein-a-300x249.jpg 300w, https:\/\/berliner-dampfer.de\/wp-content\/uploads\/2024\/06\/1902-Salon-Doppelschrauben-Dampfer-Dorothea-klein-a-1024x848.jpg 1024w, https:\/\/berliner-dampfer.de\/wp-content\/uploads\/2024\/06\/1902-Salon-Doppelschrauben-Dampfer-Dorothea-klein-a-768x636.jpg 768w\" sizes=\"auto, (max-width: 1200px) 100vw, 1200px\" \/><\/a><\/td>\n<\/tr>\n<\/tbody>\n<\/table>\n<p>&nbsp;<\/p>\n<p>&nbsp;<\/p>\n<p>&nbsp;<\/p>\n<p>&nbsp;<\/p>\n<p><a href=\"https:\/\/berliner-dampfer.de\/wp-content\/uploads\/2024\/06\/1913-Dorothea-Groggert-1988-Seite-307.jpg\"><img loading=\"lazy\" decoding=\"async\" class=\"alignnone size-full wp-image-2385\" src=\"https:\/\/berliner-dampfer.de\/wp-content\/uploads\/2024\/06\/1913-Dorothea-Groggert-1988-Seite-307.jpg\" alt=\"\" width=\"1200\" height=\"679\" srcset=\"https:\/\/berliner-dampfer.de\/wp-content\/uploads\/2024\/06\/1913-Dorothea-Groggert-1988-Seite-307.jpg 1200w, https:\/\/berliner-dampfer.de\/wp-content\/uploads\/2024\/06\/1913-Dorothea-Groggert-1988-Seite-307-300x170.jpg 300w, https:\/\/berliner-dampfer.de\/wp-content\/uploads\/2024\/06\/1913-Dorothea-Groggert-1988-Seite-307-1024x579.jpg 1024w, https:\/\/berliner-dampfer.de\/wp-content\/uploads\/2024\/06\/1913-Dorothea-Groggert-1988-Seite-307-768x435.jpg 768w\" sizes=\"auto, (max-width: 1200px) 100vw, 1200px\" \/><\/a><\/p>\n<p>&nbsp;<\/p>\n<p>&nbsp;<\/p>\n<p>&nbsp;<\/p>\n<p><a href=\"https:\/\/berliner-dampfer.de\/wp-content\/uploads\/2024\/06\/1934-ca-Dorothea-1988-Groggert-Seite-202.jpg\"><img loading=\"lazy\" decoding=\"async\" class=\"alignnone size-full wp-image-2386\" src=\"https:\/\/berliner-dampfer.de\/wp-content\/uploads\/2024\/06\/1934-ca-Dorothea-1988-Groggert-Seite-202.jpg\" alt=\"\" width=\"1200\" height=\"751\" srcset=\"https:\/\/berliner-dampfer.de\/wp-content\/uploads\/2024\/06\/1934-ca-Dorothea-1988-Groggert-Seite-202.jpg 1200w, https:\/\/berliner-dampfer.de\/wp-content\/uploads\/2024\/06\/1934-ca-Dorothea-1988-Groggert-Seite-202-300x188.jpg 300w, https:\/\/berliner-dampfer.de\/wp-content\/uploads\/2024\/06\/1934-ca-Dorothea-1988-Groggert-Seite-202-1024x641.jpg 1024w, https:\/\/berliner-dampfer.de\/wp-content\/uploads\/2024\/06\/1934-ca-Dorothea-1988-Groggert-Seite-202-768x481.jpg 768w\" sizes=\"auto, (max-width: 1200px) 100vw, 1200px\" \/><\/a><\/p>\n<p>&nbsp;<\/p>\n<p>&nbsp;<\/p>\n<p><a href=\"https:\/\/berliner-dampfer.de\/wp-content\/uploads\/2024\/06\/1934-Dorothea-Groggert-1988-Seite-307.jpg\"><img loading=\"lazy\" decoding=\"async\" class=\"alignnone size-full wp-image-2387\" src=\"https:\/\/berliner-dampfer.de\/wp-content\/uploads\/2024\/06\/1934-Dorothea-Groggert-1988-Seite-307.jpg\" alt=\"\" width=\"1200\" height=\"566\" srcset=\"https:\/\/berliner-dampfer.de\/wp-content\/uploads\/2024\/06\/1934-Dorothea-Groggert-1988-Seite-307.jpg 1200w, https:\/\/berliner-dampfer.de\/wp-content\/uploads\/2024\/06\/1934-Dorothea-Groggert-1988-Seite-307-300x142.jpg 300w, https:\/\/berliner-dampfer.de\/wp-content\/uploads\/2024\/06\/1934-Dorothea-Groggert-1988-Seite-307-1024x483.jpg 1024w, https:\/\/berliner-dampfer.de\/wp-content\/uploads\/2024\/06\/1934-Dorothea-Groggert-1988-Seite-307-768x362.jpg 768w\" sizes=\"auto, (max-width: 1200px) 100vw, 1200px\" \/><\/a><\/p>\n<p>&nbsp;<\/p>\n<p>&nbsp;<\/p>\n<p><a href=\"https:\/\/berliner-dampfer.de\/wp-content\/uploads\/2024\/06\/1950-ca-Dorothea-Sperber-klein.jpg\"><img loading=\"lazy\" decoding=\"async\" class=\"alignnone size-full wp-image-2388\" src=\"https:\/\/berliner-dampfer.de\/wp-content\/uploads\/2024\/06\/1950-ca-Dorothea-Sperber-klein.jpg\" alt=\"\" width=\"1200\" height=\"767\" srcset=\"https:\/\/berliner-dampfer.de\/wp-content\/uploads\/2024\/06\/1950-ca-Dorothea-Sperber-klein.jpg 1200w, https:\/\/berliner-dampfer.de\/wp-content\/uploads\/2024\/06\/1950-ca-Dorothea-Sperber-klein-300x192.jpg 300w, https:\/\/berliner-dampfer.de\/wp-content\/uploads\/2024\/06\/1950-ca-Dorothea-Sperber-klein-1024x655.jpg 1024w, https:\/\/berliner-dampfer.de\/wp-content\/uploads\/2024\/06\/1950-ca-Dorothea-Sperber-klein-768x491.jpg 768w\" sizes=\"auto, (max-width: 1200px) 100vw, 1200px\" \/><\/a><\/p>\n<p>&nbsp;<\/p>\n<p>&nbsp;<\/p>\n<table style=\"border-collapse: collapse; width: 100%;\">\n<tbody>\n<tr>\n<td style=\"width: 100%; background-color: #ffd700;\">\n<p style=\"text-align: justify;\"><span style=\"font-family: arial, helvetica, sans-serif; font-size: 12pt;\">AK, Aufnahmejahr unbekannt, aber nach dem Umbau des Schiffes 1951, postalisch gelaufen 18.07.1954. Frankiert mit <a href=\"https:\/\/de.wikipedia.org\/wiki\/Briefmarken-Jahrgang_1949_der_Deutschen_Post_Berlin\" target=\"_blank\" rel=\"noopener\">Deutsche Post Berlin, Michelnummer 47 aus 1949<\/a>, Berliner Bauten\/Kleistpark.<\/span><br \/>\n<span style=\"font-family: arial, helvetica, sans-serif; font-size: 12pt;\">Motorschiff Dorothea auf der Havel bei in Kladow vor der Insel <a href=\"https:\/\/de.wikipedia.org\/wiki\/Imchen\" target=\"_blank\" rel=\"noopener\">Imchen<\/a>:<\/span><\/p>\n<p><img loading=\"lazy\" decoding=\"async\" class=\"alignnone size-full wp-image-8980\" src=\"https:\/\/berliner-dampfer.de\/wp-content\/uploads\/2024\/12\/1954-07-18-M.S.-Dorothea-vor-Insel-Imchen-Stern-und-Kreisschiffahrt-klein.jpg\" alt=\"\" width=\"1200\" height=\"978\" srcset=\"https:\/\/berliner-dampfer.de\/wp-content\/uploads\/2024\/12\/1954-07-18-M.S.-Dorothea-vor-Insel-Imchen-Stern-und-Kreisschiffahrt-klein.jpg 1200w, https:\/\/berliner-dampfer.de\/wp-content\/uploads\/2024\/12\/1954-07-18-M.S.-Dorothea-vor-Insel-Imchen-Stern-und-Kreisschiffahrt-klein-300x245.jpg 300w, https:\/\/berliner-dampfer.de\/wp-content\/uploads\/2024\/12\/1954-07-18-M.S.-Dorothea-vor-Insel-Imchen-Stern-und-Kreisschiffahrt-klein-1024x835.jpg 1024w, https:\/\/berliner-dampfer.de\/wp-content\/uploads\/2024\/12\/1954-07-18-M.S.-Dorothea-vor-Insel-Imchen-Stern-und-Kreisschiffahrt-klein-768x626.jpg 768w\" sizes=\"auto, (max-width: 1200px) 100vw, 1200px\" \/><\/td>\n<\/tr>\n<\/tbody>\n<\/table>\n<p>&nbsp;<\/p>\n<p>&nbsp;<\/p>\n<p>&nbsp;<\/p>\n<p><span style=\"text-decoration: underline;\"><span style=\"font-family: arial, helvetica, sans-serif; font-size: 12pt;\">Zuletzt bearbeitet 21.06.2025<\/span><\/span><\/p>\n","protected":false},"excerpt":{"rendered":"<p>1885 Dorothea } 1956 Mittelschiffverwendung f\u00fcr die Zehlendorf &nbsp; Groggert 1988, Seite 104: In diesem Jahr (1885) lieferte die Stettiner Werft von Aron &amp; Gollnow&hellip;<\/p>\n","protected":false},"author":1,"featured_media":0,"parent":0,"menu_order":0,"comment_status":"closed","ping_status":"closed","template":"","meta":{"ngg_post_thumbnail":0,"iawp_total_views":163,"footnotes":""},"class_list":["post-2378","page","type-page","status-publish","hentry"],"_links":{"self":[{"href":"https:\/\/berliner-dampfer.de\/index.php?rest_route=\/wp\/v2\/pages\/2378","targetHints":{"allow":["GET"]}}],"collection":[{"href":"https:\/\/berliner-dampfer.de\/index.php?rest_route=\/wp\/v2\/pages"}],"about":[{"href":"https:\/\/berliner-dampfer.de\/index.php?rest_route=\/wp\/v2\/types\/page"}],"author":[{"embeddable":true,"href":"https:\/\/berliner-dampfer.de\/index.php?rest_route=\/wp\/v2\/users\/1"}],"replies":[{"embeddable":true,"href":"https:\/\/berliner-dampfer.de\/index.php?rest_route=%2Fwp%2Fv2%2Fcomments&post=2378"}],"version-history":[{"count":41,"href":"https:\/\/berliner-dampfer.de\/index.php?rest_route=\/wp\/v2\/pages\/2378\/revisions"}],"predecessor-version":[{"id":16804,"href":"https:\/\/berliner-dampfer.de\/index.php?rest_route=\/wp\/v2\/pages\/2378\/revisions\/16804"}],"wp:attachment":[{"href":"https:\/\/berliner-dampfer.de\/index.php?rest_route=%2Fwp%2Fv2%2Fmedia&parent=2378"}],"curies":[{"name":"wp","href":"https:\/\/api.w.org\/{rel}","templated":true}]}}