{"id":2543,"date":"2024-06-21T18:06:35","date_gmt":"2024-06-21T16:06:35","guid":{"rendered":"https:\/\/berliner-dampfer.de\/?page_id=2543"},"modified":"2024-06-21T22:39:25","modified_gmt":"2024-06-21T20:39:25","slug":"elbkaiser","status":"publish","type":"page","link":"https:\/\/berliner-dampfer.de\/?page_id=2543","title":{"rendered":"Elbkaiser"},"content":{"rendered":"<table style=\"border-collapse: collapse; width: 100%;\">\n<tbody>\n<tr>\n<td style=\"width: 100%; background-color: #ffff00; text-align: left; vertical-align: top;\"><span style=\"font-family: arial, helvetica, sans-serif; font-size: 12pt;\">1992 <strong>Storkow<\/strong> } 199? <strong>Georg Friedrich H\u00e4ndel<\/strong> } 1998 <strong>Elbkaiser<\/strong><\/span><\/p>\n<p><span style=\"font-family: arial, helvetica, sans-serif; font-size: 12pt;\">Yachtwerft K\u00f6penick, Indienststellung 1993<\/span><br \/>\n<span style=\"font-family: arial, helvetica, sans-serif; font-size: 12pt;\">seit 1998 <a href=\"https:\/\/www.reederei-kaiser.de\/unsere-flotte\/\" target=\"_blank\" rel=\"noopener\">Reederei Kaiser, 39590 Tangerm\u00fcnde<\/a><\/span><\/p>\n<p><span style=\"font-family: arial, helvetica, sans-serif; font-size: 12pt;\">Der Elbkaiser ist ein <a href=\"https:\/\/de.wikipedia.org\/wiki\/Binnenfahrgastschiff_(BiFa)_Typ_IV\" target=\"_blank\" rel=\"noopener\">Binnenfahrgastschiff (BiFa) Typ IV<\/a>.<\/span><\/p>\n<p><span style=\"font-family: arial, helvetica, sans-serif; font-size: 12pt;\"><a href=\"https:\/\/www.ddr-binnenschifffahrt.de\/db_verlauf.php?schiffId=4111205\" target=\"_blank\" rel=\"noopener\">Schiffshistorie<\/a> in der Datenbank von Uwe Giesler \/ www.ddr-binnenschifffahrt.de.<\/span><\/td>\n<\/tr>\n<\/tbody>\n<\/table>\n<p>&nbsp;<\/p>\n<p><a href=\"https:\/\/berliner-dampfer.de\/wp-content\/uploads\/2024\/06\/2006-07-07-Elbkaiser-Roskowetz-klein.jpg\"><img loading=\"lazy\" decoding=\"async\" class=\"alignnone size-full wp-image-2551\" src=\"https:\/\/berliner-dampfer.de\/wp-content\/uploads\/2024\/06\/2006-07-07-Elbkaiser-Roskowetz-klein.jpg\" alt=\"\" width=\"1200\" height=\"638\" srcset=\"https:\/\/berliner-dampfer.de\/wp-content\/uploads\/2024\/06\/2006-07-07-Elbkaiser-Roskowetz-klein.jpg 1200w, https:\/\/berliner-dampfer.de\/wp-content\/uploads\/2024\/06\/2006-07-07-Elbkaiser-Roskowetz-klein-300x160.jpg 300w, https:\/\/berliner-dampfer.de\/wp-content\/uploads\/2024\/06\/2006-07-07-Elbkaiser-Roskowetz-klein-1024x544.jpg 1024w, https:\/\/berliner-dampfer.de\/wp-content\/uploads\/2024\/06\/2006-07-07-Elbkaiser-Roskowetz-klein-768x408.jpg 768w\" sizes=\"auto, (max-width: 1200px) 100vw, 1200px\" \/><\/a><\/p>\n<p>&nbsp;<\/p>\n<p>&nbsp;<\/p>\n","protected":false},"excerpt":{"rendered":"<p>1992 Storkow } 199? Georg Friedrich H\u00e4ndel } 1998 Elbkaiser Yachtwerft K\u00f6penick, Indienststellung 1993 seit 1998 Reederei Kaiser, 39590 Tangerm\u00fcnde Der Elbkaiser ist ein Binnenfahrgastschiff&hellip;<\/p>\n","protected":false},"author":1,"featured_media":0,"parent":0,"menu_order":0,"comment_status":"closed","ping_status":"closed","template":"","meta":{"ngg_post_thumbnail":0,"iawp_total_views":10,"footnotes":""},"class_list":["post-2543","page","type-page","status-publish","hentry"],"_links":{"self":[{"href":"https:\/\/berliner-dampfer.de\/index.php?rest_route=\/wp\/v2\/pages\/2543","targetHints":{"allow":["GET"]}}],"collection":[{"href":"https:\/\/berliner-dampfer.de\/index.php?rest_route=\/wp\/v2\/pages"}],"about":[{"href":"https:\/\/berliner-dampfer.de\/index.php?rest_route=\/wp\/v2\/types\/page"}],"author":[{"embeddable":true,"href":"https:\/\/berliner-dampfer.de\/index.php?rest_route=\/wp\/v2\/users\/1"}],"replies":[{"embeddable":true,"href":"https:\/\/berliner-dampfer.de\/index.php?rest_route=%2Fwp%2Fv2%2Fcomments&post=2543"}],"version-history":[{"count":8,"href":"https:\/\/berliner-dampfer.de\/index.php?rest_route=\/wp\/v2\/pages\/2543\/revisions"}],"predecessor-version":[{"id":2558,"href":"https:\/\/berliner-dampfer.de\/index.php?rest_route=\/wp\/v2\/pages\/2543\/revisions\/2558"}],"wp:attachment":[{"href":"https:\/\/berliner-dampfer.de\/index.php?rest_route=%2Fwp%2Fv2%2Fmedia&parent=2543"}],"curies":[{"name":"wp","href":"https:\/\/api.w.org\/{rel}","templated":true}]}}