{"id":3015,"date":"2024-07-15T07:05:21","date_gmt":"2024-07-15T05:05:21","guid":{"rendered":"https:\/\/berliner-dampfer.de\/?page_id=3015"},"modified":"2024-10-24T14:46:51","modified_gmt":"2024-10-24T12:46:51","slug":"flora","status":"publish","type":"page","link":"https:\/\/berliner-dampfer.de\/?page_id=3015","title":{"rendered":"Flora"},"content":{"rendered":"<table style=\"border-collapse: collapse; width: 100%;\">\n<tbody>\n<tr>\n<td style=\"width: 100%; background-color: #ffff00; text-align: left; vertical-align: top;\"><span style=\"font-family: arial, helvetica, sans-serif; font-size: 12pt;\">1883 <strong>Flora <\/strong>(1908 nach Werbelinsee)<strong><br \/>\n<\/strong><\/span><\/td>\n<\/tr>\n<\/tbody>\n<\/table>\n<p>&nbsp;<\/p>\n<table style=\"border-collapse: collapse; width: 100%;\">\n<tbody>\n<tr>\n<td style=\"width: 100%; background-color: #ffd700; text-align: left; vertical-align: top;\"><span style=\"font-family: arial, helvetica, sans-serif; font-size: 12pt;\"><a href=\"https:\/\/berliner-dampfer.de\/?page_id=194\" target=\"_blank\" rel=\"noopener\">Groggert 1988<\/a>, Seite 126 mit Bild auf Seite 129:<br \/>\nDer Schiffspark der Spandauer Dampfschiffahrts-Gesellschaft bestand nach einer Wertaufstellung der Reederei Ende 1906 aus folgenden Schiffen:<br \/>\n&#8230;<br \/>\n<strong>&#8222;Flora&#8220;<\/strong><br \/>\n&#8230;<br \/>\n<\/span><\/td>\n<\/tr>\n<\/tbody>\n<\/table>\n<p>&nbsp;<\/p>\n<table style=\"border-collapse: collapse; width: 100%; height: 96px;\">\n<tbody>\n<tr style=\"height: 96px;\">\n<td style=\"width: 100%; background-color: #d3d3d3; vertical-align: top; height: 96px; text-align: justify;\"><span style=\"font-family: arial, helvetica, sans-serif; font-size: 12pt;\"><a href=\"https:\/\/berliner-dampfer.de\/?page_id=194\" target=\"_blank\" rel=\"noopener\">Trost 1988<\/a>, Seite 14\/15:<\/span><br \/>\n<span style=\"font-family: arial, helvetica, sans-serif; font-size: 12pt;\">Das Jahr 1907 war von besonderer Bedeutung, da \u00fcbernahm die SHDG \u201cStern\u201d alle 15 Dampfer und 2 Motorschiffe der Spandauer Dampfschiffahrts-Gesellschaft Oberhavel und Tegelersee&#8230; Zu den \u00e4lteren Dampfern geh\u00f6rten &#8230; <strong>FLORA<\/strong> &#8230; Auch Dampfer <strong>FLORA<\/strong> wurde 1908 weiter verkauft an Falkenberg, Werbellinsee; die <strong>FLOR<\/strong>A war 1883 bei der <a href=\"https:\/\/de.wikipedia.org\/wiki\/Schichau-Werke\" target=\"_blank\" rel=\"noopener\">Schichau-Werft in Elbing<\/a> unter Nr. 214 erbaut worden.<\/span><\/td>\n<\/tr>\n<\/tbody>\n<\/table>\n<p>&nbsp;<\/p>\n<table style=\"border-collapse: collapse; width: 100%;\">\n<tbody>\n<tr>\n<td style=\"width: 100%; background-color: #d3d3d3; text-align: left; vertical-align: top;\">\n<p style=\"text-align: justify;\"><span style=\"font-family: arial, helvetica, sans-serif; font-size: 12pt;\"><a href=\"https:\/\/berliner-dampfer.de\/wp-content\/uploads\/2024\/07\/RestDressel.jpg\"><img loading=\"lazy\" decoding=\"async\" class=\"alignright size-full wp-image-3021\" src=\"https:\/\/berliner-dampfer.de\/wp-content\/uploads\/2024\/07\/RestDressel.jpg\" alt=\"\" width=\"300\" height=\"193\"><\/a>Kunst und Kultur Tegel e.V., gefunden am 26.11.2011 (Link 2024 erloschen):<\/span><br \/>\n<span style=\"font-family: arial, helvetica, sans-serif; font-size: 12pt;\">Ein Spaziergang zu einigen Tegeler Lokalit\u00e4ten &#8230; Auf der rechten Seite der Berliner Stra\u00dfe (Nr. 102), zwischen Dalldorfer Weg (heute: Gorkistra\u00dfe) und Bernstorffstra\u00dfe, lag das <strong>Gasthaus ,,Zum Treffpunkt&#8220;<\/strong>. Erbaut wurde es 1876 zun\u00e4chst nur als Wohnhaus. <strong>1892<\/strong> beantragte <strong>Wilhelm DresseI, dem auch der Dampfer &#8222;Flora&#8220; geh\u00f6rte<\/strong>, die Schankkonzession. 1914 erweiterte der Gastwirt Rasum das Lokal um einen kleinen Saal. Leider musste dieses hu\u0308bsche, kleine Lokal mit seinen gro\u00dfen, schattenspendenden B\u00e4umen im Vorgarten 1954 einem Gesch\u00e4ftshaus mit U-Bahneingang weichen.<\/span><\/p>\n<\/td>\n<\/tr>\n<\/tbody>\n<\/table>\n<p>&nbsp;<\/p>\n<p><a href=\"https:\/\/berliner-dampfer.de\/wp-content\/uploads\/2024\/07\/1xxx-Flora-1988-Groggert-Seite-129.jpg\"><img loading=\"lazy\" decoding=\"async\" class=\"size-full wp-image-3022 alignnone\" src=\"https:\/\/berliner-dampfer.de\/wp-content\/uploads\/2024\/07\/1xxx-Flora-1988-Groggert-Seite-129.jpg\" alt=\"\" width=\"640\" height=\"480\" srcset=\"https:\/\/berliner-dampfer.de\/wp-content\/uploads\/2024\/07\/1xxx-Flora-1988-Groggert-Seite-129.jpg 640w, https:\/\/berliner-dampfer.de\/wp-content\/uploads\/2024\/07\/1xxx-Flora-1988-Groggert-Seite-129-300x225.jpg 300w\" sizes=\"auto, (max-width: 640px) 100vw, 640px\" \/><\/a><\/p>\n<p>&nbsp;<\/p>\n<p><a href=\"https:\/\/berliner-dampfer.de\/wp-content\/uploads\/2024\/07\/1902-05-10-Flora-klein.jpg\"><img loading=\"lazy\" decoding=\"async\" class=\"size-full wp-image-3023 alignnone\" src=\"https:\/\/berliner-dampfer.de\/wp-content\/uploads\/2024\/07\/1902-05-10-Flora-klein.jpg\" alt=\"\" width=\"1200\" height=\"851\" srcset=\"https:\/\/berliner-dampfer.de\/wp-content\/uploads\/2024\/07\/1902-05-10-Flora-klein.jpg 1200w, https:\/\/berliner-dampfer.de\/wp-content\/uploads\/2024\/07\/1902-05-10-Flora-klein-300x213.jpg 300w, https:\/\/berliner-dampfer.de\/wp-content\/uploads\/2024\/07\/1902-05-10-Flora-klein-1024x726.jpg 1024w, https:\/\/berliner-dampfer.de\/wp-content\/uploads\/2024\/07\/1902-05-10-Flora-klein-768x545.jpg 768w\" sizes=\"auto, (max-width: 1200px) 100vw, 1200px\" \/><\/a><\/p>\n<p>&nbsp;<\/p>\n<p>&nbsp;<\/p>\n<p><a href=\"https:\/\/berliner-dampfer.de\/wp-content\/uploads\/2024\/07\/1903-Flora-klein.jpg\"><img loading=\"lazy\" decoding=\"async\" class=\"size-full wp-image-3024 alignnone\" src=\"https:\/\/berliner-dampfer.de\/wp-content\/uploads\/2024\/07\/1903-Flora-klein.jpg\" alt=\"\" width=\"1200\" height=\"675\" srcset=\"https:\/\/berliner-dampfer.de\/wp-content\/uploads\/2024\/07\/1903-Flora-klein.jpg 1200w, https:\/\/berliner-dampfer.de\/wp-content\/uploads\/2024\/07\/1903-Flora-klein-300x169.jpg 300w, https:\/\/berliner-dampfer.de\/wp-content\/uploads\/2024\/07\/1903-Flora-klein-1024x576.jpg 1024w, https:\/\/berliner-dampfer.de\/wp-content\/uploads\/2024\/07\/1903-Flora-klein-768x432.jpg 768w\" sizes=\"auto, (max-width: 1200px) 100vw, 1200px\" \/><\/a><\/p>\n<p>&nbsp;<\/p>\n<p>&nbsp;<\/p>\n<p><a href=\"https:\/\/berliner-dampfer.de\/wp-content\/uploads\/2024\/07\/1907-09-05-Flora-klein.jpg\"><img loading=\"lazy\" decoding=\"async\" class=\"size-full wp-image-3025 alignnone\" src=\"https:\/\/berliner-dampfer.de\/wp-content\/uploads\/2024\/07\/1907-09-05-Flora-klein.jpg\" alt=\"\" width=\"1200\" height=\"739\" srcset=\"https:\/\/berliner-dampfer.de\/wp-content\/uploads\/2024\/07\/1907-09-05-Flora-klein.jpg 1200w, https:\/\/berliner-dampfer.de\/wp-content\/uploads\/2024\/07\/1907-09-05-Flora-klein-300x185.jpg 300w, https:\/\/berliner-dampfer.de\/wp-content\/uploads\/2024\/07\/1907-09-05-Flora-klein-1024x631.jpg 1024w, https:\/\/berliner-dampfer.de\/wp-content\/uploads\/2024\/07\/1907-09-05-Flora-klein-768x473.jpg 768w\" sizes=\"auto, (max-width: 1200px) 100vw, 1200px\" \/><\/a><\/p>\n<p>&nbsp;<\/p>\n<p>&nbsp;<\/p>\n<p><span style=\"text-decoration: underline;\"><span style=\"font-family: arial, helvetica, sans-serif; font-size: 12pt;\">Zuletzt bearbeitet 24.10.2024<\/span><\/span><\/p>\n","protected":false},"excerpt":{"rendered":"<p>1883 Flora (1908 nach Werbelinsee) &nbsp; Groggert 1988, Seite 126 mit Bild auf Seite 129: Der Schiffspark der Spandauer Dampfschiffahrts-Gesellschaft bestand nach einer Wertaufstellung der&hellip;<\/p>\n","protected":false},"author":1,"featured_media":0,"parent":0,"menu_order":0,"comment_status":"closed","ping_status":"closed","template":"","meta":{"ngg_post_thumbnail":0,"iawp_total_views":4,"footnotes":""},"class_list":["post-3015","page","type-page","status-publish","hentry"],"_links":{"self":[{"href":"https:\/\/berliner-dampfer.de\/index.php?rest_route=\/wp\/v2\/pages\/3015","targetHints":{"allow":["GET"]}}],"collection":[{"href":"https:\/\/berliner-dampfer.de\/index.php?rest_route=\/wp\/v2\/pages"}],"about":[{"href":"https:\/\/berliner-dampfer.de\/index.php?rest_route=\/wp\/v2\/types\/page"}],"author":[{"embeddable":true,"href":"https:\/\/berliner-dampfer.de\/index.php?rest_route=\/wp\/v2\/users\/1"}],"replies":[{"embeddable":true,"href":"https:\/\/berliner-dampfer.de\/index.php?rest_route=%2Fwp%2Fv2%2Fcomments&post=3015"}],"version-history":[{"count":13,"href":"https:\/\/berliner-dampfer.de\/index.php?rest_route=\/wp\/v2\/pages\/3015\/revisions"}],"predecessor-version":[{"id":6613,"href":"https:\/\/berliner-dampfer.de\/index.php?rest_route=\/wp\/v2\/pages\/3015\/revisions\/6613"}],"wp:attachment":[{"href":"https:\/\/berliner-dampfer.de\/index.php?rest_route=%2Fwp%2Fv2%2Fmedia&parent=3015"}],"curies":[{"name":"wp","href":"https:\/\/api.w.org\/{rel}","templated":true}]}}