{"id":3123,"date":"2024-07-17T08:49:50","date_gmt":"2024-07-17T06:49:50","guid":{"rendered":"https:\/\/berliner-dampfer.de\/?page_id=3123"},"modified":"2025-01-16T11:20:13","modified_gmt":"2025-01-16T10:20:13","slug":"fridericus-rex","status":"publish","type":"page","link":"https:\/\/berliner-dampfer.de\/?page_id=3123","title":{"rendered":"Fridericus Rex"},"content":{"rendered":"<table style=\"border-collapse: collapse; width: 100%;\">\n<tbody>\n<tr>\n<td style=\"width: 100%; background-color: #ffff00; text-align: left; vertical-align: top;\"><span style=\"font-family: arial, helvetica, sans-serif; font-size: 12pt;\"><span style=\"font-size: 10pt;\">1928<\/span> <strong>Rheinpfalz<\/strong> } <strong>Regensburg<\/strong> } <strong>Fridericus Rex<\/strong><\/span><\/p>\n<p><span style=\"font-family: arial, helvetica, sans-serif; font-size: 12pt;\">Binnenschifferforum: <a href=\"https:\/\/www.binnenschifferforum.de\/showthread.php?79574-Regensburg-FGS-05700680\" target=\"_blank\" rel=\"noopener\">Regensburg<\/a><br \/>\nBinnenschifferforum: <a href=\"https:\/\/www.binnenschifferforum.de\/showthread.php?43011-Fridericus-Rex-FGS-05700680\" target=\"_blank\" rel=\"noopener\">Fridericus Rex<\/a><\/span><\/p>\n<p><span style=\"font-family: arial, helvetica, sans-serif; font-size: 12pt;\">Wikipedia: <\/span><span style=\"font-family: arial, helvetica, sans-serif; font-size: 12pt;\">Fridericus Rex (Schiff) <\/span><\/td>\n<\/tr>\n<\/tbody>\n<\/table>\n<p>&nbsp;<\/p>\n<table style=\"border-collapse: collapse; width: 100%;\">\n<tbody>\n<tr>\n<td style=\"width: 100%; background-color: #ffd700; text-align: left; vertical-align: top;\">\n<p style=\"text-align: justify;\"><span style=\"font-family: arial, helvetica, sans-serif; font-size: 12pt;\"><a href=\"https:\/\/berliner-dampfer.de\/?page_id=194\" target=\"_blank\" rel=\"noopener\">Groggert 1988<\/a>, Seite 168:<\/span><br \/>\n<span style=\"font-family: arial, helvetica, sans-serif; font-size: 12pt;\">1928 lief auf der Werft Gebr. Winkler in Kalkberge f\u00fcr Nobeling noch das schnelle, 30 m lange und 4,60 m breite Dieselmotorschiff <strong>\u201cRheinpfalz\u201d<\/strong> vom Stapel, das 276 Personen fassen konnte und f\u00fcr die Fahrt nach Teupitz bestimmt war.<\/span><\/p>\n<p style=\"text-align: justify;\"><span style=\"font-family: arial, helvetica, sans-serif; font-size: 12pt;\">Groggert 1988, Seite 248:<\/span><br \/>\n<span style=\"font-family: arial, helvetica, sans-serif; font-size: 12pt;\">W\u00e4hrend des Krieges beschlagnahmte die Wehrmacht auch die Motorschiffe <strong>\u201cRheinpfalz\u201d<\/strong> (Nobiling), \u201cTitania\u201d (Hartwig) und \u201cWilly\u201d (Kl\u00e4ne) und brachte sie \u00fcber den alten, inzwischen verfallenen Ludwigskanal nach Kelheim auf die Donau. Die Scheuerleisten mu\u00dften abgenommen werden, da die Schiffe sonst die engen Schleusen nicht h\u00e4tten passieren k\u00f6nnen. Zun\u00e4chst benutzte die Wehrmacht diese Motorschiffe f\u00fcr ihre Zwecke, danach mietete sie der Bayerische Lloyd, der sie f\u00fcr die Personenschiffahrt, sp\u00e4ter auch als Schlepper verwendete, wozu die r\u00fcckw\u00e4rtigen Teile der verglasten Aufbauten abgenommen werden mu\u00dften. Ende der f\u00fcnfziger Jahre waren alle drei in der Personenschiffahrt zwischen Kelheim und dem Kloster Weltenberg eingesetzt. 1971 ist die Titania in Regensburg verschrottet worden. Mit den beiden anderen Motorschiffen wurden weiterhin Stadtrundfahrten auf der Donau bei Passau durchgef\u00fchrt. Zuletzt fuhren sie zu Rundfahrten auf der Donau von Regensburg ab, die <strong>\u201cRheinpfalz\u201d<\/strong> noch unter ihrem alten Namen, \u201cWilly\u201d nach mehrmaligem Namenswechsel als \u201cRataspona\u201d.<\/span><\/p>\n<\/td>\n<\/tr>\n<\/tbody>\n<\/table>\n<p>&nbsp;<\/p>\n<p><img loading=\"lazy\" decoding=\"async\" class=\"alignnone wp-image-3128 size-full\" src=\"https:\/\/berliner-dampfer.de\/wp-content\/uploads\/2024\/07\/1941-08-29-Rheinpfalz-klein.jpg\" alt=\"\" width=\"1200\" height=\"790\" srcset=\"https:\/\/berliner-dampfer.de\/wp-content\/uploads\/2024\/07\/1941-08-29-Rheinpfalz-klein.jpg 1200w, https:\/\/berliner-dampfer.de\/wp-content\/uploads\/2024\/07\/1941-08-29-Rheinpfalz-klein-300x198.jpg 300w, https:\/\/berliner-dampfer.de\/wp-content\/uploads\/2024\/07\/1941-08-29-Rheinpfalz-klein-1024x674.jpg 1024w, https:\/\/berliner-dampfer.de\/wp-content\/uploads\/2024\/07\/1941-08-29-Rheinpfalz-klein-768x506.jpg 768w\" sizes=\"auto, (max-width: 1200px) 100vw, 1200px\" \/><\/p>\n<p>&nbsp;<\/p>\n<p><img loading=\"lazy\" decoding=\"async\" class=\"alignnone wp-image-3134 size-full\" src=\"https:\/\/berliner-dampfer.de\/wp-content\/uploads\/2024\/07\/2000-2024-07-17-Schiffswerft-Bolle-GmbH-Derben-Referenzen-Fridericus-Rex.jpg\" alt=\"\" width=\"1229\" height=\"485\" srcset=\"https:\/\/berliner-dampfer.de\/wp-content\/uploads\/2024\/07\/2000-2024-07-17-Schiffswerft-Bolle-GmbH-Derben-Referenzen-Fridericus-Rex.jpg 1229w, https:\/\/berliner-dampfer.de\/wp-content\/uploads\/2024\/07\/2000-2024-07-17-Schiffswerft-Bolle-GmbH-Derben-Referenzen-Fridericus-Rex-300x118.jpg 300w, https:\/\/berliner-dampfer.de\/wp-content\/uploads\/2024\/07\/2000-2024-07-17-Schiffswerft-Bolle-GmbH-Derben-Referenzen-Fridericus-Rex-1024x404.jpg 1024w, https:\/\/berliner-dampfer.de\/wp-content\/uploads\/2024\/07\/2000-2024-07-17-Schiffswerft-Bolle-GmbH-Derben-Referenzen-Fridericus-Rex-768x303.jpg 768w\" sizes=\"auto, (max-width: 1229px) 100vw, 1229px\" \/><\/p>\n<p>&nbsp;<\/p>\n<p><img loading=\"lazy\" decoding=\"async\" class=\"alignnone wp-image-3129 size-full\" src=\"https:\/\/berliner-dampfer.de\/wp-content\/uploads\/2024\/07\/2005-05-14-Fridericus-Rex-Roskowetz-klein.jpg\" alt=\"\" width=\"1200\" height=\"675\" srcset=\"https:\/\/berliner-dampfer.de\/wp-content\/uploads\/2024\/07\/2005-05-14-Fridericus-Rex-Roskowetz-klein.jpg 1200w, https:\/\/berliner-dampfer.de\/wp-content\/uploads\/2024\/07\/2005-05-14-Fridericus-Rex-Roskowetz-klein-300x169.jpg 300w, https:\/\/berliner-dampfer.de\/wp-content\/uploads\/2024\/07\/2005-05-14-Fridericus-Rex-Roskowetz-klein-1024x576.jpg 1024w, https:\/\/berliner-dampfer.de\/wp-content\/uploads\/2024\/07\/2005-05-14-Fridericus-Rex-Roskowetz-klein-768x432.jpg 768w\" sizes=\"auto, (max-width: 1200px) 100vw, 1200px\" \/><\/p>\n<p>&nbsp;<\/p>\n<p><img loading=\"lazy\" decoding=\"async\" class=\"alignnone wp-image-3130 size-full\" src=\"https:\/\/berliner-dampfer.de\/wp-content\/uploads\/2024\/07\/2006-05-01-CIMG7612-Fridericus-Rex-klein.jpg\" alt=\"\" width=\"1200\" height=\"675\" srcset=\"https:\/\/berliner-dampfer.de\/wp-content\/uploads\/2024\/07\/2006-05-01-CIMG7612-Fridericus-Rex-klein.jpg 1200w, https:\/\/berliner-dampfer.de\/wp-content\/uploads\/2024\/07\/2006-05-01-CIMG7612-Fridericus-Rex-klein-300x169.jpg 300w, https:\/\/berliner-dampfer.de\/wp-content\/uploads\/2024\/07\/2006-05-01-CIMG7612-Fridericus-Rex-klein-1024x576.jpg 1024w, https:\/\/berliner-dampfer.de\/wp-content\/uploads\/2024\/07\/2006-05-01-CIMG7612-Fridericus-Rex-klein-768x432.jpg 768w\" sizes=\"auto, (max-width: 1200px) 100vw, 1200px\" \/><\/p>\n<p>&nbsp;<\/p>\n<p><img loading=\"lazy\" decoding=\"async\" class=\"alignnone wp-image-3131 size-full\" src=\"https:\/\/berliner-dampfer.de\/wp-content\/uploads\/2024\/07\/2006-05-01-CIMG7613-Fridericus-Rex-klein.jpg\" alt=\"\" width=\"1200\" height=\"675\" srcset=\"https:\/\/berliner-dampfer.de\/wp-content\/uploads\/2024\/07\/2006-05-01-CIMG7613-Fridericus-Rex-klein.jpg 1200w, https:\/\/berliner-dampfer.de\/wp-content\/uploads\/2024\/07\/2006-05-01-CIMG7613-Fridericus-Rex-klein-300x169.jpg 300w, https:\/\/berliner-dampfer.de\/wp-content\/uploads\/2024\/07\/2006-05-01-CIMG7613-Fridericus-Rex-klein-1024x576.jpg 1024w, https:\/\/berliner-dampfer.de\/wp-content\/uploads\/2024\/07\/2006-05-01-CIMG7613-Fridericus-Rex-klein-768x432.jpg 768w\" sizes=\"auto, (max-width: 1200px) 100vw, 1200px\" \/><\/p>\n<p>&nbsp;<\/p>\n<p>&nbsp;<\/p>\n<p>&nbsp;<\/p>\n<p><span style=\"text-decoration: underline;\"><span style=\"font-family: arial, helvetica, sans-serif; font-size: 12pt;\">Zuletzt bearbeitet 16.01.2025<br \/>\n<\/span><\/span><\/p>\n","protected":false},"excerpt":{"rendered":"<p>1928 Rheinpfalz } Regensburg } Fridericus Rex Binnenschifferforum: Regensburg Binnenschifferforum: Fridericus Rex Wikipedia: Fridericus Rex (Schiff) &nbsp; Groggert 1988, Seite 168: 1928 lief auf der&hellip;<\/p>\n","protected":false},"author":1,"featured_media":0,"parent":0,"menu_order":0,"comment_status":"closed","ping_status":"closed","template":"","meta":{"ngg_post_thumbnail":0,"iawp_total_views":25,"footnotes":""},"class_list":["post-3123","page","type-page","status-publish","hentry"],"_links":{"self":[{"href":"https:\/\/berliner-dampfer.de\/index.php?rest_route=\/wp\/v2\/pages\/3123","targetHints":{"allow":["GET"]}}],"collection":[{"href":"https:\/\/berliner-dampfer.de\/index.php?rest_route=\/wp\/v2\/pages"}],"about":[{"href":"https:\/\/berliner-dampfer.de\/index.php?rest_route=\/wp\/v2\/types\/page"}],"author":[{"embeddable":true,"href":"https:\/\/berliner-dampfer.de\/index.php?rest_route=\/wp\/v2\/users\/1"}],"replies":[{"embeddable":true,"href":"https:\/\/berliner-dampfer.de\/index.php?rest_route=%2Fwp%2Fv2%2Fcomments&post=3123"}],"version-history":[{"count":20,"href":"https:\/\/berliner-dampfer.de\/index.php?rest_route=\/wp\/v2\/pages\/3123\/revisions"}],"predecessor-version":[{"id":11197,"href":"https:\/\/berliner-dampfer.de\/index.php?rest_route=\/wp\/v2\/pages\/3123\/revisions\/11197"}],"wp:attachment":[{"href":"https:\/\/berliner-dampfer.de\/index.php?rest_route=%2Fwp%2Fv2%2Fmedia&parent=3123"}],"curies":[{"name":"wp","href":"https:\/\/api.w.org\/{rel}","templated":true}]}}