{"id":3358,"date":"2024-08-04T01:35:20","date_gmt":"2024-08-03T23:35:20","guid":{"rendered":"https:\/\/berliner-dampfer.de\/?page_id=3358"},"modified":"2024-08-05T14:21:58","modified_gmt":"2024-08-05T12:21:58","slug":"gentzrode","status":"publish","type":"page","link":"https:\/\/berliner-dampfer.de\/?page_id=3358","title":{"rendered":"Gentzrode III"},"content":{"rendered":"<table style=\"border-collapse: collapse; width: 100%; height: 24px;\">\n<tbody>\n<tr style=\"height: 24px;\">\n<td style=\"width: 100%; height: 24px; background-color: #ffff00; text-align: left; vertical-align: top;\"><span style=\"font-family: arial, helvetica, sans-serif; font-size: 12pt;\">1911 <\/span><strong><span style=\"font-family: arial, helvetica, sans-serif; font-size: 12pt;\">Gentzrode III<\/span><\/strong><\/td>\n<\/tr>\n<\/tbody>\n<\/table>\n<p>&nbsp;<\/p>\n<table style=\"border-collapse: collapse; width: 100%;\">\n<tbody>\n<tr>\n<td style=\"width: 100%; background-color: #ffff00; text-align: left; vertical-align: top;\"><span style=\"font-family: arial, helvetica, sans-serif; font-size: 12pt;\">Vorab: Herzlichen Dank an den Leser Herrn R. H. f\u00fcr die ma\u00dfgebliche Hilfe beim Herausfinden, was das f\u00fcr eine Yacht auf der Ansichtskarte ist (Aufnahmeort, Schiffsname und historischer Artikel!!!).<\/span><\/p>\n<p><a href=\"https:\/\/berliner-dampfer.de\/wp-content\/uploads\/2024\/08\/1911-Gentzrode-III-AK-gelaufen-23.10.1916-klein.jpg\" target=\"_blank\" rel=\"noopener\"><img loading=\"lazy\" decoding=\"async\" class=\"alignnone wp-image-3419 size-full\" src=\"https:\/\/berliner-dampfer.de\/wp-content\/uploads\/2024\/08\/1911-Gentzrode-III-AK-gelaufen-23.10.1916-klein.jpg\" alt=\"\" width=\"1200\" height=\"1067\" srcset=\"https:\/\/berliner-dampfer.de\/wp-content\/uploads\/2024\/08\/1911-Gentzrode-III-AK-gelaufen-23.10.1916-klein.jpg 1200w, https:\/\/berliner-dampfer.de\/wp-content\/uploads\/2024\/08\/1911-Gentzrode-III-AK-gelaufen-23.10.1916-klein-300x267.jpg 300w, https:\/\/berliner-dampfer.de\/wp-content\/uploads\/2024\/08\/1911-Gentzrode-III-AK-gelaufen-23.10.1916-klein-1024x911.jpg 1024w, https:\/\/berliner-dampfer.de\/wp-content\/uploads\/2024\/08\/1911-Gentzrode-III-AK-gelaufen-23.10.1916-klein-768x683.jpg 768w\" sizes=\"auto, (max-width: 1200px) 100vw, 1200px\" \/><\/a><\/p>\n<p><span style=\"font-family: arial, helvetica, sans-serif; font-size: 12pt;\">Yacht <strong>Gentzrode III<\/strong><br \/>\n<\/span><\/p>\n<p><span style=\"font-family: arial, helvetica, sans-serif; font-size: 12pt;\">Aufnahemort: Havel bei Potsdam, im Hintergrund der <a href=\"https:\/\/de.wikipedia.org\/wiki\/Park_Babelsberg\" target=\"_blank\" rel=\"noopener\">Schlosspark Babelsberg<\/a> mit dem <a href=\"https:\/\/de.wikipedia.org\/wiki\/Flatowturm\" target=\"_blank\" rel=\"noopener\">Flatowturm<\/a> (rechts), und dem kleinen Schl\u00f6sschen (Gastwirtschaft) links.<\/span><\/p>\n<p>&#8212;&#8212;&#8212;&#8212;&#8212;<\/p>\n<p style=\"text-align: justify;\"><span style=\"font-family: arial, helvetica, sans-serif; font-size: 12pt;\"><a href=\"https:\/\/de.wikipedia.org\/wiki\/Gentzrode\" target=\"_blank\" rel=\"noopener\">Gentzrode<\/a> ist eine Gutsanlage im Norden des Landes Brandenburg. <a href=\"https:\/\/de.wikipedia.org\/wiki\/Gentzrode\" target=\"_blank\" rel=\"noopener\">Wikipedia<\/a> weist hinschtlich der Eigent\u00fcmerstruktur aus: &#8222;Verschiedene private Eigent\u00fcmer 1881 bis 1934 &#8230; Von Januar 1887 bis 1902 besa\u00df Paul Hoepffner das Anwesen, danach folgten bis 1934 sechs weitere Besitzer.&#8220; Aber <a href=\"https:\/\/themator.museum-digital.de\/ausgabe\/showobjekt.php?m_tid=1868&amp;tid=2051&amp;na=0&amp;ver=standalone&amp;objekt=13142\" target=\"_blank\" rel=\"noopener\">Museum Digital<\/a> erl\u00e4utert unter Bezugnahme auf eine Bauzeichnung aus dem Jahr 1909:<br \/>\n<\/span><\/p>\n<blockquote><p><span style=\"font-family: arial, helvetica, sans-serif; font-size: 12pt;\">Sp\u00e4testens 1907 geh\u00f6rte Gentzrode dem Rittergutsbesitzer <a href=\"https:\/\/www.google.com\/search?client=firefox-b-d&amp;q=%22Martin+Hewald%22\" target=\"_blank\" rel=\"noopener\">Martin Hewald<\/a>, der als Teilnehmer an Auto- und Motorbootrennen durch die hauptst\u00e4dtische Presse ging. Auch er lie\u00df Erweiterungsbauten vornehmen, wie etwa eine Unterkunft f\u00fcr Saisonarbeiter, das \u201eSchnitterhaus\u201c.<\/span><\/p><\/blockquote>\n<p><span style=\"font-family: arial, helvetica, sans-serif; font-size: 12pt;\">Google Books gibt f\u00fcr <a href=\"https:\/\/books.google.de\/books?id=Ur0DEQAAQBAJ&amp;pg=PA942&amp;lpg=PA942&amp;dq=Yacht+Gentzrode&amp;source=bl&amp;ots=mcsnu5KXSL&amp;sig=ACfU3U0ZlrcFX4zVcgL0ljauVYwyzIUZ6Q&amp;hl=de&amp;sa=X&amp;ved=2ahUKEwjoqOnOyN2HAxVTGBAIHTwDOoo4ChDoAXoECCIQAw#v=onepage&amp;q=Yacht%20Gentzrode&amp;f=false\" target=\"_blank\" rel=\"noopener\">&#8222;Lloyd\u2019s Register of Yachts 1911&#8220;<\/a> au\u00dferdem &#8222;Hewald, Martin \/ Rittergutbesitzer&#8220; als Eigner an:<\/span><\/p>\n<p><a href=\"https:\/\/berliner-dampfer.de\/wp-content\/uploads\/2024\/08\/1911-Lloyds-Register-of-Yachts-1911-Lloyds-Register-Foundation-Google-Books-Martin-Hewald-Rittergutbesitzer-Gentzrode-III.jpg\" target=\"_blank\" rel=\"noopener\"><img loading=\"lazy\" decoding=\"async\" class=\"alignnone wp-image-3441 size-full\" src=\"https:\/\/berliner-dampfer.de\/wp-content\/uploads\/2024\/08\/1911-Lloyds-Register-of-Yachts-1911-Lloyds-Register-Foundation-Google-Books-Martin-Hewald-Rittergutbesitzer-Gentzrode-III.jpg\" alt=\"\" width=\"224\" height=\"91\"><\/a><\/p>\n<p style=\"text-align: justify;\"><span style=\"font-family: arial, helvetica, sans-serif; font-size: 12pt;\">Ich vermute au\u00dferdem, dass die Aufnahme auf einer Erprobungsahrt der Bauwert, also vor oder im Jahre 1911, entstanden ist. Diese hatte in Potsdam in der N\u00e4he der <a href=\"https:\/\/de.wikipedia.org\/wiki\/Glienicker_Br%C3%BCcke\" target=\"_blank\" rel=\"noopener\">Glienicker Br\u00fccke<\/a>, also in der N\u00e4he wo diese Aufnahme enstanden ist, ihren Sitz (siehe auch ganz unten). Es ist auch gut m\u00f6glich, dass das Foto direkt von der Glienicker Br\u00fccke aus gemacht wurde.<\/span><\/p>\n<\/td>\n<\/tr>\n<\/tbody>\n<\/table>\n<p><span style=\"font-family: arial, helvetica, sans-serif; font-size: 10pt;\">&nbsp;<\/span><\/p>\n<p style=\"text-align: justify;\"><a href=\"https:\/\/berliner-dampfer.de\/wp-content\/uploads\/2024\/08\/1911-07-Gentzrode-III-Motor-Boating-480breit.jpg\" target=\"_blank\" rel=\"noopener\"><img loading=\"lazy\" decoding=\"async\" class=\"alignright wp-image-3423\" src=\"https:\/\/berliner-dampfer.de\/wp-content\/uploads\/2024\/08\/1911-07-Gentzrode-III-Motor-Boating-480breit.jpg\" alt=\"\" width=\"150\" height=\"201\" srcset=\"https:\/\/berliner-dampfer.de\/wp-content\/uploads\/2024\/08\/1911-07-Gentzrode-III-Motor-Boating-480breit.jpg 480w, https:\/\/berliner-dampfer.de\/wp-content\/uploads\/2024\/08\/1911-07-Gentzrode-III-Motor-Boating-480breit-224x300.jpg 224w\" sizes=\"auto, (max-width: 150px) 100vw, 150px\" \/><\/a><span style=\"font-family: arial, helvetica, sans-serif; font-size: 12pt;\">Google-Books: MOTOR BOATING &#8211; Ausgabe Juli 1911<br \/>\n<a href=\"https:\/\/books.google.de\/books?id=hoAKjTbbrdQC&amp;pg=PA35&amp;lpg=PA35&amp;dq=Gentzrode+Boat&amp;source=bl&amp;ots=3DXTKxd7j7&amp;sig=ACfU3U10nCvqzlVNNqYrQpre8MMCvH7Z3g&amp;hl=de&amp;sa=X&amp;ved=2ahUKEwjEqt6Mz4b8AhVPQ_EDHT7nC9IQ6AF6BAggEAM#v=onepage&amp;q=Gentzrode%20Boat&amp;f=false\" target=\"_blank\" rel=\"noopener\">1911 Gentzrode III<\/a><\/span><br \/>\n<span style=\"font-family: arial, helvetica, sans-serif; font-size: 12pt;\">\u00dcbersetzung:<\/span><br \/>\n<span style=\"font-family: arial, helvetica, sans-serif; font-size: 12pt;\">Genzrode ist ein 57-Fu\u00dfer (rund 17 Meter). Sie wurde von Hermann M\u00fcller f\u00fcr Fluss-, See- und K\u00fcstenkreuzfahrten entworfen und vor kurzem in Potsdam fertiggestellt. Obwohl er einer der j\u00fcngsten deutschen Schiffsarchitekten ist, hat der Konstrukteur bereits eine Reihe erfolgreicher Boote auf seinem Konto; aber der neue Kreuzer ist bei weitem der anspruchsvollste seiner Entw\u00fcrfe.<\/span><\/p>\n<p>&nbsp;<\/p>\n<p><a href=\"https:\/\/berliner-dampfer.de\/wp-content\/uploads\/2024\/08\/1911-07-Gentzrode-III-Motor-Boating-1200breit.jpg\" target=\"_blank\" rel=\"noopener\"><img loading=\"lazy\" decoding=\"async\" class=\"aligncenter wp-image-3425 size-full\" src=\"https:\/\/berliner-dampfer.de\/wp-content\/uploads\/2024\/08\/1911-07-Gentzrode-III-Motor-Boating-1200breit.jpg\" alt=\"\" width=\"1200\" height=\"1583\" srcset=\"https:\/\/berliner-dampfer.de\/wp-content\/uploads\/2024\/08\/1911-07-Gentzrode-III-Motor-Boating-1200breit.jpg 1200w, https:\/\/berliner-dampfer.de\/wp-content\/uploads\/2024\/08\/1911-07-Gentzrode-III-Motor-Boating-1200breit-227x300.jpg 227w, https:\/\/berliner-dampfer.de\/wp-content\/uploads\/2024\/08\/1911-07-Gentzrode-III-Motor-Boating-1200breit-776x1024.jpg 776w, https:\/\/berliner-dampfer.de\/wp-content\/uploads\/2024\/08\/1911-07-Gentzrode-III-Motor-Boating-1200breit-768x1013.jpg 768w, https:\/\/berliner-dampfer.de\/wp-content\/uploads\/2024\/08\/1911-07-Gentzrode-III-Motor-Boating-1200breit-1164x1536.jpg 1164w\" sizes=\"auto, (max-width: 1200px) 100vw, 1200px\" \/><\/a><\/p>\n<p>&nbsp;<\/p>\n<p><span style=\"font-family: arial, helvetica, sans-serif; font-size: 12pt;\">Im Forum der Webseite \u201cFreundeskreis Klassische Yachten\u201d gab das Mitglied \u201cnvonholdt\u201d \u00fcber Herrn M\u00fcller <a href=\"https:\/\/forum.fky.org\/viewtopic.php?f=1&amp;t=16512\" target=\"_blank\" rel=\"noopener\">am 16.12.2008 folgende Auskunft<\/a>:<\/span><\/p>\n<blockquote>\n<p style=\"text-align: justify;\"><span style=\"font-family: arial, helvetica, sans-serif; font-size: 12pt;\">Sehr geehrter Herr M.xxx,<\/span><br \/>\n<span style=\"font-family: arial, helvetica, sans-serif; font-size: 12pt;\">die Havelwerft, Potsdam, wird in den Registern z.B. der Seefahrtkreuzer noch bis 1937 als Bauwerft gelistet.<br \/>\nIn der Yacht 47, 1932, Seite 2, wird als Mitinhaber Schiffbau <strong>Ing Hermann M\u00fcller<\/strong> aufgef\u00fchrt, der bereits 1932 Inhaber der Potsdamer Schiffswerft war.<br \/>\nAus einem Artikel aus der Yacht 36\/1934 ist herauszulesen, da\u00df die Potsdamer Schiffswerft der Rechtsnachfolger der Havelwerft war.<\/span><br \/>\n<span style=\"font-family: arial, helvetica, sans-serif; font-size: 12pt;\">Anschrift 1924: Havelwerft GmbH, Neue K\u00f6nigstr. 49, Potsdam [heute <a href=\"https:\/\/www.potsdam-chronik.de\/index.php?title=Berliner_Stra%C3%9Fe\" target=\"_blank\" rel=\"noopener\">Berliner Stra\u00dfe<\/a>]<\/span><br \/>\n<span style=\"font-family: arial, helvetica, sans-serif; font-size: 12pt;\">Anfahrt: Dampferstation Glieniker Br\u00fccke oder Stra\u00dfenbahn W\u00f6rther Stra\u00dfe<\/span><br \/>\n<span style=\"font-family: arial, helvetica, sans-serif; font-size: 12pt;\">Anschrift 1937:<\/span><br \/>\n<span style=\"font-family: arial, helvetica, sans-serif; font-size: 12pt;\">Potsdamer Schiffswerft, Neue K\u00f6nigstr. 49, Potsdam<\/span><br \/>\n<span style=\"font-family: arial, helvetica, sans-serif; font-size: 12pt;\">Aktuelle Informationen habe ich leider nicht.<\/span><br \/>\n<span style=\"font-family: arial, helvetica, sans-serif; font-size: 12pt;\">Gru\u00df<\/span><br \/>\n<span style=\"font-family: arial, helvetica, sans-serif; font-size: 12pt;\">N. von H.<\/span><\/p>\n<\/blockquote>\n<p>&nbsp;<\/p>\n<p>&#8212;&#8212;&#8212;&#8212;&#8212;<\/p>\n<p><span style=\"font-family: arial, helvetica, sans-serif; font-size: 12pt;\">Die Havelwerft hat nicht nur Schiffe gebaut, sondern auch einen Polarschlitten, welcher 1912\/13 auf der <a href=\"https:\/\/de.wikipedia.org\/wiki\/Deutsche_Arktische_Expedition\" target=\"_blank\" rel=\"noopener\">Deutsche Arktische Expedition \/ Schr\u00f6der-Stranz-Expedition<\/a> benutzt wurde. <a href=\"https:\/\/books.google.de\/books?id=roRfDwAAQBAJ&amp;pg=PA73&amp;lpg=PA73&amp;dq=Hermann+M%C3%BCller+%22Havelwerft%22&amp;source=bl&amp;ots=8cebQsKZdq&amp;sig=ACfU3U3gB6BRBjxSVprSz38e85VaCV9bxw&amp;hl=de&amp;sa=X&amp;ved=2ahUKEwixq4G95N2HAxX_FRAIHTS2H7UQ6AF6BAgiEAM#v=onepage&amp;q=Hermann%20M%C3%BCller%20%22Havelwerft%22&amp;f=false\" target=\"_blank\" rel=\"noopener\">Fachbuchquelle<\/a> (auch <a href=\"https:\/\/www.amazon.de\/Die-Sorge-Bai-Schicksalstagen-Schr%C3%B6der-Stranz-Expedition-Polarbibliothek\/dp\/3746044839\" target=\"_blank\" rel=\"noopener\">hier<\/a>): <\/span><\/p>\n<blockquote>\n<p style=\"text-align: justify;\"><span style=\"font-family: arial, helvetica, sans-serif; font-size: 12pt;\">&#8222;&#8230; Das Boot wurde hoch auf die Landzunge heraufgezogen, und dann die Last auf die beiden Schlitten verteilt. W\u00e4hrend wir sechs Deutsche &#8230;&#8230;. den niedrigen, aber langen <a href=\"https:\/\/wiki.univie.ac.at\/display\/PraktikumWS11\/Die+Mansen\" target=\"_blank\" rel=\"noopener\">Mansen-Schlitten<\/a> nahmen, auf dem 6 bis 7 Zentner verladen waren, benutzten die f\u00fcnf Norweger das kurze Bordergestell des auf der Havelwerft in Potsdam von Ingenieur M\u00fcller konstruierten Schlittens. Dieser M\u00fcller-Schlitten, dessen Aufbau h\u00f6her und dessen Kufen schmaler sind als die des Mansen-Schlittens &#8211; \u00fcber die Konstruktion wie die Vor- und Nachteile beider Schlitten wird bei sp\u00e4terer Gelegenheit ausf\u00fchrlicher gesprochen werden &#8211; war mit 300 bis 400 Pfund beladen &#8230;. &#8220;<br \/>\n<\/span><\/p>\n<\/blockquote>\n<p>&nbsp;<\/p>\n<p>&nbsp;<\/p>\n","protected":false},"excerpt":{"rendered":"<p>1911 Gentzrode III &nbsp; Vorab: Herzlichen Dank an den Leser Herrn R. H. f\u00fcr die ma\u00dfgebliche Hilfe beim Herausfinden, was das f\u00fcr eine Yacht auf&hellip;<\/p>\n","protected":false},"author":1,"featured_media":0,"parent":0,"menu_order":0,"comment_status":"closed","ping_status":"closed","template":"","meta":{"ngg_post_thumbnail":0,"iawp_total_views":9,"footnotes":""},"class_list":["post-3358","page","type-page","status-publish","hentry"],"_links":{"self":[{"href":"https:\/\/berliner-dampfer.de\/index.php?rest_route=\/wp\/v2\/pages\/3358","targetHints":{"allow":["GET"]}}],"collection":[{"href":"https:\/\/berliner-dampfer.de\/index.php?rest_route=\/wp\/v2\/pages"}],"about":[{"href":"https:\/\/berliner-dampfer.de\/index.php?rest_route=\/wp\/v2\/types\/page"}],"author":[{"embeddable":true,"href":"https:\/\/berliner-dampfer.de\/index.php?rest_route=\/wp\/v2\/users\/1"}],"replies":[{"embeddable":true,"href":"https:\/\/berliner-dampfer.de\/index.php?rest_route=%2Fwp%2Fv2%2Fcomments&post=3358"}],"version-history":[{"count":23,"href":"https:\/\/berliner-dampfer.de\/index.php?rest_route=\/wp\/v2\/pages\/3358\/revisions"}],"predecessor-version":[{"id":3443,"href":"https:\/\/berliner-dampfer.de\/index.php?rest_route=\/wp\/v2\/pages\/3358\/revisions\/3443"}],"wp:attachment":[{"href":"https:\/\/berliner-dampfer.de\/index.php?rest_route=%2Fwp%2Fv2%2Fmedia&parent=3358"}],"curies":[{"name":"wp","href":"https:\/\/api.w.org\/{rel}","templated":true}]}}