{"id":357,"date":"2024-02-03T18:38:50","date_gmt":"2024-02-03T17:38:50","guid":{"rendered":"https:\/\/berliner-dampfer.de\/?page_id=357"},"modified":"2025-03-23T09:50:11","modified_gmt":"2025-03-23T08:50:11","slug":"albert","status":"publish","type":"page","link":"https:\/\/berliner-dampfer.de\/?page_id=357","title":{"rendered":"Albert (1904)"},"content":{"rendered":"<table style=\"border-collapse: collapse; width: 100%;\">\n<tbody>\n<tr>\n<td style=\"width: 100%; background-color: #ffff00; text-align: left; vertical-align: top;\"><span style=\"font-family: arial, helvetica, sans-serif; font-size: 12pt;\"><span style=\"font-size: 10pt;\">1904<\/span> <b>Delphin<\/b> } <span style=\"font-size: 10pt;\">1932<\/span> <b>K\u00f6nigsberg<\/b> } <span style=\"font-size: 10pt;\">1949<\/span> <b>Amasis<\/b> } <span style=\"font-size: 10pt;\">1953<\/span> <b>Erna<\/b> } <span style=\"font-size: 10pt;\">1954<\/span> <b>Albert<\/b><\/span><\/p>\n<p><span style=\"font-family: arial, helvetica, sans-serif; font-size: 12pt;\"><a href=\"https:\/\/www.ddr-binnenschifffahrt.de\/db_verlauf.php?schiffId=4003327\" target=\"_blank\" rel=\"noopener\">Schiffshistorie<\/a> in der Datenbank von Uwe Giesler \/ www.ddr-binnenschifffahrt.de.<\/span><\/p>\n<p>__________<\/p>\n<p><span style=\"font-family: arial, helvetica, sans-serif; font-size: 12pt;\">Wikipedia Namensgebung (s.u.): <a href=\"https:\/\/de.wikipedia.org\/wiki\/Amasis_(Schiff,_1923)\" target=\"_blank\" rel=\"noopener\">Amasis (Schiff, 1923)<\/a><\/span><\/td>\n<\/tr>\n<\/tbody>\n<\/table>\n<p>&nbsp;<\/p>\n<table style=\"border-collapse: collapse; width: 100%;\">\n<tbody>\n<tr>\n<td style=\"width: 100%; background-color: #ffd700; text-align: justify;\">\n<p style=\"text-align: justify;\"><span style=\"font-family: arial, helvetica, sans-serif; font-size: 12pt;\"><a href=\"https:\/\/berliner-dampfer.de\/?page_id=194\" target=\"_blank\" rel=\"noopener\">Groggert 1988<\/a>, Seite 144 (Bild siehe unten):<\/span><br \/>\n<span style=\"font-family: arial, helvetica, sans-serif; font-size: 12pt;\">Der R\u00fcdersdorfer Dampfer<strong> &#8222;Delphin&#8220;<\/strong>, <\/span><\/p>\n<ul>\n<li style=\"text-align: justify;\"><span style=\"font-family: arial, helvetica, sans-serif; font-size: 12pt;\">erbaut 1904 v. H. Paucksch, Landsberg a. W.; <\/span><\/li>\n<li style=\"text-align: justify;\"><span style=\"font-family: arial, helvetica, sans-serif; font-size: 12pt;\">L\u00e4nge 18m, <\/span><\/li>\n<li style=\"text-align: justify;\"><span style=\"font-family: arial, helvetica, sans-serif; font-size: 12pt;\">Breite 3,90m. <\/span><\/li>\n<\/ul>\n<p><span style=\"font-family: arial, helvetica, sans-serif; font-size: 12pt;\">Groggert 1988, Seite 314:<\/span><br \/>\n<span style=\"font-family: arial, helvetica, sans-serif; font-size: 12pt;\">Der 1904 von der <a href=\"https:\/\/de.wikipedia.org\/wiki\/Hermann_Paucksch\" target=\"_blank\" rel=\"noopener\">Schiffswerft Paucksch<\/a> in Landsberg a.W. gebaute Dampfer <strong>&#8222;Amasis&#8220;<\/strong> (ex <strong>&#8222;K\u00f6nigsberg&#8220;<\/strong>, ex <strong>&#8222;Delphin&#8220;<\/strong>) verdankte seinen ungew\u00f6hnlichen Namen nur mittelbar dem Bed\u00fcrfnis an einen der K\u00f6nige zu erinnern, die um 1550 v. Chr. und von 569 bis 526 v. Chr. im alten \u00c4gypten regierten. In den zwanziger Jahren wurde der fr\u00fchere R\u00fcdersdorfer Personendampfer zum Bugsieren von Holzfl\u00f6\u00dfen bei Gr\u00fcnheide gebraucht und hie\u00df dort <strong>&#8222;K\u00f6nigsberg&#8220;<\/strong>. 1951 erwarb Robert Laake aus Woltersdorf den Dampfer und nannte ihn nach einem <a href=\"https:\/\/de.wikipedia.org\/wiki\/Hapag-Lloyd\" target=\"_blank\" rel=\"noopener\">HAPAG<\/a>-Frachter [<a href=\"https:\/\/de.wikipedia.org\/wiki\/Amasis_(Schiff,_1923)\" target=\"_blank\" rel=\"noopener\">Amasis (Schiff, 1923)<\/a>], auf dem ein Mitglied seiner Familie zur See gefahren war, <strong>&#8222;Amasis&#8220;<\/strong>. Nach einem Umbau kam die <strong>&#8222;Amasis&#8220;<\/strong> 1953 an den Schiffseigener Wei\u00df in Senzig und lag zuletzt als Wohnschiff in Schm\u00f6ckwitz.<\/span><\/td>\n<\/tr>\n<\/tbody>\n<\/table>\n<p>&nbsp;<\/p>\n<p>&nbsp;<\/p>\n<p>&nbsp;<\/p>\n<p><img loading=\"lazy\" decoding=\"async\" class=\"alignnone wp-image-14111 size-full\" src=\"https:\/\/berliner-dampfer.de\/wp-content\/uploads\/2025\/03\/1931-08-19-DLEPHIN-klein.jpg\" alt=\"\" width=\"1200\" height=\"1063\" srcset=\"https:\/\/berliner-dampfer.de\/wp-content\/uploads\/2025\/03\/1931-08-19-DLEPHIN-klein.jpg 1200w, https:\/\/berliner-dampfer.de\/wp-content\/uploads\/2025\/03\/1931-08-19-DLEPHIN-klein-300x266.jpg 300w, https:\/\/berliner-dampfer.de\/wp-content\/uploads\/2025\/03\/1931-08-19-DLEPHIN-klein-1024x907.jpg 1024w, https:\/\/berliner-dampfer.de\/wp-content\/uploads\/2025\/03\/1931-08-19-DLEPHIN-klein-768x680.jpg 768w\" sizes=\"auto, (max-width: 1200px) 100vw, 1200px\" \/><\/p>\n<p>&nbsp;<\/p>\n<p>&nbsp;<\/p>\n<p>&nbsp;<\/p>\n<p><img loading=\"lazy\" decoding=\"async\" class=\"alignnone wp-image-371 size-full\" src=\"https:\/\/berliner-dampfer.de\/wp-content\/uploads\/2024\/02\/19xx-Delphin-Groggert-Seite-144.jpg\" alt=\"\" width=\"1200\" height=\"986\" srcset=\"https:\/\/berliner-dampfer.de\/wp-content\/uploads\/2024\/02\/19xx-Delphin-Groggert-Seite-144.jpg 1200w, https:\/\/berliner-dampfer.de\/wp-content\/uploads\/2024\/02\/19xx-Delphin-Groggert-Seite-144-300x247.jpg 300w, https:\/\/berliner-dampfer.de\/wp-content\/uploads\/2024\/02\/19xx-Delphin-Groggert-Seite-144-1024x841.jpg 1024w, https:\/\/berliner-dampfer.de\/wp-content\/uploads\/2024\/02\/19xx-Delphin-Groggert-Seite-144-768x631.jpg 768w\" sizes=\"auto, (max-width: 1200px) 100vw, 1200px\" \/><\/p>\n<p>&nbsp;<\/p>\n<p>&nbsp;<\/p>\n<p>&nbsp;<\/p>\n<p><span style=\"font-family: arial, helvetica, sans-serif; font-size: 12pt;\">Nachfolgendes Bild finden sich auch bei Groggert 1988 auf Seite 313:<\/span><\/p>\n<p><a href=\"https:\/\/berliner-dampfer.de\/wp-content\/uploads\/2024\/02\/1950-Amasis-klein.jpg\" target=\"_blank\" rel=\"noopener\"><img loading=\"lazy\" decoding=\"async\" class=\"alignnone wp-image-372 size-full\" src=\"https:\/\/berliner-dampfer.de\/wp-content\/uploads\/2024\/02\/1950-Amasis-klein.jpg\" alt=\"\" width=\"1200\" height=\"857\" srcset=\"https:\/\/berliner-dampfer.de\/wp-content\/uploads\/2024\/02\/1950-Amasis-klein.jpg 1200w, https:\/\/berliner-dampfer.de\/wp-content\/uploads\/2024\/02\/1950-Amasis-klein-300x214.jpg 300w, https:\/\/berliner-dampfer.de\/wp-content\/uploads\/2024\/02\/1950-Amasis-klein-1024x731.jpg 1024w, https:\/\/berliner-dampfer.de\/wp-content\/uploads\/2024\/02\/1950-Amasis-klein-768x548.jpg 768w\" sizes=\"auto, (max-width: 1200px) 100vw, 1200px\" \/><\/a><\/p>\n<p>&nbsp;<\/p>\n<p>&nbsp;<\/p>\n<p>&nbsp;<\/p>\n<p>&nbsp;<\/p>\n<p><span style=\"text-decoration: underline;\"><span style=\"font-family: arial, helvetica, sans-serif; font-size: 12pt;\">Zuletzt bearbeitet 23.03.2025<\/span><\/span><\/p>\n","protected":false},"excerpt":{"rendered":"<p>1904 Delphin } 1932 K\u00f6nigsberg } 1949 Amasis } 1953 Erna } 1954 Albert Schiffshistorie in der Datenbank von Uwe Giesler \/ www.ddr-binnenschifffahrt.de. __________ Wikipedia&hellip;<\/p>\n","protected":false},"author":1,"featured_media":0,"parent":0,"menu_order":0,"comment_status":"closed","ping_status":"closed","template":"","meta":{"ngg_post_thumbnail":0,"iawp_total_views":18,"footnotes":""},"class_list":["post-357","page","type-page","status-publish","hentry"],"_links":{"self":[{"href":"https:\/\/berliner-dampfer.de\/index.php?rest_route=\/wp\/v2\/pages\/357","targetHints":{"allow":["GET"]}}],"collection":[{"href":"https:\/\/berliner-dampfer.de\/index.php?rest_route=\/wp\/v2\/pages"}],"about":[{"href":"https:\/\/berliner-dampfer.de\/index.php?rest_route=\/wp\/v2\/types\/page"}],"author":[{"embeddable":true,"href":"https:\/\/berliner-dampfer.de\/index.php?rest_route=\/wp\/v2\/users\/1"}],"replies":[{"embeddable":true,"href":"https:\/\/berliner-dampfer.de\/index.php?rest_route=%2Fwp%2Fv2%2Fcomments&post=357"}],"version-history":[{"count":31,"href":"https:\/\/berliner-dampfer.de\/index.php?rest_route=\/wp\/v2\/pages\/357\/revisions"}],"predecessor-version":[{"id":14119,"href":"https:\/\/berliner-dampfer.de\/index.php?rest_route=\/wp\/v2\/pages\/357\/revisions\/14119"}],"wp:attachment":[{"href":"https:\/\/berliner-dampfer.de\/index.php?rest_route=%2Fwp%2Fv2%2Fmedia&parent=357"}],"curies":[{"name":"wp","href":"https:\/\/api.w.org\/{rel}","templated":true}]}}