{"id":3701,"date":"2024-08-26T18:19:05","date_gmt":"2024-08-26T16:19:05","guid":{"rendered":"https:\/\/berliner-dampfer.de\/?page_id=3701"},"modified":"2025-01-15T19:32:02","modified_gmt":"2025-01-15T18:32:02","slug":"stadt-schoenebeck-1949","status":"publish","type":"page","link":"https:\/\/berliner-dampfer.de\/?page_id=3701","title":{"rendered":"Stadt Sch\u00f6nebeck (1949)"},"content":{"rendered":"<table style=\"border-collapse: collapse; width: 100%; height: 136px;\">\n<tbody>\n<tr style=\"height: 136px;\">\n<td style=\"width: 100%; background-color: #ffff00; text-align: left; vertical-align: top; height: 136px;\"><span style=\"font-family: arial, helvetica, sans-serif; font-size: 12pt;\"><span style=\"font-size: 10pt;\">1949<\/span> <strong>Stadt Sch\u00f6nebeck<\/strong> } <span style=\"font-size: 10pt;\">1993<\/span> <strong>Kristin<\/strong> } <span style=\"font-size: 10pt;\">2004<\/span> <strong>Cass<\/strong> } <span style=\"font-size: 10pt;\">2006<\/span> <strong>Unstruttal<\/strong> } <span style=\"font-size: 10pt;\">2008<\/span> <strong>Traumschiff<\/strong><\/span><\/p>\n<p><span style=\"font-family: arial, helvetica, sans-serif; font-size: 12pt;\"><a href=\"https:\/\/www.ddr-binnenschifffahrt.de\/db_verlauf.php?schiffId=4003357\" target=\"_blank\" rel=\"noopener\">Schiffshistorie<\/a> in der Datenbank von Uwe Giesler \/ www.ddr-binnenschifffahrt.de.<\/span><\/p>\n<p><span style=\"font-family: arial, helvetica, sans-serif; font-size: 12pt;\">Wikipedia: <a href=\"https:\/\/de.wikipedia.org\/wiki\/Sch%C3%B6nebeck_(Elbe)\" target=\"_blank\" rel=\"noopener\">Sch\u00f6nebeck<\/a><\/span><\/td>\n<\/tr>\n<\/tbody>\n<\/table>\n<p>&nbsp;<\/p>\n<p>&nbsp;<\/p>\n<p><span style=\"font-family: arial, helvetica, sans-serif; font-size: 12pt;\">AK, Aufnahmejahr vermutlich 1960, gelaufen 06.05.1961, Schiffskennung P 218. &#8222;Von unserer Dampferfahrt der herzlichsten Grp\u00dfe senden Euch Annelies. Wir sind erst auf dem Kanal, dann auf der Elbe bis Gr\u00fcnewalde gefahren. Es war sehr sch\u00f6n.&#8220;:<\/span><\/p>\n<p><img loading=\"lazy\" decoding=\"async\" class=\"alignnone wp-image-3876\" src=\"https:\/\/berliner-dampfer.de\/wp-content\/uploads\/2024\/08\/1960-1961-05-06-Stadt-Schoenebeck-P218-klein.jpg\" alt=\"\" width=\"840\" height=\"1219\" srcset=\"https:\/\/berliner-dampfer.de\/wp-content\/uploads\/2024\/08\/1960-1961-05-06-Stadt-Schoenebeck-P218-klein.jpg 1200w, https:\/\/berliner-dampfer.de\/wp-content\/uploads\/2024\/08\/1960-1961-05-06-Stadt-Schoenebeck-P218-klein-207x300.jpg 207w, https:\/\/berliner-dampfer.de\/wp-content\/uploads\/2024\/08\/1960-1961-05-06-Stadt-Schoenebeck-P218-klein-705x1024.jpg 705w, https:\/\/berliner-dampfer.de\/wp-content\/uploads\/2024\/08\/1960-1961-05-06-Stadt-Schoenebeck-P218-klein-768x1115.jpg 768w, https:\/\/berliner-dampfer.de\/wp-content\/uploads\/2024\/08\/1960-1961-05-06-Stadt-Schoenebeck-P218-klein-1058x1536.jpg 1058w\" sizes=\"auto, (max-width: 840px) 100vw, 840px\" \/><\/p>\n<p>&nbsp;<\/p>\n<p>&nbsp;<\/p>\n<p><span style=\"font-family: arial, helvetica, sans-serif; font-size: 12pt;\">AK, Aufnahmejahr vermutlich 1978, gelaufen xx.xx1979<br \/>\n(frankiert mit DDR 1975 <a href=\"https:\/\/de.wikipedia.org\/wiki\/Michelangelo\" target=\"_blank\" rel=\"noopener\">Michelangelo Buonarroti<\/a>, <a href=\"https:\/\/de.wikipedia.org\/wiki\/Briefmarken-Jahrgang_1975_der_Deutschen_Post_der_DDR\" target=\"_blank\" rel=\"noopener\">Michel-Nr. 2028<\/a>), Schiffskennung P 218:<\/span><\/p>\n<p><img loading=\"lazy\" decoding=\"async\" class=\"alignnone wp-image-3740 size-full\" src=\"https:\/\/berliner-dampfer.de\/wp-content\/uploads\/2024\/08\/1978-AK-Gel.-1979-Motorschiff-Stadt-Schoenebeck-P218-klein.jpg\" alt=\"\" width=\"2000\" height=\"1124\" srcset=\"https:\/\/berliner-dampfer.de\/wp-content\/uploads\/2024\/08\/1978-AK-Gel.-1979-Motorschiff-Stadt-Schoenebeck-P218-klein.jpg 2000w, https:\/\/berliner-dampfer.de\/wp-content\/uploads\/2024\/08\/1978-AK-Gel.-1979-Motorschiff-Stadt-Schoenebeck-P218-klein-300x169.jpg 300w, https:\/\/berliner-dampfer.de\/wp-content\/uploads\/2024\/08\/1978-AK-Gel.-1979-Motorschiff-Stadt-Schoenebeck-P218-klein-1024x575.jpg 1024w, https:\/\/berliner-dampfer.de\/wp-content\/uploads\/2024\/08\/1978-AK-Gel.-1979-Motorschiff-Stadt-Schoenebeck-P218-klein-768x432.jpg 768w, https:\/\/berliner-dampfer.de\/wp-content\/uploads\/2024\/08\/1978-AK-Gel.-1979-Motorschiff-Stadt-Schoenebeck-P218-klein-1536x863.jpg 1536w\" sizes=\"auto, (max-width: 2000px) 100vw, 2000px\" \/><\/p>\n<p>&nbsp;<\/p>\n<p>&nbsp;<\/p>\n<p><span style=\"font-family: arial, helvetica, sans-serif; font-size: 12pt;\">AK, Aufahmejahr unbekannt, gelaufen 07.08.1989 (?) mit 10 Pfennig, <a href=\"https:\/\/de.wikipedia.org\/wiki\/Briefmarken-Jahrgang_1980_der_Deutschen_Post_der_DDR\" target=\"_blank\" rel=\"noopener\">Palast der Republik 1980\/Michelnummer 2484<\/a>, Schiffskennung P-218:<\/span><\/p>\n<p><img loading=\"lazy\" decoding=\"async\" class=\"alignnone wp-image-3769 size-full\" src=\"https:\/\/berliner-dampfer.de\/wp-content\/uploads\/2024\/08\/1989-08-07-MS-Stadt-Schoenebeck-P218-klein.jpg\" alt=\"\" width=\"1200\" height=\"1112\" srcset=\"https:\/\/berliner-dampfer.de\/wp-content\/uploads\/2024\/08\/1989-08-07-MS-Stadt-Schoenebeck-P218-klein.jpg 1200w, https:\/\/berliner-dampfer.de\/wp-content\/uploads\/2024\/08\/1989-08-07-MS-Stadt-Schoenebeck-P218-klein-300x278.jpg 300w, https:\/\/berliner-dampfer.de\/wp-content\/uploads\/2024\/08\/1989-08-07-MS-Stadt-Schoenebeck-P218-klein-1024x949.jpg 1024w, https:\/\/berliner-dampfer.de\/wp-content\/uploads\/2024\/08\/1989-08-07-MS-Stadt-Schoenebeck-P218-klein-768x712.jpg 768w\" sizes=\"auto, (max-width: 1200px) 100vw, 1200px\" \/><\/p>\n<p>&nbsp;<\/p>\n<p>&nbsp;<\/p>\n<p><span style=\"text-decoration: underline;\"><span style=\"font-family: arial, helvetica, sans-serif; font-size: 12pt;\">Zuletzt bearbeitet 04.01.2025<\/span><\/span><\/p>\n","protected":false},"excerpt":{"rendered":"<p>1949 Stadt Sch\u00f6nebeck } 1993 Kristin } 2004 Cass } 2006 Unstruttal } 2008 Traumschiff Schiffshistorie in der Datenbank von Uwe Giesler \/ www.ddr-binnenschifffahrt.de. Wikipedia:&hellip;<\/p>\n","protected":false},"author":1,"featured_media":0,"parent":0,"menu_order":0,"comment_status":"closed","ping_status":"closed","template":"","meta":{"ngg_post_thumbnail":0,"iawp_total_views":2,"footnotes":""},"class_list":["post-3701","page","type-page","status-publish","hentry"],"_links":{"self":[{"href":"https:\/\/berliner-dampfer.de\/index.php?rest_route=\/wp\/v2\/pages\/3701","targetHints":{"allow":["GET"]}}],"collection":[{"href":"https:\/\/berliner-dampfer.de\/index.php?rest_route=\/wp\/v2\/pages"}],"about":[{"href":"https:\/\/berliner-dampfer.de\/index.php?rest_route=\/wp\/v2\/types\/page"}],"author":[{"embeddable":true,"href":"https:\/\/berliner-dampfer.de\/index.php?rest_route=\/wp\/v2\/users\/1"}],"replies":[{"embeddable":true,"href":"https:\/\/berliner-dampfer.de\/index.php?rest_route=%2Fwp%2Fv2%2Fcomments&post=3701"}],"version-history":[{"count":22,"href":"https:\/\/berliner-dampfer.de\/index.php?rest_route=\/wp\/v2\/pages\/3701\/revisions"}],"predecessor-version":[{"id":11154,"href":"https:\/\/berliner-dampfer.de\/index.php?rest_route=\/wp\/v2\/pages\/3701\/revisions\/11154"}],"wp:attachment":[{"href":"https:\/\/berliner-dampfer.de\/index.php?rest_route=%2Fwp%2Fv2%2Fmedia&parent=3701"}],"curies":[{"name":"wp","href":"https:\/\/api.w.org\/{rel}","templated":true}]}}