{"id":376,"date":"2024-02-03T19:12:53","date_gmt":"2024-02-03T18:12:53","guid":{"rendered":"https:\/\/berliner-dampfer.de\/?page_id=376"},"modified":"2024-09-16T06:32:47","modified_gmt":"2024-09-16T04:32:47","slug":"albert-1855","status":"publish","type":"page","link":"https:\/\/berliner-dampfer.de\/?page_id=376","title":{"rendered":"Albert (1855) (Reaktionsdampfer)"},"content":{"rendered":"<table style=\"border-collapse: collapse; width: 100%;\">\n<tbody>\n<tr>\n<td style=\"width: 100%; background-color: #ffff00; text-align: left; vertical-align: top;\"><span style=\"font-family: arial, helvetica, sans-serif; font-size: 12pt;\">1855 <strong>Albert<\/strong><\/span><\/p>\n<p><span style=\"font-family: arial, helvetica, sans-serif; font-size: 12pt;\">Ein &#8222;Reaktionsdampfer&#8220;.<\/span><\/td>\n<\/tr>\n<\/tbody>\n<\/table>\n<p>&nbsp;<\/p>\n<table style=\"border-collapse: collapse; width: 100%;\">\n<tbody>\n<tr>\n<td style=\"width: 100%; background-color: #ffd700; text-align: left; vertical-align: top;\"><span style=\"font-family: arial, helvetica, sans-serif; font-size: 12pt;\"><a href=\"https:\/\/berliner-dampfer.de\/?page_id=194\" target=\"_blank\" rel=\"noopener\">Groggert 1988<\/a>, Seite 100:<\/span><\/p>\n<p style=\"text-align: justify;\"><span style=\"font-family: arial, helvetica, sans-serif; font-size: 12pt;\">Der Schiffbaumeister Alexander Seydell war mit staatlicher Unterst\u00fctzung nach England gereist und hatte in Edingburgh den Mechanicus Ruthven kennengelernt, der die Idee hatte, Schiffe durch Schubkraft des aus einer R\u00f6hre str\u00f6menden Wassers fortzubewegen.<\/span><\/p>\n<p style=\"text-align: justify;\"><span style=\"font-family: arial, helvetica, sans-serif; font-size: 12pt;\">1855 baute Seydall, der urspr\u00fcnglichin Ruhrort t\u00e4tig gewesen war, in Grabow bei Stettin den Dampfer &#8222;Albert&#8220;, der 98 englische Fu\u00df lang und 13 Fu\u00df breit war.<\/span><\/p>\n<p style=\"text-align: justify;\"><span style=\"font-family: arial, helvetica, sans-serif; font-size: 12pt;\">Die Dampfmaschine betrieb eine Zentrifugalpumpe, die Wasser ansaugte und durch zwei zu beiden Seiten des Schiffes angebrachte R\u00f6hren hinausdr\u00fcckte. Die R\u00f6hren waren drehbar. Zeigte ihre \u00d6ffnung nach hinten, fuhr das Schiff vorw\u00e4rts, drehte man die R\u00f6hren so, dass ihre \u00d6ffnung nach vorn gerichtet war, fuhr es r\u00fcckw\u00e4rts. Es war auch m\u00f6glich, das Schiff im Kreis zu drehen, indem der Strahl einer R\u00f6hre nach vorn, der andere nach hinten gelenkt wurde.<\/span><\/p>\n<p style=\"text-align: justify;\"><span style=\"font-family: arial, helvetica, sans-serif; font-size: 12pt;\">Der Reaktionsdampfer &#8222;Albert&#8220;, der seinen Namen nach Albert Silling, einem F\u00f6rderer Seydells und K\u00e4ufer der Seehandlungs-Dampfer &#8222;Adler&#8220;und &#8222;Prinz Carl (II)&#8220;, erhalten hatte, verkehrte einige Jahre lang auf der Oder zwischen Stettin und Schwedt, wobei jeweils etwa 30-40 Personen bef\u00f6rdert wurden. F\u00fcr den Betrieb auf Spree und Havel erwies &#8222;Albert&#8220; sich als untauglich und wurde alsbald nach Stettin zur\u00fcckgegeben.<\/span><\/p>\n<p><span style=\"font-family: arial, helvetica, sans-serif; font-size: 12pt;\">Groggert 1988, Seite 163:<\/span><\/p>\n<p><span style=\"font-family: arial, helvetica, sans-serif; font-size: 12pt;\">Andere Antreibe haben sich nicht durchsetzen k\u00f6nnen. Der &#8222;Reaktionsdampfer&#8220; &#8222;Albert&#8220; des Schiffbaumeisters Seydell saugte mit dem ben\u00f6tigtem Wasser Algen und Pflanzenteile in so gro\u00dfer Menge an, dass das R\u00f6hrensystem rasch verstopfte.<\/span><\/td>\n<\/tr>\n<\/tbody>\n<\/table>\n<p>&nbsp;<\/p>\n<table style=\"border-collapse: collapse; width: 100%;\">\n<tbody>\n<tr>\n<td style=\"width: 100%; background-color: #d3d3d3; text-align: left; vertical-align: top;\"><span style=\"font-family: arial, helvetica, sans-serif;\"><span style=\"font-size: 12pt;\">Weiterf\u00fchrend Wikipedia: <\/span><a href=\"https:\/\/de.wikipedia.org\/wiki\/Wasserstrahlantrieb\" target=\"_blank\" rel=\"noopener\"><span style=\"font-family: helvetica, arial, sans-serif; font-size: 10pt;\"><span style=\"font-family: arial, helvetica, sans-serif; font-size: 12pt;\">Wasserstrahlantrieb<\/span><\/span><\/a><\/span><\/td>\n<\/tr>\n<\/tbody>\n<\/table>\n<p>&nbsp;<\/p>\n<p><span style=\"font-family: arial, helvetica, sans-serif; font-size: 12pt;\"><strong>Ich habe leider kein eigenes Bild.<\/strong><\/span><\/p>\n<p><span style=\"font-family: arial, helvetica, sans-serif; font-size: 12pt;\">Aber Sie finden hier Bilder von einem Modell der Albert (Stand Februar 2024):<\/span><\/p>\n<ul>\n<li><span style=\"font-family: arial, helvetica, sans-serif; font-size: 12pt;\"><a href=\"https:\/\/nat.museum-digital.de\/object\/1073234?navlang=de\" target=\"_blank\" rel=\"noopener\">https:\/\/nat.museum-digital.de\/object\/1073234?navlang=de<\/a><\/span><\/li>\n<li><span style=\"font-family: arial, helvetica, sans-serif; font-size: 12pt;\"><a href=\"https:\/\/brandenburg.museum-digital.de\/singleimage?imagenr=83862&amp;noiiif=1\" target=\"_blank\" rel=\"noopener\">https:\/\/brandenburg.museum-digital.de\/singleimage?imagenr=83862&amp;noiiif=1<\/a><\/span><\/li>\n<\/ul>\n","protected":false},"excerpt":{"rendered":"<p>1855 Albert Ein &#8222;Reaktionsdampfer&#8220;. &nbsp; Groggert 1988, Seite 100: Der Schiffbaumeister Alexander Seydell war mit staatlicher Unterst\u00fctzung nach England gereist und hatte in Edingburgh den&hellip;<\/p>\n","protected":false},"author":1,"featured_media":0,"parent":0,"menu_order":0,"comment_status":"closed","ping_status":"closed","template":"","meta":{"ngg_post_thumbnail":0,"iawp_total_views":35,"footnotes":""},"class_list":["post-376","page","type-page","status-publish","hentry"],"_links":{"self":[{"href":"https:\/\/berliner-dampfer.de\/index.php?rest_route=\/wp\/v2\/pages\/376","targetHints":{"allow":["GET"]}}],"collection":[{"href":"https:\/\/berliner-dampfer.de\/index.php?rest_route=\/wp\/v2\/pages"}],"about":[{"href":"https:\/\/berliner-dampfer.de\/index.php?rest_route=\/wp\/v2\/types\/page"}],"author":[{"embeddable":true,"href":"https:\/\/berliner-dampfer.de\/index.php?rest_route=\/wp\/v2\/users\/1"}],"replies":[{"embeddable":true,"href":"https:\/\/berliner-dampfer.de\/index.php?rest_route=%2Fwp%2Fv2%2Fcomments&post=376"}],"version-history":[{"count":27,"href":"https:\/\/berliner-dampfer.de\/index.php?rest_route=\/wp\/v2\/pages\/376\/revisions"}],"predecessor-version":[{"id":1315,"href":"https:\/\/berliner-dampfer.de\/index.php?rest_route=\/wp\/v2\/pages\/376\/revisions\/1315"}],"wp:attachment":[{"href":"https:\/\/berliner-dampfer.de\/index.php?rest_route=%2Fwp%2Fv2%2Fmedia&parent=376"}],"curies":[{"name":"wp","href":"https:\/\/api.w.org\/{rel}","templated":true}]}}