{"id":397,"date":"2024-02-03T22:07:03","date_gmt":"2024-02-03T21:07:03","guid":{"rendered":"https:\/\/berliner-dampfer.de\/?page_id=397"},"modified":"2025-09-26T16:15:41","modified_gmt":"2025-09-26T14:15:41","slug":"alexander","status":"publish","type":"page","link":"https:\/\/berliner-dampfer.de\/?page_id=397","title":{"rendered":"Alexander (1913)"},"content":{"rendered":"<table style=\"border-collapse: collapse; width: 100%;\">\n<tbody>\n<tr>\n<td style=\"width: 100%; background-color: #ffff00;\"><span style=\"font-family: arial, helvetica, sans-serif; font-size: 12pt;\"><span style=\"font-size: 10pt;\">1913<\/span> <strong>Alexander<\/strong><\/span><\/p>\n<p><span style=\"font-family: arial, helvetica, sans-serif; font-size: 12pt;\">Reederei Spreetours: <a href=\"https:\/\/www.spreetours.de\/schiff-berlin\/\" target=\"_blank\" rel=\"noopener\">Alexander<\/a><\/span><\/p>\n<p><span style=\"font-family: arial, helvetica, sans-serif; font-size: 12pt;\">Binnenschifferforum: <a href=\"https:\/\/www.binnenschifferforum.de\/showthread.php?14598-Alexander-FGS-05600090\" target=\"_blank\" rel=\"noopener\">Alexander<\/a><\/span><\/p>\n<p><span style=\"font-family: arial, helvetica, sans-serif; font-size: 12pt;\">Wikipedia: <a href=\"https:\/\/de.wikipedia.org\/wiki\/Alexander_(Schiff,_1913)\" target=\"_blank\" rel=\"noopener\">Alexander (Schiff, 1913)<\/a><\/span><\/p>\n<p><span style=\"font-family: arial, helvetica, sans-serif; font-size: 12pt;\"><a href=\"https:\/\/www.ddr-binnenschifffahrt.de\/db_verlauf.php?schiffId=4003112\" target=\"_blank\" rel=\"noopener\">Schiffshistorie<\/a> in der Datenbank von Uwe Giesler \/ www.ddr-binnenschifffahrt.de.<\/span><\/td>\n<\/tr>\n<\/tbody>\n<\/table>\n<p>&nbsp;<\/p>\n<table style=\"border-collapse: collapse; width: 100%;\">\n<tbody>\n<tr>\n<td style=\"width: 100%; background-color: #ffd700; text-align: left; vertical-align: top;\">\n<p style=\"text-align: justify;\"><span style=\"font-family: arial, helvetica, sans-serif; font-size: 12pt;\"><a href=\"https:\/\/berliner-dampfer.de\/?page_id=194\" target=\"_blank\" rel=\"noopener\">Groggert 1988<\/a>, Seite 148<\/span><br \/>\n<span style=\"font-family: arial, helvetica, sans-serif; font-size: 12pt;\">\u201cRobert Kieck stammte aus einer Familie von Kahnschiffern. Mit seinem Vater war er auf Lastk\u00e4hnen von Berlin nach Hamburg gefahren, wobei streckenweise geselgelt werden konnte oder das Schiff gestakt werden mu\u00dfte. 1896 lie\u00df er sich in Berlin nieder und bestellte bei <a href=\"https:\/\/de.wikipedia.org\/wiki\/Werft_Gebr._Maass\" target=\"_blank\" rel=\"noopener\">Gebr. Maass<\/a>, Neustrelitz, einen Schlepp- und Personendampfer, den er \u201cGertrud\u201d nannte. 1909 lieferte die gleiche Werft den mit einer 240-PS-Maschine ausger\u00fcsteten 28,5 m langen. 5,16 m breiten Dampfer \u201cSiegesf\u00fcrst\u201d ab. Als Ersatz f\u00fcr die nach Ru\u00dfland verkaufte \u201cGertrud\u201d stellte die Gebr. Maass GmbH, Neustrelitz, 1913 den Dampfer \u201c<b>Alexander<\/b>\u201d her, der der \u201cSiegesf\u00fcrst\u201d sehr \u00e4hnlich, mit einer L\u00e4nge von 26m und einer Breite von 4,44m aber wesentlich kleiner und in der Maschinenleistung mit 130 PS schw\u00e4cher war. Dieses Schiff, das als Motorschiff heute noch im Betrieb ist, war der letzte Dampfer, den die Neutrelitzer Werft ablieferte, bevor sie in Konkurs ging.\u201d<\/span><\/p>\n<p style=\"text-align: justify;\"><span style=\"font-family: arial, helvetica, sans-serif; font-size: 12pt;\">Groggert 1988, Seite 170<\/span><br \/>\n<span style=\"font-family: arial, helvetica, sans-serif; font-size: 12pt;\">\u201c1930 erhielt der Dampfer \u201c<b>Alexander<\/b>\u201d bei Gebr. Wiemann in Brandenburg einen geschlossenen Salon&#8230;.\u201d<\/span><\/p>\n<p style=\"text-align: justify;\"><span style=\"font-family: arial, helvetica, sans-serif; font-size: 12pt;\">Groggert weist auf Seite 210 f\u00fcr das Jahr 1935 noch immer die Reederei (Ernst) Kieck als Eigner des \u201c<b>Alexander<\/b>\u201d aus. Auf den Seiten 272&nbsp; und 292 ebenso auch f\u00fcr die Jahre 1953 und 1958.<\/span><\/p>\n<p style=\"text-align: justify;\"><span style=\"font-family: arial, helvetica, sans-serif; font-size: 12pt;\">Groggert weist auf den Seiten 250, 252, 258 und 260 aus, dass der \u201c<b>Alexander<\/b>\u201d nach Ende des Zweiten Weltkrieges f\u00fcr die BVG Personenschifffahrt eingesetzt wurde (1944-1949). Als Eigner wird weiterhin die Reederei Kieck angegeben.<\/span><\/p>\n<p style=\"text-align: justify;\"><span style=\"font-family: arial, helvetica, sans-serif; font-size: 12pt;\">Grogggert 1988, Seite 294:<\/span><br \/>\n<span style=\"font-family: arial, helvetica, sans-serif; font-size: 12pt;\">\u201cNach dem Tode Ernst Kiecks \u00fcbernahm 1960 die Reederei Winkler seinen Betrieb &#8230; Der Dampfer \u201c<b>Alexander<\/b>\u201d ging von der Reederei Winkler sogleich an die Reederei Walter Kronfeld &#8230; Der Dampfer \u201c<b>Alexander<\/b>\u201d, der eine zweizylindrige Compound-Maschine der Dresdner Maschinenfabrik und Schiffswerft Uebigau hatte, die 130 PS leistete, wurde von der Reederei Kronfeld sogleich nach der \u00dcbernahme motorisiert und 1964 umgebaut. Dabei wurde die Achterkaj\u00fcte aufgegeben und das Deck achtern tiefer gelegt.\u201d<\/span><\/p>\n<p style=\"text-align: justify;\"><span style=\"font-family: arial, helvetica, sans-serif; font-size: 12pt;\">Groggert weist auf Seite 298 f\u00fcr das Jahr 1968 die Reederei W. Kronfeld, Inhaber R. Stengert als Eigner aus. Auf Seite 309 wird f\u00fcr das Jahr 1987 als Eigner die Reederei Rudolf Stengert angegeben.<\/span><\/p>\n<\/td>\n<\/tr>\n<\/tbody>\n<\/table>\n<p>&nbsp;<\/p>\n<table style=\"border-collapse: collapse; width: 100%;\">\n<tbody>\n<tr>\n<td style=\"width: 17.8183%; text-align: left; vertical-align: top;\"><span style=\"font-family: arial, helvetica, sans-serif; font-size: 12pt;\">2011<\/span><\/p>\n<p><span style=\"font-family: arial, helvetica, sans-serif; font-size: 12pt;\">Reederei Spreetours<\/span><\/td>\n<td style=\"width: 82.1817%; background-color: #c0c0ff; text-align: left; vertical-align: top;\"><span style=\"font-family: arial, helvetica, sans-serif; font-size: 12pt;\"><strong>DER &#8222;ALEXANDER&#8220;<\/strong><\/span><\/p>\n<p style=\"text-align: justify;\"><span style=\"font-family: arial, helvetica, sans-serif; font-size: 12pt;\">Der Dampfer &#8222;Alexander&#8220; wurde 1913 in Neutrelitz gebaut und war seitdem fast ununterbrochen auf den Gew\u00e4ssern von Berlin unterwegs. Mit seinem knappen Jahrhundert Dienstzeit kann man ihn daher zu recht als &#8222;Traditionsdampfer&#8220; bezeichnen.<\/span><\/p>\n<p style=\"text-align: justify;\"><span style=\"font-family: arial, helvetica, sans-serif; font-size: 12pt;\">Nachdem der &#8222;Alexander&#8220; lange Jahre im Besitz verschiedener Reedereien war, wurde er 2005 von uns \u00fcbernommen und liebevoll modernisiert. Unter der Flagge von Spreetours wird er seit 2005 sowohl f\u00fcr Linien- als auch f\u00fcr Charterfahrten eingesetzt.<\/span><\/p>\n<p style=\"text-align: justify;\"><span style=\"font-family: arial, helvetica, sans-serif; font-size: 12pt;\"><strong>Gr\u00f6\u00dfe und Ausstattung<\/strong><\/span><\/p>\n<p style=\"text-align: justify;\"><span style=\"font-family: arial, helvetica, sans-serif; font-size: 12pt;\">Der &#8222;Alexander&#8220; ist 32,50m lang, 4,80m breit und zugelassen f\u00fcr max. 170 Personen. Damit bei Veranstaltungen alle G\u00e4ste gen\u00fcgend Platz im Salon haben, betr\u00e4gt unser <strong>G\u00e4ste-Limit 90 Personen<\/strong>.<\/span><\/p>\n<\/td>\n<\/tr>\n<\/tbody>\n<\/table>\n<p>&nbsp;<\/p>\n<p>&nbsp;<\/p>\n<p>&nbsp;<\/p>\n<p>&nbsp;<\/p>\n<table style=\"border-collapse: collapse; width: 100%; height: 24px;\">\n<tbody>\n<tr style=\"height: 24px;\">\n<td style=\"width: 50%; text-align: left; vertical-align: top; height: 24px;\"><img loading=\"lazy\" decoding=\"async\" class=\"alignnone wp-image-407 size-full\" src=\"https:\/\/berliner-dampfer.de\/wp-content\/uploads\/2024\/02\/1929-Alexander-Groggert-1988-Seite-147.jpg\" alt=\"\" width=\"640\" height=\"486\" srcset=\"https:\/\/berliner-dampfer.de\/wp-content\/uploads\/2024\/02\/1929-Alexander-Groggert-1988-Seite-147.jpg 640w, https:\/\/berliner-dampfer.de\/wp-content\/uploads\/2024\/02\/1929-Alexander-Groggert-1988-Seite-147-300x228.jpg 300w\" sizes=\"auto, (max-width: 640px) 100vw, 640px\" \/><\/td>\n<td style=\"width: 50%; text-align: left; vertical-align: top; height: 24px;\"><img loading=\"lazy\" decoding=\"async\" class=\"alignnone wp-image-408 size-full\" src=\"https:\/\/berliner-dampfer.de\/wp-content\/uploads\/2024\/02\/1930-Alexander-Groggert-1988-Seite-147.jpg\" alt=\"\" width=\"640\" height=\"494\" srcset=\"https:\/\/berliner-dampfer.de\/wp-content\/uploads\/2024\/02\/1930-Alexander-Groggert-1988-Seite-147.jpg 640w, https:\/\/berliner-dampfer.de\/wp-content\/uploads\/2024\/02\/1930-Alexander-Groggert-1988-Seite-147-300x232.jpg 300w\" sizes=\"auto, (max-width: 640px) 100vw, 640px\" \/><\/td>\n<\/tr>\n<\/tbody>\n<\/table>\n<p>&nbsp;<\/p>\n<p>&nbsp;<\/p>\n<p><img loading=\"lazy\" decoding=\"async\" class=\"aligncenter wp-image-409 size-full\" src=\"https:\/\/berliner-dampfer.de\/wp-content\/uploads\/2024\/02\/1937-ca-Horst-Dampferfahrt-mit-Mutter-und-Wally-gross-vmtl.-Alexander-klein.jpg\" alt=\"\" width=\"750\" height=\"1198\" srcset=\"https:\/\/berliner-dampfer.de\/wp-content\/uploads\/2024\/02\/1937-ca-Horst-Dampferfahrt-mit-Mutter-und-Wally-gross-vmtl.-Alexander-klein.jpg 750w, https:\/\/berliner-dampfer.de\/wp-content\/uploads\/2024\/02\/1937-ca-Horst-Dampferfahrt-mit-Mutter-und-Wally-gross-vmtl.-Alexander-klein-188x300.jpg 188w, https:\/\/berliner-dampfer.de\/wp-content\/uploads\/2024\/02\/1937-ca-Horst-Dampferfahrt-mit-Mutter-und-Wally-gross-vmtl.-Alexander-klein-641x1024.jpg 641w\" sizes=\"auto, (max-width: 750px) 100vw, 750px\" \/><\/p>\n<p>&nbsp;<\/p>\n<p>&nbsp;<\/p>\n<table style=\"border-collapse: collapse; width: 100%;\">\n<tbody>\n<tr>\n<td style=\"width: 100%; background-color: #ffff00;\">\n<p style=\"text-align: justify;\"><span style=\"font-family: arial, helvetica, sans-serif; font-size: 12pt;\">Dampfer \u201cAlexander\u201d, vermutlich zwischen 1942 &#8211; 1944 in Tarnanstrich. Das es sich um den \u201cAlexander\u201d handelt wei\u00df ich deshalb, weil mir ein kleines zweites Foto vorliegt, welches ich hier aber nicht ver\u00f6ffentlichen kann. Falls jemand die Br\u00fccke im Hintergrund kennt, so w\u00fcrde ich mich \u00fcber eine Info freuen.<\/span><\/p>\n<p><img loading=\"lazy\" decoding=\"async\" class=\"wp-image-410 size-full\" src=\"https:\/\/berliner-dampfer.de\/wp-content\/uploads\/2024\/02\/1942-ca-Dampfer-Alexander-klein.jpg\" alt=\"\" width=\"900\" height=\"564\" srcset=\"https:\/\/berliner-dampfer.de\/wp-content\/uploads\/2024\/02\/1942-ca-Dampfer-Alexander-klein.jpg 900w, https:\/\/berliner-dampfer.de\/wp-content\/uploads\/2024\/02\/1942-ca-Dampfer-Alexander-klein-300x188.jpg 300w, https:\/\/berliner-dampfer.de\/wp-content\/uploads\/2024\/02\/1942-ca-Dampfer-Alexander-klein-768x481.jpg 768w\" sizes=\"auto, (max-width: 900px) 100vw, 900px\" \/><\/td>\n<\/tr>\n<\/tbody>\n<\/table>\n<p>&nbsp;<\/p>\n<p>&nbsp;<\/p>\n<p><img loading=\"lazy\" decoding=\"async\" class=\"aligncenter wp-image-412 size-full\" src=\"https:\/\/berliner-dampfer.de\/wp-content\/uploads\/2024\/02\/1944-Alexander-Groggert-1988-Seite-251.jpg\" alt=\"\" width=\"640\" height=\"530\" srcset=\"https:\/\/berliner-dampfer.de\/wp-content\/uploads\/2024\/02\/1944-Alexander-Groggert-1988-Seite-251.jpg 640w, https:\/\/berliner-dampfer.de\/wp-content\/uploads\/2024\/02\/1944-Alexander-Groggert-1988-Seite-251-300x248.jpg 300w\" sizes=\"auto, (max-width: 640px) 100vw, 640px\" \/><\/p>\n<p>&nbsp;<\/p>\n<p>&nbsp;<\/p>\n<p><img loading=\"lazy\" decoding=\"async\" class=\"alignnone wp-image-413 size-full\" src=\"https:\/\/berliner-dampfer.de\/wp-content\/uploads\/2024\/02\/1950-04-19-Tegel-Schleuse-Alexander-klein.jpg\" alt=\"\" width=\"1200\" height=\"757\" srcset=\"https:\/\/berliner-dampfer.de\/wp-content\/uploads\/2024\/02\/1950-04-19-Tegel-Schleuse-Alexander-klein.jpg 1200w, https:\/\/berliner-dampfer.de\/wp-content\/uploads\/2024\/02\/1950-04-19-Tegel-Schleuse-Alexander-klein-300x189.jpg 300w, https:\/\/berliner-dampfer.de\/wp-content\/uploads\/2024\/02\/1950-04-19-Tegel-Schleuse-Alexander-klein-1024x646.jpg 1024w, https:\/\/berliner-dampfer.de\/wp-content\/uploads\/2024\/02\/1950-04-19-Tegel-Schleuse-Alexander-klein-768x484.jpg 768w\" sizes=\"auto, (max-width: 1200px) 100vw, 1200px\" \/><\/p>\n<p>&nbsp;<\/p>\n<p>&nbsp;<\/p>\n<p><span style=\"font-family: arial, helvetica, sans-serif; font-size: 12pt;\"><strong>&#8222;Alexander&#8220;<\/strong> vermutlich <strong>1965<\/strong> nach \u00dcbernahme durch die Reederei &#8222;Kronfeldt und Stengert&#8220; 1960 und dem Umbau 1964:<\/span><\/p>\n<p><img loading=\"lazy\" decoding=\"async\" class=\"alignnone wp-image-17596 size-full\" src=\"https:\/\/berliner-dampfer.de\/wp-content\/uploads\/2025\/09\/1965-ca-ALEXANDER-klein.jpg\" alt=\"\" width=\"1200\" height=\"785\" srcset=\"https:\/\/berliner-dampfer.de\/wp-content\/uploads\/2025\/09\/1965-ca-ALEXANDER-klein.jpg 1200w, https:\/\/berliner-dampfer.de\/wp-content\/uploads\/2025\/09\/1965-ca-ALEXANDER-klein-300x196.jpg 300w, https:\/\/berliner-dampfer.de\/wp-content\/uploads\/2025\/09\/1965-ca-ALEXANDER-klein-1024x670.jpg 1024w, https:\/\/berliner-dampfer.de\/wp-content\/uploads\/2025\/09\/1965-ca-ALEXANDER-klein-768x502.jpg 768w\" sizes=\"auto, (max-width: 1200px) 100vw, 1200px\" \/><\/p>\n<p>&nbsp;<\/p>\n<p>&nbsp;<\/p>\n<p><img loading=\"lazy\" decoding=\"async\" class=\"aligncenter wp-image-416 size-full\" src=\"https:\/\/berliner-dampfer.de\/wp-content\/uploads\/2024\/02\/1965-Alexander-Groggert-1988-Seite-293.jpg\" alt=\"\" width=\"640\" height=\"460\" srcset=\"https:\/\/berliner-dampfer.de\/wp-content\/uploads\/2024\/02\/1965-Alexander-Groggert-1988-Seite-293.jpg 640w, https:\/\/berliner-dampfer.de\/wp-content\/uploads\/2024\/02\/1965-Alexander-Groggert-1988-Seite-293-300x216.jpg 300w\" sizes=\"auto, (max-width: 640px) 100vw, 640px\" \/><\/p>\n<p>&nbsp;<\/p>\n<p>&nbsp;<\/p>\n<p>&nbsp;<\/p>\n<table style=\"border-collapse: collapse; width: 100%;\">\n<tbody>\n<tr>\n<td style=\"width: 100%; background-color: #ffff00;\">\n<p style=\"text-align: justify;\"><span style=\"font-family: arial, helvetica, sans-serif;\"><span style=\"font-size: 12pt;\"><strong>&#8222;Alexander&#8220;<\/strong> bei der<\/span> <a href=\"https:\/\/de.wikipedia.org\/wiki\/Schleuse_Spandau\" target=\"_blank\" rel=\"noopener\">Schleuse Spandau<\/a>. Die AK ist 1974 postalisch gelaufen.<\/span><br \/>\n<span style=\"font-family: arial, helvetica, sans-serif; font-size: 12pt;\">Im Vordergrund das Binnenfrachtschiff MS <strong>&#8222;Marienburg&#8220;<\/strong> aus Hamburg.<\/span><\/p>\n<p><img loading=\"lazy\" decoding=\"async\" class=\"alignnone wp-image-417 size-full\" src=\"https:\/\/berliner-dampfer.de\/wp-content\/uploads\/2024\/02\/1974-Alexander-Schleuse-Spandau-klein.jpg\" alt=\"\" width=\"1200\" height=\"1017\" srcset=\"https:\/\/berliner-dampfer.de\/wp-content\/uploads\/2024\/02\/1974-Alexander-Schleuse-Spandau-klein.jpg 1200w, https:\/\/berliner-dampfer.de\/wp-content\/uploads\/2024\/02\/1974-Alexander-Schleuse-Spandau-klein-300x254.jpg 300w, https:\/\/berliner-dampfer.de\/wp-content\/uploads\/2024\/02\/1974-Alexander-Schleuse-Spandau-klein-1024x868.jpg 1024w, https:\/\/berliner-dampfer.de\/wp-content\/uploads\/2024\/02\/1974-Alexander-Schleuse-Spandau-klein-768x651.jpg 768w\" sizes=\"auto, (max-width: 1200px) 100vw, 1200px\" \/><\/td>\n<\/tr>\n<\/tbody>\n<\/table>\n<p>&nbsp;<\/p>\n<p>&nbsp;<\/p>\n<p>&nbsp;<\/p>\n<p><img loading=\"lazy\" decoding=\"async\" class=\"alignnone wp-image-419 size-full\" src=\"https:\/\/berliner-dampfer.de\/wp-content\/uploads\/2024\/02\/1979-Alexander-in-Wannsee-Trost-klein.jpg\" alt=\"\" width=\"1200\" height=\"578\" srcset=\"https:\/\/berliner-dampfer.de\/wp-content\/uploads\/2024\/02\/1979-Alexander-in-Wannsee-Trost-klein.jpg 1200w, https:\/\/berliner-dampfer.de\/wp-content\/uploads\/2024\/02\/1979-Alexander-in-Wannsee-Trost-klein-300x145.jpg 300w, https:\/\/berliner-dampfer.de\/wp-content\/uploads\/2024\/02\/1979-Alexander-in-Wannsee-Trost-klein-1024x493.jpg 1024w, https:\/\/berliner-dampfer.de\/wp-content\/uploads\/2024\/02\/1979-Alexander-in-Wannsee-Trost-klein-768x370.jpg 768w\" sizes=\"auto, (max-width: 1200px) 100vw, 1200px\" \/><\/p>\n<p>&nbsp;<\/p>\n<p>&nbsp;<\/p>\n<p><img loading=\"lazy\" decoding=\"async\" class=\"aligncenter wp-image-420 size-full\" src=\"https:\/\/berliner-dampfer.de\/wp-content\/uploads\/2024\/02\/1982-Alexander-Groggert-1988-Seite-293.jpg\" alt=\"\" width=\"640\" height=\"501\" srcset=\"https:\/\/berliner-dampfer.de\/wp-content\/uploads\/2024\/02\/1982-Alexander-Groggert-1988-Seite-293.jpg 640w, https:\/\/berliner-dampfer.de\/wp-content\/uploads\/2024\/02\/1982-Alexander-Groggert-1988-Seite-293-300x235.jpg 300w\" sizes=\"auto, (max-width: 640px) 100vw, 640px\" \/><\/p>\n<p>&nbsp;<\/p>\n<p>&nbsp;<\/p>\n<p><img loading=\"lazy\" decoding=\"async\" class=\"alignnone wp-image-421 size-full\" src=\"https:\/\/berliner-dampfer.de\/wp-content\/uploads\/2024\/02\/1993-vor-Alexander-klein.jpg\" alt=\"\" width=\"1200\" height=\"1139\" srcset=\"https:\/\/berliner-dampfer.de\/wp-content\/uploads\/2024\/02\/1993-vor-Alexander-klein.jpg 1200w, https:\/\/berliner-dampfer.de\/wp-content\/uploads\/2024\/02\/1993-vor-Alexander-klein-300x285.jpg 300w, https:\/\/berliner-dampfer.de\/wp-content\/uploads\/2024\/02\/1993-vor-Alexander-klein-1024x972.jpg 1024w, https:\/\/berliner-dampfer.de\/wp-content\/uploads\/2024\/02\/1993-vor-Alexander-klein-768x729.jpg 768w\" sizes=\"auto, (max-width: 1200px) 100vw, 1200px\" \/><\/p>\n<p>&nbsp;<\/p>\n<p>&nbsp;<\/p>\n<p>&nbsp;<\/p>\n<p><img loading=\"lazy\" decoding=\"async\" class=\"alignnone wp-image-423 size-full\" src=\"https:\/\/berliner-dampfer.de\/wp-content\/uploads\/2024\/02\/2013-08-13-DSC08166-klein.jpg\" alt=\"\" width=\"1200\" height=\"667\" srcset=\"https:\/\/berliner-dampfer.de\/wp-content\/uploads\/2024\/02\/2013-08-13-DSC08166-klein.jpg 1200w, https:\/\/berliner-dampfer.de\/wp-content\/uploads\/2024\/02\/2013-08-13-DSC08166-klein-300x167.jpg 300w, https:\/\/berliner-dampfer.de\/wp-content\/uploads\/2024\/02\/2013-08-13-DSC08166-klein-1024x569.jpg 1024w, https:\/\/berliner-dampfer.de\/wp-content\/uploads\/2024\/02\/2013-08-13-DSC08166-klein-768x427.jpg 768w\" sizes=\"auto, (max-width: 1200px) 100vw, 1200px\" \/><\/p>\n<p>&nbsp;<\/p>\n<p><img loading=\"lazy\" decoding=\"async\" class=\"alignnone wp-image-427 size-full\" src=\"https:\/\/berliner-dampfer.de\/wp-content\/uploads\/2024\/02\/2013-08-13-DSC08167-klein.jpg\" alt=\"\" width=\"1200\" height=\"675\" srcset=\"https:\/\/berliner-dampfer.de\/wp-content\/uploads\/2024\/02\/2013-08-13-DSC08167-klein.jpg 1200w, https:\/\/berliner-dampfer.de\/wp-content\/uploads\/2024\/02\/2013-08-13-DSC08167-klein-300x169.jpg 300w, https:\/\/berliner-dampfer.de\/wp-content\/uploads\/2024\/02\/2013-08-13-DSC08167-klein-1024x576.jpg 1024w, https:\/\/berliner-dampfer.de\/wp-content\/uploads\/2024\/02\/2013-08-13-DSC08167-klein-768x432.jpg 768w\" sizes=\"auto, (max-width: 1200px) 100vw, 1200px\" \/><\/p>\n<p>&nbsp;<\/p>\n<p><img loading=\"lazy\" decoding=\"async\" class=\"alignnone wp-image-428 size-full\" src=\"https:\/\/berliner-dampfer.de\/wp-content\/uploads\/2024\/02\/2013-08-13-DSC08168-klein.jpg\" alt=\"\" width=\"1200\" height=\"675\" srcset=\"https:\/\/berliner-dampfer.de\/wp-content\/uploads\/2024\/02\/2013-08-13-DSC08168-klein.jpg 1200w, https:\/\/berliner-dampfer.de\/wp-content\/uploads\/2024\/02\/2013-08-13-DSC08168-klein-300x169.jpg 300w, https:\/\/berliner-dampfer.de\/wp-content\/uploads\/2024\/02\/2013-08-13-DSC08168-klein-1024x576.jpg 1024w, https:\/\/berliner-dampfer.de\/wp-content\/uploads\/2024\/02\/2013-08-13-DSC08168-klein-768x432.jpg 768w\" sizes=\"auto, (max-width: 1200px) 100vw, 1200px\" \/><\/p>\n<p>&nbsp;<\/p>\n<p><img loading=\"lazy\" decoding=\"async\" class=\"alignnone wp-image-429 size-full\" src=\"https:\/\/berliner-dampfer.de\/wp-content\/uploads\/2024\/02\/2013-08-13-DSC08169-klein.jpg\" alt=\"\" width=\"1200\" height=\"675\" srcset=\"https:\/\/berliner-dampfer.de\/wp-content\/uploads\/2024\/02\/2013-08-13-DSC08169-klein.jpg 1200w, https:\/\/berliner-dampfer.de\/wp-content\/uploads\/2024\/02\/2013-08-13-DSC08169-klein-300x169.jpg 300w, https:\/\/berliner-dampfer.de\/wp-content\/uploads\/2024\/02\/2013-08-13-DSC08169-klein-1024x576.jpg 1024w, https:\/\/berliner-dampfer.de\/wp-content\/uploads\/2024\/02\/2013-08-13-DSC08169-klein-768x432.jpg 768w\" sizes=\"auto, (max-width: 1200px) 100vw, 1200px\" \/><\/p>\n<p>&nbsp;<\/p>\n<p>&nbsp;<\/p>\n<p>&nbsp;<\/p>\n<p><img loading=\"lazy\" decoding=\"async\" class=\"alignnone wp-image-430 size-full\" src=\"https:\/\/berliner-dampfer.de\/wp-content\/uploads\/2024\/02\/2013-08-13-DSC08226-klein.jpg\" alt=\"\" width=\"1200\" height=\"675\" srcset=\"https:\/\/berliner-dampfer.de\/wp-content\/uploads\/2024\/02\/2013-08-13-DSC08226-klein.jpg 1200w, https:\/\/berliner-dampfer.de\/wp-content\/uploads\/2024\/02\/2013-08-13-DSC08226-klein-300x169.jpg 300w, https:\/\/berliner-dampfer.de\/wp-content\/uploads\/2024\/02\/2013-08-13-DSC08226-klein-1024x576.jpg 1024w, https:\/\/berliner-dampfer.de\/wp-content\/uploads\/2024\/02\/2013-08-13-DSC08226-klein-768x432.jpg 768w\" sizes=\"auto, (max-width: 1200px) 100vw, 1200px\" \/><\/p>\n<p><img loading=\"lazy\" decoding=\"async\" class=\"alignnone wp-image-431 size-full\" src=\"https:\/\/berliner-dampfer.de\/wp-content\/uploads\/2024\/02\/2013-08-13-DSC08227-klein.jpg\" alt=\"\" width=\"1200\" height=\"675\" srcset=\"https:\/\/berliner-dampfer.de\/wp-content\/uploads\/2024\/02\/2013-08-13-DSC08227-klein.jpg 1200w, https:\/\/berliner-dampfer.de\/wp-content\/uploads\/2024\/02\/2013-08-13-DSC08227-klein-300x169.jpg 300w, https:\/\/berliner-dampfer.de\/wp-content\/uploads\/2024\/02\/2013-08-13-DSC08227-klein-1024x576.jpg 1024w, https:\/\/berliner-dampfer.de\/wp-content\/uploads\/2024\/02\/2013-08-13-DSC08227-klein-768x432.jpg 768w\" sizes=\"auto, (max-width: 1200px) 100vw, 1200px\" \/><\/p>\n<p><img loading=\"lazy\" decoding=\"async\" class=\"alignnone wp-image-432 size-full\" src=\"https:\/\/berliner-dampfer.de\/wp-content\/uploads\/2024\/02\/2013-08-13-DSC08228-klein.jpg\" alt=\"\" width=\"1200\" height=\"675\" srcset=\"https:\/\/berliner-dampfer.de\/wp-content\/uploads\/2024\/02\/2013-08-13-DSC08228-klein.jpg 1200w, https:\/\/berliner-dampfer.de\/wp-content\/uploads\/2024\/02\/2013-08-13-DSC08228-klein-300x169.jpg 300w, https:\/\/berliner-dampfer.de\/wp-content\/uploads\/2024\/02\/2013-08-13-DSC08228-klein-1024x576.jpg 1024w, https:\/\/berliner-dampfer.de\/wp-content\/uploads\/2024\/02\/2013-08-13-DSC08228-klein-768x432.jpg 768w\" sizes=\"auto, (max-width: 1200px) 100vw, 1200px\" \/><\/p>\n<p>&nbsp;<\/p>\n<p>&nbsp;<\/p>\n<p>&nbsp;<\/p>\n<p>&nbsp;<\/p>\n<p><span style=\"text-decoration: underline;\"><span style=\"font-family: arial, helvetica, sans-serif; font-size: 12pt;\">Zuletzt bearbeitet 26.09.2025<br \/>\n<\/span><\/span><\/p>\n","protected":false},"excerpt":{"rendered":"<p>1913 Alexander Reederei Spreetours: Alexander Binnenschifferforum: Alexander Wikipedia: Alexander (Schiff, 1913) Schiffshistorie in der Datenbank von Uwe Giesler \/ www.ddr-binnenschifffahrt.de. &nbsp; Groggert 1988, Seite 148&hellip;<\/p>\n","protected":false},"author":1,"featured_media":0,"parent":0,"menu_order":0,"comment_status":"closed","ping_status":"closed","template":"","meta":{"ngg_post_thumbnail":0,"iawp_total_views":56,"footnotes":""},"class_list":["post-397","page","type-page","status-publish","hentry"],"_links":{"self":[{"href":"https:\/\/berliner-dampfer.de\/index.php?rest_route=\/wp\/v2\/pages\/397","targetHints":{"allow":["GET"]}}],"collection":[{"href":"https:\/\/berliner-dampfer.de\/index.php?rest_route=\/wp\/v2\/pages"}],"about":[{"href":"https:\/\/berliner-dampfer.de\/index.php?rest_route=\/wp\/v2\/types\/page"}],"author":[{"embeddable":true,"href":"https:\/\/berliner-dampfer.de\/index.php?rest_route=\/wp\/v2\/users\/1"}],"replies":[{"embeddable":true,"href":"https:\/\/berliner-dampfer.de\/index.php?rest_route=%2Fwp%2Fv2%2Fcomments&post=397"}],"version-history":[{"count":38,"href":"https:\/\/berliner-dampfer.de\/index.php?rest_route=\/wp\/v2\/pages\/397\/revisions"}],"predecessor-version":[{"id":17599,"href":"https:\/\/berliner-dampfer.de\/index.php?rest_route=\/wp\/v2\/pages\/397\/revisions\/17599"}],"wp:attachment":[{"href":"https:\/\/berliner-dampfer.de\/index.php?rest_route=%2Fwp%2Fv2%2Fmedia&parent=397"}],"curies":[{"name":"wp","href":"https:\/\/api.w.org\/{rel}","templated":true}]}}