{"id":3982,"date":"2024-09-02T10:09:53","date_gmt":"2024-09-02T08:09:53","guid":{"rendered":"https:\/\/berliner-dampfer.de\/?page_id=3982"},"modified":"2025-10-25T21:52:40","modified_gmt":"2025-10-25T19:52:40","slug":"hanseatic","status":"publish","type":"page","link":"https:\/\/berliner-dampfer.de\/?page_id=3982","title":{"rendered":"Hanseatic"},"content":{"rendered":"<table style=\"border-collapse: collapse; width: 100%;\">\n<tbody>\n<tr>\n<td style=\"width: 100%; background-color: #ffff00;\"><span style=\"font-family: arial, helvetica, sans-serif; font-size: 12pt;\"><span style=\"font-size: 10pt;\">1971<\/span> <strong>Hanseatic<\/strong> } <span style=\"font-size: 10pt;\">2008<\/span> <strong>Nikolaus Cusanus<\/strong><\/span><\/p>\n<ul>\n<li><span style=\"font-family: arial, helvetica, sans-serif; font-size: 12pt;\"><a href=\"https:\/\/www.moselrundfahrten.de\" target=\"_blank\" rel=\"noopener\">Moselrundfahrten \/ Personenschifffahrt Gebr. Kolb<\/a> \/ <\/span><a href=\"https:\/\/www.moselrundfahrten.de\/flotte\" target=\"_blank\" rel=\"noopener\"><span style=\"font-family: arial, helvetica, sans-serif; font-size: 12pt;\">Flotte<\/span><\/a><\/li>\n<\/ul>\n<p><span style=\"font-family: arial, helvetica, sans-serif; font-size: 12pt;\">Binnenschifferforum: <a href=\"https:\/\/www.binnenschifferforum.de\/showthread.php?42882-Nikolaus-Cusanus-FGS-05600620\" target=\"_blank\" rel=\"noopener\">Nikolaus Cusanus<\/a><\/span><\/p>\n<p><span style=\"font-family: arial, helvetica, sans-serif; font-size: 12pt;\">Wikipedia: <a href=\"https:\/\/de.wikipedia.org\/wiki\/Hanseatic_(Schiff,_1971)\" target=\"_blank\" rel=\"noopener\">Hanseatic (Schiff, 1971)<\/a><\/span><\/p>\n<p>____________<\/p>\n<p><span style=\"font-family: arial, helvetica, sans-serif; font-size: 12pt;\">Wikipedia: <a href=\"https:\/\/de.wikipedia.org\/wiki\/Nikolaus_von_Kues\" target=\"_blank\" rel=\"noopener\">Nikolaus von Kues<\/a> (Person Nicolaus Cusanus)<\/span><\/td>\n<\/tr>\n<\/tbody>\n<\/table>\n<p>&nbsp;<\/p>\n<table style=\"border-collapse: collapse; width: 100%;\">\n<tbody>\n<tr>\n<td style=\"width: 100%; background-color: #ffd700; text-align: justify;\"><span style=\"font-family: arial, helvetica, sans-serif; font-size: 12pt;\"><a href=\"https:\/\/berliner-dampfer.de\/?page_id=194\" target=\"_blank\" rel=\"noopener\">Groggert 1988<\/a>, Seite 300:<\/span><br \/>\n<span style=\"font-family: arial, helvetica, sans-serif; font-size: 12pt;\">Am 30. Juni 1971 taufte die Tochter des Reeders einen Neubau auf den Namen <strong>\u201cHanseatic\u201d<\/strong>. Die Wahl dieses Namens entsprach einer Tradition der Reederei, ihre Schiffe nach bekannten Ozeanriesen und \u201cMusikdampfern\u201d zu benennen. 1981 ist der Doppelschrauber in Oberwinter noch um 10 m verl\u00e4ngert worden und seitdem in der Gr\u00f6\u00dfenordnung dem Motorschiff <a href=\"https:\/\/berliner-dampfer.de\/?page_id=4200\" target=\"_blank\" rel=\"noopener\">\u201cHavelstern\u201d<\/a> vergleichbar. Die <strong>\u201cHanseatic<\/strong>\u201d erhielt bei ihrem Umbau als erstes Berliner Fahrgastschiff ein Bugstrahlruder, das ihre Man\u00f6vrierf\u00e4higkeit betr\u00e4chtlich erh\u00f6ht.<\/span><\/td>\n<\/tr>\n<\/tbody>\n<\/table>\n<p>&nbsp;<\/p>\n<p>&nbsp;<\/p>\n<p>&nbsp;<\/p>\n<table style=\"border-collapse: collapse; width: 100%;\">\n<tbody>\n<tr>\n<td style=\"width: 100%; background-color: #ffff00;\"><img loading=\"lazy\" decoding=\"async\" class=\"size-full wp-image-4002 alignnone\" src=\"https:\/\/berliner-dampfer.de\/wp-content\/uploads\/2024\/09\/2006-04-17-Hanseatic-CIMG7451-klein.jpg\" alt=\"\" width=\"1200\" height=\"810\" srcset=\"https:\/\/berliner-dampfer.de\/wp-content\/uploads\/2024\/09\/2006-04-17-Hanseatic-CIMG7451-klein.jpg 1200w, https:\/\/berliner-dampfer.de\/wp-content\/uploads\/2024\/09\/2006-04-17-Hanseatic-CIMG7451-klein-300x203.jpg 300w, https:\/\/berliner-dampfer.de\/wp-content\/uploads\/2024\/09\/2006-04-17-Hanseatic-CIMG7451-klein-1024x691.jpg 1024w, https:\/\/berliner-dampfer.de\/wp-content\/uploads\/2024\/09\/2006-04-17-Hanseatic-CIMG7451-klein-768x518.jpg 768w\" sizes=\"auto, (max-width: 1200px) 100vw, 1200px\" \/><\/p>\n<p style=\"text-align: justify;\"><span style=\"text-decoration: underline;\"><span style=\"font-family: arial, helvetica, sans-serif; font-size: 12pt;\">Zu diesem Bild:<\/span><\/span><\/p>\n<p style=\"text-align: justify;\"><span style=\"font-family: arial, helvetica, sans-serif; font-size: 12pt;\">An die Hanseatic erinnert mich eine Dampferfahrt w\u00e4hrend meiner Kindheit so um 1971, also wohl noch vor der Verl\u00e4ngerung des Schiffes. Diese ging von der Greenwich-Prommenade in Tegel bis zum Wannsee\/Glienicker Br\u00fccke und zur\u00fcck. Ich glaube, es gab in Wannsee auch einen Aufenthalt, denn es war eine Tagestour vom morgens bis zum sp\u00e4ten Nachmittag. Ich erinnere mich, dass mein Opa mit dabei und es sehr hei\u00df war, so dass ich am Abend total m\u00fcde war. Das Schiff kam mir damals sehr gro\u00df und sehr modern vor. Der Name \u201cHanseatic\u201d vermittelte mir den Eindruck eines Schiffes, welches auch das \u201cMeer\u201d befahren kann, wenn es denn m\u00f6chte. An Bord befanden sich im Eingangsbereich an der Wand zwei Spielautomaten. Mein Opa gab mir ein paar M\u00fcnzen und auf der R\u00fcckfahrt spielte ich an einen der beiden Automaten &#8211; und ich hatte Gl\u00fcck, am Ende hatte ich 10 Mark gewonnen. Das war damals f\u00fcr mich als Kind sehr viel Geld. Beim spielen beobachtete mich ein \u00e4lterer Mann, ich gewann und lie\u00df mir zum Spa\u00df am Rattern der M\u00fcnzen einige Male den Geldeinsatz und den Gewinn auszahlen. Nachdem ich dann aufgeh\u00f6rt hatte zu spielen, beeilte sich der Mann, um an diesen Automaten weiterzuspielen, obwohl der andere Automat frei war. Er hat aber nichts mehr gewonnen.<\/span><\/p>\n<p style=\"text-align: justify;\"><span style=\"font-family: arial, helvetica, sans-serif; font-size: 12pt;\">Au\u00dferdem kenne ich das Schiff aus meiner Kindheit w\u00e4hrend der w\u00f6chentlichen Ausfahrten mit unserem Kanadier <a href=\"https:\/\/berliner-dampfer.de\/?page_id=4005\" target=\"_blank\" rel=\"noopener\">&#8222;Mops&#8220;<\/a> an der Berliner Unterhavel, insbesondere <a href=\"https:\/\/forst-grunewald.de\/?page_id=10635\" target=\"_blank\" rel=\"noopener\">Schildhorn<\/a> und Kleine Badewiese. Ich habe mich immer gefreut, wenn ich die \u201cDampfer\u201d, insbesondere aber die beiden gr\u00f6\u00dften und modernsten Schiffe, die &#8222;Havelstern&#8220; und die &#8222;Hanseatic&#8220; sah. Wobei die &#8222;Hanseatic&#8220; mein Lieblingsschiff war. Aber auch andere moderne Dampfer wie der <a href=\"https:\/\/berliner-dampfer.de\/?page_id=3647\" target=\"_blank\" rel=\"noopener\">\u201cGro\u00dfe Kurf\u00fcrst\u201d<\/a>, die <a href=\"https:\/\/berliner-dampfer.de\/?page_id=2701\" target=\"_blank\" rel=\"noopener\">\u201cErnst Reuter\u201d<\/a> oder die \u00e4lteren Schiffe wie \u201cPr\u00e4sident\u201d sah ich mir gerne an.<\/span><\/p>\n<p style=\"text-align: justify;\"><span style=\"font-family: arial, helvetica, sans-serif; font-size: 12pt;\">Die Aufnahme von der Hanseatic entstand durch Zufall am 16. April 2006 in Berlin-Spandau, anl\u00e4sslich eines Zitadellen-Laufes mit meinem Lauftreff Grunewald, und zwar an der Juliusturmbr\u00fccke nach der Spandauer Schleuse. Damals wusste ich noch nicht, dass ich zwei Jahre sp\u00e4ter anfangen w\u00fcrde eine Website \u00fcber Berliner Ausflugsdampfer aufzubauen und ich wusste auch nicht, dass ich das sch\u00f6ne Schiff &#8222;Hanseatic&#8220; an diesem Tag zum letzten Mal in Berlin sehen w\u00fcrde. Sonst h\u00e4tte ich sicher noch viel mehr Bilder von ihr gemacht.<\/span><\/p>\n<p style=\"text-align: justify;\"><span style=\"font-family: arial, helvetica, sans-serif; font-size: 12pt;\">Uwe Gerber \/ Oktober 2009<\/span><\/p>\n<\/td>\n<\/tr>\n<\/tbody>\n<\/table>\n<p>&nbsp;<\/p>\n<p>&nbsp;<\/p>\n<p>&nbsp;<\/p>\n<p><img loading=\"lazy\" decoding=\"async\" class=\"alignnone size-full wp-image-4010\" src=\"https:\/\/berliner-dampfer.de\/wp-content\/uploads\/2024\/09\/1972-05-31-MS-Hanseatic-klein.jpg\" alt=\"\" width=\"1200\" height=\"747\" srcset=\"https:\/\/berliner-dampfer.de\/wp-content\/uploads\/2024\/09\/1972-05-31-MS-Hanseatic-klein.jpg 1200w, https:\/\/berliner-dampfer.de\/wp-content\/uploads\/2024\/09\/1972-05-31-MS-Hanseatic-klein-300x187.jpg 300w, https:\/\/berliner-dampfer.de\/wp-content\/uploads\/2024\/09\/1972-05-31-MS-Hanseatic-klein-1024x637.jpg 1024w, https:\/\/berliner-dampfer.de\/wp-content\/uploads\/2024\/09\/1972-05-31-MS-Hanseatic-klein-768x478.jpg 768w\" sizes=\"auto, (max-width: 1200px) 100vw, 1200px\" \/><\/p>\n<p>&nbsp;<\/p>\n<p>&nbsp;<\/p>\n<p>&nbsp;<\/p>\n<p><img loading=\"lazy\" decoding=\"async\" class=\"alignnone size-full wp-image-16794\" src=\"https:\/\/berliner-dampfer.de\/wp-content\/uploads\/2025\/06\/1971-ca-HANSEATIC-Innenraum-Salon-klein.jpg\" alt=\"\" width=\"1200\" height=\"877\" srcset=\"https:\/\/berliner-dampfer.de\/wp-content\/uploads\/2025\/06\/1971-ca-HANSEATIC-Innenraum-Salon-klein.jpg 1200w, https:\/\/berliner-dampfer.de\/wp-content\/uploads\/2025\/06\/1971-ca-HANSEATIC-Innenraum-Salon-klein-300x219.jpg 300w, https:\/\/berliner-dampfer.de\/wp-content\/uploads\/2025\/06\/1971-ca-HANSEATIC-Innenraum-Salon-klein-1024x748.jpg 1024w, https:\/\/berliner-dampfer.de\/wp-content\/uploads\/2025\/06\/1971-ca-HANSEATIC-Innenraum-Salon-klein-768x561.jpg 768w\" sizes=\"auto, (max-width: 1200px) 100vw, 1200px\" \/><\/p>\n<p>&nbsp;<\/p>\n<p>&nbsp;<\/p>\n<p>&nbsp;<\/p>\n<table style=\"border-collapse: collapse; width: 100%;\">\n<tbody>\n<tr>\n<td style=\"width: 100%; background-color: #ffff00;\"><span style=\"font-family: arial, helvetica, sans-serif; font-size: 12pt;\">AK, Aufnahmejahr unbekannt, ca. <strong>1975<\/strong>. <a href=\"https:\/\/berliner-dampfer.de\/?page_id=512\" target=\"_blank\" rel=\"noopener\">\u201eAngela\u201c<\/a>, <a href=\"https:\/\/berliner-dampfer.de\/?page_id=3458\" target=\"_blank\" rel=\"noopener\">\u201eRheinpfalz\u201c<\/a> und die 1971 erbaute <strong>\u201eHanseatic\u201c<\/strong> in Berlin-Tegel an der <a href=\"https:\/\/de.wikipedia.org\/wiki\/Greenwichpromenade\" target=\"_blank\" rel=\"noopener\">Greenwichpromenade<\/a>.<\/span><\/p>\n<p><img loading=\"lazy\" decoding=\"async\" class=\"alignnone size-full wp-image-13694\" src=\"https:\/\/berliner-dampfer.de\/wp-content\/uploads\/2025\/03\/1973-ca-ANGELA-RHEINPFALZ-HANSEATIC-klein-a-2.jpg\" alt=\"\" width=\"1200\" height=\"651\" srcset=\"https:\/\/berliner-dampfer.de\/wp-content\/uploads\/2025\/03\/1973-ca-ANGELA-RHEINPFALZ-HANSEATIC-klein-a-2.jpg 1200w, https:\/\/berliner-dampfer.de\/wp-content\/uploads\/2025\/03\/1973-ca-ANGELA-RHEINPFALZ-HANSEATIC-klein-a-2-300x163.jpg 300w, https:\/\/berliner-dampfer.de\/wp-content\/uploads\/2025\/03\/1973-ca-ANGELA-RHEINPFALZ-HANSEATIC-klein-a-2-1024x556.jpg 1024w, https:\/\/berliner-dampfer.de\/wp-content\/uploads\/2025\/03\/1973-ca-ANGELA-RHEINPFALZ-HANSEATIC-klein-a-2-768x417.jpg 768w\" sizes=\"auto, (max-width: 1200px) 100vw, 1200px\" \/><\/td>\n<\/tr>\n<\/tbody>\n<\/table>\n<p>&nbsp;<\/p>\n<p>&nbsp;<\/p>\n<p>&nbsp;<\/p>\n<p><img loading=\"lazy\" decoding=\"async\" class=\"alignnone size-full wp-image-4011\" src=\"https:\/\/berliner-dampfer.de\/wp-content\/uploads\/2024\/09\/1977-05-13-Hanseatic-klein.jpg\" alt=\"\" width=\"1200\" height=\"779\" srcset=\"https:\/\/berliner-dampfer.de\/wp-content\/uploads\/2024\/09\/1977-05-13-Hanseatic-klein.jpg 1200w, https:\/\/berliner-dampfer.de\/wp-content\/uploads\/2024\/09\/1977-05-13-Hanseatic-klein-300x195.jpg 300w, https:\/\/berliner-dampfer.de\/wp-content\/uploads\/2024\/09\/1977-05-13-Hanseatic-klein-1024x665.jpg 1024w, https:\/\/berliner-dampfer.de\/wp-content\/uploads\/2024\/09\/1977-05-13-Hanseatic-klein-768x499.jpg 768w\" sizes=\"auto, (max-width: 1200px) 100vw, 1200px\" \/><\/p>\n<p>&nbsp;<\/p>\n<p>&nbsp;<\/p>\n<p>&nbsp;<\/p>\n<p><img loading=\"lazy\" decoding=\"async\" class=\"alignnone size-full wp-image-4012\" src=\"https:\/\/berliner-dampfer.de\/wp-content\/uploads\/2024\/09\/1981-ca-Hanseatic.jpg\" alt=\"\" width=\"1200\" height=\"542\" srcset=\"https:\/\/berliner-dampfer.de\/wp-content\/uploads\/2024\/09\/1981-ca-Hanseatic.jpg 1200w, https:\/\/berliner-dampfer.de\/wp-content\/uploads\/2024\/09\/1981-ca-Hanseatic-300x136.jpg 300w, https:\/\/berliner-dampfer.de\/wp-content\/uploads\/2024\/09\/1981-ca-Hanseatic-1024x463.jpg 1024w, https:\/\/berliner-dampfer.de\/wp-content\/uploads\/2024\/09\/1981-ca-Hanseatic-768x347.jpg 768w\" sizes=\"auto, (max-width: 1200px) 100vw, 1200px\" \/><\/p>\n<p>&nbsp;<\/p>\n<p>&nbsp;<\/p>\n<p><span style=\"font-family: arial, helvetica, sans-serif; font-size: 12pt;\"><strong>&#8222;Hanseatic&#8220;<\/strong> aufgenommen in Spandau von der <a href=\"https:\/\/forst-grunewald.de\/?page_id=4281\" target=\"_blank\" rel=\"noopener\">Freybr\u00fccke<\/a> (Heerstra\u00dfe) aus in der N\u00e4he vom <a href=\"https:\/\/forst-grunewald.de\/?page_id=4645\" target=\"_blank\" rel=\"noopener\">Pichelssee<\/a>:<\/span><\/p>\n<p><img loading=\"lazy\" decoding=\"async\" class=\"alignnone size-full wp-image-17774\" src=\"https:\/\/berliner-dampfer.de\/wp-content\/uploads\/2025\/10\/1990-ca-HANSEATIC-klein.jpg\" alt=\"\" width=\"1200\" height=\"850\" srcset=\"https:\/\/berliner-dampfer.de\/wp-content\/uploads\/2025\/10\/1990-ca-HANSEATIC-klein.jpg 1200w, https:\/\/berliner-dampfer.de\/wp-content\/uploads\/2025\/10\/1990-ca-HANSEATIC-klein-300x213.jpg 300w, https:\/\/berliner-dampfer.de\/wp-content\/uploads\/2025\/10\/1990-ca-HANSEATIC-klein-1024x725.jpg 1024w, https:\/\/berliner-dampfer.de\/wp-content\/uploads\/2025\/10\/1990-ca-HANSEATIC-klein-768x544.jpg 768w\" sizes=\"auto, (max-width: 1200px) 100vw, 1200px\" \/><\/p>\n<p>&nbsp;<\/p>\n<p>&nbsp;<\/p>\n<p>&nbsp;<\/p>\n<p><img loading=\"lazy\" decoding=\"async\" class=\"alignnone size-full wp-image-4013\" src=\"https:\/\/berliner-dampfer.de\/wp-content\/uploads\/2024\/09\/1994-07-18-Hanseatic-nach-Verlangerung-1981-klein.jpg\" alt=\"\" width=\"1200\" height=\"1104\" srcset=\"https:\/\/berliner-dampfer.de\/wp-content\/uploads\/2024\/09\/1994-07-18-Hanseatic-nach-Verlangerung-1981-klein.jpg 1200w, https:\/\/berliner-dampfer.de\/wp-content\/uploads\/2024\/09\/1994-07-18-Hanseatic-nach-Verlangerung-1981-klein-300x276.jpg 300w, https:\/\/berliner-dampfer.de\/wp-content\/uploads\/2024\/09\/1994-07-18-Hanseatic-nach-Verlangerung-1981-klein-1024x942.jpg 1024w, https:\/\/berliner-dampfer.de\/wp-content\/uploads\/2024\/09\/1994-07-18-Hanseatic-nach-Verlangerung-1981-klein-768x707.jpg 768w\" sizes=\"auto, (max-width: 1200px) 100vw, 1200px\" \/><\/p>\n<p>&nbsp;<\/p>\n<p>&nbsp;<\/p>\n<p>&nbsp;<\/p>\n<p><img loading=\"lazy\" decoding=\"async\" class=\"alignnone size-full wp-image-4014\" src=\"https:\/\/berliner-dampfer.de\/wp-content\/uploads\/2024\/09\/2003-Hanseatic-Kalenderblatt-klein-a.jpg\" alt=\"\" width=\"1200\" height=\"741\" srcset=\"https:\/\/berliner-dampfer.de\/wp-content\/uploads\/2024\/09\/2003-Hanseatic-Kalenderblatt-klein-a.jpg 1200w, https:\/\/berliner-dampfer.de\/wp-content\/uploads\/2024\/09\/2003-Hanseatic-Kalenderblatt-klein-a-300x185.jpg 300w, https:\/\/berliner-dampfer.de\/wp-content\/uploads\/2024\/09\/2003-Hanseatic-Kalenderblatt-klein-a-1024x632.jpg 1024w, https:\/\/berliner-dampfer.de\/wp-content\/uploads\/2024\/09\/2003-Hanseatic-Kalenderblatt-klein-a-768x474.jpg 768w\" sizes=\"auto, (max-width: 1200px) 100vw, 1200px\" \/><\/p>\n<p>&nbsp;<\/p>\n<p>&nbsp;<\/p>\n<p>&nbsp;<\/p>\n<p><img loading=\"lazy\" decoding=\"async\" class=\"alignnone size-full wp-image-4015\" src=\"https:\/\/berliner-dampfer.de\/wp-content\/uploads\/2024\/09\/2005-04-30-Hanseatic-Roskowetz-klein.jpg\" alt=\"\" width=\"1200\" height=\"675\" srcset=\"https:\/\/berliner-dampfer.de\/wp-content\/uploads\/2024\/09\/2005-04-30-Hanseatic-Roskowetz-klein.jpg 1200w, https:\/\/berliner-dampfer.de\/wp-content\/uploads\/2024\/09\/2005-04-30-Hanseatic-Roskowetz-klein-300x169.jpg 300w, https:\/\/berliner-dampfer.de\/wp-content\/uploads\/2024\/09\/2005-04-30-Hanseatic-Roskowetz-klein-1024x576.jpg 1024w, https:\/\/berliner-dampfer.de\/wp-content\/uploads\/2024\/09\/2005-04-30-Hanseatic-Roskowetz-klein-768x432.jpg 768w\" sizes=\"auto, (max-width: 1200px) 100vw, 1200px\" \/><\/p>\n<p>&nbsp;<\/p>\n<p>&nbsp;<\/p>\n<p>&nbsp;<\/p>\n<p><img loading=\"lazy\" decoding=\"async\" class=\"alignnone size-full wp-image-4016\" src=\"https:\/\/berliner-dampfer.de\/wp-content\/uploads\/2024\/09\/2006-09-17-Hanseatic-3-Roskowetz-klein.jpg\" alt=\"\" width=\"1200\" height=\"675\" srcset=\"https:\/\/berliner-dampfer.de\/wp-content\/uploads\/2024\/09\/2006-09-17-Hanseatic-3-Roskowetz-klein.jpg 1200w, https:\/\/berliner-dampfer.de\/wp-content\/uploads\/2024\/09\/2006-09-17-Hanseatic-3-Roskowetz-klein-300x169.jpg 300w, https:\/\/berliner-dampfer.de\/wp-content\/uploads\/2024\/09\/2006-09-17-Hanseatic-3-Roskowetz-klein-1024x576.jpg 1024w, https:\/\/berliner-dampfer.de\/wp-content\/uploads\/2024\/09\/2006-09-17-Hanseatic-3-Roskowetz-klein-768x432.jpg 768w\" sizes=\"auto, (max-width: 1200px) 100vw, 1200px\" \/><\/p>\n<p>&nbsp;<\/p>\n<p>&nbsp;<\/p>\n<p>&nbsp;<\/p>\n<p><img loading=\"lazy\" decoding=\"async\" class=\"alignnone size-full wp-image-4017\" src=\"https:\/\/berliner-dampfer.de\/wp-content\/uploads\/2024\/09\/2007-01-23-HANSEATIC-Reederei-Winkler-Bestuhlungsplan.jpg\" alt=\"\" width=\"1200\" height=\"737\" srcset=\"https:\/\/berliner-dampfer.de\/wp-content\/uploads\/2024\/09\/2007-01-23-HANSEATIC-Reederei-Winkler-Bestuhlungsplan.jpg 1200w, https:\/\/berliner-dampfer.de\/wp-content\/uploads\/2024\/09\/2007-01-23-HANSEATIC-Reederei-Winkler-Bestuhlungsplan-300x184.jpg 300w, https:\/\/berliner-dampfer.de\/wp-content\/uploads\/2024\/09\/2007-01-23-HANSEATIC-Reederei-Winkler-Bestuhlungsplan-1024x629.jpg 1024w, https:\/\/berliner-dampfer.de\/wp-content\/uploads\/2024\/09\/2007-01-23-HANSEATIC-Reederei-Winkler-Bestuhlungsplan-768x472.jpg 768w\" sizes=\"auto, (max-width: 1200px) 100vw, 1200px\" \/><\/p>\n<p>&nbsp;<\/p>\n<p>&nbsp;<\/p>\n<p>&nbsp;<\/p>\n<p>&nbsp;<\/p>\n<p><img loading=\"lazy\" decoding=\"async\" class=\"alignnone size-full wp-image-4018\" src=\"https:\/\/berliner-dampfer.de\/wp-content\/uploads\/2024\/09\/2020-06-27-Unsere-Schiffe-Nikolaus-Cusanus-a.jpg\" alt=\"\" width=\"1200\" height=\"760\" srcset=\"https:\/\/berliner-dampfer.de\/wp-content\/uploads\/2024\/09\/2020-06-27-Unsere-Schiffe-Nikolaus-Cusanus-a.jpg 1200w, https:\/\/berliner-dampfer.de\/wp-content\/uploads\/2024\/09\/2020-06-27-Unsere-Schiffe-Nikolaus-Cusanus-a-300x190.jpg 300w, https:\/\/berliner-dampfer.de\/wp-content\/uploads\/2024\/09\/2020-06-27-Unsere-Schiffe-Nikolaus-Cusanus-a-1024x649.jpg 1024w, https:\/\/berliner-dampfer.de\/wp-content\/uploads\/2024\/09\/2020-06-27-Unsere-Schiffe-Nikolaus-Cusanus-a-768x486.jpg 768w\" sizes=\"auto, (max-width: 1200px) 100vw, 1200px\" \/><\/p>\n<p>&nbsp;<\/p>\n<p>&nbsp;<\/p>\n<p>&nbsp;<\/p>\n<p>&nbsp;<\/p>\n<p><span style=\"text-decoration: underline;\"><span style=\"font-family: arial, helvetica, sans-serif; font-size: 12pt;\">Zuletzt bearbeitet 25.10.2025<\/span><\/span><\/p>\n","protected":false},"excerpt":{"rendered":"<p>1971 Hanseatic } 2008 Nikolaus Cusanus Moselrundfahrten \/ Personenschifffahrt Gebr. Kolb \/ Flotte Binnenschifferforum: Nikolaus Cusanus Wikipedia: Hanseatic (Schiff, 1971) ____________ Wikipedia: Nikolaus von Kues&hellip;<\/p>\n","protected":false},"author":1,"featured_media":0,"parent":0,"menu_order":0,"comment_status":"closed","ping_status":"closed","template":"","meta":{"ngg_post_thumbnail":0,"iawp_total_views":29,"footnotes":""},"class_list":["post-3982","page","type-page","status-publish","hentry"],"_links":{"self":[{"href":"https:\/\/berliner-dampfer.de\/index.php?rest_route=\/wp\/v2\/pages\/3982","targetHints":{"allow":["GET"]}}],"collection":[{"href":"https:\/\/berliner-dampfer.de\/index.php?rest_route=\/wp\/v2\/pages"}],"about":[{"href":"https:\/\/berliner-dampfer.de\/index.php?rest_route=\/wp\/v2\/types\/page"}],"author":[{"embeddable":true,"href":"https:\/\/berliner-dampfer.de\/index.php?rest_route=\/wp\/v2\/users\/1"}],"replies":[{"embeddable":true,"href":"https:\/\/berliner-dampfer.de\/index.php?rest_route=%2Fwp%2Fv2%2Fcomments&post=3982"}],"version-history":[{"count":20,"href":"https:\/\/berliner-dampfer.de\/index.php?rest_route=\/wp\/v2\/pages\/3982\/revisions"}],"predecessor-version":[{"id":17776,"href":"https:\/\/berliner-dampfer.de\/index.php?rest_route=\/wp\/v2\/pages\/3982\/revisions\/17776"}],"wp:attachment":[{"href":"https:\/\/berliner-dampfer.de\/index.php?rest_route=%2Fwp%2Fv2%2Fmedia&parent=3982"}],"curies":[{"name":"wp","href":"https:\/\/api.w.org\/{rel}","templated":true}]}}