{"id":4748,"date":"2024-09-15T21:48:15","date_gmt":"2024-09-15T19:48:15","guid":{"rendered":"https:\/\/berliner-dampfer.de\/?page_id=4748"},"modified":"2025-04-14T17:18:35","modified_gmt":"2025-04-14T15:18:35","slug":"hoffnung","status":"publish","type":"page","link":"https:\/\/berliner-dampfer.de\/?page_id=4748","title":{"rendered":"Regina"},"content":{"rendered":"<table style=\"border-collapse: collapse; width: 100%;\">\n<tbody>\n<tr>\n<td style=\"width: 100%; background-color: #ffff00;\"><span style=\"font-family: arial, helvetica, sans-serif; font-size: 12pt;\">1899 <strong>Hoffnung<\/strong> } 1925 <strong>Regina<\/strong><\/span><\/td>\n<\/tr>\n<\/tbody>\n<\/table>\n<p>&nbsp;<\/p>\n<table style=\"border-collapse: collapse; width: 100%;\">\n<tbody>\n<tr>\n<td style=\"width: 100%; background-color: #ffd700;\">\n<p style=\"text-align: justify;\"><span style=\"font-family: arial, helvetica, sans-serif; font-size: 12pt;\"><a href=\"https:\/\/berliner-dampfer.de\/?page_id=194\" target=\"_blank\" rel=\"noopener\">Groggert 1988<\/a>, Seite 140:<\/span><br \/>\n<span style=\"font-family: arial, helvetica, sans-serif; font-size: 12pt;\">Zu einem gr\u00f6\u00dferen Schlepp- und Personenschiffahrtsbetrieb schlossen sich um 1900 die Reedereien Louis Kahnt, Strahlau, mit den Dampfern <a href=\"https:\/\/berliner-dampfer.de\/?page_id=7923\" target=\"_blank\" rel=\"noopener\">\u201cLydia\u201d<\/a>, \u201cSaxonia\u201d, <a href=\"https:\/\/berliner-dampfer.de\/?page_id=3532\" target=\"_blank\" rel=\"noopener\">\u201cGermania\u201d<\/a>, <a href=\"https:\/\/berliner-dampfer.de\/?page_id=1997\" target=\"_blank\" rel=\"noopener\">\u201cBorussia\u201d<\/a> und Hermann Hertzer, Schlesische Stra\u00dfe 10, mit den Neustrelitzer Dampfern <strong>\u201cHoffnung\u201d<\/strong> und \u201cEintracht\u201d zusammen. Die Hauptanlegestelle der Reederei Kahnt &amp; Hertzer lag wenige Meter unterhalb der Abfahrtstelle der Spree-Havel-Dampfschifffahrt-Gesellschaft Stern und der Badeanstalt an der Strahlauer Br\u00fccke Ecke Waisenbr\u00fccke. Kahnt &amp; Hertzer waren aber auch die ersten Unternehmer, die sogleich nach Er\u00f6ffnung des Neuk\u00f6llner Schiffahrtskanals von der Kaiser-Friedrich-Br\u00fccke und der Wildenbruchbr\u00fccke nach Zielen an der Oberspree und Dahme fuhren. Um 1907 setzte Louis Kahnt au\u00dfer den erw\u00e4hnten Schiffen noch die 1880 in Harburg erbaute <a href=\"https:\/\/berliner-dampfer.de\/?page_id=14806\" target=\"_blank\" rel=\"noopener\">\u201cVictoria Luise\u201d<\/a> (Ex \u201cLotte\u201d) ein.<\/span><\/p>\n<p style=\"text-align: justify;\"><span style=\"font-family: arial, helvetica, sans-serif; font-size: 12pt;\">Groggert 1988, Seite 200:<\/span><br \/>\n<span style=\"font-family: arial, helvetica, sans-serif; font-size: 12pt;\">1925 kaufte Hermann Burow aus Stettin die <strong>\u201cHoffnung\u201d<\/strong> und nannte sie <strong>\u201cRegina\u201d<\/strong>. Seit 1930 war ihr Heimathaften Spandau. Im M\u00e4rz 1936 erhielt die <strong>\u201cRegina\u201d<\/strong> einen Dieselmotor. Die festen Aufbauten , die sie seitdem hatte, lie\u00dfen sich abnehmen, so da\u00df Hermann Burow mit dem Schiff nach dem Kriege auf dem Mittellandkanal schleppen konnte.<\/span><\/p>\n<p style=\"text-align: justify;\"><span style=\"font-family: arial, helvetica, sans-serif; font-size: 12pt;\">Groggert 1988, Seite 223:<\/span><br \/>\n<span style=\"font-family: arial, helvetica, sans-serif; font-size: 12pt;\">Drei\u00dfiger Jahre: Die 1899 als <strong>\u201cHoffnung\u201d<\/strong> f\u00fcr die Reederei Hertzer auf der Schiffswerft Gebr. Maass in Neustrelitz gebaute <strong>\u201cRegina\u201d<\/strong> fuhr in Charter der Stern-Dampfer GmbH und der Stern und Kreisschiffahrt. Sie ist 1936 motorisiert worden.<\/span><\/p>\n<\/td>\n<\/tr>\n<\/tbody>\n<\/table>\n<p>&nbsp;<\/p>\n<p>&nbsp;<\/p>\n<table style=\"border-collapse: collapse; width: 100%;\">\n<tbody>\n<tr>\n<td style=\"width: 100%; background-color: #ffff00;\"><span style=\"font-family: arial, helvetica, sans-serif; font-size: 12pt;\">AK, Aufnahmejahr unbekannt, postalisch gelaufen 30.05.1901,<\/span><br \/>\n<span style=\"font-family: arial, helvetica, sans-serif; font-size: 12pt;\"><strong>&#8222;Gruss vom Bord des Dampfers Hoffnung&#8220;:<\/strong><\/span><img loading=\"lazy\" decoding=\"async\" class=\"alignnone size-full wp-image-4754\" src=\"https:\/\/berliner-dampfer.de\/wp-content\/uploads\/2024\/09\/1901-05-30-Dampfer-Hoffnung-klein-a.jpg\" alt=\"\" width=\"1200\" height=\"575\" srcset=\"https:\/\/berliner-dampfer.de\/wp-content\/uploads\/2024\/09\/1901-05-30-Dampfer-Hoffnung-klein-a.jpg 1200w, https:\/\/berliner-dampfer.de\/wp-content\/uploads\/2024\/09\/1901-05-30-Dampfer-Hoffnung-klein-a-300x144.jpg 300w, https:\/\/berliner-dampfer.de\/wp-content\/uploads\/2024\/09\/1901-05-30-Dampfer-Hoffnung-klein-a-1024x491.jpg 1024w, https:\/\/berliner-dampfer.de\/wp-content\/uploads\/2024\/09\/1901-05-30-Dampfer-Hoffnung-klein-a-768x368.jpg 768w\" sizes=\"auto, (max-width: 1200px) 100vw, 1200px\" \/><img loading=\"lazy\" decoding=\"async\" class=\"alignnone size-full wp-image-4753\" src=\"https:\/\/berliner-dampfer.de\/wp-content\/uploads\/2024\/09\/1901-05-30-Dampfer-Hoffnung-klein.jpg\" alt=\"\" width=\"1200\" height=\"891\" srcset=\"https:\/\/berliner-dampfer.de\/wp-content\/uploads\/2024\/09\/1901-05-30-Dampfer-Hoffnung-klein.jpg 1200w, https:\/\/berliner-dampfer.de\/wp-content\/uploads\/2024\/09\/1901-05-30-Dampfer-Hoffnung-klein-300x223.jpg 300w, https:\/\/berliner-dampfer.de\/wp-content\/uploads\/2024\/09\/1901-05-30-Dampfer-Hoffnung-klein-1024x760.jpg 1024w, https:\/\/berliner-dampfer.de\/wp-content\/uploads\/2024\/09\/1901-05-30-Dampfer-Hoffnung-klein-768x570.jpg 768w\" sizes=\"auto, (max-width: 1200px) 100vw, 1200px\" \/><\/td>\n<\/tr>\n<\/tbody>\n<\/table>\n<p>&nbsp;<\/p>\n<p>&nbsp;<\/p>\n<p><img loading=\"lazy\" decoding=\"async\" class=\"alignnone size-full wp-image-4764\" src=\"https:\/\/berliner-dampfer.de\/wp-content\/uploads\/2024\/09\/1904-Gertrud-Hoffnung-Groggert-1988-Seite-147-1200.jpg\" alt=\"\" width=\"1200\" height=\"840\" srcset=\"https:\/\/berliner-dampfer.de\/wp-content\/uploads\/2024\/09\/1904-Gertrud-Hoffnung-Groggert-1988-Seite-147-1200.jpg 1200w, https:\/\/berliner-dampfer.de\/wp-content\/uploads\/2024\/09\/1904-Gertrud-Hoffnung-Groggert-1988-Seite-147-1200-300x210.jpg 300w, https:\/\/berliner-dampfer.de\/wp-content\/uploads\/2024\/09\/1904-Gertrud-Hoffnung-Groggert-1988-Seite-147-1200-1024x717.jpg 1024w, https:\/\/berliner-dampfer.de\/wp-content\/uploads\/2024\/09\/1904-Gertrud-Hoffnung-Groggert-1988-Seite-147-1200-768x538.jpg 768w\" sizes=\"auto, (max-width: 1200px) 100vw, 1200px\" \/><\/p>\n<p>&nbsp;<\/p>\n<p>&nbsp;<\/p>\n<p><img loading=\"lazy\" decoding=\"async\" class=\"alignnone size-full wp-image-4762\" src=\"https:\/\/berliner-dampfer.de\/wp-content\/uploads\/2024\/09\/1910-ca.-Hoffnung-Borussia-Groggert-1988-Seite-107-1200.jpg\" alt=\"\" width=\"1200\" height=\"1163\" srcset=\"https:\/\/berliner-dampfer.de\/wp-content\/uploads\/2024\/09\/1910-ca.-Hoffnung-Borussia-Groggert-1988-Seite-107-1200.jpg 1200w, https:\/\/berliner-dampfer.de\/wp-content\/uploads\/2024\/09\/1910-ca.-Hoffnung-Borussia-Groggert-1988-Seite-107-1200-300x291.jpg 300w, https:\/\/berliner-dampfer.de\/wp-content\/uploads\/2024\/09\/1910-ca.-Hoffnung-Borussia-Groggert-1988-Seite-107-1200-1024x992.jpg 1024w, https:\/\/berliner-dampfer.de\/wp-content\/uploads\/2024\/09\/1910-ca.-Hoffnung-Borussia-Groggert-1988-Seite-107-1200-768x744.jpg 768w\" sizes=\"auto, (max-width: 1200px) 100vw, 1200px\" \/><\/p>\n<p>&nbsp;<\/p>\n<p><img loading=\"lazy\" decoding=\"async\" class=\"alignnone size-full wp-image-4765\" src=\"https:\/\/berliner-dampfer.de\/wp-content\/uploads\/2024\/09\/1915-ca-Hoffnung-als-Schlepper-Groggert-1988-Seite-142-1200.jpg\" alt=\"\" width=\"1200\" height=\"774\" srcset=\"https:\/\/berliner-dampfer.de\/wp-content\/uploads\/2024\/09\/1915-ca-Hoffnung-als-Schlepper-Groggert-1988-Seite-142-1200.jpg 1200w, https:\/\/berliner-dampfer.de\/wp-content\/uploads\/2024\/09\/1915-ca-Hoffnung-als-Schlepper-Groggert-1988-Seite-142-1200-300x194.jpg 300w, https:\/\/berliner-dampfer.de\/wp-content\/uploads\/2024\/09\/1915-ca-Hoffnung-als-Schlepper-Groggert-1988-Seite-142-1200-1024x660.jpg 1024w, https:\/\/berliner-dampfer.de\/wp-content\/uploads\/2024\/09\/1915-ca-Hoffnung-als-Schlepper-Groggert-1988-Seite-142-1200-768x495.jpg 768w\" sizes=\"auto, (max-width: 1200px) 100vw, 1200px\" \/><\/p>\n<p>&nbsp;<\/p>\n<p>&nbsp;<\/p>\n<p><span style=\"text-decoration: underline;\"><span style=\"font-family: arial, helvetica, sans-serif; font-size: 12pt;\">Zuletzt bearbeitet 15.10.2024<\/span><\/span><\/p>\n","protected":false},"excerpt":{"rendered":"<p>1899 Hoffnung } 1925 Regina &nbsp; Groggert 1988, Seite 140: Zu einem gr\u00f6\u00dferen Schlepp- und Personenschiffahrtsbetrieb schlossen sich um 1900 die Reedereien Louis Kahnt, Strahlau,&hellip;<\/p>\n","protected":false},"author":1,"featured_media":0,"parent":0,"menu_order":0,"comment_status":"closed","ping_status":"closed","template":"","meta":{"ngg_post_thumbnail":0,"iawp_total_views":13,"footnotes":""},"class_list":["post-4748","page","type-page","status-publish","hentry"],"_links":{"self":[{"href":"https:\/\/berliner-dampfer.de\/index.php?rest_route=\/wp\/v2\/pages\/4748","targetHints":{"allow":["GET"]}}],"collection":[{"href":"https:\/\/berliner-dampfer.de\/index.php?rest_route=\/wp\/v2\/pages"}],"about":[{"href":"https:\/\/berliner-dampfer.de\/index.php?rest_route=\/wp\/v2\/types\/page"}],"author":[{"embeddable":true,"href":"https:\/\/berliner-dampfer.de\/index.php?rest_route=\/wp\/v2\/users\/1"}],"replies":[{"embeddable":true,"href":"https:\/\/berliner-dampfer.de\/index.php?rest_route=%2Fwp%2Fv2%2Fcomments&post=4748"}],"version-history":[{"count":18,"href":"https:\/\/berliner-dampfer.de\/index.php?rest_route=\/wp\/v2\/pages\/4748\/revisions"}],"predecessor-version":[{"id":14822,"href":"https:\/\/berliner-dampfer.de\/index.php?rest_route=\/wp\/v2\/pages\/4748\/revisions\/14822"}],"wp:attachment":[{"href":"https:\/\/berliner-dampfer.de\/index.php?rest_route=%2Fwp%2Fv2%2Fmedia&parent=4748"}],"curies":[{"name":"wp","href":"https:\/\/api.w.org\/{rel}","templated":true}]}}