{"id":4862,"date":"2024-09-19T00:58:20","date_gmt":"2024-09-18T22:58:20","guid":{"rendered":"https:\/\/berliner-dampfer.de\/?page_id=4862"},"modified":"2025-03-05T08:24:06","modified_gmt":"2025-03-05T07:24:06","slug":"imperator","status":"publish","type":"page","link":"https:\/\/berliner-dampfer.de\/?page_id=4862","title":{"rendered":"Imperator"},"content":{"rendered":"<table style=\"border-collapse: collapse; width: 100%;\">\n<tbody>\n<tr>\n<td style=\"width: 100%; background-color: #ffff00;\"><span style=\"font-family: arial, helvetica, sans-serif; font-size: 12pt;\"><span style=\"font-size: 10pt;\">1928<\/span> <strong>Imperator<\/strong> } <span style=\"font-size: 10pt;\">1946<\/span> in die Sowjetunion<\/span><\/p>\n<p><span style=\"font-family: arial, helvetica, sans-serif; font-size: 12pt;\">Wikipedia: <\/span><a href=\"https:\/\/de.wikipedia.org\/wiki\/Imperator_(Schiff,_1928)\" target=\"_blank\" rel=\"noopener\"><span style=\"font-family: arial, helvetica, sans-serif; font-size: 12pt;\">Imperator (Schiff, 1928)<\/span><\/a><\/p>\n<p><span style=\"font-family: arial, helvetica, sans-serif; font-size: 12pt;\"><a href=\"https:\/\/www.ddr-binnenschifffahrt.de\/db_verlauf.php?schiffId=1600748\" target=\"_blank\" rel=\"noopener\">Schiffshistorie<\/a> in der Datenbank von Uwe Giesler \/ www.ddr-binnenschifffahrt.de.<\/span><\/td>\n<\/tr>\n<\/tbody>\n<\/table>\n<p>&nbsp;<\/p>\n<table style=\"border-collapse: collapse; width: 100%;\">\n<tbody>\n<tr>\n<td style=\"width: 100%; background-color: #ffd700;\">\n<p style=\"text-align: justify;\"><span style=\"font-family: arial, helvetica, sans-serif; font-size: 12pt;\"><a href=\"https:\/\/berliner-dampfer.de\/?page_id=194\" target=\"_blank\" rel=\"noopener\">Groggert 1988<\/a>, Seite 180:<\/span><br \/>\n<span style=\"font-family: arial, helvetica, sans-serif; font-size: 12pt;\">Mit der ersten, 1925\/26 gebauten \u201cDeutschland\u201d, der Reederei gebr. Winkler, die 1929 nach der \u00dcbernahme in <a href=\"https:\/\/berliner-dampfer.de\/?page_id=1933\" target=\"_blank\" rel=\"noopener\">\u201cBremen\u201d<\/a> umgetauft wurde, nahm die Reederei M\u00fcller 1929 einen weiteren gro\u00dfen Glattdecker in Betrieb. 1928 hatte die Werft Gebr. Winkler f\u00fcr die Reederei M\u00fcller das 32 m lange, 4,6 m breite Motorschiff <strong>\u201cImperator\u201d<\/strong> gebaut, das 330 Personen fassen konnte und von einem 60-PS-<a href=\"https:\/\/www.mwm.net\/mwm-geschichte\/\" target=\"_blank\" rel=\"noopener\">MWM<\/a>-Diesel angetrieben wurde. Erst 1940 ist dieser 6-zylindrige Motor durch einen st\u00e4rkeren 110-PS-Diesel ersetzt worden. Das Motorschiff <strong>\u201cImperator\u201d<\/strong> hatte eine Vorderkaj\u00fcte und zeigte wie die \u201cBremen eine breite gr\u00fcn-wei\u00df-gr\u00fcne Binde am Schornstein. Bei der Wahl der Namen f\u00fcr diese Schiffe folgte die Reederei M\u00fcller der \u00dcbung verschiedener anderer Reedereien, ihre besten Schiffe nach allgemein bekannten Ozeanriesen zu benennen.<\/span><\/p>\n<p style=\"text-align: justify;\"><span style=\"font-family: arial, helvetica, sans-serif; font-size: 12pt;\">Groggert 1988, Seiten 180\/185:<\/span><br \/>\n<span style=\"font-family: arial, helvetica, sans-serif; font-size: 12pt;\">Dem \u201eVerein gewerblicher Motorbootsbesitzer Berlin und Umgebung\u201c geh\u00f6rten 1931 folgende Betriebe an:<\/span><br \/>\n<span style=\"font-family: arial, helvetica, sans-serif; font-size: 12pt;\">32. Fr. M\u00fcller &amp; S\u00f6hne, Erkner, K\u00f6nigstra\u00dfe 59<\/span><\/p>\n<ul>\n<li style=\"text-align: justify;\"><span style=\"font-family: arial, helvetica, sans-serif; font-size: 12pt;\"><strong>Imperator<\/strong> \u2013 300 Personen<\/span><\/li>\n<li style=\"text-align: justify;\"><span style=\"font-family: arial, helvetica, sans-serif; font-size: 12pt;\"><a href=\"https:\/\/berliner-dampfer.de\/?page_id=1933\" target=\"_blank\" rel=\"noopener\">Bremen<\/a> \u2013 200 Personen<\/span><\/li>\n<li style=\"text-align: justify;\"><span style=\"font-family: arial, helvetica, sans-serif; font-size: 12pt;\"><a href=\"https:\/\/berliner-dampfer.de\/?page_id=3102\" target=\"_blank\" rel=\"noopener\">Freya<\/a> \u2013 180 Personen<\/span><\/li>\n<li style=\"text-align: justify;\"><span style=\"font-family: arial, helvetica, sans-serif; font-size: 12pt;\">Fortuna \u2013 187 Personen<\/span><\/li>\n<li style=\"text-align: justify;\"><span style=\"font-family: arial, helvetica, sans-serif; font-size: 12pt;\"><a href=\"https:\/\/berliner-dampfer.de\/?page_id=13441\" target=\"_blank\" rel=\"noopener\">Venus<\/a> \u2013 106 Personen<\/span><\/li>\n<\/ul>\n<p style=\"text-align: justify;\"><span style=\"font-family: arial, helvetica, sans-serif; font-size: 12pt;\">Flaggschiff war zu dieser Zeit das 1928 von Gebr. Winkler, Kalkberge, erbaute 32 m lange, 4,6 m breite Motorschiff <strong>&#8222;Imperator&#8220;<\/strong>, das anf\u00e4nglich mit einem 6-zylindrigen <a href=\"https:\/\/www.mwm.net\/mwm-geschichte\/\" target=\"_blank\" rel=\"noopener\">MWM<\/a>-Dieselmotor angetrieben wurde, der 60 PS leistete. <\/span><\/p>\n<p style=\"text-align: justify;\"><span style=\"font-family: arial, helvetica, sans-serif; font-size: 12pt;\">Groggert 1988, Seiten 204\/213:<\/span><br \/>\n<span style=\"font-family: arial, helvetica, sans-serif; font-size: 12pt;\">1935 geh\u00f6rten dem \u201eReeder-Verband der Personenschiffahrt zwischen Elbe und Oder\u201c folgende in Berlin und seiner Umgebung ans\u00e4ssige Betriebe und Schiffseigner an: \u2026.<\/span><br \/>\n<span style=\"font-family: arial, helvetica, sans-serif; font-size: 12pt;\">F. M\u00fcller &amp; S\u00f6hne, <\/span><br \/>\n<span style=\"font-family: arial, helvetica, sans-serif; font-size: 12pt;\">Erkner (Mark), K\u00f6nigstra\u00dfe 59<\/span><br \/>\n<span style=\"font-family: arial, helvetica, sans-serif; font-size: 12pt;\">Berlin, Bl\u00fccherplatz, Am Halleschen Tor<\/span><\/p>\n<ul style=\"text-align: justify;\">\n<li><span style=\"font-family: arial, helvetica, sans-serif; font-size: 12pt;\">M \u2013 <strong>Imperator<\/strong> \u2013 300 Personen<\/span><\/li>\n<li><span style=\"font-family: arial, helvetica, sans-serif; font-size: 12pt;\">M \u2013 Imperator II \u2013 275 Personen<\/span><\/li>\n<li><span style=\"font-family: arial, helvetica, sans-serif; font-size: 12pt;\">M \u2013 Bremen \u2013 200 Personen<\/span><\/li>\n<li><span style=\"font-family: arial, helvetica, sans-serif; font-size: 12pt;\">M \u2013 Freya \u2013 180 Personen<\/span><\/li>\n<li><span style=\"font-family: arial, helvetica, sans-serif; font-size: 12pt;\">M \u2013 Fortuna \u2013 137 Personen<\/span><\/li>\n<li><span style=\"font-family: arial, helvetica, sans-serif; font-size: 12pt;\">M \u2013 Venus \u2013 100 Personen<\/span><\/li>\n<\/ul>\n<p style=\"text-align: justify;\"><span style=\"font-family: arial, helvetica, sans-serif; font-size: 12pt;\">Tourenfahrten auf der Havel, Oberspree, Dahme, L\u00f6cknitz, Teupitzer und Storkower Gew\u00e4ssern.<\/span><br \/>\n<span style=\"font-family: arial, helvetica, sans-serif; font-size: 12pt;\">Fahrten der Reederein Hallesches Tor und der L\u00f6cknitz-Fahrgemeinschaft.<\/span><\/p>\n<p><span style=\"font-family: arial, helvetica, sans-serif; font-size: 12pt;\">&#8230;.. 1940 erhielt die 1928 erbaute 32 m lange, 4,6 m breite <strong>&#8222;Imperator&#8220;<\/strong> einen 110 PS leistenden Dieselmotor statt des alten 60-PS-Motors.<\/span><\/p>\n<p style=\"text-align: justify;\"><span style=\"font-family: arial, helvetica, sans-serif; font-size: 12pt;\">Groggert 1988, Seite 314:<\/span><br \/>\n<span style=\"font-family: arial, helvetica, sans-serif; font-size: 12pt;\">Als Ersatz f\u00fcr Sch\u00e4den, die von der fr\u00fcheren deutschen Wehrmacht in der Sowjetunion w\u00e4hrend des Krieges verursacht worden waren, sind 1946 u.a. die Motorschiffe <a href=\"https:\/\/berliner-dampfer.de\/?page_id=1933\" target=\"_blank\" rel=\"noopener\">\u201cBremen\u201d<\/a>, <strong>\u201cImperator\u201d<\/strong>, <a href=\"https:\/\/berliner-dampfer.de\/?page_id=4881\" target=\"_blank\" rel=\"noopener\">\u201cImperator II\u201d<\/a> und \u201cFortuna\u201d der Reederei M\u00fcller in Anspruch genommen worden.<\/span><\/p>\n<\/td>\n<\/tr>\n<\/tbody>\n<\/table>\n<p>&nbsp;<\/p>\n<p>&nbsp;<\/p>\n<p><img loading=\"lazy\" decoding=\"async\" class=\"alignnone wp-image-4872 size-full\" src=\"https:\/\/berliner-dampfer.de\/wp-content\/uploads\/2024\/09\/1935-ca.-08-16-Imperator-klein.jpg\" alt=\"\" width=\"1200\" height=\"777\" srcset=\"https:\/\/berliner-dampfer.de\/wp-content\/uploads\/2024\/09\/1935-ca.-08-16-Imperator-klein.jpg 1200w, https:\/\/berliner-dampfer.de\/wp-content\/uploads\/2024\/09\/1935-ca.-08-16-Imperator-klein-300x194.jpg 300w, https:\/\/berliner-dampfer.de\/wp-content\/uploads\/2024\/09\/1935-ca.-08-16-Imperator-klein-1024x663.jpg 1024w, https:\/\/berliner-dampfer.de\/wp-content\/uploads\/2024\/09\/1935-ca.-08-16-Imperator-klein-768x497.jpg 768w\" sizes=\"auto, (max-width: 1200px) 100vw, 1200px\" \/><\/p>\n<p>&nbsp;<\/p>\n<p>&nbsp;<\/p>\n<p>&nbsp;<\/p>\n<p><span style=\"text-decoration: underline;\"><span style=\"font-family: arial, helvetica, sans-serif; font-size: 12pt;\">Zuletzt bearbeitet 05.03.2025<\/span><\/span><\/p>\n","protected":false},"excerpt":{"rendered":"<p>1928 Imperator } 1946 in die Sowjetunion Wikipedia: Imperator (Schiff, 1928) Schiffshistorie in der Datenbank von Uwe Giesler \/ www.ddr-binnenschifffahrt.de. &nbsp; Groggert 1988, Seite 180:&hellip;<\/p>\n","protected":false},"author":1,"featured_media":0,"parent":0,"menu_order":0,"comment_status":"closed","ping_status":"closed","template":"","meta":{"ngg_post_thumbnail":0,"iawp_total_views":3,"footnotes":""},"class_list":["post-4862","page","type-page","status-publish","hentry"],"_links":{"self":[{"href":"https:\/\/berliner-dampfer.de\/index.php?rest_route=\/wp\/v2\/pages\/4862","targetHints":{"allow":["GET"]}}],"collection":[{"href":"https:\/\/berliner-dampfer.de\/index.php?rest_route=\/wp\/v2\/pages"}],"about":[{"href":"https:\/\/berliner-dampfer.de\/index.php?rest_route=\/wp\/v2\/types\/page"}],"author":[{"embeddable":true,"href":"https:\/\/berliner-dampfer.de\/index.php?rest_route=\/wp\/v2\/users\/1"}],"replies":[{"embeddable":true,"href":"https:\/\/berliner-dampfer.de\/index.php?rest_route=%2Fwp%2Fv2%2Fcomments&post=4862"}],"version-history":[{"count":21,"href":"https:\/\/berliner-dampfer.de\/index.php?rest_route=\/wp\/v2\/pages\/4862\/revisions"}],"predecessor-version":[{"id":13492,"href":"https:\/\/berliner-dampfer.de\/index.php?rest_route=\/wp\/v2\/pages\/4862\/revisions\/13492"}],"wp:attachment":[{"href":"https:\/\/berliner-dampfer.de\/index.php?rest_route=%2Fwp%2Fv2%2Fmedia&parent=4862"}],"curies":[{"name":"wp","href":"https:\/\/api.w.org\/{rel}","templated":true}]}}