{"id":4900,"date":"2024-09-19T15:15:05","date_gmt":"2024-09-19T13:15:05","guid":{"rendered":"https:\/\/berliner-dampfer.de\/?page_id=4900"},"modified":"2024-09-19T15:40:55","modified_gmt":"2024-09-19T13:40:55","slug":"insulaner","status":"publish","type":"page","link":"https:\/\/berliner-dampfer.de\/?page_id=4900","title":{"rendered":"Insulaner"},"content":{"rendered":"<table style=\"border-collapse: collapse; width: 100%;\">\n<tbody>\n<tr>\n<td style=\"width: 100%; background-color: #ffff00;\"><span style=\"font-family: arial, helvetica, sans-serif; font-size: 12pt;\">1938 Motorboot Name unbekannt } Nach 1948 <strong>Insulaner<\/strong> (31.12.1977 durch Gro\u00dffeuer zerst\u00f6rt)<\/span><\/td>\n<\/tr>\n<\/tbody>\n<\/table>\n<p>&nbsp;<\/p>\n<table style=\"border-collapse: collapse; width: 100%;\">\n<tbody>\n<tr>\n<td style=\"width: 100%; background-color: #ffd700;\">\n<p style=\"text-align: justify;\"><span style=\"font-family: arial, helvetica, sans-serif; font-size: 12pt;\">Groggert 1988, Seite 276:<\/span><br \/>\n<span style=\"font-family: arial, helvetica, sans-serif; font-size: 12pt;\">Nach dem 2. Weltkrieg: Zu erw\u00e4hnen ist auch ein 1938 von Erich Lahe erbautes Motorboot, da\u00df die Reederei Gnewkow als <strong>\u201cInsulaner\u201d<\/strong> in Dienst stellte (L\u00e4nge 17,71 m, Breite 3,52 m). Auch in den Namen der Fahrgastschiffe spiegelt sich die Zeitgeschichte. Eine kabarettistische Sendung von <a href=\"https:\/\/de.wikipedia.org\/wiki\/G%C3%BCnter_Neumann_(Kabarettist)\" target=\"_blank\" rel=\"noopener\">G\u00fcnter Neumann<\/a> im RIAS zu Weihnachten 1948 fand bei den H\u00f6rern so gro\u00dfe Zustimmung, da\u00df die <a href=\"https:\/\/de.wikipedia.org\/wiki\/Die_Insulaner\" target=\"_blank\" rel=\"noopener\">\u201cInsulaner\u201d<\/a> zehn Jahre lang in einer Serie zu h\u00f6ren waren, die im Abstand von vier Wochen gesendet wurde.<\/span><\/p>\n<p style=\"text-align: justify;\"><span style=\"font-family: arial, helvetica, sans-serif; font-size: 12pt;\">Groggert 1988, Seite 306:<\/span><br \/>\n<span style=\"font-family: arial, helvetica, sans-serif; font-size: 12pt;\">In den fr\u00fchen Morgenstunden des 31. Dezember 1977 zerst\u00f6rte ein Gro\u00dffeuer sechs der an der Eiswerderbr\u00fccke in Spandau \u00fcberwinternden Fahrgastschiffe verschiedener Reedereien. Das Feuer war gegen 4 Uhr entdeckt worden. Die Feuerwehr setzte neben zwei L\u00f6schz\u00fcgen auch ein L\u00f6schboot ein. Trotz st\u00fcrmischen Wetters konnte ein \u00dcbergreifen des Brandes auf weitere Schiffe verhindert werden. Das gro\u00dfe Motorschiff <a href=\"https:\/\/berliner-dampfer.de\/?page_id=1587\" target=\"_blank\" rel=\"noopener\">\u201cBrandenburger Tor\u201d<\/a> der Reederei Triebler brannte vollst\u00e4ndig aus, so da\u00df die Platten zwischen dem Hauptdeck und dem unteren Deck sich durchbogen. Stark besch\u00e4digt wurde das Motorschiff \u201cRheinland\u201d der Reederei Kr\u00fcger (fr\u00fcher David). Weiterhin entstanden Brandsch\u00e4den an den Motorschiffen <a href=\"https:\/\/berliner-dampfer.de\/?page_id=3557\" target=\"_blank\" rel=\"noopener\">\u201cGisela\u201d<\/a> (Reederei Foge), \u201cSpree-Athen\u201d (Reederei Kr\u00fcger, ex \u201cDockenhuden\u201d) und <a href=\"https:\/\/berliner-dampfer.de\/?page_id=4365\" target=\"_blank\" rel=\"noopener\">\u201cHeiterkeit\u201d<\/a> (Reederei Schmidt, ex \u201cKarl-Wilhelm\u201d).<\/span><br \/>\n<span style=\"font-family: arial, helvetica, sans-serif; font-size: 12pt;\"><strong>Bis auf das Motorschiff \u201cInsulaner\u201d, dessen Wrack an einen Liegeplatz vor der Schleuse Pl\u00f6tzensee geschleppt wurde<\/strong>, konnten alle Schiffe im Laufe der Zeit wieder instandgesetzt oder neu aufgebaut werden. Zuletzt kam das fr\u00fchere Motorschiff <a href=\"https:\/\/berliner-dampfer.de\/?page_id=1587\" target=\"_blank\" rel=\"noopener\">\u201cBrandenburger Tor\u201d<\/a> im Fr\u00fchjahr 1979 wieder in Fahrt. Am 01. April 1969 hatte die Stern und Kreisschiffahrt das Motorschiff \u201cBerolina\u201d (fr\u00fcher Reederei Frost) in \u201cNeptun\u201d umgetauft, so da\u00df die Reederei Triebler ihr wieder fahrbereites, neu eingerichtetes Motorschiff nun \u201cBerolina\u201d taufen konnte.<\/span><\/p>\n<\/td>\n<\/tr>\n<\/tbody>\n<\/table>\n<p>&nbsp;<\/p>\n<p>&nbsp;<\/p>\n<p><a href=\"https:\/\/berliner-dampfer.de\/wp-content\/uploads\/2024\/09\/1960-ca-Motorboot-Insulaner-klein.jpg\"><img loading=\"lazy\" decoding=\"async\" class=\"alignnone size-full wp-image-4907\" src=\"https:\/\/berliner-dampfer.de\/wp-content\/uploads\/2024\/09\/1960-ca-Motorboot-Insulaner-klein.jpg\" alt=\"\" width=\"1200\" height=\"771\" srcset=\"https:\/\/berliner-dampfer.de\/wp-content\/uploads\/2024\/09\/1960-ca-Motorboot-Insulaner-klein.jpg 1200w, https:\/\/berliner-dampfer.de\/wp-content\/uploads\/2024\/09\/1960-ca-Motorboot-Insulaner-klein-300x193.jpg 300w, https:\/\/berliner-dampfer.de\/wp-content\/uploads\/2024\/09\/1960-ca-Motorboot-Insulaner-klein-1024x658.jpg 1024w, https:\/\/berliner-dampfer.de\/wp-content\/uploads\/2024\/09\/1960-ca-Motorboot-Insulaner-klein-768x493.jpg 768w\" sizes=\"auto, (max-width: 1200px) 100vw, 1200px\" \/><\/a><\/p>\n<p>&nbsp;<\/p>\n<p>&nbsp;<\/p>\n<p>&nbsp;<\/p>\n<p><span style=\"text-decoration: underline;\"><span style=\"font-family: arial, helvetica, sans-serif; font-size: 12pt;\">Zuletzt bearbeitet 19.09.2024<\/span><\/span><\/p>\n","protected":false},"excerpt":{"rendered":"<p>1938 Motorboot Name unbekannt } Nach 1948 Insulaner (31.12.1977 durch Gro\u00dffeuer zerst\u00f6rt) &nbsp; Groggert 1988, Seite 276: Nach dem 2. Weltkrieg: Zu erw\u00e4hnen ist auch&hellip;<\/p>\n","protected":false},"author":1,"featured_media":0,"parent":0,"menu_order":0,"comment_status":"closed","ping_status":"closed","template":"","meta":{"ngg_post_thumbnail":0,"iawp_total_views":11,"footnotes":""},"class_list":["post-4900","page","type-page","status-publish","hentry"],"_links":{"self":[{"href":"https:\/\/berliner-dampfer.de\/index.php?rest_route=\/wp\/v2\/pages\/4900","targetHints":{"allow":["GET"]}}],"collection":[{"href":"https:\/\/berliner-dampfer.de\/index.php?rest_route=\/wp\/v2\/pages"}],"about":[{"href":"https:\/\/berliner-dampfer.de\/index.php?rest_route=\/wp\/v2\/types\/page"}],"author":[{"embeddable":true,"href":"https:\/\/berliner-dampfer.de\/index.php?rest_route=\/wp\/v2\/users\/1"}],"replies":[{"embeddable":true,"href":"https:\/\/berliner-dampfer.de\/index.php?rest_route=%2Fwp%2Fv2%2Fcomments&post=4900"}],"version-history":[{"count":11,"href":"https:\/\/berliner-dampfer.de\/index.php?rest_route=\/wp\/v2\/pages\/4900\/revisions"}],"predecessor-version":[{"id":4916,"href":"https:\/\/berliner-dampfer.de\/index.php?rest_route=\/wp\/v2\/pages\/4900\/revisions\/4916"}],"wp:attachment":[{"href":"https:\/\/berliner-dampfer.de\/index.php?rest_route=%2Fwp%2Fv2%2Fmedia&parent=4900"}],"curies":[{"name":"wp","href":"https:\/\/api.w.org\/{rel}","templated":true}]}}