{"id":5120,"date":"2024-09-27T19:31:41","date_gmt":"2024-09-27T17:31:41","guid":{"rendered":"https:\/\/berliner-dampfer.de\/?page_id=5120"},"modified":"2025-05-13T07:22:20","modified_gmt":"2025-05-13T05:22:20","slug":"berlin-1864","status":"publish","type":"page","link":"https:\/\/berliner-dampfer.de\/?page_id=5120","title":{"rendered":"1864 &#8211; Berlin (Dampfschiff)"},"content":{"rendered":"<table style=\"border-collapse: collapse; width: 100%;\">\n<tbody>\n<tr>\n<td style=\"width: 100%; background-color: #ffff00;\"><span style=\"font-family: arial, helvetica, sans-serif; font-size: 12pt;\"><span style=\"font-size: 10pt;\">1864<\/span> <strong>Berlin<\/strong><\/span><\/p>\n<p><span style=\"font-family: arial, helvetica, sans-serif; font-size: 12pt;\">1899 verkauft, Verbleib?<\/span><\/td>\n<\/tr>\n<\/tbody>\n<\/table>\n<p>&nbsp;<\/p>\n<table style=\"border-collapse: collapse; width: 100%;\">\n<tbody>\n<tr>\n<td style=\"width: 100%; background-color: #ffd700; text-align: justify;\"><span style=\"font-family: arial, helvetica, sans-serif; font-size: 12pt;\"><a href=\"https:\/\/berliner-dampfer.de\/?page_id=194\" target=\"_blank\" rel=\"noopener\">Groggert 1988<\/a>, Seiten 93\/94:<\/span><\/p>\n<p><span style=\"font-family: arial, helvetica, sans-serif; font-size: 12pt;\">Am 22. Februar 1864 genehmigte die Polizeibeh\u00f6rde die Errichtung einer neuen Anlegestelle an der Janowitzbr\u00fccke in Form eines 24m x 2,7m gro\u00dfen Flo\u00dfes, und am 27. M\u00e4rz 1864 traf als erstes Schiff der neuen Reederei die <a href=\"https:\/\/berliner-dampfer.de\/?page_id=5081\" target=\"_blank\" rel=\"noopener\">\u201eJohanna\u201c<\/a> in Berlin ein. Von ihr schrieb die \u201eNorddeutsche Allgemeine Zeitung\u201c am 05. April 1864:<\/span><\/p>\n<blockquote><p><span style=\"font-family: arial, helvetica, sans-serif; font-size: 12pt;\">\u201e(Dampf-Omnibusse) An der Jannowitzbr\u00fccke liegt jetzt, mit Blumenguirlanden geschm\u00fcckt, ein reizender kleiner Schraubendampfer, der in seinen zwei elegant m\u00f6blierten Kaj\u00fcten und auf seinem Vorder- und Hinterdeck etwa 120 Personen bequemen Raum und angenehmen Aufenthalt bietet: es ist das Schiff <a href=\"https:\/\/berliner-dampfer.de\/?page_id=5081\" target=\"_blank\" rel=\"noopener\">\u201eJohanna\u201c<\/a>, den Herren <strong>Wittenberg und K\u00fchl<\/strong> geh\u00f6rig, das erste von 8 kleinen Schiffen, welche im Laufe weniger Wochen hier eintreffen werden, um die Dampfschiff-Verbindung zwischen Berlin, <a href=\"https:\/\/de.wikipedia.org\/wiki\/Berlin-Stralau\" target=\"_blank\" rel=\"noopener\">Stralow<\/a>, <a href=\"https:\/\/de.wikipedia.org\/wiki\/Bezirk_Treptow\" target=\"_blank\" rel=\"noopener\">Treptow<\/a> und <a href=\"https:\/\/de.wikipedia.org\/wiki\/Berlin-K%C3%B6penick\" target=\"_blank\" rel=\"noopener\">K\u00f6penick<\/a> herauszustellen. Bis zur Er\u00f6ffnung des ganzen Betriebes bleiben die Schiffe zur Disposition von Privatgesellschaften, welche sich derselben etwa zu Vergn\u00fcgungsfahrten bedienen wollen, wozu die eleganten und komfortabel eingerichteten Schiffe und die Mannschaften in ihrer schmucken Tracht sehr einladen \u2013 d.h. bei gutem Wetter, nach dem wir uns so sehr vergeblich sehnen! \u2013 Das B\u00fcro der Herren <strong>Wittenberg und K\u00fchl<\/strong> befindet sich in der <a href=\"https:\/\/de.wikipedia.org\/wiki\/Brunnenstra%C3%9Fe_(Berlin)\" target=\"_blank\" rel=\"noopener\">Brunnenstra\u00dfe<\/a> Nr. 3 \u2013 Die Schnelligkeit und leichte Lenkbarkeit dieser, in der <strong>Maschinenbauanstalt des Hrn. Ke\u00dfler zu Swinem\u00fcnde<\/strong> erbauten Schiffe ist hinl\u00e4nglich erprobt, erst in den letzten Tagen wieder durch eine Fahrt, welche der Hr. Polizeipr\u00e4sident mit der Johanna angestellt, und glauben wir, da\u00df sich die Berliner sehr bald mit diesen neuen Partien, zu Wasser nach <a href=\"https:\/\/de.wikipedia.org\/wiki\/Berlin-K%C3%B6penick\" target=\"_blank\" rel=\"noopener\">K\u00f6penick<\/a> und Sonntags nach <a href=\"https:\/\/de.wikipedia.org\/wiki\/Berlin-Gr%C3%BCnau\" target=\"_blank\" rel=\"noopener\">Gr\u00fcnau<\/a> unternommen, befreunden werden, so da\u00df wir dem Unternehmen, wenn es koulant und promt geleitet wird, einen guten Erfolg voraussagen k\u00f6nnen.\u201c<\/span><\/p><\/blockquote>\n<p style=\"text-align: justify;\"><span style=\"font-family: arial, helvetica, sans-serif; font-size: 12pt;\">Zehn Tage sp\u00e4ter gab die gleiche Zeitung bekannt, da\u00df die regelm\u00e4\u00dfige Dampfschiffahrt von der Jannowitzbr\u00fccke nach <a href=\"https:\/\/de.wikipedia.org\/wiki\/Berlin-K%C3%B6penick\" target=\"_blank\" rel=\"noopener\">K\u00f6penick<\/a> nun beginnen k\u00f6nne. Inzwischen waren au\u00dfer der <a href=\"https:\/\/berliner-dampfer.de\/?page_id=5081\" target=\"_blank\" rel=\"noopener\">\u201eJohanna\u201c<\/a> die Schwesterschiffe <strong>\u201eBerlin\u201c<\/strong> und \u201eSprea\u201c eingetroffen. Die einfache Fahrt sollte eine Stunde dauern und 5 <a href=\"https:\/\/de.wikipedia.org\/wiki\/Silbergroschen\" target=\"_blank\" rel=\"noopener\">Sgr.<\/a> kosten. Der Fahrpreis nach <a href=\"https:\/\/de.wikipedia.org\/wiki\/Berlin-Stralau\" target=\"_blank\" rel=\"noopener\">Stralau<\/a> oder <a href=\"https:\/\/de.wikipedia.org\/wiki\/Bezirk_Treptow\" target=\"_blank\" rel=\"noopener\">Treptow<\/a> betrug 2 1\/2 <\/span><a href=\"https:\/\/de.wikipedia.org\/wiki\/Silbergroschen\" target=\"_blank\" rel=\"noopener\"><span style=\"font-family: arial, helvetica, sans-serif; font-size: 12pt;\">Sgr.<\/span><\/a><\/p>\n<p><span style=\"font-family: arial, helvetica, sans-serif; font-size: 12pt;\">Die \u201eEisengie\u00dferei, Maschinen- und Schiffsbau-Anstalt von Carl Kesseler &amp; Sohn\u201c lag etwa zwei Kilometer von dem Ryck-Ufer in Greifswald entfernt, so da\u00df der Transport der Schiffe zum Ort ihres Stapellaufs jedesmal ein schwieriges technisches Unternehmen war (Rudolph). 1864 sind zun\u00e4chst die 17,5m langen, 3m breiten, f\u00fcr je 120 Personen bestimmten Schraubendampfer <\/span><\/p>\n<ul>\n<li><span style=\"font-family: arial, helvetica, sans-serif; font-size: 12pt;\">\u201eJohanna\u201c, <\/span><\/li>\n<li><span style=\"font-family: arial, helvetica, sans-serif; font-size: 12pt;\">\u201eSprea\u201c, <\/span><\/li>\n<li><span style=\"font-family: arial, helvetica, sans-serif; font-size: 12pt;\"><strong>\u201eBerlin\u201c<\/strong> und<br \/>\n<\/span><\/li>\n<li><span style=\"font-family: arial, helvetica, sans-serif; font-size: 12pt;\">\u201eViktoria\u201c <\/span><\/li>\n<\/ul>\n<p><span style=\"font-family: arial, helvetica, sans-serif; font-size: 12pt;\">geliefert worden. <\/span><span style=\"font-family: arial, helvetica, sans-serif; font-size: 12pt;\">Noch im gleichen Jahr baute die Werft eine zweite Serie von 4 gleichartigen, kleinen Dampfern, n\u00e4mlich <\/span><\/p>\n<ul>\n<li><span style=\"font-family: arial, helvetica, sans-serif; font-size: 12pt;\">\u201eStralow\u201c, <\/span><\/li>\n<li><span style=\"font-family: arial, helvetica, sans-serif; font-size: 12pt;\">\u201eTreptow\u201c, <\/span><\/li>\n<li><a href=\"https:\/\/berliner-dampfer.de\/?page_id=13547\" target=\"_blank\" rel=\"noopener\"><span style=\"font-family: arial, helvetica, sans-serif; font-size: 12pt;\">\u201eC\u00f6penick\u201c <\/span><\/a><\/li>\n<li><span style=\"font-family: arial, helvetica, sans-serif; font-size: 12pt;\">und die nach einem Lokal benannte \u201eTaverne\u201c.<\/span><\/li>\n<\/ul>\n<p><span style=\"font-family: arial, helvetica, sans-serif; font-size: 12pt;\">Schon kurze Zeit nach seiner Gr\u00fcndung wurde das Unternehmen der Herren Wittenberg und K\u00fchl durch eine Gesch\u00e4ftsverbindung mit Louis Sachse in die \u201eAktiengesellschaft f\u00fcr die Dampfschiffahrt in Berlin und C\u00f6penick\u201c umgewandelt, wie dem \u201eBerliner Fremden- und Anzeigenblatt\u201c vom 23.09.1864 zu entnehmen ist, und daraus entstand der \u201eBerliner-Dampfschiff-Verein\u201c mit einem Kapital von 50000 Talern. Eine Metallmarke, die der Verein 1865 ausgab, zeigt auf einer Seite einen Raddampfer als Relief, obwohl die Reederei nur Schraubendampfer besch\u00e4ftigte, auf der anderen Seite die Firmenbezeichnung und die Initialien W &amp; K (=Wittenberg &amp; K\u00fchl).*<\/span><\/p>\n<p style=\"text-align: justify; padding-left: 40px;\"><span style=\"font-family: arial, helvetica, sans-serif; font-size: 10pt;\">* [Gerber: Bei diesen Metallmarken k\u00f6nnte es sich um F\u00e4hrmarken gehandelt haben. Offenbar war die Firma Wittenberg &amp; K\u00fchl auch in Stettin\/Gotzlow aktiv. Im \u201eWert Marken Forum\u201c findet sich dazu ein Artikel welcher auch Abbildungen dieser F\u00e4hrmarken enth\u00e4lt:<\/span><br \/>\n<span style=\"font-family: arial, helvetica, sans-serif; font-size: 10pt;\"><a href=\"https:\/\/wertmarkenforum.de\/stettin-szczecin-polen-reederei-wittenberg-kuehn-faehrmarken\/\" target=\"_blank\" rel=\"noopener\">https:\/\/wertmarkenforum.de\/stettin-szczecin-polen-reederei-wittenberg-kuehn-faehrmarken\/<\/a> ]<\/span><\/p>\n<p><span style=\"font-family: arial, helvetica, sans-serif; font-size: 12pt;\">Groggert 1988, Seiten 119\/120:<\/span><\/p>\n<p><span style=\"font-family: arial, helvetica, sans-serif; font-size: 12pt;\">Zu dieser Zeit hatte die Berliner Krankgesellschaft ihre Personenschiffahrt auf der Unterhavel aufgegeben. Die SpHDG Stern konnte, nachdem diese Konkurrenz weggefallen war, ihre zeitweilig unbesch\u00e4digten Schiffe wieder in Fahrt bringen. <strong>Von den kleineren Schiffen hatte die SpHDG Stern 1899<\/strong> au\u00dfer der &#8222;Electra&#8220; die beiden <strong>Dampfer<\/strong> <strong>&#8222;Berlin&#8220;<\/strong> und &#8222;Sprea&#8220; <strong>verkauft.<\/strong> 1900 erwarb sie daf\u00fcr die nur etwa 60 Personen fassenden Dampfboote <a href=\"https:\/\/berliner-dampfer.de\/?page_id=15553\" target=\"_blank\" rel=\"noopener\">&#8222;Alsen&#8220;<\/a> und &#8222;Else&#8220;.<\/span><\/td>\n<\/tr>\n<\/tbody>\n<\/table>\n<p>&nbsp;<\/p>\n<table style=\"border-collapse: collapse; width: 100%;\">\n<tbody>\n<tr>\n<td style=\"width: 100%; background-color: #cdcd00;\">\n<p style=\"text-align: justify;\"><span style=\"font-family: arial, helvetica, sans-serif; font-size: 12pt;\"><a href=\"https:\/\/berliner-dampfer.de\/?page_id=194\" target=\"_blank\" rel=\"noopener\">Trost 1988<\/a>, Seiten 2 und 3:<\/span><\/p>\n<p style=\"text-align: justify;\"><span style=\"font-family: arial, helvetica, sans-serif; font-size: 12pt;\">Zur gleichen Zeit kam aber auch das erste Dampfschiff im innerst\u00e4dtischen Verkehr in Fahrt. Der Badeanstaltbesitzer A. Maa\u00df hatte die Idee, seine Badeg\u00e4ste von der <a href=\"https:\/\/de.wikipedia.org\/wiki\/Inselbr\u00fccke\" target=\"_blank\" rel=\"noopener\">Inselbr\u00fccke<\/a> nach der Badeanstalt vor dem <a href=\"https:\/\/de.wikipedia.org\/wiki\/Schlesisches_Tor\" target=\"_blank\" rel=\"noopener\">Schlesischen Tor<\/a> mit einem eigenen Dampfer zu bef\u00f6rdern. Leider ist von diesem Schiff heute nicht einmal mehr der Name bekannt.<\/span><\/p>\n<p style=\"text-align: justify;\"><span style=\"font-family: arial, helvetica, sans-serif; font-size: 12pt;\">Die Einrichtung schien aber Anklang gefunden zu haben, denn schon 10 Jahre sp\u00e4ter nahm Maa\u00df&#8216; Nachfolger, Louis Sachse, 1859 den zweiten Dampfer in Betrieb; er hie\u00df WALDEMAR und fuhr nicht nur nach Sachs&#8217;s neuer\u00f6ffneten Wellenbad, sondern auch weiter spreeaufw\u00e4rts bis Stralau und Treptow. Louis Sachse schlo\u00df sich mit den Stettiner Kaufleuten Wittenberg und K\u00fchl zusammen und fuhr ab 22. Februar 1864 mit den 4 neuerbauten Dampfschiffen <\/span><\/p>\n<ul>\n<li style=\"text-align: justify;\"><span style=\"font-family: arial, helvetica, sans-serif; font-size: 12pt;\">JOHANNA, <\/span><\/li>\n<li style=\"text-align: justify;\"><span style=\"font-family: arial, helvetica, sans-serif; font-size: 12pt;\">SPREA, <\/span><\/li>\n<li style=\"text-align: justify;\"><span style=\"font-family: arial, helvetica, sans-serif; font-size: 12pt;\"><strong>BERLIN<\/strong> und <\/span><\/li>\n<li style=\"text-align: justify;\"><span style=\"font-family: arial, helvetica, sans-serif; font-size: 12pt;\">VICTORIA <\/span><\/li>\n<\/ul>\n<p><span style=\"font-family: arial, helvetica, sans-serif; font-size: 12pt;\">von der Jannowitzbr\u00fccke aus zur Oberspree.<\/span><\/p>\n<p style=\"text-align: justify;\"><span style=\"font-family: arial, helvetica, sans-serif; font-size: 12pt;\">Am 23. September 1864 gr\u00fcndeten sie die &#8222;Actiengesellschaft f\u00fcr die Dampfschiffahrt in Berlin und C\u00f6penick&#8220;, die sich kurz danach &#8222;Berliner Dampfschiffahrts-Verein&#8220; und etwas sp\u00e4ter unter der Leitung von Adolf Schultz &#8222;Berliner Dampfschiffahrts-Gesellschaft&#8220; nannte. 1876 umfa\u00dfte diese Gesellschaft schon eine Flotte von 13 Dampfern.<\/span><\/p>\n<p style=\"text-align: justify;\"><span style=\"font-family: arial, helvetica, sans-serif; font-size: 12pt;\">Die 4 Schwesternschiffe <\/span><\/p>\n<ul style=\"text-align: justify;\">\n<li style=\"text-align: justify;\"><span style=\"font-family: arial, helvetica, sans-serif; font-size: 12pt;\">JOHANNA, <\/span><\/li>\n<li style=\"text-align: justify;\"><span style=\"font-family: arial, helvetica, sans-serif; font-size: 12pt;\">SPREA, <\/span><\/li>\n<li style=\"text-align: justify;\"><span style=\"font-family: arial, helvetica, sans-serif; font-size: 12pt;\"><strong>BERLIN<\/strong> und <\/span><\/li>\n<li style=\"text-align: justify;\"><span style=\"font-family: arial, helvetica, sans-serif; font-size: 12pt;\">VICTORIA <\/span><\/li>\n<\/ul>\n<p style=\"text-align: justify;\"><span style=\"font-family: arial, helvetica, sans-serif; font-size: 12pt;\">wurden 1864 bei der Eisengie\u00dferei, Maschinen- und Schiffbau-Anstalt von Carl Kesseler &amp; Sohn in Greifswald erbaut und hatten gleiche Abmessungen in der L\u00e4nge von 17,84 m, Breite 3,50 m und eine Verdr\u00e4ngung von 14 t; vermessen waren sie f\u00fcr je 85 Personen.<\/span><\/p>\n<p style=\"text-align: justify;\"><span style=\"font-family: arial, helvetica, sans-serif; font-size: 12pt;\">Alle 4 Dampfer hatten ein wechselvolles Schicksal, \u00fcber das noch in einem anderen Abschnitt zu berichten w\u00e4re, denn diese \u00e4ltesten Dampfschiffe bildeten 1890 mit den Grundstock zur Flotte der Spree-Havel-Dampfschiffahrtsgesellschaft &#8222;Stern&#8220;, der sp\u00e4teren Stern und Kreisschiffahrt. Die JOHANNA war am l\u00e4ngsten bis 1933 als Fahrgastdampfer in Fahrt, diente dann weiter als Schlepper auf dem Teltowkanal und war 1946 immer noch vorhanden.<\/span><\/p>\n<p style=\"text-align: justify;\"><span style=\"font-family: arial, helvetica, sans-serif; font-size: 12pt;\">Trost 1988, Seite 8:<\/span><\/p>\n<p style=\"text-align: justify;\"><span style=\"font-family: arial, helvetica, sans-serif; font-size: 12pt;\"><strong>F\u00fcnf der \u00e4ltesten Dampfer wurden <\/strong>zwischen<strong> 1899 <\/strong>und 1902 abgewrackt, bzw. <strong>verkauft,<\/strong> <strong>darunter<\/strong> WALDEMAR, <strong>BERLIN<\/strong> und <a href=\"https:\/\/berliner-dampfer.de\/?page_id=7196\" target=\"_blank\" rel=\"noopener\">KLADDERADATSCH<\/a>, der sp\u00e4ter DEUTSCHER KRONPRINZ, zuletzt bei der SHDG &#8222;Stern&#8220; GREIF hie\u00df. Die VICTORIA ging an die Reederei Schoppe in Havelberg und verkehrte dort auf der Unterhavel bis Rathenow. Daf\u00fcr bestellte man bei den Stettiner Oderwerken wieder 5 Neubauten, die alle 1904 abgeliefert wurden.<\/span><\/p>\n<\/td>\n<\/tr>\n<\/tbody>\n<\/table>\n<p>&nbsp;<\/p>\n<p>&nbsp;<\/p>\n<p>&nbsp;<\/p>\n<p>&nbsp;<\/p>\n<table style=\"border-collapse: collapse; width: 100%; height: 96px;\">\n<tbody>\n<tr style=\"height: 96px;\">\n<td style=\"width: 100%; height: 96px; background-color: #ffd700;\">\n<p style=\"text-align: justify;\"><span style=\"font-family: arial, helvetica, sans-serif; font-size: 12pt;\">Dampfer <strong>&#8222;BERLIN&#8220;<\/strong> und <a href=\"https:\/\/de.wikipedia.org\/wiki\/Kaffenkahn\" target=\"_blank\" rel=\"noopener\">Kaffenkahn<\/a> <strong>&#8222;VORW\u00c4RTS 1817&#8220;<\/strong><\/span><\/p>\n<p style=\"text-align: justify;\"><span style=\"font-family: arial, helvetica, sans-serif; font-size: 12pt;\">Groggert 1988, Seite 2:<\/span><\/p>\n<p><img loading=\"lazy\" decoding=\"async\" class=\"alignnone size-full wp-image-5146\" src=\"https:\/\/berliner-dampfer.de\/wp-content\/uploads\/2024\/09\/1864-Dampfer-Berlin-und-Vorwaerts-Groggert-1988-Seite-6-klein-1200.jpg\" alt=\"\" width=\"1200\" height=\"877\" srcset=\"https:\/\/berliner-dampfer.de\/wp-content\/uploads\/2024\/09\/1864-Dampfer-Berlin-und-Vorwaerts-Groggert-1988-Seite-6-klein-1200.jpg 1200w, https:\/\/berliner-dampfer.de\/wp-content\/uploads\/2024\/09\/1864-Dampfer-Berlin-und-Vorwaerts-Groggert-1988-Seite-6-klein-1200-300x219.jpg 300w, https:\/\/berliner-dampfer.de\/wp-content\/uploads\/2024\/09\/1864-Dampfer-Berlin-und-Vorwaerts-Groggert-1988-Seite-6-klein-1200-1024x748.jpg 1024w, https:\/\/berliner-dampfer.de\/wp-content\/uploads\/2024\/09\/1864-Dampfer-Berlin-und-Vorwaerts-Groggert-1988-Seite-6-klein-1200-768x561.jpg 768w\" sizes=\"auto, (max-width: 1200px) 100vw, 1200px\" \/><\/p>\n<p>&nbsp;<\/p>\n<p style=\"text-align: justify;\"><span style=\"font-family: arial, helvetica, sans-serif; font-size: 12pt;\">Damit stellt sich nat\u00fcrlich sofort die Frage, was das f\u00fcr ein eventuell &#8222;besonderer&#8220; Kaffenkahn ist.<\/span><br \/>\n<span style=\"font-family: arial, helvetica, sans-serif; font-size: 12pt;\">Ich wei\u00df es nicht. Ich wei\u00df auch nicht, was dies f\u00fcr ein Bildgem\u00e4lde ist.<\/span><br \/>\n<span style=\"font-family: arial, helvetica, sans-serif; font-size: 12pt;\"><strong>VORW\u00c4RTS 1817<\/strong>, eventuell ein Bezug zu:<\/span><br \/>\n<span style=\"font-family: arial, helvetica, sans-serif; font-size: 12pt;\"><a href=\"https:\/\/de.wikipedia.org\/wiki\/1817#Deutscher_Bund\" target=\"_blank\" rel=\"noopener\">Deutscher Bund<\/a>: Etwa 500 studentische Vertreter deutscher Universit\u00e4ten treffen sich am 18.\/19. Oktober aus Protest gegen das ihrer Ansicht nach reaktion\u00e4re politische System zum <a href=\"https:\/\/de.wikipedia.org\/wiki\/Wartburgfest\" target=\"_blank\" rel=\"noopener\">Wartburgfest<\/a> in Eisenach.<\/span><\/p>\n<p><img loading=\"lazy\" decoding=\"async\" class=\"alignnone size-full wp-image-5148\" src=\"https:\/\/berliner-dampfer.de\/wp-content\/uploads\/2024\/09\/1864-Dampfer-Berlin-und-Vorwaerts-Groggert-1988-Seite-6-1200-a.jpg\" alt=\"\" width=\"1200\" height=\"384\" srcset=\"https:\/\/berliner-dampfer.de\/wp-content\/uploads\/2024\/09\/1864-Dampfer-Berlin-und-Vorwaerts-Groggert-1988-Seite-6-1200-a.jpg 1200w, https:\/\/berliner-dampfer.de\/wp-content\/uploads\/2024\/09\/1864-Dampfer-Berlin-und-Vorwaerts-Groggert-1988-Seite-6-1200-a-300x96.jpg 300w, https:\/\/berliner-dampfer.de\/wp-content\/uploads\/2024\/09\/1864-Dampfer-Berlin-und-Vorwaerts-Groggert-1988-Seite-6-1200-a-1024x328.jpg 1024w, https:\/\/berliner-dampfer.de\/wp-content\/uploads\/2024\/09\/1864-Dampfer-Berlin-und-Vorwaerts-Groggert-1988-Seite-6-1200-a-768x246.jpg 768w\" sizes=\"auto, (max-width: 1200px) 100vw, 1200px\" \/><\/td>\n<\/tr>\n<\/tbody>\n<\/table>\n<p>&nbsp;<\/p>\n<p>&nbsp;<\/p>\n<p>&nbsp;<\/p>\n<p><span style=\"text-decoration: underline;\"><span style=\"font-family: arial, helvetica, sans-serif; font-size: 12pt;\">Zuletzt bearbeitet 13.05.2025<\/span><\/span><\/p>\n","protected":false},"excerpt":{"rendered":"<p>1864 Berlin 1899 verkauft, Verbleib? &nbsp; Groggert 1988, Seiten 93\/94: Am 22. Februar 1864 genehmigte die Polizeibeh\u00f6rde die Errichtung einer neuen Anlegestelle an der Janowitzbr\u00fccke&hellip;<\/p>\n","protected":false},"author":1,"featured_media":0,"parent":121,"menu_order":0,"comment_status":"closed","ping_status":"closed","template":"","meta":{"ngg_post_thumbnail":0,"iawp_total_views":29,"footnotes":""},"class_list":["post-5120","page","type-page","status-publish","hentry"],"_links":{"self":[{"href":"https:\/\/berliner-dampfer.de\/index.php?rest_route=\/wp\/v2\/pages\/5120","targetHints":{"allow":["GET"]}}],"collection":[{"href":"https:\/\/berliner-dampfer.de\/index.php?rest_route=\/wp\/v2\/pages"}],"about":[{"href":"https:\/\/berliner-dampfer.de\/index.php?rest_route=\/wp\/v2\/types\/page"}],"author":[{"embeddable":true,"href":"https:\/\/berliner-dampfer.de\/index.php?rest_route=\/wp\/v2\/users\/1"}],"replies":[{"embeddable":true,"href":"https:\/\/berliner-dampfer.de\/index.php?rest_route=%2Fwp%2Fv2%2Fcomments&post=5120"}],"version-history":[{"count":49,"href":"https:\/\/berliner-dampfer.de\/index.php?rest_route=\/wp\/v2\/pages\/5120\/revisions"}],"predecessor-version":[{"id":15591,"href":"https:\/\/berliner-dampfer.de\/index.php?rest_route=\/wp\/v2\/pages\/5120\/revisions\/15591"}],"up":[{"embeddable":true,"href":"https:\/\/berliner-dampfer.de\/index.php?rest_route=\/wp\/v2\/pages\/121"}],"wp:attachment":[{"href":"https:\/\/berliner-dampfer.de\/index.php?rest_route=%2Fwp%2Fv2%2Fmedia&parent=5120"}],"curies":[{"name":"wp","href":"https:\/\/api.w.org\/{rel}","templated":true}]}}