{"id":5279,"date":"2024-09-28T22:27:48","date_gmt":"2024-09-28T20:27:48","guid":{"rendered":"https:\/\/berliner-dampfer.de\/?page_id=5279"},"modified":"2025-03-19T05:58:51","modified_gmt":"2025-03-19T04:58:51","slug":"schenkenland","status":"publish","type":"page","link":"https:\/\/berliner-dampfer.de\/?page_id=5279","title":{"rendered":"Schenkenland"},"content":{"rendered":"<table style=\"border-collapse: collapse; width: 100%;\">\n<tbody>\n<tr>\n<td style=\"width: 100%; background-color: #ffff00;\"><span style=\"font-family: arial, helvetica, sans-serif; font-size: 12pt;\">1993 <strong>Schenkenland<\/strong><\/span><\/p>\n<p><span style=\"font-family: arial, helvetica, sans-serif; font-size: 12pt;\">Dahme-Schifffahrt-Teupitz: <\/span><a href=\"https:\/\/www.dahme-schifffahrt.de\/\" target=\"_blank\" rel=\"noopener\"><span style=\"font-family: arial, helvetica, sans-serif; font-size: 12pt;\">www.dahme-schifffahrt.de<\/span><\/a><span style=\"font-family: arial, helvetica, sans-serif; font-size: 12pt;\"> &#8211; <a href=\"https:\/\/www.dahme-schifffahrt.de\/dahme-schifffahrt-teupitz-schenkenland\/\" target=\"_blank\" rel=\"noopener\">&#8222;Das Schiff&#8220;<\/a><\/span><\/p>\n<p><span style=\"font-family: arial, helvetica, sans-serif; font-size: 12pt;\">Binnenschifferforum: <a href=\"https:\/\/www.binnenschifferforum.de\/showthread.php?95874-Schenkenland-FGS-05611100\" target=\"_blank\" rel=\"noopener\">Schenkenland<\/a><\/span><\/td>\n<\/tr>\n<\/tbody>\n<\/table>\n<p>&nbsp;<\/p>\n<p><span style=\"font-family: arial, helvetica, sans-serif; font-size: 12pt;\">Die Reederei &#8222;Dahme-Schifffahrt-Teupitz \/ Marika Kaubisch (Einzelunternehmerin)&#8220; verf\u00fcgt \u00fcber eine sehr ansprechende Webseite und bietet einen guten \u00dcberblick \u00fcber die Geschichte ihrer Reederei:<\/span><\/p>\n<ul>\n<li><span style=\"font-family: arial, helvetica, sans-serif; font-size: 12pt;\"><a href=\"https:\/\/www.dahme-schifffahrt.de\/die-dahme-schifffahrt-teupitz\/\" target=\"_blank\" rel=\"noopener\">Die Dahme-Schifffahrt-Teupitz<\/a><\/span><\/li>\n<\/ul>\n<p><span style=\"font-family: arial, helvetica, sans-serif; font-size: 12pt;\">Au\u00dferdem verweist Sie auf ihrer Webseite auf eine sehr interessante, lesenwerte Chronik, hier der Direkt-Link:<\/span><\/p>\n<ul>\n<li><span style=\"font-family: arial, helvetica, sans-serif; font-size: 12pt;\"><strong>Lothar Tyb&#8217;l<\/strong>: <a href=\"https:\/\/www.dahme-schifffahrt.de\/media\/PDF\/Personenschifffahrt.pdf\" target=\"_blank\" rel=\"noopener\"><strong>Chronik zur Personenschifffahrt auf dem Teupitzer See<\/strong><\/a><\/span><\/li>\n<\/ul>\n<p>&nbsp;<\/p>\n<table style=\"border-collapse: collapse; width: 100%;\">\n<tbody>\n<tr>\n<td style=\"width: 100%; background-color: #c0c0ff;\"><span style=\"font-family: arial, helvetica, sans-serif; font-size: 12pt;\">Dahme-Schifffahrt-Teupitz,<\/span><br \/>\n<span style=\"font-family: arial, helvetica, sans-serif; font-size: 12pt;\"><a href=\"https:\/\/www.dahme-schifffahrt.de\/die-dahme-schifffahrt-teupitz\/\" target=\"_blank\" rel=\"noopener\"><strong>Schiffsbeschreibung der Schenkenland<\/strong><\/a>:<\/span><\/p>\n<p style=\"text-align: justify;\"><span style=\"font-family: arial, helvetica, sans-serif; font-size: 12pt;\">Das Fahrgastschiff &#8222;Schenkenland&#8220; wurde 1993 als Neubau in der <a href=\"https:\/\/de.wikipedia.org\/wiki\/Schiffswerft_Georg_Placke\" target=\"_blank\" rel=\"noopener\">\u201eGeorg-Placke-Werft\u201c<\/a> Aken auf Kiel gelegt. Geplant und konstruiert nach den besonderen Gegebenheiten der Gew\u00e4sser und Kan\u00e4le bietet es Platz f\u00fcr bis zu 150 Personen. Der Name ist der Bezeichnung <a href=\"https:\/\/de.wikipedia.org\/wiki\/Schenkenl\u00e4ndchen\" target=\"_blank\" rel=\"noopener\">\u201eSchenkenl\u00e4ndchen\u201c<\/a> nachempfunden, welche das Teupitzer Gebiet wegen der 400-j\u00e4hrigen Herrschaft der Schenken von Landsberg (ca. 1330-1717) trug. <\/span><\/p>\n<p style=\"text-align: justify;\"><span style=\"font-family: arial, helvetica, sans-serif; font-size: 12pt;\">An Bord gibt es eine Komb\u00fcse f\u00fcr den Hunger und Durst w\u00e4hrend der Fahrt. Vom einfachen Mineralwasser bis zum original italienischen Latte Macchiato bietet sie eine reichhaltige Auswahl an Getr\u00e4nken. Auch f\u00fcr den kleinen Hunger zwischendurch ist mit verschiedenen Snacks gesorgt. Nat\u00fcrlich gibt es auch eine Heizung f\u00fcr k\u00fchlere Tage und Toiletten f\u00fcr Damen und Herren getrennt.<\/span><\/p>\n<p style=\"text-align: justify;\"><span style=\"font-family: arial, helvetica, sans-serif; font-size: 12pt;\">Die &#8222;Schenkenland&#8220; misst 24 m in der L\u00e4nge und 4,5 m in der Breite bei einem Tiefgang von 0,7 m und einer Verd\u00e4ngung von 61 t. Es passen bis zu 65 Personen in den Salon unter Deck und bis zu 85 Personen auf das Oberdeck. Angetrieben wird die &#8222;Schenkenland&#8220; von einem Volvo Penta 6 Zylinder Dieselmotor mit 150 PS. Weiterhin gibt es zwei Hilfsmaschinen zur Stromerzeugung und ein Bugstrahlruder mit 8 kW Leistung, um besser man\u00f6vrieren zu k\u00f6nnen.<\/span><\/p>\n<\/td>\n<\/tr>\n<\/tbody>\n<\/table>\n<p>&nbsp;<\/p>\n<p>&nbsp;<\/p>\n<table style=\"border-collapse: collapse; width: 100%; height: 48px;\">\n<tbody>\n<tr style=\"height: 48px;\">\n<td style=\"width: 100%; height: 48px; background-color: #ffff00;\">\n<p style=\"text-align: justify;\"><span style=\"font-family: arial, helvetica, sans-serif; font-size: 12pt;\">Hier ein sehr sch\u00f6ner Schiffspostbeleg, postalisch gelaufen 1996, frankiert mit <a href=\"https:\/\/de.wikipedia.org\/wiki\/Briefmarken-Jahrgang_1996_der_Bundesrepublik_Deutschland\" target=\"_blank\" rel=\"noopener\">Michelnummer 1881 aus 1996<\/a>&nbsp; aus der &#8222;Serie: Kultur- und Naturerbe der Menschheit \/ Altstadt <a title=\"Bamberg\" href=\"https:\/\/de.wikipedia.org\/wiki\/Bamberg\">Bamberg<\/a>&#8222;<\/span><\/p>\n<blockquote>\n<p style=\"text-align: justify;\"><span style=\"font-family: arial, helvetica, sans-serif; font-size: 12pt;\">&#8230; Viele Gr\u00fc\u00dfe aus der Jugendherbere in Klein-K\u00f6ris &#8230; Gestern haben wir eine wundersch\u00f6ne Dampferfahrt \u00fcber 4 Seen gemacht. Heute haben wir uns die Gegend vom Pferdewagen aus angesehen\u2026.<\/span><\/p>\n<\/blockquote>\n<p><span style=\"font-family: arial, helvetica, sans-serif;\"><em><img loading=\"lazy\" decoding=\"async\" class=\"size-full wp-image-5531 alignnone\" src=\"https:\/\/berliner-dampfer.de\/wp-content\/uploads\/2024\/10\/1996-MS-Schenkenland-klein.jpg\" alt=\"\" width=\"1200\" height=\"1110\" srcset=\"https:\/\/berliner-dampfer.de\/wp-content\/uploads\/2024\/10\/1996-MS-Schenkenland-klein.jpg 1200w, https:\/\/berliner-dampfer.de\/wp-content\/uploads\/2024\/10\/1996-MS-Schenkenland-klein-300x278.jpg 300w, https:\/\/berliner-dampfer.de\/wp-content\/uploads\/2024\/10\/1996-MS-Schenkenland-klein-1024x947.jpg 1024w, https:\/\/berliner-dampfer.de\/wp-content\/uploads\/2024\/10\/1996-MS-Schenkenland-klein-768x710.jpg 768w\" sizes=\"auto, (max-width: 1200px) 100vw, 1200px\" \/><\/em><\/span><\/p>\n<p><span style=\"font-family: arial, helvetica, sans-serif; font-size: 12pt;\">Die auf der Ansichtskarte mitaufgef\u00fchrte MS &#8222;Party&#8220; hingegen wurde inzwischen verkauft, hier steht in der Chronik auf der Reederei-Webseite:<\/span><\/p>\n<blockquote><p><span style=\"font-family: arial, helvetica, sans-serif; font-size: 12pt;\">1993 erwarb er von der <a href=\"https:\/\/jacko-schiffbau.de\/\" target=\"_blank\" rel=\"noopener\">Jacko-Werft<\/a> Dolgenbrodt das neu erbaute Motorschiff Party (40 Personen), das bis zum Verkauf 1997 gute Dienste leistete.<\/span><\/p><\/blockquote>\n<\/td>\n<\/tr>\n<\/tbody>\n<\/table>\n<p>&nbsp;<\/p>\n<p>&nbsp;<\/p>\n<p><span style=\"text-decoration: underline;\"><span style=\"font-family: arial, helvetica, sans-serif; font-size: 12pt;\">Zuletzt bearbeitet 19.03.2025<\/span><\/span><\/p>\n","protected":false},"excerpt":{"rendered":"<p>1993 Schenkenland Dahme-Schifffahrt-Teupitz: www.dahme-schifffahrt.de &#8211; &#8222;Das Schiff&#8220; Binnenschifferforum: Schenkenland &nbsp; Die Reederei &#8222;Dahme-Schifffahrt-Teupitz \/ Marika Kaubisch (Einzelunternehmerin)&#8220; verf\u00fcgt \u00fcber eine sehr ansprechende Webseite und bietet&hellip;<\/p>\n","protected":false},"author":1,"featured_media":0,"parent":0,"menu_order":0,"comment_status":"closed","ping_status":"closed","template":"","meta":{"ngg_post_thumbnail":0,"iawp_total_views":9,"footnotes":""},"class_list":["post-5279","page","type-page","status-publish","hentry"],"_links":{"self":[{"href":"https:\/\/berliner-dampfer.de\/index.php?rest_route=\/wp\/v2\/pages\/5279","targetHints":{"allow":["GET"]}}],"collection":[{"href":"https:\/\/berliner-dampfer.de\/index.php?rest_route=\/wp\/v2\/pages"}],"about":[{"href":"https:\/\/berliner-dampfer.de\/index.php?rest_route=\/wp\/v2\/types\/page"}],"author":[{"embeddable":true,"href":"https:\/\/berliner-dampfer.de\/index.php?rest_route=\/wp\/v2\/users\/1"}],"replies":[{"embeddable":true,"href":"https:\/\/berliner-dampfer.de\/index.php?rest_route=%2Fwp%2Fv2%2Fcomments&post=5279"}],"version-history":[{"count":17,"href":"https:\/\/berliner-dampfer.de\/index.php?rest_route=\/wp\/v2\/pages\/5279\/revisions"}],"predecessor-version":[{"id":13986,"href":"https:\/\/berliner-dampfer.de\/index.php?rest_route=\/wp\/v2\/pages\/5279\/revisions\/13986"}],"wp:attachment":[{"href":"https:\/\/berliner-dampfer.de\/index.php?rest_route=%2Fwp%2Fv2%2Fmedia&parent=5279"}],"curies":[{"name":"wp","href":"https:\/\/api.w.org\/{rel}","templated":true}]}}