{"id":5804,"date":"2024-10-07T19:55:16","date_gmt":"2024-10-07T17:55:16","guid":{"rendered":"https:\/\/berliner-dampfer.de\/?page_id=5804"},"modified":"2025-04-25T22:09:31","modified_gmt":"2025-04-25T20:09:31","slug":"kohlhase","status":"publish","type":"page","link":"https:\/\/berliner-dampfer.de\/?page_id=5804","title":{"rendered":"Havelfee (1954)"},"content":{"rendered":"<table style=\"border-collapse: collapse; width: 100%; height: 24px;\">\n<tbody>\n<tr style=\"height: 24px;\">\n<td style=\"width: 100%; background-color: #ffff00; height: 24px;\"><span style=\"font-family: arial, helvetica, sans-serif; font-size: 12pt;\"><em>&#8222;Am <strong>13.12.1954<\/strong> als Eisbrecher in Dienst gestellt&#8220;<\/em> } 1955 <b>Kohlhase } <\/b>2010 <b>Havelfee<\/b><\/span><\/p>\n<p><span style=\"font-family: arial, helvetica, sans-serif; font-size: 12pt;\">Reederei R\u00f6ding: <a href=\"http:\/\/www.fgs-havelfee.de\/\" target=\"_blank\" rel=\"noopener\">FGS Havelfee<\/a> (Dort auch mit einem <a href=\"http:\/\/www.fgs-havelfee.de\/bilder\/220503-bestofbb-havelfee-brb-master_update(1080p).mp4\" target=\"_blank\" rel=\"noopener\">sehr h\u00fcbschen Video<\/a>)<\/span><\/p>\n<p><span style=\"font-family: arial, helvetica, sans-serif; font-size: 12pt;\">Binnenschifferforum: <a href=\"https:\/\/www.binnenschifferforum.de\/showthread.php?33897-Kohlhase-FGS-5600490\" target=\"_blank\" rel=\"noopener\">Kohlhase<\/a><\/span><\/p>\n<p><span style=\"font-family: arial, helvetica, sans-serif; font-size: 12pt;\">Wikipedia: <a href=\"https:\/\/de.wikipedia.org\/wiki\/Havelfee\" target=\"_blank\" rel=\"noopener\">Havelfee<\/a><\/span><\/td>\n<\/tr>\n<\/tbody>\n<\/table>\n<p>&nbsp;<\/p>\n<table style=\"border-collapse: collapse; width: 100%;\">\n<tbody>\n<tr>\n<td style=\"width: 100%; background-color: #ffd700; text-align: justify;\"><span style=\"font-family: arial, helvetica, sans-serif; font-size: 12pt;\"><a href=\"\/Users\/Barbara\/Desktop\/Berliner%20Dampfer%20Webseite\/html\/links_-_literatur.html\" target=\"_blank\" rel=\"noopener\">Groggert<\/a> 1988, Seite 278:<\/span><br \/>\n<span style=\"font-family: arial, helvetica, sans-serif; font-size: 12pt;\">Die <a href=\"https:\/\/de.wikipedia.org\/wiki\/Teltow-Werft\" target=\"_blank\" rel=\"noopener\">Teltow-Werft<\/a>, die damals Fracht- und Spezialschiffe f\u00fcr fremde Rechnung baute, besch\u00e4ftigte ihr Personal w\u00e4hrend der Intervalle zwischen mehreren Bauvorhaben mit der etappenweisen Herstellung einen \u201cL\u00fcckenschiffs\u201d, das als Fahrgastschiff, Schlepper, Eisbrecher und Bereisungsboot auf dem Teltowkanal eingesetzt werden konnte. Dieses Mehrzweckschiff, das 1952 vom Stabel lief und am <strong>13. Dezember 1954 als Eisbrecher in Dienst gestellt<\/strong> werden konnte, erschien im Sommer <strong>1955<\/strong> als Personenmotorschiff <strong>\u201cKohlhase\u201d<\/strong> auf dem Wannsee. \u201c<strong>Kohlhase\u201d<\/strong> war somit der erste vollst\u00e4ndige Neubau der Stern und Kreisschiffahrt nach dem Kriege.<\/span><\/td>\n<\/tr>\n<\/tbody>\n<\/table>\n<p>&nbsp;<\/p>\n<p>&nbsp;<\/p>\n<p>&nbsp;<\/p>\n<p>&nbsp;<\/p>\n<p>&nbsp;<\/p>\n<p>&nbsp;<\/p>\n<p><img loading=\"lazy\" decoding=\"async\" class=\"alignnone size-full wp-image-5814\" src=\"https:\/\/berliner-dampfer.de\/wp-content\/uploads\/2024\/10\/1955-Kohlhase-Groggert-1972.jpg\" alt=\"\" width=\"1200\" height=\"470\" srcset=\"https:\/\/berliner-dampfer.de\/wp-content\/uploads\/2024\/10\/1955-Kohlhase-Groggert-1972.jpg 1200w, https:\/\/berliner-dampfer.de\/wp-content\/uploads\/2024\/10\/1955-Kohlhase-Groggert-1972-300x118.jpg 300w, https:\/\/berliner-dampfer.de\/wp-content\/uploads\/2024\/10\/1955-Kohlhase-Groggert-1972-1024x401.jpg 1024w, https:\/\/berliner-dampfer.de\/wp-content\/uploads\/2024\/10\/1955-Kohlhase-Groggert-1972-768x301.jpg 768w\" sizes=\"auto, (max-width: 1200px) 100vw, 1200px\" \/><\/p>\n<p>&nbsp;<\/p>\n<p>&nbsp;<\/p>\n<p>&nbsp;<\/p>\n<p><span style=\"font-family: arial, helvetica, sans-serif; font-size: 12pt;\">AK um <strong>1960<\/strong>, oben Links <strong>&#8222;Kohlhase&#8220;<\/strong>, rechts &#8222;Sperber&#8220; und unten &#8222;Wannsee&#8220;:<\/span><\/p>\n<p><img loading=\"lazy\" decoding=\"async\" class=\"alignnone size-full wp-image-5825\" src=\"https:\/\/berliner-dampfer.de\/wp-content\/uploads\/2024\/10\/1955-Kohlhase-Sperber-Wannsee-klein.jpg\" alt=\"\" width=\"1200\" height=\"776\" srcset=\"https:\/\/berliner-dampfer.de\/wp-content\/uploads\/2024\/10\/1955-Kohlhase-Sperber-Wannsee-klein.jpg 1200w, https:\/\/berliner-dampfer.de\/wp-content\/uploads\/2024\/10\/1955-Kohlhase-Sperber-Wannsee-klein-300x194.jpg 300w, https:\/\/berliner-dampfer.de\/wp-content\/uploads\/2024\/10\/1955-Kohlhase-Sperber-Wannsee-klein-1024x662.jpg 1024w, https:\/\/berliner-dampfer.de\/wp-content\/uploads\/2024\/10\/1955-Kohlhase-Sperber-Wannsee-klein-768x497.jpg 768w\" sizes=\"auto, (max-width: 1200px) 100vw, 1200px\" \/><\/p>\n<p>&nbsp;<\/p>\n<p>&nbsp;<\/p>\n<p>&nbsp;<\/p>\n<p><img loading=\"lazy\" decoding=\"async\" class=\"alignnone size-full wp-image-5818\" src=\"https:\/\/berliner-dampfer.de\/wp-content\/uploads\/2024\/10\/1969-Kohlhase.jpg\" alt=\"\" width=\"1000\" height=\"268\" srcset=\"https:\/\/berliner-dampfer.de\/wp-content\/uploads\/2024\/10\/1969-Kohlhase.jpg 1000w, https:\/\/berliner-dampfer.de\/wp-content\/uploads\/2024\/10\/1969-Kohlhase-300x80.jpg 300w, https:\/\/berliner-dampfer.de\/wp-content\/uploads\/2024\/10\/1969-Kohlhase-768x206.jpg 768w\" sizes=\"auto, (max-width: 1000px) 100vw, 1000px\" \/><\/p>\n<p>&nbsp;<\/p>\n<p>&nbsp;<\/p>\n<p>&nbsp;<\/p>\n<p><img loading=\"lazy\" decoding=\"async\" class=\"alignnone size-full wp-image-15150\" src=\"https:\/\/berliner-dampfer.de\/wp-content\/uploads\/2025\/04\/1990-ca-KOHLHASE-klein.jpg\" alt=\"\" width=\"1200\" height=\"942\" srcset=\"https:\/\/berliner-dampfer.de\/wp-content\/uploads\/2025\/04\/1990-ca-KOHLHASE-klein.jpg 1200w, https:\/\/berliner-dampfer.de\/wp-content\/uploads\/2025\/04\/1990-ca-KOHLHASE-klein-300x236.jpg 300w, https:\/\/berliner-dampfer.de\/wp-content\/uploads\/2025\/04\/1990-ca-KOHLHASE-klein-1024x804.jpg 1024w, https:\/\/berliner-dampfer.de\/wp-content\/uploads\/2025\/04\/1990-ca-KOHLHASE-klein-768x603.jpg 768w\" sizes=\"auto, (max-width: 1200px) 100vw, 1200px\" \/><\/p>\n<p>&nbsp;<\/p>\n<p>&nbsp;<\/p>\n<p>&nbsp;<\/p>\n<p><img loading=\"lazy\" decoding=\"async\" class=\"size-full wp-image-5819\" src=\"https:\/\/berliner-dampfer.de\/wp-content\/uploads\/2024\/10\/2004-04-24-Kohlhase2-Roskowetz-klein.jpg\" alt=\"\" width=\"1200\" height=\"675\" srcset=\"https:\/\/berliner-dampfer.de\/wp-content\/uploads\/2024\/10\/2004-04-24-Kohlhase2-Roskowetz-klein.jpg 1200w, https:\/\/berliner-dampfer.de\/wp-content\/uploads\/2024\/10\/2004-04-24-Kohlhase2-Roskowetz-klein-300x169.jpg 300w, https:\/\/berliner-dampfer.de\/wp-content\/uploads\/2024\/10\/2004-04-24-Kohlhase2-Roskowetz-klein-1024x576.jpg 1024w, https:\/\/berliner-dampfer.de\/wp-content\/uploads\/2024\/10\/2004-04-24-Kohlhase2-Roskowetz-klein-768x432.jpg 768w\" sizes=\"auto, (max-width: 1200px) 100vw, 1200px\" \/><\/p>\n<p>&nbsp;<\/p>\n<p>&nbsp;<\/p>\n<p><img loading=\"lazy\" decoding=\"async\" class=\"alignnone size-full wp-image-5820\" src=\"https:\/\/berliner-dampfer.de\/wp-content\/uploads\/2024\/10\/2006-07-16-Kohlhase1-Roskowetz-klein.jpg\" alt=\"\" width=\"1200\" height=\"675\" srcset=\"https:\/\/berliner-dampfer.de\/wp-content\/uploads\/2024\/10\/2006-07-16-Kohlhase1-Roskowetz-klein.jpg 1200w, https:\/\/berliner-dampfer.de\/wp-content\/uploads\/2024\/10\/2006-07-16-Kohlhase1-Roskowetz-klein-300x169.jpg 300w, https:\/\/berliner-dampfer.de\/wp-content\/uploads\/2024\/10\/2006-07-16-Kohlhase1-Roskowetz-klein-1024x576.jpg 1024w, https:\/\/berliner-dampfer.de\/wp-content\/uploads\/2024\/10\/2006-07-16-Kohlhase1-Roskowetz-klein-768x432.jpg 768w\" sizes=\"auto, (max-width: 1200px) 100vw, 1200px\" \/><\/p>\n<p>&nbsp;<\/p>\n<p>&nbsp;<\/p>\n<p><img loading=\"lazy\" decoding=\"async\" class=\"alignnone size-full wp-image-5821\" src=\"https:\/\/berliner-dampfer.de\/wp-content\/uploads\/2024\/10\/2010-06-06-Kohlhase-2-Roskowetz-klein.jpg\" alt=\"\" width=\"1200\" height=\"675\" srcset=\"https:\/\/berliner-dampfer.de\/wp-content\/uploads\/2024\/10\/2010-06-06-Kohlhase-2-Roskowetz-klein.jpg 1200w, https:\/\/berliner-dampfer.de\/wp-content\/uploads\/2024\/10\/2010-06-06-Kohlhase-2-Roskowetz-klein-300x169.jpg 300w, https:\/\/berliner-dampfer.de\/wp-content\/uploads\/2024\/10\/2010-06-06-Kohlhase-2-Roskowetz-klein-1024x576.jpg 1024w, https:\/\/berliner-dampfer.de\/wp-content\/uploads\/2024\/10\/2010-06-06-Kohlhase-2-Roskowetz-klein-768x432.jpg 768w\" sizes=\"auto, (max-width: 1200px) 100vw, 1200px\" \/><\/p>\n<p><img loading=\"lazy\" decoding=\"async\" class=\"alignnone size-full wp-image-5822\" src=\"https:\/\/berliner-dampfer.de\/wp-content\/uploads\/2024\/10\/2010-06-06-Kohlhase-4-Roskowetz-klein.jpg\" alt=\"\" width=\"1200\" height=\"675\" srcset=\"https:\/\/berliner-dampfer.de\/wp-content\/uploads\/2024\/10\/2010-06-06-Kohlhase-4-Roskowetz-klein.jpg 1200w, https:\/\/berliner-dampfer.de\/wp-content\/uploads\/2024\/10\/2010-06-06-Kohlhase-4-Roskowetz-klein-300x169.jpg 300w, https:\/\/berliner-dampfer.de\/wp-content\/uploads\/2024\/10\/2010-06-06-Kohlhase-4-Roskowetz-klein-1024x576.jpg 1024w, https:\/\/berliner-dampfer.de\/wp-content\/uploads\/2024\/10\/2010-06-06-Kohlhase-4-Roskowetz-klein-768x432.jpg 768w\" sizes=\"auto, (max-width: 1200px) 100vw, 1200px\" \/> <img loading=\"lazy\" decoding=\"async\" class=\"alignnone size-full wp-image-5823\" src=\"https:\/\/berliner-dampfer.de\/wp-content\/uploads\/2024\/10\/2010-06-06-Kohlhase-6-Roskowetz-klein.jpg\" alt=\"\" width=\"1200\" height=\"675\" srcset=\"https:\/\/berliner-dampfer.de\/wp-content\/uploads\/2024\/10\/2010-06-06-Kohlhase-6-Roskowetz-klein.jpg 1200w, https:\/\/berliner-dampfer.de\/wp-content\/uploads\/2024\/10\/2010-06-06-Kohlhase-6-Roskowetz-klein-300x169.jpg 300w, https:\/\/berliner-dampfer.de\/wp-content\/uploads\/2024\/10\/2010-06-06-Kohlhase-6-Roskowetz-klein-1024x576.jpg 1024w, https:\/\/berliner-dampfer.de\/wp-content\/uploads\/2024\/10\/2010-06-06-Kohlhase-6-Roskowetz-klein-768x432.jpg 768w\" sizes=\"auto, (max-width: 1200px) 100vw, 1200px\" \/><\/p>\n<p>&nbsp;<\/p>\n<p>&nbsp;<\/p>\n<table style=\"border-collapse: collapse; width: 100%;\">\n<tbody>\n<tr>\n<td style=\"width: 26.1105%; text-align: left; vertical-align: top;\"><span style=\"font-family: arial, helvetica, sans-serif; font-size: 12pt;\">28.01.2025<\/span><\/p>\n<p><span style=\"font-family: arial, helvetica, sans-serif; font-size: 12pt;\"><a href=\"http:\/\/www.fgs-havelfee.de\/\" target=\"_blank\" rel=\"noopener\">Sylvia Ritzka <strong>Reederei R\u00f6ding<br \/>\n<\/strong><\/a><\/span><\/td>\n<td style=\"width: 73.8895%; background-color: #c0c0ff; text-align: left; vertical-align: top;\"><strong><span style=\"font-family: arial, helvetica, sans-serif; font-size: 12pt;\">Fahrgastschiff Havelfee<\/span><\/strong><\/p>\n<h3><span style=\"font-family: arial, helvetica, sans-serif; font-size: 12pt;\">Technische Daten:<\/span><\/h3>\n<table>\n<tbody>\n<tr>\n<td><span style=\"font-family: arial, helvetica, sans-serif; font-size: 12pt;\"><strong>Baujahr:<\/strong><\/span><\/td>\n<td class=\"rechts\"><span style=\"font-family: arial, helvetica, sans-serif; font-size: 12pt;\">1954<\/span><\/td>\n<\/tr>\n<tr>\n<td><span style=\"font-family: arial, helvetica, sans-serif; font-size: 12pt;\"><strong>L\u00e4nge:<\/strong><\/span><\/td>\n<td class=\"rechts\"><span style=\"font-family: arial, helvetica, sans-serif; font-size: 12pt;\">24,22 m<\/span><\/td>\n<\/tr>\n<tr>\n<td><span style=\"font-family: arial, helvetica, sans-serif; font-size: 12pt;\"><strong>Breite:<\/strong><\/span><\/td>\n<td class=\"rechts\"><span style=\"font-family: arial, helvetica, sans-serif; font-size: 12pt;\">4,81 m<\/span><\/td>\n<\/tr>\n<tr>\n<td><span style=\"font-family: arial, helvetica, sans-serif; font-size: 12pt;\"><strong>Tiefgang:<\/strong><\/span><\/td>\n<td class=\"rechts\"><span style=\"font-family: arial, helvetica, sans-serif; font-size: 12pt;\">1,31 m<\/span><\/td>\n<\/tr>\n<tr>\n<td><span style=\"font-family: arial, helvetica, sans-serif; font-size: 12pt;\"><strong>Leistung:<\/strong><\/span><\/td>\n<td class=\"rechts\"><span style=\"font-family: arial, helvetica, sans-serif; font-size: 12pt;\">110 kW<\/span><\/td>\n<\/tr>\n<tr>\n<td><span style=\"font-family: arial, helvetica, sans-serif; font-size: 12pt;\"><strong>Passagierzahl:<\/strong><\/span><\/td>\n<td class=\"rechts\"><span style=\"font-family: arial, helvetica, sans-serif; font-size: 12pt;\">200<\/span><\/td>\n<\/tr>\n<\/tbody>\n<\/table>\n<\/td>\n<\/tr>\n<\/tbody>\n<\/table>\n<p>&nbsp;<\/p>\n<p>&nbsp;<\/p>\n<p>&nbsp;<\/p>\n<p><span style=\"text-decoration: underline;\"><span style=\"font-family: arial, helvetica, sans-serif; font-size: 12pt;\">Zuletzt bearbeitet 25.04.2025<br \/>\n<\/span><\/span><\/p>\n","protected":false},"excerpt":{"rendered":"<p>&#8222;Am 13.12.1954 als Eisbrecher in Dienst gestellt&#8220; } 1955 Kohlhase } 2010 Havelfee Reederei R\u00f6ding: FGS Havelfee (Dort auch mit einem sehr h\u00fcbschen Video) Binnenschifferforum:&hellip;<\/p>\n","protected":false},"author":1,"featured_media":0,"parent":0,"menu_order":0,"comment_status":"closed","ping_status":"closed","template":"","meta":{"ngg_post_thumbnail":0,"iawp_total_views":34,"footnotes":""},"class_list":["post-5804","page","type-page","status-publish","hentry"],"_links":{"self":[{"href":"https:\/\/berliner-dampfer.de\/index.php?rest_route=\/wp\/v2\/pages\/5804","targetHints":{"allow":["GET"]}}],"collection":[{"href":"https:\/\/berliner-dampfer.de\/index.php?rest_route=\/wp\/v2\/pages"}],"about":[{"href":"https:\/\/berliner-dampfer.de\/index.php?rest_route=\/wp\/v2\/types\/page"}],"author":[{"embeddable":true,"href":"https:\/\/berliner-dampfer.de\/index.php?rest_route=\/wp\/v2\/users\/1"}],"replies":[{"embeddable":true,"href":"https:\/\/berliner-dampfer.de\/index.php?rest_route=%2Fwp%2Fv2%2Fcomments&post=5804"}],"version-history":[{"count":26,"href":"https:\/\/berliner-dampfer.de\/index.php?rest_route=\/wp\/v2\/pages\/5804\/revisions"}],"predecessor-version":[{"id":15151,"href":"https:\/\/berliner-dampfer.de\/index.php?rest_route=\/wp\/v2\/pages\/5804\/revisions\/15151"}],"wp:attachment":[{"href":"https:\/\/berliner-dampfer.de\/index.php?rest_route=%2Fwp%2Fv2%2Fmedia&parent=5804"}],"curies":[{"name":"wp","href":"https:\/\/api.w.org\/{rel}","templated":true}]}}