{"id":5863,"date":"2024-10-10T08:44:55","date_gmt":"2024-10-10T06:44:55","guid":{"rendered":"https:\/\/berliner-dampfer.de\/?page_id=5863"},"modified":"2026-03-31T21:42:29","modified_gmt":"2026-03-31T19:42:29","slug":"kehrwieder-iii-1928","status":"publish","type":"page","link":"https:\/\/berliner-dampfer.de\/?page_id=5863","title":{"rendered":"Kehrwieder III (1928)"},"content":{"rendered":"<table style=\"border-collapse: collapse; width: 100%;\">\n<tbody>\n<tr>\n<td style=\"width: 100%; background-color: #ffff00;\"><span style=\"font-family: arial, helvetica, sans-serif; font-size: 12pt;\"><span style=\"font-size: 10pt;\">1928<\/span> <strong>Siegfried<\/strong> } <span style=\"font-size: 10pt;\">1961<\/span> <strong>Kehrwieder III<\/strong> } <span style=\"font-size: 10pt;\">1963<\/span> <strong>Stadt Miltenberg<\/strong> } <span style=\"font-size: 10pt;\">1976<\/span> <strong>Wappen von Hameln<\/strong> } <span style=\"font-size: 10pt;\">1989<\/span> <strong>Wappen von Emmerthal<\/strong> } <span style=\"font-size: 10pt;\">1998<\/span> <strong>Wappen von Wiesmoor<\/strong> } <span style=\"font-size: 10pt;\">2002<\/span> <strong>Drachenschwanz<\/strong> &#8211; <span style=\"font-size: 10pt;\">2011<\/span> verschrottet<\/span><\/p>\n<p><span style=\"font-family: arial, helvetica, sans-serif; font-size: 12pt;\">Binnenschifferforum: <\/span><a href=\"https:\/\/www.binnenschifferforum.de\/showthread.php?27396-Siegfried-FGS\" target=\"_blank\" rel=\"noopener\"><span style=\"font-family: arial, helvetica, sans-serif; font-size: 12pt;\">Siegfried<\/span><\/a><br \/>\n<span style=\"font-family: arial, helvetica, sans-serif; font-size: 12pt;\">Binnenschifferforum: <a href=\"https:\/\/www.binnenschifferforum.de\/showthread.php?106373-Wappen-Von-Hameln-FGS\" target=\"_blank\" rel=\"noopener\">Wappen von Hameln<\/a><br \/>\nBinnenschifferforum: <a href=\"https:\/\/www.binnenschifferforum.de\/showthread.php?106374-Wappen-Von-Wiesmoor\" target=\"_blank\" rel=\"noopener\">Wappen von Wiesmoor&nbsp;<\/a><\/span><\/p>\n<p><span style=\"font-family: arial, helvetica, sans-serif; font-size: 12pt;\">Wikipedia: <\/span><a href=\"https:\/\/de.wikipedia.org\/wiki\/Drachenschwanz_(Schiff,_1928)\" target=\"_blank\" rel=\"noopener\"><span style=\"font-family: arial, helvetica, sans-serif; font-size: 12pt;\">Drachenschwanz (Schiff, 1928)<\/span><\/a><\/td>\n<\/tr>\n<\/tbody>\n<\/table>\n<p>&nbsp;<\/p>\n<table style=\"border-collapse: collapse; width: 100%;\">\n<tbody>\n<tr>\n<td style=\"width: 100%; background-color: #ffd700; text-align: justify;\"><span style=\"font-family: arial, helvetica, sans-serif; font-size: 12pt;\"><a href=\"https:\/\/berliner-dampfer.de\/?page_id=194\" target=\"_blank\" rel=\"noopener\">Groggert 1988<\/a>, Seiten 285\/286:<br \/>\nUnterhalb der Kottbusser Br\u00fccke lie\u00df sich die Reederei Fr\u00f6hlich nieder, deren Motorschiff <a href=\"https:\/\/berliner-dampfer.de\/?page_id=5496\" target=\"_blank\" rel=\"noopener\">\u201cKehrwieder\u201d<\/a> (erbaut 1928 in Woltersdorf) 1955 nach einem gro\u00dfen Umbau auf der Wiese-Werft in Spandau 210 statt bisher 125 Personen fassen konnte. Es war nun 25,27 m lang und 5 m breit.<\/span><\/p>\n<p style=\"text-align: justify;\"><span style=\"font-family: arial, helvetica, sans-serif; font-size: 12pt;\">1958 kam dazu die in Hamburg registrierte <a href=\"https:\/\/berliner-dampfer.de\/?page_id=5501\" target=\"_blank\" rel=\"noopener\">\u201cKehrwieder II\u201d<\/a>, die aus dem 1902 von der <a href=\"https:\/\/de.wikipedia.org\/wiki\/Heinrich_Brandenburg_(Werft)\" target=\"_blank\" rel=\"noopener\">Schiffswerft H. Brandenburg<\/a> in Hamburg f\u00fcr die Hamburger Reederei Wachsmuth &amp; Krogmann gebauten Doppelschraubendampfer \u201cReiherstieg\u201d entstanden war. Dieser Dampfer war in Hamburg bei einem Luftangriff w\u00e4hrend des Krieges versenkt, aber wieder gehoben und von der HADAG neu eingesetzt worden. Da beide Kessel h\u00e4tten erneuert werden m\u00fcssen, verkaufte die Reederei das damals 23,40 m lange und 6,46 m breite Schiff 1954 an die Hamburger Firma Ritscher, die es nicht verschrotten lie\u00df, sondern an die Reederei Fr\u00f6hlich weiterver\u00e4u\u00dferte. Die \u201cKehrwieder II\u201d hatte 10 mm starke Platten und war daher auch zum Eisbrechen geeignet. 1963 ist das mit zwei Dieselmotoren zu je 150 PS ausger\u00fcstete Schiff in Spandau auf 31,04 m verl\u00e4ngert worden.<\/span><span style=\"font-family: arial, helvetica, sans-serif; font-size: 12pt;\"><br \/>\n<\/span><\/p>\n<p style=\"text-align: justify;\"><strong><span style=\"font-family: arial, helvetica, sans-serif; font-size: 12pt;\">Inzwischen hatte die Reederei Fr\u00f6hlich 1961 anstelle der Reederei Frost den BVG-Linienverkehr von Wannsee nach Kladow \u00fcbernommen und dazu das in W\u00fcrzburg registrierte Motorschiff &#8222;Kehrwieder III&#8220; eingesetzt. Daran hat die Reederei wenig Freude gehabt. Das Publikum bezeichnete das Schiff in Leserzuschriften an die Presse als &#8222;alten Kasten&#8220;, der l\u00e4ngst der Verschrottung reif sei. Am 15. Februar 1963 sank die 26 m lange &#8222;Kehrwieder III&#8220; am Steg in Kladow. Um das Schiff und die Landungsbr\u00fccke herum hatte sich eine dicke Eisdecke gebildet, do dass Bergungsversuche erst Ende M\u00e4rz 1963 beginnen konnten. Erst am 06. April schwamm das Fahrzeug auf und wurde Monate sp\u00e4ter wieder verkauft.<\/span><\/strong><\/p>\n<p style=\"text-align: justify;\"><span style=\"font-family: arial, helvetica, sans-serif; font-size: 12pt;\">Auch <a href=\"https:\/\/berliner-dampfer.de\/?page_id=5496\" target=\"_blank\" rel=\"noopener\">\u201cKehrwieder I\u201d<\/a> hat den Besitzer gewechselt und f\u00e4hrt seit Jahren nach einem Abstecher auf den Elbe-Seitenkanal als Motorschiff \u201cStadt Kassel\u201d f\u00fcr die Reederei S\u00f6llner ins Fuldertal.<\/span><\/p>\n<p style=\"text-align: justify;\"><span style=\"font-family: arial, helvetica, sans-serif; font-size: 12pt;\">Die <a href=\"https:\/\/berliner-dampfer.de\/?page_id=5501\" target=\"_blank\" rel=\"noopener\">\u201cKehrwieder II\u201d<\/a> l\u00e4uft heute unter der Flagge der Reederei Heinz Riedel.<\/span><\/p>\n<\/td>\n<\/tr>\n<\/tbody>\n<\/table>\n<p>&nbsp;<\/p>\n<p>&nbsp;<\/p>\n<table style=\"border-collapse: collapse; width: 100%;\">\n<tbody>\n<tr>\n<td style=\"width: 100%; background-color: #ffff00;\"><strong><span style=\"font-family: arial, helvetica, sans-serif; font-size: 12pt;\">&#8222;Stadt Miltenberg&#8220;<\/span><\/strong><\/p>\n<p><img loading=\"lazy\" decoding=\"async\" class=\"alignnone size-full wp-image-12778\" src=\"https:\/\/berliner-dampfer.de\/wp-content\/uploads\/2025\/02\/1975-ca-STADT-MILTENBERG-klein-a.jpg\" alt=\"\" width=\"1200\" height=\"636\" srcset=\"https:\/\/berliner-dampfer.de\/wp-content\/uploads\/2025\/02\/1975-ca-STADT-MILTENBERG-klein-a.jpg 1200w, https:\/\/berliner-dampfer.de\/wp-content\/uploads\/2025\/02\/1975-ca-STADT-MILTENBERG-klein-a-300x159.jpg 300w, https:\/\/berliner-dampfer.de\/wp-content\/uploads\/2025\/02\/1975-ca-STADT-MILTENBERG-klein-a-1024x543.jpg 1024w, https:\/\/berliner-dampfer.de\/wp-content\/uploads\/2025\/02\/1975-ca-STADT-MILTENBERG-klein-a-768x407.jpg 768w\" sizes=\"auto, (max-width: 1200px) 100vw, 1200px\" \/><\/td>\n<\/tr>\n<\/tbody>\n<\/table>\n<p>&nbsp;<\/p>\n<p>&nbsp;<\/p>\n<table style=\"border-collapse: collapse; width: 100%;\">\n<tbody>\n<tr>\n<td style=\"width: 100%; background-color: #ffff00;\"><strong><span style=\"font-family: arial, helvetica, sans-serif; font-size: 12pt;\">&#8222;Wappen von Hameln&#8220;<\/span><\/strong><\/p>\n<p><img loading=\"lazy\" decoding=\"async\" class=\"alignnone size-full wp-image-12613\" src=\"https:\/\/berliner-dampfer.de\/wp-content\/uploads\/2025\/02\/1976-ca-WAPPEN-VON-HAMELN-klein-a.jpg\" alt=\"\" width=\"1200\" height=\"891\" srcset=\"https:\/\/berliner-dampfer.de\/wp-content\/uploads\/2025\/02\/1976-ca-WAPPEN-VON-HAMELN-klein-a.jpg 1200w, https:\/\/berliner-dampfer.de\/wp-content\/uploads\/2025\/02\/1976-ca-WAPPEN-VON-HAMELN-klein-a-300x223.jpg 300w, https:\/\/berliner-dampfer.de\/wp-content\/uploads\/2025\/02\/1976-ca-WAPPEN-VON-HAMELN-klein-a-1024x760.jpg 1024w, https:\/\/berliner-dampfer.de\/wp-content\/uploads\/2025\/02\/1976-ca-WAPPEN-VON-HAMELN-klein-a-768x570.jpg 768w\" sizes=\"auto, (max-width: 1200px) 100vw, 1200px\" \/><\/td>\n<\/tr>\n<\/tbody>\n<\/table>\n<p>&nbsp;<\/p>\n<p>&nbsp;<\/p>\n<p>&nbsp;<\/p>\n<p><span style=\"text-decoration: underline;\"><span style=\"font-family: arial, helvetica, sans-serif; font-size: 12pt;\">Zuletzt bearbeitet 15.02.2025<\/span><\/span><\/p>\n","protected":false},"excerpt":{"rendered":"<p>1928 Siegfried } 1961 Kehrwieder III } 1963 Stadt Miltenberg } 1976 Wappen von Hameln } 1989 Wappen von Emmerthal } 1998 Wappen von Wiesmoor&hellip;<\/p>\n","protected":false},"author":1,"featured_media":0,"parent":0,"menu_order":0,"comment_status":"closed","ping_status":"closed","template":"","meta":{"ngg_post_thumbnail":0,"iawp_total_views":11,"footnotes":""},"class_list":["post-5863","page","type-page","status-publish","hentry"],"_links":{"self":[{"href":"https:\/\/berliner-dampfer.de\/index.php?rest_route=\/wp\/v2\/pages\/5863","targetHints":{"allow":["GET"]}}],"collection":[{"href":"https:\/\/berliner-dampfer.de\/index.php?rest_route=\/wp\/v2\/pages"}],"about":[{"href":"https:\/\/berliner-dampfer.de\/index.php?rest_route=\/wp\/v2\/types\/page"}],"author":[{"embeddable":true,"href":"https:\/\/berliner-dampfer.de\/index.php?rest_route=\/wp\/v2\/users\/1"}],"replies":[{"embeddable":true,"href":"https:\/\/berliner-dampfer.de\/index.php?rest_route=%2Fwp%2Fv2%2Fcomments&post=5863"}],"version-history":[{"count":28,"href":"https:\/\/berliner-dampfer.de\/index.php?rest_route=\/wp\/v2\/pages\/5863\/revisions"}],"predecessor-version":[{"id":18354,"href":"https:\/\/berliner-dampfer.de\/index.php?rest_route=\/wp\/v2\/pages\/5863\/revisions\/18354"}],"wp:attachment":[{"href":"https:\/\/berliner-dampfer.de\/index.php?rest_route=%2Fwp%2Fv2%2Fmedia&parent=5863"}],"curies":[{"name":"wp","href":"https:\/\/api.w.org\/{rel}","templated":true}]}}