{"id":6019,"date":"2024-10-14T06:51:06","date_gmt":"2024-10-14T04:51:06","guid":{"rendered":"https:\/\/berliner-dampfer.de\/?page_id=6019"},"modified":"2024-11-19T06:52:39","modified_gmt":"2024-11-19T05:52:39","slug":"borussia-2","status":"publish","type":"page","link":"https:\/\/berliner-dampfer.de\/?page_id=6019","title":{"rendered":"Poseidon (1928)"},"content":{"rendered":"<table style=\"border-collapse: collapse; width: 100%;\">\n<tbody>\n<tr>\n<td style=\"width: 100%; background-color: #ffff00;\"><span style=\"font-family: arial, helvetica, sans-serif; font-size: 12pt;\">1928 (Elbe) } 1928 <strong>Libelle<\/strong> } 1970 <strong>Rahnsdorf<\/strong> } 1972 <strong>Bad Saarow<\/strong> } 1998 <strong>L\u00f6schebrand<\/strong> } 2014 <strong>Poseidon<\/strong><\/span><\/p>\n<p><span style=\"font-family: arial, helvetica, sans-serif; font-size: 12pt;\">Binnenschifferforum: <a href=\"https:\/\/www.binnenschifferforum.de\/showthread.php?86131-Libelle-FGS-P-092\" target=\"_blank\" rel=\"noopener\">Libelle<\/a><\/span><\/p>\n<p><span style=\"font-family: arial, helvetica, sans-serif; font-size: 12pt;\"><a href=\"https:\/\/www.ddr-binnenschifffahrt.de\/db_verlauf.php?schiffId=4003017\" target=\"_blank\" rel=\"noopener\">Schiffshistorie<\/a> in der Datenbank von Uwe Giesler \/ www.ddr-binnenschifffahrt.de.<\/span><\/td>\n<\/tr>\n<\/tbody>\n<\/table>\n<p>&nbsp;<\/p>\n<table style=\"border-collapse: collapse; width: 100%;\">\n<tbody>\n<tr>\n<td style=\"width: 100%; background-color: #ffd700; text-align: justify;\">\n<p style=\"text-align: justify;\"><span style=\"font-family: arial, helvetica, sans-serif; font-size: 12pt;\"><a href=\"https:\/\/berliner-dampfer.de\/?page_id=194\" target=\"_blank\" rel=\"noopener\">Groggert 1988<\/a>, Seite 219<\/span><br \/>\n<span style=\"font-family: arial, helvetica, sans-serif; font-size: 12pt;\">1935 Mitglied im \u201cReeder-Verband der Personenschiffahrt zwischen Elbe und Oder\u201d:<\/span><br \/>\n<span style=\"font-family: arial, helvetica, sans-serif; font-size: 12pt;\">Reederei Wilhelm Vetter, Berlin-K\u00f6penick, Gartenstra\u00dfe 19 &#8211; <\/span><br \/>\n<span style=\"font-family: arial, helvetica, sans-serif; font-size: 12pt;\">Motorschiff <strong>Libelle<\/strong> &#8211; 140 Personen und<\/span><br \/>\n<span style=\"font-family: arial, helvetica, sans-serif; font-size: 12pt;\">Motorschiff Nixe &#8211; 100 Personen<\/span><br \/>\n<span style=\"font-family: arial, helvetica, sans-serif; font-size: 12pt;\">Tourenfahrten ab K\u00f6penick auf der Oberspree, Dahme und L\u00f6cknitz nach eigenen Fahrplan&nbsp; <\/span><\/p>\n<p><span style=\"font-family: arial, helvetica, sans-serif; font-size: 12pt;\">Groggert 1988, Seite 319:<\/span><br \/>\n<span style=\"font-family: arial, helvetica, sans-serif; font-size: 12pt;\">Im Fr\u00fchjahr 1970 taufte die \u201cWei\u00dfe Flotte Berlin\u201d viele der \u00e4lteren Motorschiffe um, n\u00e4mlich &#8230; <\/span><span style=\"font-family: arial, helvetica, sans-serif; font-size: 12pt;\"><strong>\u201cLibelle\u201d<\/strong> in <strong>\u201cRahnsdorf\u201d <\/strong><\/span><\/p>\n<p><span style=\"font-family: arial, helvetica, sans-serif; font-size: 12pt;\">Groggert 1988, Seite 320:<\/span><br \/>\n<span style=\"font-family: arial, helvetica, sans-serif; font-size: 12pt;\"><strong>\u201cRahnsdorf\u201d<\/strong> (<strong>ex \u201cLibelle<\/strong>\u201d, Reederei Vetter, K\u00f6penick). Das Schiff ist 1971 aus dem Betrieb genommen worden.<br \/>\nDie \u201cNixe\u201d der Reederei Vetter hatte 1947 die Reederei Richard Eckner \u00fcbernommen, die sie 1963 an W. Dentler, Wusterhausen a. d. Dosse weiterver\u00e4u\u00dferte.<\/span><\/td>\n<\/tr>\n<\/tbody>\n<\/table>\n<p>&nbsp;<\/p>\n<p>&nbsp;<\/p>\n<p><img loading=\"lazy\" decoding=\"async\" class=\"alignnone size-full wp-image-7088\" src=\"https:\/\/berliner-dampfer.de\/wp-content\/uploads\/2024\/10\/1962-ca-Libelle-Groggert-1988-Seite-243.jpg\" alt=\"\" width=\"1200\" height=\"798\" srcset=\"https:\/\/berliner-dampfer.de\/wp-content\/uploads\/2024\/10\/1962-ca-Libelle-Groggert-1988-Seite-243.jpg 1200w, https:\/\/berliner-dampfer.de\/wp-content\/uploads\/2024\/10\/1962-ca-Libelle-Groggert-1988-Seite-243-300x200.jpg 300w, https:\/\/berliner-dampfer.de\/wp-content\/uploads\/2024\/10\/1962-ca-Libelle-Groggert-1988-Seite-243-1024x681.jpg 1024w, https:\/\/berliner-dampfer.de\/wp-content\/uploads\/2024\/10\/1962-ca-Libelle-Groggert-1988-Seite-243-768x511.jpg 768w\" sizes=\"auto, (max-width: 1200px) 100vw, 1200px\" \/><\/p>\n<p>&nbsp;<\/p>\n<p>&nbsp;<\/p>\n<p><img loading=\"lazy\" decoding=\"async\" class=\"alignnone size-full wp-image-7084\" src=\"https:\/\/berliner-dampfer.de\/wp-content\/uploads\/2024\/10\/1952-ca-Libelle-klein-scaled.jpg\" alt=\"\" width=\"2560\" height=\"1707\" srcset=\"https:\/\/berliner-dampfer.de\/wp-content\/uploads\/2024\/10\/1952-ca-Libelle-klein-scaled.jpg 2560w, https:\/\/berliner-dampfer.de\/wp-content\/uploads\/2024\/10\/1952-ca-Libelle-klein-300x200.jpg 300w, https:\/\/berliner-dampfer.de\/wp-content\/uploads\/2024\/10\/1952-ca-Libelle-klein-1024x683.jpg 1024w, https:\/\/berliner-dampfer.de\/wp-content\/uploads\/2024\/10\/1952-ca-Libelle-klein-768x512.jpg 768w, https:\/\/berliner-dampfer.de\/wp-content\/uploads\/2024\/10\/1952-ca-Libelle-klein-1536x1024.jpg 1536w, https:\/\/berliner-dampfer.de\/wp-content\/uploads\/2024\/10\/1952-ca-Libelle-klein-2048x1366.jpg 2048w\" sizes=\"auto, (max-width: 2560px) 100vw, 2560px\" \/><\/p>\n<p>&nbsp;<\/p>\n<p>&nbsp;<\/p>\n<p><img loading=\"lazy\" decoding=\"async\" class=\"alignnone size-full wp-image-7085\" src=\"https:\/\/berliner-dampfer.de\/wp-content\/uploads\/2024\/10\/1954-ca-Libelle-klein.jpg\" alt=\"\" width=\"1200\" height=\"779\" srcset=\"https:\/\/berliner-dampfer.de\/wp-content\/uploads\/2024\/10\/1954-ca-Libelle-klein.jpg 1200w, https:\/\/berliner-dampfer.de\/wp-content\/uploads\/2024\/10\/1954-ca-Libelle-klein-300x195.jpg 300w, https:\/\/berliner-dampfer.de\/wp-content\/uploads\/2024\/10\/1954-ca-Libelle-klein-1024x665.jpg 1024w, https:\/\/berliner-dampfer.de\/wp-content\/uploads\/2024\/10\/1954-ca-Libelle-klein-768x499.jpg 768w\" sizes=\"auto, (max-width: 1200px) 100vw, 1200px\" \/><\/p>\n<p>&nbsp;<\/p>\n<p>&nbsp;<\/p>\n<p>&nbsp;<\/p>\n<p><span style=\"text-decoration: underline;\"><span style=\"font-family: arial, helvetica, sans-serif; font-size: 12pt;\">Zuletzt bearbeitet 19.11.2024<\/span><\/span><\/p>\n","protected":false},"excerpt":{"rendered":"<p>1928 (Elbe) } 1928 Libelle } 1970 Rahnsdorf } 1972 Bad Saarow } 1998 L\u00f6schebrand } 2014 Poseidon Binnenschifferforum: Libelle Schiffshistorie in der Datenbank von&hellip;<\/p>\n","protected":false},"author":1,"featured_media":0,"parent":0,"menu_order":0,"comment_status":"closed","ping_status":"closed","template":"","meta":{"ngg_post_thumbnail":0,"iawp_total_views":11,"footnotes":""},"class_list":["post-6019","page","type-page","status-publish","hentry"],"_links":{"self":[{"href":"https:\/\/berliner-dampfer.de\/index.php?rest_route=\/wp\/v2\/pages\/6019","targetHints":{"allow":["GET"]}}],"collection":[{"href":"https:\/\/berliner-dampfer.de\/index.php?rest_route=\/wp\/v2\/pages"}],"about":[{"href":"https:\/\/berliner-dampfer.de\/index.php?rest_route=\/wp\/v2\/types\/page"}],"author":[{"embeddable":true,"href":"https:\/\/berliner-dampfer.de\/index.php?rest_route=\/wp\/v2\/users\/1"}],"replies":[{"embeddable":true,"href":"https:\/\/berliner-dampfer.de\/index.php?rest_route=%2Fwp%2Fv2%2Fcomments&post=6019"}],"version-history":[{"count":24,"href":"https:\/\/berliner-dampfer.de\/index.php?rest_route=\/wp\/v2\/pages\/6019\/revisions"}],"predecessor-version":[{"id":8306,"href":"https:\/\/berliner-dampfer.de\/index.php?rest_route=\/wp\/v2\/pages\/6019\/revisions\/8306"}],"wp:attachment":[{"href":"https:\/\/berliner-dampfer.de\/index.php?rest_route=%2Fwp%2Fv2%2Fmedia&parent=6019"}],"curies":[{"name":"wp","href":"https:\/\/api.w.org\/{rel}","templated":true}]}}