{"id":6247,"date":"2024-10-17T14:50:16","date_gmt":"2024-10-17T12:50:16","guid":{"rendered":"https:\/\/berliner-dampfer.de\/?page_id=6247"},"modified":"2026-02-08T19:29:52","modified_gmt":"2026-02-08T18:29:52","slug":"kurmark","status":"publish","type":"page","link":"https:\/\/berliner-dampfer.de\/?page_id=6247","title":{"rendered":"Kurmark"},"content":{"rendered":"<table style=\"border-collapse: collapse; width: 100%;\">\n<tbody>\n<tr>\n<td style=\"width: 100%; background-color: #ffff00;\"><span style=\"font-family: arial, helvetica, sans-serif; font-size: 12pt;\"><span style=\"font-size: 10pt;\">1934<\/span> <strong>Kurmark<\/strong> } <span style=\"font-size: 10pt;\">1945<\/span> <strong>Merkur <\/strong>&#8211; <span style=\"font-size: 10pt;\">08. Juli 1946<\/span> Abtransport in die Sowjetunion<br \/>\n<\/span><\/td>\n<\/tr>\n<\/tbody>\n<\/table>\n<p>&nbsp;<\/p>\n<table style=\"border-collapse: collapse; width: 100%; height: 24px;\">\n<tbody>\n<tr style=\"height: 24px;\">\n<td style=\"width: 100%; height: 24px; background-color: #ffd700; text-align: justify;\"><span style=\"font-family: arial, helvetica, sans-serif; font-size: 12pt;\"><a href=\"https:\/\/berliner-dampfer.de\/?page_id=194\" target=\"_blank\" rel=\"noopener\">Groggert 1988<\/a>, Seite 224\/226:<\/span><br \/>\n<span style=\"font-family: arial, helvetica, sans-serif; font-size: 12pt;\">Die <a href=\"https:\/\/de.wikipedia.org\/wiki\/Teltow-Werft\" target=\"_blank\" rel=\"noopener\">Teltow-Werft<\/a> hatte sofort nach der \u00dcbernahme der Schiffe der fr\u00fcheren Spree-Havel-Dampfschiffahrts-Gesellschaft Stern und Gr\u00fcndung der Stern und Kreisschiffahrt als neues Unternehmen mit einem Umbau- und Neubauprogramm begonnen&#8230;&#8230;.1934 hatte die Teltow-Werft ein weiteres, gro\u00dfes Doppelschrauben-Motorschiff gebaut, das au\u00dferlich den \u201cIgeln\u201d \u00e4hnlich sah. Die beiden Jastram-Diesel des 35 m langen, 6,15 m breiten Motorschiffs \u201c<b>Kurmark<\/b>\u201d, das f\u00fcr 639 Fahrg\u00e4ste Sitzpl\u00e4tze bot, waren jedoch, um Ersch\u00fctterungen zu vermeiden und die Fahreigenschaften gegen\u00fcber \u00e4lteren Schiffen zu verbessern, im Heck untergebracht.<\/span><\/p>\n<p style=\"text-align: justify;\"><span style=\"font-family: arial, helvetica, sans-serif; font-size: 12pt;\">Groggert 1988, Seite 204\/218:<\/span><br \/>\n<span style=\"font-family: arial, helvetica, sans-serif; font-size: 12pt;\">1935 geh\u00f6rtem dem Reeder-Verband der Personenschiffahrt zwischen Elbe und Oder folgende in Berlin und seiner Umgebung ans\u00e4ssige Betriebe und Schiffseigner an:<\/span><br \/>\n<span style=\"font-family: arial, helvetica, sans-serif; font-size: 12pt;\">Stern- und Kreisschiffahrt der Teltowkanal-Aktiengesellschaft:<\/span><br \/>\n<span style=\"font-family: arial, helvetica, sans-serif; font-size: 12pt;\">Motorschiff<b> Kurmark <\/b>&#8211; 639 Personen<\/span><\/p>\n<p><span style=\"font-family: arial, helvetica, sans-serif; font-size: 12pt;\">Groggert 1988, Seite 230\/231:<\/span><br \/>\n<span style=\"font-family: arial, helvetica, sans-serif; font-size: 12pt;\">Als letzten Vorkriegsneubau der Stern und Kreisschiffahrt lieferte die Teltow-Werft 1938 das konventionell angetriebene Motorschiff \u201cOstmark\u201d ab, das bei einer L\u00e4nge von 35,0 m, einer Breite von 5,7 m und einem Fassungsverm\u00f6gen von 607 Personen der \u201c<b>Kurmark<\/b>\u201d vergleichbar war. Es hatte ebenfalls einen flachen Boden, aber keinen L\u00f6ffelbug, sondern einen Steven \u00e4hnlich dem der \u201cZehlendorf\u201d.<\/span><\/p>\n<p style=\"text-align: justify;\"><span style=\"font-family: arial, helvetica, sans-serif; font-size: 12pt;\">Groggert 1988, Seite 254:<\/span><br \/>\n<span style=\"font-family: arial, helvetica, sans-serif; font-size: 12pt;\">Am 22, Oktober 1945 fuhr die Stern und Kreisschiffahrt zum ersten Mal auch nach Magdeburg mit einer Zwischenstation in Genthin. Am Nordufer der Glienicker Lake lagen die Wracks der beiden modernsten Motorschiffe der Stern und Kreisschiffahrt \u201c<b>Kurmark<\/b>\u201d und \u201cOstmark\u201d, die bei den K\u00e4mpfen um Berlin dort versenkt worden waren. Sie sind im Fr\u00fchjahr 1946 von dem Wasserstra\u00dfenamt Potsdam gehoben und von dem Personal der Stern und Kreisschiffahrt wiederhergestellt worden.<\/span><br \/>\n<span style=\"font-family: arial, helvetica, sans-serif; font-size: 12pt;\">Am 08. Julli 1946 mu\u00dfte das Motorschiff <strong>\u201cMerkur\u201d<\/strong> (ex \u201c<b>Kurmark<\/b>\u201d), das sich auf der Heimfahrt von Genthin befand, seine Fahrg\u00e4ste in der Schleuse Gro\u00df-Wusterwitz absetzten und leer nach Spandau fahren, wo das Schiff vom sowjetischem Personal \u00fcbernommen und ebenso wie das Motorschiff \u201cSaturn\u201d (ex \u201cOstmark\u201d) nach Stettin in Fahrt gesetzt wurde.<\/span><\/p>\n<\/td>\n<\/tr>\n<\/tbody>\n<\/table>\n<p>&nbsp;<\/p>\n<table style=\"border-collapse: collapse; width: 100%;\">\n<tbody>\n<tr>\n<td style=\"width: 100%; background-color: #cdcd00;\">\n<p style=\"text-align: justify;\"><span style=\"font-family: arial, helvetica, sans-serif; font-size: 12pt;\"><a href=\"https:\/\/berliner-dampfer.de\/?page_id=194\" target=\"_blank\" rel=\"noopener\">Trost 1988<\/a>, Seite 43:<\/span><br \/>\n<span style=\"font-family: arial, helvetica, sans-serif; font-size: 12pt;\">Nach dem zweiten Weltkrieg:<\/span><br \/>\n<span style=\"font-family: arial, helvetica, sans-serif; font-size: 12pt;\">Als Reparationen gingen 1945 auf die gro\u00dfe Reise in die UDSSR die&#8230;..Motorschiffe&#8230;&#8230;<b>KURMARK<\/b>, <a href=\"https:\/\/berliner-dampfer.de\/?page_id=6908\" target=\"_blank\" rel=\"noopener\">TELTOW<\/a>, <a href=\"https:\/\/berliner-dampfer.de\/?page_id=8682\" target=\"_blank\" rel=\"noopener\">TEMPELHOF<\/a> und <a href=\"https:\/\/berliner-dampfer.de\/?page_id=8687\" target=\"_blank\" rel=\"noopener\">LICHTERFELDE<\/a>. Im Schleppeinsatz oder als beschlagnahmte Schiffe durch die Wehrmacht gingen&#8230;..<a href=\"https:\/\/berliner-dampfer.de\/?page_id=8646\" target=\"_blank\" rel=\"noopener\">WILMERSDORF<\/a> verloren.<\/span><\/p>\n<\/td>\n<\/tr>\n<\/tbody>\n<\/table>\n<p>&nbsp;<\/p>\n<p>&nbsp;<\/p>\n<p>&nbsp;<\/p>\n<p><img loading=\"lazy\" decoding=\"async\" class=\"size-full wp-image-6261 aligncenter\" src=\"https:\/\/berliner-dampfer.de\/wp-content\/uploads\/2024\/10\/1988-Groggert-Seite-226-Kurmark.jpg\" alt=\"\" width=\"640\" height=\"252\" srcset=\"https:\/\/berliner-dampfer.de\/wp-content\/uploads\/2024\/10\/1988-Groggert-Seite-226-Kurmark.jpg 640w, https:\/\/berliner-dampfer.de\/wp-content\/uploads\/2024\/10\/1988-Groggert-Seite-226-Kurmark-300x118.jpg 300w\" sizes=\"auto, (max-width: 640px) 100vw, 640px\" \/><\/p>\n<p>&nbsp;<\/p>\n<p>&nbsp;<\/p>\n<p><img loading=\"lazy\" decoding=\"async\" class=\"alignnone size-full wp-image-6262\" src=\"https:\/\/berliner-dampfer.de\/wp-content\/uploads\/2024\/10\/19xx-Kurmark-klein-1200.jpg\" alt=\"\" width=\"1200\" height=\"767\" srcset=\"https:\/\/berliner-dampfer.de\/wp-content\/uploads\/2024\/10\/19xx-Kurmark-klein-1200.jpg 1200w, https:\/\/berliner-dampfer.de\/wp-content\/uploads\/2024\/10\/19xx-Kurmark-klein-1200-300x192.jpg 300w, https:\/\/berliner-dampfer.de\/wp-content\/uploads\/2024\/10\/19xx-Kurmark-klein-1200-1024x655.jpg 1024w, https:\/\/berliner-dampfer.de\/wp-content\/uploads\/2024\/10\/19xx-Kurmark-klein-1200-768x491.jpg 768w\" sizes=\"auto, (max-width: 1200px) 100vw, 1200px\" \/><\/p>\n<p>&nbsp;<\/p>\n<p>&nbsp;<\/p>\n<p><img loading=\"lazy\" decoding=\"async\" class=\"wp-image-6263 size-full aligncenter\" src=\"https:\/\/berliner-dampfer.de\/wp-content\/uploads\/2024\/10\/1934-Kurmark-klein.jpg\" alt=\"\" width=\"640\" height=\"990\" srcset=\"https:\/\/berliner-dampfer.de\/wp-content\/uploads\/2024\/10\/1934-Kurmark-klein.jpg 640w, https:\/\/berliner-dampfer.de\/wp-content\/uploads\/2024\/10\/1934-Kurmark-klein-194x300.jpg 194w\" sizes=\"auto, (max-width: 640px) 100vw, 640px\" \/><\/p>\n<p>&nbsp;<\/p>\n<p>&nbsp;<\/p>\n<table style=\"border-collapse: collapse; width: 100%;\">\n<tbody>\n<tr>\n<td style=\"width: 100%; background-color: #ffff00; text-align: left; vertical-align: top;\"><span style=\"font-family: arial, helvetica, sans-serif; font-size: 12pt;\">\u201eTeltow II\u201c, 11.08.(1935?), vermutlich ist es aber ein Verwechslegungsirrtum und es handelt sich um die &#8222;Kurmark&#8220;. Denn die drei Schiffe der &#8222;<a href=\"https:\/\/berliner-dampfer.de\/?p=8229\" target=\"_blank\" rel=\"noopener\">Igel-Klasse<\/a>&#8220; hatten nur einen Abgang auf das untere Vorschiffsdeck. Zwei Abg\u00e4nge hatte nur die Kurmark.<\/span><\/p>\n<p><img loading=\"lazy\" decoding=\"async\" class=\"aligncenter size-full wp-image-18169\" src=\"https:\/\/berliner-dampfer.de\/wp-content\/uploads\/2026\/02\/1935-08-11-ca-TELTOW-II-vermutlich-KURMARK-klein.jpg\" alt=\"\" width=\"1200\" height=\"791\" srcset=\"https:\/\/berliner-dampfer.de\/wp-content\/uploads\/2026\/02\/1935-08-11-ca-TELTOW-II-vermutlich-KURMARK-klein.jpg 1200w, https:\/\/berliner-dampfer.de\/wp-content\/uploads\/2026\/02\/1935-08-11-ca-TELTOW-II-vermutlich-KURMARK-klein-300x198.jpg 300w, https:\/\/berliner-dampfer.de\/wp-content\/uploads\/2026\/02\/1935-08-11-ca-TELTOW-II-vermutlich-KURMARK-klein-1024x675.jpg 1024w, https:\/\/berliner-dampfer.de\/wp-content\/uploads\/2026\/02\/1935-08-11-ca-TELTOW-II-vermutlich-KURMARK-klein-768x506.jpg 768w\" sizes=\"auto, (max-width: 1200px) 100vw, 1200px\" \/><\/p>\n<p>&nbsp;<\/td>\n<\/tr>\n<\/tbody>\n<\/table>\n<p>&nbsp;<\/p>\n<p>&nbsp;<\/p>\n<p><img loading=\"lazy\" decoding=\"async\" class=\"alignnone size-full wp-image-6265\" src=\"https:\/\/berliner-dampfer.de\/wp-content\/uploads\/2024\/10\/1941-09-04-Kurmark-klein.jpg\" alt=\"\" width=\"1200\" height=\"1043\" srcset=\"https:\/\/berliner-dampfer.de\/wp-content\/uploads\/2024\/10\/1941-09-04-Kurmark-klein.jpg 1200w, https:\/\/berliner-dampfer.de\/wp-content\/uploads\/2024\/10\/1941-09-04-Kurmark-klein-300x261.jpg 300w, https:\/\/berliner-dampfer.de\/wp-content\/uploads\/2024\/10\/1941-09-04-Kurmark-klein-1024x890.jpg 1024w, https:\/\/berliner-dampfer.de\/wp-content\/uploads\/2024\/10\/1941-09-04-Kurmark-klein-768x668.jpg 768w\" sizes=\"auto, (max-width: 1200px) 100vw, 1200px\" \/><\/p>\n<p>&nbsp;<\/p>\n<p>&nbsp;<\/p>\n<p><img loading=\"lazy\" decoding=\"async\" class=\"alignnone size-full wp-image-6264\" src=\"https:\/\/berliner-dampfer.de\/wp-content\/uploads\/2024\/10\/1941-ca-Kurmark-Roskowetz-klein.jpg\" alt=\"\" width=\"1200\" height=\"746\" srcset=\"https:\/\/berliner-dampfer.de\/wp-content\/uploads\/2024\/10\/1941-ca-Kurmark-Roskowetz-klein.jpg 1200w, https:\/\/berliner-dampfer.de\/wp-content\/uploads\/2024\/10\/1941-ca-Kurmark-Roskowetz-klein-300x187.jpg 300w, https:\/\/berliner-dampfer.de\/wp-content\/uploads\/2024\/10\/1941-ca-Kurmark-Roskowetz-klein-1024x637.jpg 1024w, https:\/\/berliner-dampfer.de\/wp-content\/uploads\/2024\/10\/1941-ca-Kurmark-Roskowetz-klein-768x477.jpg 768w\" sizes=\"auto, (max-width: 1200px) 100vw, 1200px\" \/><\/p>\n<p>&nbsp;<\/p>\n<p>&nbsp;<\/p>\n<p><span style=\"text-decoration: underline;\"><span style=\"font-family: arial, helvetica, sans-serif; font-size: 12pt;\">Zuletzt bearbeitet 08.02.2026<\/span><\/span><\/p>\n","protected":false},"excerpt":{"rendered":"<p>1934 Kurmark } 1945 Merkur &#8211; 08. Juli 1946 Abtransport in die Sowjetunion &nbsp; Groggert 1988, Seite 224\/226: Die Teltow-Werft hatte sofort nach der \u00dcbernahme&hellip;<\/p>\n","protected":false},"author":1,"featured_media":0,"parent":0,"menu_order":0,"comment_status":"closed","ping_status":"closed","template":"","meta":{"ngg_post_thumbnail":0,"iawp_total_views":16,"footnotes":""},"class_list":["post-6247","page","type-page","status-publish","hentry"],"_links":{"self":[{"href":"https:\/\/berliner-dampfer.de\/index.php?rest_route=\/wp\/v2\/pages\/6247","targetHints":{"allow":["GET"]}}],"collection":[{"href":"https:\/\/berliner-dampfer.de\/index.php?rest_route=\/wp\/v2\/pages"}],"about":[{"href":"https:\/\/berliner-dampfer.de\/index.php?rest_route=\/wp\/v2\/types\/page"}],"author":[{"embeddable":true,"href":"https:\/\/berliner-dampfer.de\/index.php?rest_route=\/wp\/v2\/users\/1"}],"replies":[{"embeddable":true,"href":"https:\/\/berliner-dampfer.de\/index.php?rest_route=%2Fwp%2Fv2%2Fcomments&post=6247"}],"version-history":[{"count":26,"href":"https:\/\/berliner-dampfer.de\/index.php?rest_route=\/wp\/v2\/pages\/6247\/revisions"}],"predecessor-version":[{"id":18175,"href":"https:\/\/berliner-dampfer.de\/index.php?rest_route=\/wp\/v2\/pages\/6247\/revisions\/18175"}],"wp:attachment":[{"href":"https:\/\/berliner-dampfer.de\/index.php?rest_route=%2Fwp%2Fv2%2Fmedia&parent=6247"}],"curies":[{"name":"wp","href":"https:\/\/api.w.org\/{rel}","templated":true}]}}