{"id":6423,"date":"2024-10-19T23:58:34","date_gmt":"2024-10-19T21:58:34","guid":{"rendered":"https:\/\/berliner-dampfer.de\/?page_id=6423"},"modified":"2024-10-20T10:44:28","modified_gmt":"2024-10-20T08:44:28","slug":"kyffhaeuser","status":"publish","type":"page","link":"https:\/\/berliner-dampfer.de\/?page_id=6423","title":{"rendered":"Kyffh\u00e4user"},"content":{"rendered":"<table style=\"border-collapse: collapse; width: 100%;\">\n<tbody>\n<tr>\n<td style=\"width: 100%; background-color: #ffff00;\"><strong><span style=\"font-family: arial, helvetica, sans-serif; font-size: 12pt;\">Kyffh\u00e4user<\/span><\/strong><\/td>\n<\/tr>\n<\/tbody>\n<\/table>\n<p>&nbsp;<\/p>\n<table style=\"border-collapse: collapse; width: 100%;\">\n<tbody>\n<tr>\n<td style=\"width: 100%; background-color: #ffd700; text-align: justify;\"><span style=\"font-family: arial, helvetica, sans-serif; font-size: 12pt;\">Groggert 1988, Seite 136:<\/span><br \/>\n<span style=\"font-family: arial, helvetica, sans-serif; font-size: 12pt;\">Die Reederei E. Krause, die 1904 ihren Betrieb von Neuruppin aus mit dem Dampfer <strong>&#8222;Kyffh\u00e4user&#8220;<\/strong> er\u00f6ffnet hatte, lie\u00df 1910 bei <a href=\"https:\/\/de.wikipedia.org\/wiki\/Gebr._Wiemann\" target=\"_blank\" rel=\"noopener\">Gebr. Wiemann<\/a> in Brandenburg den 25 m langen, 4,6 m breiten Dampfer &#8222;Fontane&#8220; bauen, so da\u00df nun vor\u00fcbergehend f\u00fcr die Personenschiffahrt auf den Ruppiner Gew\u00e4ssern sieben Dampfer zur Verf\u00fcgung standen.<\/span><\/td>\n<\/tr>\n<\/tbody>\n<\/table>\n<p>&nbsp;<\/p>\n<p><span style=\"font-family: arial, helvetica, sans-serif; font-size: 12pt;\">Anlagestellen in Tegel <strong>1907. <\/strong>Aus <a href=\"https:\/\/de.wikipedia.org\/wiki\/Berliner_Leben\" target=\"_blank\" rel=\"noopener\">&#8222;Berliner Leben&#8220;<\/a><strong>.<br \/>\n<\/strong>Vorn Dampfer <strong>&#8222;Kyffh\u00e4user&#8220;<\/strong>, dahinter am Steg <a href=\"https:\/\/berliner-dampfer.de\/?page_id=2228\" target=\"_blank\" rel=\"noopener\">&#8222;v. Humboldt&#8220;<\/a> der Spandauer Dampfschiffahrts-Gesellschaft Oberhavel und Tegeler See (sp\u00e4ter &#8222;v. L\u00f6schebrand&#8220; und zuletzt &#8222;Deutschland&#8220;).<\/span><\/p>\n<p><img loading=\"lazy\" decoding=\"async\" class=\"alignnone size-full wp-image-6429\" src=\"https:\/\/berliner-dampfer.de\/wp-content\/uploads\/2024\/10\/1907-KYFFHAEUSER-aus-Berliner-Leben-in-Tegel.jpg\" alt=\"\" width=\"1600\" height=\"872\" srcset=\"https:\/\/berliner-dampfer.de\/wp-content\/uploads\/2024\/10\/1907-KYFFHAEUSER-aus-Berliner-Leben-in-Tegel.jpg 1600w, https:\/\/berliner-dampfer.de\/wp-content\/uploads\/2024\/10\/1907-KYFFHAEUSER-aus-Berliner-Leben-in-Tegel-300x164.jpg 300w, https:\/\/berliner-dampfer.de\/wp-content\/uploads\/2024\/10\/1907-KYFFHAEUSER-aus-Berliner-Leben-in-Tegel-1024x558.jpg 1024w, https:\/\/berliner-dampfer.de\/wp-content\/uploads\/2024\/10\/1907-KYFFHAEUSER-aus-Berliner-Leben-in-Tegel-768x419.jpg 768w, https:\/\/berliner-dampfer.de\/wp-content\/uploads\/2024\/10\/1907-KYFFHAEUSER-aus-Berliner-Leben-in-Tegel-1536x837.jpg 1536w\" sizes=\"auto, (max-width: 1600px) 100vw, 1600px\" \/><\/p>\n<p>&nbsp;<\/p>\n<p>&nbsp;<\/p>\n<p>&nbsp;<\/p>\n<p><span style=\"text-decoration: underline; font-size: 12pt;\"><span style=\"font-family: arial, helvetica, sans-serif;\">Zuletzt bearbeitet 20.10.2024<\/span><\/span><\/p>\n","protected":false},"excerpt":{"rendered":"<p>Kyffh\u00e4user &nbsp; Groggert 1988, Seite 136: Die Reederei E. Krause, die 1904 ihren Betrieb von Neuruppin aus mit dem Dampfer &#8222;Kyffh\u00e4user&#8220; er\u00f6ffnet hatte, lie\u00df 1910&hellip;<\/p>\n","protected":false},"author":1,"featured_media":0,"parent":0,"menu_order":0,"comment_status":"closed","ping_status":"closed","template":"","meta":{"ngg_post_thumbnail":0,"iawp_total_views":5,"footnotes":""},"class_list":["post-6423","page","type-page","status-publish","hentry"],"_links":{"self":[{"href":"https:\/\/berliner-dampfer.de\/index.php?rest_route=\/wp\/v2\/pages\/6423","targetHints":{"allow":["GET"]}}],"collection":[{"href":"https:\/\/berliner-dampfer.de\/index.php?rest_route=\/wp\/v2\/pages"}],"about":[{"href":"https:\/\/berliner-dampfer.de\/index.php?rest_route=\/wp\/v2\/types\/page"}],"author":[{"embeddable":true,"href":"https:\/\/berliner-dampfer.de\/index.php?rest_route=\/wp\/v2\/users\/1"}],"replies":[{"embeddable":true,"href":"https:\/\/berliner-dampfer.de\/index.php?rest_route=%2Fwp%2Fv2%2Fcomments&post=6423"}],"version-history":[{"count":8,"href":"https:\/\/berliner-dampfer.de\/index.php?rest_route=\/wp\/v2\/pages\/6423\/revisions"}],"predecessor-version":[{"id":6433,"href":"https:\/\/berliner-dampfer.de\/index.php?rest_route=\/wp\/v2\/pages\/6423\/revisions\/6433"}],"wp:attachment":[{"href":"https:\/\/berliner-dampfer.de\/index.php?rest_route=%2Fwp%2Fv2%2Fmedia&parent=6423"}],"curies":[{"name":"wp","href":"https:\/\/api.w.org\/{rel}","templated":true}]}}