{"id":6495,"date":"2024-10-21T21:14:11","date_gmt":"2024-10-21T19:14:11","guid":{"rendered":"https:\/\/berliner-dampfer.de\/?page_id=6495"},"modified":"2026-04-03T15:06:11","modified_gmt":"2026-04-03T13:06:11","slug":"lankwitz","status":"publish","type":"page","link":"https:\/\/berliner-dampfer.de\/?page_id=6495","title":{"rendered":"Lankwitz (1899)"},"content":{"rendered":"<table style=\"border-collapse: collapse; width: 100%; height: 24px;\">\n<tbody>\n<tr style=\"height: 24px;\">\n<td style=\"width: 100%; height: 24px; background-color: #ffff00;\"><span style=\"font-family: arial, helvetica, sans-serif; font-size: 12pt;\"><span style=\"font-size: 10pt;\">1899<\/span> <strong>Klein-Glienicke<\/strong> } <span style=\"font-size: 10pt;\">1951<\/span> <strong>Lankwitz<\/strong> &#8211; <span style=\"font-size: 10pt;\">1973<\/span> verkauft &#8211; <span style=\"font-size: 10pt;\">1983<\/span> zerlegt <\/span><\/td>\n<\/tr>\n<\/tbody>\n<\/table>\n<p>&nbsp;<\/p>\n<table style=\"border-collapse: collapse; width: 100%;\">\n<tbody>\n<tr>\n<td style=\"width: 100%; background-color: #ffd700;\">\n<p style=\"text-align: justify;\"><span style=\"font-family: arial, helvetica, sans-serif; font-size: 12pt;\"><a href=\"https:\/\/berliner-dampfer.de\/?page_id=194\" target=\"_blank\" rel=\"noopener\">Groggert 1988<\/a>, Seite 110:<\/span><br \/>\n<span style=\"font-family: arial, helvetica, sans-serif; font-size: 12pt;\">Die Firma <a href=\"https:\/\/www.potsdam-wiki.de\/Ende_%26_B\u00f6ckmann\" target=\"_blank\" rel=\"noopener\">Ende<\/a> &amp; <a href=\"https:\/\/de.wikipedia.org\/wiki\/Wilhelm_B\u00f6ckmann\" target=\"_blank\" rel=\"noopener\">B\u00f6ckmann<\/a>, die 1876 mit dem Dampfer <a href=\"https:\/\/berliner-dampfer.de\/?page_id=710\" target=\"_blank\" rel=\"noopener\">&#8222;Babelsberg&#8220;<\/a> die Personenschiffahrt auf dem Griebnitzsee er\u00f6ffnet hatte, f\u00fchrte sp\u00e4ter auch fahrplanm\u00e4\u00dfige Fahrten auf der Unterhavel von Klein-Glienicke nach <a href=\"https:\/\/forst-grunewald.de\/index.php\/nggallery\/album\/forst-dueppel-galerie-04-moorlake?page_id=507\" target=\"_blank\" rel=\"noopener\">Moorlake<\/a> und <a href=\"https:\/\/de.wikipedia.org\/wiki\/Nedlitz_(Potsdam)\" target=\"_blank\" rel=\"noopener\">Nedlitz<\/a> durch. Dazu wurden 1891 der Dampfer &#8222;Neubabelsberg&#8220; und 189<span style=\"text-decoration: underline;\">9<\/span> der Dampfer &#8222;<b>Klein-Glienicke&#8220;<\/b> beschafft, die in ihren Abmessungen der &#8222;Babelsberg&#8220; entsprachen und auch eine etwas st\u00e4rkere Maschine bekamen. Der Betrieb dieser Reederei ist 1903 von dem Kreis Teltow \u00fcbernommen worden.<\/span><\/p>\n<p style=\"text-align: justify;\"><span style=\"font-family: arial, helvetica, sans-serif; font-size: 12pt;\">Groggert 1988, Seite 149:<\/span><br \/>\n<span style=\"font-family: arial, helvetica, sans-serif; font-size: 12pt;\">Die Neubabelberger Terraingesellschaft Ende &amp; B\u00f6ckmann fuhr seit 1876 mit dem Dampfer <a href=\"https:\/\/berliner-dampfer.de\/?page_id=710\" target=\"_blank\" rel=\"noopener\">&#8222;Babelsberg&#8220;<\/a> im Anschlu\u00df an die Wannseebahn \u00fcber den Griebnitzsee und sp\u00e4ter mit den Dampfern <a href=\"https:\/\/berliner-dampfer.de\/?page_id=16520\" target=\"_blank\" rel=\"noopener\">&#8222;Neubabelsberg&#8220;<\/a> (erbaut 1891) und <strong>&#8222;Klein-Glienicke&#8220;<\/strong> (erbaut 189<span style=\"text-decoration: underline;\">9<\/span>) auch auf der unteren Havel von Neubabelsberg nach Moorlake und Nedlitz. Da der Landkreis Teltow nicht daran interessiert war, die Fahrgastschiffahrt auf dem Kanal und aus dem Kanal nach Potsdam der Initiative privater Unternehmer zu \u00fcberlassen, erwarb er nach dem Durchstich der Landenge zwischen der Glienicker Lake und dem Griebnitzsee aufgrund eines Beschlusses des Kreistags vom 30. M\u00e4rz 1903 den Schiffahrtsbetrieb der Terraingesellschaft Neubabelsberg mit den erw\u00e4hnten drei Dampfern, einem Anh\u00e4ngeboot und einem kleinen Motorboot.<\/span><\/p>\n<p style=\"text-align: justify;\"><span style=\"font-family: arial, helvetica, sans-serif; font-size: 12pt;\">Groggert 1988, Seiten 205\/218:<\/span><br \/>\n<span style=\"font-family: arial, helvetica, sans-serif; font-size: 12pt;\">1935 geh\u00f6rten dem &#8222;Reeder-Verband der Personenschiffahrt zwischen Elbe und Oder&#8220; folgende in Berlin und seiner Umgebung ans\u00e4ssige Betriebe und Schiffseigner an.<\/span><br \/>\n<span style=\"font-family: arial, helvetica, sans-serif; font-size: 12pt;\">Stern und Kreisschiffahrt [u.a. mit]<\/span><\/p>\n<ul>\n<li style=\"text-align: justify;\"><span style=\"font-family: arial, helvetica, sans-serif; font-size: 12pt;\">M &#8211; <strong>Klein-Glienicke<\/strong> &#8211; 145 Personen<\/span><\/li>\n<\/ul>\n<p style=\"text-align: justify;\"><span style=\"font-family: arial, helvetica, sans-serif; font-size: 12pt;\">Groggert 1988, Seite 224:<\/span><br \/>\n<span style=\"font-family: arial, helvetica, sans-serif; font-size: 12pt;\">Die <a href=\"https:\/\/de.wikipedia.org\/wiki\/Teltow-Werft\" target=\"_blank\" rel=\"noopener\">Teltow-Werft<\/a> hatte sofort nach der \u00dcbernahne der Schiffe der fr\u00fcheren Spree-Havel-Dampfschiffahrts-Gesellschaft Stern und Gr\u00fcndung der Stern und Kreisschiffahrt als neues Unternehmen mit einem Umbau- und Beubauprogramm begonnen. Aus dem kleinen Dampfer <strong>&#8222;Klein-Glienicke&#8220;<\/strong> war bereits ein Motorschiff geworden.<\/span><\/p>\n<p style=\"text-align: justify;\"><span style=\"font-family: arial, helvetica, sans-serif; font-size: 12pt;\">Groggert 1988, Seite 263:<br \/>\nNoch ein neuer Anfang &#8230;.<\/span><br \/>\n<span style=\"font-family: arial, helvetica, sans-serif; font-size: 12pt;\">&#8230;. am 26. Juli 1951 konnte das Motorschiff &#8222;<b>Lankwitz&#8220; <\/b>in Dienst gestellt werden, das aus dem Wrack des 189<span style=\"text-decoration: underline;\">1<\/span> <span style=\"font-size: 8pt;\">[so angegeben, gemeint ist wohl &#8222;<span style=\"font-size: 12pt;\">189<span style=\"text-decoration: underline;\">9<\/span><\/span>&#8222;]<\/span> als Dampfer gebauten fr\u00fcheren Motorschiffs <b>&#8222;Klein-Glienicke&#8220;<\/b> enstanden war.<\/span><\/p>\n<p style=\"text-align: justify;\"><span style=\"font-family: arial, helvetica, sans-serif; font-size: 12pt;\">Groggert 1988, Seiten 271\/274:<\/span><br \/>\n<span style=\"font-family: arial, helvetica, sans-serif; font-size: 12pt;\">1953 hatte der &#8222;Reederverband der Westberliner Personenschiffahrt e.V.&#8220;, der sich inzwischen konstituiert hatte, 30 Mitgliedsbetriebe mit etwa 60 Schiffen und einem Angebot von insgesamt rund 10000 Pl\u00e4tzen.<\/span><br \/>\n<span style=\"font-family: arial, helvetica, sans-serif; font-size: 12pt;\">Stern- und Kreisschiffahrt [u.a. mit]<\/span><\/p>\n<ul>\n<li style=\"text-align: justify;\"><span style=\"font-family: arial, helvetica, sans-serif; font-size: 12pt;\">MS <strong>&#8222;Lankwitz&#8220;<\/strong> &#8211; 162 Personen<\/span><\/li>\n<\/ul>\n<p style=\"text-align: justify;\"><span style=\"font-family: arial, helvetica, sans-serif; font-size: 12pt;\">Groggert 1988, Seite 305:<\/span><br \/>\n<span style=\"font-family: arial, helvetica, sans-serif; font-size: 12pt;\">Die &#8222;<b>Lankwitz&#8220;<\/b> ist 1973 zum Abwracken verkauft worden. Sie fand aber einen Liebhaber. Ein Bauunternehmer wollte das&nbsp; <\/span><span style=\"font-family: arial, helvetica, sans-serif; font-size: 12pt;\">22,65 m lange, 3,76 m breite Motorschiff zur Privatyacht umbauen lassen. Auch die &#8222;<b>Lankwitz&#8220;<\/b> blieb mit provisorisch aufgeschwei\u00dften Blechen eines neuen Deckshauses unvollendet liegen und ist schlie\u00dflich von einer Schrottfirma im Juli 1983 zerlegt worden.<\/span><\/p>\n<\/td>\n<\/tr>\n<\/tbody>\n<\/table>\n<p>&nbsp;<\/p>\n<table style=\"border-collapse: collapse; width: 100%;\">\n<tbody>\n<tr>\n<td style=\"width: 100%; background-color: #cdcd00; text-align: justify;\"><span style=\"font-family: arial, helvetica, sans-serif; font-size: 12pt;\"><a href=\"https:\/\/berliner-dampfer.de\/?page_id=194\" target=\"_blank\" rel=\"noopener\">Trost 1988<\/a>, Seite 12:<\/span><br \/>\n<span style=\"font-family: arial, helvetica, sans-serif; font-size: 12pt;\"><a href=\"https:\/\/www.potsdam-wiki.de\/Ende_%26_B\u00f6ckmann\" target=\"_blank\" rel=\"noopener\">Ende<\/a> &amp; <a href=\"https:\/\/de.wikipedia.org\/wiki\/Wilhelm_B\u00f6ckmann\" target=\"_blank\" rel=\"noopener\">B\u00f6ckmann<\/a> lie\u00dfen in Dresden noch 2 weitere Dampfer bauen, 1891 unter der Bau-Nr. 273 die <a href=\"https:\/\/berliner-dampfer.de\/?page_id=16520\" target=\"_blank\" rel=\"noopener\">NEU-BABELSBERG<\/a> und 189<span style=\"text-decoration: underline;\">9<\/span> die <strong>KLEIN-GLIENICKE<\/strong>, Bau-Nr. 379. Beide Schiffe waren 20,00 m lang, 3,80 m breit und waren mit gleicher Maschinen- und Kesselanlage ausger\u00fcstet, wie die <a href=\"https:\/\/berliner-dampfer.de\/?page_id=710\" target=\"_blank\" rel=\"noopener\">BABELSBERG<\/a>; sie fa\u00dften beide je 113 Personen. Auch die <strong>KLEIN-GLIENICKE<\/strong> hatte ein langes Leben, sie wurde 1935 auf der <a href=\"https:\/\/de.wikipedia.org\/wiki\/Teltow-Werft\" target=\"_blank\" rel=\"noopener\">Teltow-Werft<\/a> motorisiert und konnte danach 145 Personen aufnehmen. Bei Kriegsende ist sie zwar gesunken, wurde aber 1951 auf der Teltow-Werft modernisiert und umgebaut und kam als <strong>LANKWITZ<\/strong> wieder in Fahrt, jetzt f\u00fcr 103 Personen vermessen; 1973 wurde sie in Berlin an einen Privatmann verkauft.<\/span><\/td>\n<\/tr>\n<\/tbody>\n<\/table>\n<p>&nbsp;<\/p>\n<p>&nbsp;<\/p>\n<p>&nbsp;<\/p>\n<p>&nbsp;<\/p>\n<p><img loading=\"lazy\" decoding=\"async\" class=\"alignnone size-full wp-image-11905\" src=\"https:\/\/berliner-dampfer.de\/wp-content\/uploads\/2025\/01\/1950-07-26-LANKWITZ-Groggert-1988-Seite-262-1200.jpg\" alt=\"\" width=\"1200\" height=\"981\" srcset=\"https:\/\/berliner-dampfer.de\/wp-content\/uploads\/2025\/01\/1950-07-26-LANKWITZ-Groggert-1988-Seite-262-1200.jpg 1200w, https:\/\/berliner-dampfer.de\/wp-content\/uploads\/2025\/01\/1950-07-26-LANKWITZ-Groggert-1988-Seite-262-1200-300x245.jpg 300w, https:\/\/berliner-dampfer.de\/wp-content\/uploads\/2025\/01\/1950-07-26-LANKWITZ-Groggert-1988-Seite-262-1200-1024x837.jpg 1024w, https:\/\/berliner-dampfer.de\/wp-content\/uploads\/2025\/01\/1950-07-26-LANKWITZ-Groggert-1988-Seite-262-1200-768x628.jpg 768w\" sizes=\"auto, (max-width: 1200px) 100vw, 1200px\" \/><\/p>\n<p>&nbsp;<\/p>\n<p>&nbsp;<\/p>\n<p>&nbsp;<\/p>\n<table style=\"border-collapse: collapse; width: 100%;\">\n<tbody>\n<tr>\n<td style=\"width: 100%; background-color: #ffff00;\"><span style=\"font-family: arial, helvetica, sans-serif; font-size: 12pt;\">AK, Aufnahmejahr unbekannt, postalisch gelaufen <strong>04.11.1953<\/strong>. &#8222;Lankwitz&#8220; am <a href=\"https:\/\/de.wikipedia.org\/wiki\/Kleiner_Wannsee\" target=\"_blank\" rel=\"noopener\">&#8222;Kleinen Wannsee&#8220;<\/a>:<\/span><\/p>\n<p><img loading=\"lazy\" decoding=\"async\" class=\"alignnone size-full wp-image-6502\" src=\"https:\/\/berliner-dampfer.de\/wp-content\/uploads\/2024\/10\/1953-11-04-Lankwitz-am-Kleinen-Wannsee-klein.jpg\" alt=\"\" width=\"1200\" height=\"1085\" srcset=\"https:\/\/berliner-dampfer.de\/wp-content\/uploads\/2024\/10\/1953-11-04-Lankwitz-am-Kleinen-Wannsee-klein.jpg 1200w, https:\/\/berliner-dampfer.de\/wp-content\/uploads\/2024\/10\/1953-11-04-Lankwitz-am-Kleinen-Wannsee-klein-300x271.jpg 300w, https:\/\/berliner-dampfer.de\/wp-content\/uploads\/2024\/10\/1953-11-04-Lankwitz-am-Kleinen-Wannsee-klein-1024x926.jpg 1024w, https:\/\/berliner-dampfer.de\/wp-content\/uploads\/2024\/10\/1953-11-04-Lankwitz-am-Kleinen-Wannsee-klein-768x694.jpg 768w\" sizes=\"auto, (max-width: 1200px) 100vw, 1200px\" \/><\/p>\n<p><span style=\"font-family: arial, helvetica, sans-serif; font-size: 12pt;\">Vergr\u00f6\u00dferung:<\/span><\/p>\n<p><img loading=\"lazy\" decoding=\"async\" class=\"alignnone size-full wp-image-6503\" src=\"https:\/\/berliner-dampfer.de\/wp-content\/uploads\/2024\/10\/1953-11-04-Lankwitz-am-Kleinen-Wannsee-klein-a.jpg\" alt=\"\" width=\"1200\" height=\"618\" srcset=\"https:\/\/berliner-dampfer.de\/wp-content\/uploads\/2024\/10\/1953-11-04-Lankwitz-am-Kleinen-Wannsee-klein-a.jpg 1200w, https:\/\/berliner-dampfer.de\/wp-content\/uploads\/2024\/10\/1953-11-04-Lankwitz-am-Kleinen-Wannsee-klein-a-300x155.jpg 300w, https:\/\/berliner-dampfer.de\/wp-content\/uploads\/2024\/10\/1953-11-04-Lankwitz-am-Kleinen-Wannsee-klein-a-1024x527.jpg 1024w, https:\/\/berliner-dampfer.de\/wp-content\/uploads\/2024\/10\/1953-11-04-Lankwitz-am-Kleinen-Wannsee-klein-a-768x396.jpg 768w\" sizes=\"auto, (max-width: 1200px) 100vw, 1200px\" \/><\/td>\n<\/tr>\n<\/tbody>\n<\/table>\n<p>&nbsp;<\/p>\n<p><span style=\"font-family: arial, helvetica, sans-serif; font-size: 12pt;\">&nbsp;<\/span><\/p>\n<p>&nbsp;<\/p>\n<table style=\"border-collapse: collapse; width: 100%;\">\n<tbody>\n<tr>\n<td style=\"width: 100%; background-color: #ffff00;\"><span style=\"font-family: arial, helvetica, sans-serif; font-size: 12pt;\">&#8222;<strong>Lankwitz<\/strong>&#8222;, AK postalisch gelaufen 20.05.1959. Frankiert mit Deutsche Bundespost Berlin, Dauermarke <a href=\"https:\/\/de.wikipedia.org\/wiki\/Theodor_Heuss\" target=\"_blank\" rel=\"noopener\">Theodor Heuss<\/a>, <a href=\"https:\/\/de.wikipedia.org\/wiki\/Briefmarken-Jahrgang_1959_der_Deutschen_Bundespost\" target=\"_blank\" rel=\"noopener\">Michelnummer 1959\/303<\/a>:<\/span><\/p>\n<p><a href=\"https:\/\/berliner-dampfer.de\/wp-content\/uploads\/2026\/04\/1959-05-20-LANGWITZ-klein.jpg\"><img loading=\"lazy\" decoding=\"async\" class=\"alignnone size-full wp-image-18370\" src=\"https:\/\/berliner-dampfer.de\/wp-content\/uploads\/2026\/04\/1959-05-20-LANGWITZ-klein.jpg\" alt=\"\" width=\"1200\" height=\"779\" srcset=\"https:\/\/berliner-dampfer.de\/wp-content\/uploads\/2026\/04\/1959-05-20-LANGWITZ-klein.jpg 1200w, https:\/\/berliner-dampfer.de\/wp-content\/uploads\/2026\/04\/1959-05-20-LANGWITZ-klein-300x195.jpg 300w, https:\/\/berliner-dampfer.de\/wp-content\/uploads\/2026\/04\/1959-05-20-LANGWITZ-klein-1024x665.jpg 1024w, https:\/\/berliner-dampfer.de\/wp-content\/uploads\/2026\/04\/1959-05-20-LANGWITZ-klein-768x499.jpg 768w\" sizes=\"auto, (max-width: 1200px) 100vw, 1200px\" \/><\/a><\/td>\n<\/tr>\n<\/tbody>\n<\/table>\n<p>&nbsp;<\/p>\n<p>&nbsp;<\/p>\n<p>&nbsp;<\/p>\n<table style=\"border-collapse: collapse; width: 100%;\">\n<tbody>\n<tr>\n<td style=\"width: 100%; background-color: #ffff00;\">\n<p style=\"text-align: justify;\"><span style=\"font-family: arial, helvetica, sans-serif; font-size: 12pt;\">AK, Aufnahmejahr unbekannt, postalisch gelaufen <strong>13.09.1960<\/strong>. &#8222;Lankwitz&#8220; am <a href=\"https:\/\/de.wikipedia.org\/wiki\/St\u00f6lpchensee\" target=\"_blank\" rel=\"noopener\">St\u00f6lpchensee.<\/a> Frankiert mit Deutsche Bundespost, Europa-Marke, <a href=\"https:\/\/de.wikipedia.org\/wiki\/Briefmarken-Jahrgang_1958_der_Deutschen_Bundespost\" target=\"_blank\" rel=\"noopener\">Michelnummer 295 aus 1958<\/a>: <\/span><\/p>\n<p><img loading=\"lazy\" decoding=\"async\" class=\"alignnone size-full wp-image-6504\" src=\"https:\/\/berliner-dampfer.de\/wp-content\/uploads\/2024\/10\/1960-09-12-Lankwitz-klein.jpg\" alt=\"\" width=\"1200\" height=\"1081\" srcset=\"https:\/\/berliner-dampfer.de\/wp-content\/uploads\/2024\/10\/1960-09-12-Lankwitz-klein.jpg 1200w, https:\/\/berliner-dampfer.de\/wp-content\/uploads\/2024\/10\/1960-09-12-Lankwitz-klein-300x270.jpg 300w, https:\/\/berliner-dampfer.de\/wp-content\/uploads\/2024\/10\/1960-09-12-Lankwitz-klein-1024x922.jpg 1024w, https:\/\/berliner-dampfer.de\/wp-content\/uploads\/2024\/10\/1960-09-12-Lankwitz-klein-768x692.jpg 768w\" sizes=\"auto, (max-width: 1200px) 100vw, 1200px\" \/><\/p>\n<p><span style=\"font-family: arial, helvetica, sans-serif; font-size: 12pt;\">Vergr\u00f6\u00dferung:<\/span><\/p>\n<p><img loading=\"lazy\" decoding=\"async\" class=\"alignnone size-full wp-image-6505\" src=\"https:\/\/berliner-dampfer.de\/wp-content\/uploads\/2024\/10\/1960-09-12-Lankwitz-klein-a.jpg\" alt=\"\" width=\"1200\" height=\"499\" srcset=\"https:\/\/berliner-dampfer.de\/wp-content\/uploads\/2024\/10\/1960-09-12-Lankwitz-klein-a.jpg 1200w, https:\/\/berliner-dampfer.de\/wp-content\/uploads\/2024\/10\/1960-09-12-Lankwitz-klein-a-300x125.jpg 300w, https:\/\/berliner-dampfer.de\/wp-content\/uploads\/2024\/10\/1960-09-12-Lankwitz-klein-a-1024x426.jpg 1024w, https:\/\/berliner-dampfer.de\/wp-content\/uploads\/2024\/10\/1960-09-12-Lankwitz-klein-a-768x319.jpg 768w\" sizes=\"auto, (max-width: 1200px) 100vw, 1200px\" \/><\/td>\n<\/tr>\n<\/tbody>\n<\/table>\n<p>&nbsp;<\/p>\n<p>&nbsp;<\/p>\n<p>&nbsp;<\/p>\n<table style=\"border-collapse: collapse; width: 100%;\">\n<tbody>\n<tr>\n<td style=\"width: 100%; background-color: #ffff00;\">\n<p style=\"text-align: justify;\"><span style=\"font-family: arial, helvetica, sans-serif; font-size: 12pt;\"><strong>&#8222;Lankwitz&#8220;<\/strong>, Aufnahmejahr unbekannt, aufgenommen von der <a href=\"https:\/\/de.wikipedia.org\/wiki\/Wannseebr\u00fccke\" target=\"_blank\" rel=\"noopener\">Wannseebr\u00fccke<\/a> aus. Postalisch gelaufen <strong>10.06.1961<\/strong>, frankiert mit Deutsche <a href=\"https:\/\/de.wikipedia.org\/wiki\/Briefmarken-Jahrgang_1957_der_Deutschen_Bundespost_Berlin\" target=\"_blank\" rel=\"noopener\">Bundespost Berlin\/1957, Michelnummer 141<\/a>, Dauermarken Berliner Stadtbilder: Landespostdirektion Berlin.<\/span><\/p>\n<p style=\"text-align: justify;\"><span style=\"font-family: arial, helvetica, sans-serif; font-size: 12pt;\">Die Ansichtskarte wurde nur fast genau vor dem <a href=\"https:\/\/www.hdg.de\/lemo\/kapitel\/geteiltes-deutschland-gruenderjahre\/mauerbau\/13-august-1961-mauerbau.html\" target=\"_blank\" rel=\"noopener\">Mauerbau<\/a> vom <strong>13.08.1961<\/strong> geschrieben. Ein scheinbar junger Mann schreibt als Berlinbesucher seinen Eltern in Kassel:<\/span><\/p>\n<blockquote>\n<p style=\"text-align: justify;\"><span style=\"font-family: arial, helvetica, sans-serif; font-size: 12pt;\">Liebe Eltern!<\/span><\/p>\n<p style=\"text-align: justify;\"><span style=\"font-family: arial, helvetica, sans-serif; font-size: 12pt;\">Die erste H\u00e4fte meines Berlin-Aufenthalts ist vor\u00fcber. Beg\u00fcnstigt durch sch\u00f6nstes Sommerwetter konnte ich die geplanten ausgedehnten Spazierg\u00e4nge unternehmen. U. a. habe ich mir die Bezirke Mitte, Friedrichshain, Prenzlauer Berg und Pankow sowie die Gegend um den M\u00fcggelsee und den Treptower Park angesehen. Heute, am &#8222;Ruhetag&#8220;, werde ich mir nachmittags das Fu\u00dfballspiel im Olympiastadion anstehen.<\/span><br \/>\n<span style=\"font-family: arial, helvetica, sans-serif; font-size: 12pt;\">Am Mittwoch fahre ich, wie vorgesehen, zur\u00fcck und verbleibe bis dahin mit herzlichen Gr\u00fc\u00dfen<\/span><br \/>\n<span style=\"font-family: arial, helvetica, sans-serif; font-size: 12pt;\">Euer Werner.<\/span><\/p>\n<\/blockquote>\n<p><span style=\"font-family: arial, helvetica, sans-serif; font-size: 12pt;\">Am 10.06.1961 spielten im Olympiastadion<a href=\"https:\/\/www.fussballdaten.de\/alteoberliga\/endrunde\/1961\/gruppenphase\/2\/herthabsc-koeln\/\" target=\"_blank\" rel=\"noopener\"> Hertha BSC gegen den 1.FC K\u00f6ln<\/a>. K\u00f6ln gewann mit 1:2 Toren.<\/span><\/p>\n<p><span style=\"font-family: arial, helvetica, sans-serif; font-size: 12pt;\">Welche folgen der Mauerbau f\u00fcr Hertha BSC bzw. seine Spieler und Mitglieder hatte, beschreibt der Verein hier:<\/span><\/p>\n<ul>\n<li><span style=\"font-family: arial, helvetica, sans-serif; font-size: 12pt;\">HerthaMuseum: <a href=\"https:\/\/www.herthabsc.com\/de\/nachrichten\/2018\/08\/14907-herthamuseum_x003a_-die-berliner-mauer-und-hertha-bsc\" target=\"_blank\" rel=\"noopener\">Die Berliner Mauer und Hertha BSC<\/a><\/span><\/li>\n<\/ul>\n<p>__________<\/p>\n<p><img loading=\"lazy\" decoding=\"async\" class=\"alignnone size-full wp-image-13321\" src=\"https:\/\/berliner-dampfer.de\/wp-content\/uploads\/2025\/02\/1961-06-10-LANKWITZ-klein.jpg\" alt=\"\" width=\"1200\" height=\"950\" srcset=\"https:\/\/berliner-dampfer.de\/wp-content\/uploads\/2025\/02\/1961-06-10-LANKWITZ-klein.jpg 1200w, https:\/\/berliner-dampfer.de\/wp-content\/uploads\/2025\/02\/1961-06-10-LANKWITZ-klein-300x238.jpg 300w, https:\/\/berliner-dampfer.de\/wp-content\/uploads\/2025\/02\/1961-06-10-LANKWITZ-klein-1024x811.jpg 1024w, https:\/\/berliner-dampfer.de\/wp-content\/uploads\/2025\/02\/1961-06-10-LANKWITZ-klein-768x608.jpg 768w\" sizes=\"auto, (max-width: 1200px) 100vw, 1200px\" \/><\/td>\n<\/tr>\n<\/tbody>\n<\/table>\n<p>&nbsp;<\/p>\n<p>&nbsp;<\/p>\n<p>&nbsp;<\/p>\n<p>&nbsp;<\/p>\n<p><span style=\"text-decoration: underline;\"><span style=\"font-family: arial, helvetica, sans-serif; font-size: 12pt;\">Zuletzt bearbeitet 03.04.2026<\/span><\/span><\/p>\n","protected":false},"excerpt":{"rendered":"<p>1899 Klein-Glienicke } 1951 Lankwitz &#8211; 1973 verkauft &#8211; 1983 zerlegt &nbsp; Groggert 1988, Seite 110: Die Firma Ende &amp; B\u00f6ckmann, die 1876 mit dem&hellip;<\/p>\n","protected":false},"author":1,"featured_media":0,"parent":0,"menu_order":0,"comment_status":"closed","ping_status":"closed","template":"","meta":{"ngg_post_thumbnail":0,"iawp_total_views":25,"footnotes":""},"class_list":["post-6495","page","type-page","status-publish","hentry"],"_links":{"self":[{"href":"https:\/\/berliner-dampfer.de\/index.php?rest_route=\/wp\/v2\/pages\/6495","targetHints":{"allow":["GET"]}}],"collection":[{"href":"https:\/\/berliner-dampfer.de\/index.php?rest_route=\/wp\/v2\/pages"}],"about":[{"href":"https:\/\/berliner-dampfer.de\/index.php?rest_route=\/wp\/v2\/types\/page"}],"author":[{"embeddable":true,"href":"https:\/\/berliner-dampfer.de\/index.php?rest_route=\/wp\/v2\/users\/1"}],"replies":[{"embeddable":true,"href":"https:\/\/berliner-dampfer.de\/index.php?rest_route=%2Fwp%2Fv2%2Fcomments&post=6495"}],"version-history":[{"count":53,"href":"https:\/\/berliner-dampfer.de\/index.php?rest_route=\/wp\/v2\/pages\/6495\/revisions"}],"predecessor-version":[{"id":18371,"href":"https:\/\/berliner-dampfer.de\/index.php?rest_route=\/wp\/v2\/pages\/6495\/revisions\/18371"}],"wp:attachment":[{"href":"https:\/\/berliner-dampfer.de\/index.php?rest_route=%2Fwp%2Fv2%2Fmedia&parent=6495"}],"curies":[{"name":"wp","href":"https:\/\/api.w.org\/{rel}","templated":true}]}}