{"id":6678,"date":"2024-10-25T09:57:11","date_gmt":"2024-10-25T07:57:11","guid":{"rendered":"https:\/\/berliner-dampfer.de\/?page_id=6678"},"modified":"2026-02-13T09:06:03","modified_gmt":"2026-02-13T08:06:03","slug":"marianne","status":"publish","type":"page","link":"https:\/\/berliner-dampfer.de\/?page_id=6678","title":{"rendered":"Marianne"},"content":{"rendered":"<table style=\"border-collapse: collapse; width: 100%;\">\n<tbody>\n<tr>\n<td style=\"width: 100%; background-color: #ffff00;\"><span style=\"font-family: arial, helvetica, sans-serif; font-size: 12pt;\"><span style=\"font-size: 10pt;\">1877<\/span> <strong>Neptun<\/strong> } <span style=\"font-size: 10pt;\">1919<\/span> <strong>Marianne <\/strong><\/span><\/p>\n<p><span style=\"font-family: arial, helvetica, sans-serif; font-size: 12pt;\"><span style=\"font-size: 10pt;\">1961<\/span> abgewrackt<strong><br \/>\n<\/strong><\/span><\/p>\n<p><span style=\"font-family: arial, helvetica, sans-serif; font-size: 12pt;\"><a href=\"https:\/\/www.ddr-binnenschifffahrt.de\/db_verlauf.php?schiffId=4003204\" target=\"_blank\" rel=\"noopener\">Schiffshistorie<\/a> in der Datenbank von Uwe Giesler \/ www.ddr-binnenschifffahrt.de.<\/span><\/p>\n<p><span style=\"font-family: arial, helvetica, sans-serif; font-size: 12pt;\"><a href=\"https:\/\/berliner-dampfer.de\/?p=15576\" target=\"_blank\" rel=\"noopener\">BD<\/a>: &#8222;Vulcan-Klasse&#8220;<\/span><\/td>\n<\/tr>\n<\/tbody>\n<\/table>\n<p>&nbsp;<\/p>\n<table style=\"border-collapse: collapse; width: 100%;\">\n<tbody>\n<tr>\n<td style=\"width: 100%; background-color: #ffd700; text-align: justify;\"><span style=\"font-family: arial, helvetica, sans-serif; font-size: 12pt;\"><span style=\"text-decoration: underline;\"><a href=\"https:\/\/berliner-dampfer.de\/?page_id=194\" target=\"_blank\" rel=\"noopener\">Groggert 1988<\/a>,<\/span>Seite 126\/128:<br \/>\nDer Schiffspark der Spandauer Dampfschiffahrts-Gesellschaft bestand nach einer Wertaufstellung der Reederei Ende 1906 aus folgenden Schiffen:<\/span><br \/>\n<span style=\"font-family: arial, helvetica, sans-serif; font-size: 12pt;\">&#8230;<\/span><br \/>\n<strong><span style=\"font-family: arial, helvetica, sans-serif; font-size: 12pt;\">Neptun 1 <\/span><\/strong><span style=\"font-family: arial, helvetica, sans-serif; font-size: 12pt;\">[1877]<\/span><br \/>\n<span style=\"font-family: arial, helvetica, sans-serif; font-size: 12pt;\"><a href=\"https:\/\/berliner-dampfer.de\/?page_id=6709\" target=\"_blank\" rel=\"noopener\">Neptun 2<\/a> [1889]<\/span><br \/>\n<span style=\"font-family: arial, helvetica, sans-serif; font-size: 12pt;\">&#8230;<br \/>\n<strong>&#8222;Neptun 1&#8220;<\/strong> war ein 1877 f\u00fcr die Stettiner Reederei Braeunlich von der Vulcan-Werft Bredow gebauter Dampfer, der im Typ den Schiffen der Vulcan-Klasse entsprach.<br \/>\nBei dem Dampfer <a href=\"https:\/\/berliner-dampfer.de\/?page_id=6709\" target=\"_blank\" rel=\"noopener\">&#8222;Neptun 2&#8220;<\/a> handelte es sich dagegen um einen 25,2 m langen, 5 m beiten Dampfer, der 1889 von den Stettiner Oderwerken f\u00fcr das Feuerwerkslaboratorium in Spandau gebaut und vor Errichtung der Eiswerderbr\u00fccke als F\u00e4hre verwendet worden war.<\/span><span style=\"text-decoration: underline;\"><span style=\"font-family: arial, helvetica, sans-serif; font-size: 12pt;\">Groggert 1988, Seite 133:<\/span><\/span><br \/>\n<span style=\"font-family: arial, helvetica, sans-serif; font-size: 12pt;\">Schiffspark der Spree-Havel-Dampfschiffahrtsgesellschaft &#8222;Stern&#8220; 1914<\/span><br \/>\n<span style=\"font-family: arial, helvetica, sans-serif; font-size: 12pt;\">&#8230;<\/span><br \/>\n<span style=\"font-family: arial, helvetica, sans-serif; font-size: 12pt;\">34. Dampfer <strong>Neptun<\/strong> (194 Personen)<\/span><br \/>\n<span style=\"font-family: arial, helvetica, sans-serif; font-size: 12pt;\">&#8230;<br \/>\n<span style=\"color: #ffcc00;\">.<\/span><br \/>\n<\/span><span style=\"text-decoration: underline;\"><span style=\"font-family: arial, helvetica, sans-serif; font-size: 12pt;\">Groggert 1988, Seite 164:<\/span><\/span><br \/>\n<span style=\"font-family: arial, helvetica, sans-serif; font-size: 12pt;\">Einige Stern-Dampfer, die in dieser Liste [von 1924] nicht mehr aufgef\u00fchrt sind, wurden abgewrackt. Die Dampfer &#8230; <b>&#8222;Neptun&#8220;<\/b> &#8230; gingen an einen Stettiner Unternehmer.<\/span><\/p>\n<p style=\"text-align: justify;\"><span style=\"text-decoration: underline;\"><span style=\"font-family: arial, helvetica, sans-serif; font-size: 12pt;\">Groggert 1988, Seite 311:<\/span><\/span><br \/>\n<span style=\"font-family: arial, helvetica, sans-serif; font-size: 12pt;\">Bei Kriegsende [1945] \u2026.<\/span><br \/>\n<span style=\"font-family: arial, helvetica, sans-serif; font-size: 12pt;\">Ein fremdes Reedereizeichen brachte die Rederei Schulze aus Stettin an die <a href=\"https:\/\/de.wikipedia.org\/wiki\/Jannowitzbr\u00fccke\" target=\"_blank\" rel=\"noopener\">Jannowitzbr\u00fccke<\/a>: Eine blau-wei\u00df-blaue Manschette mit einem schwarzen S zu beiden Seiten des Schornsteins. <\/span><\/p>\n<p style=\"text-align: justify;\"><span style=\"font-family: arial, helvetica, sans-serif; font-size: 12pt;\">Drei Personendampfer, die Schulz au\u00dfer dem Schleppdampfer \u201eStern\u201c auf der Oberspree einsetzte, waren fr\u00fchere Stern-Dampfer und vor 1907 Dampfer der Spandauer Dampfschiffahrts-Gesellschaft Oberhavel und Tegeler See, n\u00e4mlich \u201eL\u00fcbzin\u201c, \u201ePommern\u201c und <strong>\u201eMarianne\u201c<\/strong>, die vor dem Ersten Weltkrieg auf dem Tegeler See als \u201eGeier\u201c, \u201eHabicht\u201c und \u201e<strong>Neptun\u201c<\/strong> Fahrg\u00e4ste aus Berlin bef\u00f6rdert hatten. \u201ePommern\u201c (ex \u201eHabicht\u201c) hatte inzwischen statt der f\u00fcr die <a href=\"https:\/\/de.wikipedia.org\/wiki\/Schichau_Seebeck\" target=\"_blank\" rel=\"noopener\">Seebeck-Werft<\/a> in Geestem\u00fcnde typischen rechteckigen Kaj\u00fctfenstern Bullaugen. Die 1877 als <strong>\u201eNeptun\u201c<\/strong> vom <a href=\"https:\/\/de.wikipedia.org\/wiki\/AG_Vulcan_Stettin\" target=\"_blank\" rel=\"noopener\">Stettiner Vulcan<\/a> gebaute <strong>\u201eMarianne\u201c<\/strong> fuhr noch einige Jahre unter der gr\u00fcn-wei\u00df-gelben Flagge der Reederei Bauer \u00fcber den M\u00fcgelsee, bevor sie mit vielen anderen auf den Rummelsburger See gebracht und dort abgestellt wurde.<\/span><\/p>\n<\/td>\n<\/tr>\n<\/tbody>\n<\/table>\n<p>&nbsp;<\/p>\n<table style=\"border-collapse: collapse; width: 100%;\">\n<tbody>\n<tr>\n<td style=\"width: 100%; background-color: #cdcd00;\">\n<p style=\"text-align: justify;\"><span style=\"font-family: arial, helvetica, sans-serif; font-size: 12pt;\"><a href=\"\/Users\/Barbara\/Desktop\/Berliner%20Dampfer%20Webseite\/html\/links_-_literatur.html\" target=\"_blank\" rel=\"noopener\">Trost 1988<\/a>, Seiten 14\/15:<\/span><\/p>\n<p style=\"text-align: justify;\"><span style=\"font-family: arial, helvetica, sans-serif; font-size: 12pt;\">Das Jahr 1907 war von besonderer Bedeutung. da \u00fcbernahm die SHDG \u201cStern\u201d alle 15 Dampfer und 2 Motorschiffe der Spandauer Dampfschiffahrts-Gesellschaft Oberhavel und Teglersee. Es waren zwar viele \u00e4ltere Schiffe darunter, die sogleich weiter verkauft wurden, aber auch Dampfer, die gerade von der Werft abgeliefert wurden.<\/span><\/p>\n<p style=\"text-align: justify;\"><span style=\"font-family: arial, helvetica, sans-serif; font-size: 12pt;\">Zu den \u00e4lteren Dampfern geh\u00f6rten<\/span><\/p>\n<ul style=\"text-align: justify;\">\n<li><span style=\"font-family: arial, helvetica, sans-serif; font-size: 12pt;\"><a href=\"https:\/\/berliner-dampfer.de\/?page_id=6615\" target=\"_blank\" rel=\"noopener\">SCHWAN<\/a>,<\/span><\/li>\n<li><span style=\"font-family: arial, helvetica, sans-serif; font-size: 12pt;\"><a href=\"https:\/\/berliner-dampfer.de\/?page_id=3015\" target=\"_blank\" rel=\"noopener\">FLORA<\/a>,<\/span><\/li>\n<li><span style=\"font-family: arial, helvetica, sans-serif; font-size: 12pt;\"><b>NEPTUN<\/b>,<\/span><\/li>\n<li><span style=\"font-family: arial, helvetica, sans-serif; font-size: 12pt;\"><a href=\"https:\/\/berliner-dampfer.de\/?page_id=3045\" target=\"_blank\" rel=\"noopener\">FRANZISKA<\/a> und<\/span><\/li>\n<li><span style=\"font-family: arial, helvetica, sans-serif; font-size: 12pt;\">SOPHIE-CHARLOTTE,<\/span><\/li>\n<\/ul>\n<p style=\"text-align: justify;\"><span style=\"font-family: arial, helvetica, sans-serif; font-size: 12pt;\">j\u00fcngeren Datums waren<\/span><\/p>\n<ul style=\"text-align: justify;\">\n<li><span style=\"font-family: arial, helvetica, sans-serif; font-size: 12pt;\">GEIER,<\/span><\/li>\n<li><span style=\"font-family: arial, helvetica, sans-serif; font-size: 12pt;\">HABICHT,<\/span><\/li>\n<li><span style=\"font-family: arial, helvetica, sans-serif; font-size: 12pt;\">v. BISMARCK,<\/span><\/li>\n<li><span style=\"font-family: arial, helvetica, sans-serif; font-size: 12pt;\">v. HUMBOLDT<\/span><\/li>\n<li><span style=\"font-family: arial, helvetica, sans-serif; font-size: 12pt;\">und NEPTUN 2.<\/span><\/li>\n<\/ul>\n<p style=\"text-align: justify;\"><span style=\"font-family: arial, helvetica, sans-serif; font-size: 12pt;\">Soeben in Dienst gestellt worden waren FALKE und SPERBER&#8230;&#8230;\u201d<\/span><\/p>\n<p style=\"text-align: justify;\"><span style=\"font-family: arial, helvetica, sans-serif; font-size: 12pt;\"><b>NEPTUN<\/b> war f\u00fcr 148 Personen vermessen, wurde sp\u00e4ter an Gustav Schulz nach Stettin verkauft und kam nach dem 2. Weltkrieg nach Berlin zur\u00fcck; bei der Reederei Bauer fuhr der Dampfer dann als MARIANNE auf dem M\u00fcggelsee und nach Woltersdorf.<\/span><\/p>\n<\/td>\n<\/tr>\n<\/tbody>\n<\/table>\n<p>&nbsp;<\/p>\n<p>&nbsp;<\/p>\n<table style=\"border-collapse: collapse; width: 100%;\">\n<tbody>\n<tr>\n<td style=\"width: 100%; background-color: #ffff00;\"><span style=\"font-family: arial, helvetica, sans-serif; font-size: 12pt;\"><strong>&#8222;Neptun&#8220;<\/strong>, <strong>1899<\/strong> aus <a href=\"https:\/\/de.wikipedia.org\/wiki\/Berliner_Leben\" target=\"_blank\" rel=\"noopener\">&#8222;Berliner Leben&#8220;:<\/a><\/span><\/p>\n<p><img loading=\"lazy\" decoding=\"async\" class=\"alignnone size-full wp-image-6703\" src=\"https:\/\/berliner-dampfer.de\/wp-content\/uploads\/2024\/10\/1899-Neptun-aus-Berliner-Leben-1200.jpg\" alt=\"\" width=\"1200\" height=\"725\" srcset=\"https:\/\/berliner-dampfer.de\/wp-content\/uploads\/2024\/10\/1899-Neptun-aus-Berliner-Leben-1200.jpg 1200w, https:\/\/berliner-dampfer.de\/wp-content\/uploads\/2024\/10\/1899-Neptun-aus-Berliner-Leben-1200-300x181.jpg 300w, https:\/\/berliner-dampfer.de\/wp-content\/uploads\/2024\/10\/1899-Neptun-aus-Berliner-Leben-1200-1024x619.jpg 1024w, https:\/\/berliner-dampfer.de\/wp-content\/uploads\/2024\/10\/1899-Neptun-aus-Berliner-Leben-1200-768x464.jpg 768w\" sizes=\"auto, (max-width: 1200px) 100vw, 1200px\" \/><\/td>\n<\/tr>\n<\/tbody>\n<\/table>\n<p>&nbsp;<\/p>\n<p>&nbsp;<\/p>\n<table style=\"border-collapse: collapse; width: 100%;\">\n<tbody>\n<tr>\n<td style=\"width: 100%; background-color: #ffff00; text-align: left; vertical-align: top;\"><span style=\"font-family: arial, helvetica, sans-serif; font-size: 12pt;\">1904 Schleuse Spandau, vermutlich die &#8222;Neptun&#8220;:<\/span><\/p>\n<p><img loading=\"lazy\" decoding=\"async\" class=\"aligncenter size-full wp-image-18183\" src=\"https:\/\/berliner-dampfer.de\/wp-content\/uploads\/2026\/02\/1904-1905-04-17-Schleuse-Spandau-Schiff-MARIANNEE-klein.jpg\" alt=\"\" width=\"1200\" height=\"673\" srcset=\"https:\/\/berliner-dampfer.de\/wp-content\/uploads\/2026\/02\/1904-1905-04-17-Schleuse-Spandau-Schiff-MARIANNEE-klein.jpg 1200w, https:\/\/berliner-dampfer.de\/wp-content\/uploads\/2026\/02\/1904-1905-04-17-Schleuse-Spandau-Schiff-MARIANNEE-klein-300x168.jpg 300w, https:\/\/berliner-dampfer.de\/wp-content\/uploads\/2026\/02\/1904-1905-04-17-Schleuse-Spandau-Schiff-MARIANNEE-klein-1024x574.jpg 1024w, https:\/\/berliner-dampfer.de\/wp-content\/uploads\/2026\/02\/1904-1905-04-17-Schleuse-Spandau-Schiff-MARIANNEE-klein-768x431.jpg 768w\" sizes=\"auto, (max-width: 1200px) 100vw, 1200px\" \/><\/p>\n<p><span style=\"font-family: arial, helvetica, sans-serif; font-size: 12pt;\">Vergr\u00f6\u00dfert:<\/span><\/p>\n<p><img loading=\"lazy\" decoding=\"async\" class=\"aligncenter size-full wp-image-18184\" src=\"https:\/\/berliner-dampfer.de\/wp-content\/uploads\/2026\/02\/1904-1905-04-17-Schleuse-Spandau-Schiff-NEPTUN-klein-a.jpg\" alt=\"\" width=\"1200\" height=\"675\" srcset=\"https:\/\/berliner-dampfer.de\/wp-content\/uploads\/2026\/02\/1904-1905-04-17-Schleuse-Spandau-Schiff-NEPTUN-klein-a.jpg 1200w, https:\/\/berliner-dampfer.de\/wp-content\/uploads\/2026\/02\/1904-1905-04-17-Schleuse-Spandau-Schiff-NEPTUN-klein-a-300x169.jpg 300w, https:\/\/berliner-dampfer.de\/wp-content\/uploads\/2026\/02\/1904-1905-04-17-Schleuse-Spandau-Schiff-NEPTUN-klein-a-1024x576.jpg 1024w, https:\/\/berliner-dampfer.de\/wp-content\/uploads\/2026\/02\/1904-1905-04-17-Schleuse-Spandau-Schiff-NEPTUN-klein-a-768x432.jpg 768w\" sizes=\"auto, (max-width: 1200px) 100vw, 1200px\" \/><\/td>\n<\/tr>\n<\/tbody>\n<\/table>\n<p>&nbsp;<\/p>\n<p>&nbsp;<\/p>\n<p>&nbsp;<\/p>\n<table style=\"border-collapse: collapse; width: 100%;\">\n<tbody>\n<tr>\n<td style=\"width: 100%; background-color: #ffff00;\"><img loading=\"lazy\" decoding=\"async\" class=\"alignnone size-full wp-image-6704\" src=\"https:\/\/berliner-dampfer.de\/wp-content\/uploads\/2024\/10\/19xx-Groggert-1988-Seite-129-Neptun-1.jpg\" alt=\"\" width=\"1200\" height=\"722\" srcset=\"https:\/\/berliner-dampfer.de\/wp-content\/uploads\/2024\/10\/19xx-Groggert-1988-Seite-129-Neptun-1.jpg 1200w, https:\/\/berliner-dampfer.de\/wp-content\/uploads\/2024\/10\/19xx-Groggert-1988-Seite-129-Neptun-1-300x181.jpg 300w, https:\/\/berliner-dampfer.de\/wp-content\/uploads\/2024\/10\/19xx-Groggert-1988-Seite-129-Neptun-1-1024x616.jpg 1024w, https:\/\/berliner-dampfer.de\/wp-content\/uploads\/2024\/10\/19xx-Groggert-1988-Seite-129-Neptun-1-768x462.jpg 768w\" sizes=\"auto, (max-width: 1200px) 100vw, 1200px\" \/><\/td>\n<\/tr>\n<\/tbody>\n<\/table>\n<p>&nbsp;<\/p>\n<p>&nbsp;<\/p>\n<p>&nbsp;<\/p>\n<table style=\"border-collapse: collapse; width: 100%;\">\n<tbody>\n<tr>\n<td style=\"width: 100%; background-color: #ffff00;\"><span style=\"font-family: arial, helvetica, sans-serif; font-size: 12pt;\"><strong>&#8222;Neptun&#8220;<\/strong> mit Fahrbeschreibungsplakat: &#8222;<a href=\"https:\/\/de.wikipedia.org\/wiki\/Berlin-Tegel\" target=\"_blank\" rel=\"noopener\">Tegel<\/a>&nbsp; <a href=\"https:\/\/de.wikipedia.org\/wiki\/Jahnsfelde\" target=\"_blank\" rel=\"noopener\">Jahnsfelde<span style=\"font-size: 10pt;\"> [?]<\/span><\/a> &nbsp;<a href=\"https:\/\/de.wikipedia.org\/wiki\/Berlin-Heiligensee\" target=\"_blank\" rel=\"noopener\">Heiligensee<\/a>&#8222;<\/span><\/p>\n<p><a href=\"https:\/\/berliner-dampfer.de\/wp-content\/uploads\/2025\/05\/1910-ca-NEPTUN-klein.jpg\"><img loading=\"lazy\" decoding=\"async\" class=\"alignnone size-full wp-image-15703\" src=\"https:\/\/berliner-dampfer.de\/wp-content\/uploads\/2025\/05\/1910-ca-NEPTUN-klein.jpg\" alt=\"\" width=\"1200\" height=\"680\" srcset=\"https:\/\/berliner-dampfer.de\/wp-content\/uploads\/2025\/05\/1910-ca-NEPTUN-klein.jpg 1200w, https:\/\/berliner-dampfer.de\/wp-content\/uploads\/2025\/05\/1910-ca-NEPTUN-klein-300x170.jpg 300w, https:\/\/berliner-dampfer.de\/wp-content\/uploads\/2025\/05\/1910-ca-NEPTUN-klein-1024x580.jpg 1024w, https:\/\/berliner-dampfer.de\/wp-content\/uploads\/2025\/05\/1910-ca-NEPTUN-klein-768x435.jpg 768w\" sizes=\"auto, (max-width: 1200px) 100vw, 1200px\" \/><\/a><\/td>\n<\/tr>\n<\/tbody>\n<\/table>\n<p>&nbsp;<\/p>\n<p>&nbsp;<\/p>\n<p>&nbsp;<\/p>\n<p><span style=\"text-decoration: underline;\"><span style=\"font-family: arial, helvetica, sans-serif; font-size: 12pt;\">Zuletzt bearbeitet 13.02.2026<\/span><\/span><\/p>\n","protected":false},"excerpt":{"rendered":"<p>1877 Neptun } 1919 Marianne 1961 abgewrackt Schiffshistorie in der Datenbank von Uwe Giesler \/ www.ddr-binnenschifffahrt.de. BD: &#8222;Vulcan-Klasse&#8220; &nbsp; Groggert 1988,Seite 126\/128: Der Schiffspark der&hellip;<\/p>\n","protected":false},"author":1,"featured_media":0,"parent":0,"menu_order":0,"comment_status":"closed","ping_status":"closed","template":"","meta":{"ngg_post_thumbnail":0,"iawp_total_views":8,"footnotes":""},"class_list":["post-6678","page","type-page","status-publish","hentry"],"_links":{"self":[{"href":"https:\/\/berliner-dampfer.de\/index.php?rest_route=\/wp\/v2\/pages\/6678","targetHints":{"allow":["GET"]}}],"collection":[{"href":"https:\/\/berliner-dampfer.de\/index.php?rest_route=\/wp\/v2\/pages"}],"about":[{"href":"https:\/\/berliner-dampfer.de\/index.php?rest_route=\/wp\/v2\/types\/page"}],"author":[{"embeddable":true,"href":"https:\/\/berliner-dampfer.de\/index.php?rest_route=\/wp\/v2\/users\/1"}],"replies":[{"embeddable":true,"href":"https:\/\/berliner-dampfer.de\/index.php?rest_route=%2Fwp%2Fv2%2Fcomments&post=6678"}],"version-history":[{"count":40,"href":"https:\/\/berliner-dampfer.de\/index.php?rest_route=\/wp\/v2\/pages\/6678\/revisions"}],"predecessor-version":[{"id":18185,"href":"https:\/\/berliner-dampfer.de\/index.php?rest_route=\/wp\/v2\/pages\/6678\/revisions\/18185"}],"wp:attachment":[{"href":"https:\/\/berliner-dampfer.de\/index.php?rest_route=%2Fwp%2Fv2%2Fmedia&parent=6678"}],"curies":[{"name":"wp","href":"https:\/\/api.w.org\/{rel}","templated":true}]}}