{"id":7160,"date":"2024-11-01T17:31:26","date_gmt":"2024-11-01T16:31:26","guid":{"rendered":"https:\/\/berliner-dampfer.de\/?page_id=7160"},"modified":"2025-01-24T11:39:16","modified_gmt":"2025-01-24T10:39:16","slug":"prinz-joachim","status":"publish","type":"page","link":"https:\/\/berliner-dampfer.de\/?page_id=7160","title":{"rendered":"Stadt Halle"},"content":{"rendered":"<table style=\"border-collapse: collapse; width: 100%;\">\n<tbody>\n<tr>\n<td style=\"width: 100%; background-color: #ffff00;\"><span style=\"font-family: arial, helvetica, sans-serif; font-size: 12pt;\"> 1896 <strong>Prinz Joachim<\/strong> } 1930 ca <strong>Stadt Halle<\/strong><\/span><\/p>\n<p><span style=\"font-family: arial, helvetica, sans-serif; font-size: 12pt;\">Bauwerft: <a href=\"https:\/\/de.wikipedia.org\/wiki\/Howaldtswerke-Deutsche_Werft#Howaldtswerke_(1889_bis_1917)\" target=\"_blank\" rel=\"noopener\">Howaldtswerke<\/a> in Kiel<\/span><\/p>\n<p>_____________<\/p>\n<p><span style=\"font-family: arial, helvetica, sans-serif; font-size: 12pt;\">Wikipedia: <a href=\"https:\/\/de.wikipedia.org\/wiki\/Joachim_von_Preu\u00dfen\" target=\"_blank\" rel=\"noopener\">Joachim von Preu\u00dfen<\/a><\/span><\/td>\n<\/tr>\n<\/tbody>\n<\/table>\n<p>&nbsp;<\/p>\n<table style=\"border-collapse: collapse; width: 100%;\">\n<tbody>\n<tr>\n<td style=\"width: 100%; background-color: #ffd700;\">\n<p style=\"text-align: justify;\"><span style=\"font-family: arial, helvetica, sans-serif; font-size: 12pt;\"><a href=\"https:\/\/berliner-dampfer.de\/?page_id=194\" target=\"_blank\" rel=\"noopener\">Groggert 1988<\/a>, Seite 113:<\/span><br \/>\n<span style=\"font-family: arial, helvetica, sans-serif; font-size: 12pt;\">Die Anker-Schiffswerft und Reederei GmbH in BerIin-Rummelsburg konnte im Ausstellungsjahr <a href=\"https:\/\/de.wikipedia.org\/wiki\/Berliner_Gewerbeausstellung\" target=\"_blank\" rel=\"noopener\">1896 der Gewerbeausstellung<\/a> in Treptow noch <span style=\"text-decoration: underline;\"><strong>6<\/strong><\/span> neue, von den <a href=\"https:\/\/de.wikipedia.org\/wiki\/Howaldtswerke-Deutsche_Werft#Howaldtswerke_(1889_bis_1917)\" target=\"_blank\" rel=\"noopener\">Howaldtswerken<\/a> in Kiel erbaute 20 m lange und 4 m breite Schraubendampfer einsetzen, die nach den S\u00f6hnen <a href=\"https:\/\/de.wikipedia.org\/wiki\/Wilhelm_II._(Deutsches_Reich)\" target=\"_blank\" rel=\"noopener\">Kaiser Wilhelms II.<\/a> benannt waren. Unabh\u00e4ngig davon, da\u00df einer dieser Dampfer, die Prinz August Wilhelm, kurz nach seiner Indienststellung auf der Oberspree durch eine Trombe, eine Windhose, besch\u00e4digt wurde und sein Sonnensegel verlor, konnte auch der Betrieb dieser Schiffe den wirtschaftlichen Niedergang der Reederei nicht mehr aufhalten. Sie konnte sich nicht mehr erholen und wurde 1898 aufgel\u00f6st.<\/span><br \/>\n<span style=\"font-family: arial, helvetica, sans-serif; font-size: 12pt;\">Von den Dampfern der Kieler Prinzen-Klasse \u00fcbernahm die SpHDG Stern<\/span><\/p>\n<ul>\n<li style=\"text-align: justify;\"><span style=\"font-family: arial, helvetica, sans-serif; font-size: 12pt;\">&#8222;Prinz August Wilhelm&#8220;,<\/span><\/li>\n<li style=\"text-align: justify;\"><span style=\"font-family: arial, helvetica, sans-serif; font-size: 12pt;\">&#8222;Prinz Oskar&#8220; und<\/span><\/li>\n<li style=\"text-align: justify;\"><span style=\"font-family: arial, helvetica, sans-serif; font-size: 12pt;\"><strong>&#8222;Prinz Joachim&#8220; <\/strong>,&#8230;<\/span><\/li>\n<\/ul>\n<p style=\"text-align: justify;\"><span style=\"font-family: arial, helvetica, sans-serif; font-size: 12pt;\">Groggert 1988, Seite 223:<\/span><br \/>\n<span style=\"font-family: arial, helvetica, sans-serif; font-size: 12pt;\">Dieses Schiff ist <span style=\"text-decoration: underline;\">1896<\/span> von den <a href=\"https:\/\/de.wikipedia.org\/wiki\/Howaldtswerke-Deutsche_Werft#Howaldtswerke_(1889_bis_1917)\" target=\"_blank\" rel=\"noopener\">Howaldtswerken<\/a> in Kiel gebaut worden und hie\u00df bei der Anker Reederei GmbH, die ihn im gleichen Jahr in Berlin einsetzte, <strong>PRINZ JOACHIM<\/strong>. Nach Beendigung der Gewerbeausstellung in Treptow und Aufl\u00f6sung der Reederei \u00fcbernahm die Spree-Havel-Dampfschiffahrts-Gesellschaft Stern den Dampfer, die ihn nach dem ersten Weltkrieg verkaufte. Um 1930 erschien er wieder als <strong>STADT HALLE<\/strong> auf dem <a href=\"https:\/\/de.wikipedia.org\/wiki\/Flakensee\" target=\"_blank\" rel=\"noopener\">Flakensee<\/a> bei <a href=\"https:\/\/de.wikipedia.org\/wiki\/Woltersdorf_(bei_Berlin)\" target=\"_blank\" rel=\"noopener\">Woltersdorf<\/a>.<\/span><\/p>\n<\/td>\n<\/tr>\n<\/tbody>\n<\/table>\n<p>&nbsp;<\/p>\n<p>&nbsp;<\/p>\n<table style=\"border-collapse: collapse; width: 100%;\">\n<tbody>\n<tr>\n<td style=\"width: 100%; background-color: #ffff00;\"><span style=\"font-family: arial, helvetica, sans-serif; font-size: 12pt;\"><strong>1899<\/strong> aus <a href=\"https:\/\/de.wikipedia.org\/wiki\/Berliner_Leben\" target=\"_blank\" rel=\"noopener\">&#8222;Berliner Leben&#8220;<\/a><\/span><br \/>\n<span style=\"font-family: arial, helvetica, sans-serif; font-size: 12pt;\">Dampfer <strong>&#8222;PRINZ JOACHIM&#8220;<\/strong> und <a href=\"https:\/\/berliner-dampfer.de\/?page_id=10090\" target=\"_blank\" rel=\"noopener\">&#8222;OBERB\u00dcRGERMEISTER ZELLE&#8220;<\/a> an der <a href=\"https:\/\/de.wikipedia.org\/wiki\/Jannowitzbr\u00fccke\" target=\"_blank\" rel=\"noopener\">Jannowitzbr\u00fccke.<\/a><br \/>\nVermutlich aus diesem Foto hat der Maler <a href=\"https:\/\/www.google.com\/search?client=firefox-b-d&amp;q=%22Detlev+Nitschke%22\" target=\"_blank\" rel=\"noopener\"><strong>Detlev Nitschke<\/strong><\/a> ein \u00d6lbild abgeleitet, momentan ist das Gem\u00e4lde <a href=\"https:\/\/www.auktionshaus-stahl.de\/de\/artikel\/101514-detlev-nitschke-ausflugsdampfer-in-berlin\" target=\"_blank\" rel=\"noopener\">\u00fcber ein Auktionshaus abrufbar<\/a>.<\/span><\/p>\n<p><span style=\"font-family: arial, helvetica, sans-serif; font-size: 12pt;\">&nbsp;<br \/>\n<\/span><img loading=\"lazy\" decoding=\"async\" class=\"alignnone size-full wp-image-7164\" src=\"https:\/\/berliner-dampfer.de\/wp-content\/uploads\/2024\/11\/1899-PRINZ-JOACHIM-und-Oberbuergermeister-Zelle-aus-Berliner-Leben-1899-klein-a.jpg\" alt=\"\" width=\"1200\" height=\"680\" srcset=\"https:\/\/berliner-dampfer.de\/wp-content\/uploads\/2024\/11\/1899-PRINZ-JOACHIM-und-Oberbuergermeister-Zelle-aus-Berliner-Leben-1899-klein-a.jpg 1200w, https:\/\/berliner-dampfer.de\/wp-content\/uploads\/2024\/11\/1899-PRINZ-JOACHIM-und-Oberbuergermeister-Zelle-aus-Berliner-Leben-1899-klein-a-300x170.jpg 300w, https:\/\/berliner-dampfer.de\/wp-content\/uploads\/2024\/11\/1899-PRINZ-JOACHIM-und-Oberbuergermeister-Zelle-aus-Berliner-Leben-1899-klein-a-1024x580.jpg 1024w, https:\/\/berliner-dampfer.de\/wp-content\/uploads\/2024\/11\/1899-PRINZ-JOACHIM-und-Oberbuergermeister-Zelle-aus-Berliner-Leben-1899-klein-a-768x435.jpg 768w\" sizes=\"auto, (max-width: 1200px) 100vw, 1200px\" \/><\/td>\n<\/tr>\n<\/tbody>\n<\/table>\n<p>&nbsp;<\/p>\n<p>&nbsp;<\/p>\n<table style=\"border-collapse: collapse; width: 100%;\">\n<tbody>\n<tr>\n<td style=\"width: 100%; background-color: #ffd700;\"><span style=\"font-family: arial, helvetica, sans-serif; font-size: 12pt;\">Hier bei Groggert 1988, Seite 113 eine Schiffskizze der &#8222;Prinzen-Klasse&#8220;, 1896 von den <a href=\"https:\/\/de.wikipedia.org\/wiki\/Howaldtswerke-Deutsche_Werft#Howaldtswerke_(1889_bis_1917)\" target=\"_blank\" rel=\"noopener\">Howaldtswerken<\/a> in Kiel:<\/span><\/p>\n<p><img loading=\"lazy\" decoding=\"async\" class=\"alignnone size-full wp-image-7165\" src=\"https:\/\/berliner-dampfer.de\/wp-content\/uploads\/2024\/11\/1896-Prinzen-Klasse-erbaut-in-Kiel-Groggert-1988-Seite-113-klein-1200.jpg\" alt=\"\" width=\"1200\" height=\"844\" srcset=\"https:\/\/berliner-dampfer.de\/wp-content\/uploads\/2024\/11\/1896-Prinzen-Klasse-erbaut-in-Kiel-Groggert-1988-Seite-113-klein-1200.jpg 1200w, https:\/\/berliner-dampfer.de\/wp-content\/uploads\/2024\/11\/1896-Prinzen-Klasse-erbaut-in-Kiel-Groggert-1988-Seite-113-klein-1200-300x211.jpg 300w, https:\/\/berliner-dampfer.de\/wp-content\/uploads\/2024\/11\/1896-Prinzen-Klasse-erbaut-in-Kiel-Groggert-1988-Seite-113-klein-1200-1024x720.jpg 1024w, https:\/\/berliner-dampfer.de\/wp-content\/uploads\/2024\/11\/1896-Prinzen-Klasse-erbaut-in-Kiel-Groggert-1988-Seite-113-klein-1200-768x540.jpg 768w\" sizes=\"auto, (max-width: 1200px) 100vw, 1200px\" \/><\/td>\n<\/tr>\n<\/tbody>\n<\/table>\n<p>&nbsp;<\/p>\n<p>&nbsp;<\/p>\n<p>&nbsp;<\/p>\n<table style=\"border-collapse: collapse; width: 100%;\">\n<tbody>\n<tr>\n<td style=\"width: 100%; background-color: #ffff00;\">\n<p style=\"text-align: justify;\"><span style=\"font-family: arial, helvetica, sans-serif; font-size: 12pt;\"><strong>05.08.1931<\/strong>: <span style=\"text-decoration: underline;\">&#8222;Sterndampfer&#8220; als &#8222;Schuldampfer&#8220;<\/span><\/span><br \/>\n<span style=\"font-family: arial, helvetica, sans-serif; font-size: 12pt;\">Werbepostkarte der &#8222;Stern&#8220; &#8222;An die verehrte Lehrerschaft&#8230;.&#8220;<br \/>\nDer Dampfer &#8222;Prinz Jochim&#8220; selbst befand sich zu diesem Zeitpunkt aber schon nicht mehr in Berlin, oder befand sich zumindest kurz vor seinem Abgang an den <a href=\"https:\/\/de.wikipedia.org\/wiki\/Flakensee\" target=\"_blank\" rel=\"noopener\">Flakensee<\/a>.<\/span><\/p>\n<p><img loading=\"lazy\" decoding=\"async\" class=\"alignnone size-full wp-image-7166\" src=\"https:\/\/berliner-dampfer.de\/wp-content\/uploads\/2024\/11\/1931-08-05-Stern-Kreisschiffahrt-Werbung-Prinz-Joachim-klein.jpg\" alt=\"\" width=\"1200\" height=\"1507\" srcset=\"https:\/\/berliner-dampfer.de\/wp-content\/uploads\/2024\/11\/1931-08-05-Stern-Kreisschiffahrt-Werbung-Prinz-Joachim-klein.jpg 1200w, https:\/\/berliner-dampfer.de\/wp-content\/uploads\/2024\/11\/1931-08-05-Stern-Kreisschiffahrt-Werbung-Prinz-Joachim-klein-239x300.jpg 239w, https:\/\/berliner-dampfer.de\/wp-content\/uploads\/2024\/11\/1931-08-05-Stern-Kreisschiffahrt-Werbung-Prinz-Joachim-klein-815x1024.jpg 815w, https:\/\/berliner-dampfer.de\/wp-content\/uploads\/2024\/11\/1931-08-05-Stern-Kreisschiffahrt-Werbung-Prinz-Joachim-klein-768x964.jpg 768w\" sizes=\"auto, (max-width: 1200px) 100vw, 1200px\" \/><\/p>\n<p><span style=\"font-family: arial, helvetica, sans-serif; font-size: 12pt;\">Die handschriftliche Notiz: <em>&#8222;Prinz Joachim &#8222;Stern&#8220;&#8220;<\/em> stammt nicht von mir. L\u00e4sst sich in der Vergr\u00f6\u00dferung aber tats\u00e4chlich entziffern (<a href=\"https:\/\/berliner-dampfer.de\/wp-content\/uploads\/2024\/11\/1931-08-05-Sterndampfer-Prinz-Joachim-gross-a-scaled.jpg\" target=\"_blank\" rel=\"noopener\">klick<\/a>):<\/span><\/p>\n<p><a href=\"https:\/\/berliner-dampfer.de\/wp-content\/uploads\/2024\/11\/1931-08-05-Sterndampfer-Prinz-Joachim-gross-a-scaled.jpg\" target=\"_blank\" rel=\"noopener\"><img loading=\"lazy\" decoding=\"async\" class=\"alignnone wp-image-7167 size-full\" src=\"https:\/\/berliner-dampfer.de\/wp-content\/uploads\/2024\/11\/1931-08-05-Sterndampfer-Prinz-Joachim-gross-a-scaled.jpg\" alt=\"\" width=\"2560\" height=\"860\" srcset=\"https:\/\/berliner-dampfer.de\/wp-content\/uploads\/2024\/11\/1931-08-05-Sterndampfer-Prinz-Joachim-gross-a-scaled.jpg 2560w, https:\/\/berliner-dampfer.de\/wp-content\/uploads\/2024\/11\/1931-08-05-Sterndampfer-Prinz-Joachim-gross-a-300x101.jpg 300w, https:\/\/berliner-dampfer.de\/wp-content\/uploads\/2024\/11\/1931-08-05-Sterndampfer-Prinz-Joachim-gross-a-1024x344.jpg 1024w, https:\/\/berliner-dampfer.de\/wp-content\/uploads\/2024\/11\/1931-08-05-Sterndampfer-Prinz-Joachim-gross-a-768x258.jpg 768w, https:\/\/berliner-dampfer.de\/wp-content\/uploads\/2024\/11\/1931-08-05-Sterndampfer-Prinz-Joachim-gross-a-1536x516.jpg 1536w, https:\/\/berliner-dampfer.de\/wp-content\/uploads\/2024\/11\/1931-08-05-Sterndampfer-Prinz-Joachim-gross-a-2048x688.jpg 2048w\" sizes=\"auto, (max-width: 2560px) 100vw, 2560px\" \/><\/a><\/td>\n<\/tr>\n<\/tbody>\n<\/table>\n<p>&nbsp;<\/p>\n<table style=\"border-collapse: collapse; width: 100%;\">\n<tbody>\n<tr>\n<td style=\"width: 100%; background-color: #d3d3d3;\"><span style=\"font-family: arial, helvetica, sans-serif; font-size: 12pt;\">1930 &#8222;Prinz Joachim&#8220;, jetzt &#8222;Stadt Halle&#8220;:<\/span><\/p>\n<p><img loading=\"lazy\" decoding=\"async\" class=\"alignnone size-full wp-image-7419\" src=\"https:\/\/berliner-dampfer.de\/wp-content\/uploads\/2024\/11\/1930-Stadt-Halle-ex-Prinz-Joachim-Trost-1988-Seite-23-klein-1200.jpg\" alt=\"\" width=\"1200\" height=\"849\" srcset=\"https:\/\/berliner-dampfer.de\/wp-content\/uploads\/2024\/11\/1930-Stadt-Halle-ex-Prinz-Joachim-Trost-1988-Seite-23-klein-1200.jpg 1200w, https:\/\/berliner-dampfer.de\/wp-content\/uploads\/2024\/11\/1930-Stadt-Halle-ex-Prinz-Joachim-Trost-1988-Seite-23-klein-1200-300x212.jpg 300w, https:\/\/berliner-dampfer.de\/wp-content\/uploads\/2024\/11\/1930-Stadt-Halle-ex-Prinz-Joachim-Trost-1988-Seite-23-klein-1200-1024x724.jpg 1024w, https:\/\/berliner-dampfer.de\/wp-content\/uploads\/2024\/11\/1930-Stadt-Halle-ex-Prinz-Joachim-Trost-1988-Seite-23-klein-1200-768x543.jpg 768w\" sizes=\"auto, (max-width: 1200px) 100vw, 1200px\" \/><\/p>\n<p>&nbsp;<\/td>\n<\/tr>\n<\/tbody>\n<\/table>\n<p>&nbsp;<\/p>\n<p>&nbsp;<\/p>\n<p>&nbsp;<\/p>\n<p>&nbsp;<\/p>\n<p><span style=\"text-decoration: underline;\"><span style=\"font-family: arial, helvetica, sans-serif; font-size: 12pt;\">Zuletzt bearbeitet 21.11.2024<\/span><\/span><\/p>\n","protected":false},"excerpt":{"rendered":"<p>1896 Prinz Joachim } 1930 ca Stadt Halle Bauwerft: Howaldtswerke in Kiel _____________ Wikipedia: Joachim von Preu\u00dfen &nbsp; Groggert 1988, Seite 113: Die Anker-Schiffswerft und&hellip;<\/p>\n","protected":false},"author":1,"featured_media":0,"parent":0,"menu_order":0,"comment_status":"closed","ping_status":"closed","template":"","meta":{"ngg_post_thumbnail":0,"iawp_total_views":10,"footnotes":""},"class_list":["post-7160","page","type-page","status-publish","hentry"],"_links":{"self":[{"href":"https:\/\/berliner-dampfer.de\/index.php?rest_route=\/wp\/v2\/pages\/7160","targetHints":{"allow":["GET"]}}],"collection":[{"href":"https:\/\/berliner-dampfer.de\/index.php?rest_route=\/wp\/v2\/pages"}],"about":[{"href":"https:\/\/berliner-dampfer.de\/index.php?rest_route=\/wp\/v2\/types\/page"}],"author":[{"embeddable":true,"href":"https:\/\/berliner-dampfer.de\/index.php?rest_route=\/wp\/v2\/users\/1"}],"replies":[{"embeddable":true,"href":"https:\/\/berliner-dampfer.de\/index.php?rest_route=%2Fwp%2Fv2%2Fcomments&post=7160"}],"version-history":[{"count":20,"href":"https:\/\/berliner-dampfer.de\/index.php?rest_route=\/wp\/v2\/pages\/7160\/revisions"}],"predecessor-version":[{"id":11541,"href":"https:\/\/berliner-dampfer.de\/index.php?rest_route=\/wp\/v2\/pages\/7160\/revisions\/11541"}],"wp:attachment":[{"href":"https:\/\/berliner-dampfer.de\/index.php?rest_route=%2Fwp%2Fv2%2Fmedia&parent=7160"}],"curies":[{"name":"wp","href":"https:\/\/api.w.org\/{rel}","templated":true}]}}