{"id":7509,"date":"2024-11-04T18:21:23","date_gmt":"2024-11-04T17:21:23","guid":{"rendered":"https:\/\/berliner-dampfer.de\/?page_id=7509"},"modified":"2024-12-04T21:15:42","modified_gmt":"2024-12-04T20:15:42","slug":"woltersdorf","status":"publish","type":"page","link":"https:\/\/berliner-dampfer.de\/?page_id=7509","title":{"rendered":"Woltersdorf"},"content":{"rendered":"<table style=\"border-collapse: collapse; width: 100%; height: 24px;\">\n<tbody>\n<tr style=\"height: 24px;\">\n<td style=\"width: 100%; background-color: #ffff00; height: 24px;\"><strong><span style=\"font-size: 12pt; font-family: arial, helvetica, sans-serif;\">Woltersdorf<\/span><\/strong><\/td>\n<\/tr>\n<\/tbody>\n<\/table>\n<p>&nbsp;<\/p>\n<table style=\"border-collapse: collapse; width: 100%;\">\n<tbody>\n<tr>\n<td style=\"width: 100%; background-color: #ffd700;\">\n<p style=\"text-align: justify;\"><span style=\"font-family: arial, helvetica, sans-serif; font-size: 12pt;\"><a href=\"https:\/\/berliner-dampfer.de\/?page_id=194\" target=\"_blank\" rel=\"noopener\">Groggert 1988<\/a>, Seite 130:<\/span><br \/>\n<span style=\"font-family: arial, helvetica, sans-serif; font-size: 12pt;\">Nat\u00fcrlich blieben gelegentliche Unf\u00e4lle und Kollisionen von Sterndampfern nicht aus. Sie hatten zumeist keine schwerwiegenden Folgen und konnten die Beliebtheit von Dampferfahrten nicht beeintr\u00e4chtigen, obwohl die Presse derartuge Ereignisse oft recht plastisch beschrieb.<\/span><\/p>\n<p style=\"text-align: justify;\"><span style=\"font-family: arial, helvetica, sans-serif; font-size: 12pt;\">So berichtete die \u201eSteglitzer Zeitung\u201c vom Untergang des Dampfers \u201eTreptow\u201c am 11. August 1909 an der Glienicker Br\u00fccke: \u201eAls das Schiff am Steg lag, senkte es sich nach Backbord und versank bis zum Rande des Schornsteins in den Fluten.\u201c Fahrg\u00e4ste und Besatzungsmitglieder blieben unverletzt und erlitten auch sonst keinen Schaden.<\/span><\/p>\n<p style=\"text-align: justify;\"><span style=\"font-family: arial, helvetica, sans-serif; font-size: 12pt;\">Dramatischer verlief eine Kollision auf dem M\u00fcggelsee, wo die SpHDG Stern vor dem Bau des <a href=\"https:\/\/de.wikipedia.org\/wiki\/Spreetunnel_Friedrichshagen\" target=\"_blank\" rel=\"noopener\">Friedrichshagener Spreetunnels<\/a> einen Verkehr zu den Lokalen am s\u00fcdlichen Seeufer unterhielt. \u201eDer Montag\u201c vom 14. August 1911 schilderte das Ereignis sehr ausf\u00fchrlich:<br \/>\n<em>\u2013 Zeitungsberichte siehe weiter unten \u2013<\/em><\/span><\/p>\n<p style=\"text-align: justify;\"><span style=\"font-family: arial, helvetica, sans-serif; font-size: 12pt;\">Woltersdorf liegt zwar nicht am M\u00fcggelsee und der Bug eines 18 m langen Dampfers nicht drei Meter vom Heck entfernt. Aber aufregend war dieses Ereignis doch. Der Dampfer <a href=\"https:\/\/berliner-dampfer.de\/?page_id=7426\" target=\"_blank\" rel=\"noopener\">\u201eM\u00fcggel\u201c (ex \u201ePrinz Oscar\u201c)<\/a> ist nicht ernstlich besch\u00e4digt worden. Er war viele Jahre sp\u00e4ter nach seinem Verkauf noch f\u00fcr lange Zeit als Schlepper <a href=\"https:\/\/berliner-dampfer.de\/?page_id=7426\" target=\"_blank\" rel=\"noopener\">\u201eMatador\u201c<\/a> auf den Wasserstra\u00dfen der Mark Brandenburg zu sehen.<\/span><\/p>\n<p style=\"text-align: justify;\"><span style=\"font-family: arial, helvetica, sans-serif; font-size: 12pt;\">Groggert 1988, Seite 140:<\/span><br \/>\n<span style=\"font-family: arial, helvetica, sans-serif; font-size: 12pt;\">Der bereits in anderem Zusammenhang erw\u00e4hnte, in Holland gebaute Dampfer <strong>\u201cWoltersdorf\u201d<\/strong> geh\u00f6rte dem Besitzer des Etablissements \u201cSchlo\u00df Woltersdorf\u201d, Saewert, und fuhr vom Caf\u00e9 Alsen am Spreeufer zwischen der Schlesischen und der <a href=\"https:\/\/de.wikipedia.org\/wiki\/Obere_Freiarchenbr\u00fccke\" target=\"_blank\" rel=\"noopener\">Oberfreiarchenbr\u00fccke<\/a> ab.<\/span><\/p>\n<\/td>\n<\/tr>\n<\/tbody>\n<\/table>\n<p>&nbsp;<\/p>\n<p>&nbsp;<\/p>\n<table style=\"border-collapse: collapse; width: 100%; height: 48px;\">\n<tbody>\n<tr style=\"height: 24px;\">\n<td style=\"width: 50%; background-color: #ffff00; height: 24px; text-align: left; vertical-align: top;\"><span style=\"font-family: arial, helvetica, sans-serif; font-size: 12pt;\"><strong>Dampferunfall am Sonntag, den 13. November 1911, 21 Uhr<\/strong><\/span><\/p>\n<p>&nbsp;<\/td>\n<td style=\"width: 50%; background-color: #ffff00; height: 24px; text-align: left; vertical-align: top;\"><span style=\"text-decoration: underline;\"><span style=\"font-family: arial, helvetica, sans-serif; font-size: 12pt;\">Kollision der Dampfer <a href=\"https:\/\/berliner-dampfer.de\/?page_id=7426\" target=\"_blank\" rel=\"noopener\">&#8222;M\u00fcggel&#8220;<\/a> und <strong>&#8222;Woltersdorf&#8220;<\/strong><\/span><\/span><\/p>\n<p>&nbsp;<\/td>\n<\/tr>\n<tr style=\"height: 24px;\">\n<td style=\"width: 50%; height: 24px; background-color: #ffd700; text-align: left; vertical-align: top;\"><span style=\"font-family: arial, helvetica, sans-serif; font-size: 12pt;\">\u201eDer Montag\u201c vom 14.08.1911<\/span><br \/>\n<span style=\"font-family: arial, helvetica, sans-serif; font-size: 12pt;\">Schwerer Schiffszusammensto\u00df auf dem M\u00fcggelsee&nbsp;<\/span><a href=\"https:\/\/berliner-dampfer.de\/wp-content\/uploads\/2024\/11\/1911-08-14-Der-Montag-Schweres-Schiffsunglueck-auf-dem-Mueggelsee-Groggert-1988-Seite-132-Dampfer-Mueggel-und-Woltersdorf-Breite-1600-1-scaled.jpg\" target=\"_blank\" rel=\"noopener\"><img loading=\"lazy\" decoding=\"async\" class=\"alignnone wp-image-7518 size-full\" src=\"https:\/\/berliner-dampfer.de\/wp-content\/uploads\/2024\/11\/1911-08-14-Der-Montag-Schweres-Schiffsunglueck-auf-dem-Mueggelsee-Groggert-1988-Seite-132-Dampfer-Mueggel-und-Woltersdorf-Breite-1600-1-scaled.jpg\" alt=\"\" width=\"1429\" height=\"2560\" srcset=\"https:\/\/berliner-dampfer.de\/wp-content\/uploads\/2024\/11\/1911-08-14-Der-Montag-Schweres-Schiffsunglueck-auf-dem-Mueggelsee-Groggert-1988-Seite-132-Dampfer-Mueggel-und-Woltersdorf-Breite-1600-1-scaled.jpg 1429w, https:\/\/berliner-dampfer.de\/wp-content\/uploads\/2024\/11\/1911-08-14-Der-Montag-Schweres-Schiffsunglueck-auf-dem-Mueggelsee-Groggert-1988-Seite-132-Dampfer-Mueggel-und-Woltersdorf-Breite-1600-1-167x300.jpg 167w, https:\/\/berliner-dampfer.de\/wp-content\/uploads\/2024\/11\/1911-08-14-Der-Montag-Schweres-Schiffsunglueck-auf-dem-Mueggelsee-Groggert-1988-Seite-132-Dampfer-Mueggel-und-Woltersdorf-Breite-1600-1-571x1024.jpg 571w, https:\/\/berliner-dampfer.de\/wp-content\/uploads\/2024\/11\/1911-08-14-Der-Montag-Schweres-Schiffsunglueck-auf-dem-Mueggelsee-Groggert-1988-Seite-132-Dampfer-Mueggel-und-Woltersdorf-Breite-1600-1-768x1376.jpg 768w, https:\/\/berliner-dampfer.de\/wp-content\/uploads\/2024\/11\/1911-08-14-Der-Montag-Schweres-Schiffsunglueck-auf-dem-Mueggelsee-Groggert-1988-Seite-132-Dampfer-Mueggel-und-Woltersdorf-Breite-1600-1-857x1536.jpg 857w, https:\/\/berliner-dampfer.de\/wp-content\/uploads\/2024\/11\/1911-08-14-Der-Montag-Schweres-Schiffsunglueck-auf-dem-Mueggelsee-Groggert-1988-Seite-132-Dampfer-Mueggel-und-Woltersdorf-Breite-1600-1-1143x2048.jpg 1143w\" sizes=\"auto, (max-width: 1429px) 100vw, 1429px\" \/><\/a><\/td>\n<td style=\"width: 50%; height: 24px; background-color: #ffff00; text-align: left; vertical-align: top;\"><a href=\"https:\/\/berliner-dampfer.de\/wp-content\/uploads\/2024\/11\/1911-08-14-Berliner-Tageblatt-Abendausgabe-Das-Dampferunglueck-auf-dem-Mueggelsee-Zeitungskopf-Dampfer-Mueggel-und-Woltersdorf-1.jpg\"><img loading=\"lazy\" decoding=\"async\" class=\"alignnone wp-image-7519 size-full\" src=\"https:\/\/berliner-dampfer.de\/wp-content\/uploads\/2024\/11\/1911-08-14-Berliner-Tageblatt-Abendausgabe-Das-Dampferunglueck-auf-dem-Mueggelsee-Zeitungskopf-Dampfer-Mueggel-und-Woltersdorf-1.jpg\" alt=\"\" width=\"1600\" height=\"361\" srcset=\"https:\/\/berliner-dampfer.de\/wp-content\/uploads\/2024\/11\/1911-08-14-Berliner-Tageblatt-Abendausgabe-Das-Dampferunglueck-auf-dem-Mueggelsee-Zeitungskopf-Dampfer-Mueggel-und-Woltersdorf-1.jpg 1600w, https:\/\/berliner-dampfer.de\/wp-content\/uploads\/2024\/11\/1911-08-14-Berliner-Tageblatt-Abendausgabe-Das-Dampferunglueck-auf-dem-Mueggelsee-Zeitungskopf-Dampfer-Mueggel-und-Woltersdorf-1-300x68.jpg 300w, https:\/\/berliner-dampfer.de\/wp-content\/uploads\/2024\/11\/1911-08-14-Berliner-Tageblatt-Abendausgabe-Das-Dampferunglueck-auf-dem-Mueggelsee-Zeitungskopf-Dampfer-Mueggel-und-Woltersdorf-1-1024x231.jpg 1024w, https:\/\/berliner-dampfer.de\/wp-content\/uploads\/2024\/11\/1911-08-14-Berliner-Tageblatt-Abendausgabe-Das-Dampferunglueck-auf-dem-Mueggelsee-Zeitungskopf-Dampfer-Mueggel-und-Woltersdorf-1-768x173.jpg 768w, https:\/\/berliner-dampfer.de\/wp-content\/uploads\/2024\/11\/1911-08-14-Berliner-Tageblatt-Abendausgabe-Das-Dampferunglueck-auf-dem-Mueggelsee-Zeitungskopf-Dampfer-Mueggel-und-Woltersdorf-1-1536x347.jpg 1536w\" sizes=\"auto, (max-width: 1600px) 100vw, 1600px\" \/><\/a><\/p>\n<p style=\"text-align: justify;\"><span style=\"font-family: arial, helvetica, sans-serif; font-size: 12pt;\">Zun\u00e4chst erfolgte in der Morgenausgabe folgender Bericht:<\/span><\/p>\n<blockquote>\n<p style=\"text-align: justify;\"><span style=\"font-family: arial, helvetica, sans-serif; font-size: 12pt;\"><strong>Zusammensto\u00df zweier Dampfer auf im M\u00fcggelsee<\/strong><\/span><\/p>\n<p style=\"text-align: justify;\"><span style=\"font-family: arial, helvetica, sans-serif; font-size: 12pt;\">Auf dem M\u00fcggelsee ereignete sich gestern gegen 3\/4 10 Uhr abends ein schwerer Dampferzusammensto\u00df. Ein Woltersdorfer Dampfer rannte einen kleinen Sterndampfer mit solcher Heftigkeit an, da\u00df der Sterndampfer binnen weniger Minuten sank. Die Passagiere des Sterndampfers \u2013 etwa 35 Personen \u2013 konnten sich rechtzeitig mit der Mannschaft auf das andere Schiff retten.<\/span><\/p>\n<\/blockquote>\n<p style=\"text-align: justify;\"><span style=\"font-family: arial, helvetica, sans-serif; font-size: 12pt;\">In der Abendausgabe dann ausf\u00fchrlich:<\/span><\/p>\n<p style=\"text-align: justify;\"><span style=\"font-family: arial, helvetica, sans-serif; font-size: 12pt;\"><strong>Das Dampferungl\u00fcck auf dem M\u00fcggelsee<\/strong><\/span><\/p>\n<blockquote>\n<p style=\"text-align: justify;\"><span style=\"font-family: arial, helvetica, sans-serif; font-size: 12pt;\"><div class=\"spoiler-wrap\">\n\t\t\t\t<div class=\"spoiler-head folded\">Spoiler<\/div>\n\t\t\t\t<div class=\"spoiler-body\"><\/span><\/p>\n<p style=\"text-align: justify\"><span style=\"font-family: arial, helvetica, sans-serif;font-size: 12pt\">Vom Untergang des Dampfers &#8222;M\u00fcggel&#8220;, der sich wie bereits in der Montagausgabe gemeldet, gestern Abend kurz nach 9 Uhr in der N\u00e4he der Station Bellevue auf dem M\u00fcggelsee ereignete, werden noch einige Einzelheiten bekannt:<\/span><\/p>\n<p style=\"text-align: justify\"><span style=\"font-family: arial, helvetica, sans-serif;font-size: 12pt\">In der N\u00e4he der Station Bellevue bemerkte der F\u00fchrer der &#8222;M\u00fcggel&#8220;, Kapit\u00e4n Berndt, mehrere Ruder- und Segelboote, die seinen Kurs kreuzten. Die &#8222;M\u00fcggel&#8220; gab keine Warnungssignale, sondern hielt sich hart am Ufer, um auszuweichen. Pl\u00e4tzlich tauchten aus der Dunkelheit die Lichter eines anderen Dampfers auf. Es war der gro\u00dfe Personendampfer &#8222;Woltersdorf&#8220;, der mit 200 Passagieren von Woltersdorf nach Erkner fuhr. Der Kapit\u00e4n der &#8222;Woltersdorf&#8220; hatte richtigen Kurs und konnte die &#8222;M\u00fcggel&#8220;, die gerade aus einer kleinen Bucht hervorkam, nicht bemerken. Erst als die beiden Schiffe sich bis auf etwa 50 Meter gen\u00e4hert hatten, bemerkten sich sich gegenseitig. Der Kapit\u00e4n der &#8222;M\u00fcggel&#8220; gab mit der Dampfpfeife kurz nacheinander zwei Signale, die &#8222;links halten&#8220; bedeuteten, um den &#8222;Woltersdorf&#8220; zu veranlassen, weiter ins offene Wasser zu gehen, da er selbst nur etwa sechs Meter vom Ufer entfernt war und ohne Gefahr des Strandens nicht weiter ausweichen konnte. Dies vom Kapit\u00e4n des &#8222;Woltersdorf&#8220; offenbar verstandene Signal konnte von ihm anscheinend nicht mehr schnell genug ausgef\u00fchrt werden, und da die &#8222;M\u00fcggel&#8220; sich in Sicherheit w\u00e4hnte und weiter vom Ufer abhielt, war die Kollision unvermeidlich. Die sechs Passagiere und die Mannschaft der &#8222;M\u00fcggel&#8220; konnten an Bord der hinzueilenden Dampfer &#8222;K\u00f6nigin Luise&#8220; und &#8222;Kronprinzessin Cecilie&#8220; genommen werden.<\/span><\/p>\n<p style=\"text-align: justify\"><span style=\"font-family: arial, helvetica, sans-serif;font-size: 12pt\">Die Schuldfrage ist noch nicht gekl\u00e4rt, und es ist zun\u00e4chst der Ausfall der Untersuchung durch die Wasserpolizei abzuwarten. Die hebung des gesunkenen Dampfers wird heute noch in Angriff genommen.<\/span><\/p>\n<p style=\"text-align: justify\"><span style=\"font-family: arial, helvetica, sans-serif;font-size: 12pt\">_____<\/span><\/p>\n<p style=\"text-align: justify\"><span style=\"font-family: arial, helvetica, sans-serif;font-size: 12pt\"><strong>Nach den Feststellungen der Dampfschiffahrts-Gesellschaft &#8222;Stern&#8220;<\/strong> hatte ihr Dampfer &#8222;M\u00fcggel&#8220; gegen 9 Uhr abends die \u00fcbliche Rundfahrt um den M\u00fcggelsee von Friedrichshagen&nbsp; aus angetreten. An Bord befanden sich nur sechs Personen. Als der Dampfer sich in der N\u00e4he des Seeschl\u00f6\u00dfchens befand, mu\u00dfte er einen gr\u00f6\u00dferen Bogen ausf\u00fchren, da sein Kurs mit Segelbooten stark besetzt war. Bei der Einfahrt zum M\u00fcggelsee am Restaurant Bellevue kam aus entgegengesetzter Richtung der Dampfer &#8222;Woltersdorf&#8220;, der mit etwa zweihundert Personen besetzt war. Der Dampfer &#8222;M\u00fcggel&#8220; wollte links an dem Dampfer &#8222;Woltersdorf&#8220; vorbeifahren und gab auch die vorgeschriebenen zwei kurzen Pfiffe ab. Obgleich das Signal promt beantwortet wurde, \u00e4nderte &#8222;Woltersdorf&#8220; den Kurs nicht. Der F\u00fchrer der &#8222;M\u00fcggel&#8220; wollte nun nach rechts ausweichen, doch war dies nicht mehr m\u00f6glich. Es erfolgte der Zusammensto\u00df, bei dem die &#8222;M\u00fcggel&#8220; sofort sank. Die sechs Passagiere wurden vom Dampfer &#8222;K\u00f6nigin Luise&#8220; aufgenommen. Unter den Fahrg\u00e4sten des Dampfers &#8222;Woltersdorf&#8220; entstand im ersten Augenblick eine Panik, die sich aber bald wieder legte, da Hilfe schnell zur Stelle war.<\/span><\/p>\n<p style=\"text-align: justify\"><span style=\"font-family: arial, helvetica, sans-serif;font-size: 12pt\">Die Schuldfrage wird erst durch das Gericht gekl\u00e4rt werden k\u00f6nnen. Die Bergungsarbeiten an der &#8222;M\u00fcggel&#8220; wurden heute fr\u00fch sofort in Angriff genommen und d\u00fcrften morgen beendet sein. Der Dampfer &#8222;Woltersdorf&#8220; ist nur wenig besch\u00e4digt und fuhr heute schon wieder.<\/span><\/p>\n<p style=\"text-align: justify\"><span style=\"font-family: arial, helvetica, sans-serif;font-size: 12pt\"><\/div>\n\t\t\t<\/div><\/span><\/p>\n<\/blockquote>\n<\/td>\n<\/tr>\n<\/tbody>\n<\/table>\n<p>&nbsp;<\/p>\n<p>&nbsp;<\/p>\n<p>&nbsp;<\/p>\n<p><em><span style=\"font-family: arial, helvetica, sans-serif; font-size: 12pt;\">&#8211; Bisher habe ich leider kein Foto. &#8211; <\/span><\/em><\/p>\n<p>&nbsp;<\/p>\n<p>&nbsp;<\/p>\n<p><span style=\"text-decoration: underline;\"><span style=\"font-family: arial, helvetica, sans-serif; font-size: 12pt;\">Zuletzt bearbeitet 29.11.2024<\/span><\/span><\/p>\n","protected":false},"excerpt":{"rendered":"<p>Woltersdorf &nbsp; Groggert 1988, Seite 130: Nat\u00fcrlich blieben gelegentliche Unf\u00e4lle und Kollisionen von Sterndampfern nicht aus. Sie hatten zumeist keine schwerwiegenden Folgen und konnten die&hellip;<\/p>\n","protected":false},"author":1,"featured_media":0,"parent":0,"menu_order":0,"comment_status":"closed","ping_status":"closed","template":"","meta":{"ngg_post_thumbnail":0,"iawp_total_views":18,"footnotes":""},"class_list":["post-7509","page","type-page","status-publish","hentry"],"_links":{"self":[{"href":"https:\/\/berliner-dampfer.de\/index.php?rest_route=\/wp\/v2\/pages\/7509","targetHints":{"allow":["GET"]}}],"collection":[{"href":"https:\/\/berliner-dampfer.de\/index.php?rest_route=\/wp\/v2\/pages"}],"about":[{"href":"https:\/\/berliner-dampfer.de\/index.php?rest_route=\/wp\/v2\/types\/page"}],"author":[{"embeddable":true,"href":"https:\/\/berliner-dampfer.de\/index.php?rest_route=\/wp\/v2\/users\/1"}],"replies":[{"embeddable":true,"href":"https:\/\/berliner-dampfer.de\/index.php?rest_route=%2Fwp%2Fv2%2Fcomments&post=7509"}],"version-history":[{"count":17,"href":"https:\/\/berliner-dampfer.de\/index.php?rest_route=\/wp\/v2\/pages\/7509\/revisions"}],"predecessor-version":[{"id":9095,"href":"https:\/\/berliner-dampfer.de\/index.php?rest_route=\/wp\/v2\/pages\/7509\/revisions\/9095"}],"wp:attachment":[{"href":"https:\/\/berliner-dampfer.de\/index.php?rest_route=%2Fwp%2Fv2%2Fmedia&parent=7509"}],"curies":[{"name":"wp","href":"https:\/\/api.w.org\/{rel}","templated":true}]}}