{"id":7753,"date":"2024-11-11T16:46:56","date_gmt":"2024-11-11T15:46:56","guid":{"rendered":"https:\/\/berliner-dampfer.de\/?page_id=7753"},"modified":"2025-04-03T19:51:49","modified_gmt":"2025-04-03T17:51:49","slug":"sperber-1899","status":"publish","type":"page","link":"https:\/\/berliner-dampfer.de\/?page_id=7753","title":{"rendered":"Sperber I (1890)"},"content":{"rendered":"<table style=\"border-collapse: collapse; width: 100%;\">\n<tbody>\n<tr>\n<td style=\"width: 100%; background-color: #ffff00;\"><span style=\"font-family: arial, helvetica, sans-serif; font-size: 12pt;\"><span style=\"font-size: 10pt;\">1890<\/span> <strong>Sperber<\/strong><br \/>\n<\/span><\/td>\n<\/tr>\n<\/tbody>\n<\/table>\n<p>&nbsp;<\/p>\n<table style=\"border-collapse: collapse; width: 100%;\">\n<tbody>\n<tr>\n<td style=\"width: 100%; background-color: #ffd700;\"><span style=\"font-family: arial, helvetica, sans-serif; font-size: 12pt;\"><a href=\"https:\/\/berliner-dampfer.de\/?page_id=194\" target=\"_blank\" rel=\"noopener\">Groggert 1988<\/a>, Seiten 200\/201:<br \/>\nUm 1930 gingen mehrere Unternehmen dazu \u00fcber, neben Fahrten in die n\u00e4chste Umgebung der Stadt mehrt\u00e4tige Schiffsreisen nach Stettin &#8211; Swinem\u00fcnde, Hamburg, Breslau, Dresden oder an die M\u00fcritz zu veranstalten. Dazu geh\u00f6rte au\u00dfer den Reedereien Otto Schmidt, David, Antrick, Adolf L\u00fcbeck, Redemann auch die Reederei Roloff.<br \/>\n<\/span><\/p>\n<p style=\"text-align: justify;\"><span style=\"font-family: arial, helvetica, sans-serif; font-size: 12pt;\">Die Reederei Roloff mu\u00dfte ihren Betrieb nach einem schweren Unfall am 10. Juni 1932 [10.07.1932 s.u.], der sechs Todesopfer und zahlreiche Verletzte forderte, einstellen. Auf dem <span style=\"text-decoration: underline;\">1890<\/span> in Holland gebauten Dampfer <strong>&#8222;Sperber I&#8220;<\/strong> hatte sich kurz vor der Abfahrt gegen 9 Uhr an der Anlegestelle Havelstra\u00dfe in der N\u00e4he der Charlottenburger Schlo\u00dfbr\u00fccke eine Kesselexplosion ereignet. Worauf das Ungl\u00fcck zur\u00fcckzuf\u00fchren war, konnte mit letzter Sicherheit nicht gekl\u00e4rt werden. Der termingerecht \u00fcberpr\u00fcfte Kessel hatte zwar einige \u00e4ltere Schwei\u00dfn\u00e4hte, die aber gehalten haben. Ein Ri\u00df in der Kesselwand trat schon bei einem relativ niedrigen Dampfdruck auf, nachdem sich einige Bolzen der Kesselverankerung gelockert hatten.<\/span><\/p>\n<\/td>\n<\/tr>\n<\/tbody>\n<\/table>\n<p>&nbsp;<\/p>\n<p>&nbsp;<\/p>\n<p>&nbsp;<\/p>\n<p><img loading=\"lazy\" decoding=\"async\" class=\"size-full wp-image-7769 aligncenter\" src=\"https:\/\/berliner-dampfer.de\/wp-content\/uploads\/2024\/11\/1927-ca-Reederei-Roloff-Sperber-I-Groggert-1988-Seite-200-600.jpg\" alt=\"\" width=\"600\" height=\"601\" srcset=\"https:\/\/berliner-dampfer.de\/wp-content\/uploads\/2024\/11\/1927-ca-Reederei-Roloff-Sperber-I-Groggert-1988-Seite-200-600.jpg 600w, https:\/\/berliner-dampfer.de\/wp-content\/uploads\/2024\/11\/1927-ca-Reederei-Roloff-Sperber-I-Groggert-1988-Seite-200-600-300x300.jpg 300w, https:\/\/berliner-dampfer.de\/wp-content\/uploads\/2024\/11\/1927-ca-Reederei-Roloff-Sperber-I-Groggert-1988-Seite-200-600-150x150.jpg 150w\" sizes=\"auto, (max-width: 600px) 100vw, 600px\" \/><\/p>\n<p style=\"text-align: center;\"><a href=\"https:\/\/de.wikipedia.org\/wiki\/Glindower_Alpen\" target=\"_blank\" rel=\"noopener\"><span style=\"font-family: arial, helvetica, sans-serif; font-size: 12pt;\">Glindower Alpen<\/span><\/a><span style=\"font-family: arial, helvetica, sans-serif; font-size: 12pt;\"> &#8211; <a href=\"https:\/\/de.wikipedia.org\/wiki\/Geltow\" target=\"_blank\" rel=\"noopener\">Geltow<\/a> &#8211; <a href=\"https:\/\/de.wikipedia.org\/wiki\/Ph\u00f6ben\" target=\"_blank\" rel=\"noopener\">Ph\u00f6ben<\/a><\/span><\/p>\n<p><img loading=\"lazy\" decoding=\"async\" class=\"alignnone size-full wp-image-7765\" src=\"https:\/\/berliner-dampfer.de\/wp-content\/uploads\/2024\/11\/1929-ca-Dampfer-Sperber-klein-1.jpg\" alt=\"\" width=\"1200\" height=\"865\" srcset=\"https:\/\/berliner-dampfer.de\/wp-content\/uploads\/2024\/11\/1929-ca-Dampfer-Sperber-klein-1.jpg 1200w, https:\/\/berliner-dampfer.de\/wp-content\/uploads\/2024\/11\/1929-ca-Dampfer-Sperber-klein-1-300x216.jpg 300w, https:\/\/berliner-dampfer.de\/wp-content\/uploads\/2024\/11\/1929-ca-Dampfer-Sperber-klein-1-1024x738.jpg 1024w, https:\/\/berliner-dampfer.de\/wp-content\/uploads\/2024\/11\/1929-ca-Dampfer-Sperber-klein-1-768x554.jpg 768w\" sizes=\"auto, (max-width: 1200px) 100vw, 1200px\" \/><\/p>\n<p>&nbsp;<\/p>\n<p>&nbsp;<\/p>\n<p>&nbsp;<\/p>\n<p><img loading=\"lazy\" decoding=\"async\" class=\"alignnone size-full wp-image-7763\" src=\"https:\/\/berliner-dampfer.de\/wp-content\/uploads\/2024\/11\/1927-08-31-Dampfer-Sperber-RSOA-klein-1.jpg\" alt=\"\" width=\"1200\" height=\"745\" srcset=\"https:\/\/berliner-dampfer.de\/wp-content\/uploads\/2024\/11\/1927-08-31-Dampfer-Sperber-RSOA-klein-1.jpg 1200w, https:\/\/berliner-dampfer.de\/wp-content\/uploads\/2024\/11\/1927-08-31-Dampfer-Sperber-RSOA-klein-1-300x186.jpg 300w, https:\/\/berliner-dampfer.de\/wp-content\/uploads\/2024\/11\/1927-08-31-Dampfer-Sperber-RSOA-klein-1-1024x636.jpg 1024w, https:\/\/berliner-dampfer.de\/wp-content\/uploads\/2024\/11\/1927-08-31-Dampfer-Sperber-RSOA-klein-1-768x477.jpg 768w\" sizes=\"auto, (max-width: 1200px) 100vw, 1200px\" \/><\/p>\n<p>&nbsp;<\/p>\n<p>&nbsp;<\/p>\n<p><img loading=\"lazy\" decoding=\"async\" class=\"alignnone size-full wp-image-7764\" src=\"https:\/\/berliner-dampfer.de\/wp-content\/uploads\/2024\/11\/1928-07-19-Dampfer-Sperber-klein-1.jpg\" alt=\"\" width=\"1200\" height=\"777\" srcset=\"https:\/\/berliner-dampfer.de\/wp-content\/uploads\/2024\/11\/1928-07-19-Dampfer-Sperber-klein-1.jpg 1200w, https:\/\/berliner-dampfer.de\/wp-content\/uploads\/2024\/11\/1928-07-19-Dampfer-Sperber-klein-1-300x194.jpg 300w, https:\/\/berliner-dampfer.de\/wp-content\/uploads\/2024\/11\/1928-07-19-Dampfer-Sperber-klein-1-1024x663.jpg 1024w, https:\/\/berliner-dampfer.de\/wp-content\/uploads\/2024\/11\/1928-07-19-Dampfer-Sperber-klein-1-768x497.jpg 768w\" sizes=\"auto, (max-width: 1200px) 100vw, 1200px\" \/><\/p>\n<p>&nbsp;<\/p>\n<p>&nbsp;<\/p>\n<p><img loading=\"lazy\" decoding=\"async\" class=\"alignnone size-full wp-image-14509\" src=\"https:\/\/berliner-dampfer.de\/wp-content\/uploads\/2025\/04\/1929-07-12-SPERBER-klein.jpg\" alt=\"\" width=\"1200\" height=\"773\" srcset=\"https:\/\/berliner-dampfer.de\/wp-content\/uploads\/2025\/04\/1929-07-12-SPERBER-klein.jpg 1200w, https:\/\/berliner-dampfer.de\/wp-content\/uploads\/2025\/04\/1929-07-12-SPERBER-klein-300x193.jpg 300w, https:\/\/berliner-dampfer.de\/wp-content\/uploads\/2025\/04\/1929-07-12-SPERBER-klein-1024x660.jpg 1024w, https:\/\/berliner-dampfer.de\/wp-content\/uploads\/2025\/04\/1929-07-12-SPERBER-klein-768x495.jpg 768w\" sizes=\"auto, (max-width: 1200px) 100vw, 1200px\" \/><\/p>\n<p>&nbsp;<\/p>\n<p>&nbsp;<\/p>\n<p>&nbsp;<\/p>\n<p><img loading=\"lazy\" decoding=\"async\" class=\"alignnone size-full wp-image-7766\" src=\"https:\/\/berliner-dampfer.de\/wp-content\/uploads\/2024\/11\/1929-07-29-Dampfer-Sperber-Charlottenburger-Schleuse-klein-1.jpg\" alt=\"\" width=\"1200\" height=\"757\" srcset=\"https:\/\/berliner-dampfer.de\/wp-content\/uploads\/2024\/11\/1929-07-29-Dampfer-Sperber-Charlottenburger-Schleuse-klein-1.jpg 1200w, https:\/\/berliner-dampfer.de\/wp-content\/uploads\/2024\/11\/1929-07-29-Dampfer-Sperber-Charlottenburger-Schleuse-klein-1-300x189.jpg 300w, https:\/\/berliner-dampfer.de\/wp-content\/uploads\/2024\/11\/1929-07-29-Dampfer-Sperber-Charlottenburger-Schleuse-klein-1-1024x646.jpg 1024w, https:\/\/berliner-dampfer.de\/wp-content\/uploads\/2024\/11\/1929-07-29-Dampfer-Sperber-Charlottenburger-Schleuse-klein-1-768x484.jpg 768w\" sizes=\"auto, (max-width: 1200px) 100vw, 1200px\" \/><\/p>\n<p>&nbsp;<\/p>\n<p>&nbsp;<\/p>\n<p>&nbsp;<\/p>\n<p><img loading=\"lazy\" decoding=\"async\" class=\"alignnone size-full wp-image-7767\" src=\"https:\/\/berliner-dampfer.de\/wp-content\/uploads\/2024\/11\/1930-ca-Dampfer-Sperber-I-Reederei-Roloff-Groggert-1988-Seite-201-1200-1.jpg\" alt=\"\" width=\"1200\" height=\"772\" srcset=\"https:\/\/berliner-dampfer.de\/wp-content\/uploads\/2024\/11\/1930-ca-Dampfer-Sperber-I-Reederei-Roloff-Groggert-1988-Seite-201-1200-1.jpg 1200w, https:\/\/berliner-dampfer.de\/wp-content\/uploads\/2024\/11\/1930-ca-Dampfer-Sperber-I-Reederei-Roloff-Groggert-1988-Seite-201-1200-1-300x193.jpg 300w, https:\/\/berliner-dampfer.de\/wp-content\/uploads\/2024\/11\/1930-ca-Dampfer-Sperber-I-Reederei-Roloff-Groggert-1988-Seite-201-1200-1-1024x659.jpg 1024w, https:\/\/berliner-dampfer.de\/wp-content\/uploads\/2024\/11\/1930-ca-Dampfer-Sperber-I-Reederei-Roloff-Groggert-1988-Seite-201-1200-1-768x494.jpg 768w\" sizes=\"auto, (max-width: 1200px) 100vw, 1200px\" \/><\/p>\n<p>&nbsp;<\/p>\n<p>&nbsp;<\/p>\n<p>&nbsp;<\/p>\n<table style=\"border-collapse: collapse; width: 100%; height: 1448px;\">\n<tbody>\n<tr style=\"height: 1448px;\">\n<td style=\"width: 100%; background-color: #ffff00; height: 1448px;\"><span style=\"font-family: arial, helvetica, sans-serif; font-size: 12pt;\">Kesselexplosion am Sonntagmorgen des 10. Juli 1932 an der Anlegestelle:<\/span><\/p>\n<p><img loading=\"lazy\" decoding=\"async\" class=\"alignnone size-full wp-image-7768\" src=\"https:\/\/berliner-dampfer.de\/wp-content\/uploads\/2024\/11\/1932-07-11-Sperber-Kesselexplosion-klein-1.jpg\" alt=\"\" width=\"1200\" height=\"470\" srcset=\"https:\/\/berliner-dampfer.de\/wp-content\/uploads\/2024\/11\/1932-07-11-Sperber-Kesselexplosion-klein-1.jpg 1200w, https:\/\/berliner-dampfer.de\/wp-content\/uploads\/2024\/11\/1932-07-11-Sperber-Kesselexplosion-klein-1-300x118.jpg 300w, https:\/\/berliner-dampfer.de\/wp-content\/uploads\/2024\/11\/1932-07-11-Sperber-Kesselexplosion-klein-1-1024x401.jpg 1024w, https:\/\/berliner-dampfer.de\/wp-content\/uploads\/2024\/11\/1932-07-11-Sperber-Kesselexplosion-klein-1-768x301.jpg 768w\" sizes=\"auto, (max-width: 1200px) 100vw, 1200px\" \/> _______________<\/p>\n<p style=\"text-align: center;\"><span style=\"font-family: arial, helvetica, sans-serif; font-size: 12pt;\"><a href=\"https:\/\/zefys.staatsbibliothek-berlin.de\/list\/title\/zdb\/28864116\/-\/1932\/#jul\" target=\"_blank\" rel=\"noopener\">Senftenberger Anzeiger<\/a> vom <a href=\"https:\/\/dfg-viewer.de\/show\/?set%5Bmets%5D=https:\/\/content.staatsbibliothek-berlin.de\/zefys\/SNP28864116-19320711-0-0-0-0.xml\" target=\"_blank\" rel=\"noopener\">11.07.1932<\/a>:<\/span><a href=\"https:\/\/berliner-dampfer.de\/wp-content\/uploads\/2024\/11\/1932-07-11-Senftenberger-Anzeiger-Dampferunglueck-Sperber-I-Artikelbild.jpg\" target=\"_blank\" rel=\"noopener\"><img loading=\"lazy\" decoding=\"async\" class=\"aligncenter wp-image-7786\" src=\"https:\/\/berliner-dampfer.de\/wp-content\/uploads\/2024\/11\/1932-07-11-Senftenberger-Anzeiger-Dampferunglueck-Sperber-I-Artikelbild.jpg\" alt=\"\" width=\"253\" height=\"640\" srcset=\"https:\/\/berliner-dampfer.de\/wp-content\/uploads\/2024\/11\/1932-07-11-Senftenberger-Anzeiger-Dampferunglueck-Sperber-I-Artikelbild.jpg 571w, https:\/\/berliner-dampfer.de\/wp-content\/uploads\/2024\/11\/1932-07-11-Senftenberger-Anzeiger-Dampferunglueck-Sperber-I-Artikelbild-119x300.jpg 119w, https:\/\/berliner-dampfer.de\/wp-content\/uploads\/2024\/11\/1932-07-11-Senftenberger-Anzeiger-Dampferunglueck-Sperber-I-Artikelbild-405x1024.jpg 405w\" sizes=\"auto, (max-width: 253px) 100vw, 253px\" \/><\/a><\/p>\n<p style=\"text-align: center;\">_______________<\/p>\n<p>&nbsp;<\/p>\n<p><img loading=\"lazy\" decoding=\"async\" class=\"size-full wp-image-7774 aligncenter\" src=\"https:\/\/berliner-dampfer.de\/wp-content\/uploads\/2024\/11\/1932-07-11-Vossische-Zeitung-Zeitungskopf-zu-Sperber-I.jpg\" alt=\"\" width=\"759\" height=\"215\" srcset=\"https:\/\/berliner-dampfer.de\/wp-content\/uploads\/2024\/11\/1932-07-11-Vossische-Zeitung-Zeitungskopf-zu-Sperber-I.jpg 759w, https:\/\/berliner-dampfer.de\/wp-content\/uploads\/2024\/11\/1932-07-11-Vossische-Zeitung-Zeitungskopf-zu-Sperber-I-300x85.jpg 300w\" sizes=\"auto, (max-width: 759px) 100vw, 759px\" \/><\/p>\n<p style=\"text-align: center;\"><span style=\"text-decoration: underline;\"><span style=\"font-family: arial, helvetica, sans-serif; font-size: 12pt;\">Die <a href=\"https:\/\/zefys.staatsbibliothek-berlin.de\/list\/title\/zdb\/27112366\/-\/1932\/\" target=\"_blank\" rel=\"noopener\">VOSSISCHE ZEITUNG<\/a> berichtete am Montag, den <a href=\"https:\/\/dfg-viewer.de\/show\/?set%5Bmets%5D=https:\/\/content.staatsbibliothek-berlin.de\/zefys\/SNP27112366-19320711-0-0-0-0.xml\" target=\"_blank\" rel=\"noopener\">11.07.1932<\/a> in der Abend-Ausgabe (Abschrift):<\/span><\/span><\/p>\n<p style=\"text-align: justify;\"><span style=\"font-family: arial, helvetica, sans-serif; font-size: 14pt;\"><strong>Explosionsungl\u00fcck auf Berliner Ausflugsdampfer<\/strong><\/span><\/p>\n<p style=\"text-align: justify;\"><strong><span style=\"font-family: arial, helvetica, sans-serif; font-size: 12pt;\">Gestern fr\u00fch gegen 9 Uhr ereignete sich an der Anlegestelle der Berliner Reederei Roloff, vor den Hause Havelstra\u00dfe 9, eine furchtbare Kesselexplosion auf dem Spreeausflugsdampfer \u201eSperber I\u201c, bei der sechs Personen get\u00f6tet und einunddrei\u00dfig verletzt wurden.<\/span><\/strong><\/p>\n<p style=\"text-align: justify;\"><span style=\"font-family: arial, helvetica, sans-serif; font-size: 12pt;\">Der Dampfer, der 280 Personen fa\u00dft, sollte um 9 Uhr zu einer Fahrt nach Ferch abgehen. Bis 3\/4 9 Uhr hatten sich an Bord 111 Personen eingefunden, unter denen sich 27 Kinder befanden. Pl\u00f6tzlich ert\u00f6nte ein Knall, und wenige Sekunden sp\u00e4ter drangen unter sirenenartigem Zischen dichte Dampfwolken aus dem Kesselraum empor, die das Schiff wie eine Nebenwolke einh\u00fcllten.<\/span><\/p>\n<p style=\"text-align: justify;\"><span style=\"font-family: arial, helvetica, sans-serif; font-size: 12pt;\">Gellende Schreie erschollen, die Menschen rannten aufgeregt, kopflos durcheinander, das Schiffspersonal versuchte vergeblich, in den Heizraum hinabzusteigen, um den dort arbeitenden Heizer zu befreien. M\u00e4nner, Frauen und Kinder die auf Deck nahe dem Kessel sa\u00dfen, brachen bewustlos mit furchtbaren Verbr\u00fchungen durch den fortgesetzt emporschie\u00dfenden Dampf zusammen. Es war ein Gl\u00fcck, da\u00df das Schiff sich noch an der Anlegestelle befand, soda\u00df sich die Fahrg\u00e4ste \u00fcber den Steg ans Ufer retten und die Verletzten gleich abtransportiert werden konnten.<\/span><\/p>\n<p style=\"text-align: justify;\"><span style=\"font-family: arial, helvetica, sans-serif; font-size: 12pt;\">Der Heizer Ernst Schulz, der w\u00e4hrend der Maschinist noch an Land war, kaltes Wasser in den vermutlich schon \u00fcberheizten Kessel go\u00b4\u00df, wurde durch die im gleichen Augenblick erfolgende Explosion zu Boden geworfen und durch den austr\u00f6menden Dampf so schwer verbr\u00fcht, da\u00df er kurze Zeit sp\u00e4ter seinen Verletzungen erlag.<\/span><\/p>\n<p style=\"text-align: justify;\"><span style=\"font-family: arial, helvetica, sans-serif; font-size: 12pt;\">36 Personen mu\u00dften mit Verletzungen nach dem Krankenhaus Westend gebracht werden. 21 von ihnen konnten im Laufe des Sonntags wieder in ihre Wohnungen entlassen werden. F\u00fcnf starben w\u00e4hrend des Sonntag nachmittags und w\u00e4hrend der Nacht zu heute.<\/span><\/p>\n<p style=\"text-align: justify;\"><span style=\"font-family: arial, helvetica, sans-serif; font-size: 12pt;\"><strong>Die Namen der Toten sind; die A.E.G. Angestellten Siegfried und Else L\u00f6llbach aus der Bayrischen Stra\u00dfe 8, Erika Arndt aus der Beusselstra\u00dfe 19, Erika Leu aus der Lutherstra\u00dfe 9 und Hildegard Schmittchen aus der Turmstra\u00dfe 58.<\/strong> <strong>Elf Verletzte liegen noch im Krankenhaus<\/strong>. Bei niemanden besteht im Augenblick Lebensgefahr, jedoch sind einige F\u00e4lle als sehr ernst anzusehen.<\/span><\/p>\n<p style=\"text-align: justify;\"><span style=\"font-family: arial, helvetica, sans-serif; font-size: 12pt;\">Heute fr\u00fch erschien an der Ungl\u00fccksstelle eine Untersuchungskommission, die aus Vertretern der Staatsanwaltschaft, des Polizeiamts Charlottenburg, aus Ingenieuren des Dampfkessel-\u00dcberwachungsamtes und Vertretern der Wasserpolizei und des Gewerbeaufsichtsamtes besteht. Diese Kommission will versuchen, eine Kl\u00e4rung der Katastrophe herbeizuf\u00fchren.<\/span><\/p>\n<p style=\"text-align: justify;\"><span style=\"font-family: arial, helvetica, sans-serif; font-size: 12pt;\">Der Dampfer&nbsp; wurde im Jahre <span style=\"text-decoration: underline;\">1899<\/span> erbaut [Groggert 1988 s.o.: &#8222;1890&#8220;]. Die Maschinenanlage ist holl\u00e4ndischen Ursprungs und hat schon oft erhebliche M\u00e4ngel gezeigt. Im vergangenen Winter wurde das Schiff vollkommen \u00fcberholt.<\/span><\/p>\n<p style=\"text-align: justify;\"><span style=\"font-family: arial, helvetica, sans-serif; font-size: 12pt;\">Die letzte Pr\u00fcfung der Kesselanlage im Mai hatte keine Fehler ergeben. Irgendwann ist vor kurzem, ohne da\u00df es bemerkt wurde, die Kesselverankerung gerissen. Dadurch verlor der Kessel seine Festigkeit. Und so konnte es jetzt geschehen, da\u00df durch die \u00dcberheizung bei einem Druck von 9 Atmosph\u00e4ren die Kesselwand aufplatzte und ein 60 Zentimeter langer Ri\u00df entstand, durch den der Dampf entweichen konnte.<\/span><\/p>\n<p style=\"text-align: center;\"><span style=\"font-family: webdings; font-size: 14pt;\">6<\/span><\/p>\n<p style=\"text-align: justify;\"><span style=\"font-family: arial, helvetica, sans-serif; font-size: 12pt;\">Die Berliner Ausflugsdampfer, so erkl\u00e4rte uns der Reedereiverband der Berliner Ausflugsschiffahrt, sind gegen Ungl\u00fccksf\u00e4lle solcher Art weitgehend gesch\u00fctzt. In jedem Jahr kontrolliert der Dampfkessel-\u00dcberwachungs-Ausschu\u00df mehrere Male sorgf\u00e4ltig die Dampfer der Berliner Ausflugsschiffahrt. Die Beschaffenheit der Schiffe wird au\u00dferdem regelm\u00e4\u00dfig vom Wasserbauamt 1 gepr\u00fcft. Der beste beweis f\u00fcr die Sicherheit der Berliner Ausflugsschiffahrt ist die Tatsache, da\u00df seit vielen Jahren kein einziger ernster Unfall vorgekommen ist. Die Berliner Reedereien erkl\u00e4ren, da\u00df sie schon seit l\u00e4ngerer Zeit die zust\u00e4ndigen Stellen auf die \u00e4u\u00dferst mangelhfaten F\u00fchrung des Roloffschen Betriebes aufmerksam machten.<\/span><\/p>\n<\/td>\n<\/tr>\n<\/tbody>\n<\/table>\n<p>&nbsp;<\/p>\n<p>&nbsp;<\/p>\n<p>&nbsp;<\/p>\n<p><span style=\"text-decoration: underline;\"><span style=\"font-family: arial, helvetica, sans-serif; font-size: 12pt;\">Zuletzt bearbeitet 03.04.2025<\/span><\/span><\/p>\n","protected":false},"excerpt":{"rendered":"<p>1890 Sperber &nbsp; Groggert 1988, Seiten 200\/201: Um 1930 gingen mehrere Unternehmen dazu \u00fcber, neben Fahrten in die n\u00e4chste Umgebung der Stadt mehrt\u00e4tige Schiffsreisen nach&hellip;<\/p>\n","protected":false},"author":1,"featured_media":0,"parent":0,"menu_order":0,"comment_status":"closed","ping_status":"closed","template":"","meta":{"ngg_post_thumbnail":0,"iawp_total_views":14,"footnotes":""},"class_list":["post-7753","page","type-page","status-publish","hentry"],"_links":{"self":[{"href":"https:\/\/berliner-dampfer.de\/index.php?rest_route=\/wp\/v2\/pages\/7753","targetHints":{"allow":["GET"]}}],"collection":[{"href":"https:\/\/berliner-dampfer.de\/index.php?rest_route=\/wp\/v2\/pages"}],"about":[{"href":"https:\/\/berliner-dampfer.de\/index.php?rest_route=\/wp\/v2\/types\/page"}],"author":[{"embeddable":true,"href":"https:\/\/berliner-dampfer.de\/index.php?rest_route=\/wp\/v2\/users\/1"}],"replies":[{"embeddable":true,"href":"https:\/\/berliner-dampfer.de\/index.php?rest_route=%2Fwp%2Fv2%2Fcomments&post=7753"}],"version-history":[{"count":27,"href":"https:\/\/berliner-dampfer.de\/index.php?rest_route=\/wp\/v2\/pages\/7753\/revisions"}],"predecessor-version":[{"id":14511,"href":"https:\/\/berliner-dampfer.de\/index.php?rest_route=\/wp\/v2\/pages\/7753\/revisions\/14511"}],"wp:attachment":[{"href":"https:\/\/berliner-dampfer.de\/index.php?rest_route=%2Fwp%2Fv2%2Fmedia&parent=7753"}],"curies":[{"name":"wp","href":"https:\/\/api.w.org\/{rel}","templated":true}]}}