{"id":815,"date":"2024-02-07T20:10:28","date_gmt":"2024-02-07T19:10:28","guid":{"rendered":"https:\/\/berliner-dampfer.de\/?page_id=815"},"modified":"2025-01-15T16:34:40","modified_gmt":"2025-01-15T15:34:40","slug":"bellevue","status":"publish","type":"page","link":"https:\/\/berliner-dampfer.de\/?page_id=815","title":{"rendered":"Bellevue (2007)"},"content":{"rendered":"<table style=\"border-collapse: collapse; width: 100%;\">\n<tbody>\n<tr>\n<td style=\"width: 100%; background-color: #ffff00; text-align: left; vertical-align: top;\"><span style=\"font-family: arial, helvetica, sans-serif; font-size: 12pt;\"><span style=\"font-size: 10pt;\">2007<\/span> <strong>Bellevue <\/strong><\/span><\/p>\n<p><span style=\"font-family: arial, helvetica, sans-serif; font-size: 12pt;\">Reederei Bruno Winkler: <a href=\"https:\/\/www.reedereiwinkler.de\/de\/charterfahrten\/bellevue\" target=\"_blank\" rel=\"noopener\">MS &#8222;Bellevue&#8220;<\/a> \/ <a href=\"https:\/\/www.reedereiwinkler.de\/pdf\/Schiffsmappen\/reederei_bruno_winkler_ms_bellevue_2023.pdf\" target=\"_blank\" rel=\"noopener\">Pr\u00e4sentationsmappe<\/a><\/span><\/p>\n<p><span style=\"font-family: arial, helvetica, sans-serif; font-size: 12pt;\">Binnenschifferforum: <\/span><a href=\"https:\/\/www.binnenschifferforum.de\/showthread.php?30115-Bellevue-FGS-04805800\" target=\"_blank\" rel=\"noopener\"><span style=\"font-family: arial, helvetica, sans-serif; font-size: 12pt;\">Bellevue<\/span><\/a><\/td>\n<\/tr>\n<\/tbody>\n<\/table>\n<p>&nbsp;<\/p>\n<table style=\"border-collapse: collapse; width: 100%;\">\n<tbody>\n<tr>\n<td style=\"width: 19.3978%; text-align: left; vertical-align: top;\"><strong><span style=\"font-family: arial, helvetica, sans-serif; font-size: 12pt;\">19.04.2007<\/span><\/strong><\/p>\n<p><strong><span style=\"font-family: arial, helvetica, sans-serif; font-size: 12pt;\">Pressemitteilung<br \/>\nReederei Bruno Winkler<\/span><\/strong><span style=\"font-family: arial, helvetica, sans-serif; font-size: 12pt;\"><br \/>\n(<a href=\"https:\/\/www.reedereiwinkler.de\/de\/firmengeschichte\" target=\"_blank\" rel=\"noopener\">Firmengeschichte<\/a>)<br \/>\n<\/span><span style=\"font-family: arial, helvetica, sans-serif; font-size: 12pt;\">ausgesprochen<br \/>\n\u00fcber die Berliner <\/span><br \/>\n<span style=\"font-family: arial, helvetica, sans-serif; font-size: 12pt;\">Werbegagentur 3MALI<\/span><\/p>\n<p>&nbsp;<\/td>\n<td style=\"width: 80.6022%; background-color: #c0c0ff; text-align: left; vertical-align: top;\"><strong><span style=\"font-family: arial, helvetica, sans-serif; font-size: 12pt;\">Schiffstaufe der Reederei Bruno Winkler<\/span><\/strong><\/p>\n<p><em><span style=\"font-family: arial, helvetica, sans-serif; font-size: 12pt;\">Und immer eine Hand breit Wasser unter dem Kiel<\/span><\/em><\/p>\n<p style=\"text-align: justify;\"><span style=\"font-family: arial, helvetica, sans-serif; font-size: 12pt;\">Unter diesem Motto tauft die Reederei Bruno Winkler am kommenden Freitag, den 20. April ihr neues Schiff, das damit seinen momentanen Namen &#8222;Bau Nr. 183&#8220; endlich offiziell ablegen kann und sich dann &#8222;Bellevue&#8220; nennen darf.<br \/>\nNach den sehr genauen Vorgaben der Familie Winkler entstand in der <a href=\"https:\/\/lux-werft.de\/geschichte\/\" target=\"_blank\" rel=\"noopener\">Lux-Werft<\/a> in Mohndorf am Rhein ein sehr modernes und vor allem sch\u00f6nes und bequemes Fahrgastschiff.<\/span><\/p>\n<p style=\"text-align: justify;\"><span style=\"font-family: arial, helvetica, sans-serif; font-size: 12pt;\">Der Neubau misst in seiner L\u00e4nge 39 Meter: Damit ist es das kleinste Schiff der Reederei Bruno Winkler: Aus gutem Grund! Es soll die beliebten einst\u00fcndigen Stadtrundfahrten in der Innenstadt ab dem Bahnhof Friedrichstra\u00dfe fahren. Die Breite mit 8,20 Meter spricht f\u00fcr die Ger\u00e4umigkeit und damit f\u00fcr den Komfort an Bord.<\/span><\/p>\n<p style=\"text-align: justify;\"><span style=\"font-family: arial, helvetica, sans-serif; font-size: 12pt;\">&#8222;Im Focus bei der Planung jedes neuen Schiffes der Reederei Winkler steht nat\u00fcrlich der Fahrgast. Auf der einen Seite sollen die G\u00e4ste alles sehen und h\u00f6ren k\u00f6nnen, auf der anderen Seite muss es aber so bequem wie m\u00f6glich sein. Das Angebot an frischen Speisen und Getr\u00e4nken sollte gro\u00df sein, der Service ungehindert und ohne die G\u00e4ste zu st\u00f6ren funktionieren. Mit unserem neuen Schiff haben wir dies, so glauben wir, ganz hervorragend gel\u00f6st.&#8220;, so Wilfried Wildeboer der Reederei Winkler:<br \/>\nSchiffsf\u00fchrer Kai K\u00f6hler ist bereits jetzt absolut von seinem neuen Arbeitsplatz \u00fcberzeugt:<br \/>\n&#8222;Das Schiff ist eine Klasse f\u00fcr sich. Es ist so leise und vibrationsarm, dass der Passagier kaum merkt, dass wir losfahren.&#8220;<br \/>\n<\/span><\/p>\n<p style=\"text-align: justify;\"><span style=\"font-family: arial, helvetica, sans-serif; font-size: 12pt;\">Die Taufe selbst wird durch die musikalische Untermalung eines Quartetts der Residenz Konzerte untermalt. Anschlie\u00dfend folgt die Segnung des Schiffes durch den Direktor der Berliner Stadtmission, <a href=\"https:\/\/www.filker-prowort.de\/hans-georg-filker\/vita\" target=\"_blank\" rel=\"noopener\">Pfarrer Hans Georg Filker<\/a>. Kein Unbekannter, schlie\u00dflich f\u00fchrt die Reederei regelm\u00e4\u00dfig Schiffsgottesdienste durch.<\/span><\/p>\n<p><span style=\"font-family: arial, helvetica, sans-serif; font-size: 12pt;\">Damit sollte die &#8222;Bellevue&#8220; unter einem guten Stern stehen bzw. fahren. Eventuell hilft dabei auch die erste Vermietung: Gebucht wurde Sie f\u00fcr eine Hochzeit.<\/span><\/p>\n<p><span style=\"font-family: arial, helvetica, sans-serif; font-size: 12pt;\">Wir laden Sie recht herzlich zu unserer Taufe ein. &#8230;<\/span><\/td>\n<\/tr>\n<\/tbody>\n<\/table>\n<p>&nbsp;<\/p>\n<p>&nbsp;<\/p>\n<p>&nbsp;<\/p>\n<p><img loading=\"lazy\" decoding=\"async\" class=\"alignnone wp-image-821 size-full\" src=\"https:\/\/berliner-dampfer.de\/wp-content\/uploads\/2024\/02\/2011-02-25-Bellevue-Charlottenbirger-Ufer-CIMG1740-klein.jpg\" alt=\"\" width=\"900\" height=\"506\" srcset=\"https:\/\/berliner-dampfer.de\/wp-content\/uploads\/2024\/02\/2011-02-25-Bellevue-Charlottenbirger-Ufer-CIMG1740-klein.jpg 900w, https:\/\/berliner-dampfer.de\/wp-content\/uploads\/2024\/02\/2011-02-25-Bellevue-Charlottenbirger-Ufer-CIMG1740-klein-300x169.jpg 300w, https:\/\/berliner-dampfer.de\/wp-content\/uploads\/2024\/02\/2011-02-25-Bellevue-Charlottenbirger-Ufer-CIMG1740-klein-768x432.jpg 768w\" sizes=\"auto, (max-width: 900px) 100vw, 900px\" \/><\/p>\n<p>&nbsp;<\/p>\n<p><img loading=\"lazy\" decoding=\"async\" class=\"alignnone wp-image-822 size-full\" src=\"https:\/\/berliner-dampfer.de\/wp-content\/uploads\/2024\/02\/2011-02-25-Bellevue-Charlottenbirger-Ufer-CIMG1741-klein.jpg\" alt=\"\" width=\"900\" height=\"506\" srcset=\"https:\/\/berliner-dampfer.de\/wp-content\/uploads\/2024\/02\/2011-02-25-Bellevue-Charlottenbirger-Ufer-CIMG1741-klein.jpg 900w, https:\/\/berliner-dampfer.de\/wp-content\/uploads\/2024\/02\/2011-02-25-Bellevue-Charlottenbirger-Ufer-CIMG1741-klein-300x169.jpg 300w, https:\/\/berliner-dampfer.de\/wp-content\/uploads\/2024\/02\/2011-02-25-Bellevue-Charlottenbirger-Ufer-CIMG1741-klein-768x432.jpg 768w\" sizes=\"auto, (max-width: 900px) 100vw, 900px\" \/><\/p>\n<p>&nbsp;<\/p>\n<p><img loading=\"lazy\" decoding=\"async\" class=\"alignnone wp-image-823 size-full\" src=\"https:\/\/berliner-dampfer.de\/wp-content\/uploads\/2024\/02\/2011-02-25-Bellevue-Charlottenbirger-Ufer-CIMG1745-klein.jpg\" alt=\"\" width=\"900\" height=\"506\" srcset=\"https:\/\/berliner-dampfer.de\/wp-content\/uploads\/2024\/02\/2011-02-25-Bellevue-Charlottenbirger-Ufer-CIMG1745-klein.jpg 900w, https:\/\/berliner-dampfer.de\/wp-content\/uploads\/2024\/02\/2011-02-25-Bellevue-Charlottenbirger-Ufer-CIMG1745-klein-300x169.jpg 300w, https:\/\/berliner-dampfer.de\/wp-content\/uploads\/2024\/02\/2011-02-25-Bellevue-Charlottenbirger-Ufer-CIMG1745-klein-768x432.jpg 768w\" sizes=\"auto, (max-width: 900px) 100vw, 900px\" \/><\/p>\n<p>&nbsp;<\/p>\n<p><img loading=\"lazy\" decoding=\"async\" class=\"alignnone wp-image-824 size-full\" src=\"https:\/\/berliner-dampfer.de\/wp-content\/uploads\/2024\/02\/2013-08-13-DSC08129-a-klein.jpg\" alt=\"\" width=\"1000\" height=\"562\" srcset=\"https:\/\/berliner-dampfer.de\/wp-content\/uploads\/2024\/02\/2013-08-13-DSC08129-a-klein.jpg 1000w, https:\/\/berliner-dampfer.de\/wp-content\/uploads\/2024\/02\/2013-08-13-DSC08129-a-klein-300x169.jpg 300w, https:\/\/berliner-dampfer.de\/wp-content\/uploads\/2024\/02\/2013-08-13-DSC08129-a-klein-768x432.jpg 768w\" sizes=\"auto, (max-width: 1000px) 100vw, 1000px\" \/><\/p>\n<p>&nbsp;<\/p>\n<p><img loading=\"lazy\" decoding=\"async\" class=\"alignnone wp-image-825 size-full\" src=\"https:\/\/berliner-dampfer.de\/wp-content\/uploads\/2024\/02\/2013-08-13-DSC08134-klein.jpg\" alt=\"\" width=\"1000\" height=\"563\" srcset=\"https:\/\/berliner-dampfer.de\/wp-content\/uploads\/2024\/02\/2013-08-13-DSC08134-klein.jpg 1000w, https:\/\/berliner-dampfer.de\/wp-content\/uploads\/2024\/02\/2013-08-13-DSC08134-klein-300x169.jpg 300w, https:\/\/berliner-dampfer.de\/wp-content\/uploads\/2024\/02\/2013-08-13-DSC08134-klein-768x432.jpg 768w\" sizes=\"auto, (max-width: 1000px) 100vw, 1000px\" \/><\/p>\n<p>&nbsp;<\/p>\n<p><img loading=\"lazy\" decoding=\"async\" class=\"alignnone wp-image-826 size-full\" src=\"https:\/\/berliner-dampfer.de\/wp-content\/uploads\/2024\/02\/2013-08-13-DSC08200-klein.jpg\" alt=\"\" width=\"1000\" height=\"563\" srcset=\"https:\/\/berliner-dampfer.de\/wp-content\/uploads\/2024\/02\/2013-08-13-DSC08200-klein.jpg 1000w, https:\/\/berliner-dampfer.de\/wp-content\/uploads\/2024\/02\/2013-08-13-DSC08200-klein-300x169.jpg 300w, https:\/\/berliner-dampfer.de\/wp-content\/uploads\/2024\/02\/2013-08-13-DSC08200-klein-768x432.jpg 768w\" sizes=\"auto, (max-width: 1000px) 100vw, 1000px\" \/><\/p>\n<p>&nbsp;<\/p>\n<p>&nbsp;<\/p>\n<p>&nbsp;<\/p>\n<p><span style=\"text-decoration: underline;\"><span style=\"font-family: arial, helvetica, sans-serif; font-size: 12pt;\">Zuletzt bearbeitet 14.01.2025<\/span><\/span><\/p>\n","protected":false},"excerpt":{"rendered":"<p>2007 Bellevue Reederei Bruno Winkler: MS &#8222;Bellevue&#8220; \/ Pr\u00e4sentationsmappe Binnenschifferforum: Bellevue &nbsp; 19.04.2007 Pressemitteilung Reederei Bruno Winkler (Firmengeschichte) ausgesprochen \u00fcber die Berliner Werbegagentur 3MALI &nbsp;&hellip;<\/p>\n","protected":false},"author":1,"featured_media":0,"parent":0,"menu_order":0,"comment_status":"closed","ping_status":"closed","template":"","meta":{"ngg_post_thumbnail":0,"iawp_total_views":16,"footnotes":""},"class_list":["post-815","page","type-page","status-publish","hentry"],"_links":{"self":[{"href":"https:\/\/berliner-dampfer.de\/index.php?rest_route=\/wp\/v2\/pages\/815","targetHints":{"allow":["GET"]}}],"collection":[{"href":"https:\/\/berliner-dampfer.de\/index.php?rest_route=\/wp\/v2\/pages"}],"about":[{"href":"https:\/\/berliner-dampfer.de\/index.php?rest_route=\/wp\/v2\/types\/page"}],"author":[{"embeddable":true,"href":"https:\/\/berliner-dampfer.de\/index.php?rest_route=\/wp\/v2\/users\/1"}],"replies":[{"embeddable":true,"href":"https:\/\/berliner-dampfer.de\/index.php?rest_route=%2Fwp%2Fv2%2Fcomments&post=815"}],"version-history":[{"count":23,"href":"https:\/\/berliner-dampfer.de\/index.php?rest_route=\/wp\/v2\/pages\/815\/revisions"}],"predecessor-version":[{"id":11107,"href":"https:\/\/berliner-dampfer.de\/index.php?rest_route=\/wp\/v2\/pages\/815\/revisions\/11107"}],"wp:attachment":[{"href":"https:\/\/berliner-dampfer.de\/index.php?rest_route=%2Fwp%2Fv2%2Fmedia&parent=815"}],"curies":[{"name":"wp","href":"https:\/\/api.w.org\/{rel}","templated":true}]}}