{"id":8156,"date":"2024-11-16T15:27:10","date_gmt":"2024-11-16T14:27:10","guid":{"rendered":"https:\/\/berliner-dampfer.de\/?page_id=8156"},"modified":"2025-05-22T14:51:45","modified_gmt":"2025-05-22T12:51:45","slug":"maxim-gorki","status":"publish","type":"page","link":"https:\/\/berliner-dampfer.de\/?page_id=8156","title":{"rendered":"Maxim Gorki"},"content":{"rendered":"<table style=\"border-collapse: collapse; width: 100%;\">\n<tbody>\n<tr>\n<td style=\"width: 100%; background-color: #ffff00;\"><span style=\"font-family: arial, helvetica, sans-serif; font-size: 12pt;\">1904 <strong>Graf H. Moltke<\/strong> } 1947 <strong>Venus<\/strong> } 1964 <strong>Maxim Gorki<\/strong> &#8211; 1984 abgewrackt<\/span><\/p>\n<p><span style=\"font-family: arial, helvetica, sans-serif; font-size: 12pt;\"><a href=\"https:\/\/www.ddr-binnenschifffahrt.de\/db_verlauf.php?schiffId=4003009\" target=\"_blank\" rel=\"noopener\">Schiffshistorie<\/a> in der Datenbank von Uwe Giesler \/ www.ddr-binnenschifffahrt.de.<br \/>\n<\/span><\/p>\n<p><span style=\"font-family: arial, helvetica, sans-serif; font-size: 12pt;\">Berliner Dampfer: <\/span><a href=\"https:\/\/berliner-dampfer.de\/?p=8179\" target=\"_blank\" rel=\"noopener\"><span style=\"font-family: arial, helvetica, sans-serif; font-size: 12pt;\">Bismarck-Klasse<\/span><\/a> &nbsp;<br \/>\n<span style=\"font-family: arial, helvetica, sans-serif; font-size: 12pt;\">Wikipedia: <\/span><a href=\"https:\/\/de.wikipedia.org\/wiki\/Bismarck-Klasse_(1904)\" target=\"_blank\" rel=\"noopener\"><span style=\"font-family: arial, helvetica, sans-serif; font-size: 12pt;\">Bismarck-Klasse (1904)<\/span><\/a><\/p>\n<p>__________<\/p>\n<p><span style=\"font-family: arial, helvetica, sans-serif; font-size: 12pt;\">Wikipedia: <a href=\"https:\/\/de.wikipedia.org\/wiki\/Helmuth_von_Moltke_(Generalfeldmarschall)\" target=\"_blank\" rel=\"noopener\">Helmuth von Moltke (Generalfeldmarschall)<\/a><\/span><br \/>\n<span style=\"font-family: arial, helvetica, sans-serif; font-size: 12pt;\">Wikipedia: <\/span><a href=\"https:\/\/de.wikipedia.org\/wiki\/Maxim_Gorki\" target=\"_blank\" rel=\"noopener\"><span style=\"font-family: arial, helvetica, sans-serif; font-size: 12pt;\">Maxim Gorki<\/span><\/a><\/td>\n<\/tr>\n<\/tbody>\n<\/table>\n<p>&nbsp;<\/p>\n<table style=\"border-collapse: collapse; width: 100%; height: 192px;\">\n<tbody>\n<tr style=\"height: 192px;\">\n<td style=\"width: 100%; background-color: #ffd700; text-align: justify; height: 192px;\">\n<p style=\"text-align: justify;\"><span style=\"font-family: arial, helvetica, sans-serif; font-size: 12pt;\"><a href=\"https:\/\/berliner-dampfer.de\/?page_id=194\" target=\"_blank\" rel=\"noopener\">Groggert 1988<\/a>, Seite 124<\/span><br \/>\n<span style=\"font-family: arial, helvetica, sans-serif; font-size: 12pt;\">Um den durchgehenden Betrieb auf der Unterhavel von Spandau \u00fcber Wannsee nach Potsdam und von Potsdam nach <a href=\"https:\/\/de.wikipedia.org\/wiki\/Ferch\" target=\"_blank\" rel=\"noopener\">Ferch<\/a> verst\u00e4rken zu k\u00f6nnen, bestellte die SpHDG Stern bei den Stettiner Oderwerken 5 schnelle, 29,95 m lange, 5,62 m breite Doppelschraubendampfer.<\/span><br \/>\n<span style=\"font-family: arial, helvetica, sans-serif; font-size: 12pt;\">Die 1904 abgelieferten Schiffe der Bismarck-Klasse konnten 305-311 Personen fassen und hie\u00dfen <\/span><\/p>\n<ul>\n<li style=\"text-align: justify;\"><span style=\"font-family: arial, helvetica, sans-serif; font-size: 12pt;\"><a href=\"https:\/\/berliner-dampfer.de\/?page_id=8411\" target=\"_blank\" rel=\"noopener\">\u201cTheodor Fontane\u201d<\/a>,<\/span><\/li>\n<li style=\"text-align: justify;\"><span style=\"font-family: arial, helvetica, sans-serif; font-size: 12pt;\"><a href=\"https:\/\/berliner-dampfer.de\/?page_id=4622\" target=\"_blank\" rel=\"noopener\">\u201cAd. v. Menzel\u201d<\/a>,<\/span><\/li>\n<li style=\"text-align: justify;\"><span style=\"font-family: arial, helvetica, sans-serif; font-size: 12pt;\"><a href=\"https:\/\/berliner-dampfer.de\/?page_id=8215\" target=\"_blank\" rel=\"noopener\">&#8222;Professor Rud. Virchow\u201d<\/a>,<\/span><\/li>\n<li style=\"text-align: justify;\"><strong><span style=\"font-family: arial, helvetica, sans-serif; font-size: 12pt;\">\u201cGraf H. Moltke\u201d<\/span><\/strong><span style=\"font-family: arial, helvetica, sans-serif; font-size: 12pt;\">,<\/span><\/li>\n<li><span style=\"font-family: arial, helvetica, sans-serif; font-size: 12pt;\"><a href=\"https:\/\/berliner-dampfer.de\/?page_id=4317\" target=\"_blank\" rel=\"noopener\">&#8222;F\u00fcrst O. Bismarck&#8220;<\/a>.<\/span><\/li>\n<\/ul>\n<p><span style=\"font-family: arial, helvetica, sans-serif; font-size: 12pt;\">(Die Schreibweise entspricht den am Schiffsk\u00f6rper angebrachten Namen.).<\/span><\/p>\n<p><span style=\"font-family: arial, helvetica, sans-serif; font-size: 12pt;\">Groggert 1988, Seite 164:<\/span><br \/>\n<span style=\"font-family: arial, helvetica, sans-serif; font-size: 12pt;\">Die schwer um ihre Existenz k\u00e4mpfende Spree-Havel-Dampfschiffahrtsgesellschaft \u201eStern\u201c hatte vom Kriegsbeginn bis zum Ende der Inflation nur einen Teil ihres gro\u00dfen Schiffsparks gewinnbringend besch\u00e4ftigen k\u00f6nnen. In der Absicht, sich gesundzuschrumpfen, verkaufte sie Anfang der zwanziger Jahre einen gro\u00dfen Teil ihrer Schiffe, so da\u00df die Flotte 1924 gegen\u00fcber dem Bestand bei Kriegsbeginn nahezu um die H\u00e4lfte reduziert war. Nach der Goldmarker\u00f6ffnungsbilanz vom 1. Januar 1924 besa\u00df die Gesellschaft noch 24 Dampfer und 5 Motorboote im Wert von insgesamt 94500 Goldmark. Au\u00dferdem waren 8 weitere, w\u00e4hrend der Inflationszeit aufgelegte Schiffe vorhanden, und in dem Bericht zur Generalversammlung am 29. Juni 1925 wurde der Hoffnung Ausdruck gegeben, sie noch 1925 wieder in Dienst stellen zu k\u00f6nnen.<\/span><br \/>\n<span style=\"font-family: arial, helvetica, sans-serif; font-size: 12pt;\"><strong>1924 waren betriebsf\u00e4hig<\/strong>:<\/span><\/p>\n<ul>\n<li><span style=\"font-family: arial, helvetica, sans-serif; font-size: 12pt;\">Dampfer &#8211; <a href=\"https:\/\/berliner-dampfer.de\/?page_id=4317\" target=\"_blank\" rel=\"noopener\">&#8222;F\u00fcrst O. Bismark&#8220;<\/a> &#8211; erbaut 1904 &#8211; Stettiner Oderwerke<\/span><\/li>\n<li><span style=\"font-family: arial, helvetica, sans-serif; font-size: 12pt;\">Dampfer &#8211; <strong>&#8222;Graf H. Moltke&#8220;<\/strong> &#8211; erbaut 1904 &#8211; Stettiner Oderwerke<\/span><\/li>\n<li><span style=\"font-family: arial, helvetica, sans-serif; font-size: 12pt;\">Dampfer &#8211; <a href=\"https:\/\/berliner-dampfer.de\/?page_id=8215\" target=\"_blank\" rel=\"noopener\">&#8222;Prof. Rudolf Virchow&#8220;<\/a>&nbsp; &#8211; erbaut 1904 &#8211; Stettiner Oderwerke<\/span><\/li>\n<li><span style=\"font-family: arial, helvetica, sans-serif; font-size: 12pt;\">Dampfer &#8211; <a href=\"https:\/\/berliner-dampfer.de\/?page_id=4622\" target=\"_blank\" rel=\"noopener\">&#8222;Ad. v. Menzel&#8220;<\/a> &#8211; erbaut 1904 &#8211; Stettiner Oderwerke<\/span><\/li>\n<li><span style=\"font-family: arial, helvetica, sans-serif; font-size: 12pt;\">Dampfer &#8211; <a href=\"https:\/\/berliner-dampfer.de\/?page_id=8411\" target=\"_blank\" rel=\"noopener\">&#8222;Theodor Fontane&#8220;<\/a> &#8211; erbaut 1904 &#8211; Stettiner Oderwerke<\/span><\/li>\n<\/ul>\n<p><span style=\"font-family: arial, helvetica, sans-serif; font-size: 12pt;\">Groggert 1988, Seiten 201\/202\/203:<\/span><br \/>\n<span style=\"font-family: arial, helvetica, sans-serif; font-size: 12pt;\">Im Herbst des Jahres 1932 geriet die gr\u00f6\u00dfte Berliner Reederei der Personenschiffahrt in Schwierigkeiten, von denen sich sich aus eigener Kraft nicht mehr erholen konnte. Am 15. Oktober 1932 stellte die Spree-Havel-Dampfschiffahrts-Gesellschaft Stern ihre Zahlungen ein und beantragte die Einleitung des gerichtlichen Vergleichsverfahrens&#8230;.. Als das gerichtliche Vergleichsverfahren beantragt wurde, bestand die Flotte [u.a.] aus folgenden Schiffen:<\/span><\/p>\n<ul>\n<li><span style=\"font-family: arial, helvetica, sans-serif; font-size: 12pt;\">Dampfer &#8211; <a href=\"https:\/\/berliner-dampfer.de\/?page_id=8215\" target=\"_blank\" rel=\"noopener\">&#8222;Prof. Rudolf Virchow&#8220;<\/a> &#8211; 340 Personen<\/span><\/li>\n<li><span style=\"font-family: arial, helvetica, sans-serif; font-size: 12pt;\">Dampfer &#8211; <a href=\"https:\/\/berliner-dampfer.de\/?page_id=4622\" target=\"_blank\" rel=\"noopener\">&#8222;Adolf von Menzel&#8220;<\/a> &#8211; 335 Personen<\/span><\/li>\n<li><span style=\"font-family: arial, helvetica, sans-serif; font-size: 12pt;\">Dampfer &#8211; <a href=\"https:\/\/berliner-dampfer.de\/?page_id=8411\" target=\"_blank\" rel=\"noopener\">&#8222;Theodor Fontane&#8220;<\/a> &#8211; 315 Personen<\/span><\/li>\n<li><span style=\"font-family: arial, helvetica, sans-serif; font-size: 12pt;\">Dampfer &#8211; <strong>&#8222;Graf H. Moltke&#8220;<\/strong> &#8211; 311 Personen<\/span><\/li>\n<li><span style=\"font-family: arial, helvetica, sans-serif; font-size: 12pt;\">Dampfer &#8211; <a href=\"https:\/\/berliner-dampfer.de\/?page_id=4317\" target=\"_blank\" rel=\"noopener\">&#8222;F\u00fcrst O. Bismarck&#8220;<\/a> &#8211; 305 Personen<\/span><\/li>\n<\/ul>\n<p><span style=\"font-family: arial, helvetica, sans-serif; font-size: 12pt;\">Groggert 1988, Seiten 204\/218:<\/span><br \/>\n<span style=\"font-family: arial, helvetica, sans-serif; font-size: 12pt;\">1935 geh\u00f6rten dem &#8222;Reeder-Verband der Personenschiffahrt zwischen Elbe und Oder&#8220; folgende in Berlin und seiner Umgebung ans\u00e4ssige Betriebe und Schiffseigner an:<\/span><br \/>\n<span style=\"font-family: arial, helvetica, sans-serif; font-size: 12pt;\">Stern und Kreisschiffahrt u.a. mit:<\/span><\/p>\n<ul>\n<li><span style=\"font-family: arial, helvetica, sans-serif; font-size: 12pt;\">Dampfer &#8211; Prof. Rudolf Virchow &#8211; 340 Personen<\/span><\/li>\n<li><span style=\"font-family: arial, helvetica, sans-serif; font-size: 12pt;\">Dampfer &#8211; Adolf von Menzel &#8211; 335 Personen<\/span><\/li>\n<li><span style=\"font-family: arial, helvetica, sans-serif; font-size: 12pt;\">Dampfer &#8211; Theodor Fontane &#8211; 315 Personen<\/span><\/li>\n<li><span style=\"font-family: arial, helvetica, sans-serif; font-size: 12pt;\">Dampfer &#8211; <strong>Graf H. v. Moltke<\/strong> &#8211; 311 Personen<\/span><\/li>\n<li><span style=\"font-family: arial, helvetica, sans-serif; font-size: 12pt;\">Dampfer &#8211; F\u00fcrst Otto v. Bismarck &#8211; 305 Personen<\/span><\/li>\n<\/ul>\n<p style=\"text-align: justify;\"><span style=\"font-family: arial, helvetica, sans-serif; font-size: 12pt;\">Groggert 1988, Seite 255:<\/span><br \/>\n<span style=\"font-family: arial, helvetica, sans-serif; font-size: 12pt;\">In der Glienicker Lanke lagen in der N\u00e4he der Anlegestelle B\u00fcrgershof die Wracks der Sterndampfer <strong>&#8222;Graf H. Molte&#8220;<\/strong> und &#8222;Prof. Rudolf Virchow&#8220;, deren aus dem Wasser herausragenden Aufbauten abgebrannt waren, und der versenkte Dampfer &#8222;Baurat Hobrecht&#8220;. Im Sommer 1946 konnten alle drei Schiffe geborgen werden. <strong>&#8222;Graf H. Moltke&#8220;<\/strong> erhielt im Winter 1946\/47 in Plaue ein neues Deckshaus und den Namen <strong>&#8222;Venus&#8220;<\/strong>&#8230;.<\/span><\/p>\n<p><span style=\"font-family: arial, helvetica, sans-serif; font-size: 12pt;\">Groggert 1988, Seite 256:<\/span><br \/>\n<span style=\"font-family: arial, helvetica, sans-serif; font-size: 12pt;\">Die Generaldirektion Schiffahrt in der sowjetischen Zone fa\u00dfte die in ihrem Bereich liegenden Schiffe der ehemaligen Transportflotte Speer und alle gesunkenen, besch\u00e4digten oder verlassenen Schiffe, f\u00fcr die sich kein Eigent\u00fcmer meldete, zu einer \u201cherrenlosen Flotte\u201d zusammen und \u00fcbergab sie der \u201cArbeitsgemeinschaft Binnenschiffahrt\u201d zur Bewirtschaftung. \u2026 Die Gesellschaft \u2026 wandte sich dem Wiederausbau der verbliebenen \u2026 Fahrgastschiffe zu&#8230;..<\/span><br \/>\n<span style=\"font-family: arial, helvetica, sans-serif; font-size: 12pt;\">Glimpflich verlie\u00df ein Zwischenfall, der sich im Sommer 1947 auf der <strong>&#8222;Venus&#8220;<\/strong> ereignete. Als das Schiff an einem strahlenden Sonntagmorgen von Wannsee nach Kladow fuhr, wurde auf der H\u00f6he von Heckeshorn der Mannlockdeckel undicht, und eine riesige Dampfwolke quoll aus dem Machinenraum. Gl\u00fccklicherweise kam niemand zu Schaden.<\/span><\/p>\n<p><span style=\"font-family: arial, helvetica, sans-serif; font-size: 12pt;\">Groggert 1988, Seite 257:<\/span><br \/>\n<span style=\"font-family: arial, helvetica, sans-serif; font-size: 12pt;\">Bis zur W\u00e4hrungsreform konnte die Stern und Kreisschiffahrt wieder folgende Dampfer in Fahrt bringen:<br \/>\n&#8211; <\/span><span style=\"font-family: arial, helvetica, sans-serif; font-size: 12pt;\"><strong>&#8222;Venus&#8220;<\/strong> (ex <strong>&#8222;Graf H. Moltke&#8220;<\/strong>, sp\u00e4ter <strong>&#8222;Maxim Gorki&#8220;<\/strong>)<\/span><\/p>\n<p><span style=\"font-family: arial, helvetica, sans-serif; font-size: 12pt;\">Groggert 1988, Seite 260:<\/span><br \/>\n<span style=\"font-family: arial, helvetica, sans-serif; font-size: 12pt;\">Die Stern und Kreisschiffahrt, die ihren Sitz 1948 in der Ostzone hatte und deren Schiffe in der Mehrzahl in Potsdam lagen, fuhr neben der BVG-Personenschiffahrt von Wannsee nach Kladow. Beim Betrieb der Schiffe in den Westsektoren ergaben sich nat\u00fcrlich W\u00e4hrungsprobleme. Am 15. April 1949 legte die Polizei die drei Stern-Dampfer <a href=\"https:\/\/berliner-dampfer.de\/?page_id=8215\" target=\"_blank\" rel=\"noopener\">&#8222;Prof. Rudolf Virchow&#8220;<\/a>, <strong>&#8222;Venus&#8220;<\/strong> und <a href=\"https:\/\/berliner-dampfer.de\/?page_id=5827\" target=\"_blank\" rel=\"noopener\">&#8222;Komet&#8220;<\/a> an die Kette, und der &#8222;Telegraf schrieb am 21.04.1949:<\/span><\/p>\n<blockquote><p><span style=\"font-family: arial, helvetica, sans-serif; font-size: 12pt;\">Haveldampfer-Konflikt beigelegt<\/span><br \/>\n<span style=\"font-family: arial, helvetica, sans-serif; font-size: 12pt;\">In einer Besprechung von Vertretern des Magistrats, der BVG und der Teltow-Kanal-Betriebs AG sind Vereinbarungen \u00fcber die k\u00fcnftige Relegung der Personenschiffahrt auf der Havel und auf dem Wannsee getroffen worden. Die Fahrpl\u00e4ne der Stern- und Kreisschiffahrt werden mit denen der BVG-Personenschiffahrt abgestimmt. Die BVG-Dampfer behalten den Berufsverkehr von 6 bis 8 Uhr bei, w\u00e4hrend die Sterndampfer erst ab 8 Uhr einsetzen. Die BVG f\u00e4hrt weiterhin f\u00fcr 20 Pfennig West, w\u00e4hrend die Sterndampfer 30 Pfennig West verlangen, da sie noch die Pfaueninsel anlaufen.<\/span><\/p><\/blockquote>\n<p><span style=\"font-family: arial, helvetica, sans-serif; font-size: 12pt;\">Wenig sp\u00e4ter verschwanden auch diese drei Dampfer aus den Westsektoren und wurden durch Beschlu\u00df der <a href=\"https:\/\/de.wikipedia.org\/wiki\/Deutsche_Wirtschaftskommission\" target=\"_blank\" rel=\"noopener\">\u201cDeutschen Wirtschaftskommision\u201d<\/a> vom 27. Juli 1949 wie alle anderen im \u00f6stlichen Teil Berlins und in der Ostzone vorhandenen Fahrzeuge der Stern und Kreisschiffahrt der <a href=\"https:\/\/de.wikipedia.org\/wiki\/Deutsche_Schiffahrts-_und_Umschlagbetriebe\" target=\"_blank\" rel=\"noopener\">Deutschen Schiffahrts- und Umschlagszentrale (DSU)<\/a> \u00fcbereignet.<\/span><\/p>\n<p><span style=\"font-family: arial, helvetica, sans-serif; font-size: 12pt;\">Groggert 1988, Seiten 311\/312:<\/span><br \/>\n<span style=\"font-family: arial, helvetica, sans-serif; font-size: 12pt;\">Aus dem 1945 vor der Anlegestelle B\u00fcrgerhof an der Glienicker Lake versenkten Dampfer &#8222;<strong>Graf H. Moltke&#8220;<\/strong> wurde nach der Instandsetzung im Winter 1946\/47 die <strong>&#8222;Venus&#8220;<\/strong>. Das Schiff, das nach einer weiteren Umtaufe <strong>&#8222;Maxim Gorki&#8220;<\/strong> hie\u00df, kam 1959 in den Besitz der Verkehrsbetriebe Brandenburg a.H., wo der VEB Ernst-Th\u00e4lmann-Werft anstelle der Dampfmaschinen Dieselmotoren einbaute und den Schiffsk\u00f6rper bei gleicher Gelegenheit im Winter 1961\/62 mit einem modernen Steven versah, so da\u00df er auf eine L\u00e4nge von 31,25 m kam. Die Ernst-Th\u00e4lmann-Werft war \u00fcbrigens die fr\u00fchere Werft <a href=\"https:\/\/de.wikipedia.org\/wiki\/Gebr._Wiemann\" target=\"_blank\" rel=\"noopener\">Gebr. Wiemann<\/a>, die viele Schiffe f\u00fcr die Fahrgastschiffahrtsunternehmen in und um Berlin gebaut hat.&nbsp; Bei diesem Wertbetrieb war f\u00fcr kurze Zeit nach dem Ersten Weltkrieg auch der Karikaturist <a href=\"https:\/\/de.wikipedia.org\/wiki\/Hans_Kossatz\" target=\"_blank\" rel=\"noopener\">Hans Kossatz<\/a> t\u00e4tig, der sich daran erinnerte:<\/span><\/p>\n<blockquote><p><span style=\"font-family: arial, helvetica, sans-serif; font-size: 12pt;\">&#8222;Es war kein Vergn\u00fcgen, in den eingefrorenen, nicht unter Dampf liegenden Eisenk\u00e4sten zu arbeiten. Nur mit M\u00fche brachte ich die vor Frostbeulen aufgeplatzten H\u00e4nde in den traditionsgem\u00e4\u00dfen wei\u00dfen Zwirnhandschuhen unter. Ich ging n\u00e4mlich zur Tanzstunde.&#8220;<\/span><\/p><\/blockquote>\n<\/td>\n<\/tr>\n<\/tbody>\n<\/table>\n<p>&nbsp;<\/p>\n<table style=\"border-collapse: collapse; width: 100%;\">\n<tbody>\n<tr>\n<td style=\"width: 100%; background-color: #cdcd00;\">\n<p style=\"text-align: justify;\"><span style=\"font-family: arial, helvetica, sans-serif; font-size: 12pt;\"><a href=\"https:\/\/berliner-dampfer.de\/?page_id=194\" target=\"_blank\" rel=\"noopener\">Trost 1988<\/a>, Seiten 8 und&nbsp; 43,44:<\/span><\/p>\n<p style=\"text-align: justify;\"><span style=\"font-family: arial, helvetica, sans-serif; font-size: 12pt;\">Auch diese Dampfer geh\u00f6rten wieder zu einer Serie mit etwa den gleichen Abmessungen; die L\u00e4nge betrug zwischen 30,00 m und 31,60 m, die Breite 5,20 m auf Spanten und 5,60 m \u00fcber die Bergh\u00f6lzer, die Seitenh\u00f6he 2,32 m und der Tiefgang beladen 1,40 m.<\/span><\/p>\n<p style=\"text-align: justify;\"><span style=\"font-family: arial, helvetica, sans-serif; font-size: 12pt;\">2 stehende Zweifachexpansionsmaschinen mit Einspritzkondensator und einer Leistung von 2 x 80 PSi &#8230;.. gaben diesen Dampfern eine Geschwindigkeit von 19,5 km\/h und machten sie damit zu den schnellsten der Flotte. Die Personenzahl schwankte zwischen 310 und 340.<\/span><\/p>\n<p style=\"text-align: justify;\"><span style=\"font-family: arial, helvetica, sans-serif; font-size: 12pt;\">Zuerst wurde unter Baunummer 539 Theodor Fontane abgeliefert, er war w\u00e4hrend der 2. Weltkrieges in Stettin eingesetzt und wurde auf der R\u00fcckfahrt nach Berlin in F\u00fcrstenberg\/Oder beschlagnahmt und in die UDSSR \u00fcberf\u00fchrt.<\/span><\/p>\n<p style=\"text-align: justify;\"><span style=\"font-family: arial, helvetica, sans-serif; font-size: 12pt;\">Zweites Schiff war Adolf von Menzel, Baunummer 540, das den 2. Weltkrieg ohne Schaden \u00fcberstand. Es ging aber 1948 an die D.S.U., wurde 1958 in Havelberg motorisiert und fuhr noch bis zur Mitte der achtziger Jahre bei der \u201cWei\u00dfen Flotte\u201d Berlin-Ost.<\/span><\/p>\n<p style=\"text-align: justify;\"><span style=\"font-family: arial, helvetica, sans-serif; font-size: 12pt;\">Nicht viel anders erging es dem Dampfer Professor Rudolf Virchow mit der Baunummer 541; er kam gleich nach Kriegsende zur Reederei der Potsdamer Verkehrsbetriebe, wurde 1959 bei der Elbewerft in Aken um 5 m auf 36,60 m verl\u00e4ngert und motorisiert mit 2 SKL-Dieselmotoren (VEB Schwermaschinenbau \u201cKarl Liebknecht\u201d in Magdeburg), &#8230;.. und kam 1960 wieder in Fahrt als MS. Seebad Templin.<\/span><\/p>\n<p style=\"text-align: justify;\"><span style=\"font-family: arial, helvetica, sans-serif; font-size: 12pt;\"><b>Neubau Nummer 542 erhielt den Namen Graf H. Moltke, kam ebenfalls ohne Schaden \u00fcber die Kriege, ging aber 1945 an die Brandenburger Verkehrsbetriebe und wurde zuerst in Venus, sp\u00e4ter in Maxim Gorki umbenannt. 1964 erhielt das Schiff einen Generalumbau mit neuem Vorsteven und Decksaufbau und wurde motorisiert. Ein Jahr sp\u00e4ter kam MS. Maxim Gorki wieder in Fahrt und blieb bis 1980 im Einsatz.<\/b><\/span><\/p>\n<p style=\"text-align: justify;\"><span style=\"font-family: arial, helvetica, sans-serif; font-size: 12pt;\">Als letztes Schiff unter der Baunummer 543 wurde 1904 der Dampfer F\u00fcrst O. Bismarck in Dienst gestellt. Er war w\u00e4hrend des 1. Weltkrieges auch als Schleppdampfer eingesetzt; von 1940 bis 1944 fuhr er im Arbeiterverkehr nach Niedersch\u00f6nweide und wurde dort bei Kriegsende unsinnigerweise von SS-Truppen versenkt. <\/span><br \/>\n<span style=\"font-family: arial, helvetica, sans-serif; font-size: 12pt;\">Nach Hebung brachte man ihn an die Werft in Plaue\/Havel, machte ihn fahrbereit und konnte ihn 1947 unter dem Namen Neptun wieder einsetzen. 1951 lie\u00df die D.S.U. das Schiff nochmals \u00fcberholen und nannte es jetzt <a href=\"file:\/\/\/C:\/Users\/Barbara\/Desktop\/Berliner%20Dampfer%20Webseite\/html\/heiterkeit_1904.html\" target=\"_blank\" rel=\"noopener\">Friedenswacht<\/a>. Nach Verl\u00e4ngerung und Motorisierung 1959\/60 auf der Elbewerft in Aken hatte die Friedenswacht genau das gleiche Aussehen und auch dieselben Abmessungen wie die Sebad Templin exProfessor Rudolf Virchow.<\/span><br \/>\n<span style=\"font-family: arial, helvetica, sans-serif; font-size: 12pt;\">MS Friedenswacht ist auch 1987 noch in Fahrt.<\/span><\/p>\n<\/td>\n<\/tr>\n<\/tbody>\n<\/table>\n<p>&nbsp;<\/p>\n<p>&nbsp;<\/p>\n<p>&nbsp;<\/p>\n<p><img loading=\"lazy\" decoding=\"async\" class=\"alignnone size-full wp-image-8409\" src=\"https:\/\/berliner-dampfer.de\/wp-content\/uploads\/2024\/11\/1926-ca-Graf-H.-Moltke-Groggert-1988-Seite-123-1200.jpg\" alt=\"\" width=\"1200\" height=\"837\" srcset=\"https:\/\/berliner-dampfer.de\/wp-content\/uploads\/2024\/11\/1926-ca-Graf-H.-Moltke-Groggert-1988-Seite-123-1200.jpg 1200w, https:\/\/berliner-dampfer.de\/wp-content\/uploads\/2024\/11\/1926-ca-Graf-H.-Moltke-Groggert-1988-Seite-123-1200-300x209.jpg 300w, https:\/\/berliner-dampfer.de\/wp-content\/uploads\/2024\/11\/1926-ca-Graf-H.-Moltke-Groggert-1988-Seite-123-1200-1024x714.jpg 1024w, https:\/\/berliner-dampfer.de\/wp-content\/uploads\/2024\/11\/1926-ca-Graf-H.-Moltke-Groggert-1988-Seite-123-1200-768x536.jpg 768w\" sizes=\"auto, (max-width: 1200px) 100vw, 1200px\" \/><\/p>\n<p>&nbsp;<\/p>\n<p>&nbsp;<\/p>\n<table style=\"border-collapse: collapse; width: 100%;\">\n<tbody>\n<tr>\n<td style=\"width: 100%; background-color: #ffff00;\">\n<p style=\"text-align: justify;\"><span style=\"font-family: arial, helvetica, sans-serif; font-size: 12pt;\"><strong>&#8222;Graf H. Moltke&#8220;<\/strong>, AK (Hager Film Postkarte) postalisch gelaufen 14.07.<strong>1938<\/strong>, frankiert mit <a href=\"https:\/\/de.wikipedia.org\/wiki\/Briefmarken-Jahrgang_1938_der_Deutschen_Reichspost\" target=\"_blank\" rel=\"noopener\">DR\/1938 Michelnummer 666<\/a>, <a href=\"https:\/\/de.wikipedia.org\/wiki\/Deutsches_Turn-_und_Sportfest_1938\" target=\"_blank\" rel=\"noopener\">Deutsches Turn- und Sportfest in Breslau 1938<\/a>. &#8222;F\u00e4hrhaus Tornow Potsdam&#8220; [vermutlich: <a href=\"https:\/\/de.wikipedia.org\/wiki\/Potsdam-S%C3%BCd#Hermannswerder\" target=\"_blank\" rel=\"noopener\">Hermannswerder<\/a> \/ <a href=\"https:\/\/de.wikipedia.org\/wiki\/F%C3%A4hre_Kiewitt%E2%80%93Hermannswerder\" target=\"_blank\" rel=\"noopener\">F\u00e4hre Kiewitt\u2013Hermannswerder<\/a>]. <\/span><\/p>\n<p><img loading=\"lazy\" decoding=\"async\" class=\"alignnone size-full wp-image-15881\" src=\"https:\/\/berliner-dampfer.de\/wp-content\/uploads\/2025\/05\/1938-07-24-GRAF-H.-MOLTKE-klein.jpg\" alt=\"\" width=\"1201\" height=\"837\" srcset=\"https:\/\/berliner-dampfer.de\/wp-content\/uploads\/2025\/05\/1938-07-24-GRAF-H.-MOLTKE-klein.jpg 1201w, https:\/\/berliner-dampfer.de\/wp-content\/uploads\/2025\/05\/1938-07-24-GRAF-H.-MOLTKE-klein-300x209.jpg 300w, https:\/\/berliner-dampfer.de\/wp-content\/uploads\/2025\/05\/1938-07-24-GRAF-H.-MOLTKE-klein-1024x714.jpg 1024w, https:\/\/berliner-dampfer.de\/wp-content\/uploads\/2025\/05\/1938-07-24-GRAF-H.-MOLTKE-klein-768x535.jpg 768w\" sizes=\"auto, (max-width: 1201px) 100vw, 1201px\" \/><\/td>\n<\/tr>\n<\/tbody>\n<\/table>\n<p>&nbsp;<\/p>\n<p>&nbsp;<\/p>\n<p>&nbsp;<\/p>\n<p>&nbsp;<\/p>\n<p><img loading=\"lazy\" decoding=\"async\" class=\"alignnone size-full wp-image-8213\" src=\"https:\/\/berliner-dampfer.de\/wp-content\/uploads\/2024\/11\/1979-ca-Maxim-Gorki-klein.jpg\" alt=\"\" width=\"1200\" height=\"1012\" srcset=\"https:\/\/berliner-dampfer.de\/wp-content\/uploads\/2024\/11\/1979-ca-Maxim-Gorki-klein.jpg 1200w, https:\/\/berliner-dampfer.de\/wp-content\/uploads\/2024\/11\/1979-ca-Maxim-Gorki-klein-300x253.jpg 300w, https:\/\/berliner-dampfer.de\/wp-content\/uploads\/2024\/11\/1979-ca-Maxim-Gorki-klein-1024x864.jpg 1024w, https:\/\/berliner-dampfer.de\/wp-content\/uploads\/2024\/11\/1979-ca-Maxim-Gorki-klein-768x648.jpg 768w\" sizes=\"auto, (max-width: 1200px) 100vw, 1200px\" \/><\/p>\n<p>&nbsp;<\/p>\n<p>&nbsp;<\/p>\n<p>&nbsp;<\/p>\n<p>&nbsp;<\/p>\n<p><span style=\"text-decoration: underline;\"><span style=\"font-family: arial, helvetica, sans-serif; font-size: 12pt;\">Zuletzt bearbeitet 22.05.2025<\/span><\/span><\/p>\n","protected":false},"excerpt":{"rendered":"<p>1904 Graf H. Moltke } 1947 Venus } 1964 Maxim Gorki &#8211; 1984 abgewrackt Schiffshistorie in der Datenbank von Uwe Giesler \/ www.ddr-binnenschifffahrt.de. Berliner Dampfer:&hellip;<\/p>\n","protected":false},"author":1,"featured_media":0,"parent":0,"menu_order":0,"comment_status":"closed","ping_status":"closed","template":"","meta":{"ngg_post_thumbnail":0,"iawp_total_views":9,"footnotes":""},"class_list":["post-8156","page","type-page","status-publish","hentry"],"_links":{"self":[{"href":"https:\/\/berliner-dampfer.de\/index.php?rest_route=\/wp\/v2\/pages\/8156","targetHints":{"allow":["GET"]}}],"collection":[{"href":"https:\/\/berliner-dampfer.de\/index.php?rest_route=\/wp\/v2\/pages"}],"about":[{"href":"https:\/\/berliner-dampfer.de\/index.php?rest_route=\/wp\/v2\/types\/page"}],"author":[{"embeddable":true,"href":"https:\/\/berliner-dampfer.de\/index.php?rest_route=\/wp\/v2\/users\/1"}],"replies":[{"embeddable":true,"href":"https:\/\/berliner-dampfer.de\/index.php?rest_route=%2Fwp%2Fv2%2Fcomments&post=8156"}],"version-history":[{"count":43,"href":"https:\/\/berliner-dampfer.de\/index.php?rest_route=\/wp\/v2\/pages\/8156\/revisions"}],"predecessor-version":[{"id":15883,"href":"https:\/\/berliner-dampfer.de\/index.php?rest_route=\/wp\/v2\/pages\/8156\/revisions\/15883"}],"wp:attachment":[{"href":"https:\/\/berliner-dampfer.de\/index.php?rest_route=%2Fwp%2Fv2%2Fmedia&parent=8156"}],"curies":[{"name":"wp","href":"https:\/\/api.w.org\/{rel}","templated":true}]}}