{"id":8682,"date":"2024-11-24T18:54:06","date_gmt":"2024-11-24T17:54:06","guid":{"rendered":"https:\/\/berliner-dampfer.de\/?page_id=8682"},"modified":"2025-02-03T09:37:42","modified_gmt":"2025-02-03T08:37:42","slug":"tempelhof-1913","status":"publish","type":"page","link":"https:\/\/berliner-dampfer.de\/?page_id=8682","title":{"rendered":"Tempelhof (1913)"},"content":{"rendered":"<table style=\"border-collapse: collapse; width: 100%;\">\n<tbody>\n<tr>\n<td style=\"width: 100%; background-color: #ffff00;\"><span style=\"font-family: arial, helvetica, sans-serif; font-size: 12pt;\">1913 <strong>Tempelhof<\/strong> &#8211; 1945\/46 als Reparation in die Sowjetunion.<\/span><\/p>\n<p><span style=\"font-family: arial, helvetica, sans-serif; font-size: 12pt;\">&nbsp;__________<\/span><\/p>\n<p><span style=\"font-family: arial, helvetica, sans-serif; font-size: 12pt;\">Berliner Dampfer: <a href=\"https:\/\/berliner-dampfer.de\/?p=8229\" target=\"_blank\" rel=\"noopener\">Teltow-Klasse<\/a><\/span><\/td>\n<\/tr>\n<\/tbody>\n<\/table>\n<p>&nbsp;<\/p>\n<table style=\"border-collapse: collapse; width: 100%;\">\n<tbody>\n<tr>\n<td style=\"width: 100%; background-color: #ffd700;\">\n<p style=\"text-align: justify;\"><span style=\"font-family: arial, helvetica, sans-serif; font-size: 12pt;\"><a href=\"https:\/\/berliner-dampfer.de\/?page_id=194\" target=\"_blank\" rel=\"noopener\">Groggert 1988<\/a>, Seite 154\/155:<\/span><br \/>\n<span style=\"font-family: arial, helvetica, sans-serif; font-size: 12pt;\">Ein Preisausschreiben, dass der Kreis Teltow 1910 in der Absicht veranstaltete, ein gro\u00dfes, rauchlos angetriebenes Fahrgastschiff zu entwickeln, das auch bei h\u00f6herer Geschwindigkeit keine nachteilige Wellenbildung im Kanal verursachte, brachte keine befriedigende L\u00f6sung des Problems. <\/span><br \/>\n<span style=\"font-family: arial, helvetica, sans-serif; font-size: 12pt;\">Bessere Ergebnisse hatten Untersuchungen der <a href=\"https:\/\/de.wikipedia.org\/wiki\/Preu%C3%9Fische_Versuchsanstalt_f\u00fcr_Wasser-,_Erd-_und_Schiffbau\" target=\"_blank\" rel=\"noopener\">K\u00f6niglichen Versuchsanstalt f\u00fcr Wasserbau und Schiffbau<\/a>, die im Fr\u00fchjahr 1912 abgeschlossen werden konnten\u2026..Die Untersuchungen der K\u00f6niglichen Versuchsanstalt f\u00fchrten jedoch zur Entwicklung eines ganz neuen Schiffstyps. <\/span><br \/>\n<span style=\"font-family: arial, helvetica, sans-serif; font-size: 12pt;\">Die Schiffswerft <a href=\"https:\/\/de.wikipedia.org\/wiki\/Sachsenberg-Werke\" target=\"_blank\" rel=\"noopener\">Gebr. Sachsenberg<\/a> in Ro\u00dflau a. E. erhielt den Auftrag zum Bau zweier Doppelschraubenmotorschiffe von 30 m L\u00e4nge und 5,4 m Breite mit prahmartiger Unterwasserform und einem runden L\u00f6ffelbug. <\/span><br \/>\n<span style=\"font-family: arial, helvetica, sans-serif; font-size: 12pt;\">Aus Gr\u00fcnden der Gewichtsersparnis wurden f\u00fcr den Antrieb je zwei 50-PS-Petroleum-Motoren der Firma <a href=\"https:\/\/de.wikipedia.org\/wiki\/Heinrich_K\u00e4mper_Motorenfabrik\" target=\"_blank\" rel=\"noopener\">K\u00e4mper<\/a> gew\u00e4hlt. <\/span><br \/>\n<span style=\"font-family: arial, helvetica, sans-serif; font-size: 12pt;\">Die Schiffe hatten einen sehr geringen Leertiefgang, weswegen unter dem Boden ein Kiel angebolzt wurde, um die Stabilit\u00e4t bei Seitenschwankungen zu erh\u00f6hen. Auf zwei \u00fcbereinanderliegenden Decks war Raum f\u00fcr 597 Sitzpl\u00e4tze. Nach Ablieferung der ersten beiden Schiffe, die \u201cNeuk\u00f6lln\u201d und <strong>\u201cTempelhof\u201d<\/strong> getauft wurden, erbaute die Werft Gebr. Sachsenberg sogleich zwei weitere Motorschiffe gleichen Typs zum Preise von 33850 M, die allerdings als Dreischraubenschiffe konstruiert und mit je drei 35-PS-Motoren ausger\u00fcstet waren. Sie sind sp\u00e4ter ebenfalls zu Doppelschraubern umgebaut worden.<\/span><br \/>\n<span style=\"font-family: arial, helvetica, sans-serif; font-size: 12pt;\">Im Sommer 1914 fuhren alle vier Schwesterschiffe, die damals die Namen <strong>\u201cTempelhof\u201d<\/strong>, <a href=\"https:\/\/berliner-dampfer.de\/?page_id=8687\" target=\"_blank\" rel=\"noopener\">\u201cNeuk\u00f6lln\u201d<\/a>, <a href=\"https:\/\/berliner-dampfer.de\/?page_id=6908\" target=\"_blank\" rel=\"noopener\">\u201cTeltow\u201d<\/a> und <a href=\"https:\/\/berliner-dampfer.de\/?page_id=8646\" target=\"_blank\" rel=\"noopener\">\u201cWilmersdorf\u201d<\/a> f\u00fchrten, mit geladenen G\u00e4sten der einzelnen Gemeindeverwaltungen, des Kreisausschusses und des Kreistages in \u00f6stlicher Richtung kanalaufw\u00e4rts zur Kaiserregata nach Gr\u00fcnau.<\/span><\/p>\n<p style=\"text-align: justify;\"><span style=\"font-family: arial, helvetica, sans-serif; font-size: 12pt;\">Groggert 1988, Seite 162:<\/span><br \/>\n<span style=\"font-family: arial, helvetica, sans-serif; font-size: 12pt;\">Zwei ihrer gro\u00dfen Motorschiffe, die 1914 gelieferte \u201cTeltow\u201d und \u201cWilmersdorf\u201d, vermietete die Teltower Kreisschiffahrt, wie die Reederei sich nun nannte, an die \u201cElite-Rundfahrt G.m.b.H.\u201d. Dieses Unternehmen brachte Berlin-Besucher mit Autobussen zur St\u00f6\u00dfenseebr\u00fccke, wo sie an Bord eines der beiden mit einem <a href=\"https:\/\/de.wikipedia.org\/wiki\/MITROPA\" target=\"_blank\" rel=\"noopener\">Mitropa<\/a>-K\u00fcchen- und Restaurationsbetrieb ausgestatteten Motorschiffe <a href=\"https:\/\/berliner-dampfer.de\/?page_id=6908\" target=\"_blank\" rel=\"noopener\">\u201cElite I\u201d (= \u201cTeltow\u201d)<\/a> und <a href=\"https:\/\/berliner-dampfer.de\/?page_id=8646\" target=\"_blank\" rel=\"noopener\">\u201cElite II\u201d (= \u201eWilmersdorf\u201c)<\/a> gingen und nach Potsdam fuhren.<\/span><br \/>\n<span style=\"font-family: arial, helvetica, sans-serif; font-size: 12pt;\">Ein drittes gro\u00dfes Motorschiff diente als schwimmendes Strandcafe auf dem Kleinen Wannsee, das vierte blieb zun\u00e4chst g\u00e4nzlich ungenutzt. [Bild siehe unten]<br \/>\n<\/span><\/p>\n<p style=\"text-align: justify;\"><span style=\"font-family: arial, helvetica, sans-serif; font-size: 12pt;\">Groggert 1988, Seite 224\/226:<\/span><br \/>\n<span style=\"font-family: arial, helvetica, sans-serif; font-size: 12pt;\">Die <a href=\"https:\/\/de.wikipedia.org\/wiki\/Teltow-Werft\" target=\"_blank\" rel=\"noopener\">Teltow-Werft<\/a> hatte sofort nach der \u00dcbernahme der Schiffe der fr\u00fcheren Spree-Havel-Dampfschiffahrts-Gesellschaft Stern und Gr\u00fcndung der <a href=\"https:\/\/de.wikipedia.org\/wiki\/Stern_und_Kreisschiffahrt\" target=\"_blank\" rel=\"noopener\">Stern und Kreisschiffahrt<\/a> als neues Unternehmen mit einem Umbau- und Neubauprogramm begonnen\u2026\u2026.1934 hatte die Teltow-Werft ein weiteres, gro\u00dfes Doppelschrauben-Motorschiff gebaut, das au\u00dferlich den <a href=\"https:\/\/berliner-dampfer.de\/?p=8229\" target=\"_blank\" rel=\"noopener\">\u201cIgeln\u201d<\/a> \u00e4hnlich sah. Die beiden <a href=\"https:\/\/de.wikipedia.org\/wiki\/Jastram-Werke\" target=\"_blank\" rel=\"noopener\">Jastram-Diesel<\/a> des 35 m langen, 6,15 m breiten Motorschiffs <a href=\"https:\/\/berliner-dampfer.de\/?page_id=6247\" target=\"_blank\" rel=\"noopener\">\u201cKurmark\u201d<\/a>, das f\u00fcr 639 Fahrg\u00e4ste Sitzpl\u00e4tze bot, waren jedoch, um Ersch\u00fctterungen zu vermeiden und die Fahreigenschaften gegen\u00fcber \u00e4lteren Schiffen zu verbessern, im Heck untergebracht.<\/span><br \/>\n<span style=\"font-family: arial, helvetica, sans-serif; font-size: 12pt;\">Aber auch die vier gro\u00dfen Motorschiffe der <a href=\"https:\/\/berliner-dampfer.de\/?p=8229\" target=\"_blank\" rel=\"noopener\">Teltow-Klasse<\/a> erhielten bequeme Sitzb\u00e4nke und Tische und zum Teil neue Dieselmotoren.<\/span><\/p>\n<p style=\"text-align: justify;\"><span style=\"font-family: arial, helvetica, sans-serif; font-size: 12pt;\">Groggert 1988, Seite 204\/218:<\/span><br \/>\n<span style=\"font-family: arial, helvetica, sans-serif; font-size: 12pt;\">1935 geh\u00f6rtem dem Reeder-Verband der Personenschiffahrt zwischen Elbe und Oder folgende in Berlin und seiner Umgebung ans\u00e4ssige betriebe und Schiffseigner an:<\/span><br \/>\n<span style=\"font-family: arial, helvetica, sans-serif; font-size: 12pt;\">Stern- und Kreisschiffahrt der Teltowkanal-Aktiengesellschaft:<\/span><br \/>\n<span style=\"font-family: arial, helvetica, sans-serif; font-size: 12pt;\">Motorschiff <a href=\"https:\/\/berliner-dampfer.de\/?page_id=6908\" target=\"_blank\" rel=\"noopener\">Teltow<\/a> \u2013 597 Personen<\/span><br \/>\n<span style=\"font-family: arial, helvetica, sans-serif; font-size: 12pt;\">Motorschiff <strong>Tempelhof<\/strong> \u2013 597 Personen<\/span><br \/>\n<span style=\"font-family: arial, helvetica, sans-serif; font-size: 12pt;\">Motorschiff <a href=\"https:\/\/berliner-dampfer.de\/?page_id=8687\" target=\"_blank\" rel=\"noopener\">Lichterfelde<\/a> \u2013 543 Personen<\/span><br \/>\n<span style=\"font-family: arial, helvetica, sans-serif; font-size: 12pt;\">Motorschiff <a href=\"https:\/\/berliner-dampfer.de\/?page_id=8646\" target=\"_blank\" rel=\"noopener\">Wilmersdorf<\/a> \u2013 543 Personen<\/span><\/p>\n<p style=\"text-align: justify;\"><span style=\"font-family: arial, helvetica, sans-serif; font-size: 12pt;\">Groggert 1988, Seite 248:<\/span><br \/>\n<span style=\"font-family: arial, helvetica, sans-serif; font-size: 12pt;\">Im Fr\u00fchjahr 1945 versank auch das Motorschiff \u201cLichterfelde\u201d der Stern und Kreisschiffahrt nach einem Bombentreffer oberhalb der Spandauer Schleuse.<\/span><\/p>\n<p style=\"text-align: justify;\"><span style=\"font-family: arial, helvetica, sans-serif; font-size: 12pt;\">Groggert 1988, Seite 255\/256, Nach dem II. Weltkrieg 1945:<\/span><br \/>\n<span style=\"font-family: arial, helvetica, sans-serif; font-size: 12pt;\">Das Motorschiff <strong>\u201cTempelhof\u201d<\/strong> und die Dampfer \u201cTheodor Fontane\u201d und \u201cWannsee\u201d hatten die Besatzungsbeh\u00f6rden sogleich nach Kriegsende in Betrieb genommen. Diese Schiffe haben ebenso wie das Motorschiff <a href=\"https:\/\/berliner-dampfer.de\/?page_id=8646\" target=\"_blank\" rel=\"noopener\">\u201cWilmersdorf\u201d<\/a>, die Dampfer \u201cWerner v. Siemens\u201d, <a href=\"https:\/\/berliner-dampfer.de\/?page_id=5702\" target=\"_blank\" rel=\"noopener\">\u201cGr\u00fcnau\u201d<\/a> und eine ganze Reihe von Fahrgastschiffen anderer Reeder die Gew\u00e4sser um Berlin im Sommer 1946 mit milit\u00e4rischer Besatzung endg\u00fcltig verlassen. Einspr\u00fcche und Gegenvorstellungen gegen die Beschlagnahme, die u. a. vom Verkehrswirtschaftlichen Beirat der Zentralverwaltung Verkehr und vom Betriebsrat der Stern und Kreisschiffahrt an die Generaldirektion Schiffahrt und an den Vorstand der <a href=\"https:\/\/de.wikipedia.org\/wiki\/Sozialistische_Einheitspartei_Deutschlands\" target=\"_blank\" rel=\"noopener\">Sozialistischen Einheitspartei<\/a> gerichtet waren, hatten keinen Erfolg. Sie wurden mit dem Hinweis auf die <a href=\"https:\/\/de.wikipedia.org\/wiki\/Potsdamer_Abkommen\" target=\"_blank\" rel=\"noopener\">Potsdamer Beschl\u00fcsse<\/a> und die von der deutschen Wehrmacht in der Sowjetunion angerichteten Sch\u00e4den zur\u00fcckgewiesen.<\/span><\/p>\n<\/td>\n<\/tr>\n<\/tbody>\n<\/table>\n<p>&nbsp;<\/p>\n<table style=\"border-collapse: collapse; width: 100%;\">\n<tbody>\n<tr>\n<td style=\"width: 100%; background-color: #cdcd00;\">\n<p style=\"text-align: justify;\"><span style=\"font-family: arial, helvetica, sans-serif; font-size: 12pt;\"><a href=\"https:\/\/berliner-dampfer.de\/?page_id=194\" target=\"_blank\" rel=\"noopener\">Trost, 1988<\/a>, Seite 38:<\/span><br \/>\n<span style=\"font-family: arial, helvetica, sans-serif; font-size: 12pt;\">\u201cDie Jahre von 1905 bis 1914:<\/span><br \/>\n<span style=\"font-family: arial, helvetica, sans-serif; font-size: 12pt;\">\u2026Wie gut die Fahrgastschiffahrt zu dieser Zeit florierte, mag man daran erkennen, da\u00df die Teltower Kreisschiffahrt zugleich 4 Neubauten in Auftrag gab. Diesmal waren es gr\u00f6\u00dfere Motorschiffe mit besonders g\u00fcnstiger Unterwasserform zur Verminderung von Sog- und Wellenbildung, denn sie sollten vor allem im Teltowkanal eingesetzt werden. Erbauer waren die Gebr\u00fcder Sachsenberg in Ro\u00dflau\/Elbe;<\/span><\/p>\n<p style=\"text-align: justify;\"><span style=\"font-family: arial, helvetica, sans-serif; font-size: 12pt;\">1913 lieferten sie die Schwesterschiffe NEUK\u00d6LLN und <strong>TEMPELHOF<\/strong> unter Bau-Nr. 710 und 711, je 30,00 m lang und 5,40 m breit, die einen Leertiefgang von nur 65 cm hatten. Als Antrieb kamen je 2 Benzinmotoren mit einer Leistung von von 2x50PSe zum Einbau. NEUK\u00d6LLN war f\u00fcr 543 Personen, <strong>TEMPELHOF<\/strong> f\u00fcr 597 vermessen.; 1935 wurden die Otto-Motoren gegen Diesel-Motoren mit 2x75PSe Leistung ausgetauscht, NEUK\u00d6LLN hie\u00df von da ab LICHTERFELDE.<\/span><\/p>\n<p style=\"text-align: justify;\"><span style=\"font-family: arial, helvetica, sans-serif; font-size: 12pt;\">1914 folgten die Schwesterschiffe WILMERSDORF und TELTOW unter Bau-Nr. 727 und 728; als einzigen Unterschied besa\u00dfen diese Schiffe 3 Otto-Motoren je 40 PSe Leistung, die ebenfalls 1935 gegen 2 Diesel-Motoren mit 2x75PSe ausgewechselt wurden. WILMERSDORF fa\u00dfte 543, TELTOW 597 Personen. Bis auf <a href=\"https:\/\/berliner-dampfer.de\/?page_id=8646\" target=\"_blank\" rel=\"noopener\">WILMERSDORF<\/a>, das bei Kriegsende im Humboldthafen lag, mu\u00dften alle Schiffe an die UDSSR abgeliefert werden.<\/span><\/p>\n<p style=\"text-align: justify;\"><span style=\"font-family: arial, helvetica, sans-serif; font-size: 12pt;\">Trost, 1988, Seite 43:<\/span><br \/>\n<span style=\"font-family: arial, helvetica, sans-serif; font-size: 12pt;\">Nach dem zweiten Weltkrieg:<\/span><br \/>\n<span style=\"font-family: arial, helvetica, sans-serif; font-size: 12pt;\">Als Reparationen gingen 1945 auf die gro\u00dfe Reise in die UDSSR die\u2026..Motorschiffe\u2026\u2026<a href=\"https:\/\/berliner-dampfer.de\/?page_id=6247\" target=\"_blank\" rel=\"noopener\">KURMARK<\/a>, <a href=\"https:\/\/berliner-dampfer.de\/?page_id=6908\" target=\"_blank\" rel=\"noopener\">TELTOW<\/a>, <strong>TEMPELHOF<\/strong> und <a href=\"https:\/\/berliner-dampfer.de\/?page_id=8687\" target=\"_blank\" rel=\"noopener\">LICHTERFELDE<\/a>.<\/span><\/p>\n<p style=\"text-align: justify;\"><span style=\"font-family: arial, helvetica, sans-serif; font-size: 12pt;\">Im Schleppeinsatz oder als beschlagnahmte Schiffe durch die Wehrmacht gingen WANNSEE, STEGLITZ, ALT-GLINICKE, ADLERSHOF und die Motorschiffe METEOR und <a href=\"https:\/\/berliner-dampfer.de\/?page_id=8646\" target=\"_blank\" rel=\"noopener\">WILMERSDORF<\/a> verloren.<\/span><\/p>\n<\/td>\n<\/tr>\n<\/tbody>\n<\/table>\n<p>&nbsp;<\/p>\n<p>&nbsp;<\/p>\n<table style=\"border-collapse: collapse; width: 100%;\">\n<tbody>\n<tr>\n<td style=\"width: 100%; background-color: #ffff00;\">\n<p style=\"text-align: justify;\"><span style=\"font-family: arial, helvetica, sans-serif; font-size: 12pt;\">Groggert 1988, siehe oben: <\/span><\/p>\n<blockquote><p><span style=\"font-family: arial, helvetica, sans-serif; font-size: 12pt;\">Ein drittes gro\u00dfes Motorschiff diente als schwimmendes Strandcafe auf dem Kleinen Wannsee, das vierte blieb zun\u00e4chst g\u00e4nzlich ungenutzt.<\/span><\/p><\/blockquote>\n<p style=\"text-align: justify;\"><span style=\"font-family: arial, helvetica, sans-serif; font-size: 12pt;\">Gemeint sind wohl die <strong>Tempelhof<\/strong> <strong>und<\/strong> die <strong>Neuk\u00f6lln<\/strong>. Hier habe ich ein Foto von dem Strandcafe auf dem Kleinen Wannsee. Leider ist der Schiffsname durch die Cafe-Plane verdeckt so ist unklar ob es die <strong>Tempelhof<\/strong> <strong>oder<\/strong> die <strong>Neuk\u00f6lln<\/strong> ist. Gelaufen ist die Ansichtskarte am 09.09.1924.<\/span><\/p>\n<p style=\"text-align: justify;\"><span style=\"font-family: arial, helvetica, sans-serif; font-size: 12pt;\">Wirt des Cafes war Arthur Schulz. Scheinbar wurde dieses Schiff der Teltow-Klasse dann durch die Schonerbrigg <a href=\"https:\/\/forst-grunewald.de\/?page_id=9915\" target=\"_blank\" rel=\"noopener\">&#8222;Dorthea&#8220;<\/a> ersetzt. Auch hier war der Cafebetreiber zun\u00e4chst Arthur Schulz (<a href=\"https:\/\/forst-grunewald.de\/wp-content\/gallery\/wannsee-dorthea-brigg\/1927-brigg-dorthea-klein.jpg\" target=\"_blank\" rel=\"noopener\">Bild<\/a>).<\/span><\/p>\n<p><img loading=\"lazy\" decoding=\"async\" class=\"alignnone size-full wp-image-8747\" src=\"https:\/\/berliner-dampfer.de\/wp-content\/uploads\/2024\/11\/1924-09-09-IGEL-TELTOW-KLASSE-Strandcafe-Wannsee-TEMPELHOF-oder-NEUKOeLLN-klein.jpg\" alt=\"\" width=\"1200\" height=\"1090\" srcset=\"https:\/\/berliner-dampfer.de\/wp-content\/uploads\/2024\/11\/1924-09-09-IGEL-TELTOW-KLASSE-Strandcafe-Wannsee-TEMPELHOF-oder-NEUKOeLLN-klein.jpg 1200w, https:\/\/berliner-dampfer.de\/wp-content\/uploads\/2024\/11\/1924-09-09-IGEL-TELTOW-KLASSE-Strandcafe-Wannsee-TEMPELHOF-oder-NEUKOeLLN-klein-300x273.jpg 300w, https:\/\/berliner-dampfer.de\/wp-content\/uploads\/2024\/11\/1924-09-09-IGEL-TELTOW-KLASSE-Strandcafe-Wannsee-TEMPELHOF-oder-NEUKOeLLN-klein-1024x930.jpg 1024w, https:\/\/berliner-dampfer.de\/wp-content\/uploads\/2024\/11\/1924-09-09-IGEL-TELTOW-KLASSE-Strandcafe-Wannsee-TEMPELHOF-oder-NEUKOeLLN-klein-768x698.jpg 768w\" sizes=\"auto, (max-width: 1200px) 100vw, 1200px\" \/><\/td>\n<\/tr>\n<\/tbody>\n<\/table>\n<p>&nbsp;<\/p>\n<p>&nbsp;<\/p>\n<table style=\"border-collapse: collapse; width: 100%;\">\n<tbody>\n<tr>\n<td style=\"width: 100%; background-color: #ffff00;\"><span style=\"font-family: arial, helvetica, sans-serif; font-size: 12pt;\"><strong>&#8222;Tempelhof&#8220;<\/strong>. Ich vermute<strong> Juli-September 1934<\/strong>, da sich auf dem Schiff keine der sp\u00e4ter \u00fcblichen Hakenkreuzflaggen\/Wimpel befinden und auch niemand seine Hand zum Hitlergru\u00df erhebt (anders siehe unten auf dem Bild vom 28.05.1935). Nach dem Typschild &#8222;Stern und Kreisschiffahrt \/ MS Tempelhof \/ (5)97 Personen&#8220;). Die Fusion der beiden Gesellschaften &#8222;Spree-Havel-Dampfschiffahrt-Gesellschaft Stern&#8220; und &#8222;Teltower Kreisschiffahrt&#8220; zur <a href=\"https:\/\/de.wikipedia.org\/wiki\/Stern_und_Kreisschiffahrt\" target=\"_blank\" rel=\"noopener\">Stern und Kreisschiffahrt<\/a> fand im Juli 1934 statt.<br \/>\n<\/span><img loading=\"lazy\" decoding=\"async\" class=\"alignnone size-full wp-image-11522\" src=\"https:\/\/berliner-dampfer.de\/wp-content\/uploads\/2025\/01\/1934-ca-TEMPELHOF-Igel-Klasse-klein-a.jpg\" alt=\"\" width=\"1200\" height=\"796\" srcset=\"https:\/\/berliner-dampfer.de\/wp-content\/uploads\/2025\/01\/1934-ca-TEMPELHOF-Igel-Klasse-klein-a.jpg 1200w, https:\/\/berliner-dampfer.de\/wp-content\/uploads\/2025\/01\/1934-ca-TEMPELHOF-Igel-Klasse-klein-a-300x199.jpg 300w, https:\/\/berliner-dampfer.de\/wp-content\/uploads\/2025\/01\/1934-ca-TEMPELHOF-Igel-Klasse-klein-a-1024x679.jpg 1024w, https:\/\/berliner-dampfer.de\/wp-content\/uploads\/2025\/01\/1934-ca-TEMPELHOF-Igel-Klasse-klein-a-768x509.jpg 768w\" sizes=\"auto, (max-width: 1200px) 100vw, 1200px\" \/><img loading=\"lazy\" decoding=\"async\" class=\"alignnone size-full wp-image-11521\" src=\"https:\/\/berliner-dampfer.de\/wp-content\/uploads\/2025\/01\/1934-ca-TEMPELHOF-Igel-Klasse-klein.jpg\" alt=\"\" width=\"1200\" height=\"1665\" srcset=\"https:\/\/berliner-dampfer.de\/wp-content\/uploads\/2025\/01\/1934-ca-TEMPELHOF-Igel-Klasse-klein.jpg 1200w, https:\/\/berliner-dampfer.de\/wp-content\/uploads\/2025\/01\/1934-ca-TEMPELHOF-Igel-Klasse-klein-216x300.jpg 216w, https:\/\/berliner-dampfer.de\/wp-content\/uploads\/2025\/01\/1934-ca-TEMPELHOF-Igel-Klasse-klein-738x1024.jpg 738w, https:\/\/berliner-dampfer.de\/wp-content\/uploads\/2025\/01\/1934-ca-TEMPELHOF-Igel-Klasse-klein-768x1066.jpg 768w, https:\/\/berliner-dampfer.de\/wp-content\/uploads\/2025\/01\/1934-ca-TEMPELHOF-Igel-Klasse-klein-1107x1536.jpg 1107w\" sizes=\"auto, (max-width: 1200px) 100vw, 1200px\" \/><\/td>\n<\/tr>\n<\/tbody>\n<\/table>\n<p>&nbsp;<\/p>\n<p>&nbsp;<\/p>\n<p>&nbsp;<\/p>\n<p>&nbsp;<\/p>\n<table style=\"border-collapse: collapse; width: 100%;\">\n<tbody>\n<tr>\n<td style=\"width: 100%; background-color: #ffff00;\"><span style=\"font-family: arial, helvetica, sans-serif; font-size: 12pt;\">28. Mai 1935 Dampferfahrt nach <a href=\"https:\/\/de.wikipedia.org\/wiki\/R\u00fcdersdorf_bei_Berlin\" target=\"_blank\" rel=\"noopener\">Kalkberge R\u00fcdersdorf<\/a>.<\/span><\/p>\n<p><span style=\"font-family: arial, helvetica, sans-serif; font-size: 12pt;\">Ein Schiff der &#8222;Teltow.-Klasse&#8220;. Anhand des Datums 28.05.1935 und des &#8222;T&#8220; auf dem Rettungsgring vermute ich nicht die <a href=\"https:\/\/berliner-dampfer.de\/?page_id=6908\" target=\"_blank\" rel=\"noopener\">Elite I<\/a> oder <a href=\"https:\/\/berliner-dampfer.de\/?page_id=8646\" target=\"_blank\" rel=\"noopener\">Elite II<\/a>, sondern <strong>Tempelhof<\/strong> oder <a href=\"https:\/\/berliner-dampfer.de\/?page_id=8687\" target=\"_blank\" rel=\"noopener\">Neuk\u00f6lln\/Lichterfelde<\/a>.<\/span><\/p>\n<p><img loading=\"lazy\" decoding=\"async\" class=\"alignnone size-full wp-image-8698\" src=\"https:\/\/berliner-dampfer.de\/wp-content\/uploads\/2024\/11\/1935-05-28-Teltow-Klasse-Dampferfahrt-nach-Kalberge-Ruedersdorf-klein.jpg\" alt=\"\" width=\"1200\" height=\"1751\" srcset=\"https:\/\/berliner-dampfer.de\/wp-content\/uploads\/2024\/11\/1935-05-28-Teltow-Klasse-Dampferfahrt-nach-Kalberge-Ruedersdorf-klein.jpg 1200w, https:\/\/berliner-dampfer.de\/wp-content\/uploads\/2024\/11\/1935-05-28-Teltow-Klasse-Dampferfahrt-nach-Kalberge-Ruedersdorf-klein-206x300.jpg 206w, https:\/\/berliner-dampfer.de\/wp-content\/uploads\/2024\/11\/1935-05-28-Teltow-Klasse-Dampferfahrt-nach-Kalberge-Ruedersdorf-klein-702x1024.jpg 702w, https:\/\/berliner-dampfer.de\/wp-content\/uploads\/2024\/11\/1935-05-28-Teltow-Klasse-Dampferfahrt-nach-Kalberge-Ruedersdorf-klein-768x1121.jpg 768w, https:\/\/berliner-dampfer.de\/wp-content\/uploads\/2024\/11\/1935-05-28-Teltow-Klasse-Dampferfahrt-nach-Kalberge-Ruedersdorf-klein-1053x1536.jpg 1053w\" sizes=\"auto, (max-width: 1200px) 100vw, 1200px\" \/><\/p>\n<p>&nbsp;<\/td>\n<\/tr>\n<\/tbody>\n<\/table>\n<p>&nbsp;<\/p>\n<p>&nbsp;<\/p>\n<p>&nbsp;<\/p>\n<p>&nbsp;<\/p>\n<p>&nbsp;<\/p>\n<p>&nbsp;<\/p>\n<p>&nbsp;<\/p>\n<p>&nbsp;<\/p>\n<p>&nbsp;<\/p>\n<p>&nbsp;<\/p>\n<p><span style=\"text-decoration: underline;\"><span style=\"font-family: arial, helvetica, sans-serif; font-size: 12pt;\">Zuletzt bearbeitet 24.11.2024 <\/span><\/span><\/p>\n","protected":false},"excerpt":{"rendered":"<p>1913 Tempelhof &#8211; 1945\/46 als Reparation in die Sowjetunion. &nbsp;__________ Berliner Dampfer: Teltow-Klasse &nbsp; Groggert 1988, Seite 154\/155: Ein Preisausschreiben, dass der Kreis Teltow 1910&hellip;<\/p>\n","protected":false},"author":1,"featured_media":0,"parent":0,"menu_order":0,"comment_status":"closed","ping_status":"closed","template":"","meta":{"ngg_post_thumbnail":0,"iawp_total_views":49,"footnotes":""},"class_list":["post-8682","page","type-page","status-publish","hentry"],"_links":{"self":[{"href":"https:\/\/berliner-dampfer.de\/index.php?rest_route=\/wp\/v2\/pages\/8682","targetHints":{"allow":["GET"]}}],"collection":[{"href":"https:\/\/berliner-dampfer.de\/index.php?rest_route=\/wp\/v2\/pages"}],"about":[{"href":"https:\/\/berliner-dampfer.de\/index.php?rest_route=\/wp\/v2\/types\/page"}],"author":[{"embeddable":true,"href":"https:\/\/berliner-dampfer.de\/index.php?rest_route=\/wp\/v2\/users\/1"}],"replies":[{"embeddable":true,"href":"https:\/\/berliner-dampfer.de\/index.php?rest_route=%2Fwp%2Fv2%2Fcomments&post=8682"}],"version-history":[{"count":28,"href":"https:\/\/berliner-dampfer.de\/index.php?rest_route=\/wp\/v2\/pages\/8682\/revisions"}],"predecessor-version":[{"id":12213,"href":"https:\/\/berliner-dampfer.de\/index.php?rest_route=\/wp\/v2\/pages\/8682\/revisions\/12213"}],"wp:attachment":[{"href":"https:\/\/berliner-dampfer.de\/index.php?rest_route=%2Fwp%2Fv2%2Fmedia&parent=8682"}],"curies":[{"name":"wp","href":"https:\/\/api.w.org\/{rel}","templated":true}]}}