{"id":8985,"date":"2024-12-01T18:27:42","date_gmt":"2024-12-01T17:27:42","guid":{"rendered":"https:\/\/berliner-dampfer.de\/?page_id=8985"},"modified":"2025-02-16T19:35:40","modified_gmt":"2025-02-16T18:35:40","slug":"meteor","status":"publish","type":"page","link":"https:\/\/berliner-dampfer.de\/?page_id=8985","title":{"rendered":"Meteor"},"content":{"rendered":"<table style=\"border-collapse: collapse; width: 100%;\">\n<tbody>\n<tr>\n<td style=\"width: 100%; background-color: #ffff00;\"><span style=\"font-family: arial, helvetica, sans-serif; font-size: 12pt;\"><span style=\"font-size: 10pt;\">1927<\/span> <b>Wolfgang<\/b> } <span style=\"font-size: 10pt;\">1961<\/span> <b>Schlesien<\/b> } <span style=\"font-size: 10pt;\">1970<\/span> <b>Meteor<\/b> &#8211; <span style=\"font-size: 10pt;\">1984<\/span> verschrottet<\/span><\/p>\n<p><span style=\"font-family: arial, helvetica, sans-serif; font-size: 12pt;\">Wikipedia: <a href=\"https:\/\/de.wikipedia.org\/wiki\/Meteor_(Schiff,_1927)\" target=\"_blank\" rel=\"noopener\">Meteor (Schiff, 1927)<\/a><\/span><\/p>\n<p><span style=\"font-family: arial, helvetica, sans-serif; font-size: 12pt;\"><a href=\"https:\/\/www.ddr-binnenschifffahrt.de\/db_verlauf.php?schiffId=4003081\" target=\"_blank\" rel=\"noopener\">Schiffshistorie<\/a> in der Datenbank von Uwe Giesler \/ www.ddr-binnenschifffahrt.de.<\/span><\/td>\n<\/tr>\n<\/tbody>\n<\/table>\n<p>&nbsp;<\/p>\n<table style=\"border-collapse: collapse; width: 100%;\">\n<tbody>\n<tr>\n<td style=\"width: 100%; background-color: #ffd700; text-align: justify;\"><span style=\"font-family: arial, helvetica, sans-serif; font-size: 12pt;\"><a href=\"https:\/\/berliner-dampfer.de\/?page_id=194\" target=\"_blank\" rel=\"noopener\">Groggert 1988<\/a>, Seite 191:<\/span><br \/>\n<span style=\"font-family: arial, helvetica, sans-serif; font-size: 12pt;\">Kurt Hinze, Erkner, K\u00f6nigstra\u00dfe 27,<br \/>\nerwarb 1930 das 1927 von Ertel, Woltersdorf, gebaute Motorschiff \u201c<b>Wolfgang<\/b>\u201d von Hermann Zimmermann, Woltersdorf. Das Schiff, ein viertes Schwesterschiff der drei Motorschiffe der Reederei Hartwig, trug den Namen von Zimmermanns Enkel. \u201c<b>Wolfgang<\/b>\u201d ist zweimal umgebaut worden und erhielt nach dem Kriege, als die Reederei Hinze zum <a href=\"https:\/\/de.wikipedia.org\/wiki\/Hallesches_Tor\" target=\"_blank\" rel=\"noopener\">Halleschen Tor<\/a> \u00fcbergesiedelt war, den Namen \u201c<b>Schlesien<\/b>\u201d. Zuletzt hie\u00df das Schiff bei der Stern und Kreisschiffahrt \u201c<b>Meteor<\/b>\u201d.<\/span><\/p>\n<p style=\"text-align: justify;\"><span style=\"font-family: arial, helvetica, sans-serif; font-size: 12pt;\">Groggert 1988, Seiten 276:<\/span><br \/>\n<span style=\"font-family: arial, helvetica, sans-serif; font-size: 12pt;\">Die Reederei Kurt Hinze, die am 15. Mai 1953 mit ihrem Motorschiff \u201c<b>Wolfgang<\/b>\u201d und der Motorschutte <a href=\"https:\/\/berliner-dampfer.de\/?page_id=2805\" target=\"_blank\" rel=\"noopener\">\u201cHavel\u201d<\/a> durch die obere Schleuse auf den Landwehrkanal und damit in den westlichen Teil der Stadt gekommen war,&#8230;<\/span><\/p>\n<p style=\"text-align: justify;\"><span style=\"font-family: arial, helvetica, sans-serif; font-size: 12pt;\">Groggert 1988, Seite 288:<\/span><br \/>\n<span style=\"font-family: arial, helvetica, sans-serif; font-size: 12pt;\">Aus dem 1927 bei Ertel in Woltersdorf gebauten Motorschiff \u201c<b>Wolfgang<\/b>\u201d entstand 1961 durch Umbau das 28,28 m lange, <\/span><span style=\"font-family: arial, helvetica, sans-serif; font-size: 12pt;\">5,12 m breite Motorschiff \u201c<b>Schlesien<\/b>\u201d. Der Name sollte an die Heimat der Mutter des Eigent\u00fcmers erinnern. Wolfgang hie\u00df der Enkel des ersten Eigent\u00fcmers Zimmermann, der das Motorschiff 1930 an Hinze verkauft hatte. <span style=\"text-decoration: underline;\">1970<\/span> kam die \u201c<b>Schlesien<\/b>\u201d in den Besitz der Stern und Kreisschiffahrt, die sie in \u201c<b>Meteor<\/b>\u201d umtaufte und im Linienverkehr auf der Unterhavel einsetzte. 1978 wurde sie aus dem Betrieb genommen und <span style=\"text-decoration: underline;\">1984<\/span> in Zehlendorf verschrottet.<\/span><\/p>\n<p style=\"text-align: justify;\"><span style=\"font-family: arial, helvetica, sans-serif; font-size: 12pt;\"><a href=\"https:\/\/berliner-dampfer.de\/?page_id=194\" target=\"_blank\" rel=\"noopener\">Groggert 1979<\/a>, Seite 87:<\/span><br \/>\n<span style=\"font-family: arial, helvetica, sans-serif; font-size: 12pt;\">Aber zur\u00fcck nach Berlin! Au\u00dfer den Fahrgastschiffen der goldenen zwanziger Jahre, die wir auf den vorgenannten Seiten kennengelernt haben, w\u00e4ren noch besonders erw\u00e4hnenswert: die \u201c<b>Meteor<\/b>\u201d der \u201cStern- und Kreisschiffahrt\u201d, vorher lange bereedert von Kurt Hinze unter dem Namen \u201c<b>Schlesien<\/b>\u201d. Dieses Schiff entstand 1927 auf der Werft von Otto Ertel in Kalkberge als \u201c<b>Wolfgang<\/b>\u201d. Nach Verl\u00e4ngerung und Verbreiterung durch die Werft Wiese in Spandau im Jahr 1961 erhielt die heutige \u201cMeteor\u201d folgende Ma\u00dfe: L\u00e4nge 28,28 m, Breite 5,47 m, Fassungsverm\u00f6gen 300 Personen. Zum Antrieb dient ein 125 PS Deutz-Diesel.<\/span><\/p>\n<p style=\"text-align: justify;\"><span style=\"font-family: arial, helvetica, sans-serif; font-size: 12pt;\">Groggert 1979, Seite 106:<\/span><br \/>\n<span style=\"font-family: arial, helvetica, sans-serif; font-size: 12pt;\">MS. \u201c<b>Meteor<\/b>\u201d ging im Juli 1971 in den Besitz der \u201cStern- und Kreisschiffahrt\u201d \u00fcber. Unter seinem fr\u00fcheren Besitzer, der das Schiff 1961 bei der Wiese-Werft verl\u00e4ngern und verbreitern lie\u00df, hie\u00df es \u201c<b>Schlesien<\/b>\u201d. Gebaut wurde die 240 Personen fassende \u201c<b>Meteor<\/b>\u201d 1927 bei der Werft Otto Ertel in R\u00fcdersdorf\/Kalkberge unter dem Namen \u201c<b>Wolfgang<\/b>\u201d.<\/span><\/p>\n<\/td>\n<\/tr>\n<\/tbody>\n<\/table>\n<p>&nbsp;<\/p>\n<p>&nbsp;<\/p>\n<p>&nbsp;<\/p>\n<p><img loading=\"lazy\" decoding=\"async\" class=\"alignnone size-full wp-image-8993\" src=\"https:\/\/berliner-dampfer.de\/wp-content\/uploads\/2024\/12\/19xx-Wolfgang-Groggert-1988-Seite-195.jpg\" alt=\"\" width=\"1000\" height=\"625\" srcset=\"https:\/\/berliner-dampfer.de\/wp-content\/uploads\/2024\/12\/19xx-Wolfgang-Groggert-1988-Seite-195.jpg 1000w, https:\/\/berliner-dampfer.de\/wp-content\/uploads\/2024\/12\/19xx-Wolfgang-Groggert-1988-Seite-195-300x188.jpg 300w, https:\/\/berliner-dampfer.de\/wp-content\/uploads\/2024\/12\/19xx-Wolfgang-Groggert-1988-Seite-195-768x480.jpg 768w\" sizes=\"auto, (max-width: 1000px) 100vw, 1000px\" \/><\/p>\n<p>&nbsp;<\/p>\n<p>&nbsp;<\/p>\n<table style=\"border-collapse: collapse; width: 100%;\">\n<tbody>\n<tr>\n<td style=\"width: 100%; background-color: #ffff00;\"><span style=\"font-family: arial, helvetica, sans-serif; font-size: 12pt;\">&#8222;Wolfgang&#8220;, Schiffskennung <a href=\"https:\/\/www.ddr-binnenschifffahrt.de\/db_detail.php?id=40030814\" target=\"_blank\" rel=\"noopener\">&#8222;3-081&#8220;<\/a> an der Dampferanlegestelle in <a href=\"https:\/\/de.wikipedia.org\/wiki\/Prieros\" target=\"_blank\" rel=\"noopener\">Prieros<\/a>\/Mark.<\/span><\/p>\n<p><img loading=\"lazy\" decoding=\"async\" class=\"alignnone size-full wp-image-12817\" src=\"https:\/\/berliner-dampfer.de\/wp-content\/uploads\/2025\/02\/1952-ca-Wolfgang-3-081-klein.jpg\" alt=\"\" width=\"1200\" height=\"969\" srcset=\"https:\/\/berliner-dampfer.de\/wp-content\/uploads\/2025\/02\/1952-ca-Wolfgang-3-081-klein.jpg 1200w, https:\/\/berliner-dampfer.de\/wp-content\/uploads\/2025\/02\/1952-ca-Wolfgang-3-081-klein-300x242.jpg 300w, https:\/\/berliner-dampfer.de\/wp-content\/uploads\/2025\/02\/1952-ca-Wolfgang-3-081-klein-1024x827.jpg 1024w, https:\/\/berliner-dampfer.de\/wp-content\/uploads\/2025\/02\/1952-ca-Wolfgang-3-081-klein-768x620.jpg 768w\" sizes=\"auto, (max-width: 1200px) 100vw, 1200px\" \/><\/td>\n<\/tr>\n<\/tbody>\n<\/table>\n<p>&nbsp;<\/p>\n<p>&nbsp;<\/p>\n<table style=\"border-collapse: collapse; width: 100%;\">\n<tbody>\n<tr>\n<td style=\"width: 100%; background-color: #ffff00;\"><span style=\"font-family: arial, helvetica, sans-serif; font-size: 12pt;\">&#8222;Wolfgang&#8220; am <a href=\"https:\/\/de.wikipedia.org\/wiki\/Hallesches_Tor\" target=\"_blank\" rel=\"noopener\">Halleschen Tor<\/a> in West-Berlin.<\/span><\/p>\n<p><img loading=\"lazy\" decoding=\"async\" class=\"alignnone size-full wp-image-8996\" src=\"https:\/\/berliner-dampfer.de\/wp-content\/uploads\/2024\/12\/1948-ca-Wolfgang-a-klein.jpg\" alt=\"\" width=\"1200\" height=\"791\" srcset=\"https:\/\/berliner-dampfer.de\/wp-content\/uploads\/2024\/12\/1948-ca-Wolfgang-a-klein.jpg 1200w, https:\/\/berliner-dampfer.de\/wp-content\/uploads\/2024\/12\/1948-ca-Wolfgang-a-klein-300x198.jpg 300w, https:\/\/berliner-dampfer.de\/wp-content\/uploads\/2024\/12\/1948-ca-Wolfgang-a-klein-1024x675.jpg 1024w, https:\/\/berliner-dampfer.de\/wp-content\/uploads\/2024\/12\/1948-ca-Wolfgang-a-klein-768x506.jpg 768w\" sizes=\"auto, (max-width: 1200px) 100vw, 1200px\" \/><\/p>\n<p><img loading=\"lazy\" decoding=\"async\" class=\"alignnone size-full wp-image-9732\" src=\"https:\/\/berliner-dampfer.de\/wp-content\/uploads\/2024\/12\/1955-01-13-Wolfgang-und-Wohnschiff-Hallesches-Tor-Gedenkbibliothek-klein.jpg\" alt=\"\" width=\"1200\" height=\"1045\" srcset=\"https:\/\/berliner-dampfer.de\/wp-content\/uploads\/2024\/12\/1955-01-13-Wolfgang-und-Wohnschiff-Hallesches-Tor-Gedenkbibliothek-klein.jpg 1200w, https:\/\/berliner-dampfer.de\/wp-content\/uploads\/2024\/12\/1955-01-13-Wolfgang-und-Wohnschiff-Hallesches-Tor-Gedenkbibliothek-klein-300x261.jpg 300w, https:\/\/berliner-dampfer.de\/wp-content\/uploads\/2024\/12\/1955-01-13-Wolfgang-und-Wohnschiff-Hallesches-Tor-Gedenkbibliothek-klein-1024x892.jpg 1024w, https:\/\/berliner-dampfer.de\/wp-content\/uploads\/2024\/12\/1955-01-13-Wolfgang-und-Wohnschiff-Hallesches-Tor-Gedenkbibliothek-klein-768x669.jpg 768w\" sizes=\"auto, (max-width: 1200px) 100vw, 1200px\" \/><\/td>\n<\/tr>\n<\/tbody>\n<\/table>\n<p>&nbsp;<\/p>\n<p>&nbsp;<\/p>\n<p>&nbsp;<\/p>\n<p>&nbsp;<\/p>\n<table style=\"border-collapse: collapse; width: 100%;\">\n<tbody>\n<tr>\n<td style=\"width: 100%; background-color: #ffff00;\"><span style=\"font-family: arial, helvetica, sans-serif; font-size: 12pt;\"><strong>&#8222;Schlesien&#8220;<\/strong> (ex &#8222;Wolfgang&#8220;) nach dem zweiten Umbau am <a href=\"https:\/\/de.wikipedia.org\/wiki\/Hallesches_Tor\" target=\"_blank\" rel=\"noopener\">Halleschen Tor<\/a> in West-Berlin.<\/span><\/p>\n<p><img loading=\"lazy\" decoding=\"async\" class=\"alignnone size-full wp-image-12820\" src=\"https:\/\/berliner-dampfer.de\/wp-content\/uploads\/2025\/02\/1965-ca-Schlesien-Roskowetz-a.jpg\" alt=\"\" width=\"995\" height=\"800\" srcset=\"https:\/\/berliner-dampfer.de\/wp-content\/uploads\/2025\/02\/1965-ca-Schlesien-Roskowetz-a.jpg 995w, https:\/\/berliner-dampfer.de\/wp-content\/uploads\/2025\/02\/1965-ca-Schlesien-Roskowetz-a-300x241.jpg 300w, https:\/\/berliner-dampfer.de\/wp-content\/uploads\/2025\/02\/1965-ca-Schlesien-Roskowetz-a-768x617.jpg 768w\" sizes=\"auto, (max-width: 995px) 100vw, 995px\" \/><\/p>\n<p><img loading=\"lazy\" decoding=\"async\" class=\"alignnone wp-image-12821 size-full\" src=\"https:\/\/berliner-dampfer.de\/wp-content\/uploads\/2025\/02\/1965-ca-Schlesien-Roskowetz-a-klein.jpg\" alt=\"\" width=\"1200\" height=\"675\" srcset=\"https:\/\/berliner-dampfer.de\/wp-content\/uploads\/2025\/02\/1965-ca-Schlesien-Roskowetz-a-klein.jpg 1200w, https:\/\/berliner-dampfer.de\/wp-content\/uploads\/2025\/02\/1965-ca-Schlesien-Roskowetz-a-klein-300x169.jpg 300w, https:\/\/berliner-dampfer.de\/wp-content\/uploads\/2025\/02\/1965-ca-Schlesien-Roskowetz-a-klein-1024x576.jpg 1024w, https:\/\/berliner-dampfer.de\/wp-content\/uploads\/2025\/02\/1965-ca-Schlesien-Roskowetz-a-klein-768x432.jpg 768w\" sizes=\"auto, (max-width: 1200px) 100vw, 1200px\" \/><\/td>\n<\/tr>\n<\/tbody>\n<\/table>\n<p>&nbsp;<\/p>\n<p>&nbsp;<\/p>\n<p>&nbsp;<\/p>\n<p>&nbsp;<\/p>\n<p>&nbsp;<\/p>\n<p><span style=\"text-decoration: underline;\"><span style=\"font-family: arial, helvetica, sans-serif; font-size: 12pt;\">Zuletzt bearbeitet 16.02.2025<\/span><\/span><\/p>\n","protected":false},"excerpt":{"rendered":"<p>1927 Wolfgang } 1961 Schlesien } 1970 Meteor &#8211; 1984 verschrottet Wikipedia: Meteor (Schiff, 1927) Schiffshistorie in der Datenbank von Uwe Giesler \/ www.ddr-binnenschifffahrt.de. &nbsp;&hellip;<\/p>\n","protected":false},"author":1,"featured_media":0,"parent":0,"menu_order":0,"comment_status":"closed","ping_status":"closed","template":"","meta":{"ngg_post_thumbnail":0,"iawp_total_views":17,"footnotes":""},"class_list":["post-8985","page","type-page","status-publish","hentry"],"_links":{"self":[{"href":"https:\/\/berliner-dampfer.de\/index.php?rest_route=\/wp\/v2\/pages\/8985","targetHints":{"allow":["GET"]}}],"collection":[{"href":"https:\/\/berliner-dampfer.de\/index.php?rest_route=\/wp\/v2\/pages"}],"about":[{"href":"https:\/\/berliner-dampfer.de\/index.php?rest_route=\/wp\/v2\/types\/page"}],"author":[{"embeddable":true,"href":"https:\/\/berliner-dampfer.de\/index.php?rest_route=\/wp\/v2\/users\/1"}],"replies":[{"embeddable":true,"href":"https:\/\/berliner-dampfer.de\/index.php?rest_route=%2Fwp%2Fv2%2Fcomments&post=8985"}],"version-history":[{"count":26,"href":"https:\/\/berliner-dampfer.de\/index.php?rest_route=\/wp\/v2\/pages\/8985\/revisions"}],"predecessor-version":[{"id":12828,"href":"https:\/\/berliner-dampfer.de\/index.php?rest_route=\/wp\/v2\/pages\/8985\/revisions\/12828"}],"wp:attachment":[{"href":"https:\/\/berliner-dampfer.de\/index.php?rest_route=%2Fwp%2Fv2%2Fmedia&parent=8985"}],"curies":[{"name":"wp","href":"https:\/\/api.w.org\/{rel}","templated":true}]}}