{"id":9680,"date":"2024-12-20T19:56:37","date_gmt":"2024-12-20T18:56:37","guid":{"rendered":"https:\/\/berliner-dampfer.de\/?page_id=9680"},"modified":"2024-12-25T20:13:15","modified_gmt":"2024-12-25T19:13:15","slug":"jupiter","status":"publish","type":"page","link":"https:\/\/berliner-dampfer.de\/?page_id=9680","title":{"rendered":"Jupiter (1957)"},"content":{"rendered":"<table style=\"border-collapse: collapse; width: 100%;\">\n<tbody>\n<tr>\n<td style=\"width: 100%; background-color: #ffff00;\"><span style=\"font-family: arial, helvetica, sans-serif; font-size: 12pt;\"><span style=\"font-size: 10pt;\">1957<\/span> <strong>Jupiter&nbsp;&nbsp; <\/strong><\/span><\/p>\n<p><span style=\"font-family: arial, helvetica, sans-serif; font-size: 12pt;\">Binnenschifferforum: <a href=\"https:\/\/www.binnenschifferforum.de\/showthread.php?78774-Jupiter-FGS\" target=\"_blank\" rel=\"noopener\">Jupiter<\/a><\/span>&nbsp;<\/p>\n<p><span style=\"font-family: arial, helvetica, sans-serif; font-size: 12pt;\">Wikipedia: <a href=\"https:\/\/de.wikipedia.org\/wiki\/Jupiter_(Schiff,_1957)\" target=\"_blank\" rel=\"noopener\">Jupiter (Schiff, 1957)<\/a>&nbsp; <\/span><\/td>\n<\/tr>\n<\/tbody>\n<\/table>\n<p>&nbsp;<\/p>\n<table style=\"border-collapse: collapse; width: 100%;\">\n<tbody>\n<tr>\n<td style=\"width: 100%; background-color: #ffd700;\">\n<p style=\"text-align: justify;\"><span style=\"font-family: arial, helvetica, sans-serif; font-size: 12pt;\"><a href=\"https:\/\/berliner-dampfer.de\/?page_id=194\" target=\"_blank\" rel=\"noopener\">Groggert 1988<\/a>, Seite 279:<\/span><br \/>\n<span style=\"font-family: arial, helvetica, sans-serif; font-size: 12pt;\">Der zweite Neubau der Stern und Kreisschiffahrt im Jahre 1957, den die Sekret\u00e4rin Frau Dittberner am 14. August auf den Namen <strong>&#8222;Jupiter&#8220;<\/strong> taufte, war allerdings wesentlich kleiner als das Motorschiff <a href=\"https:\/\/berliner-dampfer.de\/?page_id=2701\" target=\"_blank\" rel=\"noopener\">&#8222;Ernst Reuter&#8220;<\/a> und von einem f\u00fcr Berlin ungew\u00f6hnlichen Typ. Das 25,20 m lange, 5,30 breite, h\u00f6chstens 140 Personen fassende Fahrzeug verkehrte haupts\u00e4hlich auf der br\u00fcckenlosen Unterhavel, war aber auf Anregung der damaligen Leiterin des st\u00e4dtischen Verkehrsamtes, der an werbewirksamen Attraktionen f\u00fcr Berlin-Besucher gelegen sein mu\u00dfte, als flaches Grachtenboot konstruiert, wie es in Amsterdamm wegen der geringen Durchfahrth\u00f6he der Br\u00fccken ben\u00f6tigt wird.<\/span><\/p>\n<p style=\"text-align: justify;\"><span style=\"font-family: arial, helvetica, sans-serif; font-size: 12pt;\"><strong>&#8222;Jupiter&#8220;<\/strong> hatte Rundsichtfenster und ein Schiebdach. Das Innere des Eindeckers \u00e4hnelte in der Anordnung der Sitze dem Innern eines Reisebusses. Den Bootsk\u00f6rper hatte die <a href=\"https:\/\/de.wikipedia.org\/wiki\/Teltow-Werft\" target=\"_blank\" rel=\"noopener\">Teltow-Werft<\/a> hergestellt, die Aufbauten stammten von der <a href=\"https:\/\/de.wikipedia.org\/wiki\/Buhne_(Auto)\" target=\"_blank\" rel=\"noopener\">Karosseriefabrik Buhne<\/a>.<br \/>\n<\/span><\/p>\n<p style=\"text-align: justify;\"><span style=\"font-family: arial, helvetica, sans-serif; font-size: 12pt;\">Die Presse bezeichnete die <strong>&#8222;Jupiter&#8220;<\/strong>, deren Fahrer wie bei Alsterdampfern oder Autos ganz vorne sa\u00df, als &#8222;Wasserschnellbus&#8220; oder &#8222;Havelbus&#8220; in Verkennung der Tatsache, da\u00df es gerade auf eine hohe Fahrgeschwindigkeit in der Personenschiffahrt auf Spree und Havel bisher nicht angekommen war.<\/span><\/p>\n<p style=\"text-align: justify;\"><span style=\"font-family: arial, helvetica, sans-serif; font-size: 12pt;\">Die Berliner, die schon den Fahrer eines der damals kleinen <a href=\"https:\/\/de.wikipedia.org\/wiki\/Rollermobil\" target=\"_blank\" rel=\"noopener\">Kabinenroller<\/a> wegen der engen Plexiglashaube als &#8222;Mann in Aspik&#8220; bezeichneten, nannten das Motorschiff <strong>&#8222;Jupiter&#8220;<\/strong> wegen seines vollst\u00e4ndig verglasten Innenraums &#8222;Menschen in Gelee&#8220;.<\/span><\/p>\n<p style=\"text-align: justify;\"><span style=\"font-family: arial, helvetica, sans-serif; font-size: 12pt;\">Auch dieses Schiff war nicht dazu bestimmt, eine innerst\u00e4dtische &#8222;Wasseromnibus&#8220;-Verbindung einzurichten, wie sie die Presse Ausgang des 19. Jahrhunderts immer wieder angeregt hatte. Es hatte auch keine vergleichbaren Vorl\u00e4ufer in Berlin und nur einen &#8211; wesentlich kleineren &#8211; Nachfolger, die von der <a href=\"https:\/\/forst-grunewald.de\/?page_id=6339\" target=\"_blank\" rel=\"noopener\">Lanke-Werft<\/a> 1964 f\u00fcr die Berliner B\u00e4ren Stadtrundfahrt gebaute 19,5&nbsp; lange, 4,36 m breite &#8222;Sanssouci&#8220;. Beide Schiffe sind inzwischen l\u00e4ngst aus Berlin verschwunden.<\/span><\/p>\n<p><span style=\"font-family: arial, helvetica, sans-serif; font-size: 12pt;\"><strong>&#8222;Jupiter&#8220;<\/strong> ging im November 1978 nach Friedrichstadt in Holstein zu der Personenschiffahrt G\u00fcnther Schr\u00f6der, und es erscheint bemerkenswert, da\u00df in dieser urspr\u00e4nglich holl\u00e4ndischen Ansiedlung an der Trene die inzwischen verbrauchten Aufbauten der &#8222;Jupiter&#8220; entfernt und aus dem Grachtenboot ein Doppeldecker gemacht wurde.<\/span><\/p>\n<p><span style=\"font-family: arial, helvetica, sans-serif; font-size: 12pt;\">1957 sollte mit <strong>&#8222;Jupiter&#8220;<\/strong> den fahrg\u00e4sten und besonders den Besuchern der Stadt etwas Neues, Originelles geboten werden. Die Personenschiffahrt begann, sich ganz allm\u00e4hlich auf den Fremdenverkehr einzustellen.<\/span><\/p>\n<p><span style=\"font-family: arial, helvetica, sans-serif; font-size: 12pt;\">Groggert 1988, Seite 305:<\/span><br \/>\n<span style=\"font-family: arial, helvetica, sans-serif; font-size: 12pt;\">Auch das Motorschiff <strong>&#8222;Jupiter&#8220;<\/strong> lag mehrere Jahre lang unt\u00e4tig auf der Teltow-Werft, bevor es die Reederei Schr\u00f6der in Friedrichstadt, Schleswig-Holstein, im November 1978 \u00fcbernahm.<\/span><\/td>\n<\/tr>\n<\/tbody>\n<\/table>\n<p>&nbsp;<\/p>\n<p>&nbsp;<\/p>\n<p><img loading=\"lazy\" decoding=\"async\" class=\"alignnone size-full wp-image-9707\" src=\"https:\/\/berliner-dampfer.de\/wp-content\/uploads\/2024\/12\/1957-JUPITER-Groggert-1988-Seite-280-1200.jpg\" alt=\"\" width=\"1200\" height=\"690\" srcset=\"https:\/\/berliner-dampfer.de\/wp-content\/uploads\/2024\/12\/1957-JUPITER-Groggert-1988-Seite-280-1200.jpg 1200w, https:\/\/berliner-dampfer.de\/wp-content\/uploads\/2024\/12\/1957-JUPITER-Groggert-1988-Seite-280-1200-300x173.jpg 300w, https:\/\/berliner-dampfer.de\/wp-content\/uploads\/2024\/12\/1957-JUPITER-Groggert-1988-Seite-280-1200-1024x589.jpg 1024w, https:\/\/berliner-dampfer.de\/wp-content\/uploads\/2024\/12\/1957-JUPITER-Groggert-1988-Seite-280-1200-768x442.jpg 768w\" sizes=\"auto, (max-width: 1200px) 100vw, 1200px\" \/><\/p>\n<p>&nbsp;<\/p>\n<p>&nbsp;<\/p>\n<p><img loading=\"lazy\" decoding=\"async\" class=\"alignnone size-full wp-image-9708\" src=\"https:\/\/berliner-dampfer.de\/wp-content\/uploads\/2024\/12\/1963-08-14-Jupiter-klein.jpg\" alt=\"\" width=\"1200\" height=\"1062\" srcset=\"https:\/\/berliner-dampfer.de\/wp-content\/uploads\/2024\/12\/1963-08-14-Jupiter-klein.jpg 1200w, https:\/\/berliner-dampfer.de\/wp-content\/uploads\/2024\/12\/1963-08-14-Jupiter-klein-300x266.jpg 300w, https:\/\/berliner-dampfer.de\/wp-content\/uploads\/2024\/12\/1963-08-14-Jupiter-klein-1024x906.jpg 1024w, https:\/\/berliner-dampfer.de\/wp-content\/uploads\/2024\/12\/1963-08-14-Jupiter-klein-768x680.jpg 768w\" sizes=\"auto, (max-width: 1200px) 100vw, 1200px\" \/><\/p>\n<p>&nbsp;<\/p>\n<p>&nbsp;<\/p>\n<p><img loading=\"lazy\" decoding=\"async\" class=\"alignnone size-full wp-image-9709\" src=\"https:\/\/berliner-dampfer.de\/wp-content\/uploads\/2024\/12\/1982-JUPITER-Groggert-1988-Seite-280-1200.jpg\" alt=\"\" width=\"1200\" height=\"693\" srcset=\"https:\/\/berliner-dampfer.de\/wp-content\/uploads\/2024\/12\/1982-JUPITER-Groggert-1988-Seite-280-1200.jpg 1200w, https:\/\/berliner-dampfer.de\/wp-content\/uploads\/2024\/12\/1982-JUPITER-Groggert-1988-Seite-280-1200-300x173.jpg 300w, https:\/\/berliner-dampfer.de\/wp-content\/uploads\/2024\/12\/1982-JUPITER-Groggert-1988-Seite-280-1200-1024x591.jpg 1024w, https:\/\/berliner-dampfer.de\/wp-content\/uploads\/2024\/12\/1982-JUPITER-Groggert-1988-Seite-280-1200-768x444.jpg 768w\" sizes=\"auto, (max-width: 1200px) 100vw, 1200px\" \/><\/p>\n<p>&nbsp;<\/p>\n<p><img loading=\"lazy\" decoding=\"async\" class=\"alignnone size-full wp-image-10023\" src=\"https:\/\/berliner-dampfer.de\/wp-content\/uploads\/2024\/12\/1983-ca-JUPITER-Flagschiff-Pospekt-klein.jpg\" alt=\"\" width=\"1200\" height=\"874\" srcset=\"https:\/\/berliner-dampfer.de\/wp-content\/uploads\/2024\/12\/1983-ca-JUPITER-Flagschiff-Pospekt-klein.jpg 1200w, https:\/\/berliner-dampfer.de\/wp-content\/uploads\/2024\/12\/1983-ca-JUPITER-Flagschiff-Pospekt-klein-300x219.jpg 300w, https:\/\/berliner-dampfer.de\/wp-content\/uploads\/2024\/12\/1983-ca-JUPITER-Flagschiff-Pospekt-klein-1024x746.jpg 1024w, https:\/\/berliner-dampfer.de\/wp-content\/uploads\/2024\/12\/1983-ca-JUPITER-Flagschiff-Pospekt-klein-768x559.jpg 768w\" sizes=\"auto, (max-width: 1200px) 100vw, 1200px\" \/><\/p>\n<p>&nbsp;<\/p>\n<p>&nbsp;<\/p>\n<p>&nbsp;<\/p>\n<p><span style=\"text-decoration: underline;\"><span style=\"font-family: arial, helvetica, sans-serif; font-size: 12pt;\">Zuletzt bearbeitet 25.12.2024<\/span><\/span><\/p>\n","protected":false},"excerpt":{"rendered":"<p>1957 Jupiter&nbsp;&nbsp; Binnenschifferforum: Jupiter&nbsp; Wikipedia: Jupiter (Schiff, 1957)&nbsp; &nbsp; Groggert 1988, Seite 279: Der zweite Neubau der Stern und Kreisschiffahrt im Jahre 1957, den die&hellip;<\/p>\n","protected":false},"author":1,"featured_media":0,"parent":0,"menu_order":0,"comment_status":"closed","ping_status":"closed","template":"","meta":{"ngg_post_thumbnail":0,"iawp_total_views":12,"footnotes":""},"class_list":["post-9680","page","type-page","status-publish","hentry"],"_links":{"self":[{"href":"https:\/\/berliner-dampfer.de\/index.php?rest_route=\/wp\/v2\/pages\/9680","targetHints":{"allow":["GET"]}}],"collection":[{"href":"https:\/\/berliner-dampfer.de\/index.php?rest_route=\/wp\/v2\/pages"}],"about":[{"href":"https:\/\/berliner-dampfer.de\/index.php?rest_route=\/wp\/v2\/types\/page"}],"author":[{"embeddable":true,"href":"https:\/\/berliner-dampfer.de\/index.php?rest_route=\/wp\/v2\/users\/1"}],"replies":[{"embeddable":true,"href":"https:\/\/berliner-dampfer.de\/index.php?rest_route=%2Fwp%2Fv2%2Fcomments&post=9680"}],"version-history":[{"count":24,"href":"https:\/\/berliner-dampfer.de\/index.php?rest_route=\/wp\/v2\/pages\/9680\/revisions"}],"predecessor-version":[{"id":10025,"href":"https:\/\/berliner-dampfer.de\/index.php?rest_route=\/wp\/v2\/pages\/9680\/revisions\/10025"}],"wp:attachment":[{"href":"https:\/\/berliner-dampfer.de\/index.php?rest_route=%2Fwp%2Fv2%2Fmedia&parent=9680"}],"curies":[{"name":"wp","href":"https:\/\/api.w.org\/{rel}","templated":true}]}}