{"id":9745,"date":"2024-12-21T20:54:26","date_gmt":"2024-12-21T19:54:26","guid":{"rendered":"https:\/\/berliner-dampfer.de\/?page_id=9745"},"modified":"2024-12-21T20:54:26","modified_gmt":"2024-12-21T19:54:26","slug":"spielschiff-carola-schlepper","status":"publish","type":"page","link":"https:\/\/berliner-dampfer.de\/?page_id=9745","title":{"rendered":"Spielschiff: Carola (Schlepper)"},"content":{"rendered":"<table style=\"border-collapse: collapse; width: 100%;\">\n<tbody>\n<tr>\n<td style=\"width: 100%; background-color: #ffff00;\">\n<p style=\"text-align: justify;\"><span style=\"font-family: arial, helvetica, sans-serif; font-size: 12pt;\">Schlepper <b>CAROLA<\/b> als Spielschiff im Sommer 1972.<\/span><\/p>\n<p style=\"text-align: justify;\"><span style=\"font-family: arial, helvetica, sans-serif; font-size: 12pt;\">Die \u201cCAROLA\u201d befindet sich hier im <a href=\"https:\/\/de.wikipedia.org\/wiki\/Berlin-M%C3%A4rkisches_Viertel\" target=\"_blank\" rel=\"noopener\">M\u00e4rkischen Viertel<\/a>, wie mir eine Besucherin meiner Webseite, welche als Kind selbst auf \u201cCarola\u201d gespielt hat, freundlicherweise mitteilen konnte.<\/span><\/p>\n<p style=\"text-align: justify;\"><span style=\"font-family: arial, helvetica, sans-serif; font-size: 12pt;\">Ihr Standort war ein Spielplatz gegen\u00fcber dem Grundst\u00fcck <a href=\"file:\/\/\/C:\/Users\/Barbara\/Desktop\/Berliner%20Dampfer%20Webseite\/html\/www.google.com\/maps\/place\/Senftenberger+Ring+34B,+13435+Berlin\/@52.6032832,13.3623112,17z\/data=!4m13!1m7!3m6!1s0x47a85311f1781f63:0x1585486401d1d2b!2sSenftenberger+Ring+34B,+13435+Berlin!3b1!8m2!3d52.603229!4d13.3628403!3m4!1s0x47a85311f1781f63:0x1585486\" target=\"_blank\" rel=\"noopener\">13435 Berlin, Senftenberger Ring 34B<\/a>. Nach Google Earth bis ca. 2012\/13. Ab dem 04.09.2014 ist sie jedenfalls auf den Luftbildern nicht mehr zu sehen.<\/span><\/p>\n<p style=\"text-align: justify;\"><span style=\"font-family: arial, helvetica, sans-serif; font-size: 12pt;\">Auf einer <a href=\"https:\/\/www.ihrspielplatz.de\/Berlin\/1044-Allgemeiner-Spielplatz-Senftenberger-Ring-34B.aspx\" target=\"_blank\" rel=\"noopener\">Webseite \u00fcber Spielpl\u00e4tze<\/a> ist die \u201cCAROLA\u201d (mittlerweile voller Graffiti und ohne Namen) noch bis zum 15.09.2013 angegeben, sogar mit mehreren Fotos. Wer etwas sucht, findet im Internet auch noch weitere Bilder.<\/span><\/p>\n<p style=\"text-align: justify;\"><span style=\"font-family: arial, helvetica, sans-serif; font-size: 12pt;\">Das Schiff befand sich demnach f\u00fcr einen ungew\u00f6hnlich langen Zeitraum dort. Also mindestens von 1972 bis 2013, mithin <b>\u00fcber 40 Jahre!<\/b><\/span><\/p>\n<\/td>\n<\/tr>\n<\/tbody>\n<\/table>\n<p>&nbsp;<\/p>\n<p>&nbsp;<\/p>\n<p>&nbsp;<\/p>\n<p><img loading=\"lazy\" decoding=\"async\" class=\"alignnone size-full wp-image-9746\" src=\"https:\/\/berliner-dampfer.de\/wp-content\/uploads\/2024\/12\/1972-08-04-Schlepper-Carola-Bug-vmtl-Berliner-Trabantenstadt-klein.jpg\" alt=\"\" width=\"1200\" height=\"675\" srcset=\"https:\/\/berliner-dampfer.de\/wp-content\/uploads\/2024\/12\/1972-08-04-Schlepper-Carola-Bug-vmtl-Berliner-Trabantenstadt-klein.jpg 1200w, https:\/\/berliner-dampfer.de\/wp-content\/uploads\/2024\/12\/1972-08-04-Schlepper-Carola-Bug-vmtl-Berliner-Trabantenstadt-klein-300x169.jpg 300w, https:\/\/berliner-dampfer.de\/wp-content\/uploads\/2024\/12\/1972-08-04-Schlepper-Carola-Bug-vmtl-Berliner-Trabantenstadt-klein-1024x576.jpg 1024w, https:\/\/berliner-dampfer.de\/wp-content\/uploads\/2024\/12\/1972-08-04-Schlepper-Carola-Bug-vmtl-Berliner-Trabantenstadt-klein-768x432.jpg 768w\" sizes=\"auto, (max-width: 1200px) 100vw, 1200px\" \/><\/p>\n<p>&nbsp;<\/p>\n<p><img loading=\"lazy\" decoding=\"async\" class=\"alignnone size-full wp-image-9747\" src=\"https:\/\/berliner-dampfer.de\/wp-content\/uploads\/2024\/12\/1972-08-04-Schlepper-Carola-Heck-vmtl-Berliner-Trabantenstadt-klein.jpg\" alt=\"\" width=\"1200\" height=\"675\" srcset=\"https:\/\/berliner-dampfer.de\/wp-content\/uploads\/2024\/12\/1972-08-04-Schlepper-Carola-Heck-vmtl-Berliner-Trabantenstadt-klein.jpg 1200w, https:\/\/berliner-dampfer.de\/wp-content\/uploads\/2024\/12\/1972-08-04-Schlepper-Carola-Heck-vmtl-Berliner-Trabantenstadt-klein-300x169.jpg 300w, https:\/\/berliner-dampfer.de\/wp-content\/uploads\/2024\/12\/1972-08-04-Schlepper-Carola-Heck-vmtl-Berliner-Trabantenstadt-klein-1024x576.jpg 1024w, https:\/\/berliner-dampfer.de\/wp-content\/uploads\/2024\/12\/1972-08-04-Schlepper-Carola-Heck-vmtl-Berliner-Trabantenstadt-klein-768x432.jpg 768w\" sizes=\"auto, (max-width: 1200px) 100vw, 1200px\" \/><\/p>\n<p>&nbsp;<\/p>\n<p><img loading=\"lazy\" decoding=\"async\" class=\"alignnone size-full wp-image-9748\" src=\"https:\/\/berliner-dampfer.de\/wp-content\/uploads\/2024\/12\/1972-08-04-Schlepper-Carola-Heck-vmtl-Berliner-Trabantenstadt-02a-klein.jpg\" alt=\"\" width=\"1200\" height=\"1021\" srcset=\"https:\/\/berliner-dampfer.de\/wp-content\/uploads\/2024\/12\/1972-08-04-Schlepper-Carola-Heck-vmtl-Berliner-Trabantenstadt-02a-klein.jpg 1200w, https:\/\/berliner-dampfer.de\/wp-content\/uploads\/2024\/12\/1972-08-04-Schlepper-Carola-Heck-vmtl-Berliner-Trabantenstadt-02a-klein-300x255.jpg 300w, https:\/\/berliner-dampfer.de\/wp-content\/uploads\/2024\/12\/1972-08-04-Schlepper-Carola-Heck-vmtl-Berliner-Trabantenstadt-02a-klein-1024x871.jpg 1024w, https:\/\/berliner-dampfer.de\/wp-content\/uploads\/2024\/12\/1972-08-04-Schlepper-Carola-Heck-vmtl-Berliner-Trabantenstadt-02a-klein-768x653.jpg 768w\" sizes=\"auto, (max-width: 1200px) 100vw, 1200px\" \/><\/p>\n<p>&nbsp;<\/p>\n<p>&nbsp;<\/p>\n<p>&nbsp;<\/p>\n<p><img loading=\"lazy\" decoding=\"async\" class=\"alignnone size-full wp-image-9749\" src=\"https:\/\/berliner-dampfer.de\/wp-content\/uploads\/2024\/12\/2012-07-25-Spielschiff-CAROLA-klein.jpg\" alt=\"\" width=\"1200\" height=\"671\" srcset=\"https:\/\/berliner-dampfer.de\/wp-content\/uploads\/2024\/12\/2012-07-25-Spielschiff-CAROLA-klein.jpg 1200w, https:\/\/berliner-dampfer.de\/wp-content\/uploads\/2024\/12\/2012-07-25-Spielschiff-CAROLA-klein-300x168.jpg 300w, https:\/\/berliner-dampfer.de\/wp-content\/uploads\/2024\/12\/2012-07-25-Spielschiff-CAROLA-klein-1024x573.jpg 1024w, https:\/\/berliner-dampfer.de\/wp-content\/uploads\/2024\/12\/2012-07-25-Spielschiff-CAROLA-klein-768x429.jpg 768w\" sizes=\"auto, (max-width: 1200px) 100vw, 1200px\" \/><\/p>\n<p><img loading=\"lazy\" decoding=\"async\" class=\"alignnone size-full wp-image-9750\" src=\"https:\/\/berliner-dampfer.de\/wp-content\/uploads\/2024\/12\/2014-09-04-Spielschiff-CAROLA-ist-weg-klein.jpg\" alt=\"\" width=\"1200\" height=\"669\" srcset=\"https:\/\/berliner-dampfer.de\/wp-content\/uploads\/2024\/12\/2014-09-04-Spielschiff-CAROLA-ist-weg-klein.jpg 1200w, https:\/\/berliner-dampfer.de\/wp-content\/uploads\/2024\/12\/2014-09-04-Spielschiff-CAROLA-ist-weg-klein-300x167.jpg 300w, https:\/\/berliner-dampfer.de\/wp-content\/uploads\/2024\/12\/2014-09-04-Spielschiff-CAROLA-ist-weg-klein-1024x571.jpg 1024w, https:\/\/berliner-dampfer.de\/wp-content\/uploads\/2024\/12\/2014-09-04-Spielschiff-CAROLA-ist-weg-klein-768x428.jpg 768w\" sizes=\"auto, (max-width: 1200px) 100vw, 1200px\" \/><\/p>\n<p>&nbsp;<\/p>\n<p>&nbsp;<\/p>\n<p>&nbsp;<\/p>\n<p><span style=\"text-decoration: underline;\"><span style=\"font-family: arial, helvetica, sans-serif; font-size: 12pt;\">Zuletzt bearbeitet 21.12.2024<\/span><\/span><\/p>\n","protected":false},"excerpt":{"rendered":"<p>Schlepper CAROLA als Spielschiff im Sommer 1972. Die \u201cCAROLA\u201d befindet sich hier im M\u00e4rkischen Viertel, wie mir eine Besucherin meiner Webseite, welche als Kind selbst&hellip;<\/p>\n","protected":false},"author":1,"featured_media":0,"parent":0,"menu_order":0,"comment_status":"closed","ping_status":"closed","template":"","meta":{"ngg_post_thumbnail":0,"iawp_total_views":34,"footnotes":""},"class_list":["post-9745","page","type-page","status-publish","hentry"],"_links":{"self":[{"href":"https:\/\/berliner-dampfer.de\/index.php?rest_route=\/wp\/v2\/pages\/9745","targetHints":{"allow":["GET"]}}],"collection":[{"href":"https:\/\/berliner-dampfer.de\/index.php?rest_route=\/wp\/v2\/pages"}],"about":[{"href":"https:\/\/berliner-dampfer.de\/index.php?rest_route=\/wp\/v2\/types\/page"}],"author":[{"embeddable":true,"href":"https:\/\/berliner-dampfer.de\/index.php?rest_route=\/wp\/v2\/users\/1"}],"replies":[{"embeddable":true,"href":"https:\/\/berliner-dampfer.de\/index.php?rest_route=%2Fwp%2Fv2%2Fcomments&post=9745"}],"version-history":[{"count":1,"href":"https:\/\/berliner-dampfer.de\/index.php?rest_route=\/wp\/v2\/pages\/9745\/revisions"}],"predecessor-version":[{"id":9751,"href":"https:\/\/berliner-dampfer.de\/index.php?rest_route=\/wp\/v2\/pages\/9745\/revisions\/9751"}],"wp:attachment":[{"href":"https:\/\/berliner-dampfer.de\/index.php?rest_route=%2Fwp%2Fv2%2Fmedia&parent=9745"}],"curies":[{"name":"wp","href":"https:\/\/api.w.org\/{rel}","templated":true}]}}